{"id":9907,"date":"2015-12-15T15:29:41","date_gmt":"2015-12-15T14:29:41","guid":{"rendered":"http:\/\/denkmalpflege1.e251.tuwien.ac.at\/?page_id=9907"},"modified":"2018-06-05T11:11:55","modified_gmt":"2018-06-05T09:11:55","slug":"matera-2","status":"publish","type":"page","link":"https:\/\/denkmalpflege.tuwien.ac.at\/index.php\/matera-2\/","title":{"rendered":"matera"},"content":{"rendered":"<div class=\"mitarbeiter\">\n<div class=\"yellow\">Gro\u00dfes Entwerfen \u201cDenkmalpflege und Entwurf: Strategien der Erhaltung\u201d <\/div>\n<div class='grey'>\n<img decoding=\"async\" src=\"http:\/\/denkmalpflege1.e251.tuwien.ac.at\/wp-content\/uploads\/2015\/12\/Matera.gif\" alt=\"matera\" title=\"matera\" width=\"130\" height=\"113\" class=\"alignnone size-full wp-image-165\" \/><\/a><\/p>\n<p><span><\/span><br \/>\n&#8222;Lernen von Matera&#8220;<br \/>\n<span><\/span><br \/>\nSommersemester 2013<br \/>\nVortragende: Nott Caviezel, Agnes Liebsch<\/p>\n<div class='breakline'><\/div>\n<\/div>\n<div class='breakline'><\/div>\n<p><span><\/span><\/p>\n<p><span><\/span><br \/>\n<span><\/span><\/p>\n<div class='titel'>Ziele der Lehrveranstaltung<\/div>\n<p>Das Entwerfen erfolgte in enger Kooperation mit dem Fachbereich St\u00e4dtebau.<br \/>\nEs wurde an beiden Abteilungen mit unterschiedlichen inhaltlichen Schwerpunkten angeboten.<\/p>\n<div class='titel'>Inhalt der Lehrveranstaltung<\/div>\n<p>Matera liegt im S\u00fcden Italiens in der Provinz Basilikata. Das Entwerfen besch\u00e4ftigte sich mit den Bereich der \u201eSassi\u201c \u2013 einem Stadtteil der teils h\u00f6hlenartig in den Felsen gebaut ist.<br \/>\nAufgrund dieser besonderen Eigenschaft wurde Matera 1993 zum UNESCO Weltkulturerbe erkl\u00e4rt.<\/p>\n<p><span><\/span><br \/>\n<span><\/span><\/p>\n<div class='titel'>Projekte<\/div>\n<p><span><\/span><br \/>\n<a href='http:\/\/denkmalpflege1.e251.tuwien.ac.at\/wp-content\/uploads\/2015\/12\/Allgemeines1.pdf'> Allgemeines<\/a><\/p>\n<p><a href='http:\/\/denkmalpflege1.e251.tuwien.ac.at\/wp-content\/uploads\/2015\/12\/Anna-Maria-Bauer-Kelly-Dehais-Roland-Patocka.pdf'>Anna-Maria Bauer, Kelly Dehais &#038; Roland Patocka<\/a><br \/>\n<a href='http:\/\/denkmalpflege1.e251.tuwien.ac.at\/wp-content\/uploads\/2015\/12\/Johanna-Albrecht-Katharina-Keimelmayr-Anna-Tomschik-Birgit-Wolf.pdf'>Johanna Albrecht, Katharina Keimelmayr, Anna Tomschik &#038; Birgit Wolf<\/a><br \/>\n<a href='http:\/\/denkmalpflege1.e251.tuwien.ac.at\/wp-content\/uploads\/2015\/12\/Maximilian-Keil-Thomas-Petters-Christian-Staudinger.pdf'> Maximilian Keil, Thomas Petters &#038; Christian Staudinger<\/a><br \/>\n<a href='http:\/\/denkmalpflege1.e251.tuwien.ac.at\/wp-content\/uploads\/2015\/12\/Michael-Brandstetter-Doris-grandits-Dawit-Kassaw.pdf'>Michael Brandstetter, Doris Grandits &#038; Dawit Kassaw<\/a><br \/>\n<a href='http:\/\/denkmalpflege1.e251.tuwien.ac.at\/wp-content\/uploads\/2015\/12\/Peter-F\u00fcrschu\u00df-Andreas-Metzler-Olivia-Strolz.pdf'>Peter F\u00fcrschu\u00df, Andreas Metzler &#038; Olivia Strolz<\/a><br \/>\n<span><\/span><\/p>\n<\/div>\n","protected":false},"excerpt":{"rendered":"<p>Gro\u00dfes Entwerfen \u201cDenkmalpflege und Entwurf: Strategien der Erhaltung\u201d &#8222;Lernen von Matera&#8220; Sommersemester 2013 Vortragende: Nott Caviezel, Agnes Liebsch Ziele der Lehrveranstaltung Das Entwerfen erfolgte in enger Kooperation mit dem Fachbereich St\u00e4dtebau. Es wurde an beiden Abteilungen mit unterschiedlichen inhaltlichen Schwerpunkten angeboten. Inhalt der Lehrveranstaltung Matera liegt im S\u00fcden Italiens in der Provinz Basilikata. Das Entwerfen besch\u00e4ftigte sich mit den Bereich der \u201eSassi\u201c \u2013 einem Stadtteil der teils h\u00f6hlenartig in den<\/p>\n<div class=\"belowpost\"><a class=\"btnmore icon-arrow\" href=\"https:\/\/denkmalpflege.tuwien.ac.at\/index.php\/matera-2\/\"><span>Read More<\/span><\/a><\/div>\n","protected":false},"author":1,"featured_media":0,"parent":0,"menu_order":0,"comment_status":"open","ping_status":"open","template":"","meta":{"footnotes":""},"class_list":["post-9907","page","type-page","status-publish","hentry"],"yoast_head":"<!-- This site is optimized with the Yoast SEO plugin v26.0 - https:\/\/yoast.com\/wordpress\/plugins\/seo\/ -->\n<title>matera - Denkmalpflege und Bauen im Bestand<\/title>\n<meta name=\"robots\" content=\"index, follow, max-snippet:-1, max-image-preview:large, max-video-preview:-1\" \/>\n<link rel=\"canonical\" href=\"https:\/\/denkmalpflege.tuwien.ac.at\/index.php\/matera-2\/\" \/>\n<meta property=\"og:locale\" content=\"de_DE\" \/>\n<meta property=\"og:type\" content=\"article\" \/>\n<meta property=\"og:title\" content=\"matera - Denkmalpflege und Bauen im Bestand\" \/>\n<meta property=\"og:description\" content=\"Gro\u00dfes Entwerfen \u201cDenkmalpflege und Entwurf: Strategien der Erhaltung\u201d &#8222;Lernen von Matera&#8220; Sommersemester 2013 Vortragende: Nott Caviezel, Agnes Liebsch Ziele der Lehrveranstaltung Das Entwerfen erfolgte in enger Kooperation mit dem Fachbereich St\u00e4dtebau. Es wurde an beiden Abteilungen mit unterschiedlichen inhaltlichen Schwerpunkten angeboten. Inhalt der Lehrveranstaltung Matera liegt im S\u00fcden Italiens in der Provinz Basilikata. Das Entwerfen besch\u00e4ftigte sich mit den Bereich der \u201eSassi\u201c \u2013 einem Stadtteil der teils h\u00f6hlenartig in denRead More\" \/>\n<meta property=\"og:url\" content=\"https:\/\/denkmalpflege.tuwien.ac.at\/index.php\/matera-2\/\" \/>\n<meta property=\"og:site_name\" content=\"Denkmalpflege und Bauen im Bestand\" \/>\n<meta property=\"article:modified_time\" content=\"2018-06-05T09:11:55+00:00\" \/>\n<meta name=\"twitter:card\" content=\"summary_large_image\" \/>\n<meta name=\"twitter:label1\" content=\"Gesch\u00e4tzte Lesezeit\" \/>\n\t<meta name=\"twitter:data1\" content=\"1\u00a0Minute\" \/>\n<script type=\"application\/ld+json\" class=\"yoast-schema-graph\">{\"@context\":\"https:\/\/schema.org\",\"@graph\":[{\"@type\":\"WebPage\",\"@id\":\"https:\/\/denkmalpflege.tuwien.ac.at\/index.php\/matera-2\/\",\"url\":\"https:\/\/denkmalpflege.tuwien.ac.at\/index.php\/matera-2\/\",\"name\":\"matera - Denkmalpflege und Bauen im Bestand\",\"isPartOf\":{\"@id\":\"https:\/\/denkmalpflege.tuwien.ac.at\/#website\"},\"primaryImageOfPage\":{\"@id\":\"https:\/\/denkmalpflege.tuwien.ac.at\/index.php\/matera-2\/#primaryimage\"},\"image\":{\"@id\":\"https:\/\/denkmalpflege.tuwien.ac.at\/index.php\/matera-2\/#primaryimage\"},\"thumbnailUrl\":\"http:\/\/denkmalpflege1.e251.tuwien.ac.at\/wp-content\/uploads\/2015\/12\/Matera.gif\",\"datePublished\":\"2015-12-15T14:29:41+00:00\",\"dateModified\":\"2018-06-05T09:11:55+00:00\",\"breadcrumb\":{\"@id\":\"https:\/\/denkmalpflege.tuwien.ac.at\/index.php\/matera-2\/#breadcrumb\"},\"inLanguage\":\"de\",\"potentialAction\":[{\"@type\":\"ReadAction\",\"target\":[\"https:\/\/denkmalpflege.tuwien.ac.at\/index.php\/matera-2\/\"]}]},{\"@type\":\"ImageObject\",\"inLanguage\":\"de\",\"@id\":\"https:\/\/denkmalpflege.tuwien.ac.at\/index.php\/matera-2\/#primaryimage\",\"url\":\"http:\/\/denkmalpflege1.e251.tuwien.ac.at\/wp-content\/uploads\/2015\/12\/Matera.gif\",\"contentUrl\":\"http:\/\/denkmalpflege1.e251.tuwien.ac.at\/wp-content\/uploads\/2015\/12\/Matera.gif\"},{\"@type\":\"BreadcrumbList\",\"@id\":\"https:\/\/denkmalpflege.tuwien.ac.at\/index.php\/matera-2\/#breadcrumb\",\"itemListElement\":[{\"@type\":\"ListItem\",\"position\":1,\"name\":\"Startseite\",\"item\":\"https:\/\/denkmalpflege.tuwien.ac.at\/\"},{\"@type\":\"ListItem\",\"position\":2,\"name\":\"matera\"}]},{\"@type\":\"WebSite\",\"@id\":\"https:\/\/denkmalpflege.tuwien.ac.at\/#website\",\"url\":\"https:\/\/denkmalpflege.tuwien.ac.at\/\",\"name\":\"Denkmalpflege und Bauen im Bestand\",\"description\":\"Denkmalpflege TU Wien\",\"publisher\":{\"@id\":\"https:\/\/denkmalpflege.tuwien.ac.at\/#organization\"},\"potentialAction\":[{\"@type\":\"SearchAction\",\"target\":{\"@type\":\"EntryPoint\",\"urlTemplate\":\"https:\/\/denkmalpflege.tuwien.ac.at\/?s={search_term_string}\"},\"query-input\":{\"@type\":\"PropertyValueSpecification\",\"valueRequired\":true,\"valueName\":\"search_term_string\"}}],\"inLanguage\":\"de\"},{\"@type\":\"Organization\",\"@id\":\"https:\/\/denkmalpflege.tuwien.ac.at\/#organization\",\"name\":\"TU Wien Denkmalpflege und Bauen im Bestand\",\"url\":\"https:\/\/denkmalpflege.tuwien.ac.at\/\",\"logo\":{\"@type\":\"ImageObject\",\"inLanguage\":\"de\",\"@id\":\"https:\/\/denkmalpflege.tuwien.ac.at\/#\/schema\/logo\/image\/\",\"url\":\"https:\/\/denkmalpflege.tuwien.ac.at\/wp-content\/uploads\/2019\/10\/Logo1.png\",\"contentUrl\":\"https:\/\/denkmalpflege.tuwien.ac.at\/wp-content\/uploads\/2019\/10\/Logo1.png\",\"width\":222,\"height\":79,\"caption\":\"TU Wien Denkmalpflege und Bauen im Bestand\"},\"image\":{\"@id\":\"https:\/\/denkmalpflege.tuwien.ac.at\/#\/schema\/logo\/image\/\"}}]}<\/script>\n<!-- \/ Yoast SEO plugin. -->","yoast_head_json":{"title":"matera - Denkmalpflege und Bauen im Bestand","robots":{"index":"index","follow":"follow","max-snippet":"max-snippet:-1","max-image-preview":"max-image-preview:large","max-video-preview":"max-video-preview:-1"},"canonical":"https:\/\/denkmalpflege.tuwien.ac.at\/index.php\/matera-2\/","og_locale":"de_DE","og_type":"article","og_title":"matera - Denkmalpflege und Bauen im Bestand","og_description":"Gro\u00dfes Entwerfen \u201cDenkmalpflege und Entwurf: Strategien der Erhaltung\u201d &#8222;Lernen von Matera&#8220; Sommersemester 2013 Vortragende: Nott Caviezel, Agnes Liebsch Ziele der Lehrveranstaltung Das Entwerfen erfolgte in enger Kooperation mit dem Fachbereich St\u00e4dtebau. Es wurde an beiden Abteilungen mit unterschiedlichen inhaltlichen Schwerpunkten angeboten. Inhalt der Lehrveranstaltung Matera liegt im S\u00fcden Italiens in der Provinz Basilikata. Das Entwerfen besch\u00e4ftigte sich mit den Bereich der \u201eSassi\u201c \u2013 einem Stadtteil der teils h\u00f6hlenartig in denRead More","og_url":"https:\/\/denkmalpflege.tuwien.ac.at\/index.php\/matera-2\/","og_site_name":"Denkmalpflege und Bauen im Bestand","article_modified_time":"2018-06-05T09:11:55+00:00","twitter_card":"summary_large_image","twitter_misc":{"Gesch\u00e4tzte Lesezeit":"1\u00a0Minute"},"schema":{"@context":"https:\/\/schema.org","@graph":[{"@type":"WebPage","@id":"https:\/\/denkmalpflege.tuwien.ac.at\/index.php\/matera-2\/","url":"https:\/\/denkmalpflege.tuwien.ac.at\/index.php\/matera-2\/","name":"matera - Denkmalpflege und Bauen im Bestand","isPartOf":{"@id":"https:\/\/denkmalpflege.tuwien.ac.at\/#website"},"primaryImageOfPage":{"@id":"https:\/\/denkmalpflege.tuwien.ac.at\/index.php\/matera-2\/#primaryimage"},"image":{"@id":"https:\/\/denkmalpflege.tuwien.ac.at\/index.php\/matera-2\/#primaryimage"},"thumbnailUrl":"http:\/\/denkmalpflege1.e251.tuwien.ac.at\/wp-content\/uploads\/2015\/12\/Matera.gif","datePublished":"2015-12-15T14:29:41+00:00","dateModified":"2018-06-05T09:11:55+00:00","breadcrumb":{"@id":"https:\/\/denkmalpflege.tuwien.ac.at\/index.php\/matera-2\/#breadcrumb"},"inLanguage":"de","potentialAction":[{"@type":"ReadAction","target":["https:\/\/denkmalpflege.tuwien.ac.at\/index.php\/matera-2\/"]}]},{"@type":"ImageObject","inLanguage":"de","@id":"https:\/\/denkmalpflege.tuwien.ac.at\/index.php\/matera-2\/#primaryimage","url":"http:\/\/denkmalpflege1.e251.tuwien.ac.at\/wp-content\/uploads\/2015\/12\/Matera.gif","contentUrl":"http:\/\/denkmalpflege1.e251.tuwien.ac.at\/wp-content\/uploads\/2015\/12\/Matera.gif"},{"@type":"BreadcrumbList","@id":"https:\/\/denkmalpflege.tuwien.ac.at\/index.php\/matera-2\/#breadcrumb","itemListElement":[{"@type":"ListItem","position":1,"name":"Startseite","item":"https:\/\/denkmalpflege.tuwien.ac.at\/"},{"@type":"ListItem","position":2,"name":"matera"}]},{"@type":"WebSite","@id":"https:\/\/denkmalpflege.tuwien.ac.at\/#website","url":"https:\/\/denkmalpflege.tuwien.ac.at\/","name":"Denkmalpflege und Bauen im Bestand","description":"Denkmalpflege TU Wien","publisher":{"@id":"https:\/\/denkmalpflege.tuwien.ac.at\/#organization"},"potentialAction":[{"@type":"SearchAction","target":{"@type":"EntryPoint","urlTemplate":"https:\/\/denkmalpflege.tuwien.ac.at\/?s={search_term_string}"},"query-input":{"@type":"PropertyValueSpecification","valueRequired":true,"valueName":"search_term_string"}}],"inLanguage":"de"},{"@type":"Organization","@id":"https:\/\/denkmalpflege.tuwien.ac.at\/#organization","name":"TU Wien Denkmalpflege und Bauen im Bestand","url":"https:\/\/denkmalpflege.tuwien.ac.at\/","logo":{"@type":"ImageObject","inLanguage":"de","@id":"https:\/\/denkmalpflege.tuwien.ac.at\/#\/schema\/logo\/image\/","url":"https:\/\/denkmalpflege.tuwien.ac.at\/wp-content\/uploads\/2019\/10\/Logo1.png","contentUrl":"https:\/\/denkmalpflege.tuwien.ac.at\/wp-content\/uploads\/2019\/10\/Logo1.png","width":222,"height":79,"caption":"TU Wien Denkmalpflege und Bauen im Bestand"},"image":{"@id":"https:\/\/denkmalpflege.tuwien.ac.at\/#\/schema\/logo\/image\/"}}]}},"_links":{"self":[{"href":"https:\/\/denkmalpflege.tuwien.ac.at\/index.php\/wp-json\/wp\/v2\/pages\/9907","targetHints":{"allow":["GET"]}}],"collection":[{"href":"https:\/\/denkmalpflege.tuwien.ac.at\/index.php\/wp-json\/wp\/v2\/pages"}],"about":[{"href":"https:\/\/denkmalpflege.tuwien.ac.at\/index.php\/wp-json\/wp\/v2\/types\/page"}],"author":[{"embeddable":true,"href":"https:\/\/denkmalpflege.tuwien.ac.at\/index.php\/wp-json\/wp\/v2\/users\/1"}],"replies":[{"embeddable":true,"href":"https:\/\/denkmalpflege.tuwien.ac.at\/index.php\/wp-json\/wp\/v2\/comments?post=9907"}],"version-history":[{"count":37,"href":"https:\/\/denkmalpflege.tuwien.ac.at\/index.php\/wp-json\/wp\/v2\/pages\/9907\/revisions"}],"predecessor-version":[{"id":13686,"href":"https:\/\/denkmalpflege.tuwien.ac.at\/index.php\/wp-json\/wp\/v2\/pages\/9907\/revisions\/13686"}],"wp:attachment":[{"href":"https:\/\/denkmalpflege.tuwien.ac.at\/index.php\/wp-json\/wp\/v2\/media?parent=9907"}],"curies":[{"name":"wp","href":"https:\/\/api.w.org\/{rel}","templated":true}]}}