{"id":9846,"date":"2015-12-15T12:52:23","date_gmt":"2015-12-15T11:52:23","guid":{"rendered":"http:\/\/denkmalpflege1.e251.tuwien.ac.at\/?page_id=9846"},"modified":"2016-05-30T11:48:52","modified_gmt":"2016-05-30T09:48:52","slug":"porto2014","status":"publish","type":"page","link":"https:\/\/denkmalpflege.tuwien.ac.at\/index.php\/porto2014\/","title":{"rendered":"Porto2014"},"content":{"rendered":"<div class=\"mitarbeiter\">\n<div class=\"yellow\">Gro\u00dfes Entwerfen \u201cDenkmalpflege und Entwurf: Strategien der Erhaltung\u201d<\/div>\n<div class='grey'>\n<img decoding=\"async\" src=\"http:\/\/denkmalpflege1.e251.tuwien.ac.at\/wp-content\/uploads\/2015\/12\/porto.gif\" alt=\"Porto2013\" title=\"Porto2013\" width=\"130\" height=\"113\" class=\"alignnone size-full wp-image-165\" \/><\/a><br \/>\n<span><\/span><br \/>\nPorto &#8211; Convento da Madre de Deus de Monchique<br \/>\n<span><\/span><\/p>\n<p>Sommersemester 2014<br \/>\nVortragende: Nott Caviezel, Agnes Liebsch, Anne Wermeille Mendonca<\/p>\n<div class='breakline'><\/div>\n<\/div>\n<div class='breakline'><\/div>\n<p><span><\/span><\/p>\n<p><span><\/span><br \/>\n<span><\/span><\/p>\n<div class='titel'>Ziele der Lehrveranstaltung<\/div>\n<p>Jede Entwurfsarbeit am denkmalgesch\u00fctzten Objekt beansprucht spezifische Kenntnisse und erfordert dem Bestand angemessene Strategien.  Ein bauhistorisch interessantes Objekt in Porto soll eine neue Nutzung erhalten: das Convento da Madre de Deus de Monchique.  <\/p>\n<p>Das Kloster wurde seit dem 15 Jahrhundert mehrfach aus- und umgebaut, Mitte des 19. Jahrhunderts zogen die letzten Nonnen aus dem Kloster aus, seitdem finden verschiedene Nutzungen darin statt, Teile der Anlage stehen zur Zeit leer.  F\u00fcr die historischen R\u00e4ume ist eine ad\u00e4quate Nutzung gesucht. Wo n\u00f6tig, sollen denkmalpflegerisch vertr\u00e4gliche Ma\u00dfnahmen geplant werden, die den Bestand schonen und dennoch neue Funktionen zulassen. Eine 7-t\u00e4gige Exkursion Anfang April 2014 bot die Gelegenheit, das Objekt und die Stadt Porto zu besichtigen sowie erste Entwurfskonzepte zu entwickeln. Die weitere Ausarbeitung des Entwurfs fandin Wien statt.<\/p>\n<div class='titel'>Inhalt der Lehrveranstaltung<\/div>\n<p>Die \u00dcbung bot den Studierenden die Gelegenheit, sich mit den vielf\u00e4ltigen Erfordernissen zu befassen, denen man beim Erhalten, Restaurieren, Sanieren und Verwalten eines Denkmals gerecht werden muss. Die Aufgabenstellung war realit\u00e4tsnah und bot den Studierenden die M\u00f6glichkeit, ihre analytischen und entwerferischen F\u00e4higkeiten an einer entsprechend realen Problemstellung zu sch\u00e4rfen.<\/p>\n<p><span><\/span><br \/>\n<span><\/span><\/p>\n<div class='titel'>Projekte<\/div>\n<p><span><\/span><br \/>\n<a href='http:\/\/denkmalpflege1.e251.tuwien.ac.at\/wp-content\/uploads\/2015\/12\/Allgemeines.pdf'>Einleitung &#8211; <strong> Allgemeines<\/strong><\/a><br \/>\n<span><\/span><br \/>\n<span><\/span><br \/>\n<a href='http:\/\/denkmalpflege1.e251.tuwien.ac.at\/wp-content\/uploads\/2015\/12\/FischerH\u00f6ckSteinbacher.pdf'> <strong> Bela Vista<\/strong> &#8211; Eva Fischer, Martin H\u00f6ck &#038; Marcel Steinbacher<\/a><br \/>\n<span><\/span><br \/>\n<a href='http:\/\/denkmalpflege1.e251.tuwien.ac.at\/wp-content\/uploads\/2015\/12\/Furbach.pdf'><strong>Casa Espetaculo de Monchique<\/strong> &#8211; Lea Furbach<\/a><br \/>\n<span><\/span><br \/>\n<a href='http:\/\/denkmalpflege1.e251.tuwien.ac.at\/wp-content\/uploads\/2015\/12\/PettersStejskal.pdf'><strong>Centro Gourmet do Convento de Monchique<\/strong> &#8211; Thomas Petters &#038; Veronika Stejskall<\/a><br \/>\n<span><\/span><br \/>\n<a href='http:\/\/denkmalpflege1.e251.tuwien.ac.at\/wp-content\/uploads\/2015\/12\/BartosFriedl.pdf'><strong>Cinema Paradiso<\/strong> &#8211; Anita Bartos &#038; Martin Friedl<\/a><br \/>\n<span><\/span><br \/>\n<a href='http:\/\/denkmalpflege1.e251.tuwien.ac.at\/wp-content\/uploads\/2015\/12\/Hirsch.pdf'><strong>Erleben. Entdecken. Verweilen.<\/strong> &#8211; Elin Hirsch<\/a><br \/>\n<span><\/span><br \/>\n<a href='http:\/\/denkmalpflege1.e251.tuwien.ac.at\/wp-content\/uploads\/2015\/12\/JochumSzabo.pdf'><strong>Informations &#8211; und Weiterbildungszentrum<\/strong> &#8211; Lisa Jochum &#038; Thomas Szabo<\/a><br \/>\n<span><\/span><br \/>\n<a href='http:\/\/denkmalpflege1.e251.tuwien.ac.at\/wp-content\/uploads\/2015\/12\/HofmannKahrPrechtl.pdf'><strong>Music Centre Monchique<\/strong> &#8211; Max Hofmann, Fabian Kahr &#038; Martin Prechtl <\/a><br \/>\n<span><\/span><br \/>\n<a href='http:\/\/denkmalpflege1.e251.tuwien.ac.at\/wp-content\/uploads\/2015\/12\/LutzProbst.pdf'> <strong>Open Art Space &#8211; for local arts &#038; handcrafts<\/strong> &#8211; Katharina Lutz &#038; Claude Probst<\/a><br \/>\n<span><\/span><br \/>\n<a href='http:\/\/denkmalpflege1.e251.tuwien.ac.at\/wp-content\/uploads\/2015\/12\/Lipensky.pdf'><strong>Schwebende Promenade<\/strong> &#8211; Laura Lipensky<\/a><br \/>\n<span><\/span><br \/>\n<a href='http:\/\/denkmalpflege1.e251.tuwien.ac.at\/wp-content\/uploads\/2015\/12\/HuemerJindraMali.pdf'><strong>Vino Academia Oporto<\/strong> &#8211; Elena Mali, Lisa Jindra &#038; Andreas Huemer <\/a>\n<\/div>\n","protected":false},"excerpt":{"rendered":"<p>Gro\u00dfes Entwerfen \u201cDenkmalpflege und Entwurf: Strategien der Erhaltung\u201d Porto &#8211; Convento da Madre de Deus de Monchique Sommersemester 2014 Vortragende: Nott Caviezel, Agnes Liebsch, Anne Wermeille Mendonca Ziele der Lehrveranstaltung Jede Entwurfsarbeit am denkmalgesch\u00fctzten Objekt beansprucht spezifische Kenntnisse und erfordert dem Bestand angemessene Strategien. Ein bauhistorisch interessantes Objekt in Porto soll eine neue Nutzung erhalten: das Convento da Madre de Deus de Monchique. Das Kloster wurde seit dem 15 Jahrhundert<\/p>\n<div class=\"belowpost\"><a class=\"btnmore icon-arrow\" href=\"https:\/\/denkmalpflege.tuwien.ac.at\/index.php\/porto2014\/\"><span>Read More<\/span><\/a><\/div>\n","protected":false},"author":1,"featured_media":0,"parent":0,"menu_order":0,"comment_status":"open","ping_status":"open","template":"","meta":{"footnotes":""},"class_list":["post-9846","page","type-page","status-publish","hentry"],"yoast_head":"<!-- This site is optimized with the Yoast SEO plugin v26.0 - https:\/\/yoast.com\/wordpress\/plugins\/seo\/ -->\n<title>Porto2014 - Denkmalpflege und Bauen im Bestand<\/title>\n<meta name=\"robots\" content=\"index, follow, max-snippet:-1, max-image-preview:large, max-video-preview:-1\" \/>\n<link rel=\"canonical\" href=\"https:\/\/denkmalpflege.tuwien.ac.at\/index.php\/porto2014\/\" \/>\n<meta property=\"og:locale\" content=\"de_DE\" \/>\n<meta property=\"og:type\" content=\"article\" \/>\n<meta property=\"og:title\" content=\"Porto2014 - Denkmalpflege und Bauen im Bestand\" \/>\n<meta property=\"og:description\" content=\"Gro\u00dfes Entwerfen \u201cDenkmalpflege und Entwurf: Strategien der Erhaltung\u201d Porto &#8211; Convento da Madre de Deus de Monchique Sommersemester 2014 Vortragende: Nott Caviezel, Agnes Liebsch, Anne Wermeille Mendonca Ziele der Lehrveranstaltung Jede Entwurfsarbeit am denkmalgesch\u00fctzten Objekt beansprucht spezifische Kenntnisse und erfordert dem Bestand angemessene Strategien. Ein bauhistorisch interessantes Objekt in Porto soll eine neue Nutzung erhalten: das Convento da Madre de Deus de Monchique. Das Kloster wurde seit dem 15 JahrhundertRead More\" \/>\n<meta property=\"og:url\" content=\"https:\/\/denkmalpflege.tuwien.ac.at\/index.php\/porto2014\/\" \/>\n<meta property=\"og:site_name\" content=\"Denkmalpflege und Bauen im Bestand\" \/>\n<meta property=\"article:modified_time\" content=\"2016-05-30T09:48:52+00:00\" \/>\n<meta name=\"twitter:card\" content=\"summary_large_image\" \/>\n<meta name=\"twitter:label1\" content=\"Gesch\u00e4tzte Lesezeit\" \/>\n\t<meta name=\"twitter:data1\" content=\"2\u00a0Minuten\" \/>\n<script type=\"application\/ld+json\" class=\"yoast-schema-graph\">{\"@context\":\"https:\/\/schema.org\",\"@graph\":[{\"@type\":\"WebPage\",\"@id\":\"https:\/\/denkmalpflege.tuwien.ac.at\/index.php\/porto2014\/\",\"url\":\"https:\/\/denkmalpflege.tuwien.ac.at\/index.php\/porto2014\/\",\"name\":\"Porto2014 - Denkmalpflege und Bauen im Bestand\",\"isPartOf\":{\"@id\":\"https:\/\/denkmalpflege.tuwien.ac.at\/#website\"},\"primaryImageOfPage\":{\"@id\":\"https:\/\/denkmalpflege.tuwien.ac.at\/index.php\/porto2014\/#primaryimage\"},\"image\":{\"@id\":\"https:\/\/denkmalpflege.tuwien.ac.at\/index.php\/porto2014\/#primaryimage\"},\"thumbnailUrl\":\"http:\/\/denkmalpflege1.e251.tuwien.ac.at\/wp-content\/uploads\/2015\/12\/porto.gif\",\"datePublished\":\"2015-12-15T11:52:23+00:00\",\"dateModified\":\"2016-05-30T09:48:52+00:00\",\"breadcrumb\":{\"@id\":\"https:\/\/denkmalpflege.tuwien.ac.at\/index.php\/porto2014\/#breadcrumb\"},\"inLanguage\":\"de\",\"potentialAction\":[{\"@type\":\"ReadAction\",\"target\":[\"https:\/\/denkmalpflege.tuwien.ac.at\/index.php\/porto2014\/\"]}]},{\"@type\":\"ImageObject\",\"inLanguage\":\"de\",\"@id\":\"https:\/\/denkmalpflege.tuwien.ac.at\/index.php\/porto2014\/#primaryimage\",\"url\":\"http:\/\/denkmalpflege1.e251.tuwien.ac.at\/wp-content\/uploads\/2015\/12\/porto.gif\",\"contentUrl\":\"http:\/\/denkmalpflege1.e251.tuwien.ac.at\/wp-content\/uploads\/2015\/12\/porto.gif\"},{\"@type\":\"BreadcrumbList\",\"@id\":\"https:\/\/denkmalpflege.tuwien.ac.at\/index.php\/porto2014\/#breadcrumb\",\"itemListElement\":[{\"@type\":\"ListItem\",\"position\":1,\"name\":\"Startseite\",\"item\":\"https:\/\/denkmalpflege.tuwien.ac.at\/\"},{\"@type\":\"ListItem\",\"position\":2,\"name\":\"Porto2014\"}]},{\"@type\":\"WebSite\",\"@id\":\"https:\/\/denkmalpflege.tuwien.ac.at\/#website\",\"url\":\"https:\/\/denkmalpflege.tuwien.ac.at\/\",\"name\":\"Denkmalpflege und Bauen im Bestand\",\"description\":\"Denkmalpflege TU Wien\",\"publisher\":{\"@id\":\"https:\/\/denkmalpflege.tuwien.ac.at\/#organization\"},\"potentialAction\":[{\"@type\":\"SearchAction\",\"target\":{\"@type\":\"EntryPoint\",\"urlTemplate\":\"https:\/\/denkmalpflege.tuwien.ac.at\/?s={search_term_string}\"},\"query-input\":{\"@type\":\"PropertyValueSpecification\",\"valueRequired\":true,\"valueName\":\"search_term_string\"}}],\"inLanguage\":\"de\"},{\"@type\":\"Organization\",\"@id\":\"https:\/\/denkmalpflege.tuwien.ac.at\/#organization\",\"name\":\"TU Wien Denkmalpflege und Bauen im Bestand\",\"url\":\"https:\/\/denkmalpflege.tuwien.ac.at\/\",\"logo\":{\"@type\":\"ImageObject\",\"inLanguage\":\"de\",\"@id\":\"https:\/\/denkmalpflege.tuwien.ac.at\/#\/schema\/logo\/image\/\",\"url\":\"https:\/\/denkmalpflege.tuwien.ac.at\/wp-content\/uploads\/2019\/10\/Logo1.png\",\"contentUrl\":\"https:\/\/denkmalpflege.tuwien.ac.at\/wp-content\/uploads\/2019\/10\/Logo1.png\",\"width\":222,\"height\":79,\"caption\":\"TU Wien Denkmalpflege und Bauen im Bestand\"},\"image\":{\"@id\":\"https:\/\/denkmalpflege.tuwien.ac.at\/#\/schema\/logo\/image\/\"}}]}<\/script>\n<!-- \/ Yoast SEO plugin. -->","yoast_head_json":{"title":"Porto2014 - Denkmalpflege und Bauen im Bestand","robots":{"index":"index","follow":"follow","max-snippet":"max-snippet:-1","max-image-preview":"max-image-preview:large","max-video-preview":"max-video-preview:-1"},"canonical":"https:\/\/denkmalpflege.tuwien.ac.at\/index.php\/porto2014\/","og_locale":"de_DE","og_type":"article","og_title":"Porto2014 - Denkmalpflege und Bauen im Bestand","og_description":"Gro\u00dfes Entwerfen \u201cDenkmalpflege und Entwurf: Strategien der Erhaltung\u201d Porto &#8211; Convento da Madre de Deus de Monchique Sommersemester 2014 Vortragende: Nott Caviezel, Agnes Liebsch, Anne Wermeille Mendonca Ziele der Lehrveranstaltung Jede Entwurfsarbeit am denkmalgesch\u00fctzten Objekt beansprucht spezifische Kenntnisse und erfordert dem Bestand angemessene Strategien. Ein bauhistorisch interessantes Objekt in Porto soll eine neue Nutzung erhalten: das Convento da Madre de Deus de Monchique. Das Kloster wurde seit dem 15 JahrhundertRead More","og_url":"https:\/\/denkmalpflege.tuwien.ac.at\/index.php\/porto2014\/","og_site_name":"Denkmalpflege und Bauen im Bestand","article_modified_time":"2016-05-30T09:48:52+00:00","twitter_card":"summary_large_image","twitter_misc":{"Gesch\u00e4tzte Lesezeit":"2\u00a0Minuten"},"schema":{"@context":"https:\/\/schema.org","@graph":[{"@type":"WebPage","@id":"https:\/\/denkmalpflege.tuwien.ac.at\/index.php\/porto2014\/","url":"https:\/\/denkmalpflege.tuwien.ac.at\/index.php\/porto2014\/","name":"Porto2014 - Denkmalpflege und Bauen im Bestand","isPartOf":{"@id":"https:\/\/denkmalpflege.tuwien.ac.at\/#website"},"primaryImageOfPage":{"@id":"https:\/\/denkmalpflege.tuwien.ac.at\/index.php\/porto2014\/#primaryimage"},"image":{"@id":"https:\/\/denkmalpflege.tuwien.ac.at\/index.php\/porto2014\/#primaryimage"},"thumbnailUrl":"http:\/\/denkmalpflege1.e251.tuwien.ac.at\/wp-content\/uploads\/2015\/12\/porto.gif","datePublished":"2015-12-15T11:52:23+00:00","dateModified":"2016-05-30T09:48:52+00:00","breadcrumb":{"@id":"https:\/\/denkmalpflege.tuwien.ac.at\/index.php\/porto2014\/#breadcrumb"},"inLanguage":"de","potentialAction":[{"@type":"ReadAction","target":["https:\/\/denkmalpflege.tuwien.ac.at\/index.php\/porto2014\/"]}]},{"@type":"ImageObject","inLanguage":"de","@id":"https:\/\/denkmalpflege.tuwien.ac.at\/index.php\/porto2014\/#primaryimage","url":"http:\/\/denkmalpflege1.e251.tuwien.ac.at\/wp-content\/uploads\/2015\/12\/porto.gif","contentUrl":"http:\/\/denkmalpflege1.e251.tuwien.ac.at\/wp-content\/uploads\/2015\/12\/porto.gif"},{"@type":"BreadcrumbList","@id":"https:\/\/denkmalpflege.tuwien.ac.at\/index.php\/porto2014\/#breadcrumb","itemListElement":[{"@type":"ListItem","position":1,"name":"Startseite","item":"https:\/\/denkmalpflege.tuwien.ac.at\/"},{"@type":"ListItem","position":2,"name":"Porto2014"}]},{"@type":"WebSite","@id":"https:\/\/denkmalpflege.tuwien.ac.at\/#website","url":"https:\/\/denkmalpflege.tuwien.ac.at\/","name":"Denkmalpflege und Bauen im Bestand","description":"Denkmalpflege TU Wien","publisher":{"@id":"https:\/\/denkmalpflege.tuwien.ac.at\/#organization"},"potentialAction":[{"@type":"SearchAction","target":{"@type":"EntryPoint","urlTemplate":"https:\/\/denkmalpflege.tuwien.ac.at\/?s={search_term_string}"},"query-input":{"@type":"PropertyValueSpecification","valueRequired":true,"valueName":"search_term_string"}}],"inLanguage":"de"},{"@type":"Organization","@id":"https:\/\/denkmalpflege.tuwien.ac.at\/#organization","name":"TU Wien Denkmalpflege und Bauen im Bestand","url":"https:\/\/denkmalpflege.tuwien.ac.at\/","logo":{"@type":"ImageObject","inLanguage":"de","@id":"https:\/\/denkmalpflege.tuwien.ac.at\/#\/schema\/logo\/image\/","url":"https:\/\/denkmalpflege.tuwien.ac.at\/wp-content\/uploads\/2019\/10\/Logo1.png","contentUrl":"https:\/\/denkmalpflege.tuwien.ac.at\/wp-content\/uploads\/2019\/10\/Logo1.png","width":222,"height":79,"caption":"TU Wien Denkmalpflege und Bauen im Bestand"},"image":{"@id":"https:\/\/denkmalpflege.tuwien.ac.at\/#\/schema\/logo\/image\/"}}]}},"_links":{"self":[{"href":"https:\/\/denkmalpflege.tuwien.ac.at\/index.php\/wp-json\/wp\/v2\/pages\/9846","targetHints":{"allow":["GET"]}}],"collection":[{"href":"https:\/\/denkmalpflege.tuwien.ac.at\/index.php\/wp-json\/wp\/v2\/pages"}],"about":[{"href":"https:\/\/denkmalpflege.tuwien.ac.at\/index.php\/wp-json\/wp\/v2\/types\/page"}],"author":[{"embeddable":true,"href":"https:\/\/denkmalpflege.tuwien.ac.at\/index.php\/wp-json\/wp\/v2\/users\/1"}],"replies":[{"embeddable":true,"href":"https:\/\/denkmalpflege.tuwien.ac.at\/index.php\/wp-json\/wp\/v2\/comments?post=9846"}],"version-history":[{"count":66,"href":"https:\/\/denkmalpflege.tuwien.ac.at\/index.php\/wp-json\/wp\/v2\/pages\/9846\/revisions"}],"predecessor-version":[{"id":9983,"href":"https:\/\/denkmalpflege.tuwien.ac.at\/index.php\/wp-json\/wp\/v2\/pages\/9846\/revisions\/9983"}],"wp:attachment":[{"href":"https:\/\/denkmalpflege.tuwien.ac.at\/index.php\/wp-json\/wp\/v2\/media?parent=9846"}],"curies":[{"name":"wp","href":"https:\/\/api.w.org\/{rel}","templated":true}]}}