{"id":9478,"date":"2015-11-02T13:37:37","date_gmt":"2015-11-02T12:37:37","guid":{"rendered":"http:\/\/denkmalpflege1.e251.tuwien.ac.at\/?page_id=9478"},"modified":"2015-11-02T13:44:14","modified_gmt":"2015-11-02T12:44:14","slug":"schedel","status":"publish","type":"page","link":"https:\/\/denkmalpflege.tuwien.ac.at\/index.php\/schedel\/","title":{"rendered":"Schedel"},"content":{"rendered":"<div class='mitarbeiter'>\n<div class='grey'>\n<img decoding=\"async\" src=\"http:\/\/denkmalpflege1.e251.tuwien.ac.at\/wp-content\/uploads\/2015\/11\/1klein.gif\" alt=\"Schedel\" title=\"Schedel\" width=\"130\" height=\"113\" class=\"alignnone size-full wp-image-165\" \/> <a href='diplomanden-prof-stadler' class='right_link'>&lt; Alle Arbeiten<\/a><br \/>\n<b>Gedenkst\u00e4tte KZ Loibl-Nord<\/b><br \/>\n<strong>2015  Tobias SCHEDEL<\/strong> <\/p>\n<div class='breakline'><\/div>\n<\/div>\n<div class='greyfield'>Die Diplomarbeit befasst sich mit dem ehemaligen Konzentrationslager Loibl-Nord und dem Ziel dort eine Gedenkst\u00e4tte zu errichten, wie im Weiteren mit Entwicklungen der Erinnerungskultur \u00fcber die Zeit, verschiedener r\u00e4umlicher und p\u00e4dagogischer Konzepte und Untersuchungen von Gedenkst\u00e4tten.<br \/>\nDas KZ Loibl-Nord lag an der Grenze zwischen \u00d6sterreich und Slowenien und war \u00fcber den Loiblpass mit seinem \u201aZwillings\u2019lager Loibl-S\u00fcd verbunden. Beide wurden 1943 als Arbeitslager errichtet um mit H\u00e4ftlingen aus dem Stammlager Mauthausen einen Tunnel, als wichtige milit\u00e4rische Nord-S\u00fcdverbindung, zubauen. Nach der Befreiung 1945 entwickelten sich beide Lagerbereiche kontr\u00e4r, Loibl-S\u00fcd wurde nach kurzer Zeit, von der kommunistischen slowenischen Regierung initiiert, zu einer Gedenkst\u00e4tte und Loibl-Nord verfiel, wurde zu Forstgebiet umgewidmet und blieb bis Mitte der 90er weitestgehend unbeachtet. Seit dem steigt langsam das Bestreben dort auch eine Gedenkst\u00e4tte einzurichten, nur gibt es kaum bauliche \u00dcberreste, die bei vielen Gedenkst\u00e4ttenkonzepten die Hauptakteure sind, und der Ort heute \u00e4hnelt dem historischen nur gering. <\/p>\n<div class='breakline'><\/div>\n<\/div>\n<p><span><\/span><br \/>\n<img decoding=\"async\" src=\"http:\/\/denkmalpflege1.e251.tuwien.ac.at\/wp-content\/uploads\/2015\/11\/1.gif\" width=\"400\" height=\"\"  alt=\"\" \/><br \/>\n<span><\/span><\/p>\n<div class='breakline'><\/div>\n<\/div>\n<\/div>\n","protected":false},"excerpt":{"rendered":"<p>&lt; Alle Arbeiten Gedenkst\u00e4tte KZ Loibl-Nord 2015 Tobias SCHEDEL Die Diplomarbeit befasst sich mit dem ehemaligen Konzentrationslager Loibl-Nord und dem Ziel dort eine Gedenkst\u00e4tte zu errichten, wie im Weiteren mit Entwicklungen der Erinnerungskultur \u00fcber die Zeit, verschiedener r\u00e4umlicher und p\u00e4dagogischer Konzepte und Untersuchungen von Gedenkst\u00e4tten. Das KZ Loibl-Nord lag an der Grenze zwischen \u00d6sterreich und Slowenien und war \u00fcber den Loiblpass mit seinem \u201aZwillings\u2019lager Loibl-S\u00fcd verbunden. Beide wurden 1943 als<\/p>\n<div class=\"belowpost\"><a class=\"btnmore icon-arrow\" href=\"https:\/\/denkmalpflege.tuwien.ac.at\/index.php\/schedel\/\"><span>Read More<\/span><\/a><\/div>\n","protected":false},"author":1,"featured_media":0,"parent":0,"menu_order":0,"comment_status":"open","ping_status":"open","template":"","meta":{"footnotes":""},"class_list":["post-9478","page","type-page","status-publish","hentry"],"yoast_head":"<!-- This site is optimized with the Yoast SEO plugin v26.0 - https:\/\/yoast.com\/wordpress\/plugins\/seo\/ -->\n<title>Schedel - Denkmalpflege und Bauen im Bestand<\/title>\n<meta name=\"robots\" content=\"index, follow, max-snippet:-1, max-image-preview:large, max-video-preview:-1\" \/>\n<link rel=\"canonical\" href=\"https:\/\/denkmalpflege.tuwien.ac.at\/index.php\/schedel\/\" \/>\n<meta property=\"og:locale\" content=\"de_DE\" \/>\n<meta property=\"og:type\" content=\"article\" \/>\n<meta property=\"og:title\" content=\"Schedel - Denkmalpflege und Bauen im Bestand\" \/>\n<meta property=\"og:description\" content=\"&lt; Alle Arbeiten Gedenkst\u00e4tte KZ Loibl-Nord 2015 Tobias SCHEDEL Die Diplomarbeit befasst sich mit dem ehemaligen Konzentrationslager Loibl-Nord und dem Ziel dort eine Gedenkst\u00e4tte zu errichten, wie im Weiteren mit Entwicklungen der Erinnerungskultur \u00fcber die Zeit, verschiedener r\u00e4umlicher und p\u00e4dagogischer Konzepte und Untersuchungen von Gedenkst\u00e4tten. Das KZ Loibl-Nord lag an der Grenze zwischen \u00d6sterreich und Slowenien und war \u00fcber den Loiblpass mit seinem \u201aZwillings\u2019lager Loibl-S\u00fcd verbunden. Beide wurden 1943 alsRead More\" \/>\n<meta property=\"og:url\" content=\"https:\/\/denkmalpflege.tuwien.ac.at\/index.php\/schedel\/\" \/>\n<meta property=\"og:site_name\" content=\"Denkmalpflege und Bauen im Bestand\" \/>\n<meta property=\"article:modified_time\" content=\"2015-11-02T12:44:14+00:00\" \/>\n<meta name=\"twitter:card\" content=\"summary_large_image\" \/>\n<meta name=\"twitter:label1\" content=\"Gesch\u00e4tzte Lesezeit\" \/>\n\t<meta name=\"twitter:data1\" content=\"1\u00a0Minute\" \/>\n<script type=\"application\/ld+json\" class=\"yoast-schema-graph\">{\"@context\":\"https:\/\/schema.org\",\"@graph\":[{\"@type\":\"WebPage\",\"@id\":\"https:\/\/denkmalpflege.tuwien.ac.at\/index.php\/schedel\/\",\"url\":\"https:\/\/denkmalpflege.tuwien.ac.at\/index.php\/schedel\/\",\"name\":\"Schedel - Denkmalpflege und Bauen im Bestand\",\"isPartOf\":{\"@id\":\"https:\/\/denkmalpflege.tuwien.ac.at\/#website\"},\"primaryImageOfPage\":{\"@id\":\"https:\/\/denkmalpflege.tuwien.ac.at\/index.php\/schedel\/#primaryimage\"},\"image\":{\"@id\":\"https:\/\/denkmalpflege.tuwien.ac.at\/index.php\/schedel\/#primaryimage\"},\"thumbnailUrl\":\"http:\/\/denkmalpflege1.e251.tuwien.ac.at\/wp-content\/uploads\/2015\/11\/1klein.gif\",\"datePublished\":\"2015-11-02T12:37:37+00:00\",\"dateModified\":\"2015-11-02T12:44:14+00:00\",\"breadcrumb\":{\"@id\":\"https:\/\/denkmalpflege.tuwien.ac.at\/index.php\/schedel\/#breadcrumb\"},\"inLanguage\":\"de\",\"potentialAction\":[{\"@type\":\"ReadAction\",\"target\":[\"https:\/\/denkmalpflege.tuwien.ac.at\/index.php\/schedel\/\"]}]},{\"@type\":\"ImageObject\",\"inLanguage\":\"de\",\"@id\":\"https:\/\/denkmalpflege.tuwien.ac.at\/index.php\/schedel\/#primaryimage\",\"url\":\"http:\/\/denkmalpflege1.e251.tuwien.ac.at\/wp-content\/uploads\/2015\/11\/1klein.gif\",\"contentUrl\":\"http:\/\/denkmalpflege1.e251.tuwien.ac.at\/wp-content\/uploads\/2015\/11\/1klein.gif\"},{\"@type\":\"BreadcrumbList\",\"@id\":\"https:\/\/denkmalpflege.tuwien.ac.at\/index.php\/schedel\/#breadcrumb\",\"itemListElement\":[{\"@type\":\"ListItem\",\"position\":1,\"name\":\"Startseite\",\"item\":\"https:\/\/denkmalpflege.tuwien.ac.at\/\"},{\"@type\":\"ListItem\",\"position\":2,\"name\":\"Schedel\"}]},{\"@type\":\"WebSite\",\"@id\":\"https:\/\/denkmalpflege.tuwien.ac.at\/#website\",\"url\":\"https:\/\/denkmalpflege.tuwien.ac.at\/\",\"name\":\"Denkmalpflege und Bauen im Bestand\",\"description\":\"Denkmalpflege TU Wien\",\"publisher\":{\"@id\":\"https:\/\/denkmalpflege.tuwien.ac.at\/#organization\"},\"potentialAction\":[{\"@type\":\"SearchAction\",\"target\":{\"@type\":\"EntryPoint\",\"urlTemplate\":\"https:\/\/denkmalpflege.tuwien.ac.at\/?s={search_term_string}\"},\"query-input\":{\"@type\":\"PropertyValueSpecification\",\"valueRequired\":true,\"valueName\":\"search_term_string\"}}],\"inLanguage\":\"de\"},{\"@type\":\"Organization\",\"@id\":\"https:\/\/denkmalpflege.tuwien.ac.at\/#organization\",\"name\":\"TU Wien Denkmalpflege und Bauen im Bestand\",\"url\":\"https:\/\/denkmalpflege.tuwien.ac.at\/\",\"logo\":{\"@type\":\"ImageObject\",\"inLanguage\":\"de\",\"@id\":\"https:\/\/denkmalpflege.tuwien.ac.at\/#\/schema\/logo\/image\/\",\"url\":\"https:\/\/denkmalpflege.tuwien.ac.at\/wp-content\/uploads\/2019\/10\/Logo1.png\",\"contentUrl\":\"https:\/\/denkmalpflege.tuwien.ac.at\/wp-content\/uploads\/2019\/10\/Logo1.png\",\"width\":222,\"height\":79,\"caption\":\"TU Wien Denkmalpflege und Bauen im Bestand\"},\"image\":{\"@id\":\"https:\/\/denkmalpflege.tuwien.ac.at\/#\/schema\/logo\/image\/\"}}]}<\/script>\n<!-- \/ Yoast SEO plugin. -->","yoast_head_json":{"title":"Schedel - Denkmalpflege und Bauen im Bestand","robots":{"index":"index","follow":"follow","max-snippet":"max-snippet:-1","max-image-preview":"max-image-preview:large","max-video-preview":"max-video-preview:-1"},"canonical":"https:\/\/denkmalpflege.tuwien.ac.at\/index.php\/schedel\/","og_locale":"de_DE","og_type":"article","og_title":"Schedel - Denkmalpflege und Bauen im Bestand","og_description":"&lt; Alle Arbeiten Gedenkst\u00e4tte KZ Loibl-Nord 2015 Tobias SCHEDEL Die Diplomarbeit befasst sich mit dem ehemaligen Konzentrationslager Loibl-Nord und dem Ziel dort eine Gedenkst\u00e4tte zu errichten, wie im Weiteren mit Entwicklungen der Erinnerungskultur \u00fcber die Zeit, verschiedener r\u00e4umlicher und p\u00e4dagogischer Konzepte und Untersuchungen von Gedenkst\u00e4tten. Das KZ Loibl-Nord lag an der Grenze zwischen \u00d6sterreich und Slowenien und war \u00fcber den Loiblpass mit seinem \u201aZwillings\u2019lager Loibl-S\u00fcd verbunden. Beide wurden 1943 alsRead More","og_url":"https:\/\/denkmalpflege.tuwien.ac.at\/index.php\/schedel\/","og_site_name":"Denkmalpflege und Bauen im Bestand","article_modified_time":"2015-11-02T12:44:14+00:00","twitter_card":"summary_large_image","twitter_misc":{"Gesch\u00e4tzte Lesezeit":"1\u00a0Minute"},"schema":{"@context":"https:\/\/schema.org","@graph":[{"@type":"WebPage","@id":"https:\/\/denkmalpflege.tuwien.ac.at\/index.php\/schedel\/","url":"https:\/\/denkmalpflege.tuwien.ac.at\/index.php\/schedel\/","name":"Schedel - Denkmalpflege und Bauen im Bestand","isPartOf":{"@id":"https:\/\/denkmalpflege.tuwien.ac.at\/#website"},"primaryImageOfPage":{"@id":"https:\/\/denkmalpflege.tuwien.ac.at\/index.php\/schedel\/#primaryimage"},"image":{"@id":"https:\/\/denkmalpflege.tuwien.ac.at\/index.php\/schedel\/#primaryimage"},"thumbnailUrl":"http:\/\/denkmalpflege1.e251.tuwien.ac.at\/wp-content\/uploads\/2015\/11\/1klein.gif","datePublished":"2015-11-02T12:37:37+00:00","dateModified":"2015-11-02T12:44:14+00:00","breadcrumb":{"@id":"https:\/\/denkmalpflege.tuwien.ac.at\/index.php\/schedel\/#breadcrumb"},"inLanguage":"de","potentialAction":[{"@type":"ReadAction","target":["https:\/\/denkmalpflege.tuwien.ac.at\/index.php\/schedel\/"]}]},{"@type":"ImageObject","inLanguage":"de","@id":"https:\/\/denkmalpflege.tuwien.ac.at\/index.php\/schedel\/#primaryimage","url":"http:\/\/denkmalpflege1.e251.tuwien.ac.at\/wp-content\/uploads\/2015\/11\/1klein.gif","contentUrl":"http:\/\/denkmalpflege1.e251.tuwien.ac.at\/wp-content\/uploads\/2015\/11\/1klein.gif"},{"@type":"BreadcrumbList","@id":"https:\/\/denkmalpflege.tuwien.ac.at\/index.php\/schedel\/#breadcrumb","itemListElement":[{"@type":"ListItem","position":1,"name":"Startseite","item":"https:\/\/denkmalpflege.tuwien.ac.at\/"},{"@type":"ListItem","position":2,"name":"Schedel"}]},{"@type":"WebSite","@id":"https:\/\/denkmalpflege.tuwien.ac.at\/#website","url":"https:\/\/denkmalpflege.tuwien.ac.at\/","name":"Denkmalpflege und Bauen im Bestand","description":"Denkmalpflege TU Wien","publisher":{"@id":"https:\/\/denkmalpflege.tuwien.ac.at\/#organization"},"potentialAction":[{"@type":"SearchAction","target":{"@type":"EntryPoint","urlTemplate":"https:\/\/denkmalpflege.tuwien.ac.at\/?s={search_term_string}"},"query-input":{"@type":"PropertyValueSpecification","valueRequired":true,"valueName":"search_term_string"}}],"inLanguage":"de"},{"@type":"Organization","@id":"https:\/\/denkmalpflege.tuwien.ac.at\/#organization","name":"TU Wien Denkmalpflege und Bauen im Bestand","url":"https:\/\/denkmalpflege.tuwien.ac.at\/","logo":{"@type":"ImageObject","inLanguage":"de","@id":"https:\/\/denkmalpflege.tuwien.ac.at\/#\/schema\/logo\/image\/","url":"https:\/\/denkmalpflege.tuwien.ac.at\/wp-content\/uploads\/2019\/10\/Logo1.png","contentUrl":"https:\/\/denkmalpflege.tuwien.ac.at\/wp-content\/uploads\/2019\/10\/Logo1.png","width":222,"height":79,"caption":"TU Wien Denkmalpflege und Bauen im Bestand"},"image":{"@id":"https:\/\/denkmalpflege.tuwien.ac.at\/#\/schema\/logo\/image\/"}}]}},"_links":{"self":[{"href":"https:\/\/denkmalpflege.tuwien.ac.at\/index.php\/wp-json\/wp\/v2\/pages\/9478","targetHints":{"allow":["GET"]}}],"collection":[{"href":"https:\/\/denkmalpflege.tuwien.ac.at\/index.php\/wp-json\/wp\/v2\/pages"}],"about":[{"href":"https:\/\/denkmalpflege.tuwien.ac.at\/index.php\/wp-json\/wp\/v2\/types\/page"}],"author":[{"embeddable":true,"href":"https:\/\/denkmalpflege.tuwien.ac.at\/index.php\/wp-json\/wp\/v2\/users\/1"}],"replies":[{"embeddable":true,"href":"https:\/\/denkmalpflege.tuwien.ac.at\/index.php\/wp-json\/wp\/v2\/comments?post=9478"}],"version-history":[{"count":5,"href":"https:\/\/denkmalpflege.tuwien.ac.at\/index.php\/wp-json\/wp\/v2\/pages\/9478\/revisions"}],"predecessor-version":[{"id":9698,"href":"https:\/\/denkmalpflege.tuwien.ac.at\/index.php\/wp-json\/wp\/v2\/pages\/9478\/revisions\/9698"}],"wp:attachment":[{"href":"https:\/\/denkmalpflege.tuwien.ac.at\/index.php\/wp-json\/wp\/v2\/media?parent=9478"}],"curies":[{"name":"wp","href":"https:\/\/api.w.org\/{rel}","templated":true}]}}