{"id":9081,"date":"2015-08-31T14:10:40","date_gmt":"2015-08-31T12:10:40","guid":{"rendered":"http:\/\/denkmalpflege1.e251.tuwien.ac.at\/?page_id=9081"},"modified":"2023-10-22T12:35:30","modified_gmt":"2023-10-22T10:35:30","slug":"1wahlsemws1516","status":"publish","type":"page","link":"https:\/\/denkmalpflege.tuwien.ac.at\/index.php\/1wahlsemws1516\/","title":{"rendered":"1WahlsemWS15\/16"},"content":{"rendered":"\t\t<div data-elementor-type=\"wp-page\" data-elementor-id=\"9081\" class=\"elementor elementor-9081\" data-elementor-post-type=\"page\">\n\t\t\t\t\t\t<section class=\"elementor-section elementor-top-section elementor-element elementor-element-0d69884 elementor-section-full_width elementor-section-height-default elementor-section-height-default\" data-id=\"0d69884\" data-element_type=\"section\">\n\t\t\t\t\t\t<div class=\"elementor-container elementor-column-gap-default\">\n\t\t\t\t\t<div class=\"elementor-column elementor-col-50 elementor-top-column elementor-element elementor-element-1af57dc\" data-id=\"1af57dc\" data-element_type=\"column\">\n\t\t\t<div class=\"elementor-widget-wrap elementor-element-populated\">\n\t\t\t\t\t\t<div class=\"elementor-element elementor-element-0262982 elementor-widget elementor-widget-heading\" data-id=\"0262982\" data-element_type=\"widget\" data-widget_type=\"heading.default\">\n\t\t\t\t<div class=\"elementor-widget-container\">\n\t\t\t\t\t<h2 class=\"elementor-heading-title elementor-size-default\"><a href=\"https:\/\/denkmalpflege.tuwien.ac.at\/index.php\/1lva2ws1516\/\">LVA WS15<\/a><\/h2>\t\t\t\t<\/div>\n\t\t\t\t<\/div>\n\t\t\t\t\t<\/div>\n\t\t<\/div>\n\t\t\t\t<div class=\"elementor-column elementor-col-50 elementor-top-column elementor-element elementor-element-2a002a6\" data-id=\"2a002a6\" data-element_type=\"column\">\n\t\t\t<div class=\"elementor-widget-wrap elementor-element-populated\">\n\t\t\t\t\t\t<div class=\"elementor-element elementor-element-c78cdbd elementor-widget elementor-widget-heading\" data-id=\"c78cdbd\" data-element_type=\"widget\" data-widget_type=\"heading.default\">\n\t\t\t\t<div class=\"elementor-widget-container\">\n\t\t\t\t\t<h2 class=\"elementor-heading-title elementor-size-default\">251.744 <span style=\"float: right\"> 3,0 h (4,0 ECTS)<\/span><\/h2>\t\t\t\t<\/div>\n\t\t\t\t<\/div>\n\t\t\t\t\t<\/div>\n\t\t<\/div>\n\t\t\t\t\t<\/div>\n\t\t<\/section>\n\t\t\t\t<section class=\"elementor-section elementor-top-section elementor-element elementor-element-1bd7edb3 elementor-section-full_width elementor-section-height-default elementor-section-height-default\" data-id=\"1bd7edb3\" data-element_type=\"section\">\n\t\t\t\t\t\t<div class=\"elementor-container elementor-column-gap-default\">\n\t\t\t\t\t<div class=\"elementor-column elementor-col-50 elementor-top-column elementor-element elementor-element-26b93c84\" data-id=\"26b93c84\" data-element_type=\"column\">\n\t\t\t<div class=\"elementor-widget-wrap elementor-element-populated\">\n\t\t\t\t\t\t<div class=\"elementor-element elementor-element-c59604d elementor-nav-menu__align-start elementor-nav-menu--dropdown-mobile elementor-nav-menu__text-align-aside elementor-nav-menu--toggle elementor-nav-menu--burger elementor-widget elementor-widget-nav-menu\" data-id=\"c59604d\" data-element_type=\"widget\" data-settings=\"{&quot;layout&quot;:&quot;vertical&quot;,&quot;submenu_icon&quot;:{&quot;value&quot;:&quot;&lt;i class=\\&quot;\\&quot; aria-hidden=\\&quot;true\\&quot;&gt;&lt;\\\/i&gt;&quot;,&quot;library&quot;:&quot;&quot;},&quot;toggle&quot;:&quot;burger&quot;}\" data-widget_type=\"nav-menu.default\">\n\t\t\t\t<div class=\"elementor-widget-container\">\n\t\t\t\t\t\t\t\t<nav aria-label=\"Men\u00fc\" class=\"elementor-nav-menu--main elementor-nav-menu__container elementor-nav-menu--layout-vertical e--pointer-none\">\n\t\t\t\t<ul id=\"menu-1-c59604d\" class=\"elementor-nav-menu sm-vertical\"><li class=\"menu-item menu-item-type-post_type menu-item-object-page menu-item-18566\"><a href=\"https:\/\/denkmalpflege.tuwien.ac.at\/index.php\/1vorlesungws1516\/\" class=\"elementor-item\">Vorlesung <\/br> Denkmalpflege<\/a><\/li>\n<li class=\"menu-item menu-item-type-post_type menu-item-object-page menu-item-18567\"><a href=\"https:\/\/denkmalpflege.tuwien.ac.at\/index.php\/1entwerfen2ws1516\/\" class=\"elementor-item\">Gro\u00dfes Entwerfen <\/br>Theater einmal anders.<\/a><\/li>\n<li class=\"menu-item menu-item-type-post_type menu-item-object-page menu-item-18568\"><a href=\"https:\/\/denkmalpflege.tuwien.ac.at\/index.php\/1wahlsemws1516\/\" class=\"elementor-item\">Wahlseminar <\/br> Junges Erbe \u2013 Neue Werte<\/a><\/li>\n<li class=\"menu-item menu-item-type-post_type menu-item-object-page menu-item-18569\"><a href=\"https:\/\/denkmalpflege.tuwien.ac.at\/index.php\/denkmalpflege-und-bausanierung\/\" class=\"elementor-item\">\u00dcbung <\/br>Denkmalpflege und Bausanierung<\/a><\/li>\n<\/ul>\t\t\t<\/nav>\n\t\t\t\t\t<div class=\"elementor-menu-toggle\" role=\"button\" tabindex=\"0\" aria-label=\"Men\u00fc Umschalter\" aria-expanded=\"false\">\n\t\t\t<i aria-hidden=\"true\" role=\"presentation\" class=\"elementor-menu-toggle__icon--open eicon-menu-bar\"><\/i><i aria-hidden=\"true\" role=\"presentation\" class=\"elementor-menu-toggle__icon--close eicon-close\"><\/i>\t\t<\/div>\n\t\t\t\t\t<nav class=\"elementor-nav-menu--dropdown elementor-nav-menu__container\" aria-hidden=\"true\">\n\t\t\t\t<ul id=\"menu-2-c59604d\" class=\"elementor-nav-menu sm-vertical\"><li class=\"menu-item menu-item-type-post_type menu-item-object-page menu-item-18566\"><a href=\"https:\/\/denkmalpflege.tuwien.ac.at\/index.php\/1vorlesungws1516\/\" class=\"elementor-item\" tabindex=\"-1\">Vorlesung <\/br> Denkmalpflege<\/a><\/li>\n<li class=\"menu-item menu-item-type-post_type menu-item-object-page menu-item-18567\"><a href=\"https:\/\/denkmalpflege.tuwien.ac.at\/index.php\/1entwerfen2ws1516\/\" class=\"elementor-item\" tabindex=\"-1\">Gro\u00dfes Entwerfen <\/br>Theater einmal anders.<\/a><\/li>\n<li class=\"menu-item menu-item-type-post_type menu-item-object-page menu-item-18568\"><a href=\"https:\/\/denkmalpflege.tuwien.ac.at\/index.php\/1wahlsemws1516\/\" class=\"elementor-item\" tabindex=\"-1\">Wahlseminar <\/br> Junges Erbe \u2013 Neue Werte<\/a><\/li>\n<li class=\"menu-item menu-item-type-post_type menu-item-object-page menu-item-18569\"><a href=\"https:\/\/denkmalpflege.tuwien.ac.at\/index.php\/denkmalpflege-und-bausanierung\/\" class=\"elementor-item\" tabindex=\"-1\">\u00dcbung <\/br>Denkmalpflege und Bausanierung<\/a><\/li>\n<\/ul>\t\t\t<\/nav>\n\t\t\t\t\t\t<\/div>\n\t\t\t\t<\/div>\n\t\t\t\t\t<\/div>\n\t\t<\/div>\n\t\t\t\t<div class=\"elementor-column elementor-col-50 elementor-top-column elementor-element elementor-element-c82344\" data-id=\"c82344\" data-element_type=\"column\">\n\t\t\t<div class=\"elementor-widget-wrap elementor-element-populated\">\n\t\t\t\t\t\t<div class=\"elementor-element elementor-element-2e53fded elementor-widget elementor-widget-text-editor\" data-id=\"2e53fded\" data-element_type=\"widget\" data-widget_type=\"text-editor.default\">\n\t\t\t\t<div class=\"elementor-widget-container\">\n\t\t\t\t\t\t\t\t\t<h1 class=\"lva_h1\">Wahlseminar\u00a0<br \/>Junges Erbe \u2013 Neue Werte? Denkmale der Nachkriegsmoderne in Wien<\/h1>\t\t\t\t\t\t\t\t<\/div>\n\t\t\t\t<\/div>\n\t\t\t\t<div class=\"elementor-element elementor-element-418ca715 lva_img elementor-widget elementor-widget-image\" data-id=\"418ca715\" data-element_type=\"widget\" data-widget_type=\"image.default\">\n\t\t\t\t<div class=\"elementor-widget-container\">\n\t\t\t\t\t\t\t\t\t\t\t\t\t\t\t<img fetchpriority=\"high\" decoding=\"async\" width=\"260\" height=\"226\" src=\"https:\/\/denkmalpflege.tuwien.ac.at\/wp-content\/uploads\/2015\/08\/Denkmalforschung-und-Dokumentation.gif\" class=\"attachment-full size-full wp-image-9137\" alt=\"\" \/>\t\t\t\t\t\t\t\t\t\t\t\t\t\t\t<\/div>\n\t\t\t\t<\/div>\n\t\t\t\t<div class=\"elementor-element elementor-element-68864a77 elementor-widget elementor-widget-text-editor\" data-id=\"68864a77\" data-element_type=\"widget\" data-widget_type=\"text-editor.default\">\n\t\t\t\t<div class=\"elementor-widget-container\">\n\t\t\t\t\t\t\t\t\t<p class=\"akt\">Bachelor \u2013 Wahlseminar Denkmalforschung und -dokumentation<\/p>\t\t\t\t\t\t\t\t<\/div>\n\t\t\t\t<\/div>\n\t\t\t\t<div class=\"elementor-element elementor-element-45fdd036 elementor-widget elementor-widget-text-editor\" data-id=\"45fdd036\" data-element_type=\"widget\" data-widget_type=\"text-editor.default\">\n\t\t\t\t<div class=\"elementor-widget-container\">\n\t\t\t\t\t\t\t\t\t<h3 class=\"lva_h3 lva_leiter\"><strong>Nott CAVIEZEL, Birgit KNAUER<\/strong><\/h3><h3 class=\"lva_h3 lva_leiter lva_h3_abstand\"><strong>Einf\u00fchrung<\/strong><\/h3><p class=\"lva_text\">Mittwoch 7. Oktober 2015, 11:00 Uhr, SR 257 (Stiege 3, 2. Stock)<\/p><h3 class=\"lva_h3 lva_leiter lva_h3_abstand\"><strong>Termine<\/strong><\/h3><p class=\"lva_text\">Mittwoch, 11:00-13:00 Uhr im SR 257 (Stiege 3, 2. OG)<\/p><h3 class=\"lva_h3 lva_leiter lva_h3_abstand\"><strong>Anmeldung<\/strong><\/h3><p class=\"lva_text\">\u00dcber <a class=\"link\" href=\"https:\/\/tiss.tuwien.ac.at\/course\/courseDetails.xhtml?windowId=d21&amp;courseNr=251744&amp;semester=2015W\"> TISS<\/a><\/p>\t\t\t\t\t\t\t\t<\/div>\n\t\t\t\t<\/div>\n\t\t\t\t<div class=\"elementor-element elementor-element-581f1426 elementor-widget-divider--view-line elementor-widget elementor-widget-divider\" data-id=\"581f1426\" data-element_type=\"widget\" data-widget_type=\"divider.default\">\n\t\t\t\t<div class=\"elementor-widget-container\">\n\t\t\t\t\t\t\t<div class=\"elementor-divider\">\n\t\t\t<span class=\"elementor-divider-separator\">\n\t\t\t\t\t\t<\/span>\n\t\t<\/div>\n\t\t\t\t\t\t<\/div>\n\t\t\t\t<\/div>\n\t\t\t\t<div class=\"elementor-element elementor-element-358aba44 elementor-widget elementor-widget-text-editor\" data-id=\"358aba44\" data-element_type=\"widget\" data-widget_type=\"text-editor.default\">\n\t\t\t\t<div class=\"elementor-widget-container\">\n\t\t\t\t\t\t\t\t\t<h3 class=\"lva_h3 lva_leiter lva_h3_abstand\"><strong>Lernergebnisse<\/strong><\/h3><p class=\"lva_text\">Dieses Wahlseminar soll den Studierenden einen Einblick in die Theorie und Praxis der Denkmalpflege vermitteln und das wissenschaftliche Arbeiten in diesem Aufgabenbereich n\u00e4her bringen. Dementsprechend werden die Studierenden in dieser Lehrveranstaltung neben der inhaltlichen Einf\u00fchrung in das Fachgebiet der Denkmalpflege auch die Grundlagen des wissenschaftlichen Arbeitens erlernen (Methode, Aufbau, Konzept, Literatur- und Archivrecherche, Bibliographieren, Zitierregeln, etc.) und diese im Rahmen der Erstellung einer Seminararbeit anwenden.<\/p><h3 class=\"lva_h3 lva_leiter lva_h3_abstand\"><strong>Inhalt der Lehrveranstaltung<\/strong><\/h3><p>Junges Erbe \u2013 Neue Werte? Denkmale der Nachkriegsmoderne in Wien<br \/>Die architektonischen Zeugen der so genannten Nachkriegsmoderne, Bauten realisiert in den Jahren zwischen 1945 und 1980, sind zum Teil bereits verloren gegangen, baulichen Ver\u00e4nderungen unterworfen oder befinden sich in einem kritischen Erhaltungszustand. Die Ursachen daf\u00fcr liegen einerseits in der erst in den letzten Jahren einsetzenden Wertsch\u00e4tzung des Bestandes dieser Zeit, mitunter aber auch in den besonderen Konstruktionsweisen und der zuweilen schlechten Alterung der verwendeten Materialien.<br \/>Diese Aspekte und letztlich auch die gro\u00dfe Menge an Bauten der Nachkriegsmoderne stellen die Denkmalpflege und den Denkmalschutz vor die dringliche und schwierige Aufgabe der Bewertung und Selektion. Jene Objekte ausfindig zu machen, die von herausragender Bedeutung sind und als Denkmale eingestuft werden m\u00fcssen, um ihren Schutz und die Erhaltung f\u00fcr die kommenden Generationen zu gew\u00e4hrleisten, stellt eine gro\u00dfe Herausforderung dar und erfordert eine eingehende Besch\u00e4ftigung mit dem Bestand.<br \/>Untersucht werden in diesem Seminar ausgew\u00e4hlte Objekte der Nachkriegsmoderne. Als Basis f\u00fcr eine in einer zweiten Phase des Seminars erfolgende denkmalpflegerische Bewertung der Geb\u00e4ude, wird vorerst ihre (Bau-)Geschichte anhand von Quellen recherchiert (Literatur, Plan- und Bildmaterial) sowie ihr Erhaltungszustand analysiert. Von zentraler Bedeutung beim Versuch einer objektiven, wissenschaftlich fundierten Bewertung, ist die Frage nach den architektonischen, technischen, st\u00e4dtebaulichen und\/oder auch k\u00fcnstlerischen Besonderheiten dieser Objekte &#8211; wie zeichnen sie sich aus, warum sind sie erhaltenswert?<\/p><p>Die Studierenden werden sich mit jeweils einem Objekt eingehend befassen, die historischen Hintergr\u00fcnde dazu erforschen und auf Basis einer Bestandsanalyse und der Feststellung der vorhandenen Qualit\u00e4ten und Denkmalwerte auch versuchen, m\u00f6gliche bzw. notwendige denkmalgerechte Ma\u00dfnahmen f\u00fcr das jeweilige Objekt zu skizzieren.<br \/>In Form von kurzen Exkursionen in Wien (innerhalb des LV-Zeitraums, allenfalls geblockt 09.-13.00) werden die Objekte in der Gruppe besichtigt, die jeweiligen Qualit\u00e4ten vor Ort bestimmt und in der Gruppe diskutiert.<br \/>Im Rahmen einer eigenst\u00e4ndig zu verfassenden Seminararbeit sind die Studierenden gefordert, die im Seminar erlernten Grundlagen des wissenschaftlichen Arbeitens (Literaturrecherche, Bibliographieren, Zitierregeln, usw.) in der Praxis anzuwenden und die Inhalte des Seminars schriftlich auszuarbeiten.<\/p>\t\t\t\t\t\t\t\t<\/div>\n\t\t\t\t<\/div>\n\t\t\t\t<div class=\"elementor-element elementor-element-9c5e82a elementor-widget-divider--view-line elementor-widget elementor-widget-divider\" data-id=\"9c5e82a\" data-element_type=\"widget\" data-widget_type=\"divider.default\">\n\t\t\t\t<div class=\"elementor-widget-container\">\n\t\t\t\t\t\t\t<div class=\"elementor-divider\">\n\t\t\t<span class=\"elementor-divider-separator\">\n\t\t\t\t\t\t<\/span>\n\t\t<\/div>\n\t\t\t\t\t\t<\/div>\n\t\t\t\t<\/div>\n\t\t\t\t<section class=\"elementor-section elementor-inner-section elementor-element elementor-element-4ca8ae2c elementor-section-boxed elementor-section-height-default elementor-section-height-default\" data-id=\"4ca8ae2c\" data-element_type=\"section\">\n\t\t\t\t\t\t<div class=\"elementor-container elementor-column-gap-default\">\n\t\t\t\t\t<div class=\"elementor-column elementor-col-50 elementor-inner-column elementor-element elementor-element-49cdf54d\" data-id=\"49cdf54d\" data-element_type=\"column\">\n\t\t\t<div class=\"elementor-widget-wrap elementor-element-populated\">\n\t\t\t\t\t\t<div class=\"elementor-element elementor-element-707d48b8 elementor-widget elementor-widget-text-editor\" data-id=\"707d48b8\" data-element_type=\"widget\" data-widget_type=\"text-editor.default\">\n\t\t\t\t<div class=\"elementor-widget-container\">\n\t\t\t\t\t\t\t\t\t<p class=\"lva_text\"><a class=\"link link_blau\" href=\"https:\/\/tiss.tuwien.ac.at\/course\/courseDetails.xhtml?windowId=d21&amp;courseNr=251744&amp;semester=2015W\">TISS<\/a><\/p>\t\t\t\t\t\t\t\t<\/div>\n\t\t\t\t<\/div>\n\t\t\t\t\t<\/div>\n\t\t<\/div>\n\t\t\t\t<div class=\"elementor-column elementor-col-50 elementor-inner-column elementor-element elementor-element-22bd250f\" data-id=\"22bd250f\" data-element_type=\"column\">\n\t\t\t<div class=\"elementor-widget-wrap\">\n\t\t\t\t\t\t\t<\/div>\n\t\t<\/div>\n\t\t\t\t\t<\/div>\n\t\t<\/section>\n\t\t\t\t\t<\/div>\n\t\t<\/div>\n\t\t\t\t\t<\/div>\n\t\t<\/section>\n\t\t\t\t<\/div>\n\t\t","protected":false},"excerpt":{"rendered":"<p>LVA WS15 251.744 3,0 h (4,0 ECTS) Wahlseminar\u00a0Junges Erbe \u2013 Neue Werte? Denkmale der Nachkriegsmoderne in Wien Bachelor \u2013 Wahlseminar Denkmalforschung und -dokumentation Nott CAVIEZEL, Birgit KNAUER Einf\u00fchrung Mittwoch 7. Oktober 2015, 11:00 Uhr, SR 257 (Stiege 3, 2. Stock) Termine Mittwoch, 11:00-13:00 Uhr im SR 257 (Stiege 3, 2. OG) Anmeldung \u00dcber TISS Lernergebnisse Dieses Wahlseminar soll den Studierenden einen Einblick in die Theorie und Praxis der Denkmalpflege vermitteln<\/p>\n<div class=\"belowpost\"><a class=\"btnmore icon-arrow\" href=\"https:\/\/denkmalpflege.tuwien.ac.at\/index.php\/1wahlsemws1516\/\"><span>Read More<\/span><\/a><\/div>\n","protected":false},"author":1,"featured_media":0,"parent":0,"menu_order":0,"comment_status":"open","ping_status":"open","template":"","meta":{"footnotes":""},"class_list":["post-9081","page","type-page","status-publish","hentry"],"yoast_head":"<!-- This site is optimized with the Yoast SEO plugin v26.0 - https:\/\/yoast.com\/wordpress\/plugins\/seo\/ -->\n<title>1WahlsemWS15\/16 - Denkmalpflege und Bauen im Bestand<\/title>\n<meta name=\"robots\" content=\"index, follow, max-snippet:-1, max-image-preview:large, max-video-preview:-1\" \/>\n<link rel=\"canonical\" href=\"https:\/\/denkmalpflege.tuwien.ac.at\/index.php\/1wahlsemws1516\/\" \/>\n<meta property=\"og:locale\" content=\"de_DE\" \/>\n<meta property=\"og:type\" content=\"article\" \/>\n<meta property=\"og:title\" content=\"1WahlsemWS15\/16 - Denkmalpflege und Bauen im Bestand\" \/>\n<meta property=\"og:description\" content=\"LVA WS15 251.744 3,0 h (4,0 ECTS) Wahlseminar\u00a0Junges Erbe \u2013 Neue Werte? Denkmale der Nachkriegsmoderne in Wien Bachelor \u2013 Wahlseminar Denkmalforschung und -dokumentation Nott CAVIEZEL, Birgit KNAUER Einf\u00fchrung Mittwoch 7. Oktober 2015, 11:00 Uhr, SR 257 (Stiege 3, 2. Stock) Termine Mittwoch, 11:00-13:00 Uhr im SR 257 (Stiege 3, 2. OG) Anmeldung \u00dcber TISS Lernergebnisse Dieses Wahlseminar soll den Studierenden einen Einblick in die Theorie und Praxis der Denkmalpflege vermittelnRead More\" \/>\n<meta property=\"og:url\" content=\"https:\/\/denkmalpflege.tuwien.ac.at\/index.php\/1wahlsemws1516\/\" \/>\n<meta property=\"og:site_name\" content=\"Denkmalpflege und Bauen im Bestand\" \/>\n<meta property=\"article:modified_time\" content=\"2023-10-22T10:35:30+00:00\" \/>\n<meta property=\"og:image\" content=\"http:\/\/denkmalpflege.tuwien.ac.at\/wp-content\/uploads\/2015\/08\/Denkmalforschung-und-Dokumentation.gif\" \/>\n<meta name=\"twitter:card\" content=\"summary_large_image\" \/>\n<meta name=\"twitter:label1\" content=\"Gesch\u00e4tzte Lesezeit\" \/>\n\t<meta name=\"twitter:data1\" content=\"2\u00a0Minuten\" \/>\n<script type=\"application\/ld+json\" class=\"yoast-schema-graph\">{\"@context\":\"https:\/\/schema.org\",\"@graph\":[{\"@type\":\"WebPage\",\"@id\":\"https:\/\/denkmalpflege.tuwien.ac.at\/index.php\/1wahlsemws1516\/\",\"url\":\"https:\/\/denkmalpflege.tuwien.ac.at\/index.php\/1wahlsemws1516\/\",\"name\":\"1WahlsemWS15\/16 - Denkmalpflege und Bauen im Bestand\",\"isPartOf\":{\"@id\":\"https:\/\/denkmalpflege.tuwien.ac.at\/#website\"},\"primaryImageOfPage\":{\"@id\":\"https:\/\/denkmalpflege.tuwien.ac.at\/index.php\/1wahlsemws1516\/#primaryimage\"},\"image\":{\"@id\":\"https:\/\/denkmalpflege.tuwien.ac.at\/index.php\/1wahlsemws1516\/#primaryimage\"},\"thumbnailUrl\":\"http:\/\/denkmalpflege.tuwien.ac.at\/wp-content\/uploads\/2015\/08\/Denkmalforschung-und-Dokumentation.gif\",\"datePublished\":\"2015-08-31T12:10:40+00:00\",\"dateModified\":\"2023-10-22T10:35:30+00:00\",\"breadcrumb\":{\"@id\":\"https:\/\/denkmalpflege.tuwien.ac.at\/index.php\/1wahlsemws1516\/#breadcrumb\"},\"inLanguage\":\"de\",\"potentialAction\":[{\"@type\":\"ReadAction\",\"target\":[\"https:\/\/denkmalpflege.tuwien.ac.at\/index.php\/1wahlsemws1516\/\"]}]},{\"@type\":\"ImageObject\",\"inLanguage\":\"de\",\"@id\":\"https:\/\/denkmalpflege.tuwien.ac.at\/index.php\/1wahlsemws1516\/#primaryimage\",\"url\":\"https:\/\/denkmalpflege.tuwien.ac.at\/wp-content\/uploads\/2015\/08\/Denkmalforschung-und-Dokumentation.gif\",\"contentUrl\":\"https:\/\/denkmalpflege.tuwien.ac.at\/wp-content\/uploads\/2015\/08\/Denkmalforschung-und-Dokumentation.gif\",\"width\":\"260\",\"height\":\"226\"},{\"@type\":\"BreadcrumbList\",\"@id\":\"https:\/\/denkmalpflege.tuwien.ac.at\/index.php\/1wahlsemws1516\/#breadcrumb\",\"itemListElement\":[{\"@type\":\"ListItem\",\"position\":1,\"name\":\"Startseite\",\"item\":\"https:\/\/denkmalpflege.tuwien.ac.at\/\"},{\"@type\":\"ListItem\",\"position\":2,\"name\":\"1WahlsemWS15\/16\"}]},{\"@type\":\"WebSite\",\"@id\":\"https:\/\/denkmalpflege.tuwien.ac.at\/#website\",\"url\":\"https:\/\/denkmalpflege.tuwien.ac.at\/\",\"name\":\"Denkmalpflege und Bauen im Bestand\",\"description\":\"Denkmalpflege TU Wien\",\"publisher\":{\"@id\":\"https:\/\/denkmalpflege.tuwien.ac.at\/#organization\"},\"potentialAction\":[{\"@type\":\"SearchAction\",\"target\":{\"@type\":\"EntryPoint\",\"urlTemplate\":\"https:\/\/denkmalpflege.tuwien.ac.at\/?s={search_term_string}\"},\"query-input\":{\"@type\":\"PropertyValueSpecification\",\"valueRequired\":true,\"valueName\":\"search_term_string\"}}],\"inLanguage\":\"de\"},{\"@type\":\"Organization\",\"@id\":\"https:\/\/denkmalpflege.tuwien.ac.at\/#organization\",\"name\":\"TU Wien Denkmalpflege und Bauen im Bestand\",\"url\":\"https:\/\/denkmalpflege.tuwien.ac.at\/\",\"logo\":{\"@type\":\"ImageObject\",\"inLanguage\":\"de\",\"@id\":\"https:\/\/denkmalpflege.tuwien.ac.at\/#\/schema\/logo\/image\/\",\"url\":\"https:\/\/denkmalpflege.tuwien.ac.at\/wp-content\/uploads\/2019\/10\/Logo1.png\",\"contentUrl\":\"https:\/\/denkmalpflege.tuwien.ac.at\/wp-content\/uploads\/2019\/10\/Logo1.png\",\"width\":222,\"height\":79,\"caption\":\"TU Wien Denkmalpflege und Bauen im Bestand\"},\"image\":{\"@id\":\"https:\/\/denkmalpflege.tuwien.ac.at\/#\/schema\/logo\/image\/\"}}]}<\/script>\n<!-- \/ Yoast SEO plugin. -->","yoast_head_json":{"title":"1WahlsemWS15\/16 - Denkmalpflege und Bauen im Bestand","robots":{"index":"index","follow":"follow","max-snippet":"max-snippet:-1","max-image-preview":"max-image-preview:large","max-video-preview":"max-video-preview:-1"},"canonical":"https:\/\/denkmalpflege.tuwien.ac.at\/index.php\/1wahlsemws1516\/","og_locale":"de_DE","og_type":"article","og_title":"1WahlsemWS15\/16 - Denkmalpflege und Bauen im Bestand","og_description":"LVA WS15 251.744 3,0 h (4,0 ECTS) Wahlseminar\u00a0Junges Erbe \u2013 Neue Werte? Denkmale der Nachkriegsmoderne in Wien Bachelor \u2013 Wahlseminar Denkmalforschung und -dokumentation Nott CAVIEZEL, Birgit KNAUER Einf\u00fchrung Mittwoch 7. Oktober 2015, 11:00 Uhr, SR 257 (Stiege 3, 2. Stock) Termine Mittwoch, 11:00-13:00 Uhr im SR 257 (Stiege 3, 2. OG) Anmeldung \u00dcber TISS Lernergebnisse Dieses Wahlseminar soll den Studierenden einen Einblick in die Theorie und Praxis der Denkmalpflege vermittelnRead More","og_url":"https:\/\/denkmalpflege.tuwien.ac.at\/index.php\/1wahlsemws1516\/","og_site_name":"Denkmalpflege und Bauen im Bestand","article_modified_time":"2023-10-22T10:35:30+00:00","og_image":[{"url":"http:\/\/denkmalpflege.tuwien.ac.at\/wp-content\/uploads\/2015\/08\/Denkmalforschung-und-Dokumentation.gif","type":"","width":"","height":""}],"twitter_card":"summary_large_image","twitter_misc":{"Gesch\u00e4tzte Lesezeit":"2\u00a0Minuten"},"schema":{"@context":"https:\/\/schema.org","@graph":[{"@type":"WebPage","@id":"https:\/\/denkmalpflege.tuwien.ac.at\/index.php\/1wahlsemws1516\/","url":"https:\/\/denkmalpflege.tuwien.ac.at\/index.php\/1wahlsemws1516\/","name":"1WahlsemWS15\/16 - Denkmalpflege und Bauen im Bestand","isPartOf":{"@id":"https:\/\/denkmalpflege.tuwien.ac.at\/#website"},"primaryImageOfPage":{"@id":"https:\/\/denkmalpflege.tuwien.ac.at\/index.php\/1wahlsemws1516\/#primaryimage"},"image":{"@id":"https:\/\/denkmalpflege.tuwien.ac.at\/index.php\/1wahlsemws1516\/#primaryimage"},"thumbnailUrl":"http:\/\/denkmalpflege.tuwien.ac.at\/wp-content\/uploads\/2015\/08\/Denkmalforschung-und-Dokumentation.gif","datePublished":"2015-08-31T12:10:40+00:00","dateModified":"2023-10-22T10:35:30+00:00","breadcrumb":{"@id":"https:\/\/denkmalpflege.tuwien.ac.at\/index.php\/1wahlsemws1516\/#breadcrumb"},"inLanguage":"de","potentialAction":[{"@type":"ReadAction","target":["https:\/\/denkmalpflege.tuwien.ac.at\/index.php\/1wahlsemws1516\/"]}]},{"@type":"ImageObject","inLanguage":"de","@id":"https:\/\/denkmalpflege.tuwien.ac.at\/index.php\/1wahlsemws1516\/#primaryimage","url":"https:\/\/denkmalpflege.tuwien.ac.at\/wp-content\/uploads\/2015\/08\/Denkmalforschung-und-Dokumentation.gif","contentUrl":"https:\/\/denkmalpflege.tuwien.ac.at\/wp-content\/uploads\/2015\/08\/Denkmalforschung-und-Dokumentation.gif","width":"260","height":"226"},{"@type":"BreadcrumbList","@id":"https:\/\/denkmalpflege.tuwien.ac.at\/index.php\/1wahlsemws1516\/#breadcrumb","itemListElement":[{"@type":"ListItem","position":1,"name":"Startseite","item":"https:\/\/denkmalpflege.tuwien.ac.at\/"},{"@type":"ListItem","position":2,"name":"1WahlsemWS15\/16"}]},{"@type":"WebSite","@id":"https:\/\/denkmalpflege.tuwien.ac.at\/#website","url":"https:\/\/denkmalpflege.tuwien.ac.at\/","name":"Denkmalpflege und Bauen im Bestand","description":"Denkmalpflege TU Wien","publisher":{"@id":"https:\/\/denkmalpflege.tuwien.ac.at\/#organization"},"potentialAction":[{"@type":"SearchAction","target":{"@type":"EntryPoint","urlTemplate":"https:\/\/denkmalpflege.tuwien.ac.at\/?s={search_term_string}"},"query-input":{"@type":"PropertyValueSpecification","valueRequired":true,"valueName":"search_term_string"}}],"inLanguage":"de"},{"@type":"Organization","@id":"https:\/\/denkmalpflege.tuwien.ac.at\/#organization","name":"TU Wien Denkmalpflege und Bauen im Bestand","url":"https:\/\/denkmalpflege.tuwien.ac.at\/","logo":{"@type":"ImageObject","inLanguage":"de","@id":"https:\/\/denkmalpflege.tuwien.ac.at\/#\/schema\/logo\/image\/","url":"https:\/\/denkmalpflege.tuwien.ac.at\/wp-content\/uploads\/2019\/10\/Logo1.png","contentUrl":"https:\/\/denkmalpflege.tuwien.ac.at\/wp-content\/uploads\/2019\/10\/Logo1.png","width":222,"height":79,"caption":"TU Wien Denkmalpflege und Bauen im Bestand"},"image":{"@id":"https:\/\/denkmalpflege.tuwien.ac.at\/#\/schema\/logo\/image\/"}}]}},"_links":{"self":[{"href":"https:\/\/denkmalpflege.tuwien.ac.at\/index.php\/wp-json\/wp\/v2\/pages\/9081","targetHints":{"allow":["GET"]}}],"collection":[{"href":"https:\/\/denkmalpflege.tuwien.ac.at\/index.php\/wp-json\/wp\/v2\/pages"}],"about":[{"href":"https:\/\/denkmalpflege.tuwien.ac.at\/index.php\/wp-json\/wp\/v2\/types\/page"}],"author":[{"embeddable":true,"href":"https:\/\/denkmalpflege.tuwien.ac.at\/index.php\/wp-json\/wp\/v2\/users\/1"}],"replies":[{"embeddable":true,"href":"https:\/\/denkmalpflege.tuwien.ac.at\/index.php\/wp-json\/wp\/v2\/comments?post=9081"}],"version-history":[{"count":27,"href":"https:\/\/denkmalpflege.tuwien.ac.at\/index.php\/wp-json\/wp\/v2\/pages\/9081\/revisions"}],"predecessor-version":[{"id":27870,"href":"https:\/\/denkmalpflege.tuwien.ac.at\/index.php\/wp-json\/wp\/v2\/pages\/9081\/revisions\/27870"}],"wp:attachment":[{"href":"https:\/\/denkmalpflege.tuwien.ac.at\/index.php\/wp-json\/wp\/v2\/media?parent=9081"}],"curies":[{"name":"wp","href":"https:\/\/api.w.org\/{rel}","templated":true}]}}