{"id":9078,"date":"2015-08-31T14:02:38","date_gmt":"2015-08-31T12:02:38","guid":{"rendered":"http:\/\/denkmalpflege1.e251.tuwien.ac.at\/?page_id=9078"},"modified":"2023-11-02T15:11:13","modified_gmt":"2023-11-02T14:11:13","slug":"1entwerfen2ws1516","status":"publish","type":"page","link":"https:\/\/denkmalpflege.tuwien.ac.at\/index.php\/1entwerfen2ws1516\/","title":{"rendered":"1Entwerfen2WS15\/16"},"content":{"rendered":"\t\t<div data-elementor-type=\"wp-page\" data-elementor-id=\"9078\" class=\"elementor elementor-9078\" data-elementor-post-type=\"page\">\n\t\t\t\t\t\t<section class=\"elementor-section elementor-top-section elementor-element elementor-element-ac40456 elementor-section-full_width elementor-section-height-default elementor-section-height-default\" data-id=\"ac40456\" data-element_type=\"section\">\n\t\t\t\t\t\t<div class=\"elementor-container elementor-column-gap-default\">\n\t\t\t\t\t<div class=\"elementor-column elementor-col-50 elementor-top-column elementor-element elementor-element-28abdaf\" data-id=\"28abdaf\" data-element_type=\"column\">\n\t\t\t<div class=\"elementor-widget-wrap elementor-element-populated\">\n\t\t\t\t\t\t<div class=\"elementor-element elementor-element-08fc6b1 elementor-widget elementor-widget-heading\" data-id=\"08fc6b1\" data-element_type=\"widget\" data-widget_type=\"heading.default\">\n\t\t\t\t<div class=\"elementor-widget-container\">\n\t\t\t\t\t<h2 class=\"elementor-heading-title elementor-size-default\"><a href=\"https:\/\/denkmalpflege.tuwien.ac.at\/index.php\/1lva2ws1516\/\">LVA WS15<\/a><\/h2>\t\t\t\t<\/div>\n\t\t\t\t<\/div>\n\t\t\t\t\t<\/div>\n\t\t<\/div>\n\t\t\t\t<div class=\"elementor-column elementor-col-50 elementor-top-column elementor-element elementor-element-435e08c\" data-id=\"435e08c\" data-element_type=\"column\">\n\t\t\t<div class=\"elementor-widget-wrap elementor-element-populated\">\n\t\t\t\t\t\t<div class=\"elementor-element elementor-element-ce2d9f0 elementor-widget elementor-widget-heading\" data-id=\"ce2d9f0\" data-element_type=\"widget\" data-widget_type=\"heading.default\">\n\t\t\t\t<div class=\"elementor-widget-container\">\n\t\t\t\t\t<h2 class=\"elementor-heading-title elementor-size-default\">251.767 <span style=\"float: right\"> 8,0 h (10,0 ECTS)<\/span><\/h2>\t\t\t\t<\/div>\n\t\t\t\t<\/div>\n\t\t\t\t\t<\/div>\n\t\t<\/div>\n\t\t\t\t\t<\/div>\n\t\t<\/section>\n\t\t\t\t<section class=\"elementor-section elementor-top-section elementor-element elementor-element-4b098e65 elementor-section-full_width elementor-section-height-default elementor-section-height-default\" data-id=\"4b098e65\" data-element_type=\"section\">\n\t\t\t\t\t\t<div class=\"elementor-container elementor-column-gap-default\">\n\t\t\t\t\t<div class=\"elementor-column elementor-col-50 elementor-top-column elementor-element elementor-element-61702a85\" data-id=\"61702a85\" data-element_type=\"column\">\n\t\t\t<div class=\"elementor-widget-wrap elementor-element-populated\">\n\t\t\t\t\t\t<div class=\"elementor-element elementor-element-5d7d555 elementor-nav-menu__align-start elementor-nav-menu--dropdown-mobile elementor-nav-menu__text-align-aside elementor-nav-menu--toggle elementor-nav-menu--burger elementor-widget elementor-widget-nav-menu\" data-id=\"5d7d555\" data-element_type=\"widget\" data-settings=\"{&quot;layout&quot;:&quot;vertical&quot;,&quot;submenu_icon&quot;:{&quot;value&quot;:&quot;&lt;i class=\\&quot;\\&quot; aria-hidden=\\&quot;true\\&quot;&gt;&lt;\\\/i&gt;&quot;,&quot;library&quot;:&quot;&quot;},&quot;toggle&quot;:&quot;burger&quot;}\" data-widget_type=\"nav-menu.default\">\n\t\t\t\t<div class=\"elementor-widget-container\">\n\t\t\t\t\t\t\t\t<nav aria-label=\"Men\u00fc\" class=\"elementor-nav-menu--main elementor-nav-menu__container elementor-nav-menu--layout-vertical e--pointer-none\">\n\t\t\t\t<ul id=\"menu-1-5d7d555\" class=\"elementor-nav-menu sm-vertical\"><li class=\"menu-item menu-item-type-post_type menu-item-object-page menu-item-18566\"><a href=\"https:\/\/denkmalpflege.tuwien.ac.at\/index.php\/1vorlesungws1516\/\" class=\"elementor-item\">Vorlesung <\/br> Denkmalpflege<\/a><\/li>\n<li class=\"menu-item menu-item-type-post_type menu-item-object-page menu-item-18567\"><a href=\"https:\/\/denkmalpflege.tuwien.ac.at\/index.php\/1entwerfen2ws1516\/\" class=\"elementor-item\">Gro\u00dfes Entwerfen <\/br>Theater einmal anders.<\/a><\/li>\n<li class=\"menu-item menu-item-type-post_type menu-item-object-page menu-item-18568\"><a href=\"https:\/\/denkmalpflege.tuwien.ac.at\/index.php\/1wahlsemws1516\/\" class=\"elementor-item\">Wahlseminar <\/br> Junges Erbe \u2013 Neue Werte<\/a><\/li>\n<li class=\"menu-item menu-item-type-post_type menu-item-object-page menu-item-18569\"><a href=\"https:\/\/denkmalpflege.tuwien.ac.at\/index.php\/denkmalpflege-und-bausanierung\/\" class=\"elementor-item\">\u00dcbung <\/br>Denkmalpflege und Bausanierung<\/a><\/li>\n<\/ul>\t\t\t<\/nav>\n\t\t\t\t\t<div class=\"elementor-menu-toggle\" role=\"button\" tabindex=\"0\" aria-label=\"Men\u00fc Umschalter\" aria-expanded=\"false\">\n\t\t\t<i aria-hidden=\"true\" role=\"presentation\" class=\"elementor-menu-toggle__icon--open eicon-menu-bar\"><\/i><i aria-hidden=\"true\" role=\"presentation\" class=\"elementor-menu-toggle__icon--close eicon-close\"><\/i>\t\t<\/div>\n\t\t\t\t\t<nav class=\"elementor-nav-menu--dropdown elementor-nav-menu__container\" aria-hidden=\"true\">\n\t\t\t\t<ul id=\"menu-2-5d7d555\" class=\"elementor-nav-menu sm-vertical\"><li class=\"menu-item menu-item-type-post_type menu-item-object-page menu-item-18566\"><a href=\"https:\/\/denkmalpflege.tuwien.ac.at\/index.php\/1vorlesungws1516\/\" class=\"elementor-item\" tabindex=\"-1\">Vorlesung <\/br> Denkmalpflege<\/a><\/li>\n<li class=\"menu-item menu-item-type-post_type menu-item-object-page menu-item-18567\"><a href=\"https:\/\/denkmalpflege.tuwien.ac.at\/index.php\/1entwerfen2ws1516\/\" class=\"elementor-item\" tabindex=\"-1\">Gro\u00dfes Entwerfen <\/br>Theater einmal anders.<\/a><\/li>\n<li class=\"menu-item menu-item-type-post_type menu-item-object-page menu-item-18568\"><a href=\"https:\/\/denkmalpflege.tuwien.ac.at\/index.php\/1wahlsemws1516\/\" class=\"elementor-item\" tabindex=\"-1\">Wahlseminar <\/br> Junges Erbe \u2013 Neue Werte<\/a><\/li>\n<li class=\"menu-item menu-item-type-post_type menu-item-object-page menu-item-18569\"><a href=\"https:\/\/denkmalpflege.tuwien.ac.at\/index.php\/denkmalpflege-und-bausanierung\/\" class=\"elementor-item\" tabindex=\"-1\">\u00dcbung <\/br>Denkmalpflege und Bausanierung<\/a><\/li>\n<\/ul>\t\t\t<\/nav>\n\t\t\t\t\t\t<\/div>\n\t\t\t\t<\/div>\n\t\t\t\t\t<\/div>\n\t\t<\/div>\n\t\t\t\t<div class=\"elementor-column elementor-col-50 elementor-top-column elementor-element elementor-element-18c10f18\" data-id=\"18c10f18\" data-element_type=\"column\">\n\t\t\t<div class=\"elementor-widget-wrap elementor-element-populated\">\n\t\t\t\t\t\t<div class=\"elementor-element elementor-element-2b7220ad elementor-widget elementor-widget-text-editor\" data-id=\"2b7220ad\" data-element_type=\"widget\" data-widget_type=\"text-editor.default\">\n\t\t\t\t<div class=\"elementor-widget-container\">\n\t\t\t\t\t\t\t\t\t<h1 class=\"lva_h1\">Theater einmal anders \u2013 Entw\u00fcrfe zur Reaktivierung des Steintheaters bei Schloss Hellbrunn (Salzburg)<\/h1>\t\t\t\t\t\t\t\t<\/div>\n\t\t\t\t<\/div>\n\t\t\t\t<div class=\"elementor-element elementor-element-4bea549b lva_img elementor-widget elementor-widget-image\" data-id=\"4bea549b\" data-element_type=\"widget\" data-widget_type=\"image.default\">\n\t\t\t\t<div class=\"elementor-widget-container\">\n\t\t\t\t\t\t\t\t\t\t\t\t\t\t\t<img fetchpriority=\"high\" decoding=\"async\" width=\"291\" height=\"226\" src=\"https:\/\/denkmalpflege.tuwien.ac.at\/wp-content\/uploads\/2015\/08\/Theater.gif\" class=\"attachment-full size-full wp-image-9234\" alt=\"\" \/>\t\t\t\t\t\t\t\t\t\t\t\t\t\t\t<\/div>\n\t\t\t\t<\/div>\n\t\t\t\t<div class=\"elementor-element elementor-element-2c7fc5fc elementor-widget elementor-widget-text-editor\" data-id=\"2c7fc5fc\" data-element_type=\"widget\" data-widget_type=\"text-editor.default\">\n\t\t\t\t<div class=\"elementor-widget-container\">\n\t\t\t\t\t\t\t\t\t<p class=\"akt\">Master \u2013 Gro\u00dfes Entwerfen Denkmalpflege &amp; Entwurf: Strategien der Erhaltung<\/p>\t\t\t\t\t\t\t\t<\/div>\n\t\t\t\t<\/div>\n\t\t\t\t<div class=\"elementor-element elementor-element-6303904e elementor-widget elementor-widget-text-editor\" data-id=\"6303904e\" data-element_type=\"widget\" data-widget_type=\"text-editor.default\">\n\t\t\t\t<div class=\"elementor-widget-container\">\n\t\t\t\t\t\t\t\t\t<h3 class=\"lva_h3 lva_leiter\"><strong>Nott CAVIEZEL, Eva HODY, Lea Elisabeth ULLMANN<\/strong><\/h3><h3 class=\"lva_h3 lva_leiter lva_h3_abstand\"><strong>Einf\u00fchrung<\/strong><\/h3><p class=\"lva_text\">Dienstag 6. Oktober 2015, 9:00 Uhr, SR 257 (Stiege 3, 2. Stock)<\/p><h3 class=\"lva_h3 lva_leiter lva_h3_abstand\"><strong>Termine<\/strong><\/h3><p class=\"lva_text\">Dienstag, 9:00-13:00 Uhr im SR 257 (Stiege 3, 2. OG)<\/p><h3 class=\"lva_h3 lva_leiter lva_h3_abstand\"><strong>Exkursion<\/strong><\/h3><p class=\"lva_text\">nach Salzburg, 21. bis 24. Oktober 2015<br \/>Teilnahme verpflichtend!<\/p><h3 class=\"lva_h3 lva_leiter lva_h3_abstand\"><strong>Anmeldung<\/strong><\/h3><p class=\"lva_text\">\u00dcber <a class=\"link\" href=\"https:\/\/tiss.tuwien.ac.at\/course\/courseDetails.xhtml?windowId=2fc&amp;courseNr=251767&amp;semester=2015W\"> TISS<\/a><\/p>\t\t\t\t\t\t\t\t<\/div>\n\t\t\t\t<\/div>\n\t\t\t\t<div class=\"elementor-element elementor-element-569d379f elementor-widget-divider--view-line elementor-widget elementor-widget-divider\" data-id=\"569d379f\" data-element_type=\"widget\" data-widget_type=\"divider.default\">\n\t\t\t\t<div class=\"elementor-widget-container\">\n\t\t\t\t\t\t\t<div class=\"elementor-divider\">\n\t\t\t<span class=\"elementor-divider-separator\">\n\t\t\t\t\t\t<\/span>\n\t\t<\/div>\n\t\t\t\t\t\t<\/div>\n\t\t\t\t<\/div>\n\t\t\t\t<div class=\"elementor-element elementor-element-1c055493 elementor-widget elementor-widget-text-editor\" data-id=\"1c055493\" data-element_type=\"widget\" data-widget_type=\"text-editor.default\">\n\t\t\t\t<div class=\"elementor-widget-container\">\n\t\t\t\t\t\t\t\t\t<h3 class=\"lva_h3 lva_leiter lva_h3_abstand\"><strong>Lernergebnisse<\/strong><\/h3><p>Jede Entwurfsarbeit an denkmalpflegerisch bedeutsamen Objekten beansprucht spezifische Kenntnisse und erfordert dem Bestand angemessene Strategien. S\u00fcdlich von Salzburg befindet sich das bedeutende manieristische Schloss Hellbrunn aus dem Anfang des 17. Jahrhunderts, das als Gesamtes unter Denkmalschutz steht. Bekannt ist es ist auch wegen seiner ganzen Anlage mit Schlosspark, G\u00e4rten und Wasserspielen. Besondere Ber\u00fchmtheit erlangte das so genannte &#8222;Steintheater&#8220;, das etwas abseits im Wald liegt. Erzbischof Markus Sittikus lie\u00df sich dort &#8211; vermutlich vom italienischen Architekten Santino Solari, dem Erbauer des Salzburger Doms &#8211; in den nat\u00fcrlichen Felsformationen ein Freilufttheater einrichten, das sich w\u00e4hrend eines halben Jahrhunderts gro\u00dfer Beliebtheit erfreute. Nicht von ungef\u00e4hr hat Bernhard Fischer von Erlach das Theater als &#8222;Wundersame Felsen-B\u00fchne&#8220; in seinem 1721 erschienenen Tafelwerk &#8222;Entwurff einer historischen Architectur in Abbildung unterschiedener ber\u00fchmten Geb\u00e4ude&#8220; aufgenommen.<\/p><p>Heute bestehen Absichten, das Theater wieder zu reaktivieren. Unser Entwerfen wird sich dieser Aufgabe stellen und versuchen, unter Wahrung der au\u00dferordentlichen Qualit\u00e4ten und Werte dieses Ortes einen zeitgem\u00e4\u00dfen saisonalen Betrieb zu erm\u00f6glichen. Dies bedingt, eingedenk des gr\u00f6\u00dften Respekts vor dem Bestand und seiner besonderen Ausstrahlung, gewisse bauliche (auch tempor\u00e4re) Ma\u00dfnahmen zu treffen, stichwortartig: Erschlie\u00dfung, Zuschauerraum, Empfang, Pausenbereiche (z.B. Toiletten), B\u00fchne etc. Das Entwerfen ist mit einem drei- bis viert\u00e4gigen Aufenthalt in Salzburg verkn\u00fcpft, der aller Voraussicht nach in der dritten Oktoberwoche stattfinden wird.<\/p><h3 class=\"lva_h3 lva_leiter lva_h3_abstand\"><strong>Inhalt der Lehrveranstaltung<\/strong><\/h3><p class=\"va_text\">Die in Zusammenarbeit mit dem Landeskonservatorat Salzburg und seiner Leiterin, Frau DI Eva Hody, durchgef\u00fchrte \u00dcbung bietet den Studierenden die Gelegenheit, sich mit den vielf\u00e4ltigen Erfordernissen zu befassen, denen man beim Erhalten, Restaurieren, Sanieren und Nutzen eines Denkmals gerecht werden muss. Die Aufgabenstellung ist realit\u00e4tsnah und bietet den Studierenden die M\u00f6glichkeit, ihre analytischen und entwerferischen F\u00e4higkeiten an einer entsprechend realen Problemstellung zu sch\u00e4rfen. Da es sich beim Steintheater um ein ganz au\u00dferordentliches Denkmal mit besonderen Qualit\u00e4ten handelt, erfordert die Aufgabe eine tiefreichende Analyse des historischen, landschaftlichen und baulichen Kontextes. Aus den entsprechenden Erkenntnissen sollen zum einen denkmalpflegerisch vertretbare Konzepte und interessante Entw\u00fcrfe entstehen.<\/p>\t\t\t\t\t\t\t\t<\/div>\n\t\t\t\t<\/div>\n\t\t\t\t<div class=\"elementor-element elementor-element-47c04ffa elementor-widget-divider--view-line elementor-widget elementor-widget-divider\" data-id=\"47c04ffa\" data-element_type=\"widget\" data-widget_type=\"divider.default\">\n\t\t\t\t<div class=\"elementor-widget-container\">\n\t\t\t\t\t\t\t<div class=\"elementor-divider\">\n\t\t\t<span class=\"elementor-divider-separator\">\n\t\t\t\t\t\t<\/span>\n\t\t<\/div>\n\t\t\t\t\t\t<\/div>\n\t\t\t\t<\/div>\n\t\t\t\t<section class=\"elementor-section elementor-inner-section elementor-element elementor-element-48c45d22 elementor-section-boxed elementor-section-height-default elementor-section-height-default\" data-id=\"48c45d22\" data-element_type=\"section\">\n\t\t\t\t\t\t<div class=\"elementor-container elementor-column-gap-default\">\n\t\t\t\t\t<div class=\"elementor-column elementor-col-50 elementor-inner-column elementor-element elementor-element-27c9b07a\" data-id=\"27c9b07a\" data-element_type=\"column\">\n\t\t\t<div class=\"elementor-widget-wrap elementor-element-populated\">\n\t\t\t\t\t\t<div class=\"elementor-element elementor-element-71ae0588 elementor-widget elementor-widget-text-editor\" data-id=\"71ae0588\" data-element_type=\"widget\" data-widget_type=\"text-editor.default\">\n\t\t\t\t<div class=\"elementor-widget-container\">\n\t\t\t\t\t\t\t\t\t<p class=\"lva_text\"><a class=\"link link_blau\" href=\"https:\/\/tiss.tuwien.ac.at\/course\/courseDetails.xhtml?windowId=2fc&amp;courseNr=251767&amp;semester=2015W\">TISS<\/a><\/p>\t\t\t\t\t\t\t\t<\/div>\n\t\t\t\t<\/div>\n\t\t\t\t\t<\/div>\n\t\t<\/div>\n\t\t\t\t<div class=\"elementor-column elementor-col-50 elementor-inner-column elementor-element elementor-element-7181793f\" data-id=\"7181793f\" data-element_type=\"column\">\n\t\t\t<div class=\"elementor-widget-wrap\">\n\t\t\t\t\t\t\t<\/div>\n\t\t<\/div>\n\t\t\t\t\t<\/div>\n\t\t<\/section>\n\t\t\t\t\t<\/div>\n\t\t<\/div>\n\t\t\t\t\t<\/div>\n\t\t<\/section>\n\t\t\t\t<\/div>\n\t\t","protected":false},"excerpt":{"rendered":"<p>LVA WS15 251.767 8,0 h (10,0 ECTS) Theater einmal anders \u2013 Entw\u00fcrfe zur Reaktivierung des Steintheaters bei Schloss Hellbrunn (Salzburg) Master \u2013 Gro\u00dfes Entwerfen Denkmalpflege &amp; Entwurf: Strategien der Erhaltung Nott CAVIEZEL, Eva HODY, Lea Elisabeth ULLMANN Einf\u00fchrung Dienstag 6. Oktober 2015, 9:00 Uhr, SR 257 (Stiege 3, 2. Stock) Termine Dienstag, 9:00-13:00 Uhr im SR 257 (Stiege 3, 2. OG) Exkursion nach Salzburg, 21. bis 24. Oktober 2015Teilnahme verpflichtend!<\/p>\n<div class=\"belowpost\"><a class=\"btnmore icon-arrow\" href=\"https:\/\/denkmalpflege.tuwien.ac.at\/index.php\/1entwerfen2ws1516\/\"><span>Read More<\/span><\/a><\/div>\n","protected":false},"author":1,"featured_media":0,"parent":0,"menu_order":0,"comment_status":"open","ping_status":"open","template":"","meta":{"footnotes":""},"class_list":["post-9078","page","type-page","status-publish","hentry"],"yoast_head":"<!-- This site is optimized with the Yoast SEO plugin v26.0 - https:\/\/yoast.com\/wordpress\/plugins\/seo\/ -->\n<title>1Entwerfen2WS15\/16 - Denkmalpflege und Bauen im Bestand<\/title>\n<meta name=\"robots\" content=\"index, follow, max-snippet:-1, max-image-preview:large, max-video-preview:-1\" \/>\n<link rel=\"canonical\" href=\"https:\/\/denkmalpflege.tuwien.ac.at\/index.php\/1entwerfen2ws1516\/\" \/>\n<meta property=\"og:locale\" content=\"de_DE\" \/>\n<meta property=\"og:type\" content=\"article\" \/>\n<meta property=\"og:title\" content=\"1Entwerfen2WS15\/16 - Denkmalpflege und Bauen im Bestand\" \/>\n<meta property=\"og:description\" content=\"LVA WS15 251.767 8,0 h (10,0 ECTS) Theater einmal anders \u2013 Entw\u00fcrfe zur Reaktivierung des Steintheaters bei Schloss Hellbrunn (Salzburg) Master \u2013 Gro\u00dfes Entwerfen Denkmalpflege &amp; Entwurf: Strategien der Erhaltung Nott CAVIEZEL, Eva HODY, Lea Elisabeth ULLMANN Einf\u00fchrung Dienstag 6. Oktober 2015, 9:00 Uhr, SR 257 (Stiege 3, 2. Stock) Termine Dienstag, 9:00-13:00 Uhr im SR 257 (Stiege 3, 2. OG) Exkursion nach Salzburg, 21. bis 24. Oktober 2015Teilnahme verpflichtend!Read More\" \/>\n<meta property=\"og:url\" content=\"https:\/\/denkmalpflege.tuwien.ac.at\/index.php\/1entwerfen2ws1516\/\" \/>\n<meta property=\"og:site_name\" content=\"Denkmalpflege und Bauen im Bestand\" \/>\n<meta property=\"article:modified_time\" content=\"2023-11-02T14:11:13+00:00\" \/>\n<meta property=\"og:image\" content=\"http:\/\/denkmalpflege.tuwien.ac.at\/wp-content\/uploads\/2015\/08\/Theater.gif\" \/>\n<meta name=\"twitter:card\" content=\"summary_large_image\" \/>\n<meta name=\"twitter:label1\" content=\"Gesch\u00e4tzte Lesezeit\" \/>\n\t<meta name=\"twitter:data1\" content=\"2\u00a0Minuten\" \/>\n<script type=\"application\/ld+json\" class=\"yoast-schema-graph\">{\"@context\":\"https:\/\/schema.org\",\"@graph\":[{\"@type\":\"WebPage\",\"@id\":\"https:\/\/denkmalpflege.tuwien.ac.at\/index.php\/1entwerfen2ws1516\/\",\"url\":\"https:\/\/denkmalpflege.tuwien.ac.at\/index.php\/1entwerfen2ws1516\/\",\"name\":\"1Entwerfen2WS15\/16 - Denkmalpflege und Bauen im Bestand\",\"isPartOf\":{\"@id\":\"https:\/\/denkmalpflege.tuwien.ac.at\/#website\"},\"primaryImageOfPage\":{\"@id\":\"https:\/\/denkmalpflege.tuwien.ac.at\/index.php\/1entwerfen2ws1516\/#primaryimage\"},\"image\":{\"@id\":\"https:\/\/denkmalpflege.tuwien.ac.at\/index.php\/1entwerfen2ws1516\/#primaryimage\"},\"thumbnailUrl\":\"http:\/\/denkmalpflege.tuwien.ac.at\/wp-content\/uploads\/2015\/08\/Theater.gif\",\"datePublished\":\"2015-08-31T12:02:38+00:00\",\"dateModified\":\"2023-11-02T14:11:13+00:00\",\"breadcrumb\":{\"@id\":\"https:\/\/denkmalpflege.tuwien.ac.at\/index.php\/1entwerfen2ws1516\/#breadcrumb\"},\"inLanguage\":\"de\",\"potentialAction\":[{\"@type\":\"ReadAction\",\"target\":[\"https:\/\/denkmalpflege.tuwien.ac.at\/index.php\/1entwerfen2ws1516\/\"]}]},{\"@type\":\"ImageObject\",\"inLanguage\":\"de\",\"@id\":\"https:\/\/denkmalpflege.tuwien.ac.at\/index.php\/1entwerfen2ws1516\/#primaryimage\",\"url\":\"https:\/\/denkmalpflege.tuwien.ac.at\/wp-content\/uploads\/2015\/08\/Theater.gif\",\"contentUrl\":\"https:\/\/denkmalpflege.tuwien.ac.at\/wp-content\/uploads\/2015\/08\/Theater.gif\",\"width\":\"291\",\"height\":\"226\"},{\"@type\":\"BreadcrumbList\",\"@id\":\"https:\/\/denkmalpflege.tuwien.ac.at\/index.php\/1entwerfen2ws1516\/#breadcrumb\",\"itemListElement\":[{\"@type\":\"ListItem\",\"position\":1,\"name\":\"Startseite\",\"item\":\"https:\/\/denkmalpflege.tuwien.ac.at\/\"},{\"@type\":\"ListItem\",\"position\":2,\"name\":\"1Entwerfen2WS15\/16\"}]},{\"@type\":\"WebSite\",\"@id\":\"https:\/\/denkmalpflege.tuwien.ac.at\/#website\",\"url\":\"https:\/\/denkmalpflege.tuwien.ac.at\/\",\"name\":\"Denkmalpflege und Bauen im Bestand\",\"description\":\"Denkmalpflege TU Wien\",\"publisher\":{\"@id\":\"https:\/\/denkmalpflege.tuwien.ac.at\/#organization\"},\"potentialAction\":[{\"@type\":\"SearchAction\",\"target\":{\"@type\":\"EntryPoint\",\"urlTemplate\":\"https:\/\/denkmalpflege.tuwien.ac.at\/?s={search_term_string}\"},\"query-input\":{\"@type\":\"PropertyValueSpecification\",\"valueRequired\":true,\"valueName\":\"search_term_string\"}}],\"inLanguage\":\"de\"},{\"@type\":\"Organization\",\"@id\":\"https:\/\/denkmalpflege.tuwien.ac.at\/#organization\",\"name\":\"TU Wien Denkmalpflege und Bauen im Bestand\",\"url\":\"https:\/\/denkmalpflege.tuwien.ac.at\/\",\"logo\":{\"@type\":\"ImageObject\",\"inLanguage\":\"de\",\"@id\":\"https:\/\/denkmalpflege.tuwien.ac.at\/#\/schema\/logo\/image\/\",\"url\":\"https:\/\/denkmalpflege.tuwien.ac.at\/wp-content\/uploads\/2019\/10\/Logo1.png\",\"contentUrl\":\"https:\/\/denkmalpflege.tuwien.ac.at\/wp-content\/uploads\/2019\/10\/Logo1.png\",\"width\":222,\"height\":79,\"caption\":\"TU Wien Denkmalpflege und Bauen im Bestand\"},\"image\":{\"@id\":\"https:\/\/denkmalpflege.tuwien.ac.at\/#\/schema\/logo\/image\/\"}}]}<\/script>\n<!-- \/ Yoast SEO plugin. -->","yoast_head_json":{"title":"1Entwerfen2WS15\/16 - Denkmalpflege und Bauen im Bestand","robots":{"index":"index","follow":"follow","max-snippet":"max-snippet:-1","max-image-preview":"max-image-preview:large","max-video-preview":"max-video-preview:-1"},"canonical":"https:\/\/denkmalpflege.tuwien.ac.at\/index.php\/1entwerfen2ws1516\/","og_locale":"de_DE","og_type":"article","og_title":"1Entwerfen2WS15\/16 - Denkmalpflege und Bauen im Bestand","og_description":"LVA WS15 251.767 8,0 h (10,0 ECTS) Theater einmal anders \u2013 Entw\u00fcrfe zur Reaktivierung des Steintheaters bei Schloss Hellbrunn (Salzburg) Master \u2013 Gro\u00dfes Entwerfen Denkmalpflege &amp; Entwurf: Strategien der Erhaltung Nott CAVIEZEL, Eva HODY, Lea Elisabeth ULLMANN Einf\u00fchrung Dienstag 6. Oktober 2015, 9:00 Uhr, SR 257 (Stiege 3, 2. Stock) Termine Dienstag, 9:00-13:00 Uhr im SR 257 (Stiege 3, 2. OG) Exkursion nach Salzburg, 21. bis 24. Oktober 2015Teilnahme verpflichtend!Read More","og_url":"https:\/\/denkmalpflege.tuwien.ac.at\/index.php\/1entwerfen2ws1516\/","og_site_name":"Denkmalpflege und Bauen im Bestand","article_modified_time":"2023-11-02T14:11:13+00:00","og_image":[{"url":"http:\/\/denkmalpflege.tuwien.ac.at\/wp-content\/uploads\/2015\/08\/Theater.gif","type":"","width":"","height":""}],"twitter_card":"summary_large_image","twitter_misc":{"Gesch\u00e4tzte Lesezeit":"2\u00a0Minuten"},"schema":{"@context":"https:\/\/schema.org","@graph":[{"@type":"WebPage","@id":"https:\/\/denkmalpflege.tuwien.ac.at\/index.php\/1entwerfen2ws1516\/","url":"https:\/\/denkmalpflege.tuwien.ac.at\/index.php\/1entwerfen2ws1516\/","name":"1Entwerfen2WS15\/16 - Denkmalpflege und Bauen im Bestand","isPartOf":{"@id":"https:\/\/denkmalpflege.tuwien.ac.at\/#website"},"primaryImageOfPage":{"@id":"https:\/\/denkmalpflege.tuwien.ac.at\/index.php\/1entwerfen2ws1516\/#primaryimage"},"image":{"@id":"https:\/\/denkmalpflege.tuwien.ac.at\/index.php\/1entwerfen2ws1516\/#primaryimage"},"thumbnailUrl":"http:\/\/denkmalpflege.tuwien.ac.at\/wp-content\/uploads\/2015\/08\/Theater.gif","datePublished":"2015-08-31T12:02:38+00:00","dateModified":"2023-11-02T14:11:13+00:00","breadcrumb":{"@id":"https:\/\/denkmalpflege.tuwien.ac.at\/index.php\/1entwerfen2ws1516\/#breadcrumb"},"inLanguage":"de","potentialAction":[{"@type":"ReadAction","target":["https:\/\/denkmalpflege.tuwien.ac.at\/index.php\/1entwerfen2ws1516\/"]}]},{"@type":"ImageObject","inLanguage":"de","@id":"https:\/\/denkmalpflege.tuwien.ac.at\/index.php\/1entwerfen2ws1516\/#primaryimage","url":"https:\/\/denkmalpflege.tuwien.ac.at\/wp-content\/uploads\/2015\/08\/Theater.gif","contentUrl":"https:\/\/denkmalpflege.tuwien.ac.at\/wp-content\/uploads\/2015\/08\/Theater.gif","width":"291","height":"226"},{"@type":"BreadcrumbList","@id":"https:\/\/denkmalpflege.tuwien.ac.at\/index.php\/1entwerfen2ws1516\/#breadcrumb","itemListElement":[{"@type":"ListItem","position":1,"name":"Startseite","item":"https:\/\/denkmalpflege.tuwien.ac.at\/"},{"@type":"ListItem","position":2,"name":"1Entwerfen2WS15\/16"}]},{"@type":"WebSite","@id":"https:\/\/denkmalpflege.tuwien.ac.at\/#website","url":"https:\/\/denkmalpflege.tuwien.ac.at\/","name":"Denkmalpflege und Bauen im Bestand","description":"Denkmalpflege TU Wien","publisher":{"@id":"https:\/\/denkmalpflege.tuwien.ac.at\/#organization"},"potentialAction":[{"@type":"SearchAction","target":{"@type":"EntryPoint","urlTemplate":"https:\/\/denkmalpflege.tuwien.ac.at\/?s={search_term_string}"},"query-input":{"@type":"PropertyValueSpecification","valueRequired":true,"valueName":"search_term_string"}}],"inLanguage":"de"},{"@type":"Organization","@id":"https:\/\/denkmalpflege.tuwien.ac.at\/#organization","name":"TU Wien Denkmalpflege und Bauen im Bestand","url":"https:\/\/denkmalpflege.tuwien.ac.at\/","logo":{"@type":"ImageObject","inLanguage":"de","@id":"https:\/\/denkmalpflege.tuwien.ac.at\/#\/schema\/logo\/image\/","url":"https:\/\/denkmalpflege.tuwien.ac.at\/wp-content\/uploads\/2019\/10\/Logo1.png","contentUrl":"https:\/\/denkmalpflege.tuwien.ac.at\/wp-content\/uploads\/2019\/10\/Logo1.png","width":222,"height":79,"caption":"TU Wien Denkmalpflege und Bauen im Bestand"},"image":{"@id":"https:\/\/denkmalpflege.tuwien.ac.at\/#\/schema\/logo\/image\/"}}]}},"_links":{"self":[{"href":"https:\/\/denkmalpflege.tuwien.ac.at\/index.php\/wp-json\/wp\/v2\/pages\/9078","targetHints":{"allow":["GET"]}}],"collection":[{"href":"https:\/\/denkmalpflege.tuwien.ac.at\/index.php\/wp-json\/wp\/v2\/pages"}],"about":[{"href":"https:\/\/denkmalpflege.tuwien.ac.at\/index.php\/wp-json\/wp\/v2\/types\/page"}],"author":[{"embeddable":true,"href":"https:\/\/denkmalpflege.tuwien.ac.at\/index.php\/wp-json\/wp\/v2\/users\/1"}],"replies":[{"embeddable":true,"href":"https:\/\/denkmalpflege.tuwien.ac.at\/index.php\/wp-json\/wp\/v2\/comments?post=9078"}],"version-history":[{"count":41,"href":"https:\/\/denkmalpflege.tuwien.ac.at\/index.php\/wp-json\/wp\/v2\/pages\/9078\/revisions"}],"predecessor-version":[{"id":28778,"href":"https:\/\/denkmalpflege.tuwien.ac.at\/index.php\/wp-json\/wp\/v2\/pages\/9078\/revisions\/28778"}],"wp:attachment":[{"href":"https:\/\/denkmalpflege.tuwien.ac.at\/index.php\/wp-json\/wp\/v2\/media?parent=9078"}],"curies":[{"name":"wp","href":"https:\/\/api.w.org\/{rel}","templated":true}]}}