{"id":9023,"date":"2015-08-04T12:27:51","date_gmt":"2015-08-04T10:27:51","guid":{"rendered":"http:\/\/denkmalpflege1.e251.tuwien.ac.at\/?page_id=9023"},"modified":"2018-06-04T09:39:00","modified_gmt":"2018-06-04T07:39:00","slug":"morawetz","status":"publish","type":"page","link":"https:\/\/denkmalpflege.tuwien.ac.at\/index.php\/morawetz\/","title":{"rendered":"Morawetz"},"content":{"rendered":"<div class='mitarbeiter'>\n<div class='grey'>\n<img decoding=\"async\" src=\"http:\/\/denkmalpflege1.e251.tuwien.ac.at\/wp-content\/uploads\/2015\/08\/kleini1.gif\" alt=\"Morawetz\" title=\"Morawetz\" width=\"130\" height=\"113\" class=\"alignnone size-full wp-image-165\" \/> <a href='diplomanden-prof-stadler' class='right_link'>&lt; Alle Arbeiten<\/a><br \/>\n<b>Die Linzer Eisenbahnbr\u00fccke <\/b><\/p>\n<p><\/b><br \/>\n<strong>2015 Paul  MORAWETZ<\/strong> <\/p>\n<div class='breakline'><\/div>\n<\/div>\n<div class='greyfield'>\nDie nach dreij\u00e4hriger Bauzeit fertiggestellte Linzer Eisenbahnbr\u00fccke \u00fcber die Donau galt wegen ihrer Konstruktion aus gewalzten und vernieteten Eisenprofilen als die modernste und gr\u00f6\u00dfte Br\u00fccke der Habsburgermonarchie. Mehrere Sanierungen \u00e4nderten nichts am urspr\u00fcnglichen Aussehen der f\u00fcr Eisenbahn und Stra\u00dfenverkehr genutzten Br\u00fccke, die das Linzer Stadtbild bereits seit 1900 pr\u00e4gt. 2003 unter Denkmalschutz gestellt, droht dem Objekt dennoch die Zerst\u00f6rung: Wegen Korrosionssch\u00e4den, Bedenken bez\u00fcglich der Sanierung sowohl in wirtschaftlicher als auch technischer Hinsicht sowie der von Seiten der \u00d6BB als obsolet angegebenen Nutzung als Eisenbahnquerung \u00fcber die Donau wurde 2013 eine Abbruchbewilligung des Bundesdenkmalamts erteilt.<br \/>\nNeben einem historischen Aufri\u00df zur Entwicklung der Linzer Eisenbahnbr\u00fccke soll die Arbeit einen Einblick in die Linzer Stadtentwicklung und Verkehrsplanung geben und  L\u00f6sungsvorschl\u00e4ge aufzeigen, wie die Demolierung der denkmalgesch\u00fctzten Br\u00fccke theoretisch zu verhindern gewesen w\u00e4re.<\/p>\n<div class='breakline'><\/div>\n<\/div>\n<p><span><\/span><br \/>\n<img decoding=\"async\" src=\"http:\/\/denkmalpflege1.e251.tuwien.ac.at\/wp-content\/uploads\/2015\/08\/1.gif\" width=\"960\" height=\"\"  alt=\"\" \/><br \/>\n<span><\/span><br \/>\n<img decoding=\"async\" src=\"http:\/\/denkmalpflege1.e251.tuwien.ac.at\/wp-content\/uploads\/2015\/08\/2.gif\" width=\"960\" height=\"\"  alt=\"\" \/><\/p>\n<div class='breakline'><\/div>\n<\/div>\n<\/div>\n","protected":false},"excerpt":{"rendered":"<p>&lt; Alle Arbeiten Die Linzer Eisenbahnbr\u00fccke 2015 Paul MORAWETZ Die nach dreij\u00e4hriger Bauzeit fertiggestellte Linzer Eisenbahnbr\u00fccke \u00fcber die Donau galt wegen ihrer Konstruktion aus gewalzten und vernieteten Eisenprofilen als die modernste und gr\u00f6\u00dfte Br\u00fccke der Habsburgermonarchie. Mehrere Sanierungen \u00e4nderten nichts am urspr\u00fcnglichen Aussehen der f\u00fcr Eisenbahn und Stra\u00dfenverkehr genutzten Br\u00fccke, die das Linzer Stadtbild bereits seit 1900 pr\u00e4gt. 2003 unter Denkmalschutz gestellt, droht dem Objekt dennoch die Zerst\u00f6rung: Wegen Korrosionssch\u00e4den,<\/p>\n<div class=\"belowpost\"><a class=\"btnmore icon-arrow\" href=\"https:\/\/denkmalpflege.tuwien.ac.at\/index.php\/morawetz\/\"><span>Read More<\/span><\/a><\/div>\n","protected":false},"author":1,"featured_media":0,"parent":0,"menu_order":0,"comment_status":"open","ping_status":"open","template":"","meta":{"footnotes":""},"class_list":["post-9023","page","type-page","status-publish","hentry"],"yoast_head":"<!-- This site is optimized with the Yoast SEO plugin v26.0 - https:\/\/yoast.com\/wordpress\/plugins\/seo\/ -->\n<title>Morawetz - Denkmalpflege und Bauen im Bestand<\/title>\n<meta name=\"robots\" content=\"index, follow, max-snippet:-1, max-image-preview:large, max-video-preview:-1\" \/>\n<link rel=\"canonical\" href=\"https:\/\/denkmalpflege.tuwien.ac.at\/index.php\/morawetz\/\" \/>\n<meta property=\"og:locale\" content=\"de_DE\" \/>\n<meta property=\"og:type\" content=\"article\" \/>\n<meta property=\"og:title\" content=\"Morawetz - Denkmalpflege und Bauen im Bestand\" \/>\n<meta property=\"og:description\" content=\"&lt; Alle Arbeiten Die Linzer Eisenbahnbr\u00fccke 2015 Paul MORAWETZ Die nach dreij\u00e4hriger Bauzeit fertiggestellte Linzer Eisenbahnbr\u00fccke \u00fcber die Donau galt wegen ihrer Konstruktion aus gewalzten und vernieteten Eisenprofilen als die modernste und gr\u00f6\u00dfte Br\u00fccke der Habsburgermonarchie. Mehrere Sanierungen \u00e4nderten nichts am urspr\u00fcnglichen Aussehen der f\u00fcr Eisenbahn und Stra\u00dfenverkehr genutzten Br\u00fccke, die das Linzer Stadtbild bereits seit 1900 pr\u00e4gt. 2003 unter Denkmalschutz gestellt, droht dem Objekt dennoch die Zerst\u00f6rung: Wegen Korrosionssch\u00e4den,Read More\" \/>\n<meta property=\"og:url\" content=\"https:\/\/denkmalpflege.tuwien.ac.at\/index.php\/morawetz\/\" \/>\n<meta property=\"og:site_name\" content=\"Denkmalpflege und Bauen im Bestand\" \/>\n<meta property=\"article:modified_time\" content=\"2018-06-04T07:39:00+00:00\" \/>\n<meta name=\"twitter:card\" content=\"summary_large_image\" \/>\n<meta name=\"twitter:label1\" content=\"Gesch\u00e4tzte Lesezeit\" \/>\n\t<meta name=\"twitter:data1\" content=\"1\u00a0Minute\" \/>\n<script type=\"application\/ld+json\" class=\"yoast-schema-graph\">{\"@context\":\"https:\/\/schema.org\",\"@graph\":[{\"@type\":\"WebPage\",\"@id\":\"https:\/\/denkmalpflege.tuwien.ac.at\/index.php\/morawetz\/\",\"url\":\"https:\/\/denkmalpflege.tuwien.ac.at\/index.php\/morawetz\/\",\"name\":\"Morawetz - Denkmalpflege und Bauen im Bestand\",\"isPartOf\":{\"@id\":\"https:\/\/denkmalpflege.tuwien.ac.at\/#website\"},\"primaryImageOfPage\":{\"@id\":\"https:\/\/denkmalpflege.tuwien.ac.at\/index.php\/morawetz\/#primaryimage\"},\"image\":{\"@id\":\"https:\/\/denkmalpflege.tuwien.ac.at\/index.php\/morawetz\/#primaryimage\"},\"thumbnailUrl\":\"http:\/\/denkmalpflege1.e251.tuwien.ac.at\/wp-content\/uploads\/2015\/08\/kleini1.gif\",\"datePublished\":\"2015-08-04T10:27:51+00:00\",\"dateModified\":\"2018-06-04T07:39:00+00:00\",\"breadcrumb\":{\"@id\":\"https:\/\/denkmalpflege.tuwien.ac.at\/index.php\/morawetz\/#breadcrumb\"},\"inLanguage\":\"de\",\"potentialAction\":[{\"@type\":\"ReadAction\",\"target\":[\"https:\/\/denkmalpflege.tuwien.ac.at\/index.php\/morawetz\/\"]}]},{\"@type\":\"ImageObject\",\"inLanguage\":\"de\",\"@id\":\"https:\/\/denkmalpflege.tuwien.ac.at\/index.php\/morawetz\/#primaryimage\",\"url\":\"http:\/\/denkmalpflege1.e251.tuwien.ac.at\/wp-content\/uploads\/2015\/08\/kleini1.gif\",\"contentUrl\":\"http:\/\/denkmalpflege1.e251.tuwien.ac.at\/wp-content\/uploads\/2015\/08\/kleini1.gif\"},{\"@type\":\"BreadcrumbList\",\"@id\":\"https:\/\/denkmalpflege.tuwien.ac.at\/index.php\/morawetz\/#breadcrumb\",\"itemListElement\":[{\"@type\":\"ListItem\",\"position\":1,\"name\":\"Startseite\",\"item\":\"https:\/\/denkmalpflege.tuwien.ac.at\/\"},{\"@type\":\"ListItem\",\"position\":2,\"name\":\"Morawetz\"}]},{\"@type\":\"WebSite\",\"@id\":\"https:\/\/denkmalpflege.tuwien.ac.at\/#website\",\"url\":\"https:\/\/denkmalpflege.tuwien.ac.at\/\",\"name\":\"Denkmalpflege und Bauen im Bestand\",\"description\":\"Denkmalpflege TU Wien\",\"publisher\":{\"@id\":\"https:\/\/denkmalpflege.tuwien.ac.at\/#organization\"},\"potentialAction\":[{\"@type\":\"SearchAction\",\"target\":{\"@type\":\"EntryPoint\",\"urlTemplate\":\"https:\/\/denkmalpflege.tuwien.ac.at\/?s={search_term_string}\"},\"query-input\":{\"@type\":\"PropertyValueSpecification\",\"valueRequired\":true,\"valueName\":\"search_term_string\"}}],\"inLanguage\":\"de\"},{\"@type\":\"Organization\",\"@id\":\"https:\/\/denkmalpflege.tuwien.ac.at\/#organization\",\"name\":\"TU Wien Denkmalpflege und Bauen im Bestand\",\"url\":\"https:\/\/denkmalpflege.tuwien.ac.at\/\",\"logo\":{\"@type\":\"ImageObject\",\"inLanguage\":\"de\",\"@id\":\"https:\/\/denkmalpflege.tuwien.ac.at\/#\/schema\/logo\/image\/\",\"url\":\"https:\/\/denkmalpflege.tuwien.ac.at\/wp-content\/uploads\/2019\/10\/Logo1.png\",\"contentUrl\":\"https:\/\/denkmalpflege.tuwien.ac.at\/wp-content\/uploads\/2019\/10\/Logo1.png\",\"width\":222,\"height\":79,\"caption\":\"TU Wien Denkmalpflege und Bauen im Bestand\"},\"image\":{\"@id\":\"https:\/\/denkmalpflege.tuwien.ac.at\/#\/schema\/logo\/image\/\"}}]}<\/script>\n<!-- \/ Yoast SEO plugin. -->","yoast_head_json":{"title":"Morawetz - Denkmalpflege und Bauen im Bestand","robots":{"index":"index","follow":"follow","max-snippet":"max-snippet:-1","max-image-preview":"max-image-preview:large","max-video-preview":"max-video-preview:-1"},"canonical":"https:\/\/denkmalpflege.tuwien.ac.at\/index.php\/morawetz\/","og_locale":"de_DE","og_type":"article","og_title":"Morawetz - Denkmalpflege und Bauen im Bestand","og_description":"&lt; Alle Arbeiten Die Linzer Eisenbahnbr\u00fccke 2015 Paul MORAWETZ Die nach dreij\u00e4hriger Bauzeit fertiggestellte Linzer Eisenbahnbr\u00fccke \u00fcber die Donau galt wegen ihrer Konstruktion aus gewalzten und vernieteten Eisenprofilen als die modernste und gr\u00f6\u00dfte Br\u00fccke der Habsburgermonarchie. Mehrere Sanierungen \u00e4nderten nichts am urspr\u00fcnglichen Aussehen der f\u00fcr Eisenbahn und Stra\u00dfenverkehr genutzten Br\u00fccke, die das Linzer Stadtbild bereits seit 1900 pr\u00e4gt. 2003 unter Denkmalschutz gestellt, droht dem Objekt dennoch die Zerst\u00f6rung: Wegen Korrosionssch\u00e4den,Read More","og_url":"https:\/\/denkmalpflege.tuwien.ac.at\/index.php\/morawetz\/","og_site_name":"Denkmalpflege und Bauen im Bestand","article_modified_time":"2018-06-04T07:39:00+00:00","twitter_card":"summary_large_image","twitter_misc":{"Gesch\u00e4tzte Lesezeit":"1\u00a0Minute"},"schema":{"@context":"https:\/\/schema.org","@graph":[{"@type":"WebPage","@id":"https:\/\/denkmalpflege.tuwien.ac.at\/index.php\/morawetz\/","url":"https:\/\/denkmalpflege.tuwien.ac.at\/index.php\/morawetz\/","name":"Morawetz - Denkmalpflege und Bauen im Bestand","isPartOf":{"@id":"https:\/\/denkmalpflege.tuwien.ac.at\/#website"},"primaryImageOfPage":{"@id":"https:\/\/denkmalpflege.tuwien.ac.at\/index.php\/morawetz\/#primaryimage"},"image":{"@id":"https:\/\/denkmalpflege.tuwien.ac.at\/index.php\/morawetz\/#primaryimage"},"thumbnailUrl":"http:\/\/denkmalpflege1.e251.tuwien.ac.at\/wp-content\/uploads\/2015\/08\/kleini1.gif","datePublished":"2015-08-04T10:27:51+00:00","dateModified":"2018-06-04T07:39:00+00:00","breadcrumb":{"@id":"https:\/\/denkmalpflege.tuwien.ac.at\/index.php\/morawetz\/#breadcrumb"},"inLanguage":"de","potentialAction":[{"@type":"ReadAction","target":["https:\/\/denkmalpflege.tuwien.ac.at\/index.php\/morawetz\/"]}]},{"@type":"ImageObject","inLanguage":"de","@id":"https:\/\/denkmalpflege.tuwien.ac.at\/index.php\/morawetz\/#primaryimage","url":"http:\/\/denkmalpflege1.e251.tuwien.ac.at\/wp-content\/uploads\/2015\/08\/kleini1.gif","contentUrl":"http:\/\/denkmalpflege1.e251.tuwien.ac.at\/wp-content\/uploads\/2015\/08\/kleini1.gif"},{"@type":"BreadcrumbList","@id":"https:\/\/denkmalpflege.tuwien.ac.at\/index.php\/morawetz\/#breadcrumb","itemListElement":[{"@type":"ListItem","position":1,"name":"Startseite","item":"https:\/\/denkmalpflege.tuwien.ac.at\/"},{"@type":"ListItem","position":2,"name":"Morawetz"}]},{"@type":"WebSite","@id":"https:\/\/denkmalpflege.tuwien.ac.at\/#website","url":"https:\/\/denkmalpflege.tuwien.ac.at\/","name":"Denkmalpflege und Bauen im Bestand","description":"Denkmalpflege TU Wien","publisher":{"@id":"https:\/\/denkmalpflege.tuwien.ac.at\/#organization"},"potentialAction":[{"@type":"SearchAction","target":{"@type":"EntryPoint","urlTemplate":"https:\/\/denkmalpflege.tuwien.ac.at\/?s={search_term_string}"},"query-input":{"@type":"PropertyValueSpecification","valueRequired":true,"valueName":"search_term_string"}}],"inLanguage":"de"},{"@type":"Organization","@id":"https:\/\/denkmalpflege.tuwien.ac.at\/#organization","name":"TU Wien Denkmalpflege und Bauen im Bestand","url":"https:\/\/denkmalpflege.tuwien.ac.at\/","logo":{"@type":"ImageObject","inLanguage":"de","@id":"https:\/\/denkmalpflege.tuwien.ac.at\/#\/schema\/logo\/image\/","url":"https:\/\/denkmalpflege.tuwien.ac.at\/wp-content\/uploads\/2019\/10\/Logo1.png","contentUrl":"https:\/\/denkmalpflege.tuwien.ac.at\/wp-content\/uploads\/2019\/10\/Logo1.png","width":222,"height":79,"caption":"TU Wien Denkmalpflege und Bauen im Bestand"},"image":{"@id":"https:\/\/denkmalpflege.tuwien.ac.at\/#\/schema\/logo\/image\/"}}]}},"_links":{"self":[{"href":"https:\/\/denkmalpflege.tuwien.ac.at\/index.php\/wp-json\/wp\/v2\/pages\/9023","targetHints":{"allow":["GET"]}}],"collection":[{"href":"https:\/\/denkmalpflege.tuwien.ac.at\/index.php\/wp-json\/wp\/v2\/pages"}],"about":[{"href":"https:\/\/denkmalpflege.tuwien.ac.at\/index.php\/wp-json\/wp\/v2\/types\/page"}],"author":[{"embeddable":true,"href":"https:\/\/denkmalpflege.tuwien.ac.at\/index.php\/wp-json\/wp\/v2\/users\/1"}],"replies":[{"embeddable":true,"href":"https:\/\/denkmalpflege.tuwien.ac.at\/index.php\/wp-json\/wp\/v2\/comments?post=9023"}],"version-history":[{"count":6,"href":"https:\/\/denkmalpflege.tuwien.ac.at\/index.php\/wp-json\/wp\/v2\/pages\/9023\/revisions"}],"predecessor-version":[{"id":13629,"href":"https:\/\/denkmalpflege.tuwien.ac.at\/index.php\/wp-json\/wp\/v2\/pages\/9023\/revisions\/13629"}],"wp:attachment":[{"href":"https:\/\/denkmalpflege.tuwien.ac.at\/index.php\/wp-json\/wp\/v2\/media?parent=9023"}],"curies":[{"name":"wp","href":"https:\/\/api.w.org\/{rel}","templated":true}]}}