{"id":8681,"date":"2015-06-22T13:23:41","date_gmt":"2015-06-22T11:23:41","guid":{"rendered":"http:\/\/denkmalpflege1.e251.tuwien.ac.at\/?page_id=8681"},"modified":"2023-10-22T13:23:21","modified_gmt":"2023-10-22T11:23:21","slug":"birgit-knauer","status":"publish","type":"page","link":"https:\/\/denkmalpflege.tuwien.ac.at\/index.php\/birgit-knauer\/","title":{"rendered":"Birgit Knauer"},"content":{"rendered":"\t\t<div data-elementor-type=\"wp-page\" data-elementor-id=\"8681\" class=\"elementor elementor-8681\" data-elementor-post-type=\"page\">\n\t\t\t\t\t\t<section class=\"elementor-section elementor-top-section elementor-element elementor-element-6c3dd8f7 elementor-section-full_width elementor-section-height-default elementor-section-height-default\" data-id=\"6c3dd8f7\" data-element_type=\"section\">\n\t\t\t\t\t\t<div class=\"elementor-container elementor-column-gap-default\">\n\t\t\t\t\t<div class=\"elementor-column elementor-col-50 elementor-top-column elementor-element elementor-element-5e173bb9\" data-id=\"5e173bb9\" data-element_type=\"column\">\n\t\t\t<div class=\"elementor-widget-wrap elementor-element-populated\">\n\t\t\t\t\t\t<div class=\"elementor-element elementor-element-73a75329 elementor-widget elementor-widget-heading\" data-id=\"73a75329\" data-element_type=\"widget\" data-widget_type=\"heading.default\">\n\t\t\t\t<div class=\"elementor-widget-container\">\n\t\t\t\t\t<h2 class=\"elementor-heading-title elementor-size-default\"><a href=\"https:\/\/denkmalpflege.tuwien.ac.at\/index.php\/abgeschlossene-dipl-caviezel\/\">Archiv<\/a><\/h2>\t\t\t\t<\/div>\n\t\t\t\t<\/div>\n\t\t\t\t\t<\/div>\n\t\t<\/div>\n\t\t\t\t<div class=\"elementor-column elementor-col-50 elementor-top-column elementor-element elementor-element-6e8773c5\" data-id=\"6e8773c5\" data-element_type=\"column\">\n\t\t\t<div class=\"elementor-widget-wrap elementor-element-populated\">\n\t\t\t\t\t\t<div class=\"elementor-element elementor-element-2297b84b elementor-widget elementor-widget-heading\" data-id=\"2297b84b\" data-element_type=\"widget\" data-widget_type=\"heading.default\">\n\t\t\t\t<div class=\"elementor-widget-container\">\n\t\t\t\t\t<h2 class=\"elementor-heading-title elementor-size-default\">Birgit Knauer<span style=\"float: right\"> 2015<\/span>\n<\/h2>\t\t\t\t<\/div>\n\t\t\t\t<\/div>\n\t\t\t\t\t<\/div>\n\t\t<\/div>\n\t\t\t\t\t<\/div>\n\t\t<\/section>\n\t\t\t\t<section class=\"elementor-section elementor-top-section elementor-element elementor-element-74bf12f5 elementor-section-full_width elementor-section-height-default elementor-section-height-default\" data-id=\"74bf12f5\" data-element_type=\"section\">\n\t\t\t\t\t\t<div class=\"elementor-container elementor-column-gap-default\">\n\t\t\t\t\t<div class=\"elementor-column elementor-col-50 elementor-top-column elementor-element elementor-element-64cbf93d\" data-id=\"64cbf93d\" data-element_type=\"column\">\n\t\t\t<div class=\"elementor-widget-wrap elementor-element-populated\">\n\t\t\t\t\t\t<div class=\"elementor-element elementor-element-36436933 elementor-nav-menu__align-start elementor-nav-menu--dropdown-mobile elementor-nav-menu__text-align-aside elementor-nav-menu--toggle elementor-nav-menu--burger elementor-widget elementor-widget-nav-menu\" data-id=\"36436933\" data-element_type=\"widget\" data-settings=\"{&quot;layout&quot;:&quot;vertical&quot;,&quot;submenu_icon&quot;:{&quot;value&quot;:&quot;&lt;i class=\\&quot;\\&quot; aria-hidden=\\&quot;true\\&quot;&gt;&lt;\\\/i&gt;&quot;,&quot;library&quot;:&quot;&quot;},&quot;toggle&quot;:&quot;burger&quot;}\" data-widget_type=\"nav-menu.default\">\n\t\t\t\t<div class=\"elementor-widget-container\">\n\t\t\t\t\t\t\t\t<nav aria-label=\"Men\u00fc\" class=\"elementor-nav-menu--main elementor-nav-menu__container elementor-nav-menu--layout-vertical e--pointer-none\">\n\t\t\t\t<ul id=\"menu-1-36436933\" class=\"elementor-nav-menu sm-vertical\"><li class=\"menu-item menu-item-type-post_type menu-item-object-page menu-item-27442\"><a href=\"https:\/\/denkmalpflege.tuwien.ac.at\/index.php\/diplomarbeiten\/\" class=\"elementor-item\">Diplomarbeiten<\/a><\/li>\n<li class=\"menu-item menu-item-type-post_type menu-item-object-page menu-item-16203\"><a href=\"https:\/\/denkmalpflege.tuwien.ac.at\/index.php\/laufende-dissertationen\/\" class=\"elementor-item\">Dissertationen<\/a><\/li>\n<\/ul>\t\t\t<\/nav>\n\t\t\t\t\t<div class=\"elementor-menu-toggle\" role=\"button\" tabindex=\"0\" aria-label=\"Men\u00fc Umschalter\" aria-expanded=\"false\">\n\t\t\t<i aria-hidden=\"true\" role=\"presentation\" class=\"elementor-menu-toggle__icon--open eicon-menu-bar\"><\/i><i aria-hidden=\"true\" role=\"presentation\" class=\"elementor-menu-toggle__icon--close eicon-close\"><\/i>\t\t<\/div>\n\t\t\t\t\t<nav class=\"elementor-nav-menu--dropdown elementor-nav-menu__container\" aria-hidden=\"true\">\n\t\t\t\t<ul id=\"menu-2-36436933\" class=\"elementor-nav-menu sm-vertical\"><li class=\"menu-item menu-item-type-post_type menu-item-object-page menu-item-27442\"><a href=\"https:\/\/denkmalpflege.tuwien.ac.at\/index.php\/diplomarbeiten\/\" class=\"elementor-item\" tabindex=\"-1\">Diplomarbeiten<\/a><\/li>\n<li class=\"menu-item menu-item-type-post_type menu-item-object-page menu-item-16203\"><a href=\"https:\/\/denkmalpflege.tuwien.ac.at\/index.php\/laufende-dissertationen\/\" class=\"elementor-item\" tabindex=\"-1\">Dissertationen<\/a><\/li>\n<\/ul>\t\t\t<\/nav>\n\t\t\t\t\t\t<\/div>\n\t\t\t\t<\/div>\n\t\t\t\t\t<\/div>\n\t\t<\/div>\n\t\t\t\t<div class=\"elementor-column elementor-col-50 elementor-top-column elementor-element elementor-element-5ba2cc88\" data-id=\"5ba2cc88\" data-element_type=\"column\">\n\t\t\t<div class=\"elementor-widget-wrap elementor-element-populated\">\n\t\t\t\t\t\t<div class=\"elementor-element elementor-element-1e83d3b9 elementor-widget elementor-widget-text-editor\" data-id=\"1e83d3b9\" data-element_type=\"widget\" data-widget_type=\"text-editor.default\">\n\t\t\t\t<div class=\"elementor-widget-container\">\n\t\t\t\t\t\t\t\t\t<p><b>Die Assanierung der Stadt Wien (1934-38).<br \/>Regulierungsma\u00dfnahmen zwischen Stadtgestaltung und Denkmalschutz<\/b><\/p>\t\t\t\t\t\t\t\t<\/div>\n\t\t\t\t<\/div>\n\t\t\t\t<div class=\"elementor-element elementor-element-75412840 elementor-widget elementor-widget-spacer\" data-id=\"75412840\" data-element_type=\"widget\" data-widget_type=\"spacer.default\">\n\t\t\t\t<div class=\"elementor-widget-container\">\n\t\t\t\t\t\t\t<div class=\"elementor-spacer\">\n\t\t\t<div class=\"elementor-spacer-inner\"><\/div>\n\t\t<\/div>\n\t\t\t\t\t\t<\/div>\n\t\t\t\t<\/div>\n\t\t\t\t<div class=\"elementor-element elementor-element-5cf0e7b0 silde_dipl elementor-arrows-position-inside elementor-widget elementor-widget-image-carousel\" data-id=\"5cf0e7b0\" data-element_type=\"widget\" data-settings=\"{&quot;slides_to_show&quot;:&quot;1&quot;,&quot;navigation&quot;:&quot;arrows&quot;,&quot;autoplay&quot;:&quot;no&quot;,&quot;infinite&quot;:&quot;yes&quot;,&quot;effect&quot;:&quot;slide&quot;,&quot;speed&quot;:500}\" data-widget_type=\"image-carousel.default\">\n\t\t\t\t<div class=\"elementor-widget-container\">\n\t\t\t\t\t\t\t<div class=\"elementor-image-carousel-wrapper swiper\" role=\"region\" aria-roledescription=\"carousel\" aria-label=\"Bild Karussell\" dir=\"ltr\">\n\t\t\t<div class=\"elementor-image-carousel swiper-wrapper swiper-image-stretch\" aria-live=\"polite\">\n\t\t\t\t\t\t\t\t<div class=\"swiper-slide\" role=\"group\" aria-roledescription=\"slide\" aria-label=\"1 von 1\"><a data-elementor-open-lightbox=\"yes\" data-elementor-lightbox-slideshow=\"5cf0e7b0\" data-elementor-lightbox-title=\"Abb.1 Abbruch des Objektes Neubaugasse 19, Bildarchiv \u00d6sterreichische Nationalbibliothek (Inv.nr.: 140.888A; B)\nAbb.2 Beispiel einer so genannten Fassadensanierung im Vorher-Nachher-Vergleich, aus Wien im Aufbau, Haussanierungsfonds, S.9-10. \nAbb.3 Aktenvermerkt des Bundesdenkmalamtes zum Abbruch der Objekte Neubaugasse 17-19, 1936, BDA Archiv\" data-e-action-hash=\"#elementor-action%3Aaction%3Dlightbox%26settings%3DeyJpZCI6ODcwNiwidXJsIjoiaHR0cHM6XC9cL2RlbmttYWxwZmxlZ2UudHV3aWVuLmFjLmF0XC93cC1jb250ZW50XC91cGxvYWRzXC8yMDE1XC8wNlwvMWIxLmdpZiIsInNsaWRlc2hvdyI6IjVjZjBlN2IwIn0%3D\" href=\"https:\/\/denkmalpflege.tuwien.ac.at\/wp-content\/uploads\/2015\/06\/1b1.gif\"><figure class=\"swiper-slide-inner\"><img decoding=\"async\" class=\"swiper-slide-image\" src=\"https:\/\/denkmalpflege.tuwien.ac.at\/wp-content\/uploads\/2015\/06\/1b1.gif\" alt=\"Abb.1 Abbruch des Objektes Neubaugasse 19, Bildarchiv \u00d6sterreichische Nationalbibliothek (Inv.nr.: 140.888A; B)\nAbb.2 Beispiel einer so genannten Fassadensanierung im Vorher-Nachher-Vergleich, aus Wien im Aufbau, Haussanierungsfonds, S.9-10. \nAbb.3 Aktenvermerkt des Bundesdenkmalamtes zum Abbruch der Objekte Neubaugasse 17-19, 1936, BDA Archiv\" \/><figcaption class=\"elementor-image-carousel-caption\">Abb.1 Abbruch des Objektes Neubaugasse 19, Bildarchiv \u00d6sterreichische Nationalbibliothek (Inv.nr.: 140.888A; B)\nAbb.2 Beispiel einer so genannten Fassadensanierung im Vorher-Nachher-Vergleich, aus Wien im Aufbau, Haussanierungsfonds, S.9-10. \nAbb.3 Aktenvermerkt des Bundesdenkmalamtes zum Abbruch der Objekte Neubaugasse 17-19, 1936, BDA Archiv<\/figcaption><\/figure><\/a><\/div>\t\t\t<\/div>\n\t\t\t\t\t<\/div>\n\t\t\t\t\t\t<\/div>\n\t\t\t\t<\/div>\n\t\t\t\t<div class=\"elementor-element elementor-element-6b2a3a61 elementor-widget elementor-widget-spacer\" data-id=\"6b2a3a61\" data-element_type=\"widget\" data-widget_type=\"spacer.default\">\n\t\t\t\t<div class=\"elementor-widget-container\">\n\t\t\t\t\t\t\t<div class=\"elementor-spacer\">\n\t\t\t<div class=\"elementor-spacer-inner\"><\/div>\n\t\t<\/div>\n\t\t\t\t\t\t<\/div>\n\t\t\t\t<\/div>\n\t\t\t\t<div class=\"elementor-element elementor-element-1b8eb7ec elementor-widget elementor-widget-text-editor\" data-id=\"1b8eb7ec\" data-element_type=\"widget\" data-widget_type=\"text-editor.default\">\n\t\t\t\t<div class=\"elementor-widget-container\">\n\t\t\t\t\t\t\t\t\t<p>Das Dissertationsvorhaben befasst sich mit der \u201eAssanierung\u201c der Stadt Wien in den Jahren des \u00d6sterreichischen St\u00e4ndestaats (1934-38), die unter B\u00fcrgermeister Richard Schmitz umgesetzt wurde und das Stadtbild der Bundeshauptstadt durchaus entscheidend pr\u00e4gte.<br \/>Die christlich-soziale Stadtregierung stellte im Rahmen des im Jahr 1934 eingef\u00fchrten \u201eAssanierungsfonds\u201c und des \u201eHausreparaturfonds\u201c finanzielle Mittel zur Verf\u00fcgung, um das Stadtbild Wiens von seinen \u201eunharmonischen Z\u00fcgen\u201c zu befreien und veraltete Bausubstanz zu entfernen, die in \u201egesundheitlicher und wirtschaftlicher Hinsicht\u201c nicht mehr den \u201eneuzeitlichen Anforderungen\u201c entsprach (Abb.1). Die Eingriffe wurden an mitunter markanten st\u00e4dtebaulichen Punkten gesetzt. Beispielhaft sei an dieser Stelle auf die Abtragung des Freihauses und die dortige Anlage der Operngasse sowie die Errichtung daran angrenzender \u201eAssanierungsbauten\u201c verwiesen. Im Zuge der Maxime \u201eWien im Aufbau\u201c wurden jedoch nicht nur zahlreiche \u201everkehrsbehindernde\u201c Altbauten entfernt, auch die als \u201eFassadeninstandsetzung\u201c oder \u201eHausrenovierung\u201c bezeichnete Abtragung historischer Putzfassaden wurde gef\u00f6rdert (Abb.2). Neben der Anpassung des Stadtgrundrisses an die nunmehr ver\u00e4nderten verkehrstechnischen Anforderungen und der Verbesserung der Wohnverh\u00e4ltnisse, versprach man sich von den genannten Ma\u00dfnahmen also nicht zuletzt auch eine \u201eVersch\u00f6nerung\u201c des Stadtbildes.<br \/>Das von mir gew\u00e4hlte Dissertationsvorhaben verkn\u00fcpft dieses bisher kaum beachtete Themenfeld der Architektur- und Stadtgeschichte Wiens mit der Geschichte der Denkmalpflege. Die Untersuchung der \u201eAssanierung\u201c im Kontext der zeitgleichen theoretischen Diskurse der Denkmalpflege und praktischen Handhabe des Denkmalschutzes, dr\u00e4ngt sich schon allein aufgrund der Tatsache auf, dass die daf\u00fcr notwendige Zerst\u00f6rung historischer Bausubstanz &#8211; \u201ezwischen modernen H\u00e4usern wiederholt [stehende] v\u00f6llig veraltete, vorspringende, niedrige H\u00e4user\u201c &#8211; bereitwillig in Kauf genommen wurde, teils unter Zustimmung des Bundesdenkmalamtes (Abb.3).<br \/>Die Konzeption und ideologischen Hintergr\u00fcnde, der tats\u00e4chliche Umfang und die Auswirkungen der getroffenen Ma\u00dfnahmen sollen im Rahmen dieses Dissertationsvorhabens aufgearbeitet werden. Dar\u00fcber hinaus wird das Verh\u00e4ltnis dieser (st\u00e4dte-)baulichen Eingriffe zu den damaligen Positionen der Denkmalpflege und der Praxis des Denkmalschutzes eingehend untersucht. Ein Vergleich mit den in Deutschland und Italien in etwa zur selben Zeit umgesetzten Ma\u00dfnahmen der \u201eEntschandelung\u201c und des \u201eRisanamento\u201c soll Parallelen und Zusammenh\u00e4nge aufzeigen, die in der Forschung bisher noch nicht aufgearbeitet wurden.<\/p>\t\t\t\t\t\t\t\t<\/div>\n\t\t\t\t<\/div>\n\t\t\t\t\t<\/div>\n\t\t<\/div>\n\t\t\t\t\t<\/div>\n\t\t<\/section>\n\t\t\t\t<\/div>\n\t\t","protected":false},"excerpt":{"rendered":"<p>Archiv Birgit Knauer 2015 Die Assanierung der Stadt Wien (1934-38).Regulierungsma\u00dfnahmen zwischen Stadtgestaltung und Denkmalschutz Abb.1 Abbruch des Objektes Neubaugasse 19, Bildarchiv \u00d6sterreichische Nationalbibliothek (Inv.nr.: 140.888A; B) Abb.2 Beispiel einer so genannten Fassadensanierung im Vorher-Nachher-Vergleich, aus Wien im Aufbau, Haussanierungsfonds, S.9-10. Abb.3 Aktenvermerkt des Bundesdenkmalamtes zum Abbruch der Objekte Neubaugasse 17-19, 1936, BDA Archiv Das Dissertationsvorhaben befasst sich mit der \u201eAssanierung\u201c der Stadt Wien in den Jahren des \u00d6sterreichischen St\u00e4ndestaats (1934-38),<\/p>\n<div class=\"belowpost\"><a class=\"btnmore icon-arrow\" href=\"https:\/\/denkmalpflege.tuwien.ac.at\/index.php\/birgit-knauer\/\"><span>Read More<\/span><\/a><\/div>\n","protected":false},"author":1,"featured_media":0,"parent":0,"menu_order":0,"comment_status":"open","ping_status":"open","template":"","meta":{"footnotes":""},"class_list":["post-8681","page","type-page","status-publish","hentry"],"yoast_head":"<!-- This site is optimized with the Yoast SEO plugin v26.0 - https:\/\/yoast.com\/wordpress\/plugins\/seo\/ -->\n<title>Birgit Knauer - Denkmalpflege und Bauen im Bestand<\/title>\n<meta name=\"robots\" content=\"index, follow, max-snippet:-1, max-image-preview:large, max-video-preview:-1\" \/>\n<link rel=\"canonical\" href=\"https:\/\/denkmalpflege.tuwien.ac.at\/index.php\/birgit-knauer\/\" \/>\n<meta property=\"og:locale\" content=\"de_DE\" \/>\n<meta property=\"og:type\" content=\"article\" \/>\n<meta property=\"og:title\" content=\"Birgit Knauer - Denkmalpflege und Bauen im Bestand\" \/>\n<meta property=\"og:description\" content=\"Archiv Birgit Knauer 2015 Die Assanierung der Stadt Wien (1934-38).Regulierungsma\u00dfnahmen zwischen Stadtgestaltung und Denkmalschutz Abb.1 Abbruch des Objektes Neubaugasse 19, Bildarchiv \u00d6sterreichische Nationalbibliothek (Inv.nr.: 140.888A; B) Abb.2 Beispiel einer so genannten Fassadensanierung im Vorher-Nachher-Vergleich, aus Wien im Aufbau, Haussanierungsfonds, S.9-10. Abb.3 Aktenvermerkt des Bundesdenkmalamtes zum Abbruch der Objekte Neubaugasse 17-19, 1936, BDA Archiv Das Dissertationsvorhaben befasst sich mit der \u201eAssanierung\u201c der Stadt Wien in den Jahren des \u00d6sterreichischen St\u00e4ndestaats (1934-38),Read More\" \/>\n<meta property=\"og:url\" content=\"https:\/\/denkmalpflege.tuwien.ac.at\/index.php\/birgit-knauer\/\" \/>\n<meta property=\"og:site_name\" content=\"Denkmalpflege und Bauen im Bestand\" \/>\n<meta property=\"article:modified_time\" content=\"2023-10-22T11:23:21+00:00\" \/>\n<meta property=\"og:image\" content=\"http:\/\/denkmalpflege.tuwien.ac.at\/wp-content\/uploads\/2015\/06\/1b1.gif\" \/>\n<meta name=\"twitter:card\" content=\"summary_large_image\" \/>\n<meta name=\"twitter:label1\" content=\"Gesch\u00e4tzte Lesezeit\" \/>\n\t<meta name=\"twitter:data1\" content=\"2\u00a0Minuten\" \/>\n<script type=\"application\/ld+json\" class=\"yoast-schema-graph\">{\"@context\":\"https:\/\/schema.org\",\"@graph\":[{\"@type\":\"WebPage\",\"@id\":\"https:\/\/denkmalpflege.tuwien.ac.at\/index.php\/birgit-knauer\/\",\"url\":\"https:\/\/denkmalpflege.tuwien.ac.at\/index.php\/birgit-knauer\/\",\"name\":\"Birgit Knauer - Denkmalpflege und Bauen im Bestand\",\"isPartOf\":{\"@id\":\"https:\/\/denkmalpflege.tuwien.ac.at\/#website\"},\"primaryImageOfPage\":{\"@id\":\"https:\/\/denkmalpflege.tuwien.ac.at\/index.php\/birgit-knauer\/#primaryimage\"},\"image\":{\"@id\":\"https:\/\/denkmalpflege.tuwien.ac.at\/index.php\/birgit-knauer\/#primaryimage\"},\"thumbnailUrl\":\"http:\/\/denkmalpflege.tuwien.ac.at\/wp-content\/uploads\/2015\/06\/1b1.gif\",\"datePublished\":\"2015-06-22T11:23:41+00:00\",\"dateModified\":\"2023-10-22T11:23:21+00:00\",\"breadcrumb\":{\"@id\":\"https:\/\/denkmalpflege.tuwien.ac.at\/index.php\/birgit-knauer\/#breadcrumb\"},\"inLanguage\":\"de\",\"potentialAction\":[{\"@type\":\"ReadAction\",\"target\":[\"https:\/\/denkmalpflege.tuwien.ac.at\/index.php\/birgit-knauer\/\"]}]},{\"@type\":\"ImageObject\",\"inLanguage\":\"de\",\"@id\":\"https:\/\/denkmalpflege.tuwien.ac.at\/index.php\/birgit-knauer\/#primaryimage\",\"url\":\"https:\/\/denkmalpflege.tuwien.ac.at\/wp-content\/uploads\/2015\/06\/1b1.gif\",\"contentUrl\":\"https:\/\/denkmalpflege.tuwien.ac.at\/wp-content\/uploads\/2015\/06\/1b1.gif\",\"width\":\"1180\",\"height\":\"303\",\"caption\":\"Abb.1 Abbruch des Objektes Neubaugasse 19, Bildarchiv \u00d6sterreichische Nationalbibliothek (Inv.nr.: 140.888A; B) Abb.2 Beispiel einer so genannten Fassadensanierung im Vorher-Nachher-Vergleich, aus Wien im Aufbau, Haussanierungsfonds, S.9-10. Abb.3 Aktenvermerkt des Bundesdenkmalamtes zum Abbruch der Objekte Neubaugasse 17-19, 1936, BDA Archiv\"},{\"@type\":\"BreadcrumbList\",\"@id\":\"https:\/\/denkmalpflege.tuwien.ac.at\/index.php\/birgit-knauer\/#breadcrumb\",\"itemListElement\":[{\"@type\":\"ListItem\",\"position\":1,\"name\":\"Startseite\",\"item\":\"https:\/\/denkmalpflege.tuwien.ac.at\/\"},{\"@type\":\"ListItem\",\"position\":2,\"name\":\"Birgit Knauer\"}]},{\"@type\":\"WebSite\",\"@id\":\"https:\/\/denkmalpflege.tuwien.ac.at\/#website\",\"url\":\"https:\/\/denkmalpflege.tuwien.ac.at\/\",\"name\":\"Denkmalpflege und Bauen im Bestand\",\"description\":\"Denkmalpflege TU Wien\",\"publisher\":{\"@id\":\"https:\/\/denkmalpflege.tuwien.ac.at\/#organization\"},\"potentialAction\":[{\"@type\":\"SearchAction\",\"target\":{\"@type\":\"EntryPoint\",\"urlTemplate\":\"https:\/\/denkmalpflege.tuwien.ac.at\/?s={search_term_string}\"},\"query-input\":{\"@type\":\"PropertyValueSpecification\",\"valueRequired\":true,\"valueName\":\"search_term_string\"}}],\"inLanguage\":\"de\"},{\"@type\":\"Organization\",\"@id\":\"https:\/\/denkmalpflege.tuwien.ac.at\/#organization\",\"name\":\"TU Wien Denkmalpflege und Bauen im Bestand\",\"url\":\"https:\/\/denkmalpflege.tuwien.ac.at\/\",\"logo\":{\"@type\":\"ImageObject\",\"inLanguage\":\"de\",\"@id\":\"https:\/\/denkmalpflege.tuwien.ac.at\/#\/schema\/logo\/image\/\",\"url\":\"https:\/\/denkmalpflege.tuwien.ac.at\/wp-content\/uploads\/2019\/10\/Logo1.png\",\"contentUrl\":\"https:\/\/denkmalpflege.tuwien.ac.at\/wp-content\/uploads\/2019\/10\/Logo1.png\",\"width\":222,\"height\":79,\"caption\":\"TU Wien Denkmalpflege und Bauen im Bestand\"},\"image\":{\"@id\":\"https:\/\/denkmalpflege.tuwien.ac.at\/#\/schema\/logo\/image\/\"}}]}<\/script>\n<!-- \/ Yoast SEO plugin. -->","yoast_head_json":{"title":"Birgit Knauer - Denkmalpflege und Bauen im Bestand","robots":{"index":"index","follow":"follow","max-snippet":"max-snippet:-1","max-image-preview":"max-image-preview:large","max-video-preview":"max-video-preview:-1"},"canonical":"https:\/\/denkmalpflege.tuwien.ac.at\/index.php\/birgit-knauer\/","og_locale":"de_DE","og_type":"article","og_title":"Birgit Knauer - Denkmalpflege und Bauen im Bestand","og_description":"Archiv Birgit Knauer 2015 Die Assanierung der Stadt Wien (1934-38).Regulierungsma\u00dfnahmen zwischen Stadtgestaltung und Denkmalschutz Abb.1 Abbruch des Objektes Neubaugasse 19, Bildarchiv \u00d6sterreichische Nationalbibliothek (Inv.nr.: 140.888A; B) Abb.2 Beispiel einer so genannten Fassadensanierung im Vorher-Nachher-Vergleich, aus Wien im Aufbau, Haussanierungsfonds, S.9-10. Abb.3 Aktenvermerkt des Bundesdenkmalamtes zum Abbruch der Objekte Neubaugasse 17-19, 1936, BDA Archiv Das Dissertationsvorhaben befasst sich mit der \u201eAssanierung\u201c der Stadt Wien in den Jahren des \u00d6sterreichischen St\u00e4ndestaats (1934-38),Read More","og_url":"https:\/\/denkmalpflege.tuwien.ac.at\/index.php\/birgit-knauer\/","og_site_name":"Denkmalpflege und Bauen im Bestand","article_modified_time":"2023-10-22T11:23:21+00:00","og_image":[{"url":"http:\/\/denkmalpflege.tuwien.ac.at\/wp-content\/uploads\/2015\/06\/1b1.gif","type":"","width":"","height":""}],"twitter_card":"summary_large_image","twitter_misc":{"Gesch\u00e4tzte Lesezeit":"2\u00a0Minuten"},"schema":{"@context":"https:\/\/schema.org","@graph":[{"@type":"WebPage","@id":"https:\/\/denkmalpflege.tuwien.ac.at\/index.php\/birgit-knauer\/","url":"https:\/\/denkmalpflege.tuwien.ac.at\/index.php\/birgit-knauer\/","name":"Birgit Knauer - Denkmalpflege und Bauen im Bestand","isPartOf":{"@id":"https:\/\/denkmalpflege.tuwien.ac.at\/#website"},"primaryImageOfPage":{"@id":"https:\/\/denkmalpflege.tuwien.ac.at\/index.php\/birgit-knauer\/#primaryimage"},"image":{"@id":"https:\/\/denkmalpflege.tuwien.ac.at\/index.php\/birgit-knauer\/#primaryimage"},"thumbnailUrl":"http:\/\/denkmalpflege.tuwien.ac.at\/wp-content\/uploads\/2015\/06\/1b1.gif","datePublished":"2015-06-22T11:23:41+00:00","dateModified":"2023-10-22T11:23:21+00:00","breadcrumb":{"@id":"https:\/\/denkmalpflege.tuwien.ac.at\/index.php\/birgit-knauer\/#breadcrumb"},"inLanguage":"de","potentialAction":[{"@type":"ReadAction","target":["https:\/\/denkmalpflege.tuwien.ac.at\/index.php\/birgit-knauer\/"]}]},{"@type":"ImageObject","inLanguage":"de","@id":"https:\/\/denkmalpflege.tuwien.ac.at\/index.php\/birgit-knauer\/#primaryimage","url":"https:\/\/denkmalpflege.tuwien.ac.at\/wp-content\/uploads\/2015\/06\/1b1.gif","contentUrl":"https:\/\/denkmalpflege.tuwien.ac.at\/wp-content\/uploads\/2015\/06\/1b1.gif","width":"1180","height":"303","caption":"Abb.1 Abbruch des Objektes Neubaugasse 19, Bildarchiv \u00d6sterreichische Nationalbibliothek (Inv.nr.: 140.888A; B) Abb.2 Beispiel einer so genannten Fassadensanierung im Vorher-Nachher-Vergleich, aus Wien im Aufbau, Haussanierungsfonds, S.9-10. Abb.3 Aktenvermerkt des Bundesdenkmalamtes zum Abbruch der Objekte Neubaugasse 17-19, 1936, BDA Archiv"},{"@type":"BreadcrumbList","@id":"https:\/\/denkmalpflege.tuwien.ac.at\/index.php\/birgit-knauer\/#breadcrumb","itemListElement":[{"@type":"ListItem","position":1,"name":"Startseite","item":"https:\/\/denkmalpflege.tuwien.ac.at\/"},{"@type":"ListItem","position":2,"name":"Birgit Knauer"}]},{"@type":"WebSite","@id":"https:\/\/denkmalpflege.tuwien.ac.at\/#website","url":"https:\/\/denkmalpflege.tuwien.ac.at\/","name":"Denkmalpflege und Bauen im Bestand","description":"Denkmalpflege TU Wien","publisher":{"@id":"https:\/\/denkmalpflege.tuwien.ac.at\/#organization"},"potentialAction":[{"@type":"SearchAction","target":{"@type":"EntryPoint","urlTemplate":"https:\/\/denkmalpflege.tuwien.ac.at\/?s={search_term_string}"},"query-input":{"@type":"PropertyValueSpecification","valueRequired":true,"valueName":"search_term_string"}}],"inLanguage":"de"},{"@type":"Organization","@id":"https:\/\/denkmalpflege.tuwien.ac.at\/#organization","name":"TU Wien Denkmalpflege und Bauen im Bestand","url":"https:\/\/denkmalpflege.tuwien.ac.at\/","logo":{"@type":"ImageObject","inLanguage":"de","@id":"https:\/\/denkmalpflege.tuwien.ac.at\/#\/schema\/logo\/image\/","url":"https:\/\/denkmalpflege.tuwien.ac.at\/wp-content\/uploads\/2019\/10\/Logo1.png","contentUrl":"https:\/\/denkmalpflege.tuwien.ac.at\/wp-content\/uploads\/2019\/10\/Logo1.png","width":222,"height":79,"caption":"TU Wien Denkmalpflege und Bauen im Bestand"},"image":{"@id":"https:\/\/denkmalpflege.tuwien.ac.at\/#\/schema\/logo\/image\/"}}]}},"_links":{"self":[{"href":"https:\/\/denkmalpflege.tuwien.ac.at\/index.php\/wp-json\/wp\/v2\/pages\/8681","targetHints":{"allow":["GET"]}}],"collection":[{"href":"https:\/\/denkmalpflege.tuwien.ac.at\/index.php\/wp-json\/wp\/v2\/pages"}],"about":[{"href":"https:\/\/denkmalpflege.tuwien.ac.at\/index.php\/wp-json\/wp\/v2\/types\/page"}],"author":[{"embeddable":true,"href":"https:\/\/denkmalpflege.tuwien.ac.at\/index.php\/wp-json\/wp\/v2\/users\/1"}],"replies":[{"embeddable":true,"href":"https:\/\/denkmalpflege.tuwien.ac.at\/index.php\/wp-json\/wp\/v2\/comments?post=8681"}],"version-history":[{"count":20,"href":"https:\/\/denkmalpflege.tuwien.ac.at\/index.php\/wp-json\/wp\/v2\/pages\/8681\/revisions"}],"predecessor-version":[{"id":28286,"href":"https:\/\/denkmalpflege.tuwien.ac.at\/index.php\/wp-json\/wp\/v2\/pages\/8681\/revisions\/28286"}],"wp:attachment":[{"href":"https:\/\/denkmalpflege.tuwien.ac.at\/index.php\/wp-json\/wp\/v2\/media?parent=8681"}],"curies":[{"name":"wp","href":"https:\/\/api.w.org\/{rel}","templated":true}]}}