{"id":8436,"date":"2015-03-23T14:29:10","date_gmt":"2015-03-23T13:29:10","guid":{"rendered":"http:\/\/denkmalpflege1.e251.tuwien.ac.at\/?page_id=8436"},"modified":"2015-06-29T09:18:13","modified_gmt":"2015-06-29T07:18:13","slug":"kager","status":"publish","type":"page","link":"https:\/\/denkmalpflege.tuwien.ac.at\/index.php\/kager\/","title":{"rendered":"kager"},"content":{"rendered":"<div class='mitarbeiter'>\n<div class='grey'>\n<img decoding=\"async\" src=\"http:\/\/denkmalpflege1.e251.tuwien.ac.at\/wp-content\/uploads\/2015\/03\/14.gif\" alt=\"\" title=\"mio\" width=\"130\" height=\"113\" class=\"alignnone size-full wp-image-165\" \/> <a href='diplomanden-prof-stadler' class='right_link'>&lt; Alle Arbeiten<\/a><br \/>\n<b>Lor\u00fcnser&#8217;s Erben<br \/>\nFabriksbauten in Vorarlberg, Sanierung der Wollfabrik Lor\u00fcnser<br \/>\n<\/b><br \/>\n<strong>2015 Michael KAGER<\/strong> <\/p>\n<div class='breakline'><\/div>\n<\/div>\n<div class='greyfield'>\nVorarlberg besitzt eine Reihe alter Fabrikbauten vor allem aus dem Bereich der Textilindustrie. In der alten Gewerbezone im Oberdorf von N\u00fcziders ragen zwei alte Werksgeb\u00e4ude, inmitten von Wohnh\u00e4usern hervor: die Lor\u00fcnser Tuchfabrik. Das j\u00fcngere Geb\u00e4ude des Ensembles wurde 1931 vom Bregenzer Architekten Willibald Braun entworfen. Es gilt als eines der wenigen Beispiele der fr\u00fchen Moderne in Vorarlberg. Auffallend ist vor allem die Horizontalgliederung der Fenster, ein Detail ganz im Stil des Bauhauses. Dieses Geb\u00e4ude wurde von 2002 bis 2004 komplett saniert, es entstanden eine Reihe neuer Lofts, die besonders durch die hohe Raumh\u00f6he ein modernes Wohnklima schufen.<br \/>\nEin weiteres Fabrikgeb\u00e4ude auf dem ehemaligen Werksgel\u00e4nde ist hingegen noch ungenutzt. Da die Instandhaltung der Fabrikbrache offenkundig seit Jahren vernachl\u00e4ssigt wird, scheint der weitere Bestand dieses technischen Denkmals gef\u00e4hrdet. Das Ziel der Diplomarbeit liegt neben einer Darstellung der historischen Entwicklung der Vorarlberger Textilindustrie in einer Bestandsanalyse sowie in der Ausarbeitung eines Masterplans f\u00fcr die Nachnutzung des Areals.<\/p>\n<div class='breakline'><\/div>\n<\/div>\n<p><span><\/span><br \/>\n<img decoding=\"async\" src=\"http:\/\/denkmalpflege1.e251.tuwien.ac.at\/wp-content\/uploads\/2015\/03\/Unbenannt-21.gif\"  alt=\"\" \/><br \/>\n<span><\/span><\/p>\n<div class='breakline'><\/div>\n<\/div>\n<\/div>\n","protected":false},"excerpt":{"rendered":"<p>&lt; Alle Arbeiten Lor\u00fcnser&#8217;s Erben Fabriksbauten in Vorarlberg, Sanierung der Wollfabrik Lor\u00fcnser 2015 Michael KAGER Vorarlberg besitzt eine Reihe alter Fabrikbauten vor allem aus dem Bereich der Textilindustrie. In der alten Gewerbezone im Oberdorf von N\u00fcziders ragen zwei alte Werksgeb\u00e4ude, inmitten von Wohnh\u00e4usern hervor: die Lor\u00fcnser Tuchfabrik. Das j\u00fcngere Geb\u00e4ude des Ensembles wurde 1931 vom Bregenzer Architekten Willibald Braun entworfen. Es gilt als eines der wenigen Beispiele der fr\u00fchen Moderne<\/p>\n<div class=\"belowpost\"><a class=\"btnmore icon-arrow\" href=\"https:\/\/denkmalpflege.tuwien.ac.at\/index.php\/kager\/\"><span>Read More<\/span><\/a><\/div>\n","protected":false},"author":1,"featured_media":0,"parent":0,"menu_order":0,"comment_status":"open","ping_status":"open","template":"","meta":{"footnotes":""},"class_list":["post-8436","page","type-page","status-publish","hentry"],"yoast_head":"<!-- This site is optimized with the Yoast SEO plugin v26.0 - https:\/\/yoast.com\/wordpress\/plugins\/seo\/ -->\n<title>kager - Denkmalpflege und Bauen im Bestand<\/title>\n<meta name=\"robots\" content=\"index, follow, max-snippet:-1, max-image-preview:large, max-video-preview:-1\" \/>\n<link rel=\"canonical\" href=\"https:\/\/denkmalpflege.tuwien.ac.at\/index.php\/kager\/\" \/>\n<meta property=\"og:locale\" content=\"de_DE\" \/>\n<meta property=\"og:type\" content=\"article\" \/>\n<meta property=\"og:title\" content=\"kager - Denkmalpflege und Bauen im Bestand\" \/>\n<meta property=\"og:description\" content=\"&lt; Alle Arbeiten Lor\u00fcnser&#8217;s Erben Fabriksbauten in Vorarlberg, Sanierung der Wollfabrik Lor\u00fcnser 2015 Michael KAGER Vorarlberg besitzt eine Reihe alter Fabrikbauten vor allem aus dem Bereich der Textilindustrie. In der alten Gewerbezone im Oberdorf von N\u00fcziders ragen zwei alte Werksgeb\u00e4ude, inmitten von Wohnh\u00e4usern hervor: die Lor\u00fcnser Tuchfabrik. Das j\u00fcngere Geb\u00e4ude des Ensembles wurde 1931 vom Bregenzer Architekten Willibald Braun entworfen. Es gilt als eines der wenigen Beispiele der fr\u00fchen ModerneRead More\" \/>\n<meta property=\"og:url\" content=\"https:\/\/denkmalpflege.tuwien.ac.at\/index.php\/kager\/\" \/>\n<meta property=\"og:site_name\" content=\"Denkmalpflege und Bauen im Bestand\" \/>\n<meta property=\"article:modified_time\" content=\"2015-06-29T07:18:13+00:00\" \/>\n<meta name=\"twitter:card\" content=\"summary_large_image\" \/>\n<meta name=\"twitter:label1\" content=\"Gesch\u00e4tzte Lesezeit\" \/>\n\t<meta name=\"twitter:data1\" content=\"1\u00a0Minute\" \/>\n<script type=\"application\/ld+json\" class=\"yoast-schema-graph\">{\"@context\":\"https:\/\/schema.org\",\"@graph\":[{\"@type\":\"WebPage\",\"@id\":\"https:\/\/denkmalpflege.tuwien.ac.at\/index.php\/kager\/\",\"url\":\"https:\/\/denkmalpflege.tuwien.ac.at\/index.php\/kager\/\",\"name\":\"kager - Denkmalpflege und Bauen im Bestand\",\"isPartOf\":{\"@id\":\"https:\/\/denkmalpflege.tuwien.ac.at\/#website\"},\"primaryImageOfPage\":{\"@id\":\"https:\/\/denkmalpflege.tuwien.ac.at\/index.php\/kager\/#primaryimage\"},\"image\":{\"@id\":\"https:\/\/denkmalpflege.tuwien.ac.at\/index.php\/kager\/#primaryimage\"},\"thumbnailUrl\":\"http:\/\/denkmalpflege1.e251.tuwien.ac.at\/wp-content\/uploads\/2015\/03\/14.gif\",\"datePublished\":\"2015-03-23T13:29:10+00:00\",\"dateModified\":\"2015-06-29T07:18:13+00:00\",\"breadcrumb\":{\"@id\":\"https:\/\/denkmalpflege.tuwien.ac.at\/index.php\/kager\/#breadcrumb\"},\"inLanguage\":\"de\",\"potentialAction\":[{\"@type\":\"ReadAction\",\"target\":[\"https:\/\/denkmalpflege.tuwien.ac.at\/index.php\/kager\/\"]}]},{\"@type\":\"ImageObject\",\"inLanguage\":\"de\",\"@id\":\"https:\/\/denkmalpflege.tuwien.ac.at\/index.php\/kager\/#primaryimage\",\"url\":\"http:\/\/denkmalpflege1.e251.tuwien.ac.at\/wp-content\/uploads\/2015\/03\/14.gif\",\"contentUrl\":\"http:\/\/denkmalpflege1.e251.tuwien.ac.at\/wp-content\/uploads\/2015\/03\/14.gif\"},{\"@type\":\"BreadcrumbList\",\"@id\":\"https:\/\/denkmalpflege.tuwien.ac.at\/index.php\/kager\/#breadcrumb\",\"itemListElement\":[{\"@type\":\"ListItem\",\"position\":1,\"name\":\"Startseite\",\"item\":\"https:\/\/denkmalpflege.tuwien.ac.at\/\"},{\"@type\":\"ListItem\",\"position\":2,\"name\":\"kager\"}]},{\"@type\":\"WebSite\",\"@id\":\"https:\/\/denkmalpflege.tuwien.ac.at\/#website\",\"url\":\"https:\/\/denkmalpflege.tuwien.ac.at\/\",\"name\":\"Denkmalpflege und Bauen im Bestand\",\"description\":\"Denkmalpflege TU Wien\",\"publisher\":{\"@id\":\"https:\/\/denkmalpflege.tuwien.ac.at\/#organization\"},\"potentialAction\":[{\"@type\":\"SearchAction\",\"target\":{\"@type\":\"EntryPoint\",\"urlTemplate\":\"https:\/\/denkmalpflege.tuwien.ac.at\/?s={search_term_string}\"},\"query-input\":{\"@type\":\"PropertyValueSpecification\",\"valueRequired\":true,\"valueName\":\"search_term_string\"}}],\"inLanguage\":\"de\"},{\"@type\":\"Organization\",\"@id\":\"https:\/\/denkmalpflege.tuwien.ac.at\/#organization\",\"name\":\"TU Wien Denkmalpflege und Bauen im Bestand\",\"url\":\"https:\/\/denkmalpflege.tuwien.ac.at\/\",\"logo\":{\"@type\":\"ImageObject\",\"inLanguage\":\"de\",\"@id\":\"https:\/\/denkmalpflege.tuwien.ac.at\/#\/schema\/logo\/image\/\",\"url\":\"https:\/\/denkmalpflege.tuwien.ac.at\/wp-content\/uploads\/2019\/10\/Logo1.png\",\"contentUrl\":\"https:\/\/denkmalpflege.tuwien.ac.at\/wp-content\/uploads\/2019\/10\/Logo1.png\",\"width\":222,\"height\":79,\"caption\":\"TU Wien Denkmalpflege und Bauen im Bestand\"},\"image\":{\"@id\":\"https:\/\/denkmalpflege.tuwien.ac.at\/#\/schema\/logo\/image\/\"}}]}<\/script>\n<!-- \/ Yoast SEO plugin. -->","yoast_head_json":{"title":"kager - Denkmalpflege und Bauen im Bestand","robots":{"index":"index","follow":"follow","max-snippet":"max-snippet:-1","max-image-preview":"max-image-preview:large","max-video-preview":"max-video-preview:-1"},"canonical":"https:\/\/denkmalpflege.tuwien.ac.at\/index.php\/kager\/","og_locale":"de_DE","og_type":"article","og_title":"kager - Denkmalpflege und Bauen im Bestand","og_description":"&lt; Alle Arbeiten Lor\u00fcnser&#8217;s Erben Fabriksbauten in Vorarlberg, Sanierung der Wollfabrik Lor\u00fcnser 2015 Michael KAGER Vorarlberg besitzt eine Reihe alter Fabrikbauten vor allem aus dem Bereich der Textilindustrie. In der alten Gewerbezone im Oberdorf von N\u00fcziders ragen zwei alte Werksgeb\u00e4ude, inmitten von Wohnh\u00e4usern hervor: die Lor\u00fcnser Tuchfabrik. Das j\u00fcngere Geb\u00e4ude des Ensembles wurde 1931 vom Bregenzer Architekten Willibald Braun entworfen. Es gilt als eines der wenigen Beispiele der fr\u00fchen ModerneRead More","og_url":"https:\/\/denkmalpflege.tuwien.ac.at\/index.php\/kager\/","og_site_name":"Denkmalpflege und Bauen im Bestand","article_modified_time":"2015-06-29T07:18:13+00:00","twitter_card":"summary_large_image","twitter_misc":{"Gesch\u00e4tzte Lesezeit":"1\u00a0Minute"},"schema":{"@context":"https:\/\/schema.org","@graph":[{"@type":"WebPage","@id":"https:\/\/denkmalpflege.tuwien.ac.at\/index.php\/kager\/","url":"https:\/\/denkmalpflege.tuwien.ac.at\/index.php\/kager\/","name":"kager - Denkmalpflege und Bauen im Bestand","isPartOf":{"@id":"https:\/\/denkmalpflege.tuwien.ac.at\/#website"},"primaryImageOfPage":{"@id":"https:\/\/denkmalpflege.tuwien.ac.at\/index.php\/kager\/#primaryimage"},"image":{"@id":"https:\/\/denkmalpflege.tuwien.ac.at\/index.php\/kager\/#primaryimage"},"thumbnailUrl":"http:\/\/denkmalpflege1.e251.tuwien.ac.at\/wp-content\/uploads\/2015\/03\/14.gif","datePublished":"2015-03-23T13:29:10+00:00","dateModified":"2015-06-29T07:18:13+00:00","breadcrumb":{"@id":"https:\/\/denkmalpflege.tuwien.ac.at\/index.php\/kager\/#breadcrumb"},"inLanguage":"de","potentialAction":[{"@type":"ReadAction","target":["https:\/\/denkmalpflege.tuwien.ac.at\/index.php\/kager\/"]}]},{"@type":"ImageObject","inLanguage":"de","@id":"https:\/\/denkmalpflege.tuwien.ac.at\/index.php\/kager\/#primaryimage","url":"http:\/\/denkmalpflege1.e251.tuwien.ac.at\/wp-content\/uploads\/2015\/03\/14.gif","contentUrl":"http:\/\/denkmalpflege1.e251.tuwien.ac.at\/wp-content\/uploads\/2015\/03\/14.gif"},{"@type":"BreadcrumbList","@id":"https:\/\/denkmalpflege.tuwien.ac.at\/index.php\/kager\/#breadcrumb","itemListElement":[{"@type":"ListItem","position":1,"name":"Startseite","item":"https:\/\/denkmalpflege.tuwien.ac.at\/"},{"@type":"ListItem","position":2,"name":"kager"}]},{"@type":"WebSite","@id":"https:\/\/denkmalpflege.tuwien.ac.at\/#website","url":"https:\/\/denkmalpflege.tuwien.ac.at\/","name":"Denkmalpflege und Bauen im Bestand","description":"Denkmalpflege TU Wien","publisher":{"@id":"https:\/\/denkmalpflege.tuwien.ac.at\/#organization"},"potentialAction":[{"@type":"SearchAction","target":{"@type":"EntryPoint","urlTemplate":"https:\/\/denkmalpflege.tuwien.ac.at\/?s={search_term_string}"},"query-input":{"@type":"PropertyValueSpecification","valueRequired":true,"valueName":"search_term_string"}}],"inLanguage":"de"},{"@type":"Organization","@id":"https:\/\/denkmalpflege.tuwien.ac.at\/#organization","name":"TU Wien Denkmalpflege und Bauen im Bestand","url":"https:\/\/denkmalpflege.tuwien.ac.at\/","logo":{"@type":"ImageObject","inLanguage":"de","@id":"https:\/\/denkmalpflege.tuwien.ac.at\/#\/schema\/logo\/image\/","url":"https:\/\/denkmalpflege.tuwien.ac.at\/wp-content\/uploads\/2019\/10\/Logo1.png","contentUrl":"https:\/\/denkmalpflege.tuwien.ac.at\/wp-content\/uploads\/2019\/10\/Logo1.png","width":222,"height":79,"caption":"TU Wien Denkmalpflege und Bauen im Bestand"},"image":{"@id":"https:\/\/denkmalpflege.tuwien.ac.at\/#\/schema\/logo\/image\/"}}]}},"_links":{"self":[{"href":"https:\/\/denkmalpflege.tuwien.ac.at\/index.php\/wp-json\/wp\/v2\/pages\/8436","targetHints":{"allow":["GET"]}}],"collection":[{"href":"https:\/\/denkmalpflege.tuwien.ac.at\/index.php\/wp-json\/wp\/v2\/pages"}],"about":[{"href":"https:\/\/denkmalpflege.tuwien.ac.at\/index.php\/wp-json\/wp\/v2\/types\/page"}],"author":[{"embeddable":true,"href":"https:\/\/denkmalpflege.tuwien.ac.at\/index.php\/wp-json\/wp\/v2\/users\/1"}],"replies":[{"embeddable":true,"href":"https:\/\/denkmalpflege.tuwien.ac.at\/index.php\/wp-json\/wp\/v2\/comments?post=8436"}],"version-history":[{"count":8,"href":"https:\/\/denkmalpflege.tuwien.ac.at\/index.php\/wp-json\/wp\/v2\/pages\/8436\/revisions"}],"predecessor-version":[{"id":8994,"href":"https:\/\/denkmalpflege.tuwien.ac.at\/index.php\/wp-json\/wp\/v2\/pages\/8436\/revisions\/8994"}],"wp:attachment":[{"href":"https:\/\/denkmalpflege.tuwien.ac.at\/index.php\/wp-json\/wp\/v2\/media?parent=8436"}],"curies":[{"name":"wp","href":"https:\/\/api.w.org\/{rel}","templated":true}]}}