{"id":8370,"date":"2015-03-21T16:45:45","date_gmt":"2015-03-21T15:45:45","guid":{"rendered":"http:\/\/denkmalpflege1.e251.tuwien.ac.at\/?page_id=8370"},"modified":"2018-04-30T16:52:00","modified_gmt":"2018-04-30T14:52:00","slug":"sadiku","status":"publish","type":"page","link":"https:\/\/denkmalpflege.tuwien.ac.at\/index.php\/sadiku\/","title":{"rendered":"Sadiku"},"content":{"rendered":"<div class=\"mitarbeiter\">\n<div class=\"grey\"><img decoding=\"async\" class=\"alignnone size-full wp-image-165\" src=\"http:\/\/denkmalpflege1.e251.tuwien.ac.at\/wp-content\/uploads\/2015\/03\/13.gif\" alt=\"\" width=\"130\" height=\"113\" \/><a class=\"right_link\" href=\"diplomanden-prof-stadler\">&lt; Alle Arbeiten<\/a><br \/>\n<b>Kulturzentrum in Vushtrri-Kosovo<\/b><br \/>\n<strong>2015 Berat SADIKU<\/strong><\/p>\n<div class='breakline'><\/div>\n<\/div>\n<div class=\"greyfield\">\nDie Diplomarbeit widmet sich der baulichen Sanierung und Erweiterung des Kulturzentrums \u201eHasan Prishtina\u201c in Vushtrri unter Ber\u00fccksichtigung denkmalpflegerischer Vorgaben. Das Geb\u00e4ude wurde unmittelbar nach Ende des Zweiten Weltkriegs im Auftrag der jugoslawischen Armee f\u00fcr milit\u00e4rische Zwecke erbaut. Nach dem Abzug der jugoslawischen Armee im Jahr 1970 gelangte das Objekt unter kommunale Verwaltung. Nun entstand ein Kulturzentrum mit Kino und Stadtbibliothek. W\u00e4hrend des Kosovo-Krieges 1998\/99 wurde das Kulturzentrum stark in Mitleidenschaft gezogen und blieb in der Folge weitgehend ungenutzt. Derzeit sind einige B\u00fcros in dem Geb\u00e4ude eingerichtet, au\u00dferdem wurde die Bibliothek wieder ge\u00f6ffnet.<br \/>\nSch\u00e4den an den Geb\u00e4udefundamenten sowie an der Fassade, aufsteigende Feuchte in den W\u00e4nden und Decken erfordern eine Reihe von Sanierungsma\u00dfnahmen. Der ungen\u00fcgenden Erschlie\u00dfung des Geb\u00e4udes wie auch der fehlenden Infrastruktur eines Kulturzentrums wird durch entsprechende Umbauten Rechnung getragen.<\/p>\n<\/div>\n<p><span> <\/span><br \/>\n<img decoding=\"async\" src=\"http:\/\/denkmalpflege1.e251.tuwien.ac.at\/wp-content\/uploads\/2015\/04\/11.gif\" alt=\"\" width=\"\" height=\"260\" \/> <\/p>\n<\/div>\n<\/div>\n","protected":false},"excerpt":{"rendered":"<p>&lt; Alle Arbeiten Kulturzentrum in Vushtrri-Kosovo 2015 Berat SADIKU Die Diplomarbeit widmet sich der baulichen Sanierung und Erweiterung des Kulturzentrums \u201eHasan Prishtina\u201c in Vushtrri unter Ber\u00fccksichtigung denkmalpflegerischer Vorgaben. Das Geb\u00e4ude wurde unmittelbar nach Ende des Zweiten Weltkriegs im Auftrag der jugoslawischen Armee f\u00fcr milit\u00e4rische Zwecke erbaut. Nach dem Abzug der jugoslawischen Armee im Jahr 1970 gelangte das Objekt unter kommunale Verwaltung. Nun entstand ein Kulturzentrum mit Kino und Stadtbibliothek. W\u00e4hrend<\/p>\n<div class=\"belowpost\"><a class=\"btnmore icon-arrow\" href=\"https:\/\/denkmalpflege.tuwien.ac.at\/index.php\/sadiku\/\"><span>Read More<\/span><\/a><\/div>\n","protected":false},"author":1,"featured_media":0,"parent":0,"menu_order":0,"comment_status":"open","ping_status":"open","template":"","meta":{"footnotes":""},"class_list":["post-8370","page","type-page","status-publish","hentry"],"yoast_head":"<!-- This site is optimized with the Yoast SEO plugin v26.0 - https:\/\/yoast.com\/wordpress\/plugins\/seo\/ -->\n<title>Sadiku - Denkmalpflege und Bauen im Bestand<\/title>\n<meta name=\"robots\" content=\"index, follow, max-snippet:-1, max-image-preview:large, max-video-preview:-1\" \/>\n<link rel=\"canonical\" href=\"https:\/\/denkmalpflege.tuwien.ac.at\/index.php\/sadiku\/\" \/>\n<meta property=\"og:locale\" content=\"de_DE\" \/>\n<meta property=\"og:type\" content=\"article\" \/>\n<meta property=\"og:title\" content=\"Sadiku - Denkmalpflege und Bauen im Bestand\" \/>\n<meta property=\"og:description\" content=\"&lt; Alle Arbeiten Kulturzentrum in Vushtrri-Kosovo 2015 Berat SADIKU Die Diplomarbeit widmet sich der baulichen Sanierung und Erweiterung des Kulturzentrums \u201eHasan Prishtina\u201c in Vushtrri unter Ber\u00fccksichtigung denkmalpflegerischer Vorgaben. Das Geb\u00e4ude wurde unmittelbar nach Ende des Zweiten Weltkriegs im Auftrag der jugoslawischen Armee f\u00fcr milit\u00e4rische Zwecke erbaut. Nach dem Abzug der jugoslawischen Armee im Jahr 1970 gelangte das Objekt unter kommunale Verwaltung. Nun entstand ein Kulturzentrum mit Kino und Stadtbibliothek. W\u00e4hrendRead More\" \/>\n<meta property=\"og:url\" content=\"https:\/\/denkmalpflege.tuwien.ac.at\/index.php\/sadiku\/\" \/>\n<meta property=\"og:site_name\" content=\"Denkmalpflege und Bauen im Bestand\" \/>\n<meta property=\"article:modified_time\" content=\"2018-04-30T14:52:00+00:00\" \/>\n<meta name=\"twitter:card\" content=\"summary_large_image\" \/>\n<meta name=\"twitter:label1\" content=\"Gesch\u00e4tzte Lesezeit\" \/>\n\t<meta name=\"twitter:data1\" content=\"1\u00a0Minute\" \/>\n<script type=\"application\/ld+json\" class=\"yoast-schema-graph\">{\"@context\":\"https:\/\/schema.org\",\"@graph\":[{\"@type\":\"WebPage\",\"@id\":\"https:\/\/denkmalpflege.tuwien.ac.at\/index.php\/sadiku\/\",\"url\":\"https:\/\/denkmalpflege.tuwien.ac.at\/index.php\/sadiku\/\",\"name\":\"Sadiku - Denkmalpflege und Bauen im Bestand\",\"isPartOf\":{\"@id\":\"https:\/\/denkmalpflege.tuwien.ac.at\/#website\"},\"primaryImageOfPage\":{\"@id\":\"https:\/\/denkmalpflege.tuwien.ac.at\/index.php\/sadiku\/#primaryimage\"},\"image\":{\"@id\":\"https:\/\/denkmalpflege.tuwien.ac.at\/index.php\/sadiku\/#primaryimage\"},\"thumbnailUrl\":\"http:\/\/denkmalpflege1.e251.tuwien.ac.at\/wp-content\/uploads\/2015\/03\/13.gif\",\"datePublished\":\"2015-03-21T15:45:45+00:00\",\"dateModified\":\"2018-04-30T14:52:00+00:00\",\"breadcrumb\":{\"@id\":\"https:\/\/denkmalpflege.tuwien.ac.at\/index.php\/sadiku\/#breadcrumb\"},\"inLanguage\":\"de\",\"potentialAction\":[{\"@type\":\"ReadAction\",\"target\":[\"https:\/\/denkmalpflege.tuwien.ac.at\/index.php\/sadiku\/\"]}]},{\"@type\":\"ImageObject\",\"inLanguage\":\"de\",\"@id\":\"https:\/\/denkmalpflege.tuwien.ac.at\/index.php\/sadiku\/#primaryimage\",\"url\":\"http:\/\/denkmalpflege1.e251.tuwien.ac.at\/wp-content\/uploads\/2015\/03\/13.gif\",\"contentUrl\":\"http:\/\/denkmalpflege1.e251.tuwien.ac.at\/wp-content\/uploads\/2015\/03\/13.gif\"},{\"@type\":\"BreadcrumbList\",\"@id\":\"https:\/\/denkmalpflege.tuwien.ac.at\/index.php\/sadiku\/#breadcrumb\",\"itemListElement\":[{\"@type\":\"ListItem\",\"position\":1,\"name\":\"Startseite\",\"item\":\"https:\/\/denkmalpflege.tuwien.ac.at\/\"},{\"@type\":\"ListItem\",\"position\":2,\"name\":\"Sadiku\"}]},{\"@type\":\"WebSite\",\"@id\":\"https:\/\/denkmalpflege.tuwien.ac.at\/#website\",\"url\":\"https:\/\/denkmalpflege.tuwien.ac.at\/\",\"name\":\"Denkmalpflege und Bauen im Bestand\",\"description\":\"Denkmalpflege TU Wien\",\"publisher\":{\"@id\":\"https:\/\/denkmalpflege.tuwien.ac.at\/#organization\"},\"potentialAction\":[{\"@type\":\"SearchAction\",\"target\":{\"@type\":\"EntryPoint\",\"urlTemplate\":\"https:\/\/denkmalpflege.tuwien.ac.at\/?s={search_term_string}\"},\"query-input\":{\"@type\":\"PropertyValueSpecification\",\"valueRequired\":true,\"valueName\":\"search_term_string\"}}],\"inLanguage\":\"de\"},{\"@type\":\"Organization\",\"@id\":\"https:\/\/denkmalpflege.tuwien.ac.at\/#organization\",\"name\":\"TU Wien Denkmalpflege und Bauen im Bestand\",\"url\":\"https:\/\/denkmalpflege.tuwien.ac.at\/\",\"logo\":{\"@type\":\"ImageObject\",\"inLanguage\":\"de\",\"@id\":\"https:\/\/denkmalpflege.tuwien.ac.at\/#\/schema\/logo\/image\/\",\"url\":\"https:\/\/denkmalpflege.tuwien.ac.at\/wp-content\/uploads\/2019\/10\/Logo1.png\",\"contentUrl\":\"https:\/\/denkmalpflege.tuwien.ac.at\/wp-content\/uploads\/2019\/10\/Logo1.png\",\"width\":222,\"height\":79,\"caption\":\"TU Wien Denkmalpflege und Bauen im Bestand\"},\"image\":{\"@id\":\"https:\/\/denkmalpflege.tuwien.ac.at\/#\/schema\/logo\/image\/\"}}]}<\/script>\n<!-- \/ Yoast SEO plugin. -->","yoast_head_json":{"title":"Sadiku - Denkmalpflege und Bauen im Bestand","robots":{"index":"index","follow":"follow","max-snippet":"max-snippet:-1","max-image-preview":"max-image-preview:large","max-video-preview":"max-video-preview:-1"},"canonical":"https:\/\/denkmalpflege.tuwien.ac.at\/index.php\/sadiku\/","og_locale":"de_DE","og_type":"article","og_title":"Sadiku - Denkmalpflege und Bauen im Bestand","og_description":"&lt; Alle Arbeiten Kulturzentrum in Vushtrri-Kosovo 2015 Berat SADIKU Die Diplomarbeit widmet sich der baulichen Sanierung und Erweiterung des Kulturzentrums \u201eHasan Prishtina\u201c in Vushtrri unter Ber\u00fccksichtigung denkmalpflegerischer Vorgaben. Das Geb\u00e4ude wurde unmittelbar nach Ende des Zweiten Weltkriegs im Auftrag der jugoslawischen Armee f\u00fcr milit\u00e4rische Zwecke erbaut. Nach dem Abzug der jugoslawischen Armee im Jahr 1970 gelangte das Objekt unter kommunale Verwaltung. Nun entstand ein Kulturzentrum mit Kino und Stadtbibliothek. W\u00e4hrendRead More","og_url":"https:\/\/denkmalpflege.tuwien.ac.at\/index.php\/sadiku\/","og_site_name":"Denkmalpflege und Bauen im Bestand","article_modified_time":"2018-04-30T14:52:00+00:00","twitter_card":"summary_large_image","twitter_misc":{"Gesch\u00e4tzte Lesezeit":"1\u00a0Minute"},"schema":{"@context":"https:\/\/schema.org","@graph":[{"@type":"WebPage","@id":"https:\/\/denkmalpflege.tuwien.ac.at\/index.php\/sadiku\/","url":"https:\/\/denkmalpflege.tuwien.ac.at\/index.php\/sadiku\/","name":"Sadiku - Denkmalpflege und Bauen im Bestand","isPartOf":{"@id":"https:\/\/denkmalpflege.tuwien.ac.at\/#website"},"primaryImageOfPage":{"@id":"https:\/\/denkmalpflege.tuwien.ac.at\/index.php\/sadiku\/#primaryimage"},"image":{"@id":"https:\/\/denkmalpflege.tuwien.ac.at\/index.php\/sadiku\/#primaryimage"},"thumbnailUrl":"http:\/\/denkmalpflege1.e251.tuwien.ac.at\/wp-content\/uploads\/2015\/03\/13.gif","datePublished":"2015-03-21T15:45:45+00:00","dateModified":"2018-04-30T14:52:00+00:00","breadcrumb":{"@id":"https:\/\/denkmalpflege.tuwien.ac.at\/index.php\/sadiku\/#breadcrumb"},"inLanguage":"de","potentialAction":[{"@type":"ReadAction","target":["https:\/\/denkmalpflege.tuwien.ac.at\/index.php\/sadiku\/"]}]},{"@type":"ImageObject","inLanguage":"de","@id":"https:\/\/denkmalpflege.tuwien.ac.at\/index.php\/sadiku\/#primaryimage","url":"http:\/\/denkmalpflege1.e251.tuwien.ac.at\/wp-content\/uploads\/2015\/03\/13.gif","contentUrl":"http:\/\/denkmalpflege1.e251.tuwien.ac.at\/wp-content\/uploads\/2015\/03\/13.gif"},{"@type":"BreadcrumbList","@id":"https:\/\/denkmalpflege.tuwien.ac.at\/index.php\/sadiku\/#breadcrumb","itemListElement":[{"@type":"ListItem","position":1,"name":"Startseite","item":"https:\/\/denkmalpflege.tuwien.ac.at\/"},{"@type":"ListItem","position":2,"name":"Sadiku"}]},{"@type":"WebSite","@id":"https:\/\/denkmalpflege.tuwien.ac.at\/#website","url":"https:\/\/denkmalpflege.tuwien.ac.at\/","name":"Denkmalpflege und Bauen im Bestand","description":"Denkmalpflege TU Wien","publisher":{"@id":"https:\/\/denkmalpflege.tuwien.ac.at\/#organization"},"potentialAction":[{"@type":"SearchAction","target":{"@type":"EntryPoint","urlTemplate":"https:\/\/denkmalpflege.tuwien.ac.at\/?s={search_term_string}"},"query-input":{"@type":"PropertyValueSpecification","valueRequired":true,"valueName":"search_term_string"}}],"inLanguage":"de"},{"@type":"Organization","@id":"https:\/\/denkmalpflege.tuwien.ac.at\/#organization","name":"TU Wien Denkmalpflege und Bauen im Bestand","url":"https:\/\/denkmalpflege.tuwien.ac.at\/","logo":{"@type":"ImageObject","inLanguage":"de","@id":"https:\/\/denkmalpflege.tuwien.ac.at\/#\/schema\/logo\/image\/","url":"https:\/\/denkmalpflege.tuwien.ac.at\/wp-content\/uploads\/2019\/10\/Logo1.png","contentUrl":"https:\/\/denkmalpflege.tuwien.ac.at\/wp-content\/uploads\/2019\/10\/Logo1.png","width":222,"height":79,"caption":"TU Wien Denkmalpflege und Bauen im Bestand"},"image":{"@id":"https:\/\/denkmalpflege.tuwien.ac.at\/#\/schema\/logo\/image\/"}}]}},"_links":{"self":[{"href":"https:\/\/denkmalpflege.tuwien.ac.at\/index.php\/wp-json\/wp\/v2\/pages\/8370","targetHints":{"allow":["GET"]}}],"collection":[{"href":"https:\/\/denkmalpflege.tuwien.ac.at\/index.php\/wp-json\/wp\/v2\/pages"}],"about":[{"href":"https:\/\/denkmalpflege.tuwien.ac.at\/index.php\/wp-json\/wp\/v2\/types\/page"}],"author":[{"embeddable":true,"href":"https:\/\/denkmalpflege.tuwien.ac.at\/index.php\/wp-json\/wp\/v2\/users\/1"}],"replies":[{"embeddable":true,"href":"https:\/\/denkmalpflege.tuwien.ac.at\/index.php\/wp-json\/wp\/v2\/comments?post=8370"}],"version-history":[{"count":10,"href":"https:\/\/denkmalpflege.tuwien.ac.at\/index.php\/wp-json\/wp\/v2\/pages\/8370\/revisions"}],"predecessor-version":[{"id":13473,"href":"https:\/\/denkmalpflege.tuwien.ac.at\/index.php\/wp-json\/wp\/v2\/pages\/8370\/revisions\/13473"}],"wp:attachment":[{"href":"https:\/\/denkmalpflege.tuwien.ac.at\/index.php\/wp-json\/wp\/v2\/media?parent=8370"}],"curies":[{"name":"wp","href":"https:\/\/api.w.org\/{rel}","templated":true}]}}