{"id":8355,"date":"2015-03-21T16:39:42","date_gmt":"2015-03-21T15:39:42","guid":{"rendered":"http:\/\/denkmalpflege1.e251.tuwien.ac.at\/?page_id=8355"},"modified":"2015-06-17T10:10:43","modified_gmt":"2015-06-17T08:10:43","slug":"jusufi","status":"publish","type":"page","link":"https:\/\/denkmalpflege.tuwien.ac.at\/index.php\/jusufi\/","title":{"rendered":"JUSUFI"},"content":{"rendered":"<div class=\"mitarbeiter\">\n<div class=\"grey\"><img decoding=\"async\" class=\"alignnone size-full wp-image-165\" src=\"http:\/\/denkmalpflege1.e251.tuwien.ac.at\/wp-content\/uploads\/2015\/03\/12.gif\" alt=\"\" width=\"130\" height=\"113\" \/><a class=\"right_link\" href=\"diplomanden-prof-stadler\">&lt; Alle Arbeiten<\/a><br \/>\n<b>Historische und Ethnographisches Museum in Vushtrri-Kosovo<br \/>\nDas Haus von  Mahmut Age Gjinolli<\/b><br \/>\n<strong>2015 Xhafer JUSUFI<\/strong><\/p>\n<div class='breakline'><\/div>\n<\/div>\n<div class=\"greyfield\">\nEines der bedeutendsten Baudenkm\u00e4ler der Stadt Vushtrri im Kosovo ist das im westlichen Sektor des Stadtkerns erbaute Serail, der Palast der Familie Gjinolli. Das \u201eMahmut Age Gjinolli-Haus\u201c wurde noch unter der Herrschaft der Osmanen im sp\u00e4ten 19. Jahrhundert errichtet, seine historische Fassade zeigt typische Stilelemente orientalischer Baukunst wie auch solche des Barock.<br \/>\nIn der Zeit vom 16. bis in das 18. Jahrhundert erlebte Vushtrri einen wirtschaftlichen Aufschwung, der auch in den zahlreichen Bauvorhaben seinen Niederschlag fand, wie etwa die Errichtung von B\u00fcrgerh\u00e4usern f\u00fcr wohlhabende Albaner, die sich in der Administration des Osmanischen Reichs etabliert hatten. Im Kontext dieser Entwicklung ist auch der Bau des \u201eMahmut Age Gjinolli-Hauses\u201c zu verstehen. Die Schauseite des Hauses ist \u2013 im Unterschied zu anderen feudalen Geb\u00e4uden \u2013 nach Osten orientiert und wendet sich dem Stadtzentrum zu. Unter osmanischer Regentschaft beherbergte das \u201eMahmut Age Gjinolli-Haus\u201c die kommunale Verwaltung von Vushtrri, die Beledije. Nach dem Ende des Zweiten Weltkrieges wurde das Geb\u00e4ude als Krankenhaus genutzt, sp\u00e4ter als Armenhaus. Einem Beschluss der Stadtregierung folgend soll das \u201eMahmut Age Gjinolli-Haus\u201c k\u00fcnftig als historisches und ethnografisches Museum genutzt werden. Die denkmalgerechte Sanierung und Adaptierung f\u00fcr die neue Nutzung steht im Mittelpunkt der Diplomarbeit. <\/p>\n<\/div>\n<p><span> <\/span><br \/>\n<img decoding=\"async\" src=\"http:\/\/denkmalpflege1.e251.tuwien.ac.at\/wp-content\/uploads\/2015\/04\/1.gif\" alt=\"\" width=\"\" height=\"260\" \/> <\/p>\n<\/div>\n<\/div>\n","protected":false},"excerpt":{"rendered":"<p>&lt; Alle Arbeiten Historische und Ethnographisches Museum in Vushtrri-Kosovo Das Haus von Mahmut Age Gjinolli 2015 Xhafer JUSUFI Eines der bedeutendsten Baudenkm\u00e4ler der Stadt Vushtrri im Kosovo ist das im westlichen Sektor des Stadtkerns erbaute Serail, der Palast der Familie Gjinolli. Das \u201eMahmut Age Gjinolli-Haus\u201c wurde noch unter der Herrschaft der Osmanen im sp\u00e4ten 19. Jahrhundert errichtet, seine historische Fassade zeigt typische Stilelemente orientalischer Baukunst wie auch solche des Barock.<\/p>\n<div class=\"belowpost\"><a class=\"btnmore icon-arrow\" href=\"https:\/\/denkmalpflege.tuwien.ac.at\/index.php\/jusufi\/\"><span>Read More<\/span><\/a><\/div>\n","protected":false},"author":1,"featured_media":0,"parent":0,"menu_order":0,"comment_status":"open","ping_status":"open","template":"","meta":{"footnotes":""},"class_list":["post-8355","page","type-page","status-publish","hentry"],"yoast_head":"<!-- This site is optimized with the Yoast SEO plugin v26.0 - https:\/\/yoast.com\/wordpress\/plugins\/seo\/ -->\n<title>JUSUFI - Denkmalpflege und Bauen im Bestand<\/title>\n<meta name=\"robots\" content=\"index, follow, max-snippet:-1, max-image-preview:large, max-video-preview:-1\" \/>\n<link rel=\"canonical\" href=\"https:\/\/denkmalpflege.tuwien.ac.at\/index.php\/jusufi\/\" \/>\n<meta property=\"og:locale\" content=\"de_DE\" \/>\n<meta property=\"og:type\" content=\"article\" \/>\n<meta property=\"og:title\" content=\"JUSUFI - Denkmalpflege und Bauen im Bestand\" \/>\n<meta property=\"og:description\" content=\"&lt; Alle Arbeiten Historische und Ethnographisches Museum in Vushtrri-Kosovo Das Haus von Mahmut Age Gjinolli 2015 Xhafer JUSUFI Eines der bedeutendsten Baudenkm\u00e4ler der Stadt Vushtrri im Kosovo ist das im westlichen Sektor des Stadtkerns erbaute Serail, der Palast der Familie Gjinolli. Das \u201eMahmut Age Gjinolli-Haus\u201c wurde noch unter der Herrschaft der Osmanen im sp\u00e4ten 19. Jahrhundert errichtet, seine historische Fassade zeigt typische Stilelemente orientalischer Baukunst wie auch solche des Barock.Read More\" \/>\n<meta property=\"og:url\" content=\"https:\/\/denkmalpflege.tuwien.ac.at\/index.php\/jusufi\/\" \/>\n<meta property=\"og:site_name\" content=\"Denkmalpflege und Bauen im Bestand\" \/>\n<meta property=\"article:modified_time\" content=\"2015-06-17T08:10:43+00:00\" \/>\n<meta name=\"twitter:card\" content=\"summary_large_image\" \/>\n<meta name=\"twitter:label1\" content=\"Gesch\u00e4tzte Lesezeit\" \/>\n\t<meta name=\"twitter:data1\" content=\"1\u00a0Minute\" \/>\n<script type=\"application\/ld+json\" class=\"yoast-schema-graph\">{\"@context\":\"https:\/\/schema.org\",\"@graph\":[{\"@type\":\"WebPage\",\"@id\":\"https:\/\/denkmalpflege.tuwien.ac.at\/index.php\/jusufi\/\",\"url\":\"https:\/\/denkmalpflege.tuwien.ac.at\/index.php\/jusufi\/\",\"name\":\"JUSUFI - Denkmalpflege und Bauen im Bestand\",\"isPartOf\":{\"@id\":\"https:\/\/denkmalpflege.tuwien.ac.at\/#website\"},\"primaryImageOfPage\":{\"@id\":\"https:\/\/denkmalpflege.tuwien.ac.at\/index.php\/jusufi\/#primaryimage\"},\"image\":{\"@id\":\"https:\/\/denkmalpflege.tuwien.ac.at\/index.php\/jusufi\/#primaryimage\"},\"thumbnailUrl\":\"http:\/\/denkmalpflege1.e251.tuwien.ac.at\/wp-content\/uploads\/2015\/03\/12.gif\",\"datePublished\":\"2015-03-21T15:39:42+00:00\",\"dateModified\":\"2015-06-17T08:10:43+00:00\",\"breadcrumb\":{\"@id\":\"https:\/\/denkmalpflege.tuwien.ac.at\/index.php\/jusufi\/#breadcrumb\"},\"inLanguage\":\"de\",\"potentialAction\":[{\"@type\":\"ReadAction\",\"target\":[\"https:\/\/denkmalpflege.tuwien.ac.at\/index.php\/jusufi\/\"]}]},{\"@type\":\"ImageObject\",\"inLanguage\":\"de\",\"@id\":\"https:\/\/denkmalpflege.tuwien.ac.at\/index.php\/jusufi\/#primaryimage\",\"url\":\"http:\/\/denkmalpflege1.e251.tuwien.ac.at\/wp-content\/uploads\/2015\/03\/12.gif\",\"contentUrl\":\"http:\/\/denkmalpflege1.e251.tuwien.ac.at\/wp-content\/uploads\/2015\/03\/12.gif\"},{\"@type\":\"BreadcrumbList\",\"@id\":\"https:\/\/denkmalpflege.tuwien.ac.at\/index.php\/jusufi\/#breadcrumb\",\"itemListElement\":[{\"@type\":\"ListItem\",\"position\":1,\"name\":\"Startseite\",\"item\":\"https:\/\/denkmalpflege.tuwien.ac.at\/\"},{\"@type\":\"ListItem\",\"position\":2,\"name\":\"JUSUFI\"}]},{\"@type\":\"WebSite\",\"@id\":\"https:\/\/denkmalpflege.tuwien.ac.at\/#website\",\"url\":\"https:\/\/denkmalpflege.tuwien.ac.at\/\",\"name\":\"Denkmalpflege und Bauen im Bestand\",\"description\":\"Denkmalpflege TU Wien\",\"publisher\":{\"@id\":\"https:\/\/denkmalpflege.tuwien.ac.at\/#organization\"},\"potentialAction\":[{\"@type\":\"SearchAction\",\"target\":{\"@type\":\"EntryPoint\",\"urlTemplate\":\"https:\/\/denkmalpflege.tuwien.ac.at\/?s={search_term_string}\"},\"query-input\":{\"@type\":\"PropertyValueSpecification\",\"valueRequired\":true,\"valueName\":\"search_term_string\"}}],\"inLanguage\":\"de\"},{\"@type\":\"Organization\",\"@id\":\"https:\/\/denkmalpflege.tuwien.ac.at\/#organization\",\"name\":\"TU Wien Denkmalpflege und Bauen im Bestand\",\"url\":\"https:\/\/denkmalpflege.tuwien.ac.at\/\",\"logo\":{\"@type\":\"ImageObject\",\"inLanguage\":\"de\",\"@id\":\"https:\/\/denkmalpflege.tuwien.ac.at\/#\/schema\/logo\/image\/\",\"url\":\"https:\/\/denkmalpflege.tuwien.ac.at\/wp-content\/uploads\/2019\/10\/Logo1.png\",\"contentUrl\":\"https:\/\/denkmalpflege.tuwien.ac.at\/wp-content\/uploads\/2019\/10\/Logo1.png\",\"width\":222,\"height\":79,\"caption\":\"TU Wien Denkmalpflege und Bauen im Bestand\"},\"image\":{\"@id\":\"https:\/\/denkmalpflege.tuwien.ac.at\/#\/schema\/logo\/image\/\"}}]}<\/script>\n<!-- \/ Yoast SEO plugin. -->","yoast_head_json":{"title":"JUSUFI - Denkmalpflege und Bauen im Bestand","robots":{"index":"index","follow":"follow","max-snippet":"max-snippet:-1","max-image-preview":"max-image-preview:large","max-video-preview":"max-video-preview:-1"},"canonical":"https:\/\/denkmalpflege.tuwien.ac.at\/index.php\/jusufi\/","og_locale":"de_DE","og_type":"article","og_title":"JUSUFI - Denkmalpflege und Bauen im Bestand","og_description":"&lt; Alle Arbeiten Historische und Ethnographisches Museum in Vushtrri-Kosovo Das Haus von Mahmut Age Gjinolli 2015 Xhafer JUSUFI Eines der bedeutendsten Baudenkm\u00e4ler der Stadt Vushtrri im Kosovo ist das im westlichen Sektor des Stadtkerns erbaute Serail, der Palast der Familie Gjinolli. Das \u201eMahmut Age Gjinolli-Haus\u201c wurde noch unter der Herrschaft der Osmanen im sp\u00e4ten 19. Jahrhundert errichtet, seine historische Fassade zeigt typische Stilelemente orientalischer Baukunst wie auch solche des Barock.Read More","og_url":"https:\/\/denkmalpflege.tuwien.ac.at\/index.php\/jusufi\/","og_site_name":"Denkmalpflege und Bauen im Bestand","article_modified_time":"2015-06-17T08:10:43+00:00","twitter_card":"summary_large_image","twitter_misc":{"Gesch\u00e4tzte Lesezeit":"1\u00a0Minute"},"schema":{"@context":"https:\/\/schema.org","@graph":[{"@type":"WebPage","@id":"https:\/\/denkmalpflege.tuwien.ac.at\/index.php\/jusufi\/","url":"https:\/\/denkmalpflege.tuwien.ac.at\/index.php\/jusufi\/","name":"JUSUFI - Denkmalpflege und Bauen im Bestand","isPartOf":{"@id":"https:\/\/denkmalpflege.tuwien.ac.at\/#website"},"primaryImageOfPage":{"@id":"https:\/\/denkmalpflege.tuwien.ac.at\/index.php\/jusufi\/#primaryimage"},"image":{"@id":"https:\/\/denkmalpflege.tuwien.ac.at\/index.php\/jusufi\/#primaryimage"},"thumbnailUrl":"http:\/\/denkmalpflege1.e251.tuwien.ac.at\/wp-content\/uploads\/2015\/03\/12.gif","datePublished":"2015-03-21T15:39:42+00:00","dateModified":"2015-06-17T08:10:43+00:00","breadcrumb":{"@id":"https:\/\/denkmalpflege.tuwien.ac.at\/index.php\/jusufi\/#breadcrumb"},"inLanguage":"de","potentialAction":[{"@type":"ReadAction","target":["https:\/\/denkmalpflege.tuwien.ac.at\/index.php\/jusufi\/"]}]},{"@type":"ImageObject","inLanguage":"de","@id":"https:\/\/denkmalpflege.tuwien.ac.at\/index.php\/jusufi\/#primaryimage","url":"http:\/\/denkmalpflege1.e251.tuwien.ac.at\/wp-content\/uploads\/2015\/03\/12.gif","contentUrl":"http:\/\/denkmalpflege1.e251.tuwien.ac.at\/wp-content\/uploads\/2015\/03\/12.gif"},{"@type":"BreadcrumbList","@id":"https:\/\/denkmalpflege.tuwien.ac.at\/index.php\/jusufi\/#breadcrumb","itemListElement":[{"@type":"ListItem","position":1,"name":"Startseite","item":"https:\/\/denkmalpflege.tuwien.ac.at\/"},{"@type":"ListItem","position":2,"name":"JUSUFI"}]},{"@type":"WebSite","@id":"https:\/\/denkmalpflege.tuwien.ac.at\/#website","url":"https:\/\/denkmalpflege.tuwien.ac.at\/","name":"Denkmalpflege und Bauen im Bestand","description":"Denkmalpflege TU Wien","publisher":{"@id":"https:\/\/denkmalpflege.tuwien.ac.at\/#organization"},"potentialAction":[{"@type":"SearchAction","target":{"@type":"EntryPoint","urlTemplate":"https:\/\/denkmalpflege.tuwien.ac.at\/?s={search_term_string}"},"query-input":{"@type":"PropertyValueSpecification","valueRequired":true,"valueName":"search_term_string"}}],"inLanguage":"de"},{"@type":"Organization","@id":"https:\/\/denkmalpflege.tuwien.ac.at\/#organization","name":"TU Wien Denkmalpflege und Bauen im Bestand","url":"https:\/\/denkmalpflege.tuwien.ac.at\/","logo":{"@type":"ImageObject","inLanguage":"de","@id":"https:\/\/denkmalpflege.tuwien.ac.at\/#\/schema\/logo\/image\/","url":"https:\/\/denkmalpflege.tuwien.ac.at\/wp-content\/uploads\/2019\/10\/Logo1.png","contentUrl":"https:\/\/denkmalpflege.tuwien.ac.at\/wp-content\/uploads\/2019\/10\/Logo1.png","width":222,"height":79,"caption":"TU Wien Denkmalpflege und Bauen im Bestand"},"image":{"@id":"https:\/\/denkmalpflege.tuwien.ac.at\/#\/schema\/logo\/image\/"}}]}},"_links":{"self":[{"href":"https:\/\/denkmalpflege.tuwien.ac.at\/index.php\/wp-json\/wp\/v2\/pages\/8355","targetHints":{"allow":["GET"]}}],"collection":[{"href":"https:\/\/denkmalpflege.tuwien.ac.at\/index.php\/wp-json\/wp\/v2\/pages"}],"about":[{"href":"https:\/\/denkmalpflege.tuwien.ac.at\/index.php\/wp-json\/wp\/v2\/types\/page"}],"author":[{"embeddable":true,"href":"https:\/\/denkmalpflege.tuwien.ac.at\/index.php\/wp-json\/wp\/v2\/users\/1"}],"replies":[{"embeddable":true,"href":"https:\/\/denkmalpflege.tuwien.ac.at\/index.php\/wp-json\/wp\/v2\/comments?post=8355"}],"version-history":[{"count":9,"href":"https:\/\/denkmalpflege.tuwien.ac.at\/index.php\/wp-json\/wp\/v2\/pages\/8355\/revisions"}],"predecessor-version":[{"id":8794,"href":"https:\/\/denkmalpflege.tuwien.ac.at\/index.php\/wp-json\/wp\/v2\/pages\/8355\/revisions\/8794"}],"wp:attachment":[{"href":"https:\/\/denkmalpflege.tuwien.ac.at\/index.php\/wp-json\/wp\/v2\/media?parent=8355"}],"curies":[{"name":"wp","href":"https:\/\/api.w.org\/{rel}","templated":true}]}}