{"id":8084,"date":"2015-02-23T12:24:14","date_gmt":"2015-02-23T11:24:14","guid":{"rendered":"http:\/\/denkmalpflege1.e251.tuwien.ac.at\/?page_id=8084"},"modified":"2018-07-10T11:22:32","modified_gmt":"2018-07-10T09:22:32","slug":"smolkova","status":"publish","type":"page","link":"https:\/\/denkmalpflege.tuwien.ac.at\/index.php\/smolkova\/","title":{"rendered":"Balajova"},"content":{"rendered":"<div class=\"mitarbeiter\">\n<div class=\"grey\"><img decoding=\"async\" class=\"alignnone size-full wp-image-165\" src=\"http:\/\/denkmalpflege1.e251.tuwien.ac.at\/wp-content\/uploads\/2015\/02\/deck.jpg\" alt=\"\" width=\"130\" height=\"113\" \/><a class=\"right_link\" href=\"diplomanden-prof-stadler\">&lt; Alle Arbeiten<\/a><br \/>\n<b>Tatra Museum in Koprivnice<br \/>\nEntwicklung neuer Nutzungskonzepte f\u00fcr eine Industriegrenzzone<\/b><\/p>\n<p><\/b><br \/>\n<strong>2015 Michaela BALAJOVA<\/strong><\/p>\n<div class='breakline'><\/div>\n<\/div>\n<div class=\"greyfield\">Das ausgedehnte Industrieareal der Tatra-Werke in Koprivnice steht im Mittelpunkt der Diplomarbeit. Das w\u00e4hrend seiner Bl\u00fctezeit unter der kommunistischen Regierung weit \u00fcber die Grenzen des Landes hinaus ber\u00fchmte Tatra-Werk, war jedoch \u2013 wie die meisten Produktionsst\u00e4tten dieser Zeit \u2013 einseitig orientiert. Nach der Samtenen Revolution sank die Zahl der j\u00e4hrlich fertiggestellten Lastkraftwagen von vormals 15.000 auf nur 1.500 Fahrzeuge. Das Schrumpfen der Produktion hinterlie\u00df einen beachtlichen Bestand an ungenutzten Werkshallen, die nunmehr eine Brache zwischen Stadt- und Industriegebiet bilden.<br \/>\nTatra hinterlie\u00df der Stadt Koprivnice allerdings nicht nur leer stehende Fabrikhallen, sondern auch ein Museum, das j\u00e4hrlich mehr als 100.000 Besucher in die Stadt lockt. Seit dem Einsturz der bauf\u00e4llig gewordenen Halle, die das Museum aufnahm, im Jahr 2004 werden einige der Exponate in den R\u00e4umen des Kulturhauses provisorisch ausgestellt, w\u00e4hrend andere mangels geeigneter R\u00e4umlichkeiten in Depots verwahrt bleiben. Die Arbeit zielt auf eine Nachnutzung der brachliegenden Fabrikobjekte, wobei eine Aufl\u00f6sung der strukturellen Trennung von Stadt- und Werksgebiet angestrebt wird. Die Integration eines neuen Museums in den historischen Hallenbestand der Fabrik ist eines von zahlreichen Details, die der Revitalisierung der Tatra-Werke dienen.<\/p>\n<\/div>\n<p><span> <\/span><br \/>\n<img fetchpriority=\"high\" decoding=\"async\" src=\"http:\/\/denkmalpflege1.e251.tuwien.ac.at\/wp-content\/uploads\/2015\/02\/2.jpg\" alt=\"\" width=\"580\" height=\"270\" \/>  <img decoding=\"async\" src=\"http:\/\/denkmalpflege1.e251.tuwien.ac.at\/wp-content\/uploads\/2015\/02\/11.jpg\" alt=\"\" width=\"365\" height=\"270\" \/><br \/>\n<span> <\/span><br \/>\n<img loading=\"lazy\" decoding=\"async\" src=\"http:\/\/denkmalpflege1.e251.tuwien.ac.at\/wp-content\/uploads\/2015\/02\/3.jpg\" alt=\"\" width=\"948\" height=\"270\" \/>  <\/div>\n<\/div>\n<\/div>\n","protected":false},"excerpt":{"rendered":"<p>&lt; Alle Arbeiten Tatra Museum in Koprivnice Entwicklung neuer Nutzungskonzepte f\u00fcr eine Industriegrenzzone 2015 Michaela BALAJOVA Das ausgedehnte Industrieareal der Tatra-Werke in Koprivnice steht im Mittelpunkt der Diplomarbeit. Das w\u00e4hrend seiner Bl\u00fctezeit unter der kommunistischen Regierung weit \u00fcber die Grenzen des Landes hinaus ber\u00fchmte Tatra-Werk, war jedoch \u2013 wie die meisten Produktionsst\u00e4tten dieser Zeit \u2013 einseitig orientiert. Nach der Samtenen Revolution sank die Zahl der j\u00e4hrlich fertiggestellten Lastkraftwagen von vormals<\/p>\n<div class=\"belowpost\"><a class=\"btnmore icon-arrow\" href=\"https:\/\/denkmalpflege.tuwien.ac.at\/index.php\/smolkova\/\"><span>Read More<\/span><\/a><\/div>\n","protected":false},"author":1,"featured_media":0,"parent":0,"menu_order":0,"comment_status":"open","ping_status":"open","template":"","meta":{"footnotes":""},"class_list":["post-8084","page","type-page","status-publish","hentry"],"yoast_head":"<!-- This site is optimized with the Yoast SEO plugin v26.0 - https:\/\/yoast.com\/wordpress\/plugins\/seo\/ -->\n<title>Balajova - Denkmalpflege und Bauen im Bestand<\/title>\n<meta name=\"robots\" content=\"index, follow, max-snippet:-1, max-image-preview:large, max-video-preview:-1\" \/>\n<link rel=\"canonical\" href=\"https:\/\/denkmalpflege.tuwien.ac.at\/index.php\/smolkova\/\" \/>\n<meta property=\"og:locale\" content=\"de_DE\" \/>\n<meta property=\"og:type\" content=\"article\" \/>\n<meta property=\"og:title\" content=\"Balajova - Denkmalpflege und Bauen im Bestand\" \/>\n<meta property=\"og:description\" content=\"&lt; Alle Arbeiten Tatra Museum in Koprivnice Entwicklung neuer Nutzungskonzepte f\u00fcr eine Industriegrenzzone 2015 Michaela BALAJOVA Das ausgedehnte Industrieareal der Tatra-Werke in Koprivnice steht im Mittelpunkt der Diplomarbeit. Das w\u00e4hrend seiner Bl\u00fctezeit unter der kommunistischen Regierung weit \u00fcber die Grenzen des Landes hinaus ber\u00fchmte Tatra-Werk, war jedoch \u2013 wie die meisten Produktionsst\u00e4tten dieser Zeit \u2013 einseitig orientiert. Nach der Samtenen Revolution sank die Zahl der j\u00e4hrlich fertiggestellten Lastkraftwagen von vormalsRead More\" \/>\n<meta property=\"og:url\" content=\"https:\/\/denkmalpflege.tuwien.ac.at\/index.php\/smolkova\/\" \/>\n<meta property=\"og:site_name\" content=\"Denkmalpflege und Bauen im Bestand\" \/>\n<meta property=\"article:modified_time\" content=\"2018-07-10T09:22:32+00:00\" \/>\n<meta name=\"twitter:card\" content=\"summary_large_image\" \/>\n<meta name=\"twitter:label1\" content=\"Gesch\u00e4tzte Lesezeit\" \/>\n\t<meta name=\"twitter:data1\" content=\"1\u00a0Minute\" \/>\n<script type=\"application\/ld+json\" class=\"yoast-schema-graph\">{\"@context\":\"https:\/\/schema.org\",\"@graph\":[{\"@type\":\"WebPage\",\"@id\":\"https:\/\/denkmalpflege.tuwien.ac.at\/index.php\/smolkova\/\",\"url\":\"https:\/\/denkmalpflege.tuwien.ac.at\/index.php\/smolkova\/\",\"name\":\"Balajova - Denkmalpflege und Bauen im Bestand\",\"isPartOf\":{\"@id\":\"https:\/\/denkmalpflege.tuwien.ac.at\/#website\"},\"primaryImageOfPage\":{\"@id\":\"https:\/\/denkmalpflege.tuwien.ac.at\/index.php\/smolkova\/#primaryimage\"},\"image\":{\"@id\":\"https:\/\/denkmalpflege.tuwien.ac.at\/index.php\/smolkova\/#primaryimage\"},\"thumbnailUrl\":\"http:\/\/denkmalpflege1.e251.tuwien.ac.at\/wp-content\/uploads\/2015\/02\/deck.jpg\",\"datePublished\":\"2015-02-23T11:24:14+00:00\",\"dateModified\":\"2018-07-10T09:22:32+00:00\",\"breadcrumb\":{\"@id\":\"https:\/\/denkmalpflege.tuwien.ac.at\/index.php\/smolkova\/#breadcrumb\"},\"inLanguage\":\"de\",\"potentialAction\":[{\"@type\":\"ReadAction\",\"target\":[\"https:\/\/denkmalpflege.tuwien.ac.at\/index.php\/smolkova\/\"]}]},{\"@type\":\"ImageObject\",\"inLanguage\":\"de\",\"@id\":\"https:\/\/denkmalpflege.tuwien.ac.at\/index.php\/smolkova\/#primaryimage\",\"url\":\"http:\/\/denkmalpflege1.e251.tuwien.ac.at\/wp-content\/uploads\/2015\/02\/deck.jpg\",\"contentUrl\":\"http:\/\/denkmalpflege1.e251.tuwien.ac.at\/wp-content\/uploads\/2015\/02\/deck.jpg\"},{\"@type\":\"BreadcrumbList\",\"@id\":\"https:\/\/denkmalpflege.tuwien.ac.at\/index.php\/smolkova\/#breadcrumb\",\"itemListElement\":[{\"@type\":\"ListItem\",\"position\":1,\"name\":\"Startseite\",\"item\":\"https:\/\/denkmalpflege.tuwien.ac.at\/\"},{\"@type\":\"ListItem\",\"position\":2,\"name\":\"Balajova\"}]},{\"@type\":\"WebSite\",\"@id\":\"https:\/\/denkmalpflege.tuwien.ac.at\/#website\",\"url\":\"https:\/\/denkmalpflege.tuwien.ac.at\/\",\"name\":\"Denkmalpflege und Bauen im Bestand\",\"description\":\"Denkmalpflege TU Wien\",\"publisher\":{\"@id\":\"https:\/\/denkmalpflege.tuwien.ac.at\/#organization\"},\"potentialAction\":[{\"@type\":\"SearchAction\",\"target\":{\"@type\":\"EntryPoint\",\"urlTemplate\":\"https:\/\/denkmalpflege.tuwien.ac.at\/?s={search_term_string}\"},\"query-input\":{\"@type\":\"PropertyValueSpecification\",\"valueRequired\":true,\"valueName\":\"search_term_string\"}}],\"inLanguage\":\"de\"},{\"@type\":\"Organization\",\"@id\":\"https:\/\/denkmalpflege.tuwien.ac.at\/#organization\",\"name\":\"TU Wien Denkmalpflege und Bauen im Bestand\",\"url\":\"https:\/\/denkmalpflege.tuwien.ac.at\/\",\"logo\":{\"@type\":\"ImageObject\",\"inLanguage\":\"de\",\"@id\":\"https:\/\/denkmalpflege.tuwien.ac.at\/#\/schema\/logo\/image\/\",\"url\":\"https:\/\/denkmalpflege.tuwien.ac.at\/wp-content\/uploads\/2019\/10\/Logo1.png\",\"contentUrl\":\"https:\/\/denkmalpflege.tuwien.ac.at\/wp-content\/uploads\/2019\/10\/Logo1.png\",\"width\":222,\"height\":79,\"caption\":\"TU Wien Denkmalpflege und Bauen im Bestand\"},\"image\":{\"@id\":\"https:\/\/denkmalpflege.tuwien.ac.at\/#\/schema\/logo\/image\/\"}}]}<\/script>\n<!-- \/ Yoast SEO plugin. -->","yoast_head_json":{"title":"Balajova - Denkmalpflege und Bauen im Bestand","robots":{"index":"index","follow":"follow","max-snippet":"max-snippet:-1","max-image-preview":"max-image-preview:large","max-video-preview":"max-video-preview:-1"},"canonical":"https:\/\/denkmalpflege.tuwien.ac.at\/index.php\/smolkova\/","og_locale":"de_DE","og_type":"article","og_title":"Balajova - Denkmalpflege und Bauen im Bestand","og_description":"&lt; Alle Arbeiten Tatra Museum in Koprivnice Entwicklung neuer Nutzungskonzepte f\u00fcr eine Industriegrenzzone 2015 Michaela BALAJOVA Das ausgedehnte Industrieareal der Tatra-Werke in Koprivnice steht im Mittelpunkt der Diplomarbeit. Das w\u00e4hrend seiner Bl\u00fctezeit unter der kommunistischen Regierung weit \u00fcber die Grenzen des Landes hinaus ber\u00fchmte Tatra-Werk, war jedoch \u2013 wie die meisten Produktionsst\u00e4tten dieser Zeit \u2013 einseitig orientiert. Nach der Samtenen Revolution sank die Zahl der j\u00e4hrlich fertiggestellten Lastkraftwagen von vormalsRead More","og_url":"https:\/\/denkmalpflege.tuwien.ac.at\/index.php\/smolkova\/","og_site_name":"Denkmalpflege und Bauen im Bestand","article_modified_time":"2018-07-10T09:22:32+00:00","twitter_card":"summary_large_image","twitter_misc":{"Gesch\u00e4tzte Lesezeit":"1\u00a0Minute"},"schema":{"@context":"https:\/\/schema.org","@graph":[{"@type":"WebPage","@id":"https:\/\/denkmalpflege.tuwien.ac.at\/index.php\/smolkova\/","url":"https:\/\/denkmalpflege.tuwien.ac.at\/index.php\/smolkova\/","name":"Balajova - Denkmalpflege und Bauen im Bestand","isPartOf":{"@id":"https:\/\/denkmalpflege.tuwien.ac.at\/#website"},"primaryImageOfPage":{"@id":"https:\/\/denkmalpflege.tuwien.ac.at\/index.php\/smolkova\/#primaryimage"},"image":{"@id":"https:\/\/denkmalpflege.tuwien.ac.at\/index.php\/smolkova\/#primaryimage"},"thumbnailUrl":"http:\/\/denkmalpflege1.e251.tuwien.ac.at\/wp-content\/uploads\/2015\/02\/deck.jpg","datePublished":"2015-02-23T11:24:14+00:00","dateModified":"2018-07-10T09:22:32+00:00","breadcrumb":{"@id":"https:\/\/denkmalpflege.tuwien.ac.at\/index.php\/smolkova\/#breadcrumb"},"inLanguage":"de","potentialAction":[{"@type":"ReadAction","target":["https:\/\/denkmalpflege.tuwien.ac.at\/index.php\/smolkova\/"]}]},{"@type":"ImageObject","inLanguage":"de","@id":"https:\/\/denkmalpflege.tuwien.ac.at\/index.php\/smolkova\/#primaryimage","url":"http:\/\/denkmalpflege1.e251.tuwien.ac.at\/wp-content\/uploads\/2015\/02\/deck.jpg","contentUrl":"http:\/\/denkmalpflege1.e251.tuwien.ac.at\/wp-content\/uploads\/2015\/02\/deck.jpg"},{"@type":"BreadcrumbList","@id":"https:\/\/denkmalpflege.tuwien.ac.at\/index.php\/smolkova\/#breadcrumb","itemListElement":[{"@type":"ListItem","position":1,"name":"Startseite","item":"https:\/\/denkmalpflege.tuwien.ac.at\/"},{"@type":"ListItem","position":2,"name":"Balajova"}]},{"@type":"WebSite","@id":"https:\/\/denkmalpflege.tuwien.ac.at\/#website","url":"https:\/\/denkmalpflege.tuwien.ac.at\/","name":"Denkmalpflege und Bauen im Bestand","description":"Denkmalpflege TU Wien","publisher":{"@id":"https:\/\/denkmalpflege.tuwien.ac.at\/#organization"},"potentialAction":[{"@type":"SearchAction","target":{"@type":"EntryPoint","urlTemplate":"https:\/\/denkmalpflege.tuwien.ac.at\/?s={search_term_string}"},"query-input":{"@type":"PropertyValueSpecification","valueRequired":true,"valueName":"search_term_string"}}],"inLanguage":"de"},{"@type":"Organization","@id":"https:\/\/denkmalpflege.tuwien.ac.at\/#organization","name":"TU Wien Denkmalpflege und Bauen im Bestand","url":"https:\/\/denkmalpflege.tuwien.ac.at\/","logo":{"@type":"ImageObject","inLanguage":"de","@id":"https:\/\/denkmalpflege.tuwien.ac.at\/#\/schema\/logo\/image\/","url":"https:\/\/denkmalpflege.tuwien.ac.at\/wp-content\/uploads\/2019\/10\/Logo1.png","contentUrl":"https:\/\/denkmalpflege.tuwien.ac.at\/wp-content\/uploads\/2019\/10\/Logo1.png","width":222,"height":79,"caption":"TU Wien Denkmalpflege und Bauen im Bestand"},"image":{"@id":"https:\/\/denkmalpflege.tuwien.ac.at\/#\/schema\/logo\/image\/"}}]}},"_links":{"self":[{"href":"https:\/\/denkmalpflege.tuwien.ac.at\/index.php\/wp-json\/wp\/v2\/pages\/8084","targetHints":{"allow":["GET"]}}],"collection":[{"href":"https:\/\/denkmalpflege.tuwien.ac.at\/index.php\/wp-json\/wp\/v2\/pages"}],"about":[{"href":"https:\/\/denkmalpflege.tuwien.ac.at\/index.php\/wp-json\/wp\/v2\/types\/page"}],"author":[{"embeddable":true,"href":"https:\/\/denkmalpflege.tuwien.ac.at\/index.php\/wp-json\/wp\/v2\/users\/1"}],"replies":[{"embeddable":true,"href":"https:\/\/denkmalpflege.tuwien.ac.at\/index.php\/wp-json\/wp\/v2\/comments?post=8084"}],"version-history":[{"count":12,"href":"https:\/\/denkmalpflege.tuwien.ac.at\/index.php\/wp-json\/wp\/v2\/pages\/8084\/revisions"}],"predecessor-version":[{"id":13777,"href":"https:\/\/denkmalpflege.tuwien.ac.at\/index.php\/wp-json\/wp\/v2\/pages\/8084\/revisions\/13777"}],"wp:attachment":[{"href":"https:\/\/denkmalpflege.tuwien.ac.at\/index.php\/wp-json\/wp\/v2\/media?parent=8084"}],"curies":[{"name":"wp","href":"https:\/\/api.w.org\/{rel}","templated":true}]}}