{"id":7758,"date":"2015-01-28T13:02:43","date_gmt":"2015-01-28T12:02:43","guid":{"rendered":"http:\/\/denkmalpflege1.e251.tuwien.ac.at\/?page_id=7758"},"modified":"2023-10-22T12:34:29","modified_gmt":"2023-10-22T10:34:29","slug":"exkurs","status":"publish","type":"page","link":"https:\/\/denkmalpflege.tuwien.ac.at\/index.php\/exkurs\/","title":{"rendered":"exkurs"},"content":{"rendered":"\t\t<div data-elementor-type=\"wp-page\" data-elementor-id=\"7758\" class=\"elementor elementor-7758\" data-elementor-post-type=\"page\">\n\t\t\t\t\t\t<section class=\"elementor-section elementor-top-section elementor-element elementor-element-8b48094 elementor-section-full_width elementor-section-height-default elementor-section-height-default\" data-id=\"8b48094\" data-element_type=\"section\">\n\t\t\t\t\t\t<div class=\"elementor-container elementor-column-gap-default\">\n\t\t\t\t\t<div class=\"elementor-column elementor-col-50 elementor-top-column elementor-element elementor-element-d25f5ce\" data-id=\"d25f5ce\" data-element_type=\"column\">\n\t\t\t<div class=\"elementor-widget-wrap elementor-element-populated\">\n\t\t\t\t\t\t<div class=\"elementor-element elementor-element-50d6161 elementor-widget elementor-widget-heading\" data-id=\"50d6161\" data-element_type=\"widget\" data-widget_type=\"heading.default\">\n\t\t\t\t<div class=\"elementor-widget-container\">\n\t\t\t\t\t<h2 class=\"elementor-heading-title elementor-size-default\"><a href=\"https:\/\/denkmalpflege.tuwien.ac.at\/index.php\/sose16\/\">LVA SS16<\/a><\/h2>\t\t\t\t<\/div>\n\t\t\t\t<\/div>\n\t\t\t\t\t<\/div>\n\t\t<\/div>\n\t\t\t\t<div class=\"elementor-column elementor-col-50 elementor-top-column elementor-element elementor-element-2d9a615\" data-id=\"2d9a615\" data-element_type=\"column\">\n\t\t\t<div class=\"elementor-widget-wrap elementor-element-populated\">\n\t\t\t\t\t\t<div class=\"elementor-element elementor-element-7dec380 elementor-widget elementor-widget-heading\" data-id=\"7dec380\" data-element_type=\"widget\" data-widget_type=\"heading.default\">\n\t\t\t\t<div class=\"elementor-widget-container\">\n\t\t\t\t\t<h2 class=\"elementor-heading-title elementor-size-default\">251.744 <span style=\"float: right\"> 3,0 h (4,0 ECTS)<\/span><\/h2>\t\t\t\t<\/div>\n\t\t\t\t<\/div>\n\t\t\t\t\t<\/div>\n\t\t<\/div>\n\t\t\t\t\t<\/div>\n\t\t<\/section>\n\t\t\t\t<section class=\"elementor-section elementor-top-section elementor-element elementor-element-54093b3c elementor-section-full_width elementor-section-height-default elementor-section-height-default\" data-id=\"54093b3c\" data-element_type=\"section\">\n\t\t\t\t\t\t<div class=\"elementor-container elementor-column-gap-default\">\n\t\t\t\t\t<div class=\"elementor-column elementor-col-50 elementor-top-column elementor-element elementor-element-7592f55b\" data-id=\"7592f55b\" data-element_type=\"column\">\n\t\t\t<div class=\"elementor-widget-wrap elementor-element-populated\">\n\t\t\t\t\t\t<div class=\"elementor-element elementor-element-87f1a8f elementor-nav-menu__align-start elementor-nav-menu--dropdown-mobile elementor-nav-menu__text-align-aside elementor-nav-menu--toggle elementor-nav-menu--burger elementor-widget elementor-widget-nav-menu\" data-id=\"87f1a8f\" data-element_type=\"widget\" data-settings=\"{&quot;layout&quot;:&quot;vertical&quot;,&quot;submenu_icon&quot;:{&quot;value&quot;:&quot;&lt;i class=\\&quot;\\&quot; aria-hidden=\\&quot;true\\&quot;&gt;&lt;\\\/i&gt;&quot;,&quot;library&quot;:&quot;&quot;},&quot;toggle&quot;:&quot;burger&quot;}\" data-widget_type=\"nav-menu.default\">\n\t\t\t\t<div class=\"elementor-widget-container\">\n\t\t\t\t\t\t\t\t<nav aria-label=\"Men\u00fc\" class=\"elementor-nav-menu--main elementor-nav-menu__container elementor-nav-menu--layout-vertical e--pointer-none\">\n\t\t\t\t<ul id=\"menu-1-87f1a8f\" class=\"elementor-nav-menu sm-vertical\"><li class=\"menu-item menu-item-type-post_type menu-item-object-page menu-item-18545\"><a href=\"https:\/\/denkmalpflege.tuwien.ac.at\/index.php\/passau\/\" class=\"elementor-item\">Gro\u00dfes Entwerfen <\/br>Denkmalpflege &#038; Hochwasserschutz <\/br>Strategien f\u00fcr das historische Passau<\/a><\/li>\n<li class=\"menu-item menu-item-type-post_type menu-item-object-page menu-item-18544\"><a href=\"https:\/\/denkmalpflege.tuwien.ac.at\/index.php\/burg-2\/\" class=\"elementor-item\">Gro\u00dfes Entwerfen <\/br> Burg Reichenau<\/a><\/li>\n<li class=\"menu-item menu-item-type-post_type menu-item-object-page menu-item-18546\"><a href=\"https:\/\/denkmalpflege.tuwien.ac.at\/index.php\/exkurs\/\" class=\"elementor-item\">Exkursion <\/br> Ikonen der Denkmalpflege <\/br> Carlo Scarpa<\/a><\/li>\n<\/ul>\t\t\t<\/nav>\n\t\t\t\t\t<div class=\"elementor-menu-toggle\" role=\"button\" tabindex=\"0\" aria-label=\"Men\u00fc Umschalter\" aria-expanded=\"false\">\n\t\t\t<i aria-hidden=\"true\" role=\"presentation\" class=\"elementor-menu-toggle__icon--open eicon-menu-bar\"><\/i><i aria-hidden=\"true\" role=\"presentation\" class=\"elementor-menu-toggle__icon--close eicon-close\"><\/i>\t\t<\/div>\n\t\t\t\t\t<nav class=\"elementor-nav-menu--dropdown elementor-nav-menu__container\" aria-hidden=\"true\">\n\t\t\t\t<ul id=\"menu-2-87f1a8f\" class=\"elementor-nav-menu sm-vertical\"><li class=\"menu-item menu-item-type-post_type menu-item-object-page menu-item-18545\"><a href=\"https:\/\/denkmalpflege.tuwien.ac.at\/index.php\/passau\/\" class=\"elementor-item\" tabindex=\"-1\">Gro\u00dfes Entwerfen <\/br>Denkmalpflege &#038; Hochwasserschutz <\/br>Strategien f\u00fcr das historische Passau<\/a><\/li>\n<li class=\"menu-item menu-item-type-post_type menu-item-object-page menu-item-18544\"><a href=\"https:\/\/denkmalpflege.tuwien.ac.at\/index.php\/burg-2\/\" class=\"elementor-item\" tabindex=\"-1\">Gro\u00dfes Entwerfen <\/br> Burg Reichenau<\/a><\/li>\n<li class=\"menu-item menu-item-type-post_type menu-item-object-page menu-item-18546\"><a href=\"https:\/\/denkmalpflege.tuwien.ac.at\/index.php\/exkurs\/\" class=\"elementor-item\" tabindex=\"-1\">Exkursion <\/br> Ikonen der Denkmalpflege <\/br> Carlo Scarpa<\/a><\/li>\n<\/ul>\t\t\t<\/nav>\n\t\t\t\t\t\t<\/div>\n\t\t\t\t<\/div>\n\t\t\t\t\t<\/div>\n\t\t<\/div>\n\t\t\t\t<div class=\"elementor-column elementor-col-50 elementor-top-column elementor-element elementor-element-3d90cd9f\" data-id=\"3d90cd9f\" data-element_type=\"column\">\n\t\t\t<div class=\"elementor-widget-wrap elementor-element-populated\">\n\t\t\t\t\t\t<div class=\"elementor-element elementor-element-1a801cf4 elementor-widget elementor-widget-text-editor\" data-id=\"1a801cf4\" data-element_type=\"widget\" data-widget_type=\"text-editor.default\">\n\t\t\t\t<div class=\"elementor-widget-container\">\n\t\t\t\t\t\t\t\t\t<h1 class=\"lva_h1\">Exkursion Ikonen der Denkmalpflege \u2013 <br \/>Carlo Scarpa<\/h1>\t\t\t\t\t\t\t\t<\/div>\n\t\t\t\t<\/div>\n\t\t\t\t<div class=\"elementor-element elementor-element-86d8848 lva_img elementor-widget elementor-widget-image\" data-id=\"86d8848\" data-element_type=\"widget\" data-widget_type=\"image.default\">\n\t\t\t\t<div class=\"elementor-widget-container\">\n\t\t\t\t\t\t\t\t\t\t\t\t\t\t\t<img fetchpriority=\"high\" decoding=\"async\" width=\"260\" height=\"224\" src=\"https:\/\/denkmalpflege.tuwien.ac.at\/wp-content\/uploads\/2016\/02\/Scarpa.gif\" class=\"attachment-full size-full wp-image-10153\" alt=\"\" \/>\t\t\t\t\t\t\t\t\t\t\t\t\t\t\t<\/div>\n\t\t\t\t<\/div>\n\t\t\t\t<div class=\"elementor-element elementor-element-6aea0883 elementor-widget elementor-widget-text-editor\" data-id=\"6aea0883\" data-element_type=\"widget\" data-widget_type=\"text-editor.default\">\n\t\t\t\t<div class=\"elementor-widget-container\">\n\t\t\t\t\t\t\t\t\t<p class=\"akt\">Bachelor\/Master \u2013 Exkursion<\/p>\t\t\t\t\t\t\t\t<\/div>\n\t\t\t\t<\/div>\n\t\t\t\t<div class=\"elementor-element elementor-element-543640ef elementor-widget elementor-widget-text-editor\" data-id=\"543640ef\" data-element_type=\"widget\" data-widget_type=\"text-editor.default\">\n\t\t\t\t<div class=\"elementor-widget-container\">\n\t\t\t\t\t\t\t\t\t<h3 class=\"lva_h3 lva_leiter\"><strong>Nott CAVIEZEL, Birgit KNAUER<\/strong><\/h3><h3 class=\"lva_h3 lva_leiter lva_h3_abstand\"><strong>Einf\u00fchrung<\/strong><\/h3><p class=\"lva_text\">Montag 7. M\u00e4rz 2016, 13:30 Uhr, SR 257 (Stiege 3, 2. Stock)<\/p><h3 class=\"lva_h3 lva_leiter lva_h3_abstand\"><strong>Termine<\/strong><\/h3><p class=\"lva_text\">Montag, 13:30-15:30 Uhr im SR 257 (Stiege 3, 2. OG)<br \/>07.03.2016<br \/>04.04.2016<br \/>02.05.2016<\/p><h3 class=\"lva_h3 lva_leiter lva_h3_abstand\"><strong>Exkursion<\/strong><\/h3><p>nach Venedig &amp; Verona, 1. bis 5. Juni 2016<\/p><h3 class=\"lva_h3 lva_leiter lva_h3_abstand\"><strong>Anmeldung<\/strong><\/h3><p class=\"lva_text\">\u00dcber <a class=\"link\" href=\"https:\/\/tiss.tuwien.ac.at\/course\/courseAnnouncement.xhtml?windowId=d75&amp;courseNumber=251774&amp;courseSemester=2016S\"> TISS<\/a><\/p><p>Voraussetzung : positiv abgelegte Pr\u00fcfung zur <a href=\"http:\/\/denkmalpflege1.e251.tuwien.ac.at\/1vorlesungws1516\/\"><strong>Vorlesung Denkmalpflege<\/strong>.<\/a><\/p><p>Beschr\u00e4nkte Teilnehmerzahl!<\/p><p>Die Anmeldung erfolgt pers\u00f6nlich am Fachbereich Denkmalpflege und Bauen im Bestand, ab 22.Februar 2016, bei <a href=\"mailto:birgit.knauer@tuwien.ac.at\"><strong>Birgit KNAUER<\/strong>.<\/a><\/p><p>Aus organisatorischen Gr\u00fcnden ist bei der Einf\u00fchrungsveranstaltung eine Anzahlung von <strong>100 EUR<\/strong> zu leisten (Zugkosten Venedig-Verona, Eintritte, etc.).<\/p><p>Die An- und Abreise sowie die Unterkunft muss selbst organisiert werden! Vorschl\u00e4ge dazu werden demn\u00e4chst bekannt gegeben (<a href=\"https:\/\/tiss.tuwien.ac.at\/course\/courseAnnouncement.xhtml?windowId=d75&amp;courseNumber=251774&amp;courseSemester=2016S\"><strong>TISS<\/strong><\/a>).<\/p>\t\t\t\t\t\t\t\t<\/div>\n\t\t\t\t<\/div>\n\t\t\t\t<div class=\"elementor-element elementor-element-40acd1bc elementor-widget-divider--view-line elementor-widget elementor-widget-divider\" data-id=\"40acd1bc\" data-element_type=\"widget\" data-widget_type=\"divider.default\">\n\t\t\t\t<div class=\"elementor-widget-container\">\n\t\t\t\t\t\t\t<div class=\"elementor-divider\">\n\t\t\t<span class=\"elementor-divider-separator\">\n\t\t\t\t\t\t<\/span>\n\t\t<\/div>\n\t\t\t\t\t\t<\/div>\n\t\t\t\t<\/div>\n\t\t\t\t<div class=\"elementor-element elementor-element-24d233df elementor-widget elementor-widget-text-editor\" data-id=\"24d233df\" data-element_type=\"widget\" data-widget_type=\"text-editor.default\">\n\t\t\t\t<div class=\"elementor-widget-container\">\n\t\t\t\t\t\t\t\t\t<h3 class=\"lva_h3 lva_leiter lva_h3_abstand\"><strong>Lernergebnisse<\/strong><\/h3><p class=\"lva_text\">Die in der Abteilung Denkmalpflege und Bauen im Bestand angebotenen Lehrveranstaltungen sind allesamt \u2013 wie f\u00fcr das Fach charakteristisch \u2013 ebenso von der Theorie und der Geschichte wie von der Praxis bestimmt. Diesem Grundsatz folgt auch eine geplante Reihe von Exkursionen, welche den Studierenden die M\u00f6glichkeit bieten werden, sich vor Ort mit signifikanten denkmalpflegerischen Leistungen und\/oder Pers\u00f6nlichkeiten zu besch\u00e4ftigen, welche die moderne Denkmalpflege ma\u00dfgeblich gepr\u00e4gt haben. Bestimmte Werke und Fachleute, zu denen auch bedeutende Architekten z\u00e4hlen, k\u00f6nnte man deshalb fraglos als Ikonen der Denkmalpflege bezeichnen. Ikonen besitzen in der Regel eine gro\u00dfe Strahlkraft und verk\u00f6rpern gewisse Werte, die h\u00e4ufig komplex sind und einer differenzierten W\u00fcrdigung bed\u00fcrfen. In Erg\u00e4nzung zu den \u00fcbrigen Lehrveranstaltungen der Abteilung bietet die Exkursionsreihe eine zus\u00e4tzliche Vertiefung von Themen der Denkmalpflege und des Bauens im Bestand.<\/p><h3 class=\"lva_h3 lva_leiter lva_h3_abstand\"><strong>Inhalt der Lehrveranstaltung<\/strong><\/h3><p class=\"va_text\">Zweifellos geh\u00f6rt der in Venedig geborene Carlo Scarpa (1906-1978) in den Kreis der Ikonen der Denkmalpflege. Besonders in Verbindung mit Carlo Scarpa ist unter Denkmalpflege auch das Bauen im Bestand zu verstehen. Im Umgang mit dem historischen Bestand im Sinne der baulichen Vergegenw\u00e4rtigung der Geschichte und der Wechselwirkung von Alt und Neu setzte der K\u00fcnstler, Designer und Architekt Carlo Scarpa in der Nachkriegszeit neue Ma\u00dfst\u00e4be und wurde zur Referenz, seine behutsame und doch stark gestaltende Art seiner Arbeit ist bis heute beispielhaft geblieben.<br \/>Wider allem Lifestyle und modischen Trends intervenierte er erhaltend und h\u00f6chst inspiriert gestaltend, mit dem Ziel die Geb\u00e4ude entsprechend ihrer Nutzung und ihrem historisch relevanten Bestand zu sch\u00e4rfen und zu bereichern. Da bauliche Ma\u00dfnahmen am historischen Bestand aus der Gegenwart heraus erfolgen, erscheinen demzufolge auch jede Theorie und alle denkmalpflegerischen Grunds\u00e4tze im jeweiligen Licht der Zeitgenossenschaft. Wie bei den Arbeiten von Carlo Scarpa ergibt sich daraus im besten Fall eine befruchtende Wechselwirkung zwischen dem zeitgen\u00f6ssischen Bauen und den denkmalpflegerischen Ma\u00dfnahmen. In Venetien und in Venedig selber folgen wir den Spuren des eigenwilligen Architekten, dessen Werke heute zu Klassikern geworden sind. Wir werden uns vorwiegend in Venedig aufhalten und einen Tagesausflug nach Verona unternehmen.<\/p>\t\t\t\t\t\t\t\t<\/div>\n\t\t\t\t<\/div>\n\t\t\t\t<div class=\"elementor-element elementor-element-22f4a973 elementor-widget-divider--view-line elementor-widget elementor-widget-divider\" data-id=\"22f4a973\" data-element_type=\"widget\" data-widget_type=\"divider.default\">\n\t\t\t\t<div class=\"elementor-widget-container\">\n\t\t\t\t\t\t\t<div class=\"elementor-divider\">\n\t\t\t<span class=\"elementor-divider-separator\">\n\t\t\t\t\t\t<\/span>\n\t\t<\/div>\n\t\t\t\t\t\t<\/div>\n\t\t\t\t<\/div>\n\t\t\t\t<section class=\"elementor-section elementor-inner-section elementor-element elementor-element-3a7a240c elementor-section-boxed elementor-section-height-default elementor-section-height-default\" data-id=\"3a7a240c\" data-element_type=\"section\">\n\t\t\t\t\t\t<div class=\"elementor-container elementor-column-gap-default\">\n\t\t\t\t\t<div class=\"elementor-column elementor-col-50 elementor-inner-column elementor-element elementor-element-3096dfcc\" data-id=\"3096dfcc\" data-element_type=\"column\">\n\t\t\t<div class=\"elementor-widget-wrap elementor-element-populated\">\n\t\t\t\t\t\t<div class=\"elementor-element elementor-element-21bf61a2 elementor-widget elementor-widget-text-editor\" data-id=\"21bf61a2\" data-element_type=\"widget\" data-widget_type=\"text-editor.default\">\n\t\t\t\t<div class=\"elementor-widget-container\">\n\t\t\t\t\t\t\t\t\t<p class=\"lva_text\"><a class=\"link link_blau\" href=\"https:\/\/tiss.tuwien.ac.at\/course\/courseAnnouncement.xhtml?windowId=d75&amp;courseNumber=251774&amp;courseSemester=2016S\">TISS<\/a><\/p>\t\t\t\t\t\t\t\t<\/div>\n\t\t\t\t<\/div>\n\t\t\t\t\t<\/div>\n\t\t<\/div>\n\t\t\t\t<div class=\"elementor-column elementor-col-50 elementor-inner-column elementor-element elementor-element-281387ea\" data-id=\"281387ea\" data-element_type=\"column\">\n\t\t\t<div class=\"elementor-widget-wrap\">\n\t\t\t\t\t\t\t<\/div>\n\t\t<\/div>\n\t\t\t\t\t<\/div>\n\t\t<\/section>\n\t\t\t\t\t<\/div>\n\t\t<\/div>\n\t\t\t\t\t<\/div>\n\t\t<\/section>\n\t\t\t\t<\/div>\n\t\t","protected":false},"excerpt":{"rendered":"<p>LVA SS16 251.744 3,0 h (4,0 ECTS) Exkursion Ikonen der Denkmalpflege \u2013 Carlo Scarpa Bachelor\/Master \u2013 Exkursion Nott CAVIEZEL, Birgit KNAUER Einf\u00fchrung Montag 7. M\u00e4rz 2016, 13:30 Uhr, SR 257 (Stiege 3, 2. Stock) Termine Montag, 13:30-15:30 Uhr im SR 257 (Stiege 3, 2. OG)07.03.201604.04.201602.05.2016 Exkursion nach Venedig &amp; Verona, 1. bis 5. Juni 2016 Anmeldung \u00dcber TISS Voraussetzung : positiv abgelegte Pr\u00fcfung zur Vorlesung Denkmalpflege. Beschr\u00e4nkte Teilnehmerzahl! Die Anmeldung<\/p>\n<div class=\"belowpost\"><a class=\"btnmore icon-arrow\" href=\"https:\/\/denkmalpflege.tuwien.ac.at\/index.php\/exkurs\/\"><span>Read More<\/span><\/a><\/div>\n","protected":false},"author":1,"featured_media":0,"parent":0,"menu_order":0,"comment_status":"open","ping_status":"open","template":"","meta":{"footnotes":""},"class_list":["post-7758","page","type-page","status-publish","hentry"],"yoast_head":"<!-- This site is optimized with the Yoast SEO plugin v26.0 - https:\/\/yoast.com\/wordpress\/plugins\/seo\/ -->\n<title>exkurs - Denkmalpflege und Bauen im Bestand<\/title>\n<meta name=\"robots\" content=\"index, follow, max-snippet:-1, max-image-preview:large, max-video-preview:-1\" \/>\n<link rel=\"canonical\" href=\"https:\/\/denkmalpflege.tuwien.ac.at\/index.php\/exkurs\/\" \/>\n<meta property=\"og:locale\" content=\"de_DE\" \/>\n<meta property=\"og:type\" content=\"article\" \/>\n<meta property=\"og:title\" content=\"exkurs - Denkmalpflege und Bauen im Bestand\" \/>\n<meta property=\"og:description\" content=\"LVA SS16 251.744 3,0 h (4,0 ECTS) Exkursion Ikonen der Denkmalpflege \u2013 Carlo Scarpa Bachelor\/Master \u2013 Exkursion Nott CAVIEZEL, Birgit KNAUER Einf\u00fchrung Montag 7. M\u00e4rz 2016, 13:30 Uhr, SR 257 (Stiege 3, 2. Stock) Termine Montag, 13:30-15:30 Uhr im SR 257 (Stiege 3, 2. OG)07.03.201604.04.201602.05.2016 Exkursion nach Venedig &amp; Verona, 1. bis 5. Juni 2016 Anmeldung \u00dcber TISS Voraussetzung : positiv abgelegte Pr\u00fcfung zur Vorlesung Denkmalpflege. Beschr\u00e4nkte Teilnehmerzahl! Die AnmeldungRead More\" \/>\n<meta property=\"og:url\" content=\"https:\/\/denkmalpflege.tuwien.ac.at\/index.php\/exkurs\/\" \/>\n<meta property=\"og:site_name\" content=\"Denkmalpflege und Bauen im Bestand\" \/>\n<meta property=\"article:modified_time\" content=\"2023-10-22T10:34:29+00:00\" \/>\n<meta property=\"og:image\" content=\"http:\/\/denkmalpflege.tuwien.ac.at\/wp-content\/uploads\/2016\/02\/Scarpa.gif\" \/>\n<meta name=\"twitter:card\" content=\"summary_large_image\" \/>\n<meta name=\"twitter:label1\" content=\"Gesch\u00e4tzte Lesezeit\" \/>\n\t<meta name=\"twitter:data1\" content=\"2\u00a0Minuten\" \/>\n<script type=\"application\/ld+json\" class=\"yoast-schema-graph\">{\"@context\":\"https:\/\/schema.org\",\"@graph\":[{\"@type\":\"WebPage\",\"@id\":\"https:\/\/denkmalpflege.tuwien.ac.at\/index.php\/exkurs\/\",\"url\":\"https:\/\/denkmalpflege.tuwien.ac.at\/index.php\/exkurs\/\",\"name\":\"exkurs - Denkmalpflege und Bauen im Bestand\",\"isPartOf\":{\"@id\":\"https:\/\/denkmalpflege.tuwien.ac.at\/#website\"},\"primaryImageOfPage\":{\"@id\":\"https:\/\/denkmalpflege.tuwien.ac.at\/index.php\/exkurs\/#primaryimage\"},\"image\":{\"@id\":\"https:\/\/denkmalpflege.tuwien.ac.at\/index.php\/exkurs\/#primaryimage\"},\"thumbnailUrl\":\"http:\/\/denkmalpflege.tuwien.ac.at\/wp-content\/uploads\/2016\/02\/Scarpa.gif\",\"datePublished\":\"2015-01-28T12:02:43+00:00\",\"dateModified\":\"2023-10-22T10:34:29+00:00\",\"breadcrumb\":{\"@id\":\"https:\/\/denkmalpflege.tuwien.ac.at\/index.php\/exkurs\/#breadcrumb\"},\"inLanguage\":\"de\",\"potentialAction\":[{\"@type\":\"ReadAction\",\"target\":[\"https:\/\/denkmalpflege.tuwien.ac.at\/index.php\/exkurs\/\"]}]},{\"@type\":\"ImageObject\",\"inLanguage\":\"de\",\"@id\":\"https:\/\/denkmalpflege.tuwien.ac.at\/index.php\/exkurs\/#primaryimage\",\"url\":\"https:\/\/denkmalpflege.tuwien.ac.at\/wp-content\/uploads\/2016\/02\/Scarpa.gif\",\"contentUrl\":\"https:\/\/denkmalpflege.tuwien.ac.at\/wp-content\/uploads\/2016\/02\/Scarpa.gif\",\"width\":\"260\",\"height\":\"224\"},{\"@type\":\"BreadcrumbList\",\"@id\":\"https:\/\/denkmalpflege.tuwien.ac.at\/index.php\/exkurs\/#breadcrumb\",\"itemListElement\":[{\"@type\":\"ListItem\",\"position\":1,\"name\":\"Startseite\",\"item\":\"https:\/\/denkmalpflege.tuwien.ac.at\/\"},{\"@type\":\"ListItem\",\"position\":2,\"name\":\"exkurs\"}]},{\"@type\":\"WebSite\",\"@id\":\"https:\/\/denkmalpflege.tuwien.ac.at\/#website\",\"url\":\"https:\/\/denkmalpflege.tuwien.ac.at\/\",\"name\":\"Denkmalpflege und Bauen im Bestand\",\"description\":\"Denkmalpflege TU Wien\",\"publisher\":{\"@id\":\"https:\/\/denkmalpflege.tuwien.ac.at\/#organization\"},\"potentialAction\":[{\"@type\":\"SearchAction\",\"target\":{\"@type\":\"EntryPoint\",\"urlTemplate\":\"https:\/\/denkmalpflege.tuwien.ac.at\/?s={search_term_string}\"},\"query-input\":{\"@type\":\"PropertyValueSpecification\",\"valueRequired\":true,\"valueName\":\"search_term_string\"}}],\"inLanguage\":\"de\"},{\"@type\":\"Organization\",\"@id\":\"https:\/\/denkmalpflege.tuwien.ac.at\/#organization\",\"name\":\"TU Wien Denkmalpflege und Bauen im Bestand\",\"url\":\"https:\/\/denkmalpflege.tuwien.ac.at\/\",\"logo\":{\"@type\":\"ImageObject\",\"inLanguage\":\"de\",\"@id\":\"https:\/\/denkmalpflege.tuwien.ac.at\/#\/schema\/logo\/image\/\",\"url\":\"https:\/\/denkmalpflege.tuwien.ac.at\/wp-content\/uploads\/2019\/10\/Logo1.png\",\"contentUrl\":\"https:\/\/denkmalpflege.tuwien.ac.at\/wp-content\/uploads\/2019\/10\/Logo1.png\",\"width\":222,\"height\":79,\"caption\":\"TU Wien Denkmalpflege und Bauen im Bestand\"},\"image\":{\"@id\":\"https:\/\/denkmalpflege.tuwien.ac.at\/#\/schema\/logo\/image\/\"}}]}<\/script>\n<!-- \/ Yoast SEO plugin. -->","yoast_head_json":{"title":"exkurs - Denkmalpflege und Bauen im Bestand","robots":{"index":"index","follow":"follow","max-snippet":"max-snippet:-1","max-image-preview":"max-image-preview:large","max-video-preview":"max-video-preview:-1"},"canonical":"https:\/\/denkmalpflege.tuwien.ac.at\/index.php\/exkurs\/","og_locale":"de_DE","og_type":"article","og_title":"exkurs - Denkmalpflege und Bauen im Bestand","og_description":"LVA SS16 251.744 3,0 h (4,0 ECTS) Exkursion Ikonen der Denkmalpflege \u2013 Carlo Scarpa Bachelor\/Master \u2013 Exkursion Nott CAVIEZEL, Birgit KNAUER Einf\u00fchrung Montag 7. M\u00e4rz 2016, 13:30 Uhr, SR 257 (Stiege 3, 2. Stock) Termine Montag, 13:30-15:30 Uhr im SR 257 (Stiege 3, 2. OG)07.03.201604.04.201602.05.2016 Exkursion nach Venedig &amp; Verona, 1. bis 5. Juni 2016 Anmeldung \u00dcber TISS Voraussetzung : positiv abgelegte Pr\u00fcfung zur Vorlesung Denkmalpflege. Beschr\u00e4nkte Teilnehmerzahl! Die AnmeldungRead More","og_url":"https:\/\/denkmalpflege.tuwien.ac.at\/index.php\/exkurs\/","og_site_name":"Denkmalpflege und Bauen im Bestand","article_modified_time":"2023-10-22T10:34:29+00:00","og_image":[{"url":"http:\/\/denkmalpflege.tuwien.ac.at\/wp-content\/uploads\/2016\/02\/Scarpa.gif","type":"","width":"","height":""}],"twitter_card":"summary_large_image","twitter_misc":{"Gesch\u00e4tzte Lesezeit":"2\u00a0Minuten"},"schema":{"@context":"https:\/\/schema.org","@graph":[{"@type":"WebPage","@id":"https:\/\/denkmalpflege.tuwien.ac.at\/index.php\/exkurs\/","url":"https:\/\/denkmalpflege.tuwien.ac.at\/index.php\/exkurs\/","name":"exkurs - Denkmalpflege und Bauen im Bestand","isPartOf":{"@id":"https:\/\/denkmalpflege.tuwien.ac.at\/#website"},"primaryImageOfPage":{"@id":"https:\/\/denkmalpflege.tuwien.ac.at\/index.php\/exkurs\/#primaryimage"},"image":{"@id":"https:\/\/denkmalpflege.tuwien.ac.at\/index.php\/exkurs\/#primaryimage"},"thumbnailUrl":"http:\/\/denkmalpflege.tuwien.ac.at\/wp-content\/uploads\/2016\/02\/Scarpa.gif","datePublished":"2015-01-28T12:02:43+00:00","dateModified":"2023-10-22T10:34:29+00:00","breadcrumb":{"@id":"https:\/\/denkmalpflege.tuwien.ac.at\/index.php\/exkurs\/#breadcrumb"},"inLanguage":"de","potentialAction":[{"@type":"ReadAction","target":["https:\/\/denkmalpflege.tuwien.ac.at\/index.php\/exkurs\/"]}]},{"@type":"ImageObject","inLanguage":"de","@id":"https:\/\/denkmalpflege.tuwien.ac.at\/index.php\/exkurs\/#primaryimage","url":"https:\/\/denkmalpflege.tuwien.ac.at\/wp-content\/uploads\/2016\/02\/Scarpa.gif","contentUrl":"https:\/\/denkmalpflege.tuwien.ac.at\/wp-content\/uploads\/2016\/02\/Scarpa.gif","width":"260","height":"224"},{"@type":"BreadcrumbList","@id":"https:\/\/denkmalpflege.tuwien.ac.at\/index.php\/exkurs\/#breadcrumb","itemListElement":[{"@type":"ListItem","position":1,"name":"Startseite","item":"https:\/\/denkmalpflege.tuwien.ac.at\/"},{"@type":"ListItem","position":2,"name":"exkurs"}]},{"@type":"WebSite","@id":"https:\/\/denkmalpflege.tuwien.ac.at\/#website","url":"https:\/\/denkmalpflege.tuwien.ac.at\/","name":"Denkmalpflege und Bauen im Bestand","description":"Denkmalpflege TU Wien","publisher":{"@id":"https:\/\/denkmalpflege.tuwien.ac.at\/#organization"},"potentialAction":[{"@type":"SearchAction","target":{"@type":"EntryPoint","urlTemplate":"https:\/\/denkmalpflege.tuwien.ac.at\/?s={search_term_string}"},"query-input":{"@type":"PropertyValueSpecification","valueRequired":true,"valueName":"search_term_string"}}],"inLanguage":"de"},{"@type":"Organization","@id":"https:\/\/denkmalpflege.tuwien.ac.at\/#organization","name":"TU Wien Denkmalpflege und Bauen im Bestand","url":"https:\/\/denkmalpflege.tuwien.ac.at\/","logo":{"@type":"ImageObject","inLanguage":"de","@id":"https:\/\/denkmalpflege.tuwien.ac.at\/#\/schema\/logo\/image\/","url":"https:\/\/denkmalpflege.tuwien.ac.at\/wp-content\/uploads\/2019\/10\/Logo1.png","contentUrl":"https:\/\/denkmalpflege.tuwien.ac.at\/wp-content\/uploads\/2019\/10\/Logo1.png","width":222,"height":79,"caption":"TU Wien Denkmalpflege und Bauen im Bestand"},"image":{"@id":"https:\/\/denkmalpflege.tuwien.ac.at\/#\/schema\/logo\/image\/"}}]}},"_links":{"self":[{"href":"https:\/\/denkmalpflege.tuwien.ac.at\/index.php\/wp-json\/wp\/v2\/pages\/7758","targetHints":{"allow":["GET"]}}],"collection":[{"href":"https:\/\/denkmalpflege.tuwien.ac.at\/index.php\/wp-json\/wp\/v2\/pages"}],"about":[{"href":"https:\/\/denkmalpflege.tuwien.ac.at\/index.php\/wp-json\/wp\/v2\/types\/page"}],"author":[{"embeddable":true,"href":"https:\/\/denkmalpflege.tuwien.ac.at\/index.php\/wp-json\/wp\/v2\/users\/1"}],"replies":[{"embeddable":true,"href":"https:\/\/denkmalpflege.tuwien.ac.at\/index.php\/wp-json\/wp\/v2\/comments?post=7758"}],"version-history":[{"count":67,"href":"https:\/\/denkmalpflege.tuwien.ac.at\/index.php\/wp-json\/wp\/v2\/pages\/7758\/revisions"}],"predecessor-version":[{"id":27861,"href":"https:\/\/denkmalpflege.tuwien.ac.at\/index.php\/wp-json\/wp\/v2\/pages\/7758\/revisions\/27861"}],"wp:attachment":[{"href":"https:\/\/denkmalpflege.tuwien.ac.at\/index.php\/wp-json\/wp\/v2\/media?parent=7758"}],"curies":[{"name":"wp","href":"https:\/\/api.w.org\/{rel}","templated":true}]}}