{"id":5394,"date":"2014-04-02T15:32:10","date_gmt":"2014-04-02T13:32:10","guid":{"rendered":"http:\/\/denkmalpflege1.e251.tuwien.ac.at\/?page_id=5394"},"modified":"2014-04-02T15:32:10","modified_gmt":"2014-04-02T13:32:10","slug":"seidel","status":"publish","type":"page","link":"https:\/\/denkmalpflege.tuwien.ac.at\/index.php\/seidel\/","title":{"rendered":"Sabine Seidel"},"content":{"rendered":"<div class='mitarbeiter'>\n<div class='grey'>\n<img decoding=\"async\" src=\"http:\/\/denkmalpflege1.e251.tuwien.ac.at\/wp-content\/uploads\/2014\/04\/Seidel_T.gif\" alt=\"\" title=\"\" width=\"130\" height=\"113\" class=\"alignnone size-full wp-image-165\" \/> <a href='diplomanden-prof-stadler' class='right_link'>&lt; Alle Arbeiten<\/a><br \/>\n<b>Zur Architektur und Entwicklung historischer Elektrizit\u00e4tswerke<br \/>\nAm Beispiel der Generatorenhalle der Berndorfer Metallwarenfabrik<\/b><br \/>\n<strong>2013 Sabine SEIDEL<\/strong> <\/p>\n<div class='breakline'><\/div>\n<\/div>\n<div class='greyfield'>Der einzig noch bestehende Teil des 1905 erbauten Elektrizit\u00e4tswerks der Berndorer Metallwarenfabrik, das auch die Stadtgemeinde Berndorf versorgte,  ist die Halle in der fr\u00fcher die Generatoren Platz fanden. Dieses Maschinenhaus stellt auch das Hauptaugenmerk der Diplomarbeit dar. Durch heranziehen von ausgesuchten Vergleichsbeispiele wird versucht das Geb\u00e4ude in einen bauktechnischen Kontext zu setzen und die Besonderheit der Grundrissdisposition der Gesamtanlage zu er\u00f6rtern. Um die historischen Rahmenbedingungen aus technischer Sicht darzustellen widmet sich ein nicht unwesentlicher Teil der Arbeit der geschichtlichen Entwicklung von Elektrizit\u00e4tswerken im Allgemeinen. Den Abschluss bildet ein konzeptioneller Entwurf, der die M\u00f6glichkeiten der zeitgem\u00e4\u00dfen Nachnutzung aufzeigt.<\/p>\n<div class='breakline'><\/div>\n<\/div>\n<p><span><\/span><br \/>\n<img fetchpriority=\"high\" decoding=\"async\" src=\"http:\/\/denkmalpflege1.e251.tuwien.ac.at\/wp-content\/uploads\/2014\/04\/Seidel_1.gif\" width=\"600\" height=\"280\" alt=\"\" \/><img decoding=\"async\" src=\"http:\/\/denkmalpflege1.e251.tuwien.ac.at\/wp-content\/uploads\/2014\/04\/Seidel_2.gif\" width=\"214\" height=\"280\" alt=\"\" \/><\/p>\n<div class='breakline'><\/div>\n<\/div>\n<\/div>\n","protected":false},"excerpt":{"rendered":"<p>&lt; Alle Arbeiten Zur Architektur und Entwicklung historischer Elektrizit\u00e4tswerke Am Beispiel der Generatorenhalle der Berndorfer Metallwarenfabrik 2013 Sabine SEIDEL Der einzig noch bestehende Teil des 1905 erbauten Elektrizit\u00e4tswerks der Berndorer Metallwarenfabrik, das auch die Stadtgemeinde Berndorf versorgte, ist die Halle in der fr\u00fcher die Generatoren Platz fanden. Dieses Maschinenhaus stellt auch das Hauptaugenmerk der Diplomarbeit dar. Durch heranziehen von ausgesuchten Vergleichsbeispiele wird versucht das Geb\u00e4ude in einen bauktechnischen Kontext zu<\/p>\n<div class=\"belowpost\"><a class=\"btnmore icon-arrow\" href=\"https:\/\/denkmalpflege.tuwien.ac.at\/index.php\/seidel\/\"><span>Read More<\/span><\/a><\/div>\n","protected":false},"author":1,"featured_media":0,"parent":0,"menu_order":0,"comment_status":"open","ping_status":"open","template":"","meta":{"footnotes":""},"class_list":["post-5394","page","type-page","status-publish","hentry"],"yoast_head":"<!-- This site is optimized with the Yoast SEO plugin v26.0 - https:\/\/yoast.com\/wordpress\/plugins\/seo\/ -->\n<title>Sabine Seidel - Denkmalpflege und Bauen im Bestand<\/title>\n<meta name=\"robots\" content=\"index, follow, max-snippet:-1, max-image-preview:large, max-video-preview:-1\" \/>\n<link rel=\"canonical\" href=\"https:\/\/denkmalpflege.tuwien.ac.at\/index.php\/seidel\/\" \/>\n<meta property=\"og:locale\" content=\"de_DE\" \/>\n<meta property=\"og:type\" content=\"article\" \/>\n<meta property=\"og:title\" content=\"Sabine Seidel - Denkmalpflege und Bauen im Bestand\" \/>\n<meta property=\"og:description\" content=\"&lt; Alle Arbeiten Zur Architektur und Entwicklung historischer Elektrizit\u00e4tswerke Am Beispiel der Generatorenhalle der Berndorfer Metallwarenfabrik 2013 Sabine SEIDEL Der einzig noch bestehende Teil des 1905 erbauten Elektrizit\u00e4tswerks der Berndorer Metallwarenfabrik, das auch die Stadtgemeinde Berndorf versorgte, ist die Halle in der fr\u00fcher die Generatoren Platz fanden. Dieses Maschinenhaus stellt auch das Hauptaugenmerk der Diplomarbeit dar. Durch heranziehen von ausgesuchten Vergleichsbeispiele wird versucht das Geb\u00e4ude in einen bauktechnischen Kontext zuRead More\" \/>\n<meta property=\"og:url\" content=\"https:\/\/denkmalpflege.tuwien.ac.at\/index.php\/seidel\/\" \/>\n<meta property=\"og:site_name\" content=\"Denkmalpflege und Bauen im Bestand\" \/>\n<meta name=\"twitter:card\" content=\"summary_large_image\" \/>\n<meta name=\"twitter:label1\" content=\"Gesch\u00e4tzte Lesezeit\" \/>\n\t<meta name=\"twitter:data1\" content=\"1\u00a0Minute\" \/>\n<script type=\"application\/ld+json\" class=\"yoast-schema-graph\">{\"@context\":\"https:\/\/schema.org\",\"@graph\":[{\"@type\":\"WebPage\",\"@id\":\"https:\/\/denkmalpflege.tuwien.ac.at\/index.php\/seidel\/\",\"url\":\"https:\/\/denkmalpflege.tuwien.ac.at\/index.php\/seidel\/\",\"name\":\"Sabine Seidel - Denkmalpflege und Bauen im Bestand\",\"isPartOf\":{\"@id\":\"https:\/\/denkmalpflege.tuwien.ac.at\/#website\"},\"primaryImageOfPage\":{\"@id\":\"https:\/\/denkmalpflege.tuwien.ac.at\/index.php\/seidel\/#primaryimage\"},\"image\":{\"@id\":\"https:\/\/denkmalpflege.tuwien.ac.at\/index.php\/seidel\/#primaryimage\"},\"thumbnailUrl\":\"http:\/\/denkmalpflege1.e251.tuwien.ac.at\/wp-content\/uploads\/2014\/04\/Seidel_T.gif\",\"datePublished\":\"2014-04-02T13:32:10+00:00\",\"breadcrumb\":{\"@id\":\"https:\/\/denkmalpflege.tuwien.ac.at\/index.php\/seidel\/#breadcrumb\"},\"inLanguage\":\"de\",\"potentialAction\":[{\"@type\":\"ReadAction\",\"target\":[\"https:\/\/denkmalpflege.tuwien.ac.at\/index.php\/seidel\/\"]}]},{\"@type\":\"ImageObject\",\"inLanguage\":\"de\",\"@id\":\"https:\/\/denkmalpflege.tuwien.ac.at\/index.php\/seidel\/#primaryimage\",\"url\":\"http:\/\/denkmalpflege1.e251.tuwien.ac.at\/wp-content\/uploads\/2014\/04\/Seidel_T.gif\",\"contentUrl\":\"http:\/\/denkmalpflege1.e251.tuwien.ac.at\/wp-content\/uploads\/2014\/04\/Seidel_T.gif\"},{\"@type\":\"BreadcrumbList\",\"@id\":\"https:\/\/denkmalpflege.tuwien.ac.at\/index.php\/seidel\/#breadcrumb\",\"itemListElement\":[{\"@type\":\"ListItem\",\"position\":1,\"name\":\"Startseite\",\"item\":\"https:\/\/denkmalpflege.tuwien.ac.at\/\"},{\"@type\":\"ListItem\",\"position\":2,\"name\":\"Sabine Seidel\"}]},{\"@type\":\"WebSite\",\"@id\":\"https:\/\/denkmalpflege.tuwien.ac.at\/#website\",\"url\":\"https:\/\/denkmalpflege.tuwien.ac.at\/\",\"name\":\"Denkmalpflege und Bauen im Bestand\",\"description\":\"Denkmalpflege TU Wien\",\"publisher\":{\"@id\":\"https:\/\/denkmalpflege.tuwien.ac.at\/#organization\"},\"potentialAction\":[{\"@type\":\"SearchAction\",\"target\":{\"@type\":\"EntryPoint\",\"urlTemplate\":\"https:\/\/denkmalpflege.tuwien.ac.at\/?s={search_term_string}\"},\"query-input\":{\"@type\":\"PropertyValueSpecification\",\"valueRequired\":true,\"valueName\":\"search_term_string\"}}],\"inLanguage\":\"de\"},{\"@type\":\"Organization\",\"@id\":\"https:\/\/denkmalpflege.tuwien.ac.at\/#organization\",\"name\":\"TU Wien Denkmalpflege und Bauen im Bestand\",\"url\":\"https:\/\/denkmalpflege.tuwien.ac.at\/\",\"logo\":{\"@type\":\"ImageObject\",\"inLanguage\":\"de\",\"@id\":\"https:\/\/denkmalpflege.tuwien.ac.at\/#\/schema\/logo\/image\/\",\"url\":\"https:\/\/denkmalpflege.tuwien.ac.at\/wp-content\/uploads\/2019\/10\/Logo1.png\",\"contentUrl\":\"https:\/\/denkmalpflege.tuwien.ac.at\/wp-content\/uploads\/2019\/10\/Logo1.png\",\"width\":222,\"height\":79,\"caption\":\"TU Wien Denkmalpflege und Bauen im Bestand\"},\"image\":{\"@id\":\"https:\/\/denkmalpflege.tuwien.ac.at\/#\/schema\/logo\/image\/\"}}]}<\/script>\n<!-- \/ Yoast SEO plugin. -->","yoast_head_json":{"title":"Sabine Seidel - Denkmalpflege und Bauen im Bestand","robots":{"index":"index","follow":"follow","max-snippet":"max-snippet:-1","max-image-preview":"max-image-preview:large","max-video-preview":"max-video-preview:-1"},"canonical":"https:\/\/denkmalpflege.tuwien.ac.at\/index.php\/seidel\/","og_locale":"de_DE","og_type":"article","og_title":"Sabine Seidel - Denkmalpflege und Bauen im Bestand","og_description":"&lt; Alle Arbeiten Zur Architektur und Entwicklung historischer Elektrizit\u00e4tswerke Am Beispiel der Generatorenhalle der Berndorfer Metallwarenfabrik 2013 Sabine SEIDEL Der einzig noch bestehende Teil des 1905 erbauten Elektrizit\u00e4tswerks der Berndorer Metallwarenfabrik, das auch die Stadtgemeinde Berndorf versorgte, ist die Halle in der fr\u00fcher die Generatoren Platz fanden. Dieses Maschinenhaus stellt auch das Hauptaugenmerk der Diplomarbeit dar. Durch heranziehen von ausgesuchten Vergleichsbeispiele wird versucht das Geb\u00e4ude in einen bauktechnischen Kontext zuRead More","og_url":"https:\/\/denkmalpflege.tuwien.ac.at\/index.php\/seidel\/","og_site_name":"Denkmalpflege und Bauen im Bestand","twitter_card":"summary_large_image","twitter_misc":{"Gesch\u00e4tzte Lesezeit":"1\u00a0Minute"},"schema":{"@context":"https:\/\/schema.org","@graph":[{"@type":"WebPage","@id":"https:\/\/denkmalpflege.tuwien.ac.at\/index.php\/seidel\/","url":"https:\/\/denkmalpflege.tuwien.ac.at\/index.php\/seidel\/","name":"Sabine Seidel - Denkmalpflege und Bauen im Bestand","isPartOf":{"@id":"https:\/\/denkmalpflege.tuwien.ac.at\/#website"},"primaryImageOfPage":{"@id":"https:\/\/denkmalpflege.tuwien.ac.at\/index.php\/seidel\/#primaryimage"},"image":{"@id":"https:\/\/denkmalpflege.tuwien.ac.at\/index.php\/seidel\/#primaryimage"},"thumbnailUrl":"http:\/\/denkmalpflege1.e251.tuwien.ac.at\/wp-content\/uploads\/2014\/04\/Seidel_T.gif","datePublished":"2014-04-02T13:32:10+00:00","breadcrumb":{"@id":"https:\/\/denkmalpflege.tuwien.ac.at\/index.php\/seidel\/#breadcrumb"},"inLanguage":"de","potentialAction":[{"@type":"ReadAction","target":["https:\/\/denkmalpflege.tuwien.ac.at\/index.php\/seidel\/"]}]},{"@type":"ImageObject","inLanguage":"de","@id":"https:\/\/denkmalpflege.tuwien.ac.at\/index.php\/seidel\/#primaryimage","url":"http:\/\/denkmalpflege1.e251.tuwien.ac.at\/wp-content\/uploads\/2014\/04\/Seidel_T.gif","contentUrl":"http:\/\/denkmalpflege1.e251.tuwien.ac.at\/wp-content\/uploads\/2014\/04\/Seidel_T.gif"},{"@type":"BreadcrumbList","@id":"https:\/\/denkmalpflege.tuwien.ac.at\/index.php\/seidel\/#breadcrumb","itemListElement":[{"@type":"ListItem","position":1,"name":"Startseite","item":"https:\/\/denkmalpflege.tuwien.ac.at\/"},{"@type":"ListItem","position":2,"name":"Sabine Seidel"}]},{"@type":"WebSite","@id":"https:\/\/denkmalpflege.tuwien.ac.at\/#website","url":"https:\/\/denkmalpflege.tuwien.ac.at\/","name":"Denkmalpflege und Bauen im Bestand","description":"Denkmalpflege TU Wien","publisher":{"@id":"https:\/\/denkmalpflege.tuwien.ac.at\/#organization"},"potentialAction":[{"@type":"SearchAction","target":{"@type":"EntryPoint","urlTemplate":"https:\/\/denkmalpflege.tuwien.ac.at\/?s={search_term_string}"},"query-input":{"@type":"PropertyValueSpecification","valueRequired":true,"valueName":"search_term_string"}}],"inLanguage":"de"},{"@type":"Organization","@id":"https:\/\/denkmalpflege.tuwien.ac.at\/#organization","name":"TU Wien Denkmalpflege und Bauen im Bestand","url":"https:\/\/denkmalpflege.tuwien.ac.at\/","logo":{"@type":"ImageObject","inLanguage":"de","@id":"https:\/\/denkmalpflege.tuwien.ac.at\/#\/schema\/logo\/image\/","url":"https:\/\/denkmalpflege.tuwien.ac.at\/wp-content\/uploads\/2019\/10\/Logo1.png","contentUrl":"https:\/\/denkmalpflege.tuwien.ac.at\/wp-content\/uploads\/2019\/10\/Logo1.png","width":222,"height":79,"caption":"TU Wien Denkmalpflege und Bauen im Bestand"},"image":{"@id":"https:\/\/denkmalpflege.tuwien.ac.at\/#\/schema\/logo\/image\/"}}]}},"_links":{"self":[{"href":"https:\/\/denkmalpflege.tuwien.ac.at\/index.php\/wp-json\/wp\/v2\/pages\/5394","targetHints":{"allow":["GET"]}}],"collection":[{"href":"https:\/\/denkmalpflege.tuwien.ac.at\/index.php\/wp-json\/wp\/v2\/pages"}],"about":[{"href":"https:\/\/denkmalpflege.tuwien.ac.at\/index.php\/wp-json\/wp\/v2\/types\/page"}],"author":[{"embeddable":true,"href":"https:\/\/denkmalpflege.tuwien.ac.at\/index.php\/wp-json\/wp\/v2\/users\/1"}],"replies":[{"embeddable":true,"href":"https:\/\/denkmalpflege.tuwien.ac.at\/index.php\/wp-json\/wp\/v2\/comments?post=5394"}],"version-history":[{"count":2,"href":"https:\/\/denkmalpflege.tuwien.ac.at\/index.php\/wp-json\/wp\/v2\/pages\/5394\/revisions"}],"predecessor-version":[{"id":5400,"href":"https:\/\/denkmalpflege.tuwien.ac.at\/index.php\/wp-json\/wp\/v2\/pages\/5394\/revisions\/5400"}],"wp:attachment":[{"href":"https:\/\/denkmalpflege.tuwien.ac.at\/index.php\/wp-json\/wp\/v2\/media?parent=5394"}],"curies":[{"name":"wp","href":"https:\/\/api.w.org\/{rel}","templated":true}]}}