{"id":5346,"date":"2014-03-24T16:21:18","date_gmt":"2014-03-24T15:21:18","guid":{"rendered":"http:\/\/denkmalpflege1.e251.tuwien.ac.at\/?page_id=5346"},"modified":"2015-08-31T12:32:15","modified_gmt":"2015-08-31T10:32:15","slug":"slupetzky","status":"publish","type":"page","link":"https:\/\/denkmalpflege.tuwien.ac.at\/index.php\/slupetzky\/","title":{"rendered":"Matthias Slupetzky"},"content":{"rendered":"<div class='mitarbeiter'>\n<div class='grey'>\n<img decoding=\"async\" src=\"http:\/\/denkmalpflege1.e251.tuwien.ac.at\/wp-content\/uploads\/2015\/08\/Klein.gif\" alt=\"\" title=\"\" width=\"130\" height=\"113\" class=\"alignnone size-full wp-image-165\" \/> <a href='diplomanden-prof-stadler' class='right_link'>&lt; Alle Arbeiten<\/a><br \/>\n<b>Zugsf\u00f6rderung Strasshof <\/b><br \/>\n<strong>2014 Matthias SLUPETZKY<\/strong> <\/p>\n<div class='breakline'><\/div>\n<\/div>\n<div class='greyfield'>Als die Zugf\u00f6rderung Strasshof im Jahr 1984 unter Denkmalschutz gestellt wurde, war sie die letze Zugf\u00f6rderung f\u00fcr Dampflokomotiven auf der Normalspur in \u00d6sterreich. In ihrer Erscheinungsform war sie in \u00d6sterreich aber seit ihrer Inbetriebnahme stets ein Unikum. Die Ursachen f\u00fcr diese Sonderstellung der Anlage, die komplexe Baugeschichte und die verh\u00e4ltnism\u00e4\u00dfig lange Errichtungsdauer, welche unter der Deutschen Reichsbahn im Jahr 1943 begann und erst im Jahr 1952 unter den \u00d6sterreichischen Bundesbahnen ein Ende fand, waren aber bis heute nie Gegenstand einer eingehenden wissenschaftlichen Untersuchung.<\/p>\n<p>Diese Arbeit setzt sich mit den Gr\u00fcnden f\u00fcr diese Sonderstellung der Zugf\u00f6rderung Strasshof auseinander und rekonstruiert das Projekt in all seinen Entwurfsphasen. Die Rekonstruktion wird in Kontext mit den geopolitischen Ereignissen des zweiten Weltkriegs gesetzt, in den die Errichtungszeit f\u00e4llt. Abschlie\u00dfend wird der Entwurf in die Evolutionsgeschichte der Bahnbetriebswerke eingeordnet und mit anderen projektierten Bahnbetriebswerken der Deutschen Reichsbahn verglichen.<\/p>\n<div class='breakline'><\/div>\n<\/div>\n<p><span><\/span><br \/>\n<img decoding=\"async\" src=\"http:\/\/denkmalpflege1.e251.tuwien.ac.at\/wp-content\/uploads\/2015\/08\/21.gif\" width=\"960\" height=\"\"  alt=\"\" \/><br \/>\n<span><\/span><br \/>\n<img decoding=\"async\" src=\"http:\/\/denkmalpflege1.e251.tuwien.ac.at\/wp-content\/uploads\/2015\/08\/11.gif\" width=\"960\" height=\"\"  alt=\"\" \/><\/p>\n<div class='breakline'><\/div>\n<\/div>\n<\/div>\n","protected":false},"excerpt":{"rendered":"<p>&lt; Alle Arbeiten Zugsf\u00f6rderung Strasshof 2014 Matthias SLUPETZKY Als die Zugf\u00f6rderung Strasshof im Jahr 1984 unter Denkmalschutz gestellt wurde, war sie die letze Zugf\u00f6rderung f\u00fcr Dampflokomotiven auf der Normalspur in \u00d6sterreich. In ihrer Erscheinungsform war sie in \u00d6sterreich aber seit ihrer Inbetriebnahme stets ein Unikum. Die Ursachen f\u00fcr diese Sonderstellung der Anlage, die komplexe Baugeschichte und die verh\u00e4ltnism\u00e4\u00dfig lange Errichtungsdauer, welche unter der Deutschen Reichsbahn im Jahr 1943 begann und<\/p>\n<div class=\"belowpost\"><a class=\"btnmore icon-arrow\" href=\"https:\/\/denkmalpflege.tuwien.ac.at\/index.php\/slupetzky\/\"><span>Read More<\/span><\/a><\/div>\n","protected":false},"author":1,"featured_media":0,"parent":0,"menu_order":0,"comment_status":"open","ping_status":"open","template":"","meta":{"footnotes":""},"class_list":["post-5346","page","type-page","status-publish","hentry"],"yoast_head":"<!-- This site is optimized with the Yoast SEO plugin v26.0 - https:\/\/yoast.com\/wordpress\/plugins\/seo\/ -->\n<title>Matthias Slupetzky - Denkmalpflege und Bauen im Bestand<\/title>\n<meta name=\"robots\" content=\"index, follow, max-snippet:-1, max-image-preview:large, max-video-preview:-1\" \/>\n<link rel=\"canonical\" href=\"https:\/\/denkmalpflege.tuwien.ac.at\/index.php\/slupetzky\/\" \/>\n<meta property=\"og:locale\" content=\"de_DE\" \/>\n<meta property=\"og:type\" content=\"article\" \/>\n<meta property=\"og:title\" content=\"Matthias Slupetzky - Denkmalpflege und Bauen im Bestand\" \/>\n<meta property=\"og:description\" content=\"&lt; Alle Arbeiten Zugsf\u00f6rderung Strasshof 2014 Matthias SLUPETZKY Als die Zugf\u00f6rderung Strasshof im Jahr 1984 unter Denkmalschutz gestellt wurde, war sie die letze Zugf\u00f6rderung f\u00fcr Dampflokomotiven auf der Normalspur in \u00d6sterreich. In ihrer Erscheinungsform war sie in \u00d6sterreich aber seit ihrer Inbetriebnahme stets ein Unikum. Die Ursachen f\u00fcr diese Sonderstellung der Anlage, die komplexe Baugeschichte und die verh\u00e4ltnism\u00e4\u00dfig lange Errichtungsdauer, welche unter der Deutschen Reichsbahn im Jahr 1943 begann undRead More\" \/>\n<meta property=\"og:url\" content=\"https:\/\/denkmalpflege.tuwien.ac.at\/index.php\/slupetzky\/\" \/>\n<meta property=\"og:site_name\" content=\"Denkmalpflege und Bauen im Bestand\" \/>\n<meta property=\"article:modified_time\" content=\"2015-08-31T10:32:15+00:00\" \/>\n<meta name=\"twitter:card\" content=\"summary_large_image\" \/>\n<meta name=\"twitter:label1\" content=\"Gesch\u00e4tzte Lesezeit\" \/>\n\t<meta name=\"twitter:data1\" content=\"1\u00a0Minute\" \/>\n<script type=\"application\/ld+json\" class=\"yoast-schema-graph\">{\"@context\":\"https:\/\/schema.org\",\"@graph\":[{\"@type\":\"WebPage\",\"@id\":\"https:\/\/denkmalpflege.tuwien.ac.at\/index.php\/slupetzky\/\",\"url\":\"https:\/\/denkmalpflege.tuwien.ac.at\/index.php\/slupetzky\/\",\"name\":\"Matthias Slupetzky - Denkmalpflege und Bauen im Bestand\",\"isPartOf\":{\"@id\":\"https:\/\/denkmalpflege.tuwien.ac.at\/#website\"},\"primaryImageOfPage\":{\"@id\":\"https:\/\/denkmalpflege.tuwien.ac.at\/index.php\/slupetzky\/#primaryimage\"},\"image\":{\"@id\":\"https:\/\/denkmalpflege.tuwien.ac.at\/index.php\/slupetzky\/#primaryimage\"},\"thumbnailUrl\":\"http:\/\/denkmalpflege1.e251.tuwien.ac.at\/wp-content\/uploads\/2015\/08\/Klein.gif\",\"datePublished\":\"2014-03-24T15:21:18+00:00\",\"dateModified\":\"2015-08-31T10:32:15+00:00\",\"breadcrumb\":{\"@id\":\"https:\/\/denkmalpflege.tuwien.ac.at\/index.php\/slupetzky\/#breadcrumb\"},\"inLanguage\":\"de\",\"potentialAction\":[{\"@type\":\"ReadAction\",\"target\":[\"https:\/\/denkmalpflege.tuwien.ac.at\/index.php\/slupetzky\/\"]}]},{\"@type\":\"ImageObject\",\"inLanguage\":\"de\",\"@id\":\"https:\/\/denkmalpflege.tuwien.ac.at\/index.php\/slupetzky\/#primaryimage\",\"url\":\"http:\/\/denkmalpflege1.e251.tuwien.ac.at\/wp-content\/uploads\/2015\/08\/Klein.gif\",\"contentUrl\":\"http:\/\/denkmalpflege1.e251.tuwien.ac.at\/wp-content\/uploads\/2015\/08\/Klein.gif\"},{\"@type\":\"BreadcrumbList\",\"@id\":\"https:\/\/denkmalpflege.tuwien.ac.at\/index.php\/slupetzky\/#breadcrumb\",\"itemListElement\":[{\"@type\":\"ListItem\",\"position\":1,\"name\":\"Startseite\",\"item\":\"https:\/\/denkmalpflege.tuwien.ac.at\/\"},{\"@type\":\"ListItem\",\"position\":2,\"name\":\"Matthias Slupetzky\"}]},{\"@type\":\"WebSite\",\"@id\":\"https:\/\/denkmalpflege.tuwien.ac.at\/#website\",\"url\":\"https:\/\/denkmalpflege.tuwien.ac.at\/\",\"name\":\"Denkmalpflege und Bauen im Bestand\",\"description\":\"Denkmalpflege TU Wien\",\"publisher\":{\"@id\":\"https:\/\/denkmalpflege.tuwien.ac.at\/#organization\"},\"potentialAction\":[{\"@type\":\"SearchAction\",\"target\":{\"@type\":\"EntryPoint\",\"urlTemplate\":\"https:\/\/denkmalpflege.tuwien.ac.at\/?s={search_term_string}\"},\"query-input\":{\"@type\":\"PropertyValueSpecification\",\"valueRequired\":true,\"valueName\":\"search_term_string\"}}],\"inLanguage\":\"de\"},{\"@type\":\"Organization\",\"@id\":\"https:\/\/denkmalpflege.tuwien.ac.at\/#organization\",\"name\":\"TU Wien Denkmalpflege und Bauen im Bestand\",\"url\":\"https:\/\/denkmalpflege.tuwien.ac.at\/\",\"logo\":{\"@type\":\"ImageObject\",\"inLanguage\":\"de\",\"@id\":\"https:\/\/denkmalpflege.tuwien.ac.at\/#\/schema\/logo\/image\/\",\"url\":\"https:\/\/denkmalpflege.tuwien.ac.at\/wp-content\/uploads\/2019\/10\/Logo1.png\",\"contentUrl\":\"https:\/\/denkmalpflege.tuwien.ac.at\/wp-content\/uploads\/2019\/10\/Logo1.png\",\"width\":222,\"height\":79,\"caption\":\"TU Wien Denkmalpflege und Bauen im Bestand\"},\"image\":{\"@id\":\"https:\/\/denkmalpflege.tuwien.ac.at\/#\/schema\/logo\/image\/\"}}]}<\/script>\n<!-- \/ Yoast SEO plugin. -->","yoast_head_json":{"title":"Matthias Slupetzky - Denkmalpflege und Bauen im Bestand","robots":{"index":"index","follow":"follow","max-snippet":"max-snippet:-1","max-image-preview":"max-image-preview:large","max-video-preview":"max-video-preview:-1"},"canonical":"https:\/\/denkmalpflege.tuwien.ac.at\/index.php\/slupetzky\/","og_locale":"de_DE","og_type":"article","og_title":"Matthias Slupetzky - Denkmalpflege und Bauen im Bestand","og_description":"&lt; Alle Arbeiten Zugsf\u00f6rderung Strasshof 2014 Matthias SLUPETZKY Als die Zugf\u00f6rderung Strasshof im Jahr 1984 unter Denkmalschutz gestellt wurde, war sie die letze Zugf\u00f6rderung f\u00fcr Dampflokomotiven auf der Normalspur in \u00d6sterreich. In ihrer Erscheinungsform war sie in \u00d6sterreich aber seit ihrer Inbetriebnahme stets ein Unikum. Die Ursachen f\u00fcr diese Sonderstellung der Anlage, die komplexe Baugeschichte und die verh\u00e4ltnism\u00e4\u00dfig lange Errichtungsdauer, welche unter der Deutschen Reichsbahn im Jahr 1943 begann undRead More","og_url":"https:\/\/denkmalpflege.tuwien.ac.at\/index.php\/slupetzky\/","og_site_name":"Denkmalpflege und Bauen im Bestand","article_modified_time":"2015-08-31T10:32:15+00:00","twitter_card":"summary_large_image","twitter_misc":{"Gesch\u00e4tzte Lesezeit":"1\u00a0Minute"},"schema":{"@context":"https:\/\/schema.org","@graph":[{"@type":"WebPage","@id":"https:\/\/denkmalpflege.tuwien.ac.at\/index.php\/slupetzky\/","url":"https:\/\/denkmalpflege.tuwien.ac.at\/index.php\/slupetzky\/","name":"Matthias Slupetzky - Denkmalpflege und Bauen im Bestand","isPartOf":{"@id":"https:\/\/denkmalpflege.tuwien.ac.at\/#website"},"primaryImageOfPage":{"@id":"https:\/\/denkmalpflege.tuwien.ac.at\/index.php\/slupetzky\/#primaryimage"},"image":{"@id":"https:\/\/denkmalpflege.tuwien.ac.at\/index.php\/slupetzky\/#primaryimage"},"thumbnailUrl":"http:\/\/denkmalpflege1.e251.tuwien.ac.at\/wp-content\/uploads\/2015\/08\/Klein.gif","datePublished":"2014-03-24T15:21:18+00:00","dateModified":"2015-08-31T10:32:15+00:00","breadcrumb":{"@id":"https:\/\/denkmalpflege.tuwien.ac.at\/index.php\/slupetzky\/#breadcrumb"},"inLanguage":"de","potentialAction":[{"@type":"ReadAction","target":["https:\/\/denkmalpflege.tuwien.ac.at\/index.php\/slupetzky\/"]}]},{"@type":"ImageObject","inLanguage":"de","@id":"https:\/\/denkmalpflege.tuwien.ac.at\/index.php\/slupetzky\/#primaryimage","url":"http:\/\/denkmalpflege1.e251.tuwien.ac.at\/wp-content\/uploads\/2015\/08\/Klein.gif","contentUrl":"http:\/\/denkmalpflege1.e251.tuwien.ac.at\/wp-content\/uploads\/2015\/08\/Klein.gif"},{"@type":"BreadcrumbList","@id":"https:\/\/denkmalpflege.tuwien.ac.at\/index.php\/slupetzky\/#breadcrumb","itemListElement":[{"@type":"ListItem","position":1,"name":"Startseite","item":"https:\/\/denkmalpflege.tuwien.ac.at\/"},{"@type":"ListItem","position":2,"name":"Matthias Slupetzky"}]},{"@type":"WebSite","@id":"https:\/\/denkmalpflege.tuwien.ac.at\/#website","url":"https:\/\/denkmalpflege.tuwien.ac.at\/","name":"Denkmalpflege und Bauen im Bestand","description":"Denkmalpflege TU Wien","publisher":{"@id":"https:\/\/denkmalpflege.tuwien.ac.at\/#organization"},"potentialAction":[{"@type":"SearchAction","target":{"@type":"EntryPoint","urlTemplate":"https:\/\/denkmalpflege.tuwien.ac.at\/?s={search_term_string}"},"query-input":{"@type":"PropertyValueSpecification","valueRequired":true,"valueName":"search_term_string"}}],"inLanguage":"de"},{"@type":"Organization","@id":"https:\/\/denkmalpflege.tuwien.ac.at\/#organization","name":"TU Wien Denkmalpflege und Bauen im Bestand","url":"https:\/\/denkmalpflege.tuwien.ac.at\/","logo":{"@type":"ImageObject","inLanguage":"de","@id":"https:\/\/denkmalpflege.tuwien.ac.at\/#\/schema\/logo\/image\/","url":"https:\/\/denkmalpflege.tuwien.ac.at\/wp-content\/uploads\/2019\/10\/Logo1.png","contentUrl":"https:\/\/denkmalpflege.tuwien.ac.at\/wp-content\/uploads\/2019\/10\/Logo1.png","width":222,"height":79,"caption":"TU Wien Denkmalpflege und Bauen im Bestand"},"image":{"@id":"https:\/\/denkmalpflege.tuwien.ac.at\/#\/schema\/logo\/image\/"}}]}},"_links":{"self":[{"href":"https:\/\/denkmalpflege.tuwien.ac.at\/index.php\/wp-json\/wp\/v2\/pages\/5346","targetHints":{"allow":["GET"]}}],"collection":[{"href":"https:\/\/denkmalpflege.tuwien.ac.at\/index.php\/wp-json\/wp\/v2\/pages"}],"about":[{"href":"https:\/\/denkmalpflege.tuwien.ac.at\/index.php\/wp-json\/wp\/v2\/types\/page"}],"author":[{"embeddable":true,"href":"https:\/\/denkmalpflege.tuwien.ac.at\/index.php\/wp-json\/wp\/v2\/users\/1"}],"replies":[{"embeddable":true,"href":"https:\/\/denkmalpflege.tuwien.ac.at\/index.php\/wp-json\/wp\/v2\/comments?post=5346"}],"version-history":[{"count":10,"href":"https:\/\/denkmalpflege.tuwien.ac.at\/index.php\/wp-json\/wp\/v2\/pages\/5346\/revisions"}],"predecessor-version":[{"id":9135,"href":"https:\/\/denkmalpflege.tuwien.ac.at\/index.php\/wp-json\/wp\/v2\/pages\/5346\/revisions\/9135"}],"wp:attachment":[{"href":"https:\/\/denkmalpflege.tuwien.ac.at\/index.php\/wp-json\/wp\/v2\/media?parent=5346"}],"curies":[{"name":"wp","href":"https:\/\/api.w.org\/{rel}","templated":true}]}}