{"id":5336,"date":"2014-03-24T16:06:25","date_gmt":"2014-03-24T15:06:25","guid":{"rendered":"http:\/\/denkmalpflege1.e251.tuwien.ac.at\/?page_id=5336"},"modified":"2015-06-17T08:26:57","modified_gmt":"2015-06-17T06:26:57","slug":"werner","status":"publish","type":"page","link":"https:\/\/denkmalpflege.tuwien.ac.at\/index.php\/werner\/","title":{"rendered":"Christian Werner"},"content":{"rendered":"<div class='mitarbeiter'>\n<div class='grey'>\n<img decoding=\"async\" src=\"http:\/\/denkmalpflege1.e251.tuwien.ac.at\/wp-content\/uploads\/2014\/03\/weberT.gif\" alt=\"\" title=\"\" width=\"130\" height=\"113\" class=\"alignnone size-full wp-image-165\" \/> <a href='diplomanden-prof-stadler' class='right_link'>&lt; Alle Arbeiten<\/a><br \/>\n<b>Dokumentation, Analyse und Neukonzeptentwicklung<br \/>\nder Formation &#8218;Red Sands&#8216; der Maunsell Army Forts.<\/b><br \/>\n<strong>2014 Christian WERNER<\/strong> <\/p>\n<div class='breakline'><\/div>\n<\/div>\n<div class='greyfield'>Im Jahr 1943 wurde vor der Themse-M\u00fcndung die Seefestung Red Sands errichtet, um feindliche Luftangriffe abzuwehren. Nach dem Ende des Zweiten Weltkrieges gerieten die Verteidigungsanlagen jedoch mehr und mehr in Vergessenheit. Zum einen, weil sie sich offener See befinden, zum anderen, weil sich die Regierung aufgrund der hohen Erhaltungs- sowie Abr\u00fcstungskosten von diesen abwandte. Nur ab und zu tauchen sie in den Medien wieder auf, zu meist allerdings durch negative Schlagzeilen wie beispielsweise nach Schiffskollisionen oder nach der illegale Besetzung durch einen Piratenradiosender.<\/p>\n<p>Die Diplomarbeit dokumentiert die Ausstattung und strategische Anordnung der Red Sand Towers, ihre Nutzung und Funktion w\u00e4hrend und nach dem Zweiten Weltkrieg, die Biographie des Erbauers Guy Maunsell sowie  Konstruktion und Bauweise. In der Analyse werden der aktuelle Zustand der T\u00fcrme vorgestellt und M\u00f6glichkeiten zur Erhaltung der T\u00fcrme pr\u00e4sentiert. Abschlie\u00dfend wird das Konzept einer zuk\u00fcnftigen Verwendung der Turmformation skizziert. Anhand von Vergleichsobjekten soll gezeigt werden, dass mit einer nachhaltigen der Erhalt gesichert werden kann.<\/p>\n<div class='breakline'><\/div>\n<\/div>\n<p><span><\/span><br \/>\n<img decoding=\"async\" src=\"http:\/\/denkmalpflege1.e251.tuwien.ac.at\/wp-content\/uploads\/2014\/03\/weber1.gif\" width=\"940\" height=\"\"  alt=\"\" \/><br \/>\n<span><\/span><br \/>\n<img decoding=\"async\" src=\"http:\/\/denkmalpflege1.e251.tuwien.ac.at\/wp-content\/uploads\/2014\/03\/weber2.gif\" width=\"247,5\" height=\"\" alt=\"\" \/><img decoding=\"async\" src=\"http:\/\/denkmalpflege1.e251.tuwien.ac.at\/wp-content\/uploads\/2014\/03\/weber3.gif\" width=\"692,5\" height=\"\" alt=\"\" \/><\/p>\n<div class='breakline'><\/div>\n<\/div>\n<\/div>\n","protected":false},"excerpt":{"rendered":"<p>&lt; Alle Arbeiten Dokumentation, Analyse und Neukonzeptentwicklung der Formation &#8218;Red Sands&#8216; der Maunsell Army Forts. 2014 Christian WERNER Im Jahr 1943 wurde vor der Themse-M\u00fcndung die Seefestung Red Sands errichtet, um feindliche Luftangriffe abzuwehren. Nach dem Ende des Zweiten Weltkrieges gerieten die Verteidigungsanlagen jedoch mehr und mehr in Vergessenheit. Zum einen, weil sie sich offener See befinden, zum anderen, weil sich die Regierung aufgrund der hohen Erhaltungs- sowie Abr\u00fcstungskosten von<\/p>\n<div class=\"belowpost\"><a class=\"btnmore icon-arrow\" href=\"https:\/\/denkmalpflege.tuwien.ac.at\/index.php\/werner\/\"><span>Read More<\/span><\/a><\/div>\n","protected":false},"author":1,"featured_media":0,"parent":0,"menu_order":0,"comment_status":"open","ping_status":"open","template":"","meta":{"footnotes":""},"class_list":["post-5336","page","type-page","status-publish","hentry"],"yoast_head":"<!-- This site is optimized with the Yoast SEO plugin v26.0 - https:\/\/yoast.com\/wordpress\/plugins\/seo\/ -->\n<title>Christian Werner - Denkmalpflege und Bauen im Bestand<\/title>\n<meta name=\"robots\" content=\"index, follow, max-snippet:-1, max-image-preview:large, max-video-preview:-1\" \/>\n<link rel=\"canonical\" href=\"https:\/\/denkmalpflege.tuwien.ac.at\/index.php\/werner\/\" \/>\n<meta property=\"og:locale\" content=\"de_DE\" \/>\n<meta property=\"og:type\" content=\"article\" \/>\n<meta property=\"og:title\" content=\"Christian Werner - Denkmalpflege und Bauen im Bestand\" \/>\n<meta property=\"og:description\" content=\"&lt; Alle Arbeiten Dokumentation, Analyse und Neukonzeptentwicklung der Formation &#8218;Red Sands&#8216; der Maunsell Army Forts. 2014 Christian WERNER Im Jahr 1943 wurde vor der Themse-M\u00fcndung die Seefestung Red Sands errichtet, um feindliche Luftangriffe abzuwehren. Nach dem Ende des Zweiten Weltkrieges gerieten die Verteidigungsanlagen jedoch mehr und mehr in Vergessenheit. Zum einen, weil sie sich offener See befinden, zum anderen, weil sich die Regierung aufgrund der hohen Erhaltungs- sowie Abr\u00fcstungskosten vonRead More\" \/>\n<meta property=\"og:url\" content=\"https:\/\/denkmalpflege.tuwien.ac.at\/index.php\/werner\/\" \/>\n<meta property=\"og:site_name\" content=\"Denkmalpflege und Bauen im Bestand\" \/>\n<meta property=\"article:modified_time\" content=\"2015-06-17T06:26:57+00:00\" \/>\n<meta name=\"twitter:card\" content=\"summary_large_image\" \/>\n<meta name=\"twitter:label1\" content=\"Gesch\u00e4tzte Lesezeit\" \/>\n\t<meta name=\"twitter:data1\" content=\"1\u00a0Minute\" \/>\n<script type=\"application\/ld+json\" class=\"yoast-schema-graph\">{\"@context\":\"https:\/\/schema.org\",\"@graph\":[{\"@type\":\"WebPage\",\"@id\":\"https:\/\/denkmalpflege.tuwien.ac.at\/index.php\/werner\/\",\"url\":\"https:\/\/denkmalpflege.tuwien.ac.at\/index.php\/werner\/\",\"name\":\"Christian Werner - Denkmalpflege und Bauen im Bestand\",\"isPartOf\":{\"@id\":\"https:\/\/denkmalpflege.tuwien.ac.at\/#website\"},\"primaryImageOfPage\":{\"@id\":\"https:\/\/denkmalpflege.tuwien.ac.at\/index.php\/werner\/#primaryimage\"},\"image\":{\"@id\":\"https:\/\/denkmalpflege.tuwien.ac.at\/index.php\/werner\/#primaryimage\"},\"thumbnailUrl\":\"http:\/\/denkmalpflege1.e251.tuwien.ac.at\/wp-content\/uploads\/2014\/03\/weberT.gif\",\"datePublished\":\"2014-03-24T15:06:25+00:00\",\"dateModified\":\"2015-06-17T06:26:57+00:00\",\"breadcrumb\":{\"@id\":\"https:\/\/denkmalpflege.tuwien.ac.at\/index.php\/werner\/#breadcrumb\"},\"inLanguage\":\"de\",\"potentialAction\":[{\"@type\":\"ReadAction\",\"target\":[\"https:\/\/denkmalpflege.tuwien.ac.at\/index.php\/werner\/\"]}]},{\"@type\":\"ImageObject\",\"inLanguage\":\"de\",\"@id\":\"https:\/\/denkmalpflege.tuwien.ac.at\/index.php\/werner\/#primaryimage\",\"url\":\"http:\/\/denkmalpflege1.e251.tuwien.ac.at\/wp-content\/uploads\/2014\/03\/weberT.gif\",\"contentUrl\":\"http:\/\/denkmalpflege1.e251.tuwien.ac.at\/wp-content\/uploads\/2014\/03\/weberT.gif\"},{\"@type\":\"BreadcrumbList\",\"@id\":\"https:\/\/denkmalpflege.tuwien.ac.at\/index.php\/werner\/#breadcrumb\",\"itemListElement\":[{\"@type\":\"ListItem\",\"position\":1,\"name\":\"Startseite\",\"item\":\"https:\/\/denkmalpflege.tuwien.ac.at\/\"},{\"@type\":\"ListItem\",\"position\":2,\"name\":\"Christian Werner\"}]},{\"@type\":\"WebSite\",\"@id\":\"https:\/\/denkmalpflege.tuwien.ac.at\/#website\",\"url\":\"https:\/\/denkmalpflege.tuwien.ac.at\/\",\"name\":\"Denkmalpflege und Bauen im Bestand\",\"description\":\"Denkmalpflege TU Wien\",\"publisher\":{\"@id\":\"https:\/\/denkmalpflege.tuwien.ac.at\/#organization\"},\"potentialAction\":[{\"@type\":\"SearchAction\",\"target\":{\"@type\":\"EntryPoint\",\"urlTemplate\":\"https:\/\/denkmalpflege.tuwien.ac.at\/?s={search_term_string}\"},\"query-input\":{\"@type\":\"PropertyValueSpecification\",\"valueRequired\":true,\"valueName\":\"search_term_string\"}}],\"inLanguage\":\"de\"},{\"@type\":\"Organization\",\"@id\":\"https:\/\/denkmalpflege.tuwien.ac.at\/#organization\",\"name\":\"TU Wien Denkmalpflege und Bauen im Bestand\",\"url\":\"https:\/\/denkmalpflege.tuwien.ac.at\/\",\"logo\":{\"@type\":\"ImageObject\",\"inLanguage\":\"de\",\"@id\":\"https:\/\/denkmalpflege.tuwien.ac.at\/#\/schema\/logo\/image\/\",\"url\":\"https:\/\/denkmalpflege.tuwien.ac.at\/wp-content\/uploads\/2019\/10\/Logo1.png\",\"contentUrl\":\"https:\/\/denkmalpflege.tuwien.ac.at\/wp-content\/uploads\/2019\/10\/Logo1.png\",\"width\":222,\"height\":79,\"caption\":\"TU Wien Denkmalpflege und Bauen im Bestand\"},\"image\":{\"@id\":\"https:\/\/denkmalpflege.tuwien.ac.at\/#\/schema\/logo\/image\/\"}}]}<\/script>\n<!-- \/ Yoast SEO plugin. -->","yoast_head_json":{"title":"Christian Werner - Denkmalpflege und Bauen im Bestand","robots":{"index":"index","follow":"follow","max-snippet":"max-snippet:-1","max-image-preview":"max-image-preview:large","max-video-preview":"max-video-preview:-1"},"canonical":"https:\/\/denkmalpflege.tuwien.ac.at\/index.php\/werner\/","og_locale":"de_DE","og_type":"article","og_title":"Christian Werner - Denkmalpflege und Bauen im Bestand","og_description":"&lt; Alle Arbeiten Dokumentation, Analyse und Neukonzeptentwicklung der Formation &#8218;Red Sands&#8216; der Maunsell Army Forts. 2014 Christian WERNER Im Jahr 1943 wurde vor der Themse-M\u00fcndung die Seefestung Red Sands errichtet, um feindliche Luftangriffe abzuwehren. Nach dem Ende des Zweiten Weltkrieges gerieten die Verteidigungsanlagen jedoch mehr und mehr in Vergessenheit. Zum einen, weil sie sich offener See befinden, zum anderen, weil sich die Regierung aufgrund der hohen Erhaltungs- sowie Abr\u00fcstungskosten vonRead More","og_url":"https:\/\/denkmalpflege.tuwien.ac.at\/index.php\/werner\/","og_site_name":"Denkmalpflege und Bauen im Bestand","article_modified_time":"2015-06-17T06:26:57+00:00","twitter_card":"summary_large_image","twitter_misc":{"Gesch\u00e4tzte Lesezeit":"1\u00a0Minute"},"schema":{"@context":"https:\/\/schema.org","@graph":[{"@type":"WebPage","@id":"https:\/\/denkmalpflege.tuwien.ac.at\/index.php\/werner\/","url":"https:\/\/denkmalpflege.tuwien.ac.at\/index.php\/werner\/","name":"Christian Werner - Denkmalpflege und Bauen im Bestand","isPartOf":{"@id":"https:\/\/denkmalpflege.tuwien.ac.at\/#website"},"primaryImageOfPage":{"@id":"https:\/\/denkmalpflege.tuwien.ac.at\/index.php\/werner\/#primaryimage"},"image":{"@id":"https:\/\/denkmalpflege.tuwien.ac.at\/index.php\/werner\/#primaryimage"},"thumbnailUrl":"http:\/\/denkmalpflege1.e251.tuwien.ac.at\/wp-content\/uploads\/2014\/03\/weberT.gif","datePublished":"2014-03-24T15:06:25+00:00","dateModified":"2015-06-17T06:26:57+00:00","breadcrumb":{"@id":"https:\/\/denkmalpflege.tuwien.ac.at\/index.php\/werner\/#breadcrumb"},"inLanguage":"de","potentialAction":[{"@type":"ReadAction","target":["https:\/\/denkmalpflege.tuwien.ac.at\/index.php\/werner\/"]}]},{"@type":"ImageObject","inLanguage":"de","@id":"https:\/\/denkmalpflege.tuwien.ac.at\/index.php\/werner\/#primaryimage","url":"http:\/\/denkmalpflege1.e251.tuwien.ac.at\/wp-content\/uploads\/2014\/03\/weberT.gif","contentUrl":"http:\/\/denkmalpflege1.e251.tuwien.ac.at\/wp-content\/uploads\/2014\/03\/weberT.gif"},{"@type":"BreadcrumbList","@id":"https:\/\/denkmalpflege.tuwien.ac.at\/index.php\/werner\/#breadcrumb","itemListElement":[{"@type":"ListItem","position":1,"name":"Startseite","item":"https:\/\/denkmalpflege.tuwien.ac.at\/"},{"@type":"ListItem","position":2,"name":"Christian Werner"}]},{"@type":"WebSite","@id":"https:\/\/denkmalpflege.tuwien.ac.at\/#website","url":"https:\/\/denkmalpflege.tuwien.ac.at\/","name":"Denkmalpflege und Bauen im Bestand","description":"Denkmalpflege TU Wien","publisher":{"@id":"https:\/\/denkmalpflege.tuwien.ac.at\/#organization"},"potentialAction":[{"@type":"SearchAction","target":{"@type":"EntryPoint","urlTemplate":"https:\/\/denkmalpflege.tuwien.ac.at\/?s={search_term_string}"},"query-input":{"@type":"PropertyValueSpecification","valueRequired":true,"valueName":"search_term_string"}}],"inLanguage":"de"},{"@type":"Organization","@id":"https:\/\/denkmalpflege.tuwien.ac.at\/#organization","name":"TU Wien Denkmalpflege und Bauen im Bestand","url":"https:\/\/denkmalpflege.tuwien.ac.at\/","logo":{"@type":"ImageObject","inLanguage":"de","@id":"https:\/\/denkmalpflege.tuwien.ac.at\/#\/schema\/logo\/image\/","url":"https:\/\/denkmalpflege.tuwien.ac.at\/wp-content\/uploads\/2019\/10\/Logo1.png","contentUrl":"https:\/\/denkmalpflege.tuwien.ac.at\/wp-content\/uploads\/2019\/10\/Logo1.png","width":222,"height":79,"caption":"TU Wien Denkmalpflege und Bauen im Bestand"},"image":{"@id":"https:\/\/denkmalpflege.tuwien.ac.at\/#\/schema\/logo\/image\/"}}]}},"_links":{"self":[{"href":"https:\/\/denkmalpflege.tuwien.ac.at\/index.php\/wp-json\/wp\/v2\/pages\/5336","targetHints":{"allow":["GET"]}}],"collection":[{"href":"https:\/\/denkmalpflege.tuwien.ac.at\/index.php\/wp-json\/wp\/v2\/pages"}],"about":[{"href":"https:\/\/denkmalpflege.tuwien.ac.at\/index.php\/wp-json\/wp\/v2\/types\/page"}],"author":[{"embeddable":true,"href":"https:\/\/denkmalpflege.tuwien.ac.at\/index.php\/wp-json\/wp\/v2\/users\/1"}],"replies":[{"embeddable":true,"href":"https:\/\/denkmalpflege.tuwien.ac.at\/index.php\/wp-json\/wp\/v2\/comments?post=5336"}],"version-history":[{"count":25,"href":"https:\/\/denkmalpflege.tuwien.ac.at\/index.php\/wp-json\/wp\/v2\/pages\/5336\/revisions"}],"predecessor-version":[{"id":5343,"href":"https:\/\/denkmalpflege.tuwien.ac.at\/index.php\/wp-json\/wp\/v2\/pages\/5336\/revisions\/5343"}],"wp:attachment":[{"href":"https:\/\/denkmalpflege.tuwien.ac.at\/index.php\/wp-json\/wp\/v2\/media?parent=5336"}],"curies":[{"name":"wp","href":"https:\/\/api.w.org\/{rel}","templated":true}]}}