{"id":5139,"date":"2014-03-07T20:18:59","date_gmt":"2014-03-07T19:18:59","guid":{"rendered":"http:\/\/denkmalpflege1.e251.tuwien.ac.at\/?page_id=5139"},"modified":"2025-10-29T13:47:57","modified_gmt":"2025-10-29T12:47:57","slug":"erasmus","status":"publish","type":"page","link":"https:\/\/denkmalpflege.tuwien.ac.at\/index.php\/erasmus\/","title":{"rendered":"Erasmus"},"content":{"rendered":"\t\t<div data-elementor-type=\"wp-page\" data-elementor-id=\"5139\" class=\"elementor elementor-5139\" data-elementor-post-type=\"page\">\n\t\t\t\t\t\t<section class=\"elementor-section elementor-top-section elementor-element elementor-element-4931de7 elementor-section-full_width elementor-section-height-default elementor-section-height-default\" data-id=\"4931de7\" data-element_type=\"section\">\n\t\t\t\t\t\t<div class=\"elementor-container elementor-column-gap-default\">\n\t\t\t\t\t<div class=\"elementor-column elementor-col-100 elementor-top-column elementor-element elementor-element-baf4d74\" data-id=\"baf4d74\" data-element_type=\"column\">\n\t\t\t<div class=\"elementor-widget-wrap elementor-element-populated\">\n\t\t\t\t\t\t<div class=\"elementor-element elementor-element-1ea44c9 elementor-widget elementor-widget-heading\" data-id=\"1ea44c9\" data-element_type=\"widget\" data-widget_type=\"heading.default\">\n\t\t\t\t<div class=\"elementor-widget-container\">\n\t\t\t\t\t<h2 class=\"elementor-heading-title elementor-size-default\">Erasmus in Italien<\/h2>\t\t\t\t<\/div>\n\t\t\t\t<\/div>\n\t\t\t\t\t<\/div>\n\t\t<\/div>\n\t\t\t\t\t<\/div>\n\t\t<\/section>\n\t\t\t\t<section class=\"elementor-section elementor-top-section elementor-element elementor-element-5134ec79 elementor-section-full_width elementor-section-height-default elementor-section-height-default\" data-id=\"5134ec79\" data-element_type=\"section\">\n\t\t\t\t\t\t<div class=\"elementor-container elementor-column-gap-default\">\n\t\t\t\t\t<div class=\"elementor-column elementor-col-100 elementor-top-column elementor-element elementor-element-31b729bf\" data-id=\"31b729bf\" data-element_type=\"column\">\n\t\t\t<div class=\"elementor-widget-wrap elementor-element-populated\">\n\t\t\t\t\t\t<div class=\"elementor-element elementor-element-37392de3 elementor-widget elementor-widget-image\" data-id=\"37392de3\" data-element_type=\"widget\" data-widget_type=\"image.default\">\n\t\t\t\t<div class=\"elementor-widget-container\">\n\t\t\t\t\t\t\t\t\t\t\t\t\t\t\t<img fetchpriority=\"high\" decoding=\"async\" width=\"1800\" height=\"666\" src=\"https:\/\/denkmalpflege.tuwien.ac.at\/wp-content\/uploads\/2020\/01\/Erasmus_Banner_2020.jpg\" class=\"attachment-full size-full wp-image-17168\" alt=\"\" \/>\t\t\t\t\t\t\t\t\t\t\t\t\t\t\t<\/div>\n\t\t\t\t<\/div>\n\t\t\t\t\t<\/div>\n\t\t<\/div>\n\t\t\t\t\t<\/div>\n\t\t<\/section>\n\t\t\t\t<section class=\"elementor-section elementor-top-section elementor-element elementor-element-c61bcb2 elementor-section-full_width elementor-section-height-default elementor-section-height-default\" data-id=\"c61bcb2\" data-element_type=\"section\">\n\t\t\t\t\t\t<div class=\"elementor-container elementor-column-gap-default\">\n\t\t\t\t\t<div class=\"elementor-column elementor-col-50 elementor-top-column elementor-element elementor-element-305b86a\" data-id=\"305b86a\" data-element_type=\"column\">\n\t\t\t<div class=\"elementor-widget-wrap elementor-element-populated\">\n\t\t\t\t\t\t<div class=\"elementor-element elementor-element-ab7f76b elementor-widget elementor-widget-heading\" data-id=\"ab7f76b\" data-element_type=\"widget\" data-widget_type=\"heading.default\">\n\t\t\t\t<div class=\"elementor-widget-container\">\n\t\t\t\t\t<h2 class=\"elementor-heading-title elementor-size-default\">INCOMING MOBILITY OFFICE<\/h2>\t\t\t\t<\/div>\n\t\t\t\t<\/div>\n\t\t\t\t<div class=\"elementor-element elementor-element-887b702 elementor-widget elementor-widget-heading\" data-id=\"887b702\" data-element_type=\"widget\" data-widget_type=\"heading.default\">\n\t\t\t\t<div class=\"elementor-widget-container\">\n\t\t\t\t\t<h2 class=\"elementor-heading-title elementor-size-default\">POLITECNICO DI TORINO<\/h2>\t\t\t\t<\/div>\n\t\t\t\t<\/div>\n\t\t\t\t<div class=\"elementor-element elementor-element-ecccbb9 elementor-widget elementor-widget-text-editor\" data-id=\"ecccbb9\" data-element_type=\"widget\" data-widget_type=\"text-editor.default\">\n\t\t\t\t<div class=\"elementor-widget-container\">\n\t\t\t\t\t\t\t\t\t<p><a class=\"link link_blau\" href=\"http:\/\/international.polito.it\/\">Homepage<\/a><\/p>\t\t\t\t\t\t\t\t<\/div>\n\t\t\t\t<\/div>\n\t\t\t\t<div class=\"elementor-element elementor-element-983779f elementor-widget elementor-widget-heading\" data-id=\"983779f\" data-element_type=\"widget\" data-widget_type=\"heading.default\">\n\t\t\t\t<div class=\"elementor-widget-container\">\n\t\t\t\t\t<h2 class=\"elementor-heading-title elementor-size-default\">TISS<\/h2>\t\t\t\t<\/div>\n\t\t\t\t<\/div>\n\t\t\t\t<div class=\"elementor-element elementor-element-183ab4d elementor-widget elementor-widget-text-editor\" data-id=\"183ab4d\" data-element_type=\"widget\" data-widget_type=\"text-editor.default\">\n\t\t\t\t<div class=\"elementor-widget-container\">\n\t\t\t\t\t\t\t\t\t<p><a class=\"link link_blau\" href=\"https:\/\/tiss.tuwien.ac.at\/mobility\/outgoingApplication.xhtml?windowId=adc\">Mobility Services: Erasmus<\/a><\/p><p><a href=\"https:\/\/www.tuwien.at\/studium\/international\/studieren-im-ausland\/mobilitaetsprogramme\/europa\/erasmus-studium\/\">International Office<\/a><\/p>\t\t\t\t\t\t\t\t<\/div>\n\t\t\t\t<\/div>\n\t\t\t\t\t<\/div>\n\t\t<\/div>\n\t\t\t\t<div class=\"elementor-column elementor-col-50 elementor-top-column elementor-element elementor-element-36c55f6\" data-id=\"36c55f6\" data-element_type=\"column\">\n\t\t\t<div class=\"elementor-widget-wrap elementor-element-populated\">\n\t\t\t\t\t\t<div class=\"elementor-element elementor-element-2415781 elementor-widget elementor-widget-heading\" data-id=\"2415781\" data-element_type=\"widget\" data-widget_type=\"heading.default\">\n\t\t\t\t<div class=\"elementor-widget-container\">\n\t\t\t\t\t<h2 class=\"elementor-heading-title elementor-size-default\">ERASMUS IN ITALIEN<\/h2>\t\t\t\t<\/div>\n\t\t\t\t<\/div>\n\t\t\t\t<div class=\"elementor-element elementor-element-fad051d elementor-widget elementor-widget-heading\" data-id=\"fad051d\" data-element_type=\"widget\" data-widget_type=\"heading.default\">\n\t\t\t\t<div class=\"elementor-widget-container\">\n\t\t\t\t\t<h2 class=\"elementor-heading-title elementor-size-default\">POLITECNICO DI TORINO<\/h2>\t\t\t\t<\/div>\n\t\t\t\t<\/div>\n\t\t\t\t<div class=\"elementor-element elementor-element-3a1e51c elementor-widget elementor-widget-text-editor\" data-id=\"3a1e51c\" data-element_type=\"widget\" data-widget_type=\"text-editor.default\">\n\t\t\t\t<div class=\"elementor-widget-container\">\n\t\t\t\t\t\t\t\t\t<p>Eine Bewerbung f\u00fcr Pl\u00e4tze im Wintersemester ist in Februar\/M\u00e4rz m\u00f6glich. F\u00fcr Restpl\u00e4tze im Sommersemester k\u00f6nnen Sie sich zwischen\u00a0 Juli und Oktober bewerben. Bei Fragen zur Bewerbung wenden Sie sich an <a href=\"mailto:birgit.knauer@tuwien.ac.at\"><strong>MMag. Dr.\u00a0<\/strong><\/a><strong>Birgit Knauer<\/strong>. Allgemeine Informationen zum ERASMUS-Programm und zu den Bewerbungsmodalit\u00e4ten finden Sie auf der Internetseite des <a href=\"https:\/\/www.tuwien.at\/studium\/international\/studieren-im-ausland\/mobilitaetsprogramme\/europa\/erasmus-studium\/\">International-Office<\/a>. Die Bewerbung erfolgt \u00fcber das TISS (Mobility Services: Erasmus).\u200b<\/p><p>Angeboten wird auch ein Master of Science in Architecture for Heritage preservation and enhancement (Corso di Laurea Magistrale in Architettura per il restauro e valorizzazione del patrimonio), Unterrichtssprache ist wahlweise Englisch oder Italienisch.<\/p><p><a href=\"https:\/\/didattica.polito.it\/laurea_magistrale\/architettura_restauro\/it\/presentazione\">+ Beschreibung<\/a><br \/><a href=\"https:\/\/didattica.polito.it\/laurea_magistrale\/architettura_restauro\/it\/video_presentazione\">+ Videopr\u00e4sentation<\/a><br \/><a href=\"https:\/\/didattica.polito.it\/pls\/portal30\/sviluppo.offerta_formativa_2019.vis?p_coorte=2021&amp;p_sdu=82&amp;p_cds=12\">+ Studienplan<\/a><br \/><a href=\"https:\/\/www.tuwien.at\/fileadmin\/Assets\/dienstleister\/international_office\/out_sonstiges\/og_20170220_de.pdf\">+ Leitfaden f\u00fcr Outgoings<\/a><\/p>\t\t\t\t\t\t\t\t<\/div>\n\t\t\t\t<\/div>\n\t\t\t\t\t<\/div>\n\t\t<\/div>\n\t\t\t\t\t<\/div>\n\t\t<\/section>\n\t\t\t\t<\/div>\n\t\t","protected":false},"excerpt":{"rendered":"<p>Erasmus in Italien INCOMING MOBILITY OFFICE POLITECNICO DI TORINO Homepage TISS Mobility Services: Erasmus International Office ERASMUS IN ITALIEN POLITECNICO DI TORINO Eine Bewerbung f\u00fcr Pl\u00e4tze im Wintersemester ist in Februar\/M\u00e4rz m\u00f6glich. F\u00fcr Restpl\u00e4tze im Sommersemester k\u00f6nnen Sie sich zwischen\u00a0 Juli und Oktober bewerben. Bei Fragen zur Bewerbung wenden Sie sich an MMag. Dr.\u00a0Birgit Knauer. Allgemeine Informationen zum ERASMUS-Programm und zu den Bewerbungsmodalit\u00e4ten finden Sie auf der Internetseite des International-Office.<\/p>\n<div class=\"belowpost\"><a class=\"btnmore icon-arrow\" href=\"https:\/\/denkmalpflege.tuwien.ac.at\/index.php\/erasmus\/\"><span>Read More<\/span><\/a><\/div>\n","protected":false},"author":1,"featured_media":0,"parent":0,"menu_order":3,"comment_status":"open","ping_status":"open","template":"","meta":{"footnotes":""},"class_list":["post-5139","page","type-page","status-publish","hentry"],"yoast_head":"<!-- This site is optimized with the Yoast SEO plugin v26.0 - https:\/\/yoast.com\/wordpress\/plugins\/seo\/ -->\n<title>Erasmus - Denkmalpflege und Bauen im Bestand<\/title>\n<meta name=\"robots\" content=\"index, follow, max-snippet:-1, max-image-preview:large, max-video-preview:-1\" \/>\n<link rel=\"canonical\" href=\"https:\/\/denkmalpflege.tuwien.ac.at\/index.php\/erasmus\/\" \/>\n<meta property=\"og:locale\" content=\"de_DE\" \/>\n<meta property=\"og:type\" content=\"article\" \/>\n<meta property=\"og:title\" content=\"Erasmus - Denkmalpflege und Bauen im Bestand\" \/>\n<meta property=\"og:description\" content=\"Erasmus in Italien INCOMING MOBILITY OFFICE POLITECNICO DI TORINO Homepage TISS Mobility Services: Erasmus International Office ERASMUS IN ITALIEN POLITECNICO DI TORINO Eine Bewerbung f\u00fcr Pl\u00e4tze im Wintersemester ist in Februar\/M\u00e4rz m\u00f6glich. F\u00fcr Restpl\u00e4tze im Sommersemester k\u00f6nnen Sie sich zwischen\u00a0 Juli und Oktober bewerben. Bei Fragen zur Bewerbung wenden Sie sich an MMag. Dr.\u00a0Birgit Knauer. Allgemeine Informationen zum ERASMUS-Programm und zu den Bewerbungsmodalit\u00e4ten finden Sie auf der Internetseite des International-Office.Read More\" \/>\n<meta property=\"og:url\" content=\"https:\/\/denkmalpflege.tuwien.ac.at\/index.php\/erasmus\/\" \/>\n<meta property=\"og:site_name\" content=\"Denkmalpflege und Bauen im Bestand\" \/>\n<meta property=\"article:modified_time\" content=\"2025-10-29T12:47:57+00:00\" \/>\n<meta property=\"og:image\" content=\"https:\/\/denkmalpflege.tuwien.ac.at\/wp-content\/uploads\/2020\/01\/Erasmus_Banner_2020.jpg\" \/>\n\t<meta property=\"og:image:width\" content=\"1800\" \/>\n\t<meta property=\"og:image:height\" content=\"666\" \/>\n\t<meta property=\"og:image:type\" content=\"image\/jpeg\" \/>\n<meta name=\"twitter:card\" content=\"summary_large_image\" \/>\n<meta name=\"twitter:label1\" content=\"Gesch\u00e4tzte Lesezeit\" \/>\n\t<meta name=\"twitter:data1\" content=\"1\u00a0Minute\" \/>\n<script type=\"application\/ld+json\" class=\"yoast-schema-graph\">{\"@context\":\"https:\/\/schema.org\",\"@graph\":[{\"@type\":\"WebPage\",\"@id\":\"https:\/\/denkmalpflege.tuwien.ac.at\/index.php\/erasmus\/\",\"url\":\"https:\/\/denkmalpflege.tuwien.ac.at\/index.php\/erasmus\/\",\"name\":\"Erasmus - Denkmalpflege und Bauen im Bestand\",\"isPartOf\":{\"@id\":\"https:\/\/denkmalpflege.tuwien.ac.at\/#website\"},\"primaryImageOfPage\":{\"@id\":\"https:\/\/denkmalpflege.tuwien.ac.at\/index.php\/erasmus\/#primaryimage\"},\"image\":{\"@id\":\"https:\/\/denkmalpflege.tuwien.ac.at\/index.php\/erasmus\/#primaryimage\"},\"thumbnailUrl\":\"http:\/\/denkmalpflege.tuwien.ac.at\/wp-content\/uploads\/2020\/01\/Erasmus_Banner_2020.jpg\",\"datePublished\":\"2014-03-07T19:18:59+00:00\",\"dateModified\":\"2025-10-29T12:47:57+00:00\",\"breadcrumb\":{\"@id\":\"https:\/\/denkmalpflege.tuwien.ac.at\/index.php\/erasmus\/#breadcrumb\"},\"inLanguage\":\"de\",\"potentialAction\":[{\"@type\":\"ReadAction\",\"target\":[\"https:\/\/denkmalpflege.tuwien.ac.at\/index.php\/erasmus\/\"]}]},{\"@type\":\"ImageObject\",\"inLanguage\":\"de\",\"@id\":\"https:\/\/denkmalpflege.tuwien.ac.at\/index.php\/erasmus\/#primaryimage\",\"url\":\"https:\/\/denkmalpflege.tuwien.ac.at\/wp-content\/uploads\/2020\/01\/Erasmus_Banner_2020.jpg\",\"contentUrl\":\"https:\/\/denkmalpflege.tuwien.ac.at\/wp-content\/uploads\/2020\/01\/Erasmus_Banner_2020.jpg\",\"width\":1800,\"height\":666},{\"@type\":\"BreadcrumbList\",\"@id\":\"https:\/\/denkmalpflege.tuwien.ac.at\/index.php\/erasmus\/#breadcrumb\",\"itemListElement\":[{\"@type\":\"ListItem\",\"position\":1,\"name\":\"Startseite\",\"item\":\"https:\/\/denkmalpflege.tuwien.ac.at\/\"},{\"@type\":\"ListItem\",\"position\":2,\"name\":\"Erasmus\"}]},{\"@type\":\"WebSite\",\"@id\":\"https:\/\/denkmalpflege.tuwien.ac.at\/#website\",\"url\":\"https:\/\/denkmalpflege.tuwien.ac.at\/\",\"name\":\"Denkmalpflege und Bauen im Bestand\",\"description\":\"Denkmalpflege TU Wien\",\"publisher\":{\"@id\":\"https:\/\/denkmalpflege.tuwien.ac.at\/#organization\"},\"potentialAction\":[{\"@type\":\"SearchAction\",\"target\":{\"@type\":\"EntryPoint\",\"urlTemplate\":\"https:\/\/denkmalpflege.tuwien.ac.at\/?s={search_term_string}\"},\"query-input\":{\"@type\":\"PropertyValueSpecification\",\"valueRequired\":true,\"valueName\":\"search_term_string\"}}],\"inLanguage\":\"de\"},{\"@type\":\"Organization\",\"@id\":\"https:\/\/denkmalpflege.tuwien.ac.at\/#organization\",\"name\":\"TU Wien Denkmalpflege und Bauen im Bestand\",\"url\":\"https:\/\/denkmalpflege.tuwien.ac.at\/\",\"logo\":{\"@type\":\"ImageObject\",\"inLanguage\":\"de\",\"@id\":\"https:\/\/denkmalpflege.tuwien.ac.at\/#\/schema\/logo\/image\/\",\"url\":\"https:\/\/denkmalpflege.tuwien.ac.at\/wp-content\/uploads\/2019\/10\/Logo1.png\",\"contentUrl\":\"https:\/\/denkmalpflege.tuwien.ac.at\/wp-content\/uploads\/2019\/10\/Logo1.png\",\"width\":222,\"height\":79,\"caption\":\"TU Wien Denkmalpflege und Bauen im Bestand\"},\"image\":{\"@id\":\"https:\/\/denkmalpflege.tuwien.ac.at\/#\/schema\/logo\/image\/\"}}]}<\/script>\n<!-- \/ Yoast SEO plugin. -->","yoast_head_json":{"title":"Erasmus - Denkmalpflege und Bauen im Bestand","robots":{"index":"index","follow":"follow","max-snippet":"max-snippet:-1","max-image-preview":"max-image-preview:large","max-video-preview":"max-video-preview:-1"},"canonical":"https:\/\/denkmalpflege.tuwien.ac.at\/index.php\/erasmus\/","og_locale":"de_DE","og_type":"article","og_title":"Erasmus - Denkmalpflege und Bauen im Bestand","og_description":"Erasmus in Italien INCOMING MOBILITY OFFICE POLITECNICO DI TORINO Homepage TISS Mobility Services: Erasmus International Office ERASMUS IN ITALIEN POLITECNICO DI TORINO Eine Bewerbung f\u00fcr Pl\u00e4tze im Wintersemester ist in Februar\/M\u00e4rz m\u00f6glich. F\u00fcr Restpl\u00e4tze im Sommersemester k\u00f6nnen Sie sich zwischen\u00a0 Juli und Oktober bewerben. Bei Fragen zur Bewerbung wenden Sie sich an MMag. Dr.\u00a0Birgit Knauer. Allgemeine Informationen zum ERASMUS-Programm und zu den Bewerbungsmodalit\u00e4ten finden Sie auf der Internetseite des International-Office.Read More","og_url":"https:\/\/denkmalpflege.tuwien.ac.at\/index.php\/erasmus\/","og_site_name":"Denkmalpflege und Bauen im Bestand","article_modified_time":"2025-10-29T12:47:57+00:00","og_image":[{"width":1800,"height":666,"url":"https:\/\/denkmalpflege.tuwien.ac.at\/wp-content\/uploads\/2020\/01\/Erasmus_Banner_2020.jpg","type":"image\/jpeg"}],"twitter_card":"summary_large_image","twitter_misc":{"Gesch\u00e4tzte Lesezeit":"1\u00a0Minute"},"schema":{"@context":"https:\/\/schema.org","@graph":[{"@type":"WebPage","@id":"https:\/\/denkmalpflege.tuwien.ac.at\/index.php\/erasmus\/","url":"https:\/\/denkmalpflege.tuwien.ac.at\/index.php\/erasmus\/","name":"Erasmus - Denkmalpflege und Bauen im Bestand","isPartOf":{"@id":"https:\/\/denkmalpflege.tuwien.ac.at\/#website"},"primaryImageOfPage":{"@id":"https:\/\/denkmalpflege.tuwien.ac.at\/index.php\/erasmus\/#primaryimage"},"image":{"@id":"https:\/\/denkmalpflege.tuwien.ac.at\/index.php\/erasmus\/#primaryimage"},"thumbnailUrl":"http:\/\/denkmalpflege.tuwien.ac.at\/wp-content\/uploads\/2020\/01\/Erasmus_Banner_2020.jpg","datePublished":"2014-03-07T19:18:59+00:00","dateModified":"2025-10-29T12:47:57+00:00","breadcrumb":{"@id":"https:\/\/denkmalpflege.tuwien.ac.at\/index.php\/erasmus\/#breadcrumb"},"inLanguage":"de","potentialAction":[{"@type":"ReadAction","target":["https:\/\/denkmalpflege.tuwien.ac.at\/index.php\/erasmus\/"]}]},{"@type":"ImageObject","inLanguage":"de","@id":"https:\/\/denkmalpflege.tuwien.ac.at\/index.php\/erasmus\/#primaryimage","url":"https:\/\/denkmalpflege.tuwien.ac.at\/wp-content\/uploads\/2020\/01\/Erasmus_Banner_2020.jpg","contentUrl":"https:\/\/denkmalpflege.tuwien.ac.at\/wp-content\/uploads\/2020\/01\/Erasmus_Banner_2020.jpg","width":1800,"height":666},{"@type":"BreadcrumbList","@id":"https:\/\/denkmalpflege.tuwien.ac.at\/index.php\/erasmus\/#breadcrumb","itemListElement":[{"@type":"ListItem","position":1,"name":"Startseite","item":"https:\/\/denkmalpflege.tuwien.ac.at\/"},{"@type":"ListItem","position":2,"name":"Erasmus"}]},{"@type":"WebSite","@id":"https:\/\/denkmalpflege.tuwien.ac.at\/#website","url":"https:\/\/denkmalpflege.tuwien.ac.at\/","name":"Denkmalpflege und Bauen im Bestand","description":"Denkmalpflege TU Wien","publisher":{"@id":"https:\/\/denkmalpflege.tuwien.ac.at\/#organization"},"potentialAction":[{"@type":"SearchAction","target":{"@type":"EntryPoint","urlTemplate":"https:\/\/denkmalpflege.tuwien.ac.at\/?s={search_term_string}"},"query-input":{"@type":"PropertyValueSpecification","valueRequired":true,"valueName":"search_term_string"}}],"inLanguage":"de"},{"@type":"Organization","@id":"https:\/\/denkmalpflege.tuwien.ac.at\/#organization","name":"TU Wien Denkmalpflege und Bauen im Bestand","url":"https:\/\/denkmalpflege.tuwien.ac.at\/","logo":{"@type":"ImageObject","inLanguage":"de","@id":"https:\/\/denkmalpflege.tuwien.ac.at\/#\/schema\/logo\/image\/","url":"https:\/\/denkmalpflege.tuwien.ac.at\/wp-content\/uploads\/2019\/10\/Logo1.png","contentUrl":"https:\/\/denkmalpflege.tuwien.ac.at\/wp-content\/uploads\/2019\/10\/Logo1.png","width":222,"height":79,"caption":"TU Wien Denkmalpflege und Bauen im Bestand"},"image":{"@id":"https:\/\/denkmalpflege.tuwien.ac.at\/#\/schema\/logo\/image\/"}}]}},"_links":{"self":[{"href":"https:\/\/denkmalpflege.tuwien.ac.at\/index.php\/wp-json\/wp\/v2\/pages\/5139","targetHints":{"allow":["GET"]}}],"collection":[{"href":"https:\/\/denkmalpflege.tuwien.ac.at\/index.php\/wp-json\/wp\/v2\/pages"}],"about":[{"href":"https:\/\/denkmalpflege.tuwien.ac.at\/index.php\/wp-json\/wp\/v2\/types\/page"}],"author":[{"embeddable":true,"href":"https:\/\/denkmalpflege.tuwien.ac.at\/index.php\/wp-json\/wp\/v2\/users\/1"}],"replies":[{"embeddable":true,"href":"https:\/\/denkmalpflege.tuwien.ac.at\/index.php\/wp-json\/wp\/v2\/comments?post=5139"}],"version-history":[{"count":95,"href":"https:\/\/denkmalpflege.tuwien.ac.at\/index.php\/wp-json\/wp\/v2\/pages\/5139\/revisions"}],"predecessor-version":[{"id":34960,"href":"https:\/\/denkmalpflege.tuwien.ac.at\/index.php\/wp-json\/wp\/v2\/pages\/5139\/revisions\/34960"}],"wp:attachment":[{"href":"https:\/\/denkmalpflege.tuwien.ac.at\/index.php\/wp-json\/wp\/v2\/media?parent=5139"}],"curies":[{"name":"wp","href":"https:\/\/api.w.org\/{rel}","templated":true}]}}