{"id":3998,"date":"2013-02-11T13:45:54","date_gmt":"2013-02-11T12:45:54","guid":{"rendered":"http:\/\/denkmalpflege1.e251.tuwien.ac.at\/?page_id=3998"},"modified":"2020-01-08T13:08:28","modified_gmt":"2020-01-08T12:08:28","slug":"untersuchungsmethoden-der-denkmalpflege","status":"publish","type":"page","link":"https:\/\/denkmalpflege.tuwien.ac.at\/index.php\/untersuchungsmethoden-der-denkmalpflege\/","title":{"rendered":"Untersuchungsmethoden der Denkmalpflege"},"content":{"rendered":"\t\t<div data-elementor-type=\"wp-page\" data-elementor-id=\"3998\" class=\"elementor elementor-3998\" data-elementor-post-type=\"page\">\n\t\t\t\t\t\t<section class=\"elementor-section elementor-top-section elementor-element elementor-element-5e284953 elementor-section-full_width elementor-section-height-default elementor-section-height-default\" data-id=\"5e284953\" data-element_type=\"section\">\n\t\t\t\t\t\t<div class=\"elementor-container elementor-column-gap-default\">\n\t\t\t\t\t<div class=\"elementor-column elementor-col-50 elementor-top-column elementor-element elementor-element-4224ef5\" data-id=\"4224ef5\" data-element_type=\"column\">\n\t\t\t<div class=\"elementor-widget-wrap elementor-element-populated\">\n\t\t\t\t\t\t<div class=\"elementor-element elementor-element-5f635dec elementor-widget elementor-widget-heading\" data-id=\"5f635dec\" data-element_type=\"widget\" data-widget_type=\"heading.default\">\n\t\t\t\t<div class=\"elementor-widget-container\">\n\t\t\t\t\t<h2 class=\"elementor-heading-title elementor-size-default\">LVA SS 2019<\/h2>\t\t\t\t<\/div>\n\t\t\t\t<\/div>\n\t\t\t\t<div class=\"elementor-element elementor-element-15a0b5a3 trennlinie elementor-widget-divider--view-line elementor-widget elementor-widget-divider\" data-id=\"15a0b5a3\" data-element_type=\"widget\" data-widget_type=\"divider.default\">\n\t\t\t\t<div class=\"elementor-widget-container\">\n\t\t\t\t\t\t\t<div class=\"elementor-divider\">\n\t\t\t<span class=\"elementor-divider-separator\">\n\t\t\t\t\t\t<\/span>\n\t\t<\/div>\n\t\t\t\t\t\t<\/div>\n\t\t\t\t<\/div>\n\t\t\t\t\t<\/div>\n\t\t<\/div>\n\t\t\t\t<div class=\"elementor-column elementor-col-50 elementor-top-column elementor-element elementor-element-23ea0a8\" data-id=\"23ea0a8\" data-element_type=\"column\">\n\t\t\t<div class=\"elementor-widget-wrap elementor-element-populated\">\n\t\t\t\t\t\t<div class=\"elementor-element elementor-element-7bdc752c elementor-widget elementor-widget-heading\" data-id=\"7bdc752c\" data-element_type=\"widget\" data-widget_type=\"heading.default\">\n\t\t\t\t<div class=\"elementor-widget-container\">\n\t\t\t\t\t<h2 class=\"elementor-heading-title elementor-size-default\">251.705 <span style=\"float: right\"> 1,5 h (1,5 ECTS)<\/span><\/h2>\t\t\t\t<\/div>\n\t\t\t\t<\/div>\n\t\t\t\t<div class=\"elementor-element elementor-element-40c9cad4 trennlinie elementor-widget-divider--view-line elementor-widget elementor-widget-divider\" data-id=\"40c9cad4\" data-element_type=\"widget\" data-widget_type=\"divider.default\">\n\t\t\t\t<div class=\"elementor-widget-container\">\n\t\t\t\t\t\t\t<div class=\"elementor-divider\">\n\t\t\t<span class=\"elementor-divider-separator\">\n\t\t\t\t\t\t<\/span>\n\t\t<\/div>\n\t\t\t\t\t\t<\/div>\n\t\t\t\t<\/div>\n\t\t\t\t\t<\/div>\n\t\t<\/div>\n\t\t\t\t\t<\/div>\n\t\t<\/section>\n\t\t\t\t<section class=\"elementor-section elementor-top-section elementor-element elementor-element-33b7282a elementor-section-full_width elementor-section-height-default elementor-section-height-default\" data-id=\"33b7282a\" data-element_type=\"section\">\n\t\t\t\t\t\t<div class=\"elementor-container elementor-column-gap-default\">\n\t\t\t\t\t<div class=\"elementor-column elementor-col-50 elementor-top-column elementor-element elementor-element-3c553997\" data-id=\"3c553997\" data-element_type=\"column\">\n\t\t\t<div class=\"elementor-widget-wrap elementor-element-populated\">\n\t\t\t\t\t\t<div class=\"elementor-element elementor-element-66a59693 lva_menu elementor-widget elementor-widget-wp-widget-nav_menu\" data-id=\"66a59693\" data-element_type=\"widget\" data-widget_type=\"wp-widget-nav_menu.default\">\n\t\t\t\t<div class=\"elementor-widget-container\">\n\t\t\t\t\t<div class=\"menu-lva_ss19-container\"><ul id=\"menu-lva_ss19\" class=\"menu\"><li id=\"menu-item-17733\" class=\"menu-item menu-item-type-post_type menu-item-object-page menu-item-17733\"><a href=\"https:\/\/denkmalpflege.tuwien.ac.at\/index.php\/lehre-2\/sommersemester-19\/florenz-ss19\/\">Gro\u00dfes Entwerfen <\/br> Florenz Nel Tessuto<\/a><\/li>\n<li id=\"menu-item-17734\" class=\"menu-item menu-item-type-post_type menu-item-object-page menu-item-17734\"><a href=\"https:\/\/denkmalpflege.tuwien.ac.at\/index.php\/lehre-2\/timisoara-ss19\/\">Gro\u00dfes Entwerfen <\/br>Timisoara Tabakfabrik<\/a><\/li>\n<li id=\"menu-item-17735\" class=\"menu-item menu-item-type-post_type menu-item-object-page menu-item-17735\"><a href=\"https:\/\/denkmalpflege.tuwien.ac.at\/index.php\/lehre-2\/modul-ss19\/\">Modul <\/br> Denkmalpflege &#038; Ma\u00dfnahmen am Denkmal<\/a><\/li>\n<li id=\"menu-item-17736\" class=\"menu-item menu-item-type-post_type menu-item-object-page menu-item-17736\"><a href=\"https:\/\/denkmalpflege.tuwien.ac.at\/index.php\/lehre-2\/sommersemester-19\/wahlsem-bda-ss19\/\">Wahlseminar <\/br>&#8230;und das soll ein Denkmal sein?<\/a><\/li>\n<li id=\"menu-item-17737\" class=\"menu-item menu-item-type-post_type menu-item-object-page menu-item-17737\"><a href=\"https:\/\/denkmalpflege.tuwien.ac.at\/index.php\/wahlsemstadtbild\/\">Wahlseminar <\/br>Stadtbild &#038; Schutzzonen<\/a><\/li>\n<li id=\"menu-item-17738\" class=\"menu-item menu-item-type-post_type menu-item-object-page menu-item-17738\"><a href=\"https:\/\/denkmalpflege.tuwien.ac.at\/index.php\/denkmalpflege-und-bausanierung\/\">\u00dcbung <\/br>Denkmalpflege und Bausanierung<\/a><\/li>\n<li id=\"menu-item-17739\" class=\"menu-item menu-item-type-post_type menu-item-object-page menu-item-17739\"><a href=\"https:\/\/denkmalpflege.tuwien.ac.at\/index.php\/lehre-2\/lva-sommersemester-2021\/anleitung-wissenschaftlichen-arbeiten\/\">Seminar <\/br>Anleitung zum <\/br>wissenschaftlichen Arbeiten<\/a><\/li>\n<li id=\"menu-item-17740\" class=\"menu-item menu-item-type-post_type menu-item-object-page menu-item-17740\"><a href=\"https:\/\/denkmalpflege.tuwien.ac.at\/index.php\/diplomanden-und-dissertantenseminar\/\">Seminar <\/br>Diplomanden- und <\/br>Dissertantenseminar<\/a><\/li>\n<\/ul><\/div>\t\t\t\t<\/div>\n\t\t\t\t<\/div>\n\t\t\t\t\t<\/div>\n\t\t<\/div>\n\t\t\t\t<div class=\"elementor-column elementor-col-50 elementor-top-column elementor-element elementor-element-32d2f676\" data-id=\"32d2f676\" data-element_type=\"column\">\n\t\t\t<div class=\"elementor-widget-wrap elementor-element-populated\">\n\t\t\t\t\t\t<div class=\"elementor-element elementor-element-2ca73734 elementor-widget elementor-widget-text-editor\" data-id=\"2ca73734\" data-element_type=\"widget\" data-widget_type=\"text-editor.default\">\n\t\t\t\t<div class=\"elementor-widget-container\">\n\t\t\t\t\t\t\t\t\t<h1 class=\"lva_h1\">Untersuchungsmethoden der Denkmalpflege<\/h1>\t\t\t\t\t\t\t\t<\/div>\n\t\t\t\t<\/div>\n\t\t\t\t<div class=\"elementor-element elementor-element-334ebf85 lva_img elementor-widget elementor-widget-image\" data-id=\"334ebf85\" data-element_type=\"widget\" data-widget_type=\"image.default\">\n\t\t\t\t<div class=\"elementor-widget-container\">\n\t\t\t\t\t\t\t\t\t\t\t\t\t\t\t<img fetchpriority=\"high\" decoding=\"async\" width=\"4000\" height=\"2664\" src=\"https:\/\/denkmalpflege.tuwien.ac.at\/wp-content\/uploads\/2020\/01\/Modul-SS19.jpg\" class=\"attachment-full size-full wp-image-17752\" alt=\"\" \/>\t\t\t\t\t\t\t\t\t\t\t\t\t\t\t<\/div>\n\t\t\t\t<\/div>\n\t\t\t\t<div class=\"elementor-element elementor-element-7fd79de3 elementor-widget elementor-widget-text-editor\" data-id=\"7fd79de3\" data-element_type=\"widget\" data-widget_type=\"text-editor.default\">\n\t\t\t\t<div class=\"elementor-widget-container\">\n\t\t\t\t\t\t\t\t\t<p class=\"akt\">Modul Denkmalpflege &amp; Ma\u00dfnahmen der Denkmalpflege<\/p>\t\t\t\t\t\t\t\t<\/div>\n\t\t\t\t<\/div>\n\t\t\t\t<div class=\"elementor-element elementor-element-36af2656 elementor-widget elementor-widget-text-editor\" data-id=\"36af2656\" data-element_type=\"widget\" data-widget_type=\"text-editor.default\">\n\t\t\t\t<div class=\"elementor-widget-container\">\n\t\t\t\t\t\t\t\t\t<h3 class=\"lva_h3 lva_leiter\"><strong>Robert LINKE, Farkas PINTER<\/strong><\/h3><h3 class=\"lva_h3 lva_leiter lva_h3_abstand\"><strong>Einf\u00fchrung<\/strong><\/h3><p class=\"lva_text\">Montag 4. M\u00e4rz 2019, 17:00 Uhr im Hs17<\/p><h3 class=\"lva_h3 lva_leiter lva_h3_abstand\"><strong>Termine<\/strong><\/h3><p class=\"lva_text\">Dienstag, 14:30-17:30 Uhr<br \/>12. M\u00e4rz &#8211; 30. April 2019 (ausgenommen Osterferien)<\/p><h3 class=\"lva_h3 lva_leiter lva_h3_abstand\"><strong>Anmeldung<\/strong><\/h3><p class=\"lva_text\">\u00dcber <a class=\"link\" href=\"https:\/\/tiss.tuwien.ac.at\/course\/courseDetails.xhtml?dswid=2142&amp;dsrid=107&amp;courseNr=251705&amp;semester=2019S\"> TISS<\/a><\/p><div class=\"mitarbeiter\"><p>Teilnehmerbeschr\u00e4nkung auf 30 Personen!<br \/>Anwesenheitspflicht!<\/p><p>Die Lehrveranstaltung ist Erg\u00e4nzungsfach des Moduls &#8222;Denkmalpflege und Ma\u00dfnahmen am Denkmal&#8220;.<\/p><p>Ort: Die Lehrveranstaltung findet im\u00a0<strong>Bundesdenkmalamt,<br \/>Abteilung Konservierung und Restaurierung\u00a0<\/strong><br \/><a href=\"https:\/\/maps.google.at\/maps?q=Arsenal+1030,+Wien,+objekt+15&amp;hl=de&amp;ie=UTF8&amp;ll=48.185388,16.391301&amp;spn=0.012489,0.033023&amp;sll=48.183491,16.393006&amp;sspn=0.01249,0.033023&amp;hnear=Arsenal+15,+Landstra%C3%9Fe+1030+Wien&amp;t=m&amp;z=16\">Arsenal, Objekt 15, Tor 4, 1030 Wien\u00a0<strong>statt!<\/strong><\/a><br \/>Tel.: 01\/798 21 46-35<\/p><\/div>\t\t\t\t\t\t\t\t<\/div>\n\t\t\t\t<\/div>\n\t\t\t\t<div class=\"elementor-element elementor-element-594009a elementor-widget-divider--view-line elementor-widget elementor-widget-divider\" data-id=\"594009a\" data-element_type=\"widget\" data-widget_type=\"divider.default\">\n\t\t\t\t<div class=\"elementor-widget-container\">\n\t\t\t\t\t\t\t<div class=\"elementor-divider\">\n\t\t\t<span class=\"elementor-divider-separator\">\n\t\t\t\t\t\t<\/span>\n\t\t<\/div>\n\t\t\t\t\t\t<\/div>\n\t\t\t\t<\/div>\n\t\t\t\t<div class=\"elementor-element elementor-element-31a570c2 elementor-widget elementor-widget-text-editor\" data-id=\"31a570c2\" data-element_type=\"widget\" data-widget_type=\"text-editor.default\">\n\t\t\t\t<div class=\"elementor-widget-container\">\n\t\t\t\t\t\t\t\t\t<h3 class=\"lva_h3 lva_leiter lva_h3_abstand\"><strong>Lernergebnisse<\/strong><\/h3><div class=\"mitarbeiter\"><p>Vermittlung von wissenschaftlichen Befundungsmethoden an Baudenkm\u00e4lern. Vermittlung von Grundkenntnissen der historischen Kunstwerke (vorwiegend Malerei und Skulptur aus verschiedenen Materialien und Zeiten) und ihre Erhaltungsmethoden.<\/p><\/div><h3 class=\"lva_h3 lva_leiter lva_h3_abstand\"><strong>Inhalt der Lehrveranstaltung<\/strong><\/h3><div>\u00dcberblick in die gro\u00dfe Bandbreite der Untersuchungsmethoden, derer sich die Denkmalpflege bedient.<\/div><div class=\"mitarbeiter\"><div>Befund, Dokumentation, Auswertung. Materialkunde und Technologie, Sch\u00e4den und ihre Ursachen, M\u00f6glichkeiten zur Konservierung \/ Restaurierung, vorbeugenden Konservierung.<\/div><\/div>\t\t\t\t\t\t\t\t<\/div>\n\t\t\t\t<\/div>\n\t\t\t\t<div class=\"elementor-element elementor-element-39ff2578 elementor-widget-divider--view-line elementor-widget elementor-widget-divider\" data-id=\"39ff2578\" data-element_type=\"widget\" data-widget_type=\"divider.default\">\n\t\t\t\t<div class=\"elementor-widget-container\">\n\t\t\t\t\t\t\t<div class=\"elementor-divider\">\n\t\t\t<span class=\"elementor-divider-separator\">\n\t\t\t\t\t\t<\/span>\n\t\t<\/div>\n\t\t\t\t\t\t<\/div>\n\t\t\t\t<\/div>\n\t\t\t\t<section class=\"elementor-section elementor-inner-section elementor-element elementor-element-260ff48d elementor-section-boxed elementor-section-height-default elementor-section-height-default\" data-id=\"260ff48d\" data-element_type=\"section\">\n\t\t\t\t\t\t<div class=\"elementor-container elementor-column-gap-default\">\n\t\t\t\t\t<div class=\"elementor-column elementor-col-50 elementor-inner-column elementor-element elementor-element-55706770\" data-id=\"55706770\" data-element_type=\"column\">\n\t\t\t<div class=\"elementor-widget-wrap elementor-element-populated\">\n\t\t\t\t\t\t<div class=\"elementor-element elementor-element-a302ce9 elementor-widget elementor-widget-text-editor\" data-id=\"a302ce9\" data-element_type=\"widget\" data-widget_type=\"text-editor.default\">\n\t\t\t\t<div class=\"elementor-widget-container\">\n\t\t\t\t\t\t\t\t\t<p class=\"lva_text\"><a class=\"link\" href=\"https:\/\/tiss.tuwien.ac.at\/course\/courseDetails.xhtml?dswid=2142&amp;dsrid=107&amp;courseNr=251705&amp;semester=2019S\">TISS<\/a>, <a class=\"link link_blau\" href=\"https:\/\/denkmalpflege.tuwien.ac.at\/index.php\/download-modul-denkmalpflege\/\">Vorlesungsunterlagen<\/a><\/p>\t\t\t\t\t\t\t\t<\/div>\n\t\t\t\t<\/div>\n\t\t\t\t\t<\/div>\n\t\t<\/div>\n\t\t\t\t<div class=\"elementor-column elementor-col-50 elementor-inner-column elementor-element elementor-element-59f1d6cf\" data-id=\"59f1d6cf\" data-element_type=\"column\">\n\t\t\t<div class=\"elementor-widget-wrap\">\n\t\t\t\t\t\t\t<\/div>\n\t\t<\/div>\n\t\t\t\t\t<\/div>\n\t\t<\/section>\n\t\t\t\t\t<\/div>\n\t\t<\/div>\n\t\t\t\t\t<\/div>\n\t\t<\/section>\n\t\t\t\t<\/div>\n\t\t","protected":false},"excerpt":{"rendered":"<p>LVA SS 2019 251.705 1,5 h (1,5 ECTS) Untersuchungsmethoden der Denkmalpflege Modul Denkmalpflege &amp; Ma\u00dfnahmen der Denkmalpflege Robert LINKE, Farkas PINTER Einf\u00fchrung Montag 4. M\u00e4rz 2019, 17:00 Uhr im Hs17 Termine Dienstag, 14:30-17:30 Uhr12. M\u00e4rz &#8211; 30. April 2019 (ausgenommen Osterferien) Anmeldung \u00dcber TISS Teilnehmerbeschr\u00e4nkung auf 30 Personen!Anwesenheitspflicht! Die Lehrveranstaltung ist Erg\u00e4nzungsfach des Moduls &#8222;Denkmalpflege und Ma\u00dfnahmen am Denkmal&#8220;. Ort: Die Lehrveranstaltung findet im\u00a0Bundesdenkmalamt,Abteilung Konservierung und Restaurierung\u00a0Arsenal, Objekt 15, Tor<\/p>\n<div class=\"belowpost\"><a class=\"btnmore icon-arrow\" href=\"https:\/\/denkmalpflege.tuwien.ac.at\/index.php\/untersuchungsmethoden-der-denkmalpflege\/\"><span>Read More<\/span><\/a><\/div>\n","protected":false},"author":1,"featured_media":0,"parent":0,"menu_order":0,"comment_status":"open","ping_status":"open","template":"","meta":{"footnotes":""},"class_list":["post-3998","page","type-page","status-publish","hentry"],"yoast_head":"<!-- This site is optimized with the Yoast SEO plugin v26.0 - https:\/\/yoast.com\/wordpress\/plugins\/seo\/ -->\n<title>Untersuchungsmethoden der Denkmalpflege - Denkmalpflege und Bauen im Bestand<\/title>\n<meta name=\"robots\" content=\"index, follow, max-snippet:-1, max-image-preview:large, max-video-preview:-1\" \/>\n<link rel=\"canonical\" href=\"https:\/\/denkmalpflege.tuwien.ac.at\/index.php\/untersuchungsmethoden-der-denkmalpflege\/\" \/>\n<meta property=\"og:locale\" content=\"de_DE\" \/>\n<meta property=\"og:type\" content=\"article\" \/>\n<meta property=\"og:title\" content=\"Untersuchungsmethoden der Denkmalpflege - Denkmalpflege und Bauen im Bestand\" \/>\n<meta property=\"og:description\" content=\"LVA SS 2019 251.705 1,5 h (1,5 ECTS) Untersuchungsmethoden der Denkmalpflege Modul Denkmalpflege &amp; Ma\u00dfnahmen der Denkmalpflege Robert LINKE, Farkas PINTER Einf\u00fchrung Montag 4. M\u00e4rz 2019, 17:00 Uhr im Hs17 Termine Dienstag, 14:30-17:30 Uhr12. M\u00e4rz &#8211; 30. April 2019 (ausgenommen Osterferien) Anmeldung \u00dcber TISS Teilnehmerbeschr\u00e4nkung auf 30 Personen!Anwesenheitspflicht! Die Lehrveranstaltung ist Erg\u00e4nzungsfach des Moduls &#8222;Denkmalpflege und Ma\u00dfnahmen am Denkmal&#8220;. Ort: Die Lehrveranstaltung findet im\u00a0Bundesdenkmalamt,Abteilung Konservierung und Restaurierung\u00a0Arsenal, Objekt 15, TorRead More\" \/>\n<meta property=\"og:url\" content=\"https:\/\/denkmalpflege.tuwien.ac.at\/index.php\/untersuchungsmethoden-der-denkmalpflege\/\" \/>\n<meta property=\"og:site_name\" content=\"Denkmalpflege und Bauen im Bestand\" \/>\n<meta property=\"article:modified_time\" content=\"2020-01-08T12:08:28+00:00\" \/>\n<meta property=\"og:image\" content=\"http:\/\/denkmalpflege.tuwien.ac.at\/wp-content\/uploads\/2020\/01\/Modul-SS19.jpg\" \/>\n<meta name=\"twitter:card\" content=\"summary_large_image\" \/>\n<meta name=\"twitter:label1\" content=\"Gesch\u00e4tzte Lesezeit\" \/>\n\t<meta name=\"twitter:data1\" content=\"1\u00a0Minute\" \/>\n<script type=\"application\/ld+json\" class=\"yoast-schema-graph\">{\"@context\":\"https:\/\/schema.org\",\"@graph\":[{\"@type\":\"WebPage\",\"@id\":\"https:\/\/denkmalpflege.tuwien.ac.at\/index.php\/untersuchungsmethoden-der-denkmalpflege\/\",\"url\":\"https:\/\/denkmalpflege.tuwien.ac.at\/index.php\/untersuchungsmethoden-der-denkmalpflege\/\",\"name\":\"Untersuchungsmethoden der Denkmalpflege - Denkmalpflege und Bauen im Bestand\",\"isPartOf\":{\"@id\":\"https:\/\/denkmalpflege.tuwien.ac.at\/#website\"},\"primaryImageOfPage\":{\"@id\":\"https:\/\/denkmalpflege.tuwien.ac.at\/index.php\/untersuchungsmethoden-der-denkmalpflege\/#primaryimage\"},\"image\":{\"@id\":\"https:\/\/denkmalpflege.tuwien.ac.at\/index.php\/untersuchungsmethoden-der-denkmalpflege\/#primaryimage\"},\"thumbnailUrl\":\"http:\/\/denkmalpflege.tuwien.ac.at\/wp-content\/uploads\/2020\/01\/Modul-SS19.jpg\",\"datePublished\":\"2013-02-11T12:45:54+00:00\",\"dateModified\":\"2020-01-08T12:08:28+00:00\",\"breadcrumb\":{\"@id\":\"https:\/\/denkmalpflege.tuwien.ac.at\/index.php\/untersuchungsmethoden-der-denkmalpflege\/#breadcrumb\"},\"inLanguage\":\"de\",\"potentialAction\":[{\"@type\":\"ReadAction\",\"target\":[\"https:\/\/denkmalpflege.tuwien.ac.at\/index.php\/untersuchungsmethoden-der-denkmalpflege\/\"]}]},{\"@type\":\"ImageObject\",\"inLanguage\":\"de\",\"@id\":\"https:\/\/denkmalpflege.tuwien.ac.at\/index.php\/untersuchungsmethoden-der-denkmalpflege\/#primaryimage\",\"url\":\"https:\/\/denkmalpflege.tuwien.ac.at\/wp-content\/uploads\/2020\/01\/Modul-SS19.jpg\",\"contentUrl\":\"https:\/\/denkmalpflege.tuwien.ac.at\/wp-content\/uploads\/2020\/01\/Modul-SS19.jpg\",\"width\":4000,\"height\":2664},{\"@type\":\"BreadcrumbList\",\"@id\":\"https:\/\/denkmalpflege.tuwien.ac.at\/index.php\/untersuchungsmethoden-der-denkmalpflege\/#breadcrumb\",\"itemListElement\":[{\"@type\":\"ListItem\",\"position\":1,\"name\":\"Startseite\",\"item\":\"https:\/\/denkmalpflege.tuwien.ac.at\/\"},{\"@type\":\"ListItem\",\"position\":2,\"name\":\"Untersuchungsmethoden der Denkmalpflege\"}]},{\"@type\":\"WebSite\",\"@id\":\"https:\/\/denkmalpflege.tuwien.ac.at\/#website\",\"url\":\"https:\/\/denkmalpflege.tuwien.ac.at\/\",\"name\":\"Denkmalpflege und Bauen im Bestand\",\"description\":\"Denkmalpflege TU Wien\",\"publisher\":{\"@id\":\"https:\/\/denkmalpflege.tuwien.ac.at\/#organization\"},\"potentialAction\":[{\"@type\":\"SearchAction\",\"target\":{\"@type\":\"EntryPoint\",\"urlTemplate\":\"https:\/\/denkmalpflege.tuwien.ac.at\/?s={search_term_string}\"},\"query-input\":{\"@type\":\"PropertyValueSpecification\",\"valueRequired\":true,\"valueName\":\"search_term_string\"}}],\"inLanguage\":\"de\"},{\"@type\":\"Organization\",\"@id\":\"https:\/\/denkmalpflege.tuwien.ac.at\/#organization\",\"name\":\"TU Wien Denkmalpflege und Bauen im Bestand\",\"url\":\"https:\/\/denkmalpflege.tuwien.ac.at\/\",\"logo\":{\"@type\":\"ImageObject\",\"inLanguage\":\"de\",\"@id\":\"https:\/\/denkmalpflege.tuwien.ac.at\/#\/schema\/logo\/image\/\",\"url\":\"https:\/\/denkmalpflege.tuwien.ac.at\/wp-content\/uploads\/2019\/10\/Logo1.png\",\"contentUrl\":\"https:\/\/denkmalpflege.tuwien.ac.at\/wp-content\/uploads\/2019\/10\/Logo1.png\",\"width\":222,\"height\":79,\"caption\":\"TU Wien Denkmalpflege und Bauen im Bestand\"},\"image\":{\"@id\":\"https:\/\/denkmalpflege.tuwien.ac.at\/#\/schema\/logo\/image\/\"}}]}<\/script>\n<!-- \/ Yoast SEO plugin. -->","yoast_head_json":{"title":"Untersuchungsmethoden der Denkmalpflege - Denkmalpflege und Bauen im Bestand","robots":{"index":"index","follow":"follow","max-snippet":"max-snippet:-1","max-image-preview":"max-image-preview:large","max-video-preview":"max-video-preview:-1"},"canonical":"https:\/\/denkmalpflege.tuwien.ac.at\/index.php\/untersuchungsmethoden-der-denkmalpflege\/","og_locale":"de_DE","og_type":"article","og_title":"Untersuchungsmethoden der Denkmalpflege - Denkmalpflege und Bauen im Bestand","og_description":"LVA SS 2019 251.705 1,5 h (1,5 ECTS) Untersuchungsmethoden der Denkmalpflege Modul Denkmalpflege &amp; Ma\u00dfnahmen der Denkmalpflege Robert LINKE, Farkas PINTER Einf\u00fchrung Montag 4. M\u00e4rz 2019, 17:00 Uhr im Hs17 Termine Dienstag, 14:30-17:30 Uhr12. M\u00e4rz &#8211; 30. April 2019 (ausgenommen Osterferien) Anmeldung \u00dcber TISS Teilnehmerbeschr\u00e4nkung auf 30 Personen!Anwesenheitspflicht! Die Lehrveranstaltung ist Erg\u00e4nzungsfach des Moduls &#8222;Denkmalpflege und Ma\u00dfnahmen am Denkmal&#8220;. Ort: Die Lehrveranstaltung findet im\u00a0Bundesdenkmalamt,Abteilung Konservierung und Restaurierung\u00a0Arsenal, Objekt 15, TorRead More","og_url":"https:\/\/denkmalpflege.tuwien.ac.at\/index.php\/untersuchungsmethoden-der-denkmalpflege\/","og_site_name":"Denkmalpflege und Bauen im Bestand","article_modified_time":"2020-01-08T12:08:28+00:00","og_image":[{"url":"http:\/\/denkmalpflege.tuwien.ac.at\/wp-content\/uploads\/2020\/01\/Modul-SS19.jpg","type":"","width":"","height":""}],"twitter_card":"summary_large_image","twitter_misc":{"Gesch\u00e4tzte Lesezeit":"1\u00a0Minute"},"schema":{"@context":"https:\/\/schema.org","@graph":[{"@type":"WebPage","@id":"https:\/\/denkmalpflege.tuwien.ac.at\/index.php\/untersuchungsmethoden-der-denkmalpflege\/","url":"https:\/\/denkmalpflege.tuwien.ac.at\/index.php\/untersuchungsmethoden-der-denkmalpflege\/","name":"Untersuchungsmethoden der Denkmalpflege - Denkmalpflege und Bauen im Bestand","isPartOf":{"@id":"https:\/\/denkmalpflege.tuwien.ac.at\/#website"},"primaryImageOfPage":{"@id":"https:\/\/denkmalpflege.tuwien.ac.at\/index.php\/untersuchungsmethoden-der-denkmalpflege\/#primaryimage"},"image":{"@id":"https:\/\/denkmalpflege.tuwien.ac.at\/index.php\/untersuchungsmethoden-der-denkmalpflege\/#primaryimage"},"thumbnailUrl":"http:\/\/denkmalpflege.tuwien.ac.at\/wp-content\/uploads\/2020\/01\/Modul-SS19.jpg","datePublished":"2013-02-11T12:45:54+00:00","dateModified":"2020-01-08T12:08:28+00:00","breadcrumb":{"@id":"https:\/\/denkmalpflege.tuwien.ac.at\/index.php\/untersuchungsmethoden-der-denkmalpflege\/#breadcrumb"},"inLanguage":"de","potentialAction":[{"@type":"ReadAction","target":["https:\/\/denkmalpflege.tuwien.ac.at\/index.php\/untersuchungsmethoden-der-denkmalpflege\/"]}]},{"@type":"ImageObject","inLanguage":"de","@id":"https:\/\/denkmalpflege.tuwien.ac.at\/index.php\/untersuchungsmethoden-der-denkmalpflege\/#primaryimage","url":"https:\/\/denkmalpflege.tuwien.ac.at\/wp-content\/uploads\/2020\/01\/Modul-SS19.jpg","contentUrl":"https:\/\/denkmalpflege.tuwien.ac.at\/wp-content\/uploads\/2020\/01\/Modul-SS19.jpg","width":4000,"height":2664},{"@type":"BreadcrumbList","@id":"https:\/\/denkmalpflege.tuwien.ac.at\/index.php\/untersuchungsmethoden-der-denkmalpflege\/#breadcrumb","itemListElement":[{"@type":"ListItem","position":1,"name":"Startseite","item":"https:\/\/denkmalpflege.tuwien.ac.at\/"},{"@type":"ListItem","position":2,"name":"Untersuchungsmethoden der Denkmalpflege"}]},{"@type":"WebSite","@id":"https:\/\/denkmalpflege.tuwien.ac.at\/#website","url":"https:\/\/denkmalpflege.tuwien.ac.at\/","name":"Denkmalpflege und Bauen im Bestand","description":"Denkmalpflege TU Wien","publisher":{"@id":"https:\/\/denkmalpflege.tuwien.ac.at\/#organization"},"potentialAction":[{"@type":"SearchAction","target":{"@type":"EntryPoint","urlTemplate":"https:\/\/denkmalpflege.tuwien.ac.at\/?s={search_term_string}"},"query-input":{"@type":"PropertyValueSpecification","valueRequired":true,"valueName":"search_term_string"}}],"inLanguage":"de"},{"@type":"Organization","@id":"https:\/\/denkmalpflege.tuwien.ac.at\/#organization","name":"TU Wien Denkmalpflege und Bauen im Bestand","url":"https:\/\/denkmalpflege.tuwien.ac.at\/","logo":{"@type":"ImageObject","inLanguage":"de","@id":"https:\/\/denkmalpflege.tuwien.ac.at\/#\/schema\/logo\/image\/","url":"https:\/\/denkmalpflege.tuwien.ac.at\/wp-content\/uploads\/2019\/10\/Logo1.png","contentUrl":"https:\/\/denkmalpflege.tuwien.ac.at\/wp-content\/uploads\/2019\/10\/Logo1.png","width":222,"height":79,"caption":"TU Wien Denkmalpflege und Bauen im Bestand"},"image":{"@id":"https:\/\/denkmalpflege.tuwien.ac.at\/#\/schema\/logo\/image\/"}}]}},"_links":{"self":[{"href":"https:\/\/denkmalpflege.tuwien.ac.at\/index.php\/wp-json\/wp\/v2\/pages\/3998","targetHints":{"allow":["GET"]}}],"collection":[{"href":"https:\/\/denkmalpflege.tuwien.ac.at\/index.php\/wp-json\/wp\/v2\/pages"}],"about":[{"href":"https:\/\/denkmalpflege.tuwien.ac.at\/index.php\/wp-json\/wp\/v2\/types\/page"}],"author":[{"embeddable":true,"href":"https:\/\/denkmalpflege.tuwien.ac.at\/index.php\/wp-json\/wp\/v2\/users\/1"}],"replies":[{"embeddable":true,"href":"https:\/\/denkmalpflege.tuwien.ac.at\/index.php\/wp-json\/wp\/v2\/comments?post=3998"}],"version-history":[{"count":92,"href":"https:\/\/denkmalpflege.tuwien.ac.at\/index.php\/wp-json\/wp\/v2\/pages\/3998\/revisions"}],"predecessor-version":[{"id":17783,"href":"https:\/\/denkmalpflege.tuwien.ac.at\/index.php\/wp-json\/wp\/v2\/pages\/3998\/revisions\/17783"}],"wp:attachment":[{"href":"https:\/\/denkmalpflege.tuwien.ac.at\/index.php\/wp-json\/wp\/v2\/media?parent=3998"}],"curies":[{"name":"wp","href":"https:\/\/api.w.org\/{rel}","templated":true}]}}