{"id":35846,"date":"2026-02-19T13:38:43","date_gmt":"2026-02-19T12:38:43","guid":{"rendered":"https:\/\/denkmalpflege.tuwien.ac.at\/?page_id=35846"},"modified":"2026-02-19T14:17:16","modified_gmt":"2026-02-19T13:17:16","slug":"spinnerei-gisingen","status":"publish","type":"page","link":"https:\/\/denkmalpflege.tuwien.ac.at\/index.php\/spinnerei-gisingen\/","title":{"rendered":"Spinnerei Gisingen"},"content":{"rendered":"\t\t<div data-elementor-type=\"wp-page\" data-elementor-id=\"35846\" class=\"elementor elementor-35846\" data-elementor-post-type=\"page\">\n\t\t\t\t\t\t<section class=\"elementor-section elementor-top-section elementor-element elementor-element-2c37d88 elementor-section-full_width elementor-section-height-default elementor-section-height-default\" data-id=\"2c37d88\" data-element_type=\"section\">\n\t\t\t\t\t\t<div class=\"elementor-container elementor-column-gap-default\">\n\t\t\t\t\t<div class=\"elementor-column elementor-col-50 elementor-top-column elementor-element elementor-element-f5e2b6a\" data-id=\"f5e2b6a\" data-element_type=\"column\">\n\t\t\t<div class=\"elementor-widget-wrap elementor-element-populated\">\n\t\t\t\t\t\t<div class=\"elementor-element elementor-element-9b0dfbe elementor-widget elementor-widget-heading\" data-id=\"9b0dfbe\" data-element_type=\"widget\" data-widget_type=\"heading.default\">\n\t\t\t\t<div class=\"elementor-widget-container\">\n\t\t\t\t\t<h2 class=\"elementor-heading-title elementor-size-default\">Spinnerei Gisingen<\/h2>\t\t\t\t<\/div>\n\t\t\t\t<\/div>\n\t\t\t\t<div class=\"elementor-element elementor-element-138fd82 elementor-widget elementor-widget-heading\" data-id=\"138fd82\" data-element_type=\"widget\" data-widget_type=\"heading.default\">\n\t\t\t\t<div class=\"elementor-widget-container\">\n\t\t\t\t\t<h2 class=\"elementor-heading-title elementor-size-default\">Integrale Projektentwicklung f\u00fcr nachhaltige Baukultur<\/h2>\t\t\t\t<\/div>\n\t\t\t\t<\/div>\n\t\t\t\t\t<\/div>\n\t\t<\/div>\n\t\t\t\t<div class=\"elementor-column elementor-col-50 elementor-top-column elementor-element elementor-element-1409273\" data-id=\"1409273\" data-element_type=\"column\">\n\t\t\t<div class=\"elementor-widget-wrap elementor-element-populated\">\n\t\t\t\t\t\t<div class=\"elementor-element elementor-element-618dcf0 elementor-widget elementor-widget-image\" data-id=\"618dcf0\" data-element_type=\"widget\" data-widget_type=\"image.default\">\n\t\t\t\t<div class=\"elementor-widget-container\">\n\t\t\t\t\t\t\t\t\t\t\t\t\t\t\t\t<a href=\"http:\/\/denkmalpflege.tuwien.ac.at\/wp-content\/uploads\/2026\/02\/FOTO_halle-2.jpg\" data-elementor-open-lightbox=\"yes\" data-e-action-hash=\"#elementor-action%3Aaction%3Dlightbox%26settings%3DeyJpZCI6MzU4NTIsInVybCI6Imh0dHBzOlwvXC9kZW5rbWFscGZsZWdlLnR1d2llbi5hYy5hdFwvd3AtY29udGVudFwvdXBsb2Fkc1wvMjAyNlwvMDJcL0ZPVE9faGFsbGUtMi5qcGcifQ%3D%3D\">\n\t\t\t\t\t\t\t<img fetchpriority=\"high\" decoding=\"async\" width=\"1000\" height=\"707\" src=\"https:\/\/denkmalpflege.tuwien.ac.at\/wp-content\/uploads\/2026\/02\/FOTO_halle-2.jpg\" class=\"attachment-large size-large wp-image-35852\" alt=\"\" \/>\t\t\t\t\t\t\t\t<\/a>\n\t\t\t\t\t\t\t\t\t\t\t\t\t\t\t<\/div>\n\t\t\t\t<\/div>\n\t\t\t\t<div class=\"elementor-element elementor-element-5c9cf63 elementor-widget elementor-widget-text-editor\" data-id=\"5c9cf63\" data-element_type=\"widget\" data-widget_type=\"text-editor.default\">\n\t\t\t\t<div class=\"elementor-widget-container\">\n\t\t\t\t\t\t\t\t\t<h6>Bild: Halle 1, Textilfabrik F.M. H\u00e4mmerle, Gisingen (Feldkirch), \u00a9 Hanne Rung<\/h6>\t\t\t\t\t\t\t\t<\/div>\n\t\t\t\t<\/div>\n\t\t\t\t\t<\/div>\n\t\t<\/div>\n\t\t\t\t\t<\/div>\n\t\t<\/section>\n\t\t\t\t<section class=\"elementor-section elementor-top-section elementor-element elementor-element-dbc81fb elementor-section-full_width elementor-section-height-default elementor-section-height-default\" data-id=\"dbc81fb\" data-element_type=\"section\" data-settings=\"{&quot;background_background&quot;:&quot;classic&quot;}\">\n\t\t\t\t\t\t<div class=\"elementor-container elementor-column-gap-default\">\n\t\t\t\t\t<div class=\"elementor-column elementor-col-50 elementor-top-column elementor-element elementor-element-5ba41cd\" data-id=\"5ba41cd\" data-element_type=\"column\">\n\t\t\t<div class=\"elementor-widget-wrap elementor-element-populated\">\n\t\t\t\t\t\t<div class=\"elementor-element elementor-element-abe5c45 elementor-widget elementor-widget-heading\" data-id=\"abe5c45\" data-element_type=\"widget\" data-widget_type=\"heading.default\">\n\t\t\t\t<div class=\"elementor-widget-container\">\n\t\t\t\t\t<h3 class=\"elementor-heading-title elementor-size-default\">Projekt\u00fcbersicht<\/h3>\t\t\t\t<\/div>\n\t\t\t\t<\/div>\n\t\t\t\t<div class=\"elementor-element elementor-element-2dadd4e elementor-widget elementor-widget-text-editor\" data-id=\"2dadd4e\" data-element_type=\"widget\" data-widget_type=\"text-editor.default\">\n\t\t\t\t<div class=\"elementor-widget-container\">\n\t\t\t\t\t\t\t\t\t<p><span style=\"color: #ffffff;\"><strong>Projektbeteiligte:<br \/><\/strong>Dipl.-Ing. Lukas B\u00f6ckle, <\/span><br \/><span style=\"color: #ffffff;\">NEST \u2013 Agentur f\u00fcr Leerstandsmanagement GmbH (Projektleitung)<\/span><br \/><br \/><span style=\"color: #ffffff;\">Prof. Dr. habil. Heike Oevermann<\/span><br \/><span style=\"color: #ffffff;\">Dipl. Ing. Hanne Rung<\/span><br \/><span style=\"color: #ffffff;\">(Forschungsbereich f\u00fcr Denkmalpflege und Bauen im Bestand)<\/span><br \/><span style=\"color: #ffffff;\">Herbert Bork (stadtland)<\/span><\/p><p><span style=\"color: #ffffff;\"><strong>F\u00f6rderung Baukultur:<\/strong><\/span><br \/><span style=\"color: #ffffff;\">Bundesministerium f\u00fcr Wohnen, Kunst, Kultur, Medien und Sport<\/span><\/p><p><span style=\"color: #ffffff;\"><strong>Ort:<\/strong><\/span><br \/><span style=\"color: #ffffff;\">Feldkirch, Vorarlberg<\/span><\/p><p><span style=\"color: #ffffff;\"><strong>Zeitraum:<br \/><\/strong>01.10.2025 &#8211; 31.12.2026<\/span><\/p>\t\t\t\t\t\t\t\t<\/div>\n\t\t\t\t<\/div>\n\t\t\t\t\t<\/div>\n\t\t<\/div>\n\t\t\t\t<div class=\"elementor-column elementor-col-50 elementor-top-column elementor-element elementor-element-5396a7e\" data-id=\"5396a7e\" data-element_type=\"column\">\n\t\t\t<div class=\"elementor-widget-wrap elementor-element-populated\">\n\t\t\t\t\t\t<div class=\"elementor-element elementor-element-d057db1 elementor-widget elementor-widget-heading\" data-id=\"d057db1\" data-element_type=\"widget\" data-widget_type=\"heading.default\">\n\t\t\t\t<div class=\"elementor-widget-container\">\n\t\t\t\t\t<h2 class=\"elementor-heading-title elementor-size-default\">Spinnerei gisingen<\/h2>\t\t\t\t<\/div>\n\t\t\t\t<\/div>\n\t\t\t\t<div class=\"elementor-element elementor-element-6fbfedd elementor-widget elementor-widget-text-editor\" data-id=\"6fbfedd\" data-element_type=\"widget\" data-widget_type=\"text-editor.default\">\n\t\t\t\t<div class=\"elementor-widget-container\">\n\t\t\t\t\t\t\t\t\t<p><span style=\"color: #ffffff;\">Das Projekt verfolgt die zukunftsf\u00e4hige Reaktivierung eines historischen Industrieensembles in Feldkirch. Im Zentrum steht die Entwicklung eines nachhaltigen Nutzungskorridors auf Basis digitaler Bestandsaufnahme (3D-Zwilling), fundierter Sanierungs- und Bedarfsanalyse und partizipativer Prozesse mit B\u00fcrger:innen, Stadt, Bundesdenkmalamt, Partner:innen aus Wirtschaft und Kultur.<\/span><\/p><p><span style=\"color: #ffffff;\">Ziel ist die qualit\u00e4tsgesicherte Entwicklung des Areals unter Ber\u00fccksichtigung der SDGs, der Baukulturellen Leitlinien, der Prinzipien Kreislaufwirtschaft, Suffizienz und Gemeinwohl. Durch Workshops, Stakeholder-Dialoge und offene Beteiligungsformate werden innovative Nutzungsm\u00f6glichkeiten, langfristige Gemeinwohlorientierung und soziale wie \u00f6kologische Mehrwerte gesichert. Die Projektsteuerung, begleitet von externen Fachpersonen (stadtland, Bork) und regionalen Akteuren, garantiert h\u00f6chste Qualit\u00e4t in Phase 0 sowie bei allen Beteiligungsprozessen.<br \/><\/span><\/p><p><span style=\"color: #ffffff;\"> Die Erkenntnisse werden als Modell f\u00fcr nachhaltige Quartiersentwicklung multiplizierbar dokumentiert und stehen f\u00fcr die \u00f6sterreichweite Verankerung von Baukultur. Ziel ist es, Leerstand zu aktivieren, regionale Identit\u00e4t zu st\u00e4rken und gesellschaftliche, soziale und klimatische Herausforderungen integrativ zu l\u00f6sen. <\/span><\/p>\t\t\t\t\t\t\t\t<\/div>\n\t\t\t\t<\/div>\n\t\t\t\t<div class=\"elementor-element elementor-element-28793 elementor-button-info elementor-align-left elementor-widget elementor-widget-global elementor-global-28793 elementor-widget-button\" data-id=\"28793\" data-element_type=\"widget\" data-widget_type=\"button.default\">\n\t\t\t\t<div class=\"elementor-widget-container\">\n\t\t\t\t\t\t\t\t\t<div class=\"elementor-button-wrapper\">\n\t\t\t\t\t<a class=\"elementor-button elementor-button-link elementor-size-sm\" href=\"https:\/\/denkmalpflege.tuwien.ac.at\/index.php\/themenschwerpunkt-bestand-als-ressource\/\">\n\t\t\t\t\t\t<span class=\"elementor-button-content-wrapper\">\n\t\t\t\t\t\t\t\t\t<span class=\"elementor-button-text\">\/\/ Bestand als Ressource<\/span>\n\t\t\t\t\t<\/span>\n\t\t\t\t\t<\/a>\n\t\t\t\t<\/div>\n\t\t\t\t\t\t\t\t<\/div>\n\t\t\t\t<\/div>\n\t\t\t\t<div class=\"elementor-element elementor-element-28761 elementor-button-info elementor-align-left elementor-widget elementor-widget-global elementor-global-28761 elementor-widget-button\" data-id=\"28761\" data-element_type=\"widget\" data-widget_type=\"button.default\">\n\t\t\t\t<div class=\"elementor-widget-container\">\n\t\t\t\t\t\t\t\t\t<div class=\"elementor-button-wrapper\">\n\t\t\t\t\t<a class=\"elementor-button elementor-button-link elementor-size-sm\" href=\"https:\/\/denkmalpflege.tuwien.ac.at\/index.php\/themenschwerpunkt-denkmalpflege-und-transformation\/\">\n\t\t\t\t\t\t<span class=\"elementor-button-content-wrapper\">\n\t\t\t\t\t\t\t\t\t<span class=\"elementor-button-text\">\/\/  Denkmalpflege und Transformation<\/span>\n\t\t\t\t\t<\/span>\n\t\t\t\t\t<\/a>\n\t\t\t\t<\/div>\n\t\t\t\t\t\t\t\t<\/div>\n\t\t\t\t<\/div>\n\t\t\t\t\t<\/div>\n\t\t<\/div>\n\t\t\t\t\t<\/div>\n\t\t<\/section>\n\t\t\t\t<section class=\"elementor-section elementor-top-section elementor-element elementor-element-8eae4c2 elementor-section-full_width elementor-section-height-default elementor-section-height-default\" data-id=\"8eae4c2\" data-element_type=\"section\">\n\t\t\t\t\t\t<div class=\"elementor-container elementor-column-gap-default\">\n\t\t\t\t\t<div class=\"elementor-column elementor-col-50 elementor-top-column elementor-element elementor-element-c066cb7\" data-id=\"c066cb7\" data-element_type=\"column\">\n\t\t\t<div class=\"elementor-widget-wrap elementor-element-populated\">\n\t\t\t\t\t\t<div class=\"elementor-element elementor-element-88d6fbb elementor-widget elementor-widget-heading\" data-id=\"88d6fbb\" data-element_type=\"widget\" data-widget_type=\"heading.default\">\n\t\t\t\t<div class=\"elementor-widget-container\">\n\t\t\t\t\t<h2 class=\"elementor-heading-title elementor-size-default\">Kontakt<\/h2>\t\t\t\t<\/div>\n\t\t\t\t<\/div>\n\t\t\t\t\t<\/div>\n\t\t<\/div>\n\t\t\t\t<div class=\"elementor-column elementor-col-50 elementor-top-column elementor-element elementor-element-cc6f789\" data-id=\"cc6f789\" data-element_type=\"column\">\n\t\t\t<div class=\"elementor-widget-wrap elementor-element-populated\">\n\t\t\t\t\t\t<div class=\"elementor-element elementor-element-c3e1bd4 elementor-widget elementor-widget-heading\" data-id=\"c3e1bd4\" data-element_type=\"widget\" data-widget_type=\"heading.default\">\n\t\t\t\t<div class=\"elementor-widget-container\">\n\t\t\t\t\t<h3 class=\"elementor-heading-title elementor-size-default\">DENKMALPFLEGE UND BAUEN IM BESTAND<\/h3>\t\t\t\t<\/div>\n\t\t\t\t<\/div>\n\t\t\t\t<div class=\"elementor-element elementor-element-258ed2c elementor-widget elementor-widget-text-editor\" data-id=\"258ed2c\" data-element_type=\"widget\" data-widget_type=\"text-editor.default\">\n\t\t\t\t<div class=\"elementor-widget-container\">\n\t\t\t\t\t\t\t\t\t<p><strong>Dipl.-Ing. Hanne Rung<\/strong><br \/>Forschungsbereich Denkmalpflege und Bauen im Bestand,<br \/>Technische Universit\u00e4t Wien, Karlsplatz 13\/251-2, 1040 Wien<br \/>E-Mail: <a href=\"mailto:hannelore.rung@tuwien.ac.at\" target=\"_blank\" rel=\"noopener\">hannelore.rung@tuwien.ac.at<\/a><br \/><a href=\"https:\/\/www.hannerung.de\/\" target=\"_blank\" rel=\"noopener\">www.hannerung.de<\/a><\/p>\t\t\t\t\t\t\t\t<\/div>\n\t\t\t\t<\/div>\n\t\t\t\t\t<\/div>\n\t\t<\/div>\n\t\t\t\t\t<\/div>\n\t\t<\/section>\n\t\t\t\t<\/div>\n\t\t","protected":false},"excerpt":{"rendered":"<p>Spinnerei Gisingen Integrale Projektentwicklung f\u00fcr nachhaltige Baukultur Bild: Halle 1, Textilfabrik F.M. H\u00e4mmerle, Gisingen (Feldkirch), \u00a9 Hanne Rung Projekt\u00fcbersicht Projektbeteiligte:Dipl.-Ing. Lukas B\u00f6ckle, NEST \u2013 Agentur f\u00fcr Leerstandsmanagement GmbH (Projektleitung) Prof. Dr. habil. Heike OevermannDipl. Ing. Hanne Rung(Forschungsbereich f\u00fcr Denkmalpflege und Bauen im Bestand)Herbert Bork (stadtland) F\u00f6rderung Baukultur:Bundesministerium f\u00fcr Wohnen, Kunst, Kultur, Medien und Sport Ort:Feldkirch, Vorarlberg Zeitraum:01.10.2025 &#8211; 31.12.2026 Spinnerei gisingen Das Projekt verfolgt die zukunftsf\u00e4hige Reaktivierung eines historischen Industrieensembles<\/p>\n<div class=\"belowpost\"><a class=\"btnmore icon-arrow\" href=\"https:\/\/denkmalpflege.tuwien.ac.at\/index.php\/spinnerei-gisingen\/\"><span>Read More<\/span><\/a><\/div>\n","protected":false},"author":1,"featured_media":0,"parent":0,"menu_order":0,"comment_status":"closed","ping_status":"closed","template":"","meta":{"footnotes":""},"class_list":["post-35846","page","type-page","status-publish","hentry"],"yoast_head":"<!-- This site is optimized with the Yoast SEO plugin v26.0 - https:\/\/yoast.com\/wordpress\/plugins\/seo\/ -->\n<title>Spinnerei Gisingen - Denkmalpflege und Bauen im Bestand<\/title>\n<meta name=\"robots\" content=\"index, follow, max-snippet:-1, max-image-preview:large, max-video-preview:-1\" \/>\n<link rel=\"canonical\" href=\"https:\/\/denkmalpflege.tuwien.ac.at\/index.php\/spinnerei-gisingen\/\" \/>\n<meta property=\"og:locale\" content=\"de_DE\" \/>\n<meta property=\"og:type\" content=\"article\" \/>\n<meta property=\"og:title\" content=\"Spinnerei Gisingen - Denkmalpflege und Bauen im Bestand\" \/>\n<meta property=\"og:description\" content=\"Spinnerei Gisingen Integrale Projektentwicklung f\u00fcr nachhaltige Baukultur Bild: Halle 1, Textilfabrik F.M. H\u00e4mmerle, Gisingen (Feldkirch), \u00a9 Hanne Rung Projekt\u00fcbersicht Projektbeteiligte:Dipl.-Ing. Lukas B\u00f6ckle, NEST \u2013 Agentur f\u00fcr Leerstandsmanagement GmbH (Projektleitung) Prof. Dr. habil. Heike OevermannDipl. Ing. Hanne Rung(Forschungsbereich f\u00fcr Denkmalpflege und Bauen im Bestand)Herbert Bork (stadtland) F\u00f6rderung Baukultur:Bundesministerium f\u00fcr Wohnen, Kunst, Kultur, Medien und Sport Ort:Feldkirch, Vorarlberg Zeitraum:01.10.2025 &#8211; 31.12.2026 Spinnerei gisingen Das Projekt verfolgt die zukunftsf\u00e4hige Reaktivierung eines historischen IndustrieensemblesRead More\" \/>\n<meta property=\"og:url\" content=\"https:\/\/denkmalpflege.tuwien.ac.at\/index.php\/spinnerei-gisingen\/\" \/>\n<meta property=\"og:site_name\" content=\"Denkmalpflege und Bauen im Bestand\" \/>\n<meta property=\"article:modified_time\" content=\"2026-02-19T13:17:16+00:00\" \/>\n<meta property=\"og:image\" content=\"http:\/\/denkmalpflege.tuwien.ac.at\/wp-content\/uploads\/2026\/02\/FOTO_halle-2.jpg\" \/>\n<meta name=\"twitter:card\" content=\"summary_large_image\" \/>\n<meta name=\"twitter:label1\" content=\"Gesch\u00e4tzte Lesezeit\" \/>\n\t<meta name=\"twitter:data1\" content=\"2\u00a0Minuten\" \/>\n<script type=\"application\/ld+json\" class=\"yoast-schema-graph\">{\"@context\":\"https:\/\/schema.org\",\"@graph\":[{\"@type\":\"WebPage\",\"@id\":\"https:\/\/denkmalpflege.tuwien.ac.at\/index.php\/spinnerei-gisingen\/\",\"url\":\"https:\/\/denkmalpflege.tuwien.ac.at\/index.php\/spinnerei-gisingen\/\",\"name\":\"Spinnerei Gisingen - Denkmalpflege und Bauen im Bestand\",\"isPartOf\":{\"@id\":\"https:\/\/denkmalpflege.tuwien.ac.at\/#website\"},\"primaryImageOfPage\":{\"@id\":\"https:\/\/denkmalpflege.tuwien.ac.at\/index.php\/spinnerei-gisingen\/#primaryimage\"},\"image\":{\"@id\":\"https:\/\/denkmalpflege.tuwien.ac.at\/index.php\/spinnerei-gisingen\/#primaryimage\"},\"thumbnailUrl\":\"http:\/\/denkmalpflege.tuwien.ac.at\/wp-content\/uploads\/2026\/02\/FOTO_halle-2.jpg\",\"datePublished\":\"2026-02-19T12:38:43+00:00\",\"dateModified\":\"2026-02-19T13:17:16+00:00\",\"breadcrumb\":{\"@id\":\"https:\/\/denkmalpflege.tuwien.ac.at\/index.php\/spinnerei-gisingen\/#breadcrumb\"},\"inLanguage\":\"de\",\"potentialAction\":[{\"@type\":\"ReadAction\",\"target\":[\"https:\/\/denkmalpflege.tuwien.ac.at\/index.php\/spinnerei-gisingen\/\"]}]},{\"@type\":\"ImageObject\",\"inLanguage\":\"de\",\"@id\":\"https:\/\/denkmalpflege.tuwien.ac.at\/index.php\/spinnerei-gisingen\/#primaryimage\",\"url\":\"http:\/\/denkmalpflege.tuwien.ac.at\/wp-content\/uploads\/2026\/02\/FOTO_halle-2.jpg\",\"contentUrl\":\"http:\/\/denkmalpflege.tuwien.ac.at\/wp-content\/uploads\/2026\/02\/FOTO_halle-2.jpg\"},{\"@type\":\"BreadcrumbList\",\"@id\":\"https:\/\/denkmalpflege.tuwien.ac.at\/index.php\/spinnerei-gisingen\/#breadcrumb\",\"itemListElement\":[{\"@type\":\"ListItem\",\"position\":1,\"name\":\"Startseite\",\"item\":\"https:\/\/denkmalpflege.tuwien.ac.at\/\"},{\"@type\":\"ListItem\",\"position\":2,\"name\":\"Spinnerei Gisingen\"}]},{\"@type\":\"WebSite\",\"@id\":\"https:\/\/denkmalpflege.tuwien.ac.at\/#website\",\"url\":\"https:\/\/denkmalpflege.tuwien.ac.at\/\",\"name\":\"Denkmalpflege und Bauen im Bestand\",\"description\":\"Denkmalpflege TU Wien\",\"publisher\":{\"@id\":\"https:\/\/denkmalpflege.tuwien.ac.at\/#organization\"},\"potentialAction\":[{\"@type\":\"SearchAction\",\"target\":{\"@type\":\"EntryPoint\",\"urlTemplate\":\"https:\/\/denkmalpflege.tuwien.ac.at\/?s={search_term_string}\"},\"query-input\":{\"@type\":\"PropertyValueSpecification\",\"valueRequired\":true,\"valueName\":\"search_term_string\"}}],\"inLanguage\":\"de\"},{\"@type\":\"Organization\",\"@id\":\"https:\/\/denkmalpflege.tuwien.ac.at\/#organization\",\"name\":\"TU Wien Denkmalpflege und Bauen im Bestand\",\"url\":\"https:\/\/denkmalpflege.tuwien.ac.at\/\",\"logo\":{\"@type\":\"ImageObject\",\"inLanguage\":\"de\",\"@id\":\"https:\/\/denkmalpflege.tuwien.ac.at\/#\/schema\/logo\/image\/\",\"url\":\"https:\/\/denkmalpflege.tuwien.ac.at\/wp-content\/uploads\/2019\/10\/Logo1.png\",\"contentUrl\":\"https:\/\/denkmalpflege.tuwien.ac.at\/wp-content\/uploads\/2019\/10\/Logo1.png\",\"width\":222,\"height\":79,\"caption\":\"TU Wien Denkmalpflege und Bauen im Bestand\"},\"image\":{\"@id\":\"https:\/\/denkmalpflege.tuwien.ac.at\/#\/schema\/logo\/image\/\"}}]}<\/script>\n<!-- \/ Yoast SEO plugin. -->","yoast_head_json":{"title":"Spinnerei Gisingen - Denkmalpflege und Bauen im Bestand","robots":{"index":"index","follow":"follow","max-snippet":"max-snippet:-1","max-image-preview":"max-image-preview:large","max-video-preview":"max-video-preview:-1"},"canonical":"https:\/\/denkmalpflege.tuwien.ac.at\/index.php\/spinnerei-gisingen\/","og_locale":"de_DE","og_type":"article","og_title":"Spinnerei Gisingen - Denkmalpflege und Bauen im Bestand","og_description":"Spinnerei Gisingen Integrale Projektentwicklung f\u00fcr nachhaltige Baukultur Bild: Halle 1, Textilfabrik F.M. H\u00e4mmerle, Gisingen (Feldkirch), \u00a9 Hanne Rung Projekt\u00fcbersicht Projektbeteiligte:Dipl.-Ing. Lukas B\u00f6ckle, NEST \u2013 Agentur f\u00fcr Leerstandsmanagement GmbH (Projektleitung) Prof. Dr. habil. Heike OevermannDipl. Ing. Hanne Rung(Forschungsbereich f\u00fcr Denkmalpflege und Bauen im Bestand)Herbert Bork (stadtland) F\u00f6rderung Baukultur:Bundesministerium f\u00fcr Wohnen, Kunst, Kultur, Medien und Sport Ort:Feldkirch, Vorarlberg Zeitraum:01.10.2025 &#8211; 31.12.2026 Spinnerei gisingen Das Projekt verfolgt die zukunftsf\u00e4hige Reaktivierung eines historischen IndustrieensemblesRead More","og_url":"https:\/\/denkmalpflege.tuwien.ac.at\/index.php\/spinnerei-gisingen\/","og_site_name":"Denkmalpflege und Bauen im Bestand","article_modified_time":"2026-02-19T13:17:16+00:00","og_image":[{"url":"http:\/\/denkmalpflege.tuwien.ac.at\/wp-content\/uploads\/2026\/02\/FOTO_halle-2.jpg","type":"","width":"","height":""}],"twitter_card":"summary_large_image","twitter_misc":{"Gesch\u00e4tzte Lesezeit":"2\u00a0Minuten"},"schema":{"@context":"https:\/\/schema.org","@graph":[{"@type":"WebPage","@id":"https:\/\/denkmalpflege.tuwien.ac.at\/index.php\/spinnerei-gisingen\/","url":"https:\/\/denkmalpflege.tuwien.ac.at\/index.php\/spinnerei-gisingen\/","name":"Spinnerei Gisingen - Denkmalpflege und Bauen im Bestand","isPartOf":{"@id":"https:\/\/denkmalpflege.tuwien.ac.at\/#website"},"primaryImageOfPage":{"@id":"https:\/\/denkmalpflege.tuwien.ac.at\/index.php\/spinnerei-gisingen\/#primaryimage"},"image":{"@id":"https:\/\/denkmalpflege.tuwien.ac.at\/index.php\/spinnerei-gisingen\/#primaryimage"},"thumbnailUrl":"http:\/\/denkmalpflege.tuwien.ac.at\/wp-content\/uploads\/2026\/02\/FOTO_halle-2.jpg","datePublished":"2026-02-19T12:38:43+00:00","dateModified":"2026-02-19T13:17:16+00:00","breadcrumb":{"@id":"https:\/\/denkmalpflege.tuwien.ac.at\/index.php\/spinnerei-gisingen\/#breadcrumb"},"inLanguage":"de","potentialAction":[{"@type":"ReadAction","target":["https:\/\/denkmalpflege.tuwien.ac.at\/index.php\/spinnerei-gisingen\/"]}]},{"@type":"ImageObject","inLanguage":"de","@id":"https:\/\/denkmalpflege.tuwien.ac.at\/index.php\/spinnerei-gisingen\/#primaryimage","url":"http:\/\/denkmalpflege.tuwien.ac.at\/wp-content\/uploads\/2026\/02\/FOTO_halle-2.jpg","contentUrl":"http:\/\/denkmalpflege.tuwien.ac.at\/wp-content\/uploads\/2026\/02\/FOTO_halle-2.jpg"},{"@type":"BreadcrumbList","@id":"https:\/\/denkmalpflege.tuwien.ac.at\/index.php\/spinnerei-gisingen\/#breadcrumb","itemListElement":[{"@type":"ListItem","position":1,"name":"Startseite","item":"https:\/\/denkmalpflege.tuwien.ac.at\/"},{"@type":"ListItem","position":2,"name":"Spinnerei Gisingen"}]},{"@type":"WebSite","@id":"https:\/\/denkmalpflege.tuwien.ac.at\/#website","url":"https:\/\/denkmalpflege.tuwien.ac.at\/","name":"Denkmalpflege und Bauen im Bestand","description":"Denkmalpflege TU Wien","publisher":{"@id":"https:\/\/denkmalpflege.tuwien.ac.at\/#organization"},"potentialAction":[{"@type":"SearchAction","target":{"@type":"EntryPoint","urlTemplate":"https:\/\/denkmalpflege.tuwien.ac.at\/?s={search_term_string}"},"query-input":{"@type":"PropertyValueSpecification","valueRequired":true,"valueName":"search_term_string"}}],"inLanguage":"de"},{"@type":"Organization","@id":"https:\/\/denkmalpflege.tuwien.ac.at\/#organization","name":"TU Wien Denkmalpflege und Bauen im Bestand","url":"https:\/\/denkmalpflege.tuwien.ac.at\/","logo":{"@type":"ImageObject","inLanguage":"de","@id":"https:\/\/denkmalpflege.tuwien.ac.at\/#\/schema\/logo\/image\/","url":"https:\/\/denkmalpflege.tuwien.ac.at\/wp-content\/uploads\/2019\/10\/Logo1.png","contentUrl":"https:\/\/denkmalpflege.tuwien.ac.at\/wp-content\/uploads\/2019\/10\/Logo1.png","width":222,"height":79,"caption":"TU Wien Denkmalpflege und Bauen im Bestand"},"image":{"@id":"https:\/\/denkmalpflege.tuwien.ac.at\/#\/schema\/logo\/image\/"}}]}},"_links":{"self":[{"href":"https:\/\/denkmalpflege.tuwien.ac.at\/index.php\/wp-json\/wp\/v2\/pages\/35846","targetHints":{"allow":["GET"]}}],"collection":[{"href":"https:\/\/denkmalpflege.tuwien.ac.at\/index.php\/wp-json\/wp\/v2\/pages"}],"about":[{"href":"https:\/\/denkmalpflege.tuwien.ac.at\/index.php\/wp-json\/wp\/v2\/types\/page"}],"author":[{"embeddable":true,"href":"https:\/\/denkmalpflege.tuwien.ac.at\/index.php\/wp-json\/wp\/v2\/users\/1"}],"replies":[{"embeddable":true,"href":"https:\/\/denkmalpflege.tuwien.ac.at\/index.php\/wp-json\/wp\/v2\/comments?post=35846"}],"version-history":[{"count":17,"href":"https:\/\/denkmalpflege.tuwien.ac.at\/index.php\/wp-json\/wp\/v2\/pages\/35846\/revisions"}],"predecessor-version":[{"id":35888,"href":"https:\/\/denkmalpflege.tuwien.ac.at\/index.php\/wp-json\/wp\/v2\/pages\/35846\/revisions\/35888"}],"wp:attachment":[{"href":"https:\/\/denkmalpflege.tuwien.ac.at\/index.php\/wp-json\/wp\/v2\/media?parent=35846"}],"curies":[{"name":"wp","href":"https:\/\/api.w.org\/{rel}","templated":true}]}}