{"id":355,"date":"2009-10-19T16:22:09","date_gmt":"2009-10-19T13:22:09","guid":{"rendered":"http:\/\/denkmalpflege1.e251.tuwien.ac.at\/?page_id=355"},"modified":"2020-01-08T13:08:43","modified_gmt":"2020-01-08T12:08:43","slug":"bautechnische-analysen-und-statik-historischer-baukonstruktionen","status":"publish","type":"page","link":"https:\/\/denkmalpflege.tuwien.ac.at\/index.php\/lehre-2\/so17\/modul17\/bautechnische-analysen-und-statik-historischer-baukonstruktionen\/","title":{"rendered":"Bautechnische Analysen und Statik historischer Baukonstruktionen"},"content":{"rendered":"\t\t<div data-elementor-type=\"wp-page\" data-elementor-id=\"355\" class=\"elementor elementor-355\" data-elementor-post-type=\"page\">\n\t\t\t\t\t\t<section class=\"elementor-section elementor-top-section elementor-element elementor-element-7c6ca3cc elementor-section-full_width elementor-section-height-default elementor-section-height-default\" data-id=\"7c6ca3cc\" data-element_type=\"section\">\n\t\t\t\t\t\t<div class=\"elementor-container elementor-column-gap-default\">\n\t\t\t\t\t<div class=\"elementor-column elementor-col-50 elementor-top-column elementor-element elementor-element-554661e2\" data-id=\"554661e2\" data-element_type=\"column\">\n\t\t\t<div class=\"elementor-widget-wrap elementor-element-populated\">\n\t\t\t\t\t\t<div class=\"elementor-element elementor-element-945949e elementor-widget elementor-widget-heading\" data-id=\"945949e\" data-element_type=\"widget\" data-widget_type=\"heading.default\">\n\t\t\t\t<div class=\"elementor-widget-container\">\n\t\t\t\t\t<h2 class=\"elementor-heading-title elementor-size-default\">LVA SS 2019<\/h2>\t\t\t\t<\/div>\n\t\t\t\t<\/div>\n\t\t\t\t<div class=\"elementor-element elementor-element-11036108 trennlinie elementor-widget-divider--view-line elementor-widget elementor-widget-divider\" data-id=\"11036108\" data-element_type=\"widget\" data-widget_type=\"divider.default\">\n\t\t\t\t<div class=\"elementor-widget-container\">\n\t\t\t\t\t\t\t<div class=\"elementor-divider\">\n\t\t\t<span class=\"elementor-divider-separator\">\n\t\t\t\t\t\t<\/span>\n\t\t<\/div>\n\t\t\t\t\t\t<\/div>\n\t\t\t\t<\/div>\n\t\t\t\t\t<\/div>\n\t\t<\/div>\n\t\t\t\t<div class=\"elementor-column elementor-col-50 elementor-top-column elementor-element elementor-element-31fa35bc\" data-id=\"31fa35bc\" data-element_type=\"column\">\n\t\t\t<div class=\"elementor-widget-wrap elementor-element-populated\">\n\t\t\t\t\t\t<div class=\"elementor-element elementor-element-5e0f946 elementor-widget elementor-widget-heading\" data-id=\"5e0f946\" data-element_type=\"widget\" data-widget_type=\"heading.default\">\n\t\t\t\t<div class=\"elementor-widget-container\">\n\t\t\t\t\t<h2 class=\"elementor-heading-title elementor-size-default\">251.711 <span style=\"float: right\"> 2,0 h (2,0 ECTS)<\/span><\/h2>\t\t\t\t<\/div>\n\t\t\t\t<\/div>\n\t\t\t\t<div class=\"elementor-element elementor-element-69c0f364 trennlinie elementor-widget-divider--view-line elementor-widget elementor-widget-divider\" data-id=\"69c0f364\" data-element_type=\"widget\" data-widget_type=\"divider.default\">\n\t\t\t\t<div class=\"elementor-widget-container\">\n\t\t\t\t\t\t\t<div class=\"elementor-divider\">\n\t\t\t<span class=\"elementor-divider-separator\">\n\t\t\t\t\t\t<\/span>\n\t\t<\/div>\n\t\t\t\t\t\t<\/div>\n\t\t\t\t<\/div>\n\t\t\t\t\t<\/div>\n\t\t<\/div>\n\t\t\t\t\t<\/div>\n\t\t<\/section>\n\t\t\t\t<section class=\"elementor-section elementor-top-section elementor-element elementor-element-192b1dc2 elementor-section-full_width elementor-section-height-default elementor-section-height-default\" data-id=\"192b1dc2\" data-element_type=\"section\">\n\t\t\t\t\t\t<div class=\"elementor-container elementor-column-gap-default\">\n\t\t\t\t\t<div class=\"elementor-column elementor-col-50 elementor-top-column elementor-element elementor-element-1c33bf5f\" data-id=\"1c33bf5f\" data-element_type=\"column\">\n\t\t\t<div class=\"elementor-widget-wrap elementor-element-populated\">\n\t\t\t\t\t\t<div class=\"elementor-element elementor-element-34e439d6 lva_menu elementor-widget elementor-widget-wp-widget-nav_menu\" data-id=\"34e439d6\" data-element_type=\"widget\" data-widget_type=\"wp-widget-nav_menu.default\">\n\t\t\t\t<div class=\"elementor-widget-container\">\n\t\t\t\t\t<div class=\"menu-lva_ss19-container\"><ul id=\"menu-lva_ss19\" class=\"menu\"><li id=\"menu-item-17733\" class=\"menu-item menu-item-type-post_type menu-item-object-page menu-item-17733\"><a href=\"https:\/\/denkmalpflege.tuwien.ac.at\/index.php\/lehre-2\/sommersemester-19\/florenz-ss19\/\">Gro\u00dfes Entwerfen <\/br> Florenz Nel Tessuto<\/a><\/li>\n<li id=\"menu-item-17734\" class=\"menu-item menu-item-type-post_type menu-item-object-page menu-item-17734\"><a href=\"https:\/\/denkmalpflege.tuwien.ac.at\/index.php\/lehre-2\/timisoara-ss19\/\">Gro\u00dfes Entwerfen <\/br>Timisoara Tabakfabrik<\/a><\/li>\n<li id=\"menu-item-17735\" class=\"menu-item menu-item-type-post_type menu-item-object-page menu-item-17735\"><a href=\"https:\/\/denkmalpflege.tuwien.ac.at\/index.php\/lehre-2\/modul-ss19\/\">Modul <\/br> Denkmalpflege &#038; Ma\u00dfnahmen am Denkmal<\/a><\/li>\n<li id=\"menu-item-17736\" class=\"menu-item menu-item-type-post_type menu-item-object-page menu-item-17736\"><a href=\"https:\/\/denkmalpflege.tuwien.ac.at\/index.php\/lehre-2\/sommersemester-19\/wahlsem-bda-ss19\/\">Wahlseminar <\/br>&#8230;und das soll ein Denkmal sein?<\/a><\/li>\n<li id=\"menu-item-17737\" class=\"menu-item menu-item-type-post_type menu-item-object-page menu-item-17737\"><a href=\"https:\/\/denkmalpflege.tuwien.ac.at\/index.php\/wahlsemstadtbild\/\">Wahlseminar <\/br>Stadtbild &#038; Schutzzonen<\/a><\/li>\n<li id=\"menu-item-17738\" class=\"menu-item menu-item-type-post_type menu-item-object-page menu-item-17738\"><a href=\"https:\/\/denkmalpflege.tuwien.ac.at\/index.php\/denkmalpflege-und-bausanierung\/\">\u00dcbung <\/br>Denkmalpflege und Bausanierung<\/a><\/li>\n<li id=\"menu-item-17739\" class=\"menu-item menu-item-type-post_type menu-item-object-page menu-item-17739\"><a href=\"https:\/\/denkmalpflege.tuwien.ac.at\/index.php\/lehre-2\/lva-sommersemester-2021\/anleitung-wissenschaftlichen-arbeiten\/\">Seminar <\/br>Anleitung zum <\/br>wissenschaftlichen Arbeiten<\/a><\/li>\n<li id=\"menu-item-17740\" class=\"menu-item menu-item-type-post_type menu-item-object-page menu-item-17740\"><a href=\"https:\/\/denkmalpflege.tuwien.ac.at\/index.php\/diplomanden-und-dissertantenseminar\/\">Seminar <\/br>Diplomanden- und <\/br>Dissertantenseminar<\/a><\/li>\n<\/ul><\/div>\t\t\t\t<\/div>\n\t\t\t\t<\/div>\n\t\t\t\t\t<\/div>\n\t\t<\/div>\n\t\t\t\t<div class=\"elementor-column elementor-col-50 elementor-top-column elementor-element elementor-element-5ec18677\" data-id=\"5ec18677\" data-element_type=\"column\">\n\t\t\t<div class=\"elementor-widget-wrap elementor-element-populated\">\n\t\t\t\t\t\t<div class=\"elementor-element elementor-element-5bd001b8 elementor-widget elementor-widget-text-editor\" data-id=\"5bd001b8\" data-element_type=\"widget\" data-widget_type=\"text-editor.default\">\n\t\t\t\t<div class=\"elementor-widget-container\">\n\t\t\t\t\t\t\t\t\t<h1 class=\"lva_h1\">Bautechnische Analysen &amp; Statik historischer Baukonstruktionen<\/h1>\t\t\t\t\t\t\t\t<\/div>\n\t\t\t\t<\/div>\n\t\t\t\t<div class=\"elementor-element elementor-element-4a84ef79 lva_img elementor-widget elementor-widget-image\" data-id=\"4a84ef79\" data-element_type=\"widget\" data-widget_type=\"image.default\">\n\t\t\t\t<div class=\"elementor-widget-container\">\n\t\t\t\t\t\t\t\t\t\t\t\t\t\t\t<img fetchpriority=\"high\" decoding=\"async\" width=\"4000\" height=\"2664\" src=\"https:\/\/denkmalpflege.tuwien.ac.at\/wp-content\/uploads\/2020\/01\/Modul-SS19.jpg\" class=\"attachment-full size-full wp-image-17752\" alt=\"\" \/>\t\t\t\t\t\t\t\t\t\t\t\t\t\t\t<\/div>\n\t\t\t\t<\/div>\n\t\t\t\t<div class=\"elementor-element elementor-element-20560e54 elementor-widget elementor-widget-text-editor\" data-id=\"20560e54\" data-element_type=\"widget\" data-widget_type=\"text-editor.default\">\n\t\t\t\t<div class=\"elementor-widget-container\">\n\t\t\t\t\t\t\t\t\t<p class=\"akt\">Modul Denkmalpflege &amp; Ma\u00dfnahmen am Denkmal<\/p>\t\t\t\t\t\t\t\t<\/div>\n\t\t\t\t<\/div>\n\t\t\t\t<div class=\"elementor-element elementor-element-57ac76e4 elementor-widget elementor-widget-text-editor\" data-id=\"57ac76e4\" data-element_type=\"widget\" data-widget_type=\"text-editor.default\">\n\t\t\t\t<div class=\"elementor-widget-container\">\n\t\t\t\t\t\t\t\t\t<h3><strong>Karl-Heinz HOLLINSKY, Andreas KOLBITSCH<\/strong><\/h3><h3><strong>Einf\u00fchrung<\/strong><\/h3><p>Montag 4. M\u00e4rz 2019, 17:00 Uhr im HS17<\/p><p><strong>Termine<\/strong><\/p><p>bei Prof. KOLBITSCH:<br \/>Montag, 13:30-15:00 Uhr im Hs12 (Stiege 6, 2. OG)<br \/>11. M\u00e4rz 2019<br \/>25. M\u00e4rz 2019<br \/>1. April 2019<\/p><p>bei Dr. HOLLINSKY:<br \/>Mittwoch, 16:00-18:00 Uhr im SR 257 (Stiege 3, 2. OG)<br \/>8. Mai 2019<br \/>15. Mai 2019<br \/>22. Mai 2019<br \/>29. Mai 2019, Exkursion 16:00 Uhr, Sch\u00fctzengasse 8, 1090 Wien<br \/>5. Juni 2019<\/p><h3><strong>Anmeldung<\/strong><\/h3><p>\u00dcber <a href=\"https:\/\/tiss.tuwien.ac.at\/course\/courseDetails.xhtml?dswid=2142&amp;dsrid=105&amp;courseNr=251711&amp;semester=2019S\"> TISS<\/a><\/p><p>Teilnehmerbeschr\u00e4nkung auf 30 Personen!<br \/>Anwesenheitspflicht!<\/p><p>Die Lehrveranstaltung ist Erg\u00e4nzungsfach des Moduls \u201eDenkmalpflege und Ma\u00dfnahmen am Denkmal\u201c.<\/p>\t\t\t\t\t\t\t\t<\/div>\n\t\t\t\t<\/div>\n\t\t\t\t<div class=\"elementor-element elementor-element-b4eba4d elementor-widget-divider--view-line elementor-widget elementor-widget-divider\" data-id=\"b4eba4d\" data-element_type=\"widget\" data-widget_type=\"divider.default\">\n\t\t\t\t<div class=\"elementor-widget-container\">\n\t\t\t\t\t\t\t<div class=\"elementor-divider\">\n\t\t\t<span class=\"elementor-divider-separator\">\n\t\t\t\t\t\t<\/span>\n\t\t<\/div>\n\t\t\t\t\t\t<\/div>\n\t\t\t\t<\/div>\n\t\t\t\t<div class=\"elementor-element elementor-element-2294aefc elementor-widget elementor-widget-text-editor\" data-id=\"2294aefc\" data-element_type=\"widget\" data-widget_type=\"text-editor.default\">\n\t\t\t\t<div class=\"elementor-widget-container\">\n\t\t\t\t\t\t\t\t\t<h3 class=\"lva_h3 lva_leiter lva_h3_abstand\"><strong>Lernergebnisse<\/strong><\/h3><p class=\"lva_text\">Die Lehrveranstaltung besch\u00e4ftigt sich mit der Neunutzung und Sanierung des alten Geb\u00e4udebestands und den damit verbundenen Bau- und Adaptierungsma\u00dfnahmen am Tragwerk: Verfahren zur Sanierung und Erweiterung von Geb\u00e4uden werden vorgestellt und mit Beispielen aus der praktischen T\u00e4tigkeit erg\u00e4nzt.<\/p><h3 class=\"lva_h3 lva_leiter lva_h3_abstand\"><strong>Inhalt der Lehrveranstaltung<\/strong><\/h3><p class=\"va_text\">&#8211; Ablauf und Ma\u00dfnahmen, Analyse<br \/>&#8211; st\u00e4dtische Bausubstanz, konstruktives Repertoire<br \/>&#8211; Ma\u00dfnahmenrepertoire<br \/>&#8211; Baustellenbesichtigung<\/p>\t\t\t\t\t\t\t\t<\/div>\n\t\t\t\t<\/div>\n\t\t\t\t<div class=\"elementor-element elementor-element-35d4c037 elementor-widget-divider--view-line elementor-widget elementor-widget-divider\" data-id=\"35d4c037\" data-element_type=\"widget\" data-widget_type=\"divider.default\">\n\t\t\t\t<div class=\"elementor-widget-container\">\n\t\t\t\t\t\t\t<div class=\"elementor-divider\">\n\t\t\t<span class=\"elementor-divider-separator\">\n\t\t\t\t\t\t<\/span>\n\t\t<\/div>\n\t\t\t\t\t\t<\/div>\n\t\t\t\t<\/div>\n\t\t\t\t<section class=\"elementor-section elementor-inner-section elementor-element elementor-element-25431066 elementor-section-boxed elementor-section-height-default elementor-section-height-default\" data-id=\"25431066\" data-element_type=\"section\">\n\t\t\t\t\t\t<div class=\"elementor-container elementor-column-gap-default\">\n\t\t\t\t\t<div class=\"elementor-column elementor-col-50 elementor-inner-column elementor-element elementor-element-5ee9e893\" data-id=\"5ee9e893\" data-element_type=\"column\">\n\t\t\t<div class=\"elementor-widget-wrap elementor-element-populated\">\n\t\t\t\t\t\t<div class=\"elementor-element elementor-element-71f450e0 elementor-widget elementor-widget-text-editor\" data-id=\"71f450e0\" data-element_type=\"widget\" data-widget_type=\"text-editor.default\">\n\t\t\t\t<div class=\"elementor-widget-container\">\n\t\t\t\t\t\t\t\t\t<p class=\"lva_text\"><a class=\"link link_blau\" href=\"https:\/\/tiss.tuwien.ac.at\/course\/courseDetails.xhtml?dswid=2142&amp;dsrid=105&amp;courseNr=251711&amp;semester=2019S\">TISS<\/a>, <a class=\"link link_blau\" href=\"https:\/\/denkmalpflege.tuwien.ac.at\/index.php\/download-modul-denkmalpflege\/\"> Vorlesungsunterlagen<\/a><\/p>\t\t\t\t\t\t\t\t<\/div>\n\t\t\t\t<\/div>\n\t\t\t\t\t<\/div>\n\t\t<\/div>\n\t\t\t\t<div class=\"elementor-column elementor-col-50 elementor-inner-column elementor-element elementor-element-627bf76c\" data-id=\"627bf76c\" data-element_type=\"column\">\n\t\t\t<div class=\"elementor-widget-wrap\">\n\t\t\t\t\t\t\t<\/div>\n\t\t<\/div>\n\t\t\t\t\t<\/div>\n\t\t<\/section>\n\t\t\t\t\t<\/div>\n\t\t<\/div>\n\t\t\t\t\t<\/div>\n\t\t<\/section>\n\t\t\t\t<\/div>\n\t\t","protected":false},"excerpt":{"rendered":"<p>LVA SS 2019 251.711 2,0 h (2,0 ECTS) Bautechnische Analysen &amp; Statik historischer Baukonstruktionen Modul Denkmalpflege &amp; Ma\u00dfnahmen am Denkmal Karl-Heinz HOLLINSKY, Andreas KOLBITSCH Einf\u00fchrung Montag 4. M\u00e4rz 2019, 17:00 Uhr im HS17 Termine bei Prof. KOLBITSCH:Montag, 13:30-15:00 Uhr im Hs12 (Stiege 6, 2. OG)11. M\u00e4rz 201925. M\u00e4rz 20191. April 2019 bei Dr. HOLLINSKY:Mittwoch, 16:00-18:00 Uhr im SR 257 (Stiege 3, 2. OG)8. Mai 201915. Mai 201922. Mai 201929. Mai<\/p>\n<div class=\"belowpost\"><a class=\"btnmore icon-arrow\" href=\"https:\/\/denkmalpflege.tuwien.ac.at\/index.php\/lehre-2\/so17\/modul17\/bautechnische-analysen-und-statik-historischer-baukonstruktionen\/\"><span>Read More<\/span><\/a><\/div>\n","protected":false},"author":1,"featured_media":0,"parent":198,"menu_order":3,"comment_status":"closed","ping_status":"closed","template":"","meta":{"footnotes":""},"class_list":["post-355","page","type-page","status-publish","hentry"],"yoast_head":"<!-- This site is optimized with the Yoast SEO plugin v26.0 - https:\/\/yoast.com\/wordpress\/plugins\/seo\/ -->\n<title>Bautechnische Analysen und Statik historischer Baukonstruktionen - Denkmalpflege und Bauen im Bestand<\/title>\n<meta name=\"robots\" content=\"index, follow, max-snippet:-1, max-image-preview:large, max-video-preview:-1\" \/>\n<link rel=\"canonical\" href=\"https:\/\/denkmalpflege.tuwien.ac.at\/index.php\/lehre-2\/so17\/modul17\/bautechnische-analysen-und-statik-historischer-baukonstruktionen\/\" \/>\n<meta property=\"og:locale\" content=\"de_DE\" \/>\n<meta property=\"og:type\" content=\"article\" \/>\n<meta property=\"og:title\" content=\"Bautechnische Analysen und Statik historischer Baukonstruktionen - Denkmalpflege und Bauen im Bestand\" \/>\n<meta property=\"og:description\" content=\"LVA SS 2019 251.711 2,0 h (2,0 ECTS) Bautechnische Analysen &amp; Statik historischer Baukonstruktionen Modul Denkmalpflege &amp; Ma\u00dfnahmen am Denkmal Karl-Heinz HOLLINSKY, Andreas KOLBITSCH Einf\u00fchrung Montag 4. M\u00e4rz 2019, 17:00 Uhr im HS17 Termine bei Prof. KOLBITSCH:Montag, 13:30-15:00 Uhr im Hs12 (Stiege 6, 2. OG)11. M\u00e4rz 201925. M\u00e4rz 20191. April 2019 bei Dr. HOLLINSKY:Mittwoch, 16:00-18:00 Uhr im SR 257 (Stiege 3, 2. OG)8. Mai 201915. Mai 201922. Mai 201929. MaiRead More\" \/>\n<meta property=\"og:url\" content=\"https:\/\/denkmalpflege.tuwien.ac.at\/index.php\/lehre-2\/so17\/modul17\/bautechnische-analysen-und-statik-historischer-baukonstruktionen\/\" \/>\n<meta property=\"og:site_name\" content=\"Denkmalpflege und Bauen im Bestand\" \/>\n<meta property=\"article:modified_time\" content=\"2020-01-08T12:08:43+00:00\" \/>\n<meta property=\"og:image\" content=\"http:\/\/denkmalpflege.tuwien.ac.at\/wp-content\/uploads\/2020\/01\/Modul-SS19.jpg\" \/>\n<meta name=\"twitter:card\" content=\"summary_large_image\" \/>\n<meta name=\"twitter:label1\" content=\"Gesch\u00e4tzte Lesezeit\" \/>\n\t<meta name=\"twitter:data1\" content=\"1\u00a0Minute\" \/>\n<script type=\"application\/ld+json\" class=\"yoast-schema-graph\">{\"@context\":\"https:\/\/schema.org\",\"@graph\":[{\"@type\":\"WebPage\",\"@id\":\"https:\/\/denkmalpflege.tuwien.ac.at\/index.php\/lehre-2\/so17\/modul17\/bautechnische-analysen-und-statik-historischer-baukonstruktionen\/\",\"url\":\"https:\/\/denkmalpflege.tuwien.ac.at\/index.php\/lehre-2\/so17\/modul17\/bautechnische-analysen-und-statik-historischer-baukonstruktionen\/\",\"name\":\"Bautechnische Analysen und Statik historischer Baukonstruktionen - Denkmalpflege und Bauen im Bestand\",\"isPartOf\":{\"@id\":\"https:\/\/denkmalpflege.tuwien.ac.at\/#website\"},\"primaryImageOfPage\":{\"@id\":\"https:\/\/denkmalpflege.tuwien.ac.at\/index.php\/lehre-2\/so17\/modul17\/bautechnische-analysen-und-statik-historischer-baukonstruktionen\/#primaryimage\"},\"image\":{\"@id\":\"https:\/\/denkmalpflege.tuwien.ac.at\/index.php\/lehre-2\/so17\/modul17\/bautechnische-analysen-und-statik-historischer-baukonstruktionen\/#primaryimage\"},\"thumbnailUrl\":\"http:\/\/denkmalpflege.tuwien.ac.at\/wp-content\/uploads\/2020\/01\/Modul-SS19.jpg\",\"datePublished\":\"2009-10-19T13:22:09+00:00\",\"dateModified\":\"2020-01-08T12:08:43+00:00\",\"breadcrumb\":{\"@id\":\"https:\/\/denkmalpflege.tuwien.ac.at\/index.php\/lehre-2\/so17\/modul17\/bautechnische-analysen-und-statik-historischer-baukonstruktionen\/#breadcrumb\"},\"inLanguage\":\"de\",\"potentialAction\":[{\"@type\":\"ReadAction\",\"target\":[\"https:\/\/denkmalpflege.tuwien.ac.at\/index.php\/lehre-2\/so17\/modul17\/bautechnische-analysen-und-statik-historischer-baukonstruktionen\/\"]}]},{\"@type\":\"ImageObject\",\"inLanguage\":\"de\",\"@id\":\"https:\/\/denkmalpflege.tuwien.ac.at\/index.php\/lehre-2\/so17\/modul17\/bautechnische-analysen-und-statik-historischer-baukonstruktionen\/#primaryimage\",\"url\":\"https:\/\/denkmalpflege.tuwien.ac.at\/wp-content\/uploads\/2020\/01\/Modul-SS19.jpg\",\"contentUrl\":\"https:\/\/denkmalpflege.tuwien.ac.at\/wp-content\/uploads\/2020\/01\/Modul-SS19.jpg\",\"width\":4000,\"height\":2664},{\"@type\":\"BreadcrumbList\",\"@id\":\"https:\/\/denkmalpflege.tuwien.ac.at\/index.php\/lehre-2\/so17\/modul17\/bautechnische-analysen-und-statik-historischer-baukonstruktionen\/#breadcrumb\",\"itemListElement\":[{\"@type\":\"ListItem\",\"position\":1,\"name\":\"Startseite\",\"item\":\"https:\/\/denkmalpflege.tuwien.ac.at\/\"},{\"@type\":\"ListItem\",\"position\":2,\"name\":\"Lehre\",\"item\":\"https:\/\/denkmalpflege.tuwien.ac.at\/index.php\/lehre-2\/\"},{\"@type\":\"ListItem\",\"position\":3,\"name\":\"LVA Sommersemester 2017\",\"item\":\"https:\/\/denkmalpflege.tuwien.ac.at\/index.php\/lehre-2\/so17\/\"},{\"@type\":\"ListItem\",\"position\":4,\"name\":\"Modul 2017\",\"item\":\"https:\/\/denkmalpflege.tuwien.ac.at\/index.php\/lehre-2\/so17\/modul17\/\"},{\"@type\":\"ListItem\",\"position\":5,\"name\":\"Bautechnische Analysen und Statik historischer Baukonstruktionen\"}]},{\"@type\":\"WebSite\",\"@id\":\"https:\/\/denkmalpflege.tuwien.ac.at\/#website\",\"url\":\"https:\/\/denkmalpflege.tuwien.ac.at\/\",\"name\":\"Denkmalpflege und Bauen im Bestand\",\"description\":\"Denkmalpflege TU Wien\",\"publisher\":{\"@id\":\"https:\/\/denkmalpflege.tuwien.ac.at\/#organization\"},\"potentialAction\":[{\"@type\":\"SearchAction\",\"target\":{\"@type\":\"EntryPoint\",\"urlTemplate\":\"https:\/\/denkmalpflege.tuwien.ac.at\/?s={search_term_string}\"},\"query-input\":{\"@type\":\"PropertyValueSpecification\",\"valueRequired\":true,\"valueName\":\"search_term_string\"}}],\"inLanguage\":\"de\"},{\"@type\":\"Organization\",\"@id\":\"https:\/\/denkmalpflege.tuwien.ac.at\/#organization\",\"name\":\"TU Wien Denkmalpflege und Bauen im Bestand\",\"url\":\"https:\/\/denkmalpflege.tuwien.ac.at\/\",\"logo\":{\"@type\":\"ImageObject\",\"inLanguage\":\"de\",\"@id\":\"https:\/\/denkmalpflege.tuwien.ac.at\/#\/schema\/logo\/image\/\",\"url\":\"https:\/\/denkmalpflege.tuwien.ac.at\/wp-content\/uploads\/2019\/10\/Logo1.png\",\"contentUrl\":\"https:\/\/denkmalpflege.tuwien.ac.at\/wp-content\/uploads\/2019\/10\/Logo1.png\",\"width\":222,\"height\":79,\"caption\":\"TU Wien Denkmalpflege und Bauen im Bestand\"},\"image\":{\"@id\":\"https:\/\/denkmalpflege.tuwien.ac.at\/#\/schema\/logo\/image\/\"}}]}<\/script>\n<!-- \/ Yoast SEO plugin. -->","yoast_head_json":{"title":"Bautechnische Analysen und Statik historischer Baukonstruktionen - Denkmalpflege und Bauen im Bestand","robots":{"index":"index","follow":"follow","max-snippet":"max-snippet:-1","max-image-preview":"max-image-preview:large","max-video-preview":"max-video-preview:-1"},"canonical":"https:\/\/denkmalpflege.tuwien.ac.at\/index.php\/lehre-2\/so17\/modul17\/bautechnische-analysen-und-statik-historischer-baukonstruktionen\/","og_locale":"de_DE","og_type":"article","og_title":"Bautechnische Analysen und Statik historischer Baukonstruktionen - Denkmalpflege und Bauen im Bestand","og_description":"LVA SS 2019 251.711 2,0 h (2,0 ECTS) Bautechnische Analysen &amp; Statik historischer Baukonstruktionen Modul Denkmalpflege &amp; Ma\u00dfnahmen am Denkmal Karl-Heinz HOLLINSKY, Andreas KOLBITSCH Einf\u00fchrung Montag 4. M\u00e4rz 2019, 17:00 Uhr im HS17 Termine bei Prof. KOLBITSCH:Montag, 13:30-15:00 Uhr im Hs12 (Stiege 6, 2. OG)11. M\u00e4rz 201925. M\u00e4rz 20191. April 2019 bei Dr. HOLLINSKY:Mittwoch, 16:00-18:00 Uhr im SR 257 (Stiege 3, 2. OG)8. Mai 201915. Mai 201922. Mai 201929. MaiRead More","og_url":"https:\/\/denkmalpflege.tuwien.ac.at\/index.php\/lehre-2\/so17\/modul17\/bautechnische-analysen-und-statik-historischer-baukonstruktionen\/","og_site_name":"Denkmalpflege und Bauen im Bestand","article_modified_time":"2020-01-08T12:08:43+00:00","og_image":[{"url":"http:\/\/denkmalpflege.tuwien.ac.at\/wp-content\/uploads\/2020\/01\/Modul-SS19.jpg","type":"","width":"","height":""}],"twitter_card":"summary_large_image","twitter_misc":{"Gesch\u00e4tzte Lesezeit":"1\u00a0Minute"},"schema":{"@context":"https:\/\/schema.org","@graph":[{"@type":"WebPage","@id":"https:\/\/denkmalpflege.tuwien.ac.at\/index.php\/lehre-2\/so17\/modul17\/bautechnische-analysen-und-statik-historischer-baukonstruktionen\/","url":"https:\/\/denkmalpflege.tuwien.ac.at\/index.php\/lehre-2\/so17\/modul17\/bautechnische-analysen-und-statik-historischer-baukonstruktionen\/","name":"Bautechnische Analysen und Statik historischer Baukonstruktionen - Denkmalpflege und Bauen im Bestand","isPartOf":{"@id":"https:\/\/denkmalpflege.tuwien.ac.at\/#website"},"primaryImageOfPage":{"@id":"https:\/\/denkmalpflege.tuwien.ac.at\/index.php\/lehre-2\/so17\/modul17\/bautechnische-analysen-und-statik-historischer-baukonstruktionen\/#primaryimage"},"image":{"@id":"https:\/\/denkmalpflege.tuwien.ac.at\/index.php\/lehre-2\/so17\/modul17\/bautechnische-analysen-und-statik-historischer-baukonstruktionen\/#primaryimage"},"thumbnailUrl":"http:\/\/denkmalpflege.tuwien.ac.at\/wp-content\/uploads\/2020\/01\/Modul-SS19.jpg","datePublished":"2009-10-19T13:22:09+00:00","dateModified":"2020-01-08T12:08:43+00:00","breadcrumb":{"@id":"https:\/\/denkmalpflege.tuwien.ac.at\/index.php\/lehre-2\/so17\/modul17\/bautechnische-analysen-und-statik-historischer-baukonstruktionen\/#breadcrumb"},"inLanguage":"de","potentialAction":[{"@type":"ReadAction","target":["https:\/\/denkmalpflege.tuwien.ac.at\/index.php\/lehre-2\/so17\/modul17\/bautechnische-analysen-und-statik-historischer-baukonstruktionen\/"]}]},{"@type":"ImageObject","inLanguage":"de","@id":"https:\/\/denkmalpflege.tuwien.ac.at\/index.php\/lehre-2\/so17\/modul17\/bautechnische-analysen-und-statik-historischer-baukonstruktionen\/#primaryimage","url":"https:\/\/denkmalpflege.tuwien.ac.at\/wp-content\/uploads\/2020\/01\/Modul-SS19.jpg","contentUrl":"https:\/\/denkmalpflege.tuwien.ac.at\/wp-content\/uploads\/2020\/01\/Modul-SS19.jpg","width":4000,"height":2664},{"@type":"BreadcrumbList","@id":"https:\/\/denkmalpflege.tuwien.ac.at\/index.php\/lehre-2\/so17\/modul17\/bautechnische-analysen-und-statik-historischer-baukonstruktionen\/#breadcrumb","itemListElement":[{"@type":"ListItem","position":1,"name":"Startseite","item":"https:\/\/denkmalpflege.tuwien.ac.at\/"},{"@type":"ListItem","position":2,"name":"Lehre","item":"https:\/\/denkmalpflege.tuwien.ac.at\/index.php\/lehre-2\/"},{"@type":"ListItem","position":3,"name":"LVA Sommersemester 2017","item":"https:\/\/denkmalpflege.tuwien.ac.at\/index.php\/lehre-2\/so17\/"},{"@type":"ListItem","position":4,"name":"Modul 2017","item":"https:\/\/denkmalpflege.tuwien.ac.at\/index.php\/lehre-2\/so17\/modul17\/"},{"@type":"ListItem","position":5,"name":"Bautechnische Analysen und Statik historischer Baukonstruktionen"}]},{"@type":"WebSite","@id":"https:\/\/denkmalpflege.tuwien.ac.at\/#website","url":"https:\/\/denkmalpflege.tuwien.ac.at\/","name":"Denkmalpflege und Bauen im Bestand","description":"Denkmalpflege TU Wien","publisher":{"@id":"https:\/\/denkmalpflege.tuwien.ac.at\/#organization"},"potentialAction":[{"@type":"SearchAction","target":{"@type":"EntryPoint","urlTemplate":"https:\/\/denkmalpflege.tuwien.ac.at\/?s={search_term_string}"},"query-input":{"@type":"PropertyValueSpecification","valueRequired":true,"valueName":"search_term_string"}}],"inLanguage":"de"},{"@type":"Organization","@id":"https:\/\/denkmalpflege.tuwien.ac.at\/#organization","name":"TU Wien Denkmalpflege und Bauen im Bestand","url":"https:\/\/denkmalpflege.tuwien.ac.at\/","logo":{"@type":"ImageObject","inLanguage":"de","@id":"https:\/\/denkmalpflege.tuwien.ac.at\/#\/schema\/logo\/image\/","url":"https:\/\/denkmalpflege.tuwien.ac.at\/wp-content\/uploads\/2019\/10\/Logo1.png","contentUrl":"https:\/\/denkmalpflege.tuwien.ac.at\/wp-content\/uploads\/2019\/10\/Logo1.png","width":222,"height":79,"caption":"TU Wien Denkmalpflege und Bauen im Bestand"},"image":{"@id":"https:\/\/denkmalpflege.tuwien.ac.at\/#\/schema\/logo\/image\/"}}]}},"_links":{"self":[{"href":"https:\/\/denkmalpflege.tuwien.ac.at\/index.php\/wp-json\/wp\/v2\/pages\/355","targetHints":{"allow":["GET"]}}],"collection":[{"href":"https:\/\/denkmalpflege.tuwien.ac.at\/index.php\/wp-json\/wp\/v2\/pages"}],"about":[{"href":"https:\/\/denkmalpflege.tuwien.ac.at\/index.php\/wp-json\/wp\/v2\/types\/page"}],"author":[{"embeddable":true,"href":"https:\/\/denkmalpflege.tuwien.ac.at\/index.php\/wp-json\/wp\/v2\/users\/1"}],"replies":[{"embeddable":true,"href":"https:\/\/denkmalpflege.tuwien.ac.at\/index.php\/wp-json\/wp\/v2\/comments?post=355"}],"version-history":[{"count":144,"href":"https:\/\/denkmalpflege.tuwien.ac.at\/index.php\/wp-json\/wp\/v2\/pages\/355\/revisions"}],"predecessor-version":[{"id":17784,"href":"https:\/\/denkmalpflege.tuwien.ac.at\/index.php\/wp-json\/wp\/v2\/pages\/355\/revisions\/17784"}],"up":[{"embeddable":true,"href":"https:\/\/denkmalpflege.tuwien.ac.at\/index.php\/wp-json\/wp\/v2\/pages\/198"}],"wp:attachment":[{"href":"https:\/\/denkmalpflege.tuwien.ac.at\/index.php\/wp-json\/wp\/v2\/media?parent=355"}],"curies":[{"name":"wp","href":"https:\/\/api.w.org\/{rel}","templated":true}]}}