{"id":35309,"date":"2026-01-08T12:49:29","date_gmt":"2026-01-08T11:49:29","guid":{"rendered":"https:\/\/denkmalpflege.tuwien.ac.at\/?page_id=35309"},"modified":"2026-01-08T12:56:43","modified_gmt":"2026-01-08T11:56:43","slug":"transformation-des-bestandes","status":"publish","type":"page","link":"https:\/\/denkmalpflege.tuwien.ac.at\/index.php\/publikationen\/transformation-des-bestandes\/","title":{"rendered":"Transformation des Bestandes"},"content":{"rendered":"\t\t<div data-elementor-type=\"wp-page\" data-elementor-id=\"35309\" class=\"elementor elementor-35309\" data-elementor-post-type=\"page\">\n\t\t\t\t\t\t<section class=\"elementor-section elementor-top-section elementor-element elementor-element-deadf1c elementor-section-full_width elementor-section-height-default elementor-section-height-default\" data-id=\"deadf1c\" data-element_type=\"section\">\n\t\t\t\t\t\t<div class=\"elementor-container elementor-column-gap-default\">\n\t\t\t\t\t<div class=\"elementor-column elementor-col-100 elementor-top-column elementor-element elementor-element-479528d\" data-id=\"479528d\" data-element_type=\"column\">\n\t\t\t<div class=\"elementor-widget-wrap elementor-element-populated\">\n\t\t\t\t\t\t<div class=\"elementor-element elementor-element-1b015a4 elementor-widget elementor-widget-text-editor\" data-id=\"1b015a4\" data-element_type=\"widget\" data-widget_type=\"text-editor.default\">\n\t\t\t\t<div class=\"elementor-widget-container\">\n\t\t\t\t\t\t\t\t\t<h2><a title=\"Autoreninfo Dragana Damjanovic\" href=\"https:\/\/www.tuwien.at\/academicpress\/autoren\/dragana-damjanovic\/\">Dragana Damjanovic<\/a>,\u00a0<a title=\"Autoreninfo Lorenzo De Chiffre\" href=\"https:\/\/www.tuwien.at\/academicpress\/autoren\/lorenzo-de-chiffre\/\">Lorenzo De Chiffre<\/a>,\u00a0<a title=\"Autoreninfo Madlyn Miessgang\" href=\"https:\/\/www.tuwien.at\/academicpress\/autoren\/madlyn-miessgang\/\">Madlyn Miessgang<\/a>,\u00a0<a title=\"Autoreninfo Heike Oevermann\" href=\"https:\/\/www.tuwien.at\/academicpress\/autoren\/heike-oevermann\/\">Heike Oevermann<\/a>,\u00a0<a title=\"Autoreninfo Johannes Suitner\" href=\"https:\/\/www.tuwien.at\/academicpress\/autoren\/johannes-suitner\/\">Johannes Suitner<\/a>\u00a0(Hrsg.)<\/h2>\t\t\t\t\t\t\t\t<\/div>\n\t\t\t\t<\/div>\n\t\t\t\t<div class=\"elementor-element elementor-element-32dcaea elementor-widget elementor-widget-heading\" data-id=\"32dcaea\" data-element_type=\"widget\" data-widget_type=\"heading.default\">\n\t\t\t\t<div class=\"elementor-widget-container\">\n\t\t\t\t\t<h2 class=\"elementor-heading-title elementor-size-default\">TRANSFORMATION DES BESTANDES<\/h2>\t\t\t\t<\/div>\n\t\t\t\t<\/div>\n\t\t\t\t\t<\/div>\n\t\t<\/div>\n\t\t\t\t\t<\/div>\n\t\t<\/section>\n\t\t\t\t<section class=\"elementor-section elementor-top-section elementor-element elementor-element-6b2aa10 elementor-section-full_width elementor-section-height-default elementor-section-height-default\" data-id=\"6b2aa10\" data-element_type=\"section\">\n\t\t\t\t\t\t<div class=\"elementor-container elementor-column-gap-default\">\n\t\t\t\t\t<div class=\"elementor-column elementor-col-50 elementor-top-column elementor-element elementor-element-b51ecfe\" data-id=\"b51ecfe\" data-element_type=\"column\">\n\t\t\t<div class=\"elementor-widget-wrap elementor-element-populated\">\n\t\t\t\t\t\t<div class=\"elementor-element elementor-element-df187fb elementor-widget elementor-widget-image\" data-id=\"df187fb\" data-element_type=\"widget\" data-widget_type=\"image.default\">\n\t\t\t\t<div class=\"elementor-widget-container\">\n\t\t\t\t\t\t\t\t\t\t\t\t\t\t\t\t<a href=\"http:\/\/denkmalpflege.tuwien.ac.at\/wp-content\/uploads\/2026\/01\/Publikation-Transformation-des-Bestandes-1-scaled.jpg\" data-elementor-open-lightbox=\"yes\" data-elementor-lightbox-title=\"Buchcover\" data-e-action-hash=\"#elementor-action%3Aaction%3Dlightbox%26settings%3DeyJpZCI6MzUzMDYsInVybCI6Imh0dHBzOlwvXC9kZW5rbWFscGZsZWdlLnR1d2llbi5hYy5hdFwvd3AtY29udGVudFwvdXBsb2Fkc1wvMjAyNlwvMDFcL1B1Ymxpa2F0aW9uLVRyYW5zZm9ybWF0aW9uLWRlcy1CZXN0YW5kZXMtMS1zY2FsZWQuanBnIn0%3D\">\n\t\t\t\t\t\t\t<img fetchpriority=\"high\" decoding=\"async\" width=\"687\" height=\"1024\" src=\"https:\/\/denkmalpflege.tuwien.ac.at\/wp-content\/uploads\/2026\/01\/Publikation-Transformation-des-Bestandes-1-687x1024.jpg\" class=\"attachment-large size-large wp-image-35306\" alt=\"\" srcset=\"https:\/\/denkmalpflege.tuwien.ac.at\/wp-content\/uploads\/2026\/01\/Publikation-Transformation-des-Bestandes-1-687x1024.jpg 687w, https:\/\/denkmalpflege.tuwien.ac.at\/wp-content\/uploads\/2026\/01\/Publikation-Transformation-des-Bestandes-1-201x300.jpg 201w, https:\/\/denkmalpflege.tuwien.ac.at\/wp-content\/uploads\/2026\/01\/Publikation-Transformation-des-Bestandes-1-768x1145.jpg 768w, https:\/\/denkmalpflege.tuwien.ac.at\/wp-content\/uploads\/2026\/01\/Publikation-Transformation-des-Bestandes-1-1031x1536.jpg 1031w, https:\/\/denkmalpflege.tuwien.ac.at\/wp-content\/uploads\/2026\/01\/Publikation-Transformation-des-Bestandes-1-1374x2048.jpg 1374w, https:\/\/denkmalpflege.tuwien.ac.at\/wp-content\/uploads\/2026\/01\/Publikation-Transformation-des-Bestandes-1-700x1043.jpg 700w, https:\/\/denkmalpflege.tuwien.ac.at\/wp-content\/uploads\/2026\/01\/Publikation-Transformation-des-Bestandes-1-scaled.jpg 1718w\" sizes=\"(max-width: 687px) 100vw, 687px\" \/>\t\t\t\t\t\t\t\t<\/a>\n\t\t\t\t\t\t\t\t\t\t\t\t\t\t\t<\/div>\n\t\t\t\t<\/div>\n\t\t\t\t<div class=\"elementor-element elementor-element-2cc805c elementor-widget elementor-widget-heading\" data-id=\"2cc805c\" data-element_type=\"widget\" data-widget_type=\"heading.default\">\n\t\t\t\t<div class=\"elementor-widget-container\">\n\t\t\t\t\t<h3 class=\"elementor-heading-title elementor-size-default\">Buchcover<\/h3>\t\t\t\t<\/div>\n\t\t\t\t<\/div>\n\t\t\t\t\t<\/div>\n\t\t<\/div>\n\t\t\t\t<div class=\"elementor-column elementor-col-50 elementor-top-column elementor-element elementor-element-3a4ab0f\" data-id=\"3a4ab0f\" data-element_type=\"column\">\n\t\t\t<div class=\"elementor-widget-wrap elementor-element-populated\">\n\t\t\t\t\t\t<div class=\"elementor-element elementor-element-86785b5 elementor-widget elementor-widget-text-editor\" data-id=\"86785b5\" data-element_type=\"widget\" data-widget_type=\"text-editor.default\">\n\t\t\t\t<div class=\"elementor-widget-container\">\n\t\t\t\t\t\t\t\t\t<p>Erschienen:\u00a0 2025<br \/>Umfang: 236 Seiten<br \/>Format: 24 x 17 cm<br \/>Sprache: Deutsch<\/p><p>Der Sammelband Transformation des Bestandes vereint Beitr\u00e4ge aus Architektur und Raumplanung,<br \/><br \/>Architekturtheorie,<br \/>Bauphysik,<br \/>Bodenpolitik,<br \/>Denkmalpflege,<br \/>Entwurfslehre,<br \/>Kunst,<br \/>Landschaftsplanung,<br \/>\u00d6konomie,<br \/>Planungskultur,<br \/>Raumsoziologie,<br \/>Rechtswissenschaft,<br \/>Stadtforschung,<br \/>Tragwerk,<br \/><br \/>die sich mit der Transformation des Bestandes auseinandersetzen. Die Vielfalt der theoretischen, methodischen und praktischen Zug\u00e4nge zeigen, wie komplex die Anforderungen und L\u00f6sungsans\u00e4tze in Forschung, Lehre und Planungspraxis bei einer Fokussierung auf den Bestand sind.<br \/><br \/>Der Band richtet sich an Wissenschaftler_innen, Lehrende, Studierende und Praktiker_innen, die sich mit nachhaltiger Transformation im Planen und Bauen besch\u00e4ftigen und an einem integrativen Verst\u00e4ndnis r\u00e4umlicher Ver\u00e4nderung mitwirken wollen.<\/p><p>Link zur Verlagsseite: <span style=\"text-decoration: underline;\"><a href=\"https:\/\/www.tuwien.at\/academicpress\/produkt\/transformation-des-bestandes\/\">Transformation des Bestandes<\/a><\/span><\/p>\t\t\t\t\t\t\t\t<\/div>\n\t\t\t\t<\/div>\n\t\t\t\t\t<\/div>\n\t\t<\/div>\n\t\t\t\t\t<\/div>\n\t\t<\/section>\n\t\t\t\t<\/div>\n\t\t","protected":false},"excerpt":{"rendered":"<p>Dragana Damjanovic,\u00a0Lorenzo De Chiffre,\u00a0Madlyn Miessgang,\u00a0Heike Oevermann,\u00a0Johannes Suitner\u00a0(Hrsg.) TRANSFORMATION DES BESTANDES Buchcover Erschienen:\u00a0 2025Umfang: 236 SeitenFormat: 24 x 17 cmSprache: Deutsch Der Sammelband Transformation des Bestandes vereint Beitr\u00e4ge aus Architektur und Raumplanung, Architekturtheorie,Bauphysik,Bodenpolitik,Denkmalpflege,Entwurfslehre,Kunst,Landschaftsplanung,\u00d6konomie,Planungskultur,Raumsoziologie,Rechtswissenschaft,Stadtforschung,Tragwerk, die sich mit der Transformation des Bestandes auseinandersetzen. Die Vielfalt der theoretischen, methodischen und praktischen Zug\u00e4nge zeigen, wie komplex die Anforderungen und L\u00f6sungsans\u00e4tze in Forschung, Lehre und Planungspraxis bei einer Fokussierung auf den Bestand sind. Der Band richtet<\/p>\n<div class=\"belowpost\"><a class=\"btnmore icon-arrow\" href=\"https:\/\/denkmalpflege.tuwien.ac.at\/index.php\/publikationen\/transformation-des-bestandes\/\"><span>Read More<\/span><\/a><\/div>\n","protected":false},"author":1,"featured_media":0,"parent":25774,"menu_order":0,"comment_status":"closed","ping_status":"closed","template":"","meta":{"footnotes":""},"class_list":["post-35309","page","type-page","status-publish","hentry"],"yoast_head":"<!-- This site is optimized with the Yoast SEO plugin v26.0 - https:\/\/yoast.com\/wordpress\/plugins\/seo\/ -->\n<title>Transformation des Bestandes - Denkmalpflege und Bauen im Bestand<\/title>\n<meta name=\"robots\" content=\"index, follow, max-snippet:-1, max-image-preview:large, max-video-preview:-1\" \/>\n<link rel=\"canonical\" href=\"https:\/\/denkmalpflege.tuwien.ac.at\/index.php\/publikationen\/transformation-des-bestandes\/\" \/>\n<meta property=\"og:locale\" content=\"de_DE\" \/>\n<meta property=\"og:type\" content=\"article\" \/>\n<meta property=\"og:title\" content=\"Transformation des Bestandes - Denkmalpflege und Bauen im Bestand\" \/>\n<meta property=\"og:description\" content=\"Dragana Damjanovic,\u00a0Lorenzo De Chiffre,\u00a0Madlyn Miessgang,\u00a0Heike Oevermann,\u00a0Johannes Suitner\u00a0(Hrsg.) TRANSFORMATION DES BESTANDES Buchcover Erschienen:\u00a0 2025Umfang: 236 SeitenFormat: 24 x 17 cmSprache: Deutsch Der Sammelband Transformation des Bestandes vereint Beitr\u00e4ge aus Architektur und Raumplanung, Architekturtheorie,Bauphysik,Bodenpolitik,Denkmalpflege,Entwurfslehre,Kunst,Landschaftsplanung,\u00d6konomie,Planungskultur,Raumsoziologie,Rechtswissenschaft,Stadtforschung,Tragwerk, die sich mit der Transformation des Bestandes auseinandersetzen. Die Vielfalt der theoretischen, methodischen und praktischen Zug\u00e4nge zeigen, wie komplex die Anforderungen und L\u00f6sungsans\u00e4tze in Forschung, Lehre und Planungspraxis bei einer Fokussierung auf den Bestand sind. Der Band richtetRead More\" \/>\n<meta property=\"og:url\" content=\"https:\/\/denkmalpflege.tuwien.ac.at\/index.php\/publikationen\/transformation-des-bestandes\/\" \/>\n<meta property=\"og:site_name\" content=\"Denkmalpflege und Bauen im Bestand\" \/>\n<meta property=\"article:modified_time\" content=\"2026-01-08T11:56:43+00:00\" \/>\n<meta property=\"og:image\" content=\"http:\/\/denkmalpflege.tuwien.ac.at\/wp-content\/uploads\/2026\/01\/Publikation-Transformation-des-Bestandes-1-687x1024.jpg\" \/>\n<meta name=\"twitter:card\" content=\"summary_large_image\" \/>\n<meta name=\"twitter:label1\" content=\"Gesch\u00e4tzte Lesezeit\" \/>\n\t<meta name=\"twitter:data1\" content=\"1\u00a0Minute\" \/>\n<script type=\"application\/ld+json\" class=\"yoast-schema-graph\">{\"@context\":\"https:\/\/schema.org\",\"@graph\":[{\"@type\":\"WebPage\",\"@id\":\"https:\/\/denkmalpflege.tuwien.ac.at\/index.php\/publikationen\/transformation-des-bestandes\/\",\"url\":\"https:\/\/denkmalpflege.tuwien.ac.at\/index.php\/publikationen\/transformation-des-bestandes\/\",\"name\":\"Transformation des Bestandes - Denkmalpflege und Bauen im Bestand\",\"isPartOf\":{\"@id\":\"https:\/\/denkmalpflege.tuwien.ac.at\/#website\"},\"primaryImageOfPage\":{\"@id\":\"https:\/\/denkmalpflege.tuwien.ac.at\/index.php\/publikationen\/transformation-des-bestandes\/#primaryimage\"},\"image\":{\"@id\":\"https:\/\/denkmalpflege.tuwien.ac.at\/index.php\/publikationen\/transformation-des-bestandes\/#primaryimage\"},\"thumbnailUrl\":\"http:\/\/denkmalpflege.tuwien.ac.at\/wp-content\/uploads\/2026\/01\/Publikation-Transformation-des-Bestandes-1-687x1024.jpg\",\"datePublished\":\"2026-01-08T11:49:29+00:00\",\"dateModified\":\"2026-01-08T11:56:43+00:00\",\"breadcrumb\":{\"@id\":\"https:\/\/denkmalpflege.tuwien.ac.at\/index.php\/publikationen\/transformation-des-bestandes\/#breadcrumb\"},\"inLanguage\":\"de\",\"potentialAction\":[{\"@type\":\"ReadAction\",\"target\":[\"https:\/\/denkmalpflege.tuwien.ac.at\/index.php\/publikationen\/transformation-des-bestandes\/\"]}]},{\"@type\":\"ImageObject\",\"inLanguage\":\"de\",\"@id\":\"https:\/\/denkmalpflege.tuwien.ac.at\/index.php\/publikationen\/transformation-des-bestandes\/#primaryimage\",\"url\":\"https:\/\/denkmalpflege.tuwien.ac.at\/wp-content\/uploads\/2026\/01\/Publikation-Transformation-des-Bestandes-1-scaled.jpg\",\"contentUrl\":\"https:\/\/denkmalpflege.tuwien.ac.at\/wp-content\/uploads\/2026\/01\/Publikation-Transformation-des-Bestandes-1-scaled.jpg\",\"width\":1718,\"height\":2560,\"caption\":\"Buchcover\"},{\"@type\":\"BreadcrumbList\",\"@id\":\"https:\/\/denkmalpflege.tuwien.ac.at\/index.php\/publikationen\/transformation-des-bestandes\/#breadcrumb\",\"itemListElement\":[{\"@type\":\"ListItem\",\"position\":1,\"name\":\"Startseite\",\"item\":\"https:\/\/denkmalpflege.tuwien.ac.at\/\"},{\"@type\":\"ListItem\",\"position\":2,\"name\":\"Publikationen\",\"item\":\"https:\/\/denkmalpflege.tuwien.ac.at\/index.php\/publikationen\/\"},{\"@type\":\"ListItem\",\"position\":3,\"name\":\"Transformation des Bestandes\"}]},{\"@type\":\"WebSite\",\"@id\":\"https:\/\/denkmalpflege.tuwien.ac.at\/#website\",\"url\":\"https:\/\/denkmalpflege.tuwien.ac.at\/\",\"name\":\"Denkmalpflege und Bauen im Bestand\",\"description\":\"Denkmalpflege TU Wien\",\"publisher\":{\"@id\":\"https:\/\/denkmalpflege.tuwien.ac.at\/#organization\"},\"potentialAction\":[{\"@type\":\"SearchAction\",\"target\":{\"@type\":\"EntryPoint\",\"urlTemplate\":\"https:\/\/denkmalpflege.tuwien.ac.at\/?s={search_term_string}\"},\"query-input\":{\"@type\":\"PropertyValueSpecification\",\"valueRequired\":true,\"valueName\":\"search_term_string\"}}],\"inLanguage\":\"de\"},{\"@type\":\"Organization\",\"@id\":\"https:\/\/denkmalpflege.tuwien.ac.at\/#organization\",\"name\":\"TU Wien Denkmalpflege und Bauen im Bestand\",\"url\":\"https:\/\/denkmalpflege.tuwien.ac.at\/\",\"logo\":{\"@type\":\"ImageObject\",\"inLanguage\":\"de\",\"@id\":\"https:\/\/denkmalpflege.tuwien.ac.at\/#\/schema\/logo\/image\/\",\"url\":\"https:\/\/denkmalpflege.tuwien.ac.at\/wp-content\/uploads\/2019\/10\/Logo1.png\",\"contentUrl\":\"https:\/\/denkmalpflege.tuwien.ac.at\/wp-content\/uploads\/2019\/10\/Logo1.png\",\"width\":222,\"height\":79,\"caption\":\"TU Wien Denkmalpflege und Bauen im Bestand\"},\"image\":{\"@id\":\"https:\/\/denkmalpflege.tuwien.ac.at\/#\/schema\/logo\/image\/\"}}]}<\/script>\n<!-- \/ Yoast SEO plugin. -->","yoast_head_json":{"title":"Transformation des Bestandes - Denkmalpflege und Bauen im Bestand","robots":{"index":"index","follow":"follow","max-snippet":"max-snippet:-1","max-image-preview":"max-image-preview:large","max-video-preview":"max-video-preview:-1"},"canonical":"https:\/\/denkmalpflege.tuwien.ac.at\/index.php\/publikationen\/transformation-des-bestandes\/","og_locale":"de_DE","og_type":"article","og_title":"Transformation des Bestandes - Denkmalpflege und Bauen im Bestand","og_description":"Dragana Damjanovic,\u00a0Lorenzo De Chiffre,\u00a0Madlyn Miessgang,\u00a0Heike Oevermann,\u00a0Johannes Suitner\u00a0(Hrsg.) TRANSFORMATION DES BESTANDES Buchcover Erschienen:\u00a0 2025Umfang: 236 SeitenFormat: 24 x 17 cmSprache: Deutsch Der Sammelband Transformation des Bestandes vereint Beitr\u00e4ge aus Architektur und Raumplanung, Architekturtheorie,Bauphysik,Bodenpolitik,Denkmalpflege,Entwurfslehre,Kunst,Landschaftsplanung,\u00d6konomie,Planungskultur,Raumsoziologie,Rechtswissenschaft,Stadtforschung,Tragwerk, die sich mit der Transformation des Bestandes auseinandersetzen. Die Vielfalt der theoretischen, methodischen und praktischen Zug\u00e4nge zeigen, wie komplex die Anforderungen und L\u00f6sungsans\u00e4tze in Forschung, Lehre und Planungspraxis bei einer Fokussierung auf den Bestand sind. Der Band richtetRead More","og_url":"https:\/\/denkmalpflege.tuwien.ac.at\/index.php\/publikationen\/transformation-des-bestandes\/","og_site_name":"Denkmalpflege und Bauen im Bestand","article_modified_time":"2026-01-08T11:56:43+00:00","og_image":[{"url":"http:\/\/denkmalpflege.tuwien.ac.at\/wp-content\/uploads\/2026\/01\/Publikation-Transformation-des-Bestandes-1-687x1024.jpg","type":"","width":"","height":""}],"twitter_card":"summary_large_image","twitter_misc":{"Gesch\u00e4tzte Lesezeit":"1\u00a0Minute"},"schema":{"@context":"https:\/\/schema.org","@graph":[{"@type":"WebPage","@id":"https:\/\/denkmalpflege.tuwien.ac.at\/index.php\/publikationen\/transformation-des-bestandes\/","url":"https:\/\/denkmalpflege.tuwien.ac.at\/index.php\/publikationen\/transformation-des-bestandes\/","name":"Transformation des Bestandes - Denkmalpflege und Bauen im Bestand","isPartOf":{"@id":"https:\/\/denkmalpflege.tuwien.ac.at\/#website"},"primaryImageOfPage":{"@id":"https:\/\/denkmalpflege.tuwien.ac.at\/index.php\/publikationen\/transformation-des-bestandes\/#primaryimage"},"image":{"@id":"https:\/\/denkmalpflege.tuwien.ac.at\/index.php\/publikationen\/transformation-des-bestandes\/#primaryimage"},"thumbnailUrl":"http:\/\/denkmalpflege.tuwien.ac.at\/wp-content\/uploads\/2026\/01\/Publikation-Transformation-des-Bestandes-1-687x1024.jpg","datePublished":"2026-01-08T11:49:29+00:00","dateModified":"2026-01-08T11:56:43+00:00","breadcrumb":{"@id":"https:\/\/denkmalpflege.tuwien.ac.at\/index.php\/publikationen\/transformation-des-bestandes\/#breadcrumb"},"inLanguage":"de","potentialAction":[{"@type":"ReadAction","target":["https:\/\/denkmalpflege.tuwien.ac.at\/index.php\/publikationen\/transformation-des-bestandes\/"]}]},{"@type":"ImageObject","inLanguage":"de","@id":"https:\/\/denkmalpflege.tuwien.ac.at\/index.php\/publikationen\/transformation-des-bestandes\/#primaryimage","url":"https:\/\/denkmalpflege.tuwien.ac.at\/wp-content\/uploads\/2026\/01\/Publikation-Transformation-des-Bestandes-1-scaled.jpg","contentUrl":"https:\/\/denkmalpflege.tuwien.ac.at\/wp-content\/uploads\/2026\/01\/Publikation-Transformation-des-Bestandes-1-scaled.jpg","width":1718,"height":2560,"caption":"Buchcover"},{"@type":"BreadcrumbList","@id":"https:\/\/denkmalpflege.tuwien.ac.at\/index.php\/publikationen\/transformation-des-bestandes\/#breadcrumb","itemListElement":[{"@type":"ListItem","position":1,"name":"Startseite","item":"https:\/\/denkmalpflege.tuwien.ac.at\/"},{"@type":"ListItem","position":2,"name":"Publikationen","item":"https:\/\/denkmalpflege.tuwien.ac.at\/index.php\/publikationen\/"},{"@type":"ListItem","position":3,"name":"Transformation des Bestandes"}]},{"@type":"WebSite","@id":"https:\/\/denkmalpflege.tuwien.ac.at\/#website","url":"https:\/\/denkmalpflege.tuwien.ac.at\/","name":"Denkmalpflege und Bauen im Bestand","description":"Denkmalpflege TU Wien","publisher":{"@id":"https:\/\/denkmalpflege.tuwien.ac.at\/#organization"},"potentialAction":[{"@type":"SearchAction","target":{"@type":"EntryPoint","urlTemplate":"https:\/\/denkmalpflege.tuwien.ac.at\/?s={search_term_string}"},"query-input":{"@type":"PropertyValueSpecification","valueRequired":true,"valueName":"search_term_string"}}],"inLanguage":"de"},{"@type":"Organization","@id":"https:\/\/denkmalpflege.tuwien.ac.at\/#organization","name":"TU Wien Denkmalpflege und Bauen im Bestand","url":"https:\/\/denkmalpflege.tuwien.ac.at\/","logo":{"@type":"ImageObject","inLanguage":"de","@id":"https:\/\/denkmalpflege.tuwien.ac.at\/#\/schema\/logo\/image\/","url":"https:\/\/denkmalpflege.tuwien.ac.at\/wp-content\/uploads\/2019\/10\/Logo1.png","contentUrl":"https:\/\/denkmalpflege.tuwien.ac.at\/wp-content\/uploads\/2019\/10\/Logo1.png","width":222,"height":79,"caption":"TU Wien Denkmalpflege und Bauen im Bestand"},"image":{"@id":"https:\/\/denkmalpflege.tuwien.ac.at\/#\/schema\/logo\/image\/"}}]}},"_links":{"self":[{"href":"https:\/\/denkmalpflege.tuwien.ac.at\/index.php\/wp-json\/wp\/v2\/pages\/35309","targetHints":{"allow":["GET"]}}],"collection":[{"href":"https:\/\/denkmalpflege.tuwien.ac.at\/index.php\/wp-json\/wp\/v2\/pages"}],"about":[{"href":"https:\/\/denkmalpflege.tuwien.ac.at\/index.php\/wp-json\/wp\/v2\/types\/page"}],"author":[{"embeddable":true,"href":"https:\/\/denkmalpflege.tuwien.ac.at\/index.php\/wp-json\/wp\/v2\/users\/1"}],"replies":[{"embeddable":true,"href":"https:\/\/denkmalpflege.tuwien.ac.at\/index.php\/wp-json\/wp\/v2\/comments?post=35309"}],"version-history":[{"count":7,"href":"https:\/\/denkmalpflege.tuwien.ac.at\/index.php\/wp-json\/wp\/v2\/pages\/35309\/revisions"}],"predecessor-version":[{"id":35317,"href":"https:\/\/denkmalpflege.tuwien.ac.at\/index.php\/wp-json\/wp\/v2\/pages\/35309\/revisions\/35317"}],"up":[{"embeddable":true,"href":"https:\/\/denkmalpflege.tuwien.ac.at\/index.php\/wp-json\/wp\/v2\/pages\/25774"}],"wp:attachment":[{"href":"https:\/\/denkmalpflege.tuwien.ac.at\/index.php\/wp-json\/wp\/v2\/media?parent=35309"}],"curies":[{"name":"wp","href":"https:\/\/api.w.org\/{rel}","templated":true}]}}