{"id":34715,"date":"2025-10-08T10:33:16","date_gmt":"2025-10-08T08:33:16","guid":{"rendered":"https:\/\/denkmalpflege.tuwien.ac.at\/?page_id=34715"},"modified":"2026-01-08T11:57:35","modified_gmt":"2026-01-08T10:57:35","slug":"transforming-cities","status":"publish","type":"page","link":"https:\/\/denkmalpflege.tuwien.ac.at\/index.php\/publikationen\/transforming-cities\/","title":{"rendered":"Transforming Cities"},"content":{"rendered":"\t\t<div data-elementor-type=\"wp-page\" data-elementor-id=\"34715\" class=\"elementor elementor-34715\" data-elementor-post-type=\"page\">\n\t\t\t\t\t\t<section class=\"elementor-section elementor-top-section elementor-element elementor-element-deadf1c elementor-section-full_width elementor-section-height-default elementor-section-height-default\" data-id=\"deadf1c\" data-element_type=\"section\">\n\t\t\t\t\t\t<div class=\"elementor-container elementor-column-gap-default\">\n\t\t\t\t\t<div class=\"elementor-column elementor-col-100 elementor-top-column elementor-element elementor-element-479528d\" data-id=\"479528d\" data-element_type=\"column\">\n\t\t\t<div class=\"elementor-widget-wrap elementor-element-populated\">\n\t\t\t\t\t\t<div class=\"elementor-element elementor-element-1b015a4 elementor-widget elementor-widget-text-editor\" data-id=\"1b015a4\" data-element_type=\"widget\" data-widget_type=\"text-editor.default\">\n\t\t\t\t<div class=\"elementor-widget-container\">\n\t\t\t\t\t\t\t\t\t<h2><a href=\"https:\/\/www.tuwien.at\/academicpress\/autoren\/birgit-knauer\/\">Birgit Knauer<\/a>,\u00a0<a href=\"https:\/\/www.tuwien.at\/academicpress\/autoren\/laura-demeter\/\">Laura Demeter<\/a>\u00a0(Hrsg.)<\/h2>\t\t\t\t\t\t\t\t<\/div>\n\t\t\t\t<\/div>\n\t\t\t\t<div class=\"elementor-element elementor-element-32dcaea elementor-widget elementor-widget-heading\" data-id=\"32dcaea\" data-element_type=\"widget\" data-widget_type=\"heading.default\">\n\t\t\t\t<div class=\"elementor-widget-container\">\n\t\t\t\t\t<h2 class=\"elementor-heading-title elementor-size-default\">TRANSFORMING CITIES<\/h2>\t\t\t\t<\/div>\n\t\t\t\t<\/div>\n\t\t\t\t<div class=\"elementor-element elementor-element-3b7a1f1 elementor-widget elementor-widget-heading\" data-id=\"3b7a1f1\" data-element_type=\"widget\" data-widget_type=\"heading.default\">\n\t\t\t\t<div class=\"elementor-widget-container\">\n\t\t\t\t\t<h5 class=\"elementor-heading-title elementor-size-default\">Planning and Preserving in Historic Urban Contexts<\/h5>\t\t\t\t<\/div>\n\t\t\t\t<\/div>\n\t\t\t\t\t<\/div>\n\t\t<\/div>\n\t\t\t\t\t<\/div>\n\t\t<\/section>\n\t\t\t\t<section class=\"elementor-section elementor-top-section elementor-element elementor-element-6b2aa10 elementor-section-full_width elementor-section-height-default elementor-section-height-default\" data-id=\"6b2aa10\" data-element_type=\"section\">\n\t\t\t\t\t\t<div class=\"elementor-container elementor-column-gap-default\">\n\t\t\t\t\t<div class=\"elementor-column elementor-col-50 elementor-top-column elementor-element elementor-element-b51ecfe\" data-id=\"b51ecfe\" data-element_type=\"column\">\n\t\t\t<div class=\"elementor-widget-wrap elementor-element-populated\">\n\t\t\t\t\t\t<div class=\"elementor-element elementor-element-df187fb elementor-widget elementor-widget-image\" data-id=\"df187fb\" data-element_type=\"widget\" data-widget_type=\"image.default\">\n\t\t\t\t<div class=\"elementor-widget-container\">\n\t\t\t\t\t\t\t\t\t\t\t\t\t\t\t\t<a href=\"http:\/\/denkmalpflege.tuwien.ac.at\/wp-content\/uploads\/2025\/10\/Kachel-Transforming-Cities-scaled.jpg\" data-elementor-open-lightbox=\"yes\" data-e-action-hash=\"#elementor-action%3Aaction%3Dlightbox%26settings%3DeyJpZCI6MzQ2OTksInVybCI6Imh0dHBzOlwvXC9kZW5rbWFscGZsZWdlLnR1d2llbi5hYy5hdFwvd3AtY29udGVudFwvdXBsb2Fkc1wvMjAyNVwvMTBcL0thY2hlbC1UcmFuc2Zvcm1pbmctQ2l0aWVzLXNjYWxlZC5qcGcifQ%3D%3D\">\n\t\t\t\t\t\t\t<img fetchpriority=\"high\" decoding=\"async\" width=\"687\" height=\"1024\" src=\"https:\/\/denkmalpflege.tuwien.ac.at\/wp-content\/uploads\/2025\/10\/Kachel-Transforming-Cities-687x1024.jpg\" class=\"attachment-large size-large wp-image-34699\" alt=\"\" srcset=\"https:\/\/denkmalpflege.tuwien.ac.at\/wp-content\/uploads\/2025\/10\/Kachel-Transforming-Cities-687x1024.jpg 687w, https:\/\/denkmalpflege.tuwien.ac.at\/wp-content\/uploads\/2025\/10\/Kachel-Transforming-Cities-201x300.jpg 201w, https:\/\/denkmalpflege.tuwien.ac.at\/wp-content\/uploads\/2025\/10\/Kachel-Transforming-Cities-768x1145.jpg 768w, https:\/\/denkmalpflege.tuwien.ac.at\/wp-content\/uploads\/2025\/10\/Kachel-Transforming-Cities-1031x1536.jpg 1031w, https:\/\/denkmalpflege.tuwien.ac.at\/wp-content\/uploads\/2025\/10\/Kachel-Transforming-Cities-1374x2048.jpg 1374w, https:\/\/denkmalpflege.tuwien.ac.at\/wp-content\/uploads\/2025\/10\/Kachel-Transforming-Cities-700x1043.jpg 700w, https:\/\/denkmalpflege.tuwien.ac.at\/wp-content\/uploads\/2025\/10\/Kachel-Transforming-Cities-scaled.jpg 1718w\" sizes=\"(max-width: 687px) 100vw, 687px\" \/>\t\t\t\t\t\t\t\t<\/a>\n\t\t\t\t\t\t\t\t\t\t\t\t\t\t\t<\/div>\n\t\t\t\t<\/div>\n\t\t\t\t<div class=\"elementor-element elementor-element-2cc805c elementor-widget elementor-widget-heading\" data-id=\"2cc805c\" data-element_type=\"widget\" data-widget_type=\"heading.default\">\n\t\t\t\t<div class=\"elementor-widget-container\">\n\t\t\t\t\t<h3 class=\"elementor-heading-title elementor-size-default\">Buchcover<\/h3>\t\t\t\t<\/div>\n\t\t\t\t<\/div>\n\t\t\t\t\t<\/div>\n\t\t<\/div>\n\t\t\t\t<div class=\"elementor-column elementor-col-50 elementor-top-column elementor-element elementor-element-3a4ab0f\" data-id=\"3a4ab0f\" data-element_type=\"column\">\n\t\t\t<div class=\"elementor-widget-wrap elementor-element-populated\">\n\t\t\t\t\t\t<div class=\"elementor-element elementor-element-86785b5 elementor-widget elementor-widget-text-editor\" data-id=\"86785b5\" data-element_type=\"widget\" data-widget_type=\"text-editor.default\">\n\t\t\t\t<div class=\"elementor-widget-container\">\n\t\t\t\t\t\t\t\t\t<p>Erschienen:\u00a0September 2025<br \/>Umfang:\u00a0244\u00a0Seiten<br \/>Format:\u00a024 x 17 cm<br \/>Sprache:\u00a0Englisch<\/p><p>Die Forschungsarbeiten in diesem Sammelband analysieren Zusammenh\u00e4nge zwischen historischen Planungsstrategien und der Erhaltung des kulturellen Erbes w\u00e4hrend der Transformationsprozesse europ\u00e4ischer St\u00e4dte im 19. und 20. Jahrhundert. Fallstudien aus verschiedenen L\u00e4ndern, darunter \u00d6sterreich, Bulgarien, Kroatien, Deutschland, Ungarn, Italien, Polen, Rum\u00e4nien und das Vereinigte K\u00f6nigreich, konzentrieren sich insbesondere auf die Zeit nach dem Zweiten Weltkrieg.<br \/>Eines der Ziele dieses Bandes ist es, Planungstheorien und -praktiken zur Erhaltung des baulichen Kulturerbes im \u201ekapitalistischen\u201c westeurop\u00e4ischen Kontext sowie die parallelen Entwicklungen und Transformationen durch die kommunistischen und sozialistischen Regime in Mittel- und Osteuropa zu behandeln. Ein besonderer Schwerpunkt liegt auf den Entwicklungen in den ehemals kommunistischen L\u00e4ndern und den Kontinuit\u00e4ten und Diskontinuit\u00e4ten von der Zwischenkriegszeit bis zum Zweiten Weltkrieg sowie im Zusammenhang mit den Regimewechseln von 1989.<br \/>Die Autoren decken ein breites Spektrum an Themen in den Bereichen Planungsgeschichte, Stadtgeschichte, historischer Geographie und Denkmalpflege ab. Der Band erhebt dabei keinen Anspruch auf Vollst\u00e4ndigkeit, sondern will vielmehr den Weg f\u00fcr zuk\u00fcnftige Studien ebnen, die Transformationsprozesse von St\u00e4dten interdisziplin\u00e4r und transnational untersuchen.<\/p><p>Link zur Verlagsseite: <a href=\"https:\/\/www.tuwien.at\/academicpress\/produkt\/transforming-cities\/\">TRANSFORMING CITIES &#8211; TU Wien Academic Press<\/a><\/p>\t\t\t\t\t\t\t\t<\/div>\n\t\t\t\t<\/div>\n\t\t\t\t\t<\/div>\n\t\t<\/div>\n\t\t\t\t\t<\/div>\n\t\t<\/section>\n\t\t\t\t<\/div>\n\t\t","protected":false},"excerpt":{"rendered":"<p>Birgit Knauer,\u00a0Laura Demeter\u00a0(Hrsg.) TRANSFORMING CITIES Planning and Preserving in Historic Urban Contexts Buchcover Erschienen:\u00a0September 2025Umfang:\u00a0244\u00a0SeitenFormat:\u00a024 x 17 cmSprache:\u00a0Englisch Die Forschungsarbeiten in diesem Sammelband analysieren Zusammenh\u00e4nge zwischen historischen Planungsstrategien und der Erhaltung des kulturellen Erbes w\u00e4hrend der Transformationsprozesse europ\u00e4ischer St\u00e4dte im 19. und 20. Jahrhundert. Fallstudien aus verschiedenen L\u00e4ndern, darunter \u00d6sterreich, Bulgarien, Kroatien, Deutschland, Ungarn, Italien, Polen, Rum\u00e4nien und das Vereinigte K\u00f6nigreich, konzentrieren sich insbesondere auf die Zeit nach dem Zweiten<\/p>\n<div class=\"belowpost\"><a class=\"btnmore icon-arrow\" href=\"https:\/\/denkmalpflege.tuwien.ac.at\/index.php\/publikationen\/transforming-cities\/\"><span>Read More<\/span><\/a><\/div>\n","protected":false},"author":1,"featured_media":0,"parent":25774,"menu_order":0,"comment_status":"closed","ping_status":"closed","template":"","meta":{"footnotes":""},"class_list":["post-34715","page","type-page","status-publish","hentry"],"yoast_head":"<!-- This site is optimized with the Yoast SEO plugin v26.0 - https:\/\/yoast.com\/wordpress\/plugins\/seo\/ -->\n<title>Transforming Cities - Denkmalpflege und Bauen im Bestand<\/title>\n<meta name=\"robots\" content=\"index, follow, max-snippet:-1, max-image-preview:large, max-video-preview:-1\" \/>\n<link rel=\"canonical\" href=\"https:\/\/denkmalpflege.tuwien.ac.at\/index.php\/publikationen\/transforming-cities\/\" \/>\n<meta property=\"og:locale\" content=\"de_DE\" \/>\n<meta property=\"og:type\" content=\"article\" \/>\n<meta property=\"og:title\" content=\"Transforming Cities - Denkmalpflege und Bauen im Bestand\" \/>\n<meta property=\"og:description\" content=\"Birgit Knauer,\u00a0Laura Demeter\u00a0(Hrsg.) TRANSFORMING CITIES Planning and Preserving in Historic Urban Contexts Buchcover Erschienen:\u00a0September 2025Umfang:\u00a0244\u00a0SeitenFormat:\u00a024 x 17 cmSprache:\u00a0Englisch Die Forschungsarbeiten in diesem Sammelband analysieren Zusammenh\u00e4nge zwischen historischen Planungsstrategien und der Erhaltung des kulturellen Erbes w\u00e4hrend der Transformationsprozesse europ\u00e4ischer St\u00e4dte im 19. und 20. Jahrhundert. Fallstudien aus verschiedenen L\u00e4ndern, darunter \u00d6sterreich, Bulgarien, Kroatien, Deutschland, Ungarn, Italien, Polen, Rum\u00e4nien und das Vereinigte K\u00f6nigreich, konzentrieren sich insbesondere auf die Zeit nach dem ZweitenRead More\" \/>\n<meta property=\"og:url\" content=\"https:\/\/denkmalpflege.tuwien.ac.at\/index.php\/publikationen\/transforming-cities\/\" \/>\n<meta property=\"og:site_name\" content=\"Denkmalpflege und Bauen im Bestand\" \/>\n<meta property=\"article:modified_time\" content=\"2026-01-08T10:57:35+00:00\" \/>\n<meta property=\"og:image\" content=\"http:\/\/denkmalpflege.tuwien.ac.at\/wp-content\/uploads\/2025\/10\/Kachel-Transforming-Cities-687x1024.jpg\" \/>\n<meta name=\"twitter:card\" content=\"summary_large_image\" \/>\n<meta name=\"twitter:label1\" content=\"Gesch\u00e4tzte Lesezeit\" \/>\n\t<meta name=\"twitter:data1\" content=\"2\u00a0Minuten\" \/>\n<script type=\"application\/ld+json\" class=\"yoast-schema-graph\">{\"@context\":\"https:\/\/schema.org\",\"@graph\":[{\"@type\":\"WebPage\",\"@id\":\"https:\/\/denkmalpflege.tuwien.ac.at\/index.php\/publikationen\/transforming-cities\/\",\"url\":\"https:\/\/denkmalpflege.tuwien.ac.at\/index.php\/publikationen\/transforming-cities\/\",\"name\":\"Transforming Cities - Denkmalpflege und Bauen im Bestand\",\"isPartOf\":{\"@id\":\"https:\/\/denkmalpflege.tuwien.ac.at\/#website\"},\"primaryImageOfPage\":{\"@id\":\"https:\/\/denkmalpflege.tuwien.ac.at\/index.php\/publikationen\/transforming-cities\/#primaryimage\"},\"image\":{\"@id\":\"https:\/\/denkmalpflege.tuwien.ac.at\/index.php\/publikationen\/transforming-cities\/#primaryimage\"},\"thumbnailUrl\":\"http:\/\/denkmalpflege.tuwien.ac.at\/wp-content\/uploads\/2025\/10\/Kachel-Transforming-Cities-687x1024.jpg\",\"datePublished\":\"2025-10-08T08:33:16+00:00\",\"dateModified\":\"2026-01-08T10:57:35+00:00\",\"breadcrumb\":{\"@id\":\"https:\/\/denkmalpflege.tuwien.ac.at\/index.php\/publikationen\/transforming-cities\/#breadcrumb\"},\"inLanguage\":\"de\",\"potentialAction\":[{\"@type\":\"ReadAction\",\"target\":[\"https:\/\/denkmalpflege.tuwien.ac.at\/index.php\/publikationen\/transforming-cities\/\"]}]},{\"@type\":\"ImageObject\",\"inLanguage\":\"de\",\"@id\":\"https:\/\/denkmalpflege.tuwien.ac.at\/index.php\/publikationen\/transforming-cities\/#primaryimage\",\"url\":\"https:\/\/denkmalpflege.tuwien.ac.at\/wp-content\/uploads\/2025\/10\/Kachel-Transforming-Cities-scaled.jpg\",\"contentUrl\":\"https:\/\/denkmalpflege.tuwien.ac.at\/wp-content\/uploads\/2025\/10\/Kachel-Transforming-Cities-scaled.jpg\",\"width\":1718,\"height\":2560},{\"@type\":\"BreadcrumbList\",\"@id\":\"https:\/\/denkmalpflege.tuwien.ac.at\/index.php\/publikationen\/transforming-cities\/#breadcrumb\",\"itemListElement\":[{\"@type\":\"ListItem\",\"position\":1,\"name\":\"Startseite\",\"item\":\"https:\/\/denkmalpflege.tuwien.ac.at\/\"},{\"@type\":\"ListItem\",\"position\":2,\"name\":\"Publikationen\",\"item\":\"https:\/\/denkmalpflege.tuwien.ac.at\/index.php\/publikationen\/\"},{\"@type\":\"ListItem\",\"position\":3,\"name\":\"Transforming Cities\"}]},{\"@type\":\"WebSite\",\"@id\":\"https:\/\/denkmalpflege.tuwien.ac.at\/#website\",\"url\":\"https:\/\/denkmalpflege.tuwien.ac.at\/\",\"name\":\"Denkmalpflege und Bauen im Bestand\",\"description\":\"Denkmalpflege TU Wien\",\"publisher\":{\"@id\":\"https:\/\/denkmalpflege.tuwien.ac.at\/#organization\"},\"potentialAction\":[{\"@type\":\"SearchAction\",\"target\":{\"@type\":\"EntryPoint\",\"urlTemplate\":\"https:\/\/denkmalpflege.tuwien.ac.at\/?s={search_term_string}\"},\"query-input\":{\"@type\":\"PropertyValueSpecification\",\"valueRequired\":true,\"valueName\":\"search_term_string\"}}],\"inLanguage\":\"de\"},{\"@type\":\"Organization\",\"@id\":\"https:\/\/denkmalpflege.tuwien.ac.at\/#organization\",\"name\":\"TU Wien Denkmalpflege und Bauen im Bestand\",\"url\":\"https:\/\/denkmalpflege.tuwien.ac.at\/\",\"logo\":{\"@type\":\"ImageObject\",\"inLanguage\":\"de\",\"@id\":\"https:\/\/denkmalpflege.tuwien.ac.at\/#\/schema\/logo\/image\/\",\"url\":\"https:\/\/denkmalpflege.tuwien.ac.at\/wp-content\/uploads\/2019\/10\/Logo1.png\",\"contentUrl\":\"https:\/\/denkmalpflege.tuwien.ac.at\/wp-content\/uploads\/2019\/10\/Logo1.png\",\"width\":222,\"height\":79,\"caption\":\"TU Wien Denkmalpflege und Bauen im Bestand\"},\"image\":{\"@id\":\"https:\/\/denkmalpflege.tuwien.ac.at\/#\/schema\/logo\/image\/\"}}]}<\/script>\n<!-- \/ Yoast SEO plugin. -->","yoast_head_json":{"title":"Transforming Cities - Denkmalpflege und Bauen im Bestand","robots":{"index":"index","follow":"follow","max-snippet":"max-snippet:-1","max-image-preview":"max-image-preview:large","max-video-preview":"max-video-preview:-1"},"canonical":"https:\/\/denkmalpflege.tuwien.ac.at\/index.php\/publikationen\/transforming-cities\/","og_locale":"de_DE","og_type":"article","og_title":"Transforming Cities - Denkmalpflege und Bauen im Bestand","og_description":"Birgit Knauer,\u00a0Laura Demeter\u00a0(Hrsg.) TRANSFORMING CITIES Planning and Preserving in Historic Urban Contexts Buchcover Erschienen:\u00a0September 2025Umfang:\u00a0244\u00a0SeitenFormat:\u00a024 x 17 cmSprache:\u00a0Englisch Die Forschungsarbeiten in diesem Sammelband analysieren Zusammenh\u00e4nge zwischen historischen Planungsstrategien und der Erhaltung des kulturellen Erbes w\u00e4hrend der Transformationsprozesse europ\u00e4ischer St\u00e4dte im 19. und 20. Jahrhundert. Fallstudien aus verschiedenen L\u00e4ndern, darunter \u00d6sterreich, Bulgarien, Kroatien, Deutschland, Ungarn, Italien, Polen, Rum\u00e4nien und das Vereinigte K\u00f6nigreich, konzentrieren sich insbesondere auf die Zeit nach dem ZweitenRead More","og_url":"https:\/\/denkmalpflege.tuwien.ac.at\/index.php\/publikationen\/transforming-cities\/","og_site_name":"Denkmalpflege und Bauen im Bestand","article_modified_time":"2026-01-08T10:57:35+00:00","og_image":[{"url":"http:\/\/denkmalpflege.tuwien.ac.at\/wp-content\/uploads\/2025\/10\/Kachel-Transforming-Cities-687x1024.jpg","type":"","width":"","height":""}],"twitter_card":"summary_large_image","twitter_misc":{"Gesch\u00e4tzte Lesezeit":"2\u00a0Minuten"},"schema":{"@context":"https:\/\/schema.org","@graph":[{"@type":"WebPage","@id":"https:\/\/denkmalpflege.tuwien.ac.at\/index.php\/publikationen\/transforming-cities\/","url":"https:\/\/denkmalpflege.tuwien.ac.at\/index.php\/publikationen\/transforming-cities\/","name":"Transforming Cities - Denkmalpflege und Bauen im Bestand","isPartOf":{"@id":"https:\/\/denkmalpflege.tuwien.ac.at\/#website"},"primaryImageOfPage":{"@id":"https:\/\/denkmalpflege.tuwien.ac.at\/index.php\/publikationen\/transforming-cities\/#primaryimage"},"image":{"@id":"https:\/\/denkmalpflege.tuwien.ac.at\/index.php\/publikationen\/transforming-cities\/#primaryimage"},"thumbnailUrl":"http:\/\/denkmalpflege.tuwien.ac.at\/wp-content\/uploads\/2025\/10\/Kachel-Transforming-Cities-687x1024.jpg","datePublished":"2025-10-08T08:33:16+00:00","dateModified":"2026-01-08T10:57:35+00:00","breadcrumb":{"@id":"https:\/\/denkmalpflege.tuwien.ac.at\/index.php\/publikationen\/transforming-cities\/#breadcrumb"},"inLanguage":"de","potentialAction":[{"@type":"ReadAction","target":["https:\/\/denkmalpflege.tuwien.ac.at\/index.php\/publikationen\/transforming-cities\/"]}]},{"@type":"ImageObject","inLanguage":"de","@id":"https:\/\/denkmalpflege.tuwien.ac.at\/index.php\/publikationen\/transforming-cities\/#primaryimage","url":"https:\/\/denkmalpflege.tuwien.ac.at\/wp-content\/uploads\/2025\/10\/Kachel-Transforming-Cities-scaled.jpg","contentUrl":"https:\/\/denkmalpflege.tuwien.ac.at\/wp-content\/uploads\/2025\/10\/Kachel-Transforming-Cities-scaled.jpg","width":1718,"height":2560},{"@type":"BreadcrumbList","@id":"https:\/\/denkmalpflege.tuwien.ac.at\/index.php\/publikationen\/transforming-cities\/#breadcrumb","itemListElement":[{"@type":"ListItem","position":1,"name":"Startseite","item":"https:\/\/denkmalpflege.tuwien.ac.at\/"},{"@type":"ListItem","position":2,"name":"Publikationen","item":"https:\/\/denkmalpflege.tuwien.ac.at\/index.php\/publikationen\/"},{"@type":"ListItem","position":3,"name":"Transforming Cities"}]},{"@type":"WebSite","@id":"https:\/\/denkmalpflege.tuwien.ac.at\/#website","url":"https:\/\/denkmalpflege.tuwien.ac.at\/","name":"Denkmalpflege und Bauen im Bestand","description":"Denkmalpflege TU Wien","publisher":{"@id":"https:\/\/denkmalpflege.tuwien.ac.at\/#organization"},"potentialAction":[{"@type":"SearchAction","target":{"@type":"EntryPoint","urlTemplate":"https:\/\/denkmalpflege.tuwien.ac.at\/?s={search_term_string}"},"query-input":{"@type":"PropertyValueSpecification","valueRequired":true,"valueName":"search_term_string"}}],"inLanguage":"de"},{"@type":"Organization","@id":"https:\/\/denkmalpflege.tuwien.ac.at\/#organization","name":"TU Wien Denkmalpflege und Bauen im Bestand","url":"https:\/\/denkmalpflege.tuwien.ac.at\/","logo":{"@type":"ImageObject","inLanguage":"de","@id":"https:\/\/denkmalpflege.tuwien.ac.at\/#\/schema\/logo\/image\/","url":"https:\/\/denkmalpflege.tuwien.ac.at\/wp-content\/uploads\/2019\/10\/Logo1.png","contentUrl":"https:\/\/denkmalpflege.tuwien.ac.at\/wp-content\/uploads\/2019\/10\/Logo1.png","width":222,"height":79,"caption":"TU Wien Denkmalpflege und Bauen im Bestand"},"image":{"@id":"https:\/\/denkmalpflege.tuwien.ac.at\/#\/schema\/logo\/image\/"}}]}},"_links":{"self":[{"href":"https:\/\/denkmalpflege.tuwien.ac.at\/index.php\/wp-json\/wp\/v2\/pages\/34715","targetHints":{"allow":["GET"]}}],"collection":[{"href":"https:\/\/denkmalpflege.tuwien.ac.at\/index.php\/wp-json\/wp\/v2\/pages"}],"about":[{"href":"https:\/\/denkmalpflege.tuwien.ac.at\/index.php\/wp-json\/wp\/v2\/types\/page"}],"author":[{"embeddable":true,"href":"https:\/\/denkmalpflege.tuwien.ac.at\/index.php\/wp-json\/wp\/v2\/users\/1"}],"replies":[{"embeddable":true,"href":"https:\/\/denkmalpflege.tuwien.ac.at\/index.php\/wp-json\/wp\/v2\/comments?post=34715"}],"version-history":[{"count":7,"href":"https:\/\/denkmalpflege.tuwien.ac.at\/index.php\/wp-json\/wp\/v2\/pages\/34715\/revisions"}],"predecessor-version":[{"id":35283,"href":"https:\/\/denkmalpflege.tuwien.ac.at\/index.php\/wp-json\/wp\/v2\/pages\/34715\/revisions\/35283"}],"up":[{"embeddable":true,"href":"https:\/\/denkmalpflege.tuwien.ac.at\/index.php\/wp-json\/wp\/v2\/pages\/25774"}],"wp:attachment":[{"href":"https:\/\/denkmalpflege.tuwien.ac.at\/index.php\/wp-json\/wp\/v2\/media?parent=34715"}],"curies":[{"name":"wp","href":"https:\/\/api.w.org\/{rel}","templated":true}]}}