{"id":34505,"date":"2025-09-12T11:19:15","date_gmt":"2025-09-12T09:19:15","guid":{"rendered":"https:\/\/denkmalpflege.tuwien.ac.at\/?page_id=34505"},"modified":"2026-04-08T12:55:32","modified_gmt":"2026-04-08T10:55:32","slug":"futurefit-unsere-tu-wien","status":"publish","type":"page","link":"https:\/\/denkmalpflege.tuwien.ac.at\/index.php\/futurefit-unsere-tu-wien\/","title":{"rendered":"fuTUrefit Unsere TU Wien"},"content":{"rendered":"\t\t<div data-elementor-type=\"wp-page\" data-elementor-id=\"34505\" class=\"elementor elementor-34505\" data-elementor-post-type=\"page\">\n\t\t\t\t\t\t<section class=\"elementor-section elementor-top-section elementor-element elementor-element-deadf1c elementor-section-full_width elementor-section-height-default elementor-section-height-default\" data-id=\"deadf1c\" data-element_type=\"section\">\n\t\t\t\t\t\t<div class=\"elementor-container elementor-column-gap-default\">\n\t\t\t\t\t<div class=\"elementor-column elementor-col-100 elementor-top-column elementor-element elementor-element-479528d\" data-id=\"479528d\" data-element_type=\"column\">\n\t\t\t<div class=\"elementor-widget-wrap elementor-element-populated\">\n\t\t\t\t\t\t<div class=\"elementor-element elementor-element-32dcaea elementor-widget elementor-widget-heading\" data-id=\"32dcaea\" data-element_type=\"widget\" data-widget_type=\"heading.default\">\n\t\t\t\t<div class=\"elementor-widget-container\">\n\t\t\t\t\t<h2 class=\"elementor-heading-title elementor-size-default\">Unsere TU Wien. <br>\nErinnerungsorte zwischen Prater, Arsenal, Karlsplatz und Getreidemarkt<\/h2>\t\t\t\t<\/div>\n\t\t\t\t<\/div>\n\t\t\t\t<div class=\"elementor-element elementor-element-c099602 elementor-widget elementor-widget-text-editor\" data-id=\"c099602\" data-element_type=\"widget\" data-widget_type=\"text-editor.default\">\n\t\t\t\t<div class=\"elementor-widget-container\">\n\t\t\t\t\t\t\t\t\t<p>Ein fuTUrefit Projekt<br \/>Laufzeit November 2025-Oktober 2026<\/p>\t\t\t\t\t\t\t\t<\/div>\n\t\t\t\t<\/div>\n\t\t\t\t\t<\/div>\n\t\t<\/div>\n\t\t\t\t\t<\/div>\n\t\t<\/section>\n\t\t\t\t<section class=\"elementor-section elementor-top-section elementor-element elementor-element-853f510 elementor-section-full_width elementor-section-height-default elementor-section-height-default\" data-id=\"853f510\" data-element_type=\"section\">\n\t\t\t\t\t\t<div class=\"elementor-container elementor-column-gap-default\">\n\t\t\t\t\t<div class=\"elementor-column elementor-col-100 elementor-top-column elementor-element elementor-element-d95e089\" data-id=\"d95e089\" data-element_type=\"column\">\n\t\t\t<div class=\"elementor-widget-wrap elementor-element-populated\">\n\t\t\t\t\t\t<div class=\"elementor-element elementor-element-1ede070 elementor-widget elementor-widget-image\" data-id=\"1ede070\" data-element_type=\"widget\" data-widget_type=\"image.default\">\n\t\t\t\t<div class=\"elementor-widget-container\">\n\t\t\t\t\t\t\t\t\t\t\t\t\t\t\t<img fetchpriority=\"high\" decoding=\"async\" width=\"1000\" height=\"840\" src=\"https:\/\/denkmalpflege.tuwien.ac.at\/wp-content\/uploads\/2025\/10\/Unsere-TU-Wien-Danke-fuer-Eure-Stimmen-1024x860.jpg\" class=\"attachment-large size-large wp-image-34748\" alt=\"\" srcset=\"https:\/\/denkmalpflege.tuwien.ac.at\/wp-content\/uploads\/2025\/10\/Unsere-TU-Wien-Danke-fuer-Eure-Stimmen-1024x860.jpg 1024w, https:\/\/denkmalpflege.tuwien.ac.at\/wp-content\/uploads\/2025\/10\/Unsere-TU-Wien-Danke-fuer-Eure-Stimmen-300x252.jpg 300w, https:\/\/denkmalpflege.tuwien.ac.at\/wp-content\/uploads\/2025\/10\/Unsere-TU-Wien-Danke-fuer-Eure-Stimmen-768x645.jpg 768w, https:\/\/denkmalpflege.tuwien.ac.at\/wp-content\/uploads\/2025\/10\/Unsere-TU-Wien-Danke-fuer-Eure-Stimmen-1536x1290.jpg 1536w, https:\/\/denkmalpflege.tuwien.ac.at\/wp-content\/uploads\/2025\/10\/Unsere-TU-Wien-Danke-fuer-Eure-Stimmen-2048x1720.jpg 2048w, https:\/\/denkmalpflege.tuwien.ac.at\/wp-content\/uploads\/2025\/10\/Unsere-TU-Wien-Danke-fuer-Eure-Stimmen-700x588.jpg 700w\" sizes=\"(max-width: 1000px) 100vw, 1000px\" \/>\t\t\t\t\t\t\t\t\t\t\t\t\t\t\t<\/div>\n\t\t\t\t<\/div>\n\t\t\t\t<div class=\"elementor-element elementor-element-fb47f71 elementor-widget elementor-widget-text-editor\" data-id=\"fb47f71\" data-element_type=\"widget\" data-widget_type=\"text-editor.default\">\n\t\t\t\t<div class=\"elementor-widget-container\">\n\t\t\t\t\t\t\t\t\t<p>Graphik @Yola Fahdt<\/p>\t\t\t\t\t\t\t\t<\/div>\n\t\t\t\t<\/div>\n\t\t\t\t\t<\/div>\n\t\t<\/div>\n\t\t\t\t\t<\/div>\n\t\t<\/section>\n\t\t\t\t<section class=\"elementor-section elementor-top-section elementor-element elementor-element-d0d7033 elementor-section-full_width elementor-section-height-default elementor-section-height-default\" data-id=\"d0d7033\" data-element_type=\"section\">\n\t\t\t\t\t\t<div class=\"elementor-container elementor-column-gap-default\">\n\t\t\t\t\t<div class=\"elementor-column elementor-col-100 elementor-top-column elementor-element elementor-element-487980e\" data-id=\"487980e\" data-element_type=\"column\">\n\t\t\t<div class=\"elementor-widget-wrap elementor-element-populated\">\n\t\t\t\t\t\t<div class=\"elementor-element elementor-element-1c7b846 elementor-widget elementor-widget-text-editor\" data-id=\"1c7b846\" data-element_type=\"widget\" data-widget_type=\"text-editor.default\">\n\t\t\t\t<div class=\"elementor-widget-container\">\n\t\t\t\t\t\t\t\t\t<p>Die Geschichte der TU Wien wird jeden Tag weitergeschrieben &#8211; und wir schreiben alle ein St\u00fcck mit. Die Geschichte der TU Wien ist jene der Erfindung der Schiffsschraube im Jahr 1827 durch Josef Ressel, aber auch jene von Emma, die im Juni ihr Diplom verteidigen wird, jene von Ali, der vor 2 Jahren f\u00fcr seine Dissertation nach Wien \u00fcbersiedelte oder jene von Irmgard, die seit 12 Jahren jeden Tag die Post holt.<\/p><p>In unserem Projekt \u201eUnsere TU Wien\u201c m\u00f6chten wir die Geschichte der TU Wien umfassender (be)schreiben als bisher der Fall: nicht nur die Geschichte der gro\u00dfen Erfindungen m\u00f6chten wir festhalten, die Entwicklung und Expansion der Standorte und der Geb\u00e4ude, in denen seit 1815 TU Wien stattfindet; wir m\u00f6chten auch der individuellen Erinnerung Raum geben. <strong>Ab Mai 2026 <\/strong>sammeln wir deshalb mit unserer Plattform <strong><em>TU Memory Map <\/em><\/strong>nicht nur \u201e\u2018Ge-Schichte\u2018, als stratigraphische Ablagerung von Erinnerung\u201c (Falser 2008, S. 13), sondern auch Geschicht<em>en<\/em>, die unsere Zeit an der TU pr\u00e4gten oder weiterhin pr\u00e4gen.<\/p><p>Studierende, aktuelle Mitarbeiter:innen, Alumni und Emeriti k\u00f6nnen ab Mai 2026 Bildmaterial zu den Geb\u00e4uden der TU Wien und zu den pers\u00f6nlichen Erinnerungen, die sie damit verbinden, auf diese Plattform laden (Fotos, historische Geb\u00e4udeansichten, Zeichnungen, etc.). Dieser Datenbestand wird online, in Form einer interaktiven Karte, visualisiert. Neben diesen Geschichten vermittelt die Plattform auch die Baugeschichte der TU-Standorte und Geb\u00e4ude, dank zahlreicher Fotos und Pl\u00e4ne aus dem TU-Archiv.<\/p><p><strong>Ab Sommer 2026<\/strong> werden diese \u201eErinnerungsorte\u201c mit Hilfe von <strong>Augmented Reality<\/strong> dann noch direkter Vor-Ort erfahrbar werden: Wir werden es erm\u00f6glichen, die eigenen und fremden Memories mit Hilfe des Smartphones Vor-Ort zu explorieren. Zus\u00e4tzlich entwickeln wir eine <strong>immersive Experience<\/strong> (Head-Mounted Display), die bei ausgew\u00e4hlten Veranstaltungen ausprobiert werden kann. \u00a0<\/p><p>Das Projekt \u201eUnsere TU Wien. Erinnerungsorte zwischen Prater, Arsenal, Karlsplatz und Getreidemarkt\u201c, ist eine <strong>Kooperation der Forschungsbereiche Denkmalpflege, Geoinformation und Computer Graphics mit dem Archiv der TU Wien sowie der Abteilung f\u00fcr Datenschutz und Dokumentenmanagement<\/strong> und\u00a0wurde im Rahmen des fuTUrefit-Calls 2025 gef\u00f6rdert.<\/p>\t\t\t\t\t\t\t\t<\/div>\n\t\t\t\t<\/div>\n\t\t\t\t\t<\/div>\n\t\t<\/div>\n\t\t\t\t\t<\/div>\n\t\t<\/section>\n\t\t\t\t<section class=\"elementor-section elementor-top-section elementor-element elementor-element-9b5ed78 elementor-section-full_width elementor-section-height-default elementor-section-height-default\" data-id=\"9b5ed78\" data-element_type=\"section\">\n\t\t\t\t\t\t<div class=\"elementor-container elementor-column-gap-default\">\n\t\t\t\t\t<div class=\"elementor-column elementor-col-100 elementor-top-column elementor-element elementor-element-ede84f7\" data-id=\"ede84f7\" data-element_type=\"column\">\n\t\t\t<div class=\"elementor-widget-wrap elementor-element-populated\">\n\t\t\t\t\t\t<div class=\"elementor-element elementor-element-da441bb elementor-widget elementor-widget-video\" data-id=\"da441bb\" data-element_type=\"widget\" data-settings=\"{&quot;video_type&quot;:&quot;hosted&quot;,&quot;controls&quot;:&quot;yes&quot;}\" data-widget_type=\"video.default\">\n\t\t\t\t<div class=\"elementor-widget-container\">\n\t\t\t\t\t\t\t<div class=\"e-hosted-video elementor-wrapper elementor-open-inline\">\n\t\t\t\t\t<video class=\"elementor-video\" src=\"http:\/\/denkmalpflege.tuwien.ac.at\/wp-content\/uploads\/2025\/09\/Unsere-Tu-Wien_final-1.mov\" controls=\"\" preload=\"metadata\" controlsList=\"nodownload\"><\/video>\n\t\t\t\t<\/div>\n\t\t\t\t\t\t<\/div>\n\t\t\t\t<\/div>\n\t\t\t\t\t<\/div>\n\t\t<\/div>\n\t\t\t\t\t<\/div>\n\t\t<\/section>\n\t\t\t\t<\/div>\n\t\t","protected":false},"excerpt":{"rendered":"<p>Unsere TU Wien. Erinnerungsorte zwischen Prater, Arsenal, Karlsplatz und Getreidemarkt Ein fuTUrefit ProjektLaufzeit November 2025-Oktober 2026 Graphik @Yola Fahdt Die Geschichte der TU Wien wird jeden Tag weitergeschrieben &#8211; und wir schreiben alle ein St\u00fcck mit. Die Geschichte der TU Wien ist jene der Erfindung der Schiffsschraube im Jahr 1827 durch Josef Ressel, aber auch jene von Emma, die im Juni ihr Diplom verteidigen wird, jene von Ali, der vor<\/p>\n<div class=\"belowpost\"><a class=\"btnmore icon-arrow\" href=\"https:\/\/denkmalpflege.tuwien.ac.at\/index.php\/futurefit-unsere-tu-wien\/\"><span>Read More<\/span><\/a><\/div>\n","protected":false},"author":1,"featured_media":0,"parent":0,"menu_order":0,"comment_status":"closed","ping_status":"closed","template":"","meta":{"footnotes":""},"class_list":["post-34505","page","type-page","status-publish","hentry"],"yoast_head":"<!-- This site is optimized with the Yoast SEO plugin v26.0 - https:\/\/yoast.com\/wordpress\/plugins\/seo\/ -->\n<title>fuTUrefit Unsere TU Wien - Denkmalpflege und Bauen im Bestand<\/title>\n<meta name=\"robots\" content=\"index, follow, max-snippet:-1, max-image-preview:large, max-video-preview:-1\" \/>\n<link rel=\"canonical\" href=\"https:\/\/denkmalpflege.tuwien.ac.at\/index.php\/futurefit-unsere-tu-wien\/\" \/>\n<meta property=\"og:locale\" content=\"de_DE\" \/>\n<meta property=\"og:type\" content=\"article\" \/>\n<meta property=\"og:title\" content=\"fuTUrefit Unsere TU Wien - Denkmalpflege und Bauen im Bestand\" \/>\n<meta property=\"og:description\" content=\"Unsere TU Wien. Erinnerungsorte zwischen Prater, Arsenal, Karlsplatz und Getreidemarkt Ein fuTUrefit ProjektLaufzeit November 2025-Oktober 2026 Graphik @Yola Fahdt Die Geschichte der TU Wien wird jeden Tag weitergeschrieben &#8211; und wir schreiben alle ein St\u00fcck mit. Die Geschichte der TU Wien ist jene der Erfindung der Schiffsschraube im Jahr 1827 durch Josef Ressel, aber auch jene von Emma, die im Juni ihr Diplom verteidigen wird, jene von Ali, der vorRead More\" \/>\n<meta property=\"og:url\" content=\"https:\/\/denkmalpflege.tuwien.ac.at\/index.php\/futurefit-unsere-tu-wien\/\" \/>\n<meta property=\"og:site_name\" content=\"Denkmalpflege und Bauen im Bestand\" \/>\n<meta property=\"article:modified_time\" content=\"2026-04-08T10:55:32+00:00\" \/>\n<meta property=\"og:image\" content=\"http:\/\/denkmalpflege.tuwien.ac.at\/wp-content\/uploads\/2025\/10\/Unsere-TU-Wien-Danke-fuer-Eure-Stimmen-1024x860.jpg\" \/>\n<meta name=\"twitter:card\" content=\"summary_large_image\" \/>\n<meta name=\"twitter:label1\" content=\"Gesch\u00e4tzte Lesezeit\" \/>\n\t<meta name=\"twitter:data1\" content=\"2\u00a0Minuten\" \/>\n<script type=\"application\/ld+json\" class=\"yoast-schema-graph\">{\"@context\":\"https:\/\/schema.org\",\"@graph\":[{\"@type\":\"WebPage\",\"@id\":\"https:\/\/denkmalpflege.tuwien.ac.at\/index.php\/futurefit-unsere-tu-wien\/\",\"url\":\"https:\/\/denkmalpflege.tuwien.ac.at\/index.php\/futurefit-unsere-tu-wien\/\",\"name\":\"fuTUrefit Unsere TU Wien - Denkmalpflege und Bauen im Bestand\",\"isPartOf\":{\"@id\":\"https:\/\/denkmalpflege.tuwien.ac.at\/#website\"},\"primaryImageOfPage\":{\"@id\":\"https:\/\/denkmalpflege.tuwien.ac.at\/index.php\/futurefit-unsere-tu-wien\/#primaryimage\"},\"image\":{\"@id\":\"https:\/\/denkmalpflege.tuwien.ac.at\/index.php\/futurefit-unsere-tu-wien\/#primaryimage\"},\"thumbnailUrl\":\"http:\/\/denkmalpflege.tuwien.ac.at\/wp-content\/uploads\/2025\/10\/Unsere-TU-Wien-Danke-fuer-Eure-Stimmen-1024x860.jpg\",\"datePublished\":\"2025-09-12T09:19:15+00:00\",\"dateModified\":\"2026-04-08T10:55:32+00:00\",\"breadcrumb\":{\"@id\":\"https:\/\/denkmalpflege.tuwien.ac.at\/index.php\/futurefit-unsere-tu-wien\/#breadcrumb\"},\"inLanguage\":\"de\",\"potentialAction\":[{\"@type\":\"ReadAction\",\"target\":[\"https:\/\/denkmalpflege.tuwien.ac.at\/index.php\/futurefit-unsere-tu-wien\/\"]}]},{\"@type\":\"ImageObject\",\"inLanguage\":\"de\",\"@id\":\"https:\/\/denkmalpflege.tuwien.ac.at\/index.php\/futurefit-unsere-tu-wien\/#primaryimage\",\"url\":\"https:\/\/denkmalpflege.tuwien.ac.at\/wp-content\/uploads\/2025\/10\/Unsere-TU-Wien-Danke-fuer-Eure-Stimmen.jpg\",\"contentUrl\":\"https:\/\/denkmalpflege.tuwien.ac.at\/wp-content\/uploads\/2025\/10\/Unsere-TU-Wien-Danke-fuer-Eure-Stimmen.jpg\",\"width\":2491,\"height\":2092},{\"@type\":\"BreadcrumbList\",\"@id\":\"https:\/\/denkmalpflege.tuwien.ac.at\/index.php\/futurefit-unsere-tu-wien\/#breadcrumb\",\"itemListElement\":[{\"@type\":\"ListItem\",\"position\":1,\"name\":\"Startseite\",\"item\":\"https:\/\/denkmalpflege.tuwien.ac.at\/\"},{\"@type\":\"ListItem\",\"position\":2,\"name\":\"fuTUrefit Unsere TU Wien\"}]},{\"@type\":\"WebSite\",\"@id\":\"https:\/\/denkmalpflege.tuwien.ac.at\/#website\",\"url\":\"https:\/\/denkmalpflege.tuwien.ac.at\/\",\"name\":\"Denkmalpflege und Bauen im Bestand\",\"description\":\"Denkmalpflege TU Wien\",\"publisher\":{\"@id\":\"https:\/\/denkmalpflege.tuwien.ac.at\/#organization\"},\"potentialAction\":[{\"@type\":\"SearchAction\",\"target\":{\"@type\":\"EntryPoint\",\"urlTemplate\":\"https:\/\/denkmalpflege.tuwien.ac.at\/?s={search_term_string}\"},\"query-input\":{\"@type\":\"PropertyValueSpecification\",\"valueRequired\":true,\"valueName\":\"search_term_string\"}}],\"inLanguage\":\"de\"},{\"@type\":\"Organization\",\"@id\":\"https:\/\/denkmalpflege.tuwien.ac.at\/#organization\",\"name\":\"TU Wien Denkmalpflege und Bauen im Bestand\",\"url\":\"https:\/\/denkmalpflege.tuwien.ac.at\/\",\"logo\":{\"@type\":\"ImageObject\",\"inLanguage\":\"de\",\"@id\":\"https:\/\/denkmalpflege.tuwien.ac.at\/#\/schema\/logo\/image\/\",\"url\":\"https:\/\/denkmalpflege.tuwien.ac.at\/wp-content\/uploads\/2019\/10\/Logo1.png\",\"contentUrl\":\"https:\/\/denkmalpflege.tuwien.ac.at\/wp-content\/uploads\/2019\/10\/Logo1.png\",\"width\":222,\"height\":79,\"caption\":\"TU Wien Denkmalpflege und Bauen im Bestand\"},\"image\":{\"@id\":\"https:\/\/denkmalpflege.tuwien.ac.at\/#\/schema\/logo\/image\/\"}}]}<\/script>\n<!-- \/ Yoast SEO plugin. -->","yoast_head_json":{"title":"fuTUrefit Unsere TU Wien - Denkmalpflege und Bauen im Bestand","robots":{"index":"index","follow":"follow","max-snippet":"max-snippet:-1","max-image-preview":"max-image-preview:large","max-video-preview":"max-video-preview:-1"},"canonical":"https:\/\/denkmalpflege.tuwien.ac.at\/index.php\/futurefit-unsere-tu-wien\/","og_locale":"de_DE","og_type":"article","og_title":"fuTUrefit Unsere TU Wien - Denkmalpflege und Bauen im Bestand","og_description":"Unsere TU Wien. Erinnerungsorte zwischen Prater, Arsenal, Karlsplatz und Getreidemarkt Ein fuTUrefit ProjektLaufzeit November 2025-Oktober 2026 Graphik @Yola Fahdt Die Geschichte der TU Wien wird jeden Tag weitergeschrieben &#8211; und wir schreiben alle ein St\u00fcck mit. Die Geschichte der TU Wien ist jene der Erfindung der Schiffsschraube im Jahr 1827 durch Josef Ressel, aber auch jene von Emma, die im Juni ihr Diplom verteidigen wird, jene von Ali, der vorRead More","og_url":"https:\/\/denkmalpflege.tuwien.ac.at\/index.php\/futurefit-unsere-tu-wien\/","og_site_name":"Denkmalpflege und Bauen im Bestand","article_modified_time":"2026-04-08T10:55:32+00:00","og_image":[{"url":"http:\/\/denkmalpflege.tuwien.ac.at\/wp-content\/uploads\/2025\/10\/Unsere-TU-Wien-Danke-fuer-Eure-Stimmen-1024x860.jpg","type":"","width":"","height":""}],"twitter_card":"summary_large_image","twitter_misc":{"Gesch\u00e4tzte Lesezeit":"2\u00a0Minuten"},"schema":{"@context":"https:\/\/schema.org","@graph":[{"@type":"WebPage","@id":"https:\/\/denkmalpflege.tuwien.ac.at\/index.php\/futurefit-unsere-tu-wien\/","url":"https:\/\/denkmalpflege.tuwien.ac.at\/index.php\/futurefit-unsere-tu-wien\/","name":"fuTUrefit Unsere TU Wien - Denkmalpflege und Bauen im Bestand","isPartOf":{"@id":"https:\/\/denkmalpflege.tuwien.ac.at\/#website"},"primaryImageOfPage":{"@id":"https:\/\/denkmalpflege.tuwien.ac.at\/index.php\/futurefit-unsere-tu-wien\/#primaryimage"},"image":{"@id":"https:\/\/denkmalpflege.tuwien.ac.at\/index.php\/futurefit-unsere-tu-wien\/#primaryimage"},"thumbnailUrl":"http:\/\/denkmalpflege.tuwien.ac.at\/wp-content\/uploads\/2025\/10\/Unsere-TU-Wien-Danke-fuer-Eure-Stimmen-1024x860.jpg","datePublished":"2025-09-12T09:19:15+00:00","dateModified":"2026-04-08T10:55:32+00:00","breadcrumb":{"@id":"https:\/\/denkmalpflege.tuwien.ac.at\/index.php\/futurefit-unsere-tu-wien\/#breadcrumb"},"inLanguage":"de","potentialAction":[{"@type":"ReadAction","target":["https:\/\/denkmalpflege.tuwien.ac.at\/index.php\/futurefit-unsere-tu-wien\/"]}]},{"@type":"ImageObject","inLanguage":"de","@id":"https:\/\/denkmalpflege.tuwien.ac.at\/index.php\/futurefit-unsere-tu-wien\/#primaryimage","url":"https:\/\/denkmalpflege.tuwien.ac.at\/wp-content\/uploads\/2025\/10\/Unsere-TU-Wien-Danke-fuer-Eure-Stimmen.jpg","contentUrl":"https:\/\/denkmalpflege.tuwien.ac.at\/wp-content\/uploads\/2025\/10\/Unsere-TU-Wien-Danke-fuer-Eure-Stimmen.jpg","width":2491,"height":2092},{"@type":"BreadcrumbList","@id":"https:\/\/denkmalpflege.tuwien.ac.at\/index.php\/futurefit-unsere-tu-wien\/#breadcrumb","itemListElement":[{"@type":"ListItem","position":1,"name":"Startseite","item":"https:\/\/denkmalpflege.tuwien.ac.at\/"},{"@type":"ListItem","position":2,"name":"fuTUrefit Unsere TU Wien"}]},{"@type":"WebSite","@id":"https:\/\/denkmalpflege.tuwien.ac.at\/#website","url":"https:\/\/denkmalpflege.tuwien.ac.at\/","name":"Denkmalpflege und Bauen im Bestand","description":"Denkmalpflege TU Wien","publisher":{"@id":"https:\/\/denkmalpflege.tuwien.ac.at\/#organization"},"potentialAction":[{"@type":"SearchAction","target":{"@type":"EntryPoint","urlTemplate":"https:\/\/denkmalpflege.tuwien.ac.at\/?s={search_term_string}"},"query-input":{"@type":"PropertyValueSpecification","valueRequired":true,"valueName":"search_term_string"}}],"inLanguage":"de"},{"@type":"Organization","@id":"https:\/\/denkmalpflege.tuwien.ac.at\/#organization","name":"TU Wien Denkmalpflege und Bauen im Bestand","url":"https:\/\/denkmalpflege.tuwien.ac.at\/","logo":{"@type":"ImageObject","inLanguage":"de","@id":"https:\/\/denkmalpflege.tuwien.ac.at\/#\/schema\/logo\/image\/","url":"https:\/\/denkmalpflege.tuwien.ac.at\/wp-content\/uploads\/2019\/10\/Logo1.png","contentUrl":"https:\/\/denkmalpflege.tuwien.ac.at\/wp-content\/uploads\/2019\/10\/Logo1.png","width":222,"height":79,"caption":"TU Wien Denkmalpflege und Bauen im Bestand"},"image":{"@id":"https:\/\/denkmalpflege.tuwien.ac.at\/#\/schema\/logo\/image\/"}}]}},"_links":{"self":[{"href":"https:\/\/denkmalpflege.tuwien.ac.at\/index.php\/wp-json\/wp\/v2\/pages\/34505","targetHints":{"allow":["GET"]}}],"collection":[{"href":"https:\/\/denkmalpflege.tuwien.ac.at\/index.php\/wp-json\/wp\/v2\/pages"}],"about":[{"href":"https:\/\/denkmalpflege.tuwien.ac.at\/index.php\/wp-json\/wp\/v2\/types\/page"}],"author":[{"embeddable":true,"href":"https:\/\/denkmalpflege.tuwien.ac.at\/index.php\/wp-json\/wp\/v2\/users\/1"}],"replies":[{"embeddable":true,"href":"https:\/\/denkmalpflege.tuwien.ac.at\/index.php\/wp-json\/wp\/v2\/comments?post=34505"}],"version-history":[{"count":28,"href":"https:\/\/denkmalpflege.tuwien.ac.at\/index.php\/wp-json\/wp\/v2\/pages\/34505\/revisions"}],"predecessor-version":[{"id":36427,"href":"https:\/\/denkmalpflege.tuwien.ac.at\/index.php\/wp-json\/wp\/v2\/pages\/34505\/revisions\/36427"}],"wp:attachment":[{"href":"https:\/\/denkmalpflege.tuwien.ac.at\/index.php\/wp-json\/wp\/v2\/media?parent=34505"}],"curies":[{"name":"wp","href":"https:\/\/api.w.org\/{rel}","templated":true}]}}