{"id":34019,"date":"2025-07-03T15:35:57","date_gmt":"2025-07-03T13:35:57","guid":{"rendered":"https:\/\/denkmalpflege.tuwien.ac.at\/?page_id=34019"},"modified":"2025-07-03T15:36:33","modified_gmt":"2025-07-03T13:36:33","slug":"workshop-spatial-digital-humanities","status":"publish","type":"page","link":"https:\/\/denkmalpflege.tuwien.ac.at\/index.php\/workshop-spatial-digital-humanities\/","title":{"rendered":"Workshop Spatial Digital Humanities"},"content":{"rendered":"\t\t<div data-elementor-type=\"wp-page\" data-elementor-id=\"34019\" class=\"elementor elementor-34019\" data-elementor-post-type=\"page\">\n\t\t\t\t\t\t<section class=\"elementor-section elementor-top-section elementor-element elementor-element-deadf1c elementor-section-full_width elementor-section-height-default elementor-section-height-default\" data-id=\"deadf1c\" data-element_type=\"section\">\n\t\t\t\t\t\t<div class=\"elementor-container elementor-column-gap-default\">\n\t\t\t\t\t<div class=\"elementor-column elementor-col-100 elementor-top-column elementor-element elementor-element-479528d\" data-id=\"479528d\" data-element_type=\"column\">\n\t\t\t<div class=\"elementor-widget-wrap elementor-element-populated\">\n\t\t\t\t\t\t<div class=\"elementor-element elementor-element-32dcaea elementor-widget elementor-widget-heading\" data-id=\"32dcaea\" data-element_type=\"widget\" data-widget_type=\"heading.default\">\n\t\t\t\t<div class=\"elementor-widget-container\">\n\t\t\t\t\t<h2 class=\"elementor-heading-title elementor-size-default\">WORKSHOP ON SPATIAL DIGITAL HUMANITIES<\/h2>\t\t\t\t<\/div>\n\t\t\t\t<\/div>\n\t\t\t\t\t<\/div>\n\t\t<\/div>\n\t\t\t\t\t<\/div>\n\t\t<\/section>\n\t\t\t\t<section class=\"elementor-section elementor-top-section elementor-element elementor-element-6b2aa10 elementor-section-full_width elementor-section-height-default elementor-section-height-default\" data-id=\"6b2aa10\" data-element_type=\"section\">\n\t\t\t\t\t\t<div class=\"elementor-container elementor-column-gap-default\">\n\t\t\t\t\t<div class=\"elementor-column elementor-col-50 elementor-top-column elementor-element elementor-element-b51ecfe\" data-id=\"b51ecfe\" data-element_type=\"column\">\n\t\t\t<div class=\"elementor-widget-wrap elementor-element-populated\">\n\t\t\t\t\t\t<div class=\"elementor-element elementor-element-df187fb elementor-widget elementor-widget-image\" data-id=\"df187fb\" data-element_type=\"widget\" data-widget_type=\"image.default\">\n\t\t\t\t<div class=\"elementor-widget-container\">\n\t\t\t\t\t\t\t\t\t\t\t\t\t\t\t\t<a href=\"http:\/\/denkmalpflege.tuwien.ac.at\/wp-content\/uploads\/2025\/07\/Workshop-Spatial-digital-humanities-2025-scaled.jpg\" data-elementor-open-lightbox=\"yes\" data-elementor-lightbox-title=\"Kachel Startseite\" data-e-action-hash=\"#elementor-action%3Aaction%3Dlightbox%26settings%3DeyJpZCI6MzQwMjEsInVybCI6Imh0dHBzOlwvXC9kZW5rbWFscGZsZWdlLnR1d2llbi5hYy5hdFwvd3AtY29udGVudFwvdXBsb2Fkc1wvMjAyNVwvMDdcL1dvcmtzaG9wLVNwYXRpYWwtZGlnaXRhbC1odW1hbml0aWVzLTIwMjUtc2NhbGVkLmpwZyJ9\">\n\t\t\t\t\t\t\t<img fetchpriority=\"high\" decoding=\"async\" width=\"854\" height=\"1024\" src=\"https:\/\/denkmalpflege.tuwien.ac.at\/wp-content\/uploads\/2025\/07\/Workshop-Spatial-digital-humanities-2025-854x1024.jpg\" class=\"attachment-large size-large wp-image-34021\" alt=\"\" srcset=\"https:\/\/denkmalpflege.tuwien.ac.at\/wp-content\/uploads\/2025\/07\/Workshop-Spatial-digital-humanities-2025-854x1024.jpg 854w, https:\/\/denkmalpflege.tuwien.ac.at\/wp-content\/uploads\/2025\/07\/Workshop-Spatial-digital-humanities-2025-250x300.jpg 250w, https:\/\/denkmalpflege.tuwien.ac.at\/wp-content\/uploads\/2025\/07\/Workshop-Spatial-digital-humanities-2025-768x921.jpg 768w, https:\/\/denkmalpflege.tuwien.ac.at\/wp-content\/uploads\/2025\/07\/Workshop-Spatial-digital-humanities-2025-1280x1536.jpg 1280w, https:\/\/denkmalpflege.tuwien.ac.at\/wp-content\/uploads\/2025\/07\/Workshop-Spatial-digital-humanities-2025-1707x2048.jpg 1707w, https:\/\/denkmalpflege.tuwien.ac.at\/wp-content\/uploads\/2025\/07\/Workshop-Spatial-digital-humanities-2025-700x840.jpg 700w\" sizes=\"(max-width: 854px) 100vw, 854px\" \/>\t\t\t\t\t\t\t\t<\/a>\n\t\t\t\t\t\t\t\t\t\t\t\t\t\t\t<\/div>\n\t\t\t\t<\/div>\n\t\t\t\t<div class=\"elementor-element elementor-element-2cc805c elementor-widget elementor-widget-heading\" data-id=\"2cc805c\" data-element_type=\"widget\" data-widget_type=\"heading.default\">\n\t\t\t\t<div class=\"elementor-widget-container\">\n\t\t\t\t\t<h3 class=\"elementor-heading-title elementor-size-default\"><a href=\"https:\/\/denkmalpflege.tuwien.ac.at\/index.php\/werkstatt-architekturforschung\/\">Generalstadtplan f\u00fcr Wien, 1912, Ausschnitt, WStLA\/Wien Kulturgut Stadtplan<\/a><\/h3>\t\t\t\t<\/div>\n\t\t\t\t<\/div>\n\t\t\t\t\t<\/div>\n\t\t<\/div>\n\t\t\t\t<div class=\"elementor-column elementor-col-50 elementor-top-column elementor-element elementor-element-3a4ab0f\" data-id=\"3a4ab0f\" data-element_type=\"column\">\n\t\t\t<div class=\"elementor-widget-wrap elementor-element-populated\">\n\t\t\t\t\t\t<div class=\"elementor-element elementor-element-1b015a4 elementor-widget elementor-widget-text-editor\" data-id=\"1b015a4\" data-element_type=\"widget\" data-widget_type=\"text-editor.default\">\n\t\t\t\t<div class=\"elementor-widget-container\">\n\t\t\t\t\t\t\t\t\t<p><strong>Analysing and visualising historic changes of the urban fabric<\/strong><\/p><p><strong>Datum: <\/strong>30 Juni &#8211; 1 Juli 2025<\/p><p><strong>Ort:<\/strong> TU Wien, Hauptgeb\u00e4ude, Karlsplatz 13, 1040 Wien<\/p><p>Zusammen mit dem Forschungsverbund <em>Urban Meta Mapping<\/em> der Universit\u00e4t Bamberg organisiert Birgit Knauer einen Workshop zu Digital-Humanities-Methoden, die bei der Analyse und Visualisierung historischer Transformationsprozesse von St\u00e4dten angewandt werden und bzw. daf\u00fcr in Zukunft Anwendung finden k\u00f6nnten. Zahlreiche Inputs zu laufenden und abgeschlossenen Projekten identifizieren Anwendungsbereiche und zeigen (neue) M\u00f6glichkeiten der historischen Stadtforschung auf. ForscherInnen und VertreterInnen von Institutionen, die Archivalien (Stadtkarten und andere Bildquellen) aufbewahren, erhalten die M\u00f6glichkeit sich mit ExpertInnen (Geoinformatik, Informatik, Digital Humanities, etc.) auszutauschen und zuk\u00fcnftige Forschungsthemen, sowie Methoden der Langzeitspeicherung und der langfristigen Zug\u00e4nglichkeit von stadtgeschichtlicher Forschung zu diskutieren.<\/p><p><span style=\"text-decoration: underline;\"><a href=\"https:\/\/urbanmetamapping.uni-bamberg.de\/conf\/HCU\/\">Programm<\/a><\/span><\/p><p>Eine Anmeldung ist nicht mehr m\u00f6glich.<\/p>\t\t\t\t\t\t\t\t<\/div>\n\t\t\t\t<\/div>\n\t\t\t\t\t<\/div>\n\t\t<\/div>\n\t\t\t\t\t<\/div>\n\t\t<\/section>\n\t\t\t\t<\/div>\n\t\t","protected":false},"excerpt":{"rendered":"<p>WORKSHOP ON SPATIAL DIGITAL HUMANITIES Generalstadtplan f\u00fcr Wien, 1912, Ausschnitt, WStLA\/Wien Kulturgut Stadtplan Analysing and visualising historic changes of the urban fabric Datum: 30 Juni &#8211; 1 Juli 2025 Ort: TU Wien, Hauptgeb\u00e4ude, Karlsplatz 13, 1040 Wien Zusammen mit dem Forschungsverbund Urban Meta Mapping der Universit\u00e4t Bamberg organisiert Birgit Knauer einen Workshop zu Digital-Humanities-Methoden, die bei der Analyse und Visualisierung historischer Transformationsprozesse von St\u00e4dten angewandt werden und bzw. daf\u00fcr in<\/p>\n<div class=\"belowpost\"><a class=\"btnmore icon-arrow\" href=\"https:\/\/denkmalpflege.tuwien.ac.at\/index.php\/workshop-spatial-digital-humanities\/\"><span>Read More<\/span><\/a><\/div>\n","protected":false},"author":1,"featured_media":0,"parent":0,"menu_order":0,"comment_status":"closed","ping_status":"closed","template":"","meta":{"footnotes":""},"class_list":["post-34019","page","type-page","status-publish","hentry"],"yoast_head":"<!-- This site is optimized with the Yoast SEO plugin v26.0 - https:\/\/yoast.com\/wordpress\/plugins\/seo\/ -->\n<title>Workshop Spatial Digital Humanities - Denkmalpflege und Bauen im Bestand<\/title>\n<meta name=\"robots\" content=\"index, follow, max-snippet:-1, max-image-preview:large, max-video-preview:-1\" \/>\n<link rel=\"canonical\" href=\"https:\/\/denkmalpflege.tuwien.ac.at\/index.php\/workshop-spatial-digital-humanities\/\" \/>\n<meta property=\"og:locale\" content=\"de_DE\" \/>\n<meta property=\"og:type\" content=\"article\" \/>\n<meta property=\"og:title\" content=\"Workshop Spatial Digital Humanities - Denkmalpflege und Bauen im Bestand\" \/>\n<meta property=\"og:description\" content=\"WORKSHOP ON SPATIAL DIGITAL HUMANITIES Generalstadtplan f\u00fcr Wien, 1912, Ausschnitt, WStLA\/Wien Kulturgut Stadtplan Analysing and visualising historic changes of the urban fabric Datum: 30 Juni &#8211; 1 Juli 2025 Ort: TU Wien, Hauptgeb\u00e4ude, Karlsplatz 13, 1040 Wien Zusammen mit dem Forschungsverbund Urban Meta Mapping der Universit\u00e4t Bamberg organisiert Birgit Knauer einen Workshop zu Digital-Humanities-Methoden, die bei der Analyse und Visualisierung historischer Transformationsprozesse von St\u00e4dten angewandt werden und bzw. daf\u00fcr inRead More\" \/>\n<meta property=\"og:url\" content=\"https:\/\/denkmalpflege.tuwien.ac.at\/index.php\/workshop-spatial-digital-humanities\/\" \/>\n<meta property=\"og:site_name\" content=\"Denkmalpflege und Bauen im Bestand\" \/>\n<meta property=\"article:modified_time\" content=\"2025-07-03T13:36:33+00:00\" \/>\n<meta property=\"og:image\" content=\"http:\/\/denkmalpflege.tuwien.ac.at\/wp-content\/uploads\/2025\/07\/Workshop-Spatial-digital-humanities-2025-854x1024.jpg\" \/>\n<meta name=\"twitter:card\" content=\"summary_large_image\" \/>\n<meta name=\"twitter:label1\" content=\"Gesch\u00e4tzte Lesezeit\" \/>\n\t<meta name=\"twitter:data1\" content=\"1\u00a0Minute\" \/>\n<script type=\"application\/ld+json\" class=\"yoast-schema-graph\">{\"@context\":\"https:\/\/schema.org\",\"@graph\":[{\"@type\":\"WebPage\",\"@id\":\"https:\/\/denkmalpflege.tuwien.ac.at\/index.php\/workshop-spatial-digital-humanities\/\",\"url\":\"https:\/\/denkmalpflege.tuwien.ac.at\/index.php\/workshop-spatial-digital-humanities\/\",\"name\":\"Workshop Spatial Digital Humanities - Denkmalpflege und Bauen im Bestand\",\"isPartOf\":{\"@id\":\"https:\/\/denkmalpflege.tuwien.ac.at\/#website\"},\"primaryImageOfPage\":{\"@id\":\"https:\/\/denkmalpflege.tuwien.ac.at\/index.php\/workshop-spatial-digital-humanities\/#primaryimage\"},\"image\":{\"@id\":\"https:\/\/denkmalpflege.tuwien.ac.at\/index.php\/workshop-spatial-digital-humanities\/#primaryimage\"},\"thumbnailUrl\":\"http:\/\/denkmalpflege.tuwien.ac.at\/wp-content\/uploads\/2025\/07\/Workshop-Spatial-digital-humanities-2025-854x1024.jpg\",\"datePublished\":\"2025-07-03T13:35:57+00:00\",\"dateModified\":\"2025-07-03T13:36:33+00:00\",\"breadcrumb\":{\"@id\":\"https:\/\/denkmalpflege.tuwien.ac.at\/index.php\/workshop-spatial-digital-humanities\/#breadcrumb\"},\"inLanguage\":\"de\",\"potentialAction\":[{\"@type\":\"ReadAction\",\"target\":[\"https:\/\/denkmalpflege.tuwien.ac.at\/index.php\/workshop-spatial-digital-humanities\/\"]}]},{\"@type\":\"ImageObject\",\"inLanguage\":\"de\",\"@id\":\"https:\/\/denkmalpflege.tuwien.ac.at\/index.php\/workshop-spatial-digital-humanities\/#primaryimage\",\"url\":\"https:\/\/denkmalpflege.tuwien.ac.at\/wp-content\/uploads\/2025\/07\/Workshop-Spatial-digital-humanities-2025-scaled.jpg\",\"contentUrl\":\"https:\/\/denkmalpflege.tuwien.ac.at\/wp-content\/uploads\/2025\/07\/Workshop-Spatial-digital-humanities-2025-scaled.jpg\",\"width\":2134,\"height\":2560,\"caption\":\"Kachel Startseite\"},{\"@type\":\"BreadcrumbList\",\"@id\":\"https:\/\/denkmalpflege.tuwien.ac.at\/index.php\/workshop-spatial-digital-humanities\/#breadcrumb\",\"itemListElement\":[{\"@type\":\"ListItem\",\"position\":1,\"name\":\"Startseite\",\"item\":\"https:\/\/denkmalpflege.tuwien.ac.at\/\"},{\"@type\":\"ListItem\",\"position\":2,\"name\":\"Workshop Spatial Digital Humanities\"}]},{\"@type\":\"WebSite\",\"@id\":\"https:\/\/denkmalpflege.tuwien.ac.at\/#website\",\"url\":\"https:\/\/denkmalpflege.tuwien.ac.at\/\",\"name\":\"Denkmalpflege und Bauen im Bestand\",\"description\":\"Denkmalpflege TU Wien\",\"publisher\":{\"@id\":\"https:\/\/denkmalpflege.tuwien.ac.at\/#organization\"},\"potentialAction\":[{\"@type\":\"SearchAction\",\"target\":{\"@type\":\"EntryPoint\",\"urlTemplate\":\"https:\/\/denkmalpflege.tuwien.ac.at\/?s={search_term_string}\"},\"query-input\":{\"@type\":\"PropertyValueSpecification\",\"valueRequired\":true,\"valueName\":\"search_term_string\"}}],\"inLanguage\":\"de\"},{\"@type\":\"Organization\",\"@id\":\"https:\/\/denkmalpflege.tuwien.ac.at\/#organization\",\"name\":\"TU Wien Denkmalpflege und Bauen im Bestand\",\"url\":\"https:\/\/denkmalpflege.tuwien.ac.at\/\",\"logo\":{\"@type\":\"ImageObject\",\"inLanguage\":\"de\",\"@id\":\"https:\/\/denkmalpflege.tuwien.ac.at\/#\/schema\/logo\/image\/\",\"url\":\"https:\/\/denkmalpflege.tuwien.ac.at\/wp-content\/uploads\/2019\/10\/Logo1.png\",\"contentUrl\":\"https:\/\/denkmalpflege.tuwien.ac.at\/wp-content\/uploads\/2019\/10\/Logo1.png\",\"width\":222,\"height\":79,\"caption\":\"TU Wien Denkmalpflege und Bauen im Bestand\"},\"image\":{\"@id\":\"https:\/\/denkmalpflege.tuwien.ac.at\/#\/schema\/logo\/image\/\"}}]}<\/script>\n<!-- \/ Yoast SEO plugin. -->","yoast_head_json":{"title":"Workshop Spatial Digital Humanities - Denkmalpflege und Bauen im Bestand","robots":{"index":"index","follow":"follow","max-snippet":"max-snippet:-1","max-image-preview":"max-image-preview:large","max-video-preview":"max-video-preview:-1"},"canonical":"https:\/\/denkmalpflege.tuwien.ac.at\/index.php\/workshop-spatial-digital-humanities\/","og_locale":"de_DE","og_type":"article","og_title":"Workshop Spatial Digital Humanities - Denkmalpflege und Bauen im Bestand","og_description":"WORKSHOP ON SPATIAL DIGITAL HUMANITIES Generalstadtplan f\u00fcr Wien, 1912, Ausschnitt, WStLA\/Wien Kulturgut Stadtplan Analysing and visualising historic changes of the urban fabric Datum: 30 Juni &#8211; 1 Juli 2025 Ort: TU Wien, Hauptgeb\u00e4ude, Karlsplatz 13, 1040 Wien Zusammen mit dem Forschungsverbund Urban Meta Mapping der Universit\u00e4t Bamberg organisiert Birgit Knauer einen Workshop zu Digital-Humanities-Methoden, die bei der Analyse und Visualisierung historischer Transformationsprozesse von St\u00e4dten angewandt werden und bzw. daf\u00fcr inRead More","og_url":"https:\/\/denkmalpflege.tuwien.ac.at\/index.php\/workshop-spatial-digital-humanities\/","og_site_name":"Denkmalpflege und Bauen im Bestand","article_modified_time":"2025-07-03T13:36:33+00:00","og_image":[{"url":"http:\/\/denkmalpflege.tuwien.ac.at\/wp-content\/uploads\/2025\/07\/Workshop-Spatial-digital-humanities-2025-854x1024.jpg","type":"","width":"","height":""}],"twitter_card":"summary_large_image","twitter_misc":{"Gesch\u00e4tzte Lesezeit":"1\u00a0Minute"},"schema":{"@context":"https:\/\/schema.org","@graph":[{"@type":"WebPage","@id":"https:\/\/denkmalpflege.tuwien.ac.at\/index.php\/workshop-spatial-digital-humanities\/","url":"https:\/\/denkmalpflege.tuwien.ac.at\/index.php\/workshop-spatial-digital-humanities\/","name":"Workshop Spatial Digital Humanities - Denkmalpflege und Bauen im Bestand","isPartOf":{"@id":"https:\/\/denkmalpflege.tuwien.ac.at\/#website"},"primaryImageOfPage":{"@id":"https:\/\/denkmalpflege.tuwien.ac.at\/index.php\/workshop-spatial-digital-humanities\/#primaryimage"},"image":{"@id":"https:\/\/denkmalpflege.tuwien.ac.at\/index.php\/workshop-spatial-digital-humanities\/#primaryimage"},"thumbnailUrl":"http:\/\/denkmalpflege.tuwien.ac.at\/wp-content\/uploads\/2025\/07\/Workshop-Spatial-digital-humanities-2025-854x1024.jpg","datePublished":"2025-07-03T13:35:57+00:00","dateModified":"2025-07-03T13:36:33+00:00","breadcrumb":{"@id":"https:\/\/denkmalpflege.tuwien.ac.at\/index.php\/workshop-spatial-digital-humanities\/#breadcrumb"},"inLanguage":"de","potentialAction":[{"@type":"ReadAction","target":["https:\/\/denkmalpflege.tuwien.ac.at\/index.php\/workshop-spatial-digital-humanities\/"]}]},{"@type":"ImageObject","inLanguage":"de","@id":"https:\/\/denkmalpflege.tuwien.ac.at\/index.php\/workshop-spatial-digital-humanities\/#primaryimage","url":"https:\/\/denkmalpflege.tuwien.ac.at\/wp-content\/uploads\/2025\/07\/Workshop-Spatial-digital-humanities-2025-scaled.jpg","contentUrl":"https:\/\/denkmalpflege.tuwien.ac.at\/wp-content\/uploads\/2025\/07\/Workshop-Spatial-digital-humanities-2025-scaled.jpg","width":2134,"height":2560,"caption":"Kachel Startseite"},{"@type":"BreadcrumbList","@id":"https:\/\/denkmalpflege.tuwien.ac.at\/index.php\/workshop-spatial-digital-humanities\/#breadcrumb","itemListElement":[{"@type":"ListItem","position":1,"name":"Startseite","item":"https:\/\/denkmalpflege.tuwien.ac.at\/"},{"@type":"ListItem","position":2,"name":"Workshop Spatial Digital Humanities"}]},{"@type":"WebSite","@id":"https:\/\/denkmalpflege.tuwien.ac.at\/#website","url":"https:\/\/denkmalpflege.tuwien.ac.at\/","name":"Denkmalpflege und Bauen im Bestand","description":"Denkmalpflege TU Wien","publisher":{"@id":"https:\/\/denkmalpflege.tuwien.ac.at\/#organization"},"potentialAction":[{"@type":"SearchAction","target":{"@type":"EntryPoint","urlTemplate":"https:\/\/denkmalpflege.tuwien.ac.at\/?s={search_term_string}"},"query-input":{"@type":"PropertyValueSpecification","valueRequired":true,"valueName":"search_term_string"}}],"inLanguage":"de"},{"@type":"Organization","@id":"https:\/\/denkmalpflege.tuwien.ac.at\/#organization","name":"TU Wien Denkmalpflege und Bauen im Bestand","url":"https:\/\/denkmalpflege.tuwien.ac.at\/","logo":{"@type":"ImageObject","inLanguage":"de","@id":"https:\/\/denkmalpflege.tuwien.ac.at\/#\/schema\/logo\/image\/","url":"https:\/\/denkmalpflege.tuwien.ac.at\/wp-content\/uploads\/2019\/10\/Logo1.png","contentUrl":"https:\/\/denkmalpflege.tuwien.ac.at\/wp-content\/uploads\/2019\/10\/Logo1.png","width":222,"height":79,"caption":"TU Wien Denkmalpflege und Bauen im Bestand"},"image":{"@id":"https:\/\/denkmalpflege.tuwien.ac.at\/#\/schema\/logo\/image\/"}}]}},"_links":{"self":[{"href":"https:\/\/denkmalpflege.tuwien.ac.at\/index.php\/wp-json\/wp\/v2\/pages\/34019","targetHints":{"allow":["GET"]}}],"collection":[{"href":"https:\/\/denkmalpflege.tuwien.ac.at\/index.php\/wp-json\/wp\/v2\/pages"}],"about":[{"href":"https:\/\/denkmalpflege.tuwien.ac.at\/index.php\/wp-json\/wp\/v2\/types\/page"}],"author":[{"embeddable":true,"href":"https:\/\/denkmalpflege.tuwien.ac.at\/index.php\/wp-json\/wp\/v2\/users\/1"}],"replies":[{"embeddable":true,"href":"https:\/\/denkmalpflege.tuwien.ac.at\/index.php\/wp-json\/wp\/v2\/comments?post=34019"}],"version-history":[{"count":4,"href":"https:\/\/denkmalpflege.tuwien.ac.at\/index.php\/wp-json\/wp\/v2\/pages\/34019\/revisions"}],"predecessor-version":[{"id":34024,"href":"https:\/\/denkmalpflege.tuwien.ac.at\/index.php\/wp-json\/wp\/v2\/pages\/34019\/revisions\/34024"}],"wp:attachment":[{"href":"https:\/\/denkmalpflege.tuwien.ac.at\/index.php\/wp-json\/wp\/v2\/media?parent=34019"}],"curies":[{"name":"wp","href":"https:\/\/api.w.org\/{rel}","templated":true}]}}