{"id":33889,"date":"2025-05-30T09:32:36","date_gmt":"2025-05-30T07:32:36","guid":{"rendered":"https:\/\/denkmalpflege.tuwien.ac.at\/?page_id=33889"},"modified":"2025-05-30T09:53:35","modified_gmt":"2025-05-30T07:53:35","slug":"5-oesterreichisches-doktorandinnensymposium-der-architektur","status":"publish","type":"page","link":"https:\/\/denkmalpflege.tuwien.ac.at\/index.php\/5-oesterreichisches-doktorandinnensymposium-der-architektur\/","title":{"rendered":"5. \u00d6sterreichisches Doktorand*innensymposium der Architektur"},"content":{"rendered":"\t\t<div data-elementor-type=\"wp-page\" data-elementor-id=\"33889\" class=\"elementor elementor-33889\" data-elementor-post-type=\"page\">\n\t\t\t\t\t\t<section class=\"elementor-section elementor-top-section elementor-element elementor-element-deadf1c elementor-section-full_width elementor-section-height-default elementor-section-height-default\" data-id=\"deadf1c\" data-element_type=\"section\">\n\t\t\t\t\t\t<div class=\"elementor-container elementor-column-gap-default\">\n\t\t\t\t\t<div class=\"elementor-column elementor-col-100 elementor-top-column elementor-element elementor-element-479528d\" data-id=\"479528d\" data-element_type=\"column\">\n\t\t\t<div class=\"elementor-widget-wrap elementor-element-populated\">\n\t\t\t\t\t\t<div class=\"elementor-element elementor-element-32dcaea elementor-widget elementor-widget-heading\" data-id=\"32dcaea\" data-element_type=\"widget\" data-widget_type=\"heading.default\">\n\t\t\t\t<div class=\"elementor-widget-container\">\n\t\t\t\t\t<h2 class=\"elementor-heading-title elementor-size-default\">5. \u00d6sterreichisches Doktorand*innensymposium der Architektur<\/h2>\t\t\t\t<\/div>\n\t\t\t\t<\/div>\n\t\t\t\t\t<\/div>\n\t\t<\/div>\n\t\t\t\t\t<\/div>\n\t\t<\/section>\n\t\t\t\t<section class=\"elementor-section elementor-top-section elementor-element elementor-element-6b2aa10 elementor-section-full_width elementor-section-height-default elementor-section-height-default\" data-id=\"6b2aa10\" data-element_type=\"section\" data-settings=\"{&quot;background_background&quot;:&quot;classic&quot;}\">\n\t\t\t\t\t\t<div class=\"elementor-container elementor-column-gap-default\">\n\t\t\t\t\t<div class=\"elementor-column elementor-col-50 elementor-top-column elementor-element elementor-element-b51ecfe\" data-id=\"b51ecfe\" data-element_type=\"column\">\n\t\t\t<div class=\"elementor-widget-wrap elementor-element-populated\">\n\t\t\t\t\t\t<div class=\"elementor-element elementor-element-df187fb elementor-widget elementor-widget-image\" data-id=\"df187fb\" data-element_type=\"widget\" data-widget_type=\"image.default\">\n\t\t\t\t<div class=\"elementor-widget-container\">\n\t\t\t\t\t\t\t\t\t\t\t\t\t\t\t\t<a href=\"http:\/\/denkmalpflege.tuwien.ac.at\/wp-content\/uploads\/2025\/05\/Doktorand_innensymposium-Graz_2-scaled.jpg\" data-elementor-open-lightbox=\"yes\" data-e-action-hash=\"#elementor-action%3Aaction%3Dlightbox%26settings%3DeyJpZCI6MzM4OTEsInVybCI6Imh0dHBzOlwvXC9kZW5rbWFscGZsZWdlLnR1d2llbi5hYy5hdFwvd3AtY29udGVudFwvdXBsb2Fkc1wvMjAyNVwvMDVcL0Rva3RvcmFuZF9pbm5lbnN5bXBvc2l1bS1HcmF6XzItc2NhbGVkLmpwZyJ9\">\n\t\t\t\t\t\t\t<img fetchpriority=\"high\" decoding=\"async\" width=\"854\" height=\"1024\" src=\"https:\/\/denkmalpflege.tuwien.ac.at\/wp-content\/uploads\/2025\/05\/Doktorand_innensymposium-Graz_2-854x1024.jpg\" class=\"attachment-large size-large wp-image-33891\" alt=\"\" srcset=\"https:\/\/denkmalpflege.tuwien.ac.at\/wp-content\/uploads\/2025\/05\/Doktorand_innensymposium-Graz_2-854x1024.jpg 854w, https:\/\/denkmalpflege.tuwien.ac.at\/wp-content\/uploads\/2025\/05\/Doktorand_innensymposium-Graz_2-250x300.jpg 250w, https:\/\/denkmalpflege.tuwien.ac.at\/wp-content\/uploads\/2025\/05\/Doktorand_innensymposium-Graz_2-768x921.jpg 768w, https:\/\/denkmalpflege.tuwien.ac.at\/wp-content\/uploads\/2025\/05\/Doktorand_innensymposium-Graz_2-1280x1536.jpg 1280w, https:\/\/denkmalpflege.tuwien.ac.at\/wp-content\/uploads\/2025\/05\/Doktorand_innensymposium-Graz_2-1707x2048.jpg 1707w, https:\/\/denkmalpflege.tuwien.ac.at\/wp-content\/uploads\/2025\/05\/Doktorand_innensymposium-Graz_2-700x840.jpg 700w\" sizes=\"(max-width: 854px) 100vw, 854px\" \/>\t\t\t\t\t\t\t\t<\/a>\n\t\t\t\t\t\t\t\t\t\t\t\t\t\t\t<\/div>\n\t\t\t\t<\/div>\n\t\t\t\t<div class=\"elementor-element elementor-element-8377844 elementor-widget elementor-widget-text-editor\" data-id=\"8377844\" data-element_type=\"widget\" data-widget_type=\"text-editor.default\">\n\t\t\t\t<div class=\"elementor-widget-container\">\n\t\t\t\t\t\t\t\t\t<p>\u00a9 Luisa Omonsky<\/p>\t\t\t\t\t\t\t\t<\/div>\n\t\t\t\t<\/div>\n\t\t\t\t\t<\/div>\n\t\t<\/div>\n\t\t\t\t<div class=\"elementor-column elementor-col-50 elementor-top-column elementor-element elementor-element-3a4ab0f\" data-id=\"3a4ab0f\" data-element_type=\"column\">\n\t\t\t<div class=\"elementor-widget-wrap elementor-element-populated\">\n\t\t\t\t\t\t<div class=\"elementor-element elementor-element-1b015a4 elementor-widget elementor-widget-text-editor\" data-id=\"1b015a4\" data-element_type=\"widget\" data-widget_type=\"text-editor.default\">\n\t\t\t\t<div class=\"elementor-widget-container\">\n\t\t\t\t\t\t\t\t\t<p>Auf dem 5. \u00d6sterreichischen Doktorand*innensymposium der Architektur haben zwei Doktorandinnen des Forschungsbereichs Denkmalpflege und Bauen im Bestand ihre Promotionsthemen vorstellen d\u00fcrfen. Rita Mullen pr\u00e4sentierte ihren Forschungsstand zum Thema <i>L\u00f6sungen zu klimagerechten und denkmalpflegerischen Adaptionen von erdber\u00fchrenden Bauteile in historischen Geb\u00e4uden<\/i>. Luisa Omonsky erl\u00e4uterte ihre Forschungsans\u00e4tze zu <i>Postmodernen Wohnarchitekturen und -konzeptionen, einer denkmalkundlichen Betrachtung zu ihrer Erfassung, Bewertung und Vermittlung<\/i>.<br \/>Das \u00d6sterreichische Doktorand*innensymposium der Architektur ist eine im zweij\u00e4hrigen Rhytmus stattfindende Veranstaltung, die Doktorand*innen der sechs \u00f6sterreichischen Universit\u00e4ten mit Architekturstudium zusammenbringt. 2025 fand das Symposium am 15. und 16. Mai an der TU Graz statt.<\/p>\t\t\t\t\t\t\t\t<\/div>\n\t\t\t\t<\/div>\n\t\t\t\t\t<\/div>\n\t\t<\/div>\n\t\t\t\t\t<\/div>\n\t\t<\/section>\n\t\t\t\t<\/div>\n\t\t","protected":false},"excerpt":{"rendered":"<p>5. \u00d6sterreichisches Doktorand*innensymposium der Architektur \u00a9 Luisa Omonsky Auf dem 5. \u00d6sterreichischen Doktorand*innensymposium der Architektur haben zwei Doktorandinnen des Forschungsbereichs Denkmalpflege und Bauen im Bestand ihre Promotionsthemen vorstellen d\u00fcrfen. Rita Mullen pr\u00e4sentierte ihren Forschungsstand zum Thema L\u00f6sungen zu klimagerechten und denkmalpflegerischen Adaptionen von erdber\u00fchrenden Bauteile in historischen Geb\u00e4uden. Luisa Omonsky erl\u00e4uterte ihre Forschungsans\u00e4tze zu Postmodernen Wohnarchitekturen und -konzeptionen, einer denkmalkundlichen Betrachtung zu ihrer Erfassung, Bewertung und Vermittlung.Das \u00d6sterreichische Doktorand*innensymposium der<\/p>\n<div class=\"belowpost\"><a class=\"btnmore icon-arrow\" href=\"https:\/\/denkmalpflege.tuwien.ac.at\/index.php\/5-oesterreichisches-doktorandinnensymposium-der-architektur\/\"><span>Read More<\/span><\/a><\/div>\n","protected":false},"author":1,"featured_media":0,"parent":0,"menu_order":0,"comment_status":"closed","ping_status":"closed","template":"","meta":{"footnotes":""},"class_list":["post-33889","page","type-page","status-publish","hentry"],"yoast_head":"<!-- This site is optimized with the Yoast SEO plugin v26.0 - https:\/\/yoast.com\/wordpress\/plugins\/seo\/ -->\n<title>5. \u00d6sterreichisches Doktorand*innensymposium der Architektur - Denkmalpflege und Bauen im Bestand<\/title>\n<meta name=\"robots\" content=\"index, follow, max-snippet:-1, max-image-preview:large, max-video-preview:-1\" \/>\n<link rel=\"canonical\" href=\"https:\/\/denkmalpflege.tuwien.ac.at\/index.php\/5-oesterreichisches-doktorandinnensymposium-der-architektur\/\" \/>\n<meta property=\"og:locale\" content=\"de_DE\" \/>\n<meta property=\"og:type\" content=\"article\" \/>\n<meta property=\"og:title\" content=\"5. \u00d6sterreichisches Doktorand*innensymposium der Architektur - Denkmalpflege und Bauen im Bestand\" \/>\n<meta property=\"og:description\" content=\"5. \u00d6sterreichisches Doktorand*innensymposium der Architektur \u00a9 Luisa Omonsky Auf dem 5. \u00d6sterreichischen Doktorand*innensymposium der Architektur haben zwei Doktorandinnen des Forschungsbereichs Denkmalpflege und Bauen im Bestand ihre Promotionsthemen vorstellen d\u00fcrfen. Rita Mullen pr\u00e4sentierte ihren Forschungsstand zum Thema L\u00f6sungen zu klimagerechten und denkmalpflegerischen Adaptionen von erdber\u00fchrenden Bauteile in historischen Geb\u00e4uden. Luisa Omonsky erl\u00e4uterte ihre Forschungsans\u00e4tze zu Postmodernen Wohnarchitekturen und -konzeptionen, einer denkmalkundlichen Betrachtung zu ihrer Erfassung, Bewertung und Vermittlung.Das \u00d6sterreichische Doktorand*innensymposium derRead More\" \/>\n<meta property=\"og:url\" content=\"https:\/\/denkmalpflege.tuwien.ac.at\/index.php\/5-oesterreichisches-doktorandinnensymposium-der-architektur\/\" \/>\n<meta property=\"og:site_name\" content=\"Denkmalpflege und Bauen im Bestand\" \/>\n<meta property=\"article:modified_time\" content=\"2025-05-30T07:53:35+00:00\" \/>\n<meta property=\"og:image\" content=\"http:\/\/denkmalpflege.tuwien.ac.at\/wp-content\/uploads\/2025\/05\/Doktorand_innensymposium-Graz_2-854x1024.jpg\" \/>\n<meta name=\"twitter:card\" content=\"summary_large_image\" \/>\n<meta name=\"twitter:label1\" content=\"Gesch\u00e4tzte Lesezeit\" \/>\n\t<meta name=\"twitter:data1\" content=\"1\u00a0Minute\" \/>\n<script type=\"application\/ld+json\" class=\"yoast-schema-graph\">{\"@context\":\"https:\/\/schema.org\",\"@graph\":[{\"@type\":\"WebPage\",\"@id\":\"https:\/\/denkmalpflege.tuwien.ac.at\/index.php\/5-oesterreichisches-doktorandinnensymposium-der-architektur\/\",\"url\":\"https:\/\/denkmalpflege.tuwien.ac.at\/index.php\/5-oesterreichisches-doktorandinnensymposium-der-architektur\/\",\"name\":\"5. \u00d6sterreichisches Doktorand*innensymposium der Architektur - Denkmalpflege und Bauen im Bestand\",\"isPartOf\":{\"@id\":\"https:\/\/denkmalpflege.tuwien.ac.at\/#website\"},\"primaryImageOfPage\":{\"@id\":\"https:\/\/denkmalpflege.tuwien.ac.at\/index.php\/5-oesterreichisches-doktorandinnensymposium-der-architektur\/#primaryimage\"},\"image\":{\"@id\":\"https:\/\/denkmalpflege.tuwien.ac.at\/index.php\/5-oesterreichisches-doktorandinnensymposium-der-architektur\/#primaryimage\"},\"thumbnailUrl\":\"http:\/\/denkmalpflege.tuwien.ac.at\/wp-content\/uploads\/2025\/05\/Doktorand_innensymposium-Graz_2-854x1024.jpg\",\"datePublished\":\"2025-05-30T07:32:36+00:00\",\"dateModified\":\"2025-05-30T07:53:35+00:00\",\"breadcrumb\":{\"@id\":\"https:\/\/denkmalpflege.tuwien.ac.at\/index.php\/5-oesterreichisches-doktorandinnensymposium-der-architektur\/#breadcrumb\"},\"inLanguage\":\"de\",\"potentialAction\":[{\"@type\":\"ReadAction\",\"target\":[\"https:\/\/denkmalpflege.tuwien.ac.at\/index.php\/5-oesterreichisches-doktorandinnensymposium-der-architektur\/\"]}]},{\"@type\":\"ImageObject\",\"inLanguage\":\"de\",\"@id\":\"https:\/\/denkmalpflege.tuwien.ac.at\/index.php\/5-oesterreichisches-doktorandinnensymposium-der-architektur\/#primaryimage\",\"url\":\"https:\/\/denkmalpflege.tuwien.ac.at\/wp-content\/uploads\/2025\/05\/Doktorand_innensymposium-Graz_2-scaled.jpg\",\"contentUrl\":\"https:\/\/denkmalpflege.tuwien.ac.at\/wp-content\/uploads\/2025\/05\/Doktorand_innensymposium-Graz_2-scaled.jpg\",\"width\":2134,\"height\":2560},{\"@type\":\"BreadcrumbList\",\"@id\":\"https:\/\/denkmalpflege.tuwien.ac.at\/index.php\/5-oesterreichisches-doktorandinnensymposium-der-architektur\/#breadcrumb\",\"itemListElement\":[{\"@type\":\"ListItem\",\"position\":1,\"name\":\"Startseite\",\"item\":\"https:\/\/denkmalpflege.tuwien.ac.at\/\"},{\"@type\":\"ListItem\",\"position\":2,\"name\":\"5. \u00d6sterreichisches Doktorand*innensymposium der Architektur\"}]},{\"@type\":\"WebSite\",\"@id\":\"https:\/\/denkmalpflege.tuwien.ac.at\/#website\",\"url\":\"https:\/\/denkmalpflege.tuwien.ac.at\/\",\"name\":\"Denkmalpflege und Bauen im Bestand\",\"description\":\"Denkmalpflege TU Wien\",\"publisher\":{\"@id\":\"https:\/\/denkmalpflege.tuwien.ac.at\/#organization\"},\"potentialAction\":[{\"@type\":\"SearchAction\",\"target\":{\"@type\":\"EntryPoint\",\"urlTemplate\":\"https:\/\/denkmalpflege.tuwien.ac.at\/?s={search_term_string}\"},\"query-input\":{\"@type\":\"PropertyValueSpecification\",\"valueRequired\":true,\"valueName\":\"search_term_string\"}}],\"inLanguage\":\"de\"},{\"@type\":\"Organization\",\"@id\":\"https:\/\/denkmalpflege.tuwien.ac.at\/#organization\",\"name\":\"TU Wien Denkmalpflege und Bauen im Bestand\",\"url\":\"https:\/\/denkmalpflege.tuwien.ac.at\/\",\"logo\":{\"@type\":\"ImageObject\",\"inLanguage\":\"de\",\"@id\":\"https:\/\/denkmalpflege.tuwien.ac.at\/#\/schema\/logo\/image\/\",\"url\":\"https:\/\/denkmalpflege.tuwien.ac.at\/wp-content\/uploads\/2019\/10\/Logo1.png\",\"contentUrl\":\"https:\/\/denkmalpflege.tuwien.ac.at\/wp-content\/uploads\/2019\/10\/Logo1.png\",\"width\":222,\"height\":79,\"caption\":\"TU Wien Denkmalpflege und Bauen im Bestand\"},\"image\":{\"@id\":\"https:\/\/denkmalpflege.tuwien.ac.at\/#\/schema\/logo\/image\/\"}}]}<\/script>\n<!-- \/ Yoast SEO plugin. -->","yoast_head_json":{"title":"5. \u00d6sterreichisches Doktorand*innensymposium der Architektur - Denkmalpflege und Bauen im Bestand","robots":{"index":"index","follow":"follow","max-snippet":"max-snippet:-1","max-image-preview":"max-image-preview:large","max-video-preview":"max-video-preview:-1"},"canonical":"https:\/\/denkmalpflege.tuwien.ac.at\/index.php\/5-oesterreichisches-doktorandinnensymposium-der-architektur\/","og_locale":"de_DE","og_type":"article","og_title":"5. \u00d6sterreichisches Doktorand*innensymposium der Architektur - Denkmalpflege und Bauen im Bestand","og_description":"5. \u00d6sterreichisches Doktorand*innensymposium der Architektur \u00a9 Luisa Omonsky Auf dem 5. \u00d6sterreichischen Doktorand*innensymposium der Architektur haben zwei Doktorandinnen des Forschungsbereichs Denkmalpflege und Bauen im Bestand ihre Promotionsthemen vorstellen d\u00fcrfen. Rita Mullen pr\u00e4sentierte ihren Forschungsstand zum Thema L\u00f6sungen zu klimagerechten und denkmalpflegerischen Adaptionen von erdber\u00fchrenden Bauteile in historischen Geb\u00e4uden. Luisa Omonsky erl\u00e4uterte ihre Forschungsans\u00e4tze zu Postmodernen Wohnarchitekturen und -konzeptionen, einer denkmalkundlichen Betrachtung zu ihrer Erfassung, Bewertung und Vermittlung.Das \u00d6sterreichische Doktorand*innensymposium derRead More","og_url":"https:\/\/denkmalpflege.tuwien.ac.at\/index.php\/5-oesterreichisches-doktorandinnensymposium-der-architektur\/","og_site_name":"Denkmalpflege und Bauen im Bestand","article_modified_time":"2025-05-30T07:53:35+00:00","og_image":[{"url":"http:\/\/denkmalpflege.tuwien.ac.at\/wp-content\/uploads\/2025\/05\/Doktorand_innensymposium-Graz_2-854x1024.jpg","type":"","width":"","height":""}],"twitter_card":"summary_large_image","twitter_misc":{"Gesch\u00e4tzte Lesezeit":"1\u00a0Minute"},"schema":{"@context":"https:\/\/schema.org","@graph":[{"@type":"WebPage","@id":"https:\/\/denkmalpflege.tuwien.ac.at\/index.php\/5-oesterreichisches-doktorandinnensymposium-der-architektur\/","url":"https:\/\/denkmalpflege.tuwien.ac.at\/index.php\/5-oesterreichisches-doktorandinnensymposium-der-architektur\/","name":"5. \u00d6sterreichisches Doktorand*innensymposium der Architektur - Denkmalpflege und Bauen im Bestand","isPartOf":{"@id":"https:\/\/denkmalpflege.tuwien.ac.at\/#website"},"primaryImageOfPage":{"@id":"https:\/\/denkmalpflege.tuwien.ac.at\/index.php\/5-oesterreichisches-doktorandinnensymposium-der-architektur\/#primaryimage"},"image":{"@id":"https:\/\/denkmalpflege.tuwien.ac.at\/index.php\/5-oesterreichisches-doktorandinnensymposium-der-architektur\/#primaryimage"},"thumbnailUrl":"http:\/\/denkmalpflege.tuwien.ac.at\/wp-content\/uploads\/2025\/05\/Doktorand_innensymposium-Graz_2-854x1024.jpg","datePublished":"2025-05-30T07:32:36+00:00","dateModified":"2025-05-30T07:53:35+00:00","breadcrumb":{"@id":"https:\/\/denkmalpflege.tuwien.ac.at\/index.php\/5-oesterreichisches-doktorandinnensymposium-der-architektur\/#breadcrumb"},"inLanguage":"de","potentialAction":[{"@type":"ReadAction","target":["https:\/\/denkmalpflege.tuwien.ac.at\/index.php\/5-oesterreichisches-doktorandinnensymposium-der-architektur\/"]}]},{"@type":"ImageObject","inLanguage":"de","@id":"https:\/\/denkmalpflege.tuwien.ac.at\/index.php\/5-oesterreichisches-doktorandinnensymposium-der-architektur\/#primaryimage","url":"https:\/\/denkmalpflege.tuwien.ac.at\/wp-content\/uploads\/2025\/05\/Doktorand_innensymposium-Graz_2-scaled.jpg","contentUrl":"https:\/\/denkmalpflege.tuwien.ac.at\/wp-content\/uploads\/2025\/05\/Doktorand_innensymposium-Graz_2-scaled.jpg","width":2134,"height":2560},{"@type":"BreadcrumbList","@id":"https:\/\/denkmalpflege.tuwien.ac.at\/index.php\/5-oesterreichisches-doktorandinnensymposium-der-architektur\/#breadcrumb","itemListElement":[{"@type":"ListItem","position":1,"name":"Startseite","item":"https:\/\/denkmalpflege.tuwien.ac.at\/"},{"@type":"ListItem","position":2,"name":"5. \u00d6sterreichisches Doktorand*innensymposium der Architektur"}]},{"@type":"WebSite","@id":"https:\/\/denkmalpflege.tuwien.ac.at\/#website","url":"https:\/\/denkmalpflege.tuwien.ac.at\/","name":"Denkmalpflege und Bauen im Bestand","description":"Denkmalpflege TU Wien","publisher":{"@id":"https:\/\/denkmalpflege.tuwien.ac.at\/#organization"},"potentialAction":[{"@type":"SearchAction","target":{"@type":"EntryPoint","urlTemplate":"https:\/\/denkmalpflege.tuwien.ac.at\/?s={search_term_string}"},"query-input":{"@type":"PropertyValueSpecification","valueRequired":true,"valueName":"search_term_string"}}],"inLanguage":"de"},{"@type":"Organization","@id":"https:\/\/denkmalpflege.tuwien.ac.at\/#organization","name":"TU Wien Denkmalpflege und Bauen im Bestand","url":"https:\/\/denkmalpflege.tuwien.ac.at\/","logo":{"@type":"ImageObject","inLanguage":"de","@id":"https:\/\/denkmalpflege.tuwien.ac.at\/#\/schema\/logo\/image\/","url":"https:\/\/denkmalpflege.tuwien.ac.at\/wp-content\/uploads\/2019\/10\/Logo1.png","contentUrl":"https:\/\/denkmalpflege.tuwien.ac.at\/wp-content\/uploads\/2019\/10\/Logo1.png","width":222,"height":79,"caption":"TU Wien Denkmalpflege und Bauen im Bestand"},"image":{"@id":"https:\/\/denkmalpflege.tuwien.ac.at\/#\/schema\/logo\/image\/"}}]}},"_links":{"self":[{"href":"https:\/\/denkmalpflege.tuwien.ac.at\/index.php\/wp-json\/wp\/v2\/pages\/33889","targetHints":{"allow":["GET"]}}],"collection":[{"href":"https:\/\/denkmalpflege.tuwien.ac.at\/index.php\/wp-json\/wp\/v2\/pages"}],"about":[{"href":"https:\/\/denkmalpflege.tuwien.ac.at\/index.php\/wp-json\/wp\/v2\/types\/page"}],"author":[{"embeddable":true,"href":"https:\/\/denkmalpflege.tuwien.ac.at\/index.php\/wp-json\/wp\/v2\/users\/1"}],"replies":[{"embeddable":true,"href":"https:\/\/denkmalpflege.tuwien.ac.at\/index.php\/wp-json\/wp\/v2\/comments?post=33889"}],"version-history":[{"count":16,"href":"https:\/\/denkmalpflege.tuwien.ac.at\/index.php\/wp-json\/wp\/v2\/pages\/33889\/revisions"}],"predecessor-version":[{"id":33920,"href":"https:\/\/denkmalpflege.tuwien.ac.at\/index.php\/wp-json\/wp\/v2\/pages\/33889\/revisions\/33920"}],"wp:attachment":[{"href":"https:\/\/denkmalpflege.tuwien.ac.at\/index.php\/wp-json\/wp\/v2\/media?parent=33889"}],"curies":[{"name":"wp","href":"https:\/\/api.w.org\/{rel}","templated":true}]}}