{"id":33199,"date":"2025-03-14T11:39:45","date_gmt":"2025-03-14T10:39:45","guid":{"rendered":"https:\/\/denkmalpflege.tuwien.ac.at\/?page_id=33199"},"modified":"2026-03-19T12:16:22","modified_gmt":"2026-03-19T11:16:22","slug":"cv-luisa-omonsky","status":"publish","type":"page","link":"https:\/\/denkmalpflege.tuwien.ac.at\/index.php\/team\/cv-luisa-omonsky\/","title":{"rendered":"CV Luisa Omonsky"},"content":{"rendered":"\t\t<div data-elementor-type=\"wp-page\" data-elementor-id=\"33199\" class=\"elementor elementor-33199\" data-elementor-post-type=\"page\">\n\t\t\t\t\t\t<section class=\"elementor-section elementor-top-section elementor-element elementor-element-097c4f6 elementor-section-full_width elementor-section-height-default elementor-section-height-default\" data-id=\"097c4f6\" data-element_type=\"section\">\n\t\t\t\t\t\t<div class=\"elementor-container elementor-column-gap-default\">\n\t\t\t\t\t<div class=\"elementor-column elementor-col-100 elementor-top-column elementor-element elementor-element-9481604\" data-id=\"9481604\" data-element_type=\"column\">\n\t\t\t<div class=\"elementor-widget-wrap elementor-element-populated\">\n\t\t\t\t\t\t<div class=\"elementor-element elementor-element-b9d2ba4 elementor-widget elementor-widget-heading\" data-id=\"b9d2ba4\" data-element_type=\"widget\" data-widget_type=\"heading.default\">\n\t\t\t\t<div class=\"elementor-widget-container\">\n\t\t\t\t\t<p class=\"elementor-heading-title elementor-size-default\">Curriculum Vitae<\/p>\t\t\t\t<\/div>\n\t\t\t\t<\/div>\n\t\t\t\t\t<\/div>\n\t\t<\/div>\n\t\t\t\t\t<\/div>\n\t\t<\/section>\n\t\t\t\t<section class=\"elementor-section elementor-top-section elementor-element elementor-element-b034868 elementor-section-full_width elementor-section-height-default elementor-section-height-default\" data-id=\"b034868\" data-element_type=\"section\">\n\t\t\t\t\t\t<div class=\"elementor-container elementor-column-gap-default\">\n\t\t\t\t\t<div class=\"elementor-column elementor-col-33 elementor-top-column elementor-element elementor-element-acbd875\" data-id=\"acbd875\" data-element_type=\"column\">\n\t\t\t<div class=\"elementor-widget-wrap elementor-element-populated\">\n\t\t\t\t\t\t<div class=\"elementor-element elementor-element-672ceaf elementor-widget__width-auto elementor-widget elementor-widget-image\" data-id=\"672ceaf\" data-element_type=\"widget\" data-widget_type=\"image.default\">\n\t\t\t\t<div class=\"elementor-widget-container\">\n\t\t\t\t\t\t\t\t\t\t\t\t\t\t\t<img fetchpriority=\"high\" decoding=\"async\" width=\"1179\" height=\"1250\" src=\"https:\/\/denkmalpflege.tuwien.ac.at\/wp-content\/uploads\/2023\/11\/profilbild_omonsky.jpg\" class=\"attachment-full size-full wp-image-28955\" alt=\"\" srcset=\"https:\/\/denkmalpflege.tuwien.ac.at\/wp-content\/uploads\/2023\/11\/profilbild_omonsky.jpg 1179w, https:\/\/denkmalpflege.tuwien.ac.at\/wp-content\/uploads\/2023\/11\/profilbild_omonsky-283x300.jpg 283w, https:\/\/denkmalpflege.tuwien.ac.at\/wp-content\/uploads\/2023\/11\/profilbild_omonsky-966x1024.jpg 966w, https:\/\/denkmalpflege.tuwien.ac.at\/wp-content\/uploads\/2023\/11\/profilbild_omonsky-768x814.jpg 768w, https:\/\/denkmalpflege.tuwien.ac.at\/wp-content\/uploads\/2023\/11\/profilbild_omonsky-700x742.jpg 700w\" sizes=\"(max-width: 1179px) 100vw, 1179px\" \/>\t\t\t\t\t\t\t\t\t\t\t\t\t\t\t<\/div>\n\t\t\t\t<\/div>\n\t\t\t\t\t<\/div>\n\t\t<\/div>\n\t\t\t\t<div class=\"elementor-column elementor-col-33 elementor-top-column elementor-element elementor-element-cd81060\" data-id=\"cd81060\" data-element_type=\"column\">\n\t\t\t<div class=\"elementor-widget-wrap elementor-element-populated\">\n\t\t\t\t\t\t<div class=\"elementor-element elementor-element-4665d5d elementor-widget elementor-widget-text-editor\" data-id=\"4665d5d\" data-element_type=\"widget\" data-widget_type=\"text-editor.default\">\n\t\t\t\t<div class=\"elementor-widget-container\">\n\t\t\t\t\t\t\t\t\t<p>Luisa OMONSKY<\/p>\t\t\t\t\t\t\t\t<\/div>\n\t\t\t\t<\/div>\n\t\t\t\t<div class=\"elementor-element elementor-element-198c832 elementor-widget elementor-widget-text-editor\" data-id=\"198c832\" data-element_type=\"widget\" data-widget_type=\"text-editor.default\">\n\t\t\t\t<div class=\"elementor-widget-container\">\n\t\t\t\t\t\t\t\t\t<p><em>Projekt Ass. MA.<\/em><br \/>Telefon: +43 (1) 58801-25701<br \/>E-Mail: <a href=\"mailto:luisa.omonsky@tuwien.ac.at\">luisa.omonsky@tuwien.ac.at<\/a><\/p>\t\t\t\t\t\t\t\t<\/div>\n\t\t\t\t<\/div>\n\t\t\t\t\t<\/div>\n\t\t<\/div>\n\t\t\t\t<div class=\"elementor-column elementor-col-33 elementor-top-column elementor-element elementor-element-b37bd3d\" data-id=\"b37bd3d\" data-element_type=\"column\">\n\t\t\t<div class=\"elementor-widget-wrap\">\n\t\t\t\t\t\t\t<\/div>\n\t\t<\/div>\n\t\t\t\t\t<\/div>\n\t\t<\/section>\n\t\t\t\t<section class=\"elementor-section elementor-top-section elementor-element elementor-element-da37cb8 elementor-section-full_width elementor-section-height-default elementor-section-height-default\" data-id=\"da37cb8\" data-element_type=\"section\">\n\t\t\t\t\t\t<div class=\"elementor-container elementor-column-gap-default\">\n\t\t\t\t\t<div class=\"elementor-column elementor-col-100 elementor-top-column elementor-element elementor-element-d8c150b\" data-id=\"d8c150b\" data-element_type=\"column\">\n\t\t\t<div class=\"elementor-widget-wrap elementor-element-populated\">\n\t\t\t\t\t\t<div class=\"elementor-element elementor-element-03aaae4 elementor-widget elementor-widget-text-editor\" data-id=\"03aaae4\" data-element_type=\"widget\" data-widget_type=\"text-editor.default\">\n\t\t\t\t<div class=\"elementor-widget-container\">\n\t\t\t\t\t\t\t\t\t<p>Luisa Omonsky ist Projektassistentin im Forschungsprojekt <em>Wohnen im Denkmal <\/em>am Forschungsbereich f\u00fcr Denkmalpflege und Bauen im Bestand (TU Wien) in Zusammenarbeit mit der Professur Stadtplanung (Bauhaus-Universit\u00e4t Weimar). Sie studierte Urbanistik (Bauhaus-Universit\u00e4t Weimar), Denkmalpflege und Kunstgeschichte (Otto-Friedrich-Universit\u00e4t Bamberg). Ihre Abschlussarbeiten befassten sich mit der Zeitschicht der DDR auf dem Alten Messegel\u00e4nde in Leipzig und mit der denkmalpflegerischen Erfassung und Bewertung postmodernen Einkaufszentren in Deutschland. Derzeit arbeitet sie an einer Dissertation zu postmodernen Wohnsiedlungen und -konzeptionen.<\/p>\t\t\t\t\t\t\t\t<\/div>\n\t\t\t\t<\/div>\n\t\t\t\t<div class=\"elementor-element elementor-element-abdbfb1 elementor-widget elementor-widget-text-editor\" data-id=\"abdbfb1\" data-element_type=\"widget\" data-widget_type=\"text-editor.default\">\n\t\t\t\t<div class=\"elementor-widget-container\">\n\t\t\t\t\t\t\t\t\t<div class=\"cv\"><h3><strong>FORSCHUNGSSCHWERPUNTKE<br \/><\/strong><\/h3><\/div><p>Postmoderne Architektur<br \/>Architektur der DDR<br \/>Wohnbauten und Siedlungen<br \/>Alltags- und Freizeitarchitektur<br \/>Wertediskurse<\/p>\t\t\t\t\t\t\t\t<\/div>\n\t\t\t\t<\/div>\n\t\t\t\t<div class=\"elementor-element elementor-element-a085f19 elementor-widget elementor-widget-text-editor\" data-id=\"a085f19\" data-element_type=\"widget\" data-widget_type=\"text-editor.default\">\n\t\t\t\t<div class=\"elementor-widget-container\">\n\t\t\t\t\t\t\t\t\t<h3><strong>CURRICULUM VITAE<\/strong><\/h3><p><strong>Seit 2023<\/strong> Projektassistentin im Forschungsprojekt <em>Wohnen im Denkmal<\/em> am Forschungsbereich f\u00fcr Denkmalpflege und Bauen im Bestand an der Technischen Universit\u00e4t Wien<\/p><p><strong>2021 \u2013 2023<\/strong> Stipendiatin der Studienstiftung des Deutschen Volkes<\/p><p><strong>2020 \u2013 2024<\/strong> Studium der Denkmalpflege und Kunstgeschichte an der Otto-Friedrich-Universit\u00e4t Bamberg<\/p><p><strong>2015 \u2013 2020<\/strong> Studium der Urbanistik an der Bauhaus-Universit\u00e4t Weimar und Blekinge Tekniska H\u00f6gskola Karlsrkona, Schweden<\/p><p>Studienbegleitende Praktika und Mitarbeit \u2013 Professur Denkmalpflege und Baugeschichte an der Bauhaus-Universit\u00e4t Weimar; Lehrstuhl Kunstgeschichte, insb. mittelalterliche Kunstgeschichte an der Otto-Friedrich-Universit\u00e4t Bamberg; Forschungsverbund UrbanMetaMapping; Grassi Museum f\u00fcr V\u00f6lkerkunde zu Leipzig; Untere Denkmalschutzbeh\u00f6rde der Stadt Leipzig<\/p>\t\t\t\t\t\t\t\t<\/div>\n\t\t\t\t<\/div>\n\t\t\t\t<div class=\"elementor-element elementor-element-d1e4f3c elementor-widget elementor-widget-text-editor\" data-id=\"d1e4f3c\" data-element_type=\"widget\" data-widget_type=\"text-editor.default\">\n\t\t\t\t<div class=\"elementor-widget-container\">\n\t\t\t\t\t\t\t\t\t<h3><strong>FORSCHUNG<\/strong><\/h3><p>2023 \u2013 2026 <br \/>Forschungsprojekt, DFG, TU Wien in Kooperation mit Bauhaus Universit\u00e4t Weimar: Wohnen im Denkmal. Erhaltung und Gestaltung von denkmalgesch\u00fctzten baulichen Realisierungen zentraler Wohnkonzepte des 20. Jahrhunderts. (Projektleitung Prof. Heike Oevermann und Prof. Barbara Sch\u00f6nig)<\/p>\t\t\t\t\t\t\t\t<\/div>\n\t\t\t\t<\/div>\n\t\t\t\t<div class=\"elementor-element elementor-element-be20f0b elementor-widget elementor-widget-text-editor\" data-id=\"be20f0b\" data-element_type=\"widget\" data-widget_type=\"text-editor.default\">\n\t\t\t\t<div class=\"elementor-widget-container\">\n\t\t\t\t\t\t\t\t\t<h3>PUBLIKATIONEN<\/h3><p>Hanika, Susanne und Luisa Omonsky. 2024. \u201eDas Erbe des Wohlfahrtsstaates? Chancen und Herausforderungen des schwedischen Miljonprogrammet.\u201c In <em>Ny Nordisk: Erbe und Utopie? Ann\u00e4herungen an Skandinavien und das Baltikum aus denkmalwissenschaftlicher Perspektive, <\/em>herausgegeben von Johannes Warda, 85\u2013104. Bamberg: Lehrstuhl f\u00fcr Denkmalpflege \/ Heritage Sciences, Universit\u00e4t Bamberg. <a href=\"https:\/\/doi.org\/10.20378\/irb-92875\">https:\/\/doi.org\/10.20378\/irb-92875<\/a><\/p>\t\t\t\t\t\t\t\t<\/div>\n\t\t\t\t<\/div>\n\t\t\t\t\t<\/div>\n\t\t<\/div>\n\t\t\t\t\t<\/div>\n\t\t<\/section>\n\t\t\t\t<\/div>\n\t\t","protected":false},"excerpt":{"rendered":"<p>Curriculum Vitae Luisa OMONSKY Projekt Ass. MA.Telefon: +43 (1) 58801-25701E-Mail: luisa.omonsky@tuwien.ac.at Luisa Omonsky ist Projektassistentin im Forschungsprojekt Wohnen im Denkmal am Forschungsbereich f\u00fcr Denkmalpflege und Bauen im Bestand (TU Wien) in Zusammenarbeit mit der Professur Stadtplanung (Bauhaus-Universit\u00e4t Weimar). Sie studierte Urbanistik (Bauhaus-Universit\u00e4t Weimar), Denkmalpflege und Kunstgeschichte (Otto-Friedrich-Universit\u00e4t Bamberg). Ihre Abschlussarbeiten befassten sich mit der Zeitschicht der DDR auf dem Alten Messegel\u00e4nde in Leipzig und mit der denkmalpflegerischen Erfassung und Bewertung<\/p>\n<div class=\"belowpost\"><a class=\"btnmore icon-arrow\" href=\"https:\/\/denkmalpflege.tuwien.ac.at\/index.php\/team\/cv-luisa-omonsky\/\"><span>Read More<\/span><\/a><\/div>\n","protected":false},"author":1,"featured_media":0,"parent":25289,"menu_order":0,"comment_status":"closed","ping_status":"closed","template":"","meta":{"footnotes":""},"class_list":["post-33199","page","type-page","status-publish","hentry"],"yoast_head":"<!-- This site is optimized with the Yoast SEO plugin v26.0 - https:\/\/yoast.com\/wordpress\/plugins\/seo\/ -->\n<title>CV Luisa Omonsky - Denkmalpflege und Bauen im Bestand<\/title>\n<meta name=\"robots\" content=\"index, follow, max-snippet:-1, max-image-preview:large, max-video-preview:-1\" \/>\n<link rel=\"canonical\" href=\"https:\/\/denkmalpflege.tuwien.ac.at\/index.php\/team\/cv-luisa-omonsky\/\" \/>\n<meta property=\"og:locale\" content=\"de_DE\" \/>\n<meta property=\"og:type\" content=\"article\" \/>\n<meta property=\"og:title\" content=\"CV Luisa Omonsky - Denkmalpflege und Bauen im Bestand\" \/>\n<meta property=\"og:description\" content=\"Curriculum Vitae Luisa OMONSKY Projekt Ass. MA.Telefon: +43 (1) 58801-25701E-Mail: luisa.omonsky@tuwien.ac.at Luisa Omonsky ist Projektassistentin im Forschungsprojekt Wohnen im Denkmal am Forschungsbereich f\u00fcr Denkmalpflege und Bauen im Bestand (TU Wien) in Zusammenarbeit mit der Professur Stadtplanung (Bauhaus-Universit\u00e4t Weimar). Sie studierte Urbanistik (Bauhaus-Universit\u00e4t Weimar), Denkmalpflege und Kunstgeschichte (Otto-Friedrich-Universit\u00e4t Bamberg). Ihre Abschlussarbeiten befassten sich mit der Zeitschicht der DDR auf dem Alten Messegel\u00e4nde in Leipzig und mit der denkmalpflegerischen Erfassung und BewertungRead More\" \/>\n<meta property=\"og:url\" content=\"https:\/\/denkmalpflege.tuwien.ac.at\/index.php\/team\/cv-luisa-omonsky\/\" \/>\n<meta property=\"og:site_name\" content=\"Denkmalpflege und Bauen im Bestand\" \/>\n<meta property=\"article:modified_time\" content=\"2026-03-19T11:16:22+00:00\" \/>\n<meta property=\"og:image\" content=\"https:\/\/denkmalpflege.tuwien.ac.at\/wp-content\/uploads\/2023\/11\/profilbild_omonsky.jpg\" \/>\n\t<meta property=\"og:image:width\" content=\"1179\" \/>\n\t<meta property=\"og:image:height\" content=\"1250\" \/>\n\t<meta property=\"og:image:type\" content=\"image\/jpeg\" \/>\n<meta name=\"twitter:card\" content=\"summary_large_image\" \/>\n<meta name=\"twitter:label1\" content=\"Gesch\u00e4tzte Lesezeit\" \/>\n\t<meta name=\"twitter:data1\" content=\"2\u00a0Minuten\" \/>\n<script type=\"application\/ld+json\" class=\"yoast-schema-graph\">{\"@context\":\"https:\/\/schema.org\",\"@graph\":[{\"@type\":\"WebPage\",\"@id\":\"https:\/\/denkmalpflege.tuwien.ac.at\/index.php\/team\/cv-luisa-omonsky\/\",\"url\":\"https:\/\/denkmalpflege.tuwien.ac.at\/index.php\/team\/cv-luisa-omonsky\/\",\"name\":\"CV Luisa Omonsky - Denkmalpflege und Bauen im Bestand\",\"isPartOf\":{\"@id\":\"https:\/\/denkmalpflege.tuwien.ac.at\/#website\"},\"primaryImageOfPage\":{\"@id\":\"https:\/\/denkmalpflege.tuwien.ac.at\/index.php\/team\/cv-luisa-omonsky\/#primaryimage\"},\"image\":{\"@id\":\"https:\/\/denkmalpflege.tuwien.ac.at\/index.php\/team\/cv-luisa-omonsky\/#primaryimage\"},\"thumbnailUrl\":\"http:\/\/denkmalpflege.tuwien.ac.at\/wp-content\/uploads\/2023\/11\/profilbild_omonsky.jpg\",\"datePublished\":\"2025-03-14T10:39:45+00:00\",\"dateModified\":\"2026-03-19T11:16:22+00:00\",\"breadcrumb\":{\"@id\":\"https:\/\/denkmalpflege.tuwien.ac.at\/index.php\/team\/cv-luisa-omonsky\/#breadcrumb\"},\"inLanguage\":\"de\",\"potentialAction\":[{\"@type\":\"ReadAction\",\"target\":[\"https:\/\/denkmalpflege.tuwien.ac.at\/index.php\/team\/cv-luisa-omonsky\/\"]}]},{\"@type\":\"ImageObject\",\"inLanguage\":\"de\",\"@id\":\"https:\/\/denkmalpflege.tuwien.ac.at\/index.php\/team\/cv-luisa-omonsky\/#primaryimage\",\"url\":\"https:\/\/denkmalpflege.tuwien.ac.at\/wp-content\/uploads\/2023\/11\/profilbild_omonsky.jpg\",\"contentUrl\":\"https:\/\/denkmalpflege.tuwien.ac.at\/wp-content\/uploads\/2023\/11\/profilbild_omonsky.jpg\",\"width\":1179,\"height\":1250},{\"@type\":\"BreadcrumbList\",\"@id\":\"https:\/\/denkmalpflege.tuwien.ac.at\/index.php\/team\/cv-luisa-omonsky\/#breadcrumb\",\"itemListElement\":[{\"@type\":\"ListItem\",\"position\":1,\"name\":\"Startseite\",\"item\":\"https:\/\/denkmalpflege.tuwien.ac.at\/\"},{\"@type\":\"ListItem\",\"position\":2,\"name\":\"Team\",\"item\":\"https:\/\/denkmalpflege.tuwien.ac.at\/index.php\/team\/\"},{\"@type\":\"ListItem\",\"position\":3,\"name\":\"CV Luisa Omonsky\"}]},{\"@type\":\"WebSite\",\"@id\":\"https:\/\/denkmalpflege.tuwien.ac.at\/#website\",\"url\":\"https:\/\/denkmalpflege.tuwien.ac.at\/\",\"name\":\"Denkmalpflege und Bauen im Bestand\",\"description\":\"Denkmalpflege TU Wien\",\"publisher\":{\"@id\":\"https:\/\/denkmalpflege.tuwien.ac.at\/#organization\"},\"potentialAction\":[{\"@type\":\"SearchAction\",\"target\":{\"@type\":\"EntryPoint\",\"urlTemplate\":\"https:\/\/denkmalpflege.tuwien.ac.at\/?s={search_term_string}\"},\"query-input\":{\"@type\":\"PropertyValueSpecification\",\"valueRequired\":true,\"valueName\":\"search_term_string\"}}],\"inLanguage\":\"de\"},{\"@type\":\"Organization\",\"@id\":\"https:\/\/denkmalpflege.tuwien.ac.at\/#organization\",\"name\":\"TU Wien Denkmalpflege und Bauen im Bestand\",\"url\":\"https:\/\/denkmalpflege.tuwien.ac.at\/\",\"logo\":{\"@type\":\"ImageObject\",\"inLanguage\":\"de\",\"@id\":\"https:\/\/denkmalpflege.tuwien.ac.at\/#\/schema\/logo\/image\/\",\"url\":\"https:\/\/denkmalpflege.tuwien.ac.at\/wp-content\/uploads\/2019\/10\/Logo1.png\",\"contentUrl\":\"https:\/\/denkmalpflege.tuwien.ac.at\/wp-content\/uploads\/2019\/10\/Logo1.png\",\"width\":222,\"height\":79,\"caption\":\"TU Wien Denkmalpflege und Bauen im Bestand\"},\"image\":{\"@id\":\"https:\/\/denkmalpflege.tuwien.ac.at\/#\/schema\/logo\/image\/\"}}]}<\/script>\n<!-- \/ Yoast SEO plugin. -->","yoast_head_json":{"title":"CV Luisa Omonsky - Denkmalpflege und Bauen im Bestand","robots":{"index":"index","follow":"follow","max-snippet":"max-snippet:-1","max-image-preview":"max-image-preview:large","max-video-preview":"max-video-preview:-1"},"canonical":"https:\/\/denkmalpflege.tuwien.ac.at\/index.php\/team\/cv-luisa-omonsky\/","og_locale":"de_DE","og_type":"article","og_title":"CV Luisa Omonsky - Denkmalpflege und Bauen im Bestand","og_description":"Curriculum Vitae Luisa OMONSKY Projekt Ass. MA.Telefon: +43 (1) 58801-25701E-Mail: luisa.omonsky@tuwien.ac.at Luisa Omonsky ist Projektassistentin im Forschungsprojekt Wohnen im Denkmal am Forschungsbereich f\u00fcr Denkmalpflege und Bauen im Bestand (TU Wien) in Zusammenarbeit mit der Professur Stadtplanung (Bauhaus-Universit\u00e4t Weimar). Sie studierte Urbanistik (Bauhaus-Universit\u00e4t Weimar), Denkmalpflege und Kunstgeschichte (Otto-Friedrich-Universit\u00e4t Bamberg). Ihre Abschlussarbeiten befassten sich mit der Zeitschicht der DDR auf dem Alten Messegel\u00e4nde in Leipzig und mit der denkmalpflegerischen Erfassung und BewertungRead More","og_url":"https:\/\/denkmalpflege.tuwien.ac.at\/index.php\/team\/cv-luisa-omonsky\/","og_site_name":"Denkmalpflege und Bauen im Bestand","article_modified_time":"2026-03-19T11:16:22+00:00","og_image":[{"width":1179,"height":1250,"url":"https:\/\/denkmalpflege.tuwien.ac.at\/wp-content\/uploads\/2023\/11\/profilbild_omonsky.jpg","type":"image\/jpeg"}],"twitter_card":"summary_large_image","twitter_misc":{"Gesch\u00e4tzte Lesezeit":"2\u00a0Minuten"},"schema":{"@context":"https:\/\/schema.org","@graph":[{"@type":"WebPage","@id":"https:\/\/denkmalpflege.tuwien.ac.at\/index.php\/team\/cv-luisa-omonsky\/","url":"https:\/\/denkmalpflege.tuwien.ac.at\/index.php\/team\/cv-luisa-omonsky\/","name":"CV Luisa Omonsky - Denkmalpflege und Bauen im Bestand","isPartOf":{"@id":"https:\/\/denkmalpflege.tuwien.ac.at\/#website"},"primaryImageOfPage":{"@id":"https:\/\/denkmalpflege.tuwien.ac.at\/index.php\/team\/cv-luisa-omonsky\/#primaryimage"},"image":{"@id":"https:\/\/denkmalpflege.tuwien.ac.at\/index.php\/team\/cv-luisa-omonsky\/#primaryimage"},"thumbnailUrl":"http:\/\/denkmalpflege.tuwien.ac.at\/wp-content\/uploads\/2023\/11\/profilbild_omonsky.jpg","datePublished":"2025-03-14T10:39:45+00:00","dateModified":"2026-03-19T11:16:22+00:00","breadcrumb":{"@id":"https:\/\/denkmalpflege.tuwien.ac.at\/index.php\/team\/cv-luisa-omonsky\/#breadcrumb"},"inLanguage":"de","potentialAction":[{"@type":"ReadAction","target":["https:\/\/denkmalpflege.tuwien.ac.at\/index.php\/team\/cv-luisa-omonsky\/"]}]},{"@type":"ImageObject","inLanguage":"de","@id":"https:\/\/denkmalpflege.tuwien.ac.at\/index.php\/team\/cv-luisa-omonsky\/#primaryimage","url":"https:\/\/denkmalpflege.tuwien.ac.at\/wp-content\/uploads\/2023\/11\/profilbild_omonsky.jpg","contentUrl":"https:\/\/denkmalpflege.tuwien.ac.at\/wp-content\/uploads\/2023\/11\/profilbild_omonsky.jpg","width":1179,"height":1250},{"@type":"BreadcrumbList","@id":"https:\/\/denkmalpflege.tuwien.ac.at\/index.php\/team\/cv-luisa-omonsky\/#breadcrumb","itemListElement":[{"@type":"ListItem","position":1,"name":"Startseite","item":"https:\/\/denkmalpflege.tuwien.ac.at\/"},{"@type":"ListItem","position":2,"name":"Team","item":"https:\/\/denkmalpflege.tuwien.ac.at\/index.php\/team\/"},{"@type":"ListItem","position":3,"name":"CV Luisa Omonsky"}]},{"@type":"WebSite","@id":"https:\/\/denkmalpflege.tuwien.ac.at\/#website","url":"https:\/\/denkmalpflege.tuwien.ac.at\/","name":"Denkmalpflege und Bauen im Bestand","description":"Denkmalpflege TU Wien","publisher":{"@id":"https:\/\/denkmalpflege.tuwien.ac.at\/#organization"},"potentialAction":[{"@type":"SearchAction","target":{"@type":"EntryPoint","urlTemplate":"https:\/\/denkmalpflege.tuwien.ac.at\/?s={search_term_string}"},"query-input":{"@type":"PropertyValueSpecification","valueRequired":true,"valueName":"search_term_string"}}],"inLanguage":"de"},{"@type":"Organization","@id":"https:\/\/denkmalpflege.tuwien.ac.at\/#organization","name":"TU Wien Denkmalpflege und Bauen im Bestand","url":"https:\/\/denkmalpflege.tuwien.ac.at\/","logo":{"@type":"ImageObject","inLanguage":"de","@id":"https:\/\/denkmalpflege.tuwien.ac.at\/#\/schema\/logo\/image\/","url":"https:\/\/denkmalpflege.tuwien.ac.at\/wp-content\/uploads\/2019\/10\/Logo1.png","contentUrl":"https:\/\/denkmalpflege.tuwien.ac.at\/wp-content\/uploads\/2019\/10\/Logo1.png","width":222,"height":79,"caption":"TU Wien Denkmalpflege und Bauen im Bestand"},"image":{"@id":"https:\/\/denkmalpflege.tuwien.ac.at\/#\/schema\/logo\/image\/"}}]}},"_links":{"self":[{"href":"https:\/\/denkmalpflege.tuwien.ac.at\/index.php\/wp-json\/wp\/v2\/pages\/33199","targetHints":{"allow":["GET"]}}],"collection":[{"href":"https:\/\/denkmalpflege.tuwien.ac.at\/index.php\/wp-json\/wp\/v2\/pages"}],"about":[{"href":"https:\/\/denkmalpflege.tuwien.ac.at\/index.php\/wp-json\/wp\/v2\/types\/page"}],"author":[{"embeddable":true,"href":"https:\/\/denkmalpflege.tuwien.ac.at\/index.php\/wp-json\/wp\/v2\/users\/1"}],"replies":[{"embeddable":true,"href":"https:\/\/denkmalpflege.tuwien.ac.at\/index.php\/wp-json\/wp\/v2\/comments?post=33199"}],"version-history":[{"count":10,"href":"https:\/\/denkmalpflege.tuwien.ac.at\/index.php\/wp-json\/wp\/v2\/pages\/33199\/revisions"}],"predecessor-version":[{"id":36336,"href":"https:\/\/denkmalpflege.tuwien.ac.at\/index.php\/wp-json\/wp\/v2\/pages\/33199\/revisions\/36336"}],"up":[{"embeddable":true,"href":"https:\/\/denkmalpflege.tuwien.ac.at\/index.php\/wp-json\/wp\/v2\/pages\/25289"}],"wp:attachment":[{"href":"https:\/\/denkmalpflege.tuwien.ac.at\/index.php\/wp-json\/wp\/v2\/media?parent=33199"}],"curies":[{"name":"wp","href":"https:\/\/api.w.org\/{rel}","templated":true}]}}