{"id":31448,"date":"2024-07-01T15:52:11","date_gmt":"2024-07-01T13:52:11","guid":{"rendered":"https:\/\/denkmalpflege.tuwien.ac.at\/?page_id=31448"},"modified":"2024-07-08T13:37:21","modified_gmt":"2024-07-08T11:37:21","slug":"baukultur-in-der-bauwende","status":"publish","type":"page","link":"https:\/\/denkmalpflege.tuwien.ac.at\/index.php\/baukultur-in-der-bauwende\/","title":{"rendered":"Baukultur in der Bauwende"},"content":{"rendered":"\t\t<div data-elementor-type=\"wp-page\" data-elementor-id=\"31448\" class=\"elementor elementor-31448\" data-elementor-post-type=\"page\">\n\t\t\t\t\t\t<section class=\"elementor-section elementor-top-section elementor-element elementor-element-deadf1c elementor-section-full_width elementor-section-height-default elementor-section-height-default\" data-id=\"deadf1c\" data-element_type=\"section\">\n\t\t\t\t\t\t<div class=\"elementor-container elementor-column-gap-default\">\n\t\t\t\t\t<div class=\"elementor-column elementor-col-100 elementor-top-column elementor-element elementor-element-479528d\" data-id=\"479528d\" data-element_type=\"column\">\n\t\t\t<div class=\"elementor-widget-wrap elementor-element-populated\">\n\t\t\t\t\t\t<div class=\"elementor-element elementor-element-32dcaea elementor-widget elementor-widget-heading\" data-id=\"32dcaea\" data-element_type=\"widget\" data-widget_type=\"heading.default\">\n\t\t\t\t<div class=\"elementor-widget-container\">\n\t\t\t\t\t<h2 class=\"elementor-heading-title elementor-size-default\">Baukultur in der Bauwende \u2013 M\u00f6glichkeiten und Grenzen im Wandel des Bauwesens<\/h2>\t\t\t\t<\/div>\n\t\t\t\t<\/div>\n\t\t\t\t\t<\/div>\n\t\t<\/div>\n\t\t\t\t\t<\/div>\n\t\t<\/section>\n\t\t\t\t<section class=\"elementor-section elementor-top-section elementor-element elementor-element-6b2aa10 elementor-section-full_width elementor-section-height-default elementor-section-height-default\" data-id=\"6b2aa10\" data-element_type=\"section\" data-settings=\"{&quot;background_background&quot;:&quot;classic&quot;}\">\n\t\t\t\t\t\t<div class=\"elementor-container elementor-column-gap-default\">\n\t\t\t\t\t<div class=\"elementor-column elementor-col-50 elementor-top-column elementor-element elementor-element-e238d9c\" data-id=\"e238d9c\" data-element_type=\"column\">\n\t\t\t<div class=\"elementor-widget-wrap elementor-element-populated\">\n\t\t\t\t\t\t<section class=\"elementor-section elementor-inner-section elementor-element elementor-element-b43a210 elementor-section-boxed elementor-section-height-default elementor-section-height-default\" data-id=\"b43a210\" data-element_type=\"section\">\n\t\t\t\t\t\t<div class=\"elementor-container elementor-column-gap-default\">\n\t\t\t\t\t<div class=\"elementor-column elementor-col-100 elementor-inner-column elementor-element elementor-element-5d46a7f\" data-id=\"5d46a7f\" data-element_type=\"column\">\n\t\t\t<div class=\"elementor-widget-wrap elementor-element-populated\">\n\t\t\t\t\t\t<div class=\"elementor-element elementor-element-627c7b9 elementor-widget elementor-widget-text-editor\" data-id=\"627c7b9\" data-element_type=\"widget\" data-widget_type=\"text-editor.default\">\n\t\t\t\t<div class=\"elementor-widget-container\">\n\t\t\t\t\t\t\t\t\t<p><strong>Forschungsprojekt<\/strong><\/p>\t\t\t\t\t\t\t\t<\/div>\n\t\t\t\t<\/div>\n\t\t\t\t<div class=\"elementor-element elementor-element-3367985 elementor-widget elementor-widget-text-editor\" data-id=\"3367985\" data-element_type=\"widget\" data-widget_type=\"text-editor.default\">\n\t\t\t\t<div class=\"elementor-widget-container\">\n\t\t\t\t\t\t\t\t\t<p>Auftraggeber: BBSR &#8211; Bundesinstitut f\u00fcr Bau-, Stadt- und Raumforschung<br \/>Ort: Berlin<br \/>Zeitraum: Forschung: 7\/2023 &#8211; 1\/2025<\/p>\t\t\t\t\t\t\t\t<\/div>\n\t\t\t\t<\/div>\n\t\t\t\t\t<\/div>\n\t\t<\/div>\n\t\t\t\t\t<\/div>\n\t\t<\/section>\n\t\t\t\t\t<\/div>\n\t\t<\/div>\n\t\t\t\t<div class=\"elementor-column elementor-col-50 elementor-top-column elementor-element elementor-element-3a4ab0f\" data-id=\"3a4ab0f\" data-element_type=\"column\">\n\t\t\t<div class=\"elementor-widget-wrap elementor-element-populated\">\n\t\t\t\t\t\t<div class=\"elementor-element elementor-element-239ad65 elementor-widget elementor-widget-image\" data-id=\"239ad65\" data-element_type=\"widget\" data-widget_type=\"image.default\">\n\t\t\t\t<div class=\"elementor-widget-container\">\n\t\t\t\t\t\t\t\t\t\t\t\t\t\t\t<img fetchpriority=\"high\" decoding=\"async\" width=\"1000\" height=\"750\" src=\"https:\/\/denkmalpflege.tuwien.ac.at\/wp-content\/uploads\/2024\/07\/Bauwende_Baukultur_JG-1024x768.jpg\" class=\"attachment-large size-large wp-image-31449\" alt=\"\" srcset=\"https:\/\/denkmalpflege.tuwien.ac.at\/wp-content\/uploads\/2024\/07\/Bauwende_Baukultur_JG-1024x768.jpg 1024w, https:\/\/denkmalpflege.tuwien.ac.at\/wp-content\/uploads\/2024\/07\/Bauwende_Baukultur_JG-300x225.jpg 300w, https:\/\/denkmalpflege.tuwien.ac.at\/wp-content\/uploads\/2024\/07\/Bauwende_Baukultur_JG-768x576.jpg 768w, https:\/\/denkmalpflege.tuwien.ac.at\/wp-content\/uploads\/2024\/07\/Bauwende_Baukultur_JG-1536x1152.jpg 1536w, https:\/\/denkmalpflege.tuwien.ac.at\/wp-content\/uploads\/2024\/07\/Bauwende_Baukultur_JG-2048x1536.jpg 2048w, https:\/\/denkmalpflege.tuwien.ac.at\/wp-content\/uploads\/2024\/07\/Bauwende_Baukultur_JG-700x525.jpg 700w\" sizes=\"(max-width: 1000px) 100vw, 1000px\" \/>\t\t\t\t\t\t\t\t\t\t\t\t\t\t\t<\/div>\n\t\t\t\t<\/div>\n\t\t\t\t<div class=\"elementor-element elementor-element-1b015a4 elementor-widget elementor-widget-text-editor\" data-id=\"1b015a4\" data-element_type=\"widget\" data-widget_type=\"text-editor.default\">\n\t\t\t\t<div class=\"elementor-widget-container\">\n\t\t\t\t\t\t\t\t\t<p class=\"font-medium pause-short\">Dem Bausektor steht ein rasanter und umfassender technologischer und \u00f6konomischer Wandel bevor. Angesichts der anteilig sehr hohen\u00a0<abbr title=\"Kohlendioxid\">CO2<\/abbr>-Emissionen bei der Gewinnung, Herstellung und Verarbeitung von Baustoffen sowie der schwindenden Verf\u00fcgbarkeit notwendiger Ressourcen m\u00fcssen die Bem\u00fchungen auf allen Ebenen deutlich verst\u00e4rkt werden, um die Klimaschutzziele des Bundes einzuhalten. Eine Baupraxis, die durch den suffizienten Ressourceneinsatz im Einklang mit den planetaren Grenzen steht, ist hierf\u00fcr essentiell. Neben der Etablierung neuer und der Wiederentdeckung alter Bautechniken und Materialien zeichnet sich ab, dass diese Herausforderungen ma\u00dfgeblich im Umbau des Bestands und nicht im fl\u00e4chenintensiven Neubau zu l\u00f6sen sind. Der Bestand kann hierbei neben seiner m\u00f6glichen Funktion als kultureller Impulsgeber auch als Ressourcen- und Materiallager in zirkul\u00e4ren Wertsch\u00f6pfungsketten verwendet werden.<\/p><p class=\"font-medium pause-short\">Die notwendige Transformation der am Bau beteiligten Prozesse, von der Planung bis zur Nutzung oder vom Rohstoff bis zum Recycling, wird im Fachdiskurs unter dem Begriff der Bauwende gefasst. Die Umsetzung der Bauwende wird keinen Masterplan haben k\u00f6nnen. Die Praxis zeigt, dass individuelle Bedarfe an unterschiedlichen Orten mit unterschiedlichen Rahmenbedingungen existieren. Sie ben\u00f6tigen passgenaue L\u00f6sungen, um maximal energie- und ressourcenschonend handeln zu k\u00f6nnen. Die hierdurch begr\u00fcndete Vielfalt an L\u00f6sungsm\u00f6glichkeiten muss unter wissenschaftlicher Begleitung abgesichert werden und der dynamischer Prozess der Bauwende bedarf einer kontinuierlichen Anpassung, Pr\u00fcfung und Optimierung. Um die komplexen Abh\u00e4ngigkeiten, Synergien und klaren Abgrenzungen zu w\u00fcrdigen und die unterschiedlichen Sektoren zu verkn\u00fcpfen, ist ein fortlaufender interdisziplin\u00e4rer Diskurs notwendig.<\/p><p class=\"font-medium pause-short\"><strong><span class=\"stroke-underline\">Das Ziel des Forschungsvorhabens ist es, Chancen und Grenzen zur St\u00e4rkung von Baukultur in der Bauwende aufzuzeigen.<\/span><\/strong>\u00a0Dabei soll zun\u00e4chst ein thesenhafter \u00dcberblick \u00fcber die absehbaren Entwicklungen und Prozesse der Bauwende gegeben werden, um eine kritische Auseinandersetzung und Diskussion mit zeitgen\u00f6ssischen baukulturellen Werten und Interpretationen zu erm\u00f6glichen. Dabei steht die Frage im Zentrum, wie sich die Prozesse der Bauwende unter Bewahrung baukultureller Aspekte gestalten lassen.<\/p><p>F\u00fcr Fragen und Anregungen kontaktieren Sie uns gerne:\u00a0<a href=\"mailto:werkstatt.architekturgeschichte@tuwien.ac.at\"><strong>hannelore.rung@tuwien.ac.at<\/strong><\/a><\/p>\t\t\t\t\t\t\t\t<\/div>\n\t\t\t\t<\/div>\n\t\t\t\t\t<\/div>\n\t\t<\/div>\n\t\t\t\t\t<\/div>\n\t\t<\/section>\n\t\t\t\t<section class=\"elementor-section elementor-top-section elementor-element elementor-element-5bd4e66 elementor-section-full_width elementor-section-height-default elementor-section-height-default\" data-id=\"5bd4e66\" data-element_type=\"section\">\n\t\t\t\t\t\t<div class=\"elementor-container elementor-column-gap-default\">\n\t\t\t\t\t<div class=\"elementor-column elementor-col-50 elementor-top-column elementor-element elementor-element-38aaecc\" data-id=\"38aaecc\" data-element_type=\"column\">\n\t\t\t<div class=\"elementor-widget-wrap\">\n\t\t\t\t\t\t\t<\/div>\n\t\t<\/div>\n\t\t\t\t<div class=\"elementor-column elementor-col-50 elementor-top-column elementor-element elementor-element-5f6385d\" data-id=\"5f6385d\" data-element_type=\"column\">\n\t\t\t<div class=\"elementor-widget-wrap elementor-element-populated\">\n\t\t\t\t\t\t<div class=\"elementor-element elementor-element-5d06ced elementor-widget elementor-widget-text-editor\" data-id=\"5d06ced\" data-element_type=\"widget\" data-widget_type=\"text-editor.default\">\n\t\t\t\t<div class=\"elementor-widget-container\">\n\t\t\t\t\t\t\t\t\t<h2><strong>Kontakt<\/strong><\/h2>\t\t\t\t\t\t\t\t<\/div>\n\t\t\t\t<\/div>\n\t\t\t\t<div class=\"elementor-element elementor-element-ffbc798 elementor-widget elementor-widget-text-editor\" data-id=\"ffbc798\" data-element_type=\"widget\" data-widget_type=\"text-editor.default\">\n\t\t\t\t<div class=\"elementor-widget-container\">\n\t\t\t\t\t\t\t\t\t<p><span style=\"text-decoration: underline;\">Dipl.-Ing. Hanne Rung<\/span><strong><br \/><\/strong>Forschungsbereich Denkmalpflege und Bauen im Bestand,<br \/>Technische Universit\u00e4t Wien, Karlsplatz 13\/251-2, 1040 Wien<br \/>E-Mail: \u00a0<a href=\"mailto:hannelore.rung@tuwien.ac.at\">hannelore.rung@tuwien.ac.at<\/a><br \/><a href=\"https:\/\/www.hannerung.de\/lehre\/baukultur-in-der-bauwende\/\">www.hannerung.de<\/a><\/p>\t\t\t\t\t\t\t\t<\/div>\n\t\t\t\t<\/div>\n\t\t\t\t<div class=\"elementor-element elementor-element-5219cd6 elementor-widget elementor-widget-text-editor\" data-id=\"5219cd6\" data-element_type=\"widget\" data-widget_type=\"text-editor.default\">\n\t\t\t\t<div class=\"elementor-widget-container\">\n\t\t\t\t\t\t\t\t\t<h2><strong>Details<\/strong><\/h2>\t\t\t\t\t\t\t\t<\/div>\n\t\t\t\t<\/div>\n\t\t\t\t<div class=\"elementor-element elementor-element-c7afdb3 elementor-widget elementor-widget-text-editor\" data-id=\"c7afdb3\" data-element_type=\"widget\" data-widget_type=\"text-editor.default\">\n\t\t\t\t<div class=\"elementor-widget-container\">\n\t\t\t\t\t\t\t\t\t<p>Grafik @ J\u00f6rn Gertenbach, Forward Planung und Forschung GmbH<\/p><p>Forschungskollektiv im Auftrag von<\/p><p>Forward Planung und Forschung GmbH<br \/>Dr. Cordelia Polinna, J\u00f6rn Gertenbach, Katerina Mareckova<\/p><p>zusammen mit<\/p><p>NBL Studio gGmbH<br \/>Prof. Dr. Eike Roswag-Klinge, Nina Pawlicki, Sina Jansen<\/p><p>und<\/p><p>LXSY Architekten<br \/>Margit Sichrovsky<\/p>\t\t\t\t\t\t\t\t<\/div>\n\t\t\t\t<\/div>\n\t\t\t\t\t<\/div>\n\t\t<\/div>\n\t\t\t\t\t<\/div>\n\t\t<\/section>\n\t\t\t\t<\/div>\n\t\t","protected":false},"excerpt":{"rendered":"<p>Baukultur in der Bauwende \u2013 M\u00f6glichkeiten und Grenzen im Wandel des Bauwesens Forschungsprojekt Auftraggeber: BBSR &#8211; Bundesinstitut f\u00fcr Bau-, Stadt- und RaumforschungOrt: BerlinZeitraum: Forschung: 7\/2023 &#8211; 1\/2025 Dem Bausektor steht ein rasanter und umfassender technologischer und \u00f6konomischer Wandel bevor. Angesichts der anteilig sehr hohen\u00a0CO2-Emissionen bei der Gewinnung, Herstellung und Verarbeitung von Baustoffen sowie der schwindenden Verf\u00fcgbarkeit notwendiger Ressourcen m\u00fcssen die Bem\u00fchungen auf allen Ebenen deutlich verst\u00e4rkt werden, um die Klimaschutzziele<\/p>\n<div class=\"belowpost\"><a class=\"btnmore icon-arrow\" href=\"https:\/\/denkmalpflege.tuwien.ac.at\/index.php\/baukultur-in-der-bauwende\/\"><span>Read More<\/span><\/a><\/div>\n","protected":false},"author":1,"featured_media":0,"parent":0,"menu_order":0,"comment_status":"closed","ping_status":"closed","template":"","meta":{"footnotes":""},"class_list":["post-31448","page","type-page","status-publish","hentry"],"yoast_head":"<!-- This site is optimized with the Yoast SEO plugin v26.0 - https:\/\/yoast.com\/wordpress\/plugins\/seo\/ -->\n<title>Baukultur in der Bauwende - Denkmalpflege und Bauen im Bestand<\/title>\n<meta name=\"robots\" content=\"index, follow, max-snippet:-1, max-image-preview:large, max-video-preview:-1\" \/>\n<link rel=\"canonical\" href=\"https:\/\/denkmalpflege.tuwien.ac.at\/index.php\/baukultur-in-der-bauwende\/\" \/>\n<meta property=\"og:locale\" content=\"de_DE\" \/>\n<meta property=\"og:type\" content=\"article\" \/>\n<meta property=\"og:title\" content=\"Baukultur in der Bauwende - Denkmalpflege und Bauen im Bestand\" \/>\n<meta property=\"og:description\" content=\"Baukultur in der Bauwende \u2013 M\u00f6glichkeiten und Grenzen im Wandel des Bauwesens Forschungsprojekt Auftraggeber: BBSR &#8211; Bundesinstitut f\u00fcr Bau-, Stadt- und RaumforschungOrt: BerlinZeitraum: Forschung: 7\/2023 &#8211; 1\/2025 Dem Bausektor steht ein rasanter und umfassender technologischer und \u00f6konomischer Wandel bevor. Angesichts der anteilig sehr hohen\u00a0CO2-Emissionen bei der Gewinnung, Herstellung und Verarbeitung von Baustoffen sowie der schwindenden Verf\u00fcgbarkeit notwendiger Ressourcen m\u00fcssen die Bem\u00fchungen auf allen Ebenen deutlich verst\u00e4rkt werden, um die KlimaschutzzieleRead More\" \/>\n<meta property=\"og:url\" content=\"https:\/\/denkmalpflege.tuwien.ac.at\/index.php\/baukultur-in-der-bauwende\/\" \/>\n<meta property=\"og:site_name\" content=\"Denkmalpflege und Bauen im Bestand\" \/>\n<meta property=\"article:modified_time\" content=\"2024-07-08T11:37:21+00:00\" \/>\n<meta property=\"og:image\" content=\"http:\/\/denkmalpflege.tuwien.ac.at\/wp-content\/uploads\/2024\/07\/Bauwende_Baukultur_JG-1024x768.jpg\" \/>\n<meta name=\"twitter:card\" content=\"summary_large_image\" \/>\n<meta name=\"twitter:label1\" content=\"Gesch\u00e4tzte Lesezeit\" \/>\n\t<meta name=\"twitter:data1\" content=\"2\u00a0Minuten\" \/>\n<script type=\"application\/ld+json\" class=\"yoast-schema-graph\">{\"@context\":\"https:\/\/schema.org\",\"@graph\":[{\"@type\":\"WebPage\",\"@id\":\"https:\/\/denkmalpflege.tuwien.ac.at\/index.php\/baukultur-in-der-bauwende\/\",\"url\":\"https:\/\/denkmalpflege.tuwien.ac.at\/index.php\/baukultur-in-der-bauwende\/\",\"name\":\"Baukultur in der Bauwende - Denkmalpflege und Bauen im Bestand\",\"isPartOf\":{\"@id\":\"https:\/\/denkmalpflege.tuwien.ac.at\/#website\"},\"primaryImageOfPage\":{\"@id\":\"https:\/\/denkmalpflege.tuwien.ac.at\/index.php\/baukultur-in-der-bauwende\/#primaryimage\"},\"image\":{\"@id\":\"https:\/\/denkmalpflege.tuwien.ac.at\/index.php\/baukultur-in-der-bauwende\/#primaryimage\"},\"thumbnailUrl\":\"http:\/\/denkmalpflege.tuwien.ac.at\/wp-content\/uploads\/2024\/07\/Bauwende_Baukultur_JG-1024x768.jpg\",\"datePublished\":\"2024-07-01T13:52:11+00:00\",\"dateModified\":\"2024-07-08T11:37:21+00:00\",\"breadcrumb\":{\"@id\":\"https:\/\/denkmalpflege.tuwien.ac.at\/index.php\/baukultur-in-der-bauwende\/#breadcrumb\"},\"inLanguage\":\"de\",\"potentialAction\":[{\"@type\":\"ReadAction\",\"target\":[\"https:\/\/denkmalpflege.tuwien.ac.at\/index.php\/baukultur-in-der-bauwende\/\"]}]},{\"@type\":\"ImageObject\",\"inLanguage\":\"de\",\"@id\":\"https:\/\/denkmalpflege.tuwien.ac.at\/index.php\/baukultur-in-der-bauwende\/#primaryimage\",\"url\":\"https:\/\/denkmalpflege.tuwien.ac.at\/wp-content\/uploads\/2024\/07\/Bauwende_Baukultur_JG.jpg\",\"contentUrl\":\"https:\/\/denkmalpflege.tuwien.ac.at\/wp-content\/uploads\/2024\/07\/Bauwende_Baukultur_JG.jpg\",\"width\":2560,\"height\":1920},{\"@type\":\"BreadcrumbList\",\"@id\":\"https:\/\/denkmalpflege.tuwien.ac.at\/index.php\/baukultur-in-der-bauwende\/#breadcrumb\",\"itemListElement\":[{\"@type\":\"ListItem\",\"position\":1,\"name\":\"Startseite\",\"item\":\"https:\/\/denkmalpflege.tuwien.ac.at\/\"},{\"@type\":\"ListItem\",\"position\":2,\"name\":\"Baukultur in der Bauwende\"}]},{\"@type\":\"WebSite\",\"@id\":\"https:\/\/denkmalpflege.tuwien.ac.at\/#website\",\"url\":\"https:\/\/denkmalpflege.tuwien.ac.at\/\",\"name\":\"Denkmalpflege und Bauen im Bestand\",\"description\":\"Denkmalpflege TU Wien\",\"publisher\":{\"@id\":\"https:\/\/denkmalpflege.tuwien.ac.at\/#organization\"},\"potentialAction\":[{\"@type\":\"SearchAction\",\"target\":{\"@type\":\"EntryPoint\",\"urlTemplate\":\"https:\/\/denkmalpflege.tuwien.ac.at\/?s={search_term_string}\"},\"query-input\":{\"@type\":\"PropertyValueSpecification\",\"valueRequired\":true,\"valueName\":\"search_term_string\"}}],\"inLanguage\":\"de\"},{\"@type\":\"Organization\",\"@id\":\"https:\/\/denkmalpflege.tuwien.ac.at\/#organization\",\"name\":\"TU Wien Denkmalpflege und Bauen im Bestand\",\"url\":\"https:\/\/denkmalpflege.tuwien.ac.at\/\",\"logo\":{\"@type\":\"ImageObject\",\"inLanguage\":\"de\",\"@id\":\"https:\/\/denkmalpflege.tuwien.ac.at\/#\/schema\/logo\/image\/\",\"url\":\"https:\/\/denkmalpflege.tuwien.ac.at\/wp-content\/uploads\/2019\/10\/Logo1.png\",\"contentUrl\":\"https:\/\/denkmalpflege.tuwien.ac.at\/wp-content\/uploads\/2019\/10\/Logo1.png\",\"width\":222,\"height\":79,\"caption\":\"TU Wien Denkmalpflege und Bauen im Bestand\"},\"image\":{\"@id\":\"https:\/\/denkmalpflege.tuwien.ac.at\/#\/schema\/logo\/image\/\"}}]}<\/script>\n<!-- \/ Yoast SEO plugin. -->","yoast_head_json":{"title":"Baukultur in der Bauwende - Denkmalpflege und Bauen im Bestand","robots":{"index":"index","follow":"follow","max-snippet":"max-snippet:-1","max-image-preview":"max-image-preview:large","max-video-preview":"max-video-preview:-1"},"canonical":"https:\/\/denkmalpflege.tuwien.ac.at\/index.php\/baukultur-in-der-bauwende\/","og_locale":"de_DE","og_type":"article","og_title":"Baukultur in der Bauwende - Denkmalpflege und Bauen im Bestand","og_description":"Baukultur in der Bauwende \u2013 M\u00f6glichkeiten und Grenzen im Wandel des Bauwesens Forschungsprojekt Auftraggeber: BBSR &#8211; Bundesinstitut f\u00fcr Bau-, Stadt- und RaumforschungOrt: BerlinZeitraum: Forschung: 7\/2023 &#8211; 1\/2025 Dem Bausektor steht ein rasanter und umfassender technologischer und \u00f6konomischer Wandel bevor. Angesichts der anteilig sehr hohen\u00a0CO2-Emissionen bei der Gewinnung, Herstellung und Verarbeitung von Baustoffen sowie der schwindenden Verf\u00fcgbarkeit notwendiger Ressourcen m\u00fcssen die Bem\u00fchungen auf allen Ebenen deutlich verst\u00e4rkt werden, um die KlimaschutzzieleRead More","og_url":"https:\/\/denkmalpflege.tuwien.ac.at\/index.php\/baukultur-in-der-bauwende\/","og_site_name":"Denkmalpflege und Bauen im Bestand","article_modified_time":"2024-07-08T11:37:21+00:00","og_image":[{"url":"http:\/\/denkmalpflege.tuwien.ac.at\/wp-content\/uploads\/2024\/07\/Bauwende_Baukultur_JG-1024x768.jpg","type":"","width":"","height":""}],"twitter_card":"summary_large_image","twitter_misc":{"Gesch\u00e4tzte Lesezeit":"2\u00a0Minuten"},"schema":{"@context":"https:\/\/schema.org","@graph":[{"@type":"WebPage","@id":"https:\/\/denkmalpflege.tuwien.ac.at\/index.php\/baukultur-in-der-bauwende\/","url":"https:\/\/denkmalpflege.tuwien.ac.at\/index.php\/baukultur-in-der-bauwende\/","name":"Baukultur in der Bauwende - Denkmalpflege und Bauen im Bestand","isPartOf":{"@id":"https:\/\/denkmalpflege.tuwien.ac.at\/#website"},"primaryImageOfPage":{"@id":"https:\/\/denkmalpflege.tuwien.ac.at\/index.php\/baukultur-in-der-bauwende\/#primaryimage"},"image":{"@id":"https:\/\/denkmalpflege.tuwien.ac.at\/index.php\/baukultur-in-der-bauwende\/#primaryimage"},"thumbnailUrl":"http:\/\/denkmalpflege.tuwien.ac.at\/wp-content\/uploads\/2024\/07\/Bauwende_Baukultur_JG-1024x768.jpg","datePublished":"2024-07-01T13:52:11+00:00","dateModified":"2024-07-08T11:37:21+00:00","breadcrumb":{"@id":"https:\/\/denkmalpflege.tuwien.ac.at\/index.php\/baukultur-in-der-bauwende\/#breadcrumb"},"inLanguage":"de","potentialAction":[{"@type":"ReadAction","target":["https:\/\/denkmalpflege.tuwien.ac.at\/index.php\/baukultur-in-der-bauwende\/"]}]},{"@type":"ImageObject","inLanguage":"de","@id":"https:\/\/denkmalpflege.tuwien.ac.at\/index.php\/baukultur-in-der-bauwende\/#primaryimage","url":"https:\/\/denkmalpflege.tuwien.ac.at\/wp-content\/uploads\/2024\/07\/Bauwende_Baukultur_JG.jpg","contentUrl":"https:\/\/denkmalpflege.tuwien.ac.at\/wp-content\/uploads\/2024\/07\/Bauwende_Baukultur_JG.jpg","width":2560,"height":1920},{"@type":"BreadcrumbList","@id":"https:\/\/denkmalpflege.tuwien.ac.at\/index.php\/baukultur-in-der-bauwende\/#breadcrumb","itemListElement":[{"@type":"ListItem","position":1,"name":"Startseite","item":"https:\/\/denkmalpflege.tuwien.ac.at\/"},{"@type":"ListItem","position":2,"name":"Baukultur in der Bauwende"}]},{"@type":"WebSite","@id":"https:\/\/denkmalpflege.tuwien.ac.at\/#website","url":"https:\/\/denkmalpflege.tuwien.ac.at\/","name":"Denkmalpflege und Bauen im Bestand","description":"Denkmalpflege TU Wien","publisher":{"@id":"https:\/\/denkmalpflege.tuwien.ac.at\/#organization"},"potentialAction":[{"@type":"SearchAction","target":{"@type":"EntryPoint","urlTemplate":"https:\/\/denkmalpflege.tuwien.ac.at\/?s={search_term_string}"},"query-input":{"@type":"PropertyValueSpecification","valueRequired":true,"valueName":"search_term_string"}}],"inLanguage":"de"},{"@type":"Organization","@id":"https:\/\/denkmalpflege.tuwien.ac.at\/#organization","name":"TU Wien Denkmalpflege und Bauen im Bestand","url":"https:\/\/denkmalpflege.tuwien.ac.at\/","logo":{"@type":"ImageObject","inLanguage":"de","@id":"https:\/\/denkmalpflege.tuwien.ac.at\/#\/schema\/logo\/image\/","url":"https:\/\/denkmalpflege.tuwien.ac.at\/wp-content\/uploads\/2019\/10\/Logo1.png","contentUrl":"https:\/\/denkmalpflege.tuwien.ac.at\/wp-content\/uploads\/2019\/10\/Logo1.png","width":222,"height":79,"caption":"TU Wien Denkmalpflege und Bauen im Bestand"},"image":{"@id":"https:\/\/denkmalpflege.tuwien.ac.at\/#\/schema\/logo\/image\/"}}]}},"_links":{"self":[{"href":"https:\/\/denkmalpflege.tuwien.ac.at\/index.php\/wp-json\/wp\/v2\/pages\/31448","targetHints":{"allow":["GET"]}}],"collection":[{"href":"https:\/\/denkmalpflege.tuwien.ac.at\/index.php\/wp-json\/wp\/v2\/pages"}],"about":[{"href":"https:\/\/denkmalpflege.tuwien.ac.at\/index.php\/wp-json\/wp\/v2\/types\/page"}],"author":[{"embeddable":true,"href":"https:\/\/denkmalpflege.tuwien.ac.at\/index.php\/wp-json\/wp\/v2\/users\/1"}],"replies":[{"embeddable":true,"href":"https:\/\/denkmalpflege.tuwien.ac.at\/index.php\/wp-json\/wp\/v2\/comments?post=31448"}],"version-history":[{"count":13,"href":"https:\/\/denkmalpflege.tuwien.ac.at\/index.php\/wp-json\/wp\/v2\/pages\/31448\/revisions"}],"predecessor-version":[{"id":31481,"href":"https:\/\/denkmalpflege.tuwien.ac.at\/index.php\/wp-json\/wp\/v2\/pages\/31448\/revisions\/31481"}],"wp:attachment":[{"href":"https:\/\/denkmalpflege.tuwien.ac.at\/index.php\/wp-json\/wp\/v2\/media?parent=31448"}],"curies":[{"name":"wp","href":"https:\/\/api.w.org\/{rel}","templated":true}]}}