{"id":31314,"date":"2024-06-24T14:07:00","date_gmt":"2024-06-24T12:07:00","guid":{"rendered":"https:\/\/denkmalpflege.tuwien.ac.at\/?page_id=31314"},"modified":"2026-03-19T12:14:30","modified_gmt":"2026-03-19T11:14:30","slug":"cv-alessandro-rintallo","status":"publish","type":"page","link":"https:\/\/denkmalpflege.tuwien.ac.at\/index.php\/team\/cv-alessandro-rintallo\/","title":{"rendered":"CV Alessandro Rintallo"},"content":{"rendered":"\t\t<div data-elementor-type=\"wp-page\" data-elementor-id=\"31314\" class=\"elementor elementor-31314\" data-elementor-post-type=\"page\">\n\t\t\t\t\t\t<section class=\"elementor-section elementor-top-section elementor-element elementor-element-097c4f6 elementor-section-full_width elementor-section-height-default elementor-section-height-default\" data-id=\"097c4f6\" data-element_type=\"section\">\n\t\t\t\t\t\t<div class=\"elementor-container elementor-column-gap-default\">\n\t\t\t\t\t<div class=\"elementor-column elementor-col-100 elementor-top-column elementor-element elementor-element-9481604\" data-id=\"9481604\" data-element_type=\"column\">\n\t\t\t<div class=\"elementor-widget-wrap elementor-element-populated\">\n\t\t\t\t\t\t<div class=\"elementor-element elementor-element-b9d2ba4 elementor-widget elementor-widget-heading\" data-id=\"b9d2ba4\" data-element_type=\"widget\" data-widget_type=\"heading.default\">\n\t\t\t\t<div class=\"elementor-widget-container\">\n\t\t\t\t\t<p class=\"elementor-heading-title elementor-size-default\">Curriculum Vitae<\/p>\t\t\t\t<\/div>\n\t\t\t\t<\/div>\n\t\t\t\t\t<\/div>\n\t\t<\/div>\n\t\t\t\t\t<\/div>\n\t\t<\/section>\n\t\t\t\t<section class=\"elementor-section elementor-top-section elementor-element elementor-element-b034868 elementor-section-full_width elementor-section-height-default elementor-section-height-default\" data-id=\"b034868\" data-element_type=\"section\">\n\t\t\t\t\t\t<div class=\"elementor-container elementor-column-gap-default\">\n\t\t\t\t\t<div class=\"elementor-column elementor-col-33 elementor-top-column elementor-element elementor-element-acbd875\" data-id=\"acbd875\" data-element_type=\"column\">\n\t\t\t<div class=\"elementor-widget-wrap elementor-element-populated\">\n\t\t\t\t\t\t<div class=\"elementor-element elementor-element-672ceaf elementor-widget__width-auto elementor-widget elementor-widget-image\" data-id=\"672ceaf\" data-element_type=\"widget\" data-widget_type=\"image.default\">\n\t\t\t\t<div class=\"elementor-widget-container\">\n\t\t\t\t\t\t\t\t\t\t\t\t\t\t\t<img fetchpriority=\"high\" decoding=\"async\" width=\"1179\" height=\"1250\" src=\"https:\/\/denkmalpflege.tuwien.ac.at\/wp-content\/uploads\/2023\/11\/profilbild_rintallo.jpg\" class=\"attachment-full size-full wp-image-28957\" alt=\"\" srcset=\"https:\/\/denkmalpflege.tuwien.ac.at\/wp-content\/uploads\/2023\/11\/profilbild_rintallo.jpg 1179w, https:\/\/denkmalpflege.tuwien.ac.at\/wp-content\/uploads\/2023\/11\/profilbild_rintallo-283x300.jpg 283w, https:\/\/denkmalpflege.tuwien.ac.at\/wp-content\/uploads\/2023\/11\/profilbild_rintallo-966x1024.jpg 966w, https:\/\/denkmalpflege.tuwien.ac.at\/wp-content\/uploads\/2023\/11\/profilbild_rintallo-768x814.jpg 768w, https:\/\/denkmalpflege.tuwien.ac.at\/wp-content\/uploads\/2023\/11\/profilbild_rintallo-700x742.jpg 700w\" sizes=\"(max-width: 1179px) 100vw, 1179px\" \/>\t\t\t\t\t\t\t\t\t\t\t\t\t\t\t<\/div>\n\t\t\t\t<\/div>\n\t\t\t\t\t<\/div>\n\t\t<\/div>\n\t\t\t\t<div class=\"elementor-column elementor-col-33 elementor-top-column elementor-element elementor-element-cd81060\" data-id=\"cd81060\" data-element_type=\"column\">\n\t\t\t<div class=\"elementor-widget-wrap elementor-element-populated\">\n\t\t\t\t\t\t<div class=\"elementor-element elementor-element-4665d5d elementor-widget elementor-widget-text-editor\" data-id=\"4665d5d\" data-element_type=\"widget\" data-widget_type=\"text-editor.default\">\n\t\t\t\t<div class=\"elementor-widget-container\">\n\t\t\t\t\t\t\t\t\tAlessandro RINTALLO\t\t\t\t\t\t\t\t<\/div>\n\t\t\t\t<\/div>\n\t\t\t\t<div class=\"elementor-element elementor-element-198c832 elementor-widget elementor-widget-text-editor\" data-id=\"198c832\" data-element_type=\"widget\" data-widget_type=\"text-editor.default\">\n\t\t\t\t<div class=\"elementor-widget-container\">\n\t\t\t\t\t\t\t\t\t<p><em>Univ.Ass. MSc.<\/em><br \/>Telefon: +43 (1) 58801-25783<br \/>E-Mail: <a href=\"mailto:alessandro.rintallo@tuwien.ac.at\">alessandro.rintallo@tuwien.ac.at<\/a><\/p>\t\t\t\t\t\t\t\t<\/div>\n\t\t\t\t<\/div>\n\t\t\t\t\t<\/div>\n\t\t<\/div>\n\t\t\t\t<div class=\"elementor-column elementor-col-33 elementor-top-column elementor-element elementor-element-b37bd3d\" data-id=\"b37bd3d\" data-element_type=\"column\">\n\t\t\t<div class=\"elementor-widget-wrap\">\n\t\t\t\t\t\t\t<\/div>\n\t\t<\/div>\n\t\t\t\t\t<\/div>\n\t\t<\/section>\n\t\t\t\t<section class=\"elementor-section elementor-top-section elementor-element elementor-element-da37cb8 elementor-section-full_width elementor-section-height-default elementor-section-height-default\" data-id=\"da37cb8\" data-element_type=\"section\">\n\t\t\t\t\t\t<div class=\"elementor-container elementor-column-gap-default\">\n\t\t\t\t\t<div class=\"elementor-column elementor-col-100 elementor-top-column elementor-element elementor-element-d8c150b\" data-id=\"d8c150b\" data-element_type=\"column\">\n\t\t\t<div class=\"elementor-widget-wrap elementor-element-populated\">\n\t\t\t\t\t\t<div class=\"elementor-element elementor-element-03aaae4 elementor-widget elementor-widget-text-editor\" data-id=\"03aaae4\" data-element_type=\"widget\" data-widget_type=\"text-editor.default\">\n\t\t\t\t<div class=\"elementor-widget-container\">\n\t\t\t\t\t\t\t\t\t<p>Alessandro Rintallo ist Universit\u00e4tsassistent am Forschungsbereich f\u00fcr Denkmalpflege und Bauen im Bestand. Er studierte Architektur an der Bauhaus-Universit\u00e4t Weimar und an der Universit\u00e1 degli Studi di Napoli Federico II. In seiner Masterarbeit forschte er zur Bau- und Nutzungsgeschichte des Hauses Am Horn in Weimar. Sie wurde mit dem Hochschulpreis der Bauhaus-Universit\u00e4t Weimar f\u00fcr die beste Abschlussarbeit an der Fakult\u00e4t f\u00fcr Architektur und Urbanistik ausgezeichnet. Er war als Guide in Weimar t\u00e4tig (u.a. Geb\u00e4ude der Bauhaus-Universit\u00e4t, Bauhaus Museum u. Haus Am Horn) und gab Architekturf\u00fchrungen in Berlin (u.a. Karl-Marx-Allee, Hansaviertel u. IBA 1984\/87). Alessandro Rintallo ist Architekt und war in Berlin in der praktischen Denkmalpflege t\u00e4tig. Er praktizierte vornehmlich an Berliner Denkmalen der Nachkriegsmoderne (u.a. Kaiser-Wilhelm-Ged\u00e4chtnis-Kirche u. Ev. Christuskirche).<\/p>\t\t\t\t\t\t\t\t<\/div>\n\t\t\t\t<\/div>\n\t\t\t\t<div class=\"elementor-element elementor-element-abdbfb1 elementor-widget elementor-widget-text-editor\" data-id=\"abdbfb1\" data-element_type=\"widget\" data-widget_type=\"text-editor.default\">\n\t\t\t\t<div class=\"elementor-widget-container\">\n\t\t\t\t\t\t\t\t\t<div class=\"cv\"><h3><strong>FORSCHUNGSSCHWERPUNTKE<br \/><\/strong><\/h3><\/div><p>Bauhaus<br \/>Nachkriegsmoderne<br \/>St\u00e4dtebauliche Denkmalpflege<\/p>\t\t\t\t\t\t\t\t<\/div>\n\t\t\t\t<\/div>\n\t\t\t\t<div class=\"elementor-element elementor-element-a085f19 elementor-widget elementor-widget-text-editor\" data-id=\"a085f19\" data-element_type=\"widget\" data-widget_type=\"text-editor.default\">\n\t\t\t\t<div class=\"elementor-widget-container\">\n\t\t\t\t\t\t\t\t\t<h3><strong>CURRICULUM VITAE<\/strong><\/h3><p><strong>Seit 2023<\/strong> Universit\u00e4tsassistent am Forschungsbereich f\u00fcr Denkmalpflege und Bauen im Bestand an der TU Wien<\/p><p><strong>2020 \u2013 2023<\/strong> Anstellung und Projektleitung im Bu\u0308ro adb \u2013 Bu\u0308ro fu\u0308r Architektur, Denkmalpflege und Bauforschung, Steffen Obermann, Berlin<\/p><p><strong>2022 \u2013 2023<\/strong> Guide bei Ticket B \u2013 Architektur erleben, Berlin<\/p><p><strong>2020<\/strong> Freiberufliche T\u00e4tigkeit fu\u0308r die Marzona Stiftung und Entwicklung einer Entwurfsstudie f\u00fcr die Nutzung der Saalecker Werkst\u00e4tten, Berlin<\/p><p><strong>2019 \u2013 2020<\/strong> Guide f\u00fcr die Klassik Stiftung Weimar<\/p><p><strong>2013 \u2013 2020<\/strong> Guide und Mitkoordinator der Bauhaus-Spazierg\u00e4nge an der Bauhaus-Universit\u00e4t Weimar<\/p><p><strong>2012 \u2013 2020<\/strong> Architekturstudium (Master und Bachelor) an der Bauhaus-Universit\u00e4t Weimar<\/p><p><strong>2018 \u2013 2019<\/strong> Auslandsstudium an der Universit\u00e4t Neapel Federico II und Belegung des \u201eLaboratorio di Restauro\u201c<\/p>\t\t\t\t\t\t\t\t<\/div>\n\t\t\t\t<\/div>\n\t\t\t\t<div class=\"elementor-element elementor-element-88b9fc1 elementor-widget elementor-widget-text-editor\" data-id=\"88b9fc1\" data-element_type=\"widget\" data-widget_type=\"text-editor.default\">\n\t\t\t\t<div class=\"elementor-widget-container\">\n\t\t\t\t\t\t\t\t\t<h3><strong>MITGLIEDSCHAFTEN<\/strong><\/h3><p>Arbeitskreis Theorie und Lehre der Denkmalpflege e.V. (AKTLD)<br \/>Architektenkammer Berlin<\/p>\t\t\t\t\t\t\t\t<\/div>\n\t\t\t\t<\/div>\n\t\t\t\t<div class=\"elementor-element elementor-element-be20f0b elementor-widget elementor-widget-text-editor\" data-id=\"be20f0b\" data-element_type=\"widget\" data-widget_type=\"text-editor.default\">\n\t\t\t\t<div class=\"elementor-widget-container\">\n\t\t\t\t\t\t\t\t\t<h3>PUBLIKATIONEN<\/h3><p class=\"my-2\"><strong><span style=\"font-weight: normal;\">Rintallo, Alessandro, und Michael Siebenbrodt. 2023.<\/span><\/strong> \u201e100 Jahre Nutzungsgeschichte.\u201c In <em>Das Haus am Horn: Ein Experimentalbau des Bauhauses wird 100<\/em>, herausgegeben von Michael Siebenbrodt, Christiane Wolf und Freundeskreis der Bauhaus-Universit\u00e4t Weimar, 60\u201365. Dresden: Sandstein Verlag.<\/p><p class=\"my-2\"><strong><span style=\"font-weight: normal;\">Rintallo, Alessandro. 2023.<\/span><\/strong> <em>Miniatur der Moderne? Ein Vermittlungsversuch der 100-j\u00e4hrigen Bau- und Nutzungsgeschichte des Hauses am Horn<\/em>. Forschungen zum Baukulturellen Erbe der DDR 9. Weimar: Bauhaus-Universit\u00e4tsverlag.<\/p><p class=\"my-2\"><strong><span style=\"font-weight: normal;\">Rintallo, Alessandro. 2019.<\/span><\/strong> \u201eJakobstra\u00dfe: Auf dem Weg zu einem harmonischen Stadtbild?\u201c In <em>Stadtbilder Weimar: St\u00e4dtische Ensembles und ihre Inszenierung nach der politischen Wende<\/em>, herausgegeben von Eva von Engelberg-Do\u010dkal und Oliver Trepte, 79\u201395. Heidelberg: arthistoricum.net. <span class=\"text-box-trim-both\"><u><span style=\"color: blue;\"><a href=\"https:\/\/books.ub.uniheidelberg.de\/arthistoricum\/catalog\/view\/537\/830\/87296\">https:\/\/books.ub.uniheidelberg.de\/arthistoricum\/catalog\/view\/537\/830\/87296<\/a><\/span><\/u><\/span>.<\/p>\t\t\t\t\t\t\t\t<\/div>\n\t\t\t\t<\/div>\n\t\t\t\t\t<\/div>\n\t\t<\/div>\n\t\t\t\t\t<\/div>\n\t\t<\/section>\n\t\t\t\t<\/div>\n\t\t","protected":false},"excerpt":{"rendered":"<p>Curriculum Vitae Alessandro RINTALLO Univ.Ass. MSc.Telefon: +43 (1) 58801-25783E-Mail: alessandro.rintallo@tuwien.ac.at Alessandro Rintallo ist Universit\u00e4tsassistent am Forschungsbereich f\u00fcr Denkmalpflege und Bauen im Bestand. Er studierte Architektur an der Bauhaus-Universit\u00e4t Weimar und an der Universit\u00e1 degli Studi di Napoli Federico II. In seiner Masterarbeit forschte er zur Bau- und Nutzungsgeschichte des Hauses Am Horn in Weimar. Sie wurde mit dem Hochschulpreis der Bauhaus-Universit\u00e4t Weimar f\u00fcr die beste Abschlussarbeit an der Fakult\u00e4t f\u00fcr<\/p>\n<div class=\"belowpost\"><a class=\"btnmore icon-arrow\" href=\"https:\/\/denkmalpflege.tuwien.ac.at\/index.php\/team\/cv-alessandro-rintallo\/\"><span>Read More<\/span><\/a><\/div>\n","protected":false},"author":1,"featured_media":0,"parent":25289,"menu_order":0,"comment_status":"closed","ping_status":"closed","template":"","meta":{"footnotes":""},"class_list":["post-31314","page","type-page","status-publish","hentry"],"yoast_head":"<!-- This site is optimized with the Yoast SEO plugin v26.0 - https:\/\/yoast.com\/wordpress\/plugins\/seo\/ -->\n<title>CV Alessandro Rintallo - Denkmalpflege und Bauen im Bestand<\/title>\n<meta name=\"robots\" content=\"index, follow, max-snippet:-1, max-image-preview:large, max-video-preview:-1\" \/>\n<link rel=\"canonical\" href=\"https:\/\/denkmalpflege.tuwien.ac.at\/index.php\/team\/cv-alessandro-rintallo\/\" \/>\n<meta property=\"og:locale\" content=\"de_DE\" \/>\n<meta property=\"og:type\" content=\"article\" \/>\n<meta property=\"og:title\" content=\"CV Alessandro Rintallo - Denkmalpflege und Bauen im Bestand\" \/>\n<meta property=\"og:description\" content=\"Curriculum Vitae Alessandro RINTALLO Univ.Ass. MSc.Telefon: +43 (1) 58801-25783E-Mail: alessandro.rintallo@tuwien.ac.at Alessandro Rintallo ist Universit\u00e4tsassistent am Forschungsbereich f\u00fcr Denkmalpflege und Bauen im Bestand. Er studierte Architektur an der Bauhaus-Universit\u00e4t Weimar und an der Universit\u00e1 degli Studi di Napoli Federico II. In seiner Masterarbeit forschte er zur Bau- und Nutzungsgeschichte des Hauses Am Horn in Weimar. Sie wurde mit dem Hochschulpreis der Bauhaus-Universit\u00e4t Weimar f\u00fcr die beste Abschlussarbeit an der Fakult\u00e4t f\u00fcrRead More\" \/>\n<meta property=\"og:url\" content=\"https:\/\/denkmalpflege.tuwien.ac.at\/index.php\/team\/cv-alessandro-rintallo\/\" \/>\n<meta property=\"og:site_name\" content=\"Denkmalpflege und Bauen im Bestand\" \/>\n<meta property=\"article:modified_time\" content=\"2026-03-19T11:14:30+00:00\" \/>\n<meta property=\"og:image\" content=\"https:\/\/denkmalpflege.tuwien.ac.at\/wp-content\/uploads\/2023\/11\/profilbild_rintallo.jpg\" \/>\n\t<meta property=\"og:image:width\" content=\"1179\" \/>\n\t<meta property=\"og:image:height\" content=\"1250\" \/>\n\t<meta property=\"og:image:type\" content=\"image\/jpeg\" \/>\n<meta name=\"twitter:card\" content=\"summary_large_image\" \/>\n<meta name=\"twitter:label1\" content=\"Gesch\u00e4tzte Lesezeit\" \/>\n\t<meta name=\"twitter:data1\" content=\"3\u00a0Minuten\" \/>\n<script type=\"application\/ld+json\" class=\"yoast-schema-graph\">{\"@context\":\"https:\/\/schema.org\",\"@graph\":[{\"@type\":\"WebPage\",\"@id\":\"https:\/\/denkmalpflege.tuwien.ac.at\/index.php\/team\/cv-alessandro-rintallo\/\",\"url\":\"https:\/\/denkmalpflege.tuwien.ac.at\/index.php\/team\/cv-alessandro-rintallo\/\",\"name\":\"CV Alessandro Rintallo - Denkmalpflege und Bauen im Bestand\",\"isPartOf\":{\"@id\":\"https:\/\/denkmalpflege.tuwien.ac.at\/#website\"},\"primaryImageOfPage\":{\"@id\":\"https:\/\/denkmalpflege.tuwien.ac.at\/index.php\/team\/cv-alessandro-rintallo\/#primaryimage\"},\"image\":{\"@id\":\"https:\/\/denkmalpflege.tuwien.ac.at\/index.php\/team\/cv-alessandro-rintallo\/#primaryimage\"},\"thumbnailUrl\":\"http:\/\/denkmalpflege.tuwien.ac.at\/wp-content\/uploads\/2023\/11\/profilbild_rintallo.jpg\",\"datePublished\":\"2024-06-24T12:07:00+00:00\",\"dateModified\":\"2026-03-19T11:14:30+00:00\",\"breadcrumb\":{\"@id\":\"https:\/\/denkmalpflege.tuwien.ac.at\/index.php\/team\/cv-alessandro-rintallo\/#breadcrumb\"},\"inLanguage\":\"de\",\"potentialAction\":[{\"@type\":\"ReadAction\",\"target\":[\"https:\/\/denkmalpflege.tuwien.ac.at\/index.php\/team\/cv-alessandro-rintallo\/\"]}]},{\"@type\":\"ImageObject\",\"inLanguage\":\"de\",\"@id\":\"https:\/\/denkmalpflege.tuwien.ac.at\/index.php\/team\/cv-alessandro-rintallo\/#primaryimage\",\"url\":\"https:\/\/denkmalpflege.tuwien.ac.at\/wp-content\/uploads\/2023\/11\/profilbild_rintallo.jpg\",\"contentUrl\":\"https:\/\/denkmalpflege.tuwien.ac.at\/wp-content\/uploads\/2023\/11\/profilbild_rintallo.jpg\",\"width\":1179,\"height\":1250},{\"@type\":\"BreadcrumbList\",\"@id\":\"https:\/\/denkmalpflege.tuwien.ac.at\/index.php\/team\/cv-alessandro-rintallo\/#breadcrumb\",\"itemListElement\":[{\"@type\":\"ListItem\",\"position\":1,\"name\":\"Startseite\",\"item\":\"https:\/\/denkmalpflege.tuwien.ac.at\/\"},{\"@type\":\"ListItem\",\"position\":2,\"name\":\"Team\",\"item\":\"https:\/\/denkmalpflege.tuwien.ac.at\/index.php\/team\/\"},{\"@type\":\"ListItem\",\"position\":3,\"name\":\"CV Alessandro Rintallo\"}]},{\"@type\":\"WebSite\",\"@id\":\"https:\/\/denkmalpflege.tuwien.ac.at\/#website\",\"url\":\"https:\/\/denkmalpflege.tuwien.ac.at\/\",\"name\":\"Denkmalpflege und Bauen im Bestand\",\"description\":\"Denkmalpflege TU Wien\",\"publisher\":{\"@id\":\"https:\/\/denkmalpflege.tuwien.ac.at\/#organization\"},\"potentialAction\":[{\"@type\":\"SearchAction\",\"target\":{\"@type\":\"EntryPoint\",\"urlTemplate\":\"https:\/\/denkmalpflege.tuwien.ac.at\/?s={search_term_string}\"},\"query-input\":{\"@type\":\"PropertyValueSpecification\",\"valueRequired\":true,\"valueName\":\"search_term_string\"}}],\"inLanguage\":\"de\"},{\"@type\":\"Organization\",\"@id\":\"https:\/\/denkmalpflege.tuwien.ac.at\/#organization\",\"name\":\"TU Wien Denkmalpflege und Bauen im Bestand\",\"url\":\"https:\/\/denkmalpflege.tuwien.ac.at\/\",\"logo\":{\"@type\":\"ImageObject\",\"inLanguage\":\"de\",\"@id\":\"https:\/\/denkmalpflege.tuwien.ac.at\/#\/schema\/logo\/image\/\",\"url\":\"https:\/\/denkmalpflege.tuwien.ac.at\/wp-content\/uploads\/2019\/10\/Logo1.png\",\"contentUrl\":\"https:\/\/denkmalpflege.tuwien.ac.at\/wp-content\/uploads\/2019\/10\/Logo1.png\",\"width\":222,\"height\":79,\"caption\":\"TU Wien Denkmalpflege und Bauen im Bestand\"},\"image\":{\"@id\":\"https:\/\/denkmalpflege.tuwien.ac.at\/#\/schema\/logo\/image\/\"}}]}<\/script>\n<!-- \/ Yoast SEO plugin. -->","yoast_head_json":{"title":"CV Alessandro Rintallo - Denkmalpflege und Bauen im Bestand","robots":{"index":"index","follow":"follow","max-snippet":"max-snippet:-1","max-image-preview":"max-image-preview:large","max-video-preview":"max-video-preview:-1"},"canonical":"https:\/\/denkmalpflege.tuwien.ac.at\/index.php\/team\/cv-alessandro-rintallo\/","og_locale":"de_DE","og_type":"article","og_title":"CV Alessandro Rintallo - Denkmalpflege und Bauen im Bestand","og_description":"Curriculum Vitae Alessandro RINTALLO Univ.Ass. MSc.Telefon: +43 (1) 58801-25783E-Mail: alessandro.rintallo@tuwien.ac.at Alessandro Rintallo ist Universit\u00e4tsassistent am Forschungsbereich f\u00fcr Denkmalpflege und Bauen im Bestand. Er studierte Architektur an der Bauhaus-Universit\u00e4t Weimar und an der Universit\u00e1 degli Studi di Napoli Federico II. In seiner Masterarbeit forschte er zur Bau- und Nutzungsgeschichte des Hauses Am Horn in Weimar. Sie wurde mit dem Hochschulpreis der Bauhaus-Universit\u00e4t Weimar f\u00fcr die beste Abschlussarbeit an der Fakult\u00e4t f\u00fcrRead More","og_url":"https:\/\/denkmalpflege.tuwien.ac.at\/index.php\/team\/cv-alessandro-rintallo\/","og_site_name":"Denkmalpflege und Bauen im Bestand","article_modified_time":"2026-03-19T11:14:30+00:00","og_image":[{"width":1179,"height":1250,"url":"https:\/\/denkmalpflege.tuwien.ac.at\/wp-content\/uploads\/2023\/11\/profilbild_rintallo.jpg","type":"image\/jpeg"}],"twitter_card":"summary_large_image","twitter_misc":{"Gesch\u00e4tzte Lesezeit":"3\u00a0Minuten"},"schema":{"@context":"https:\/\/schema.org","@graph":[{"@type":"WebPage","@id":"https:\/\/denkmalpflege.tuwien.ac.at\/index.php\/team\/cv-alessandro-rintallo\/","url":"https:\/\/denkmalpflege.tuwien.ac.at\/index.php\/team\/cv-alessandro-rintallo\/","name":"CV Alessandro Rintallo - Denkmalpflege und Bauen im Bestand","isPartOf":{"@id":"https:\/\/denkmalpflege.tuwien.ac.at\/#website"},"primaryImageOfPage":{"@id":"https:\/\/denkmalpflege.tuwien.ac.at\/index.php\/team\/cv-alessandro-rintallo\/#primaryimage"},"image":{"@id":"https:\/\/denkmalpflege.tuwien.ac.at\/index.php\/team\/cv-alessandro-rintallo\/#primaryimage"},"thumbnailUrl":"http:\/\/denkmalpflege.tuwien.ac.at\/wp-content\/uploads\/2023\/11\/profilbild_rintallo.jpg","datePublished":"2024-06-24T12:07:00+00:00","dateModified":"2026-03-19T11:14:30+00:00","breadcrumb":{"@id":"https:\/\/denkmalpflege.tuwien.ac.at\/index.php\/team\/cv-alessandro-rintallo\/#breadcrumb"},"inLanguage":"de","potentialAction":[{"@type":"ReadAction","target":["https:\/\/denkmalpflege.tuwien.ac.at\/index.php\/team\/cv-alessandro-rintallo\/"]}]},{"@type":"ImageObject","inLanguage":"de","@id":"https:\/\/denkmalpflege.tuwien.ac.at\/index.php\/team\/cv-alessandro-rintallo\/#primaryimage","url":"https:\/\/denkmalpflege.tuwien.ac.at\/wp-content\/uploads\/2023\/11\/profilbild_rintallo.jpg","contentUrl":"https:\/\/denkmalpflege.tuwien.ac.at\/wp-content\/uploads\/2023\/11\/profilbild_rintallo.jpg","width":1179,"height":1250},{"@type":"BreadcrumbList","@id":"https:\/\/denkmalpflege.tuwien.ac.at\/index.php\/team\/cv-alessandro-rintallo\/#breadcrumb","itemListElement":[{"@type":"ListItem","position":1,"name":"Startseite","item":"https:\/\/denkmalpflege.tuwien.ac.at\/"},{"@type":"ListItem","position":2,"name":"Team","item":"https:\/\/denkmalpflege.tuwien.ac.at\/index.php\/team\/"},{"@type":"ListItem","position":3,"name":"CV Alessandro Rintallo"}]},{"@type":"WebSite","@id":"https:\/\/denkmalpflege.tuwien.ac.at\/#website","url":"https:\/\/denkmalpflege.tuwien.ac.at\/","name":"Denkmalpflege und Bauen im Bestand","description":"Denkmalpflege TU Wien","publisher":{"@id":"https:\/\/denkmalpflege.tuwien.ac.at\/#organization"},"potentialAction":[{"@type":"SearchAction","target":{"@type":"EntryPoint","urlTemplate":"https:\/\/denkmalpflege.tuwien.ac.at\/?s={search_term_string}"},"query-input":{"@type":"PropertyValueSpecification","valueRequired":true,"valueName":"search_term_string"}}],"inLanguage":"de"},{"@type":"Organization","@id":"https:\/\/denkmalpflege.tuwien.ac.at\/#organization","name":"TU Wien Denkmalpflege und Bauen im Bestand","url":"https:\/\/denkmalpflege.tuwien.ac.at\/","logo":{"@type":"ImageObject","inLanguage":"de","@id":"https:\/\/denkmalpflege.tuwien.ac.at\/#\/schema\/logo\/image\/","url":"https:\/\/denkmalpflege.tuwien.ac.at\/wp-content\/uploads\/2019\/10\/Logo1.png","contentUrl":"https:\/\/denkmalpflege.tuwien.ac.at\/wp-content\/uploads\/2019\/10\/Logo1.png","width":222,"height":79,"caption":"TU Wien Denkmalpflege und Bauen im Bestand"},"image":{"@id":"https:\/\/denkmalpflege.tuwien.ac.at\/#\/schema\/logo\/image\/"}}]}},"_links":{"self":[{"href":"https:\/\/denkmalpflege.tuwien.ac.at\/index.php\/wp-json\/wp\/v2\/pages\/31314","targetHints":{"allow":["GET"]}}],"collection":[{"href":"https:\/\/denkmalpflege.tuwien.ac.at\/index.php\/wp-json\/wp\/v2\/pages"}],"about":[{"href":"https:\/\/denkmalpflege.tuwien.ac.at\/index.php\/wp-json\/wp\/v2\/types\/page"}],"author":[{"embeddable":true,"href":"https:\/\/denkmalpflege.tuwien.ac.at\/index.php\/wp-json\/wp\/v2\/users\/1"}],"replies":[{"embeddable":true,"href":"https:\/\/denkmalpflege.tuwien.ac.at\/index.php\/wp-json\/wp\/v2\/comments?post=31314"}],"version-history":[{"count":19,"href":"https:\/\/denkmalpflege.tuwien.ac.at\/index.php\/wp-json\/wp\/v2\/pages\/31314\/revisions"}],"predecessor-version":[{"id":36333,"href":"https:\/\/denkmalpflege.tuwien.ac.at\/index.php\/wp-json\/wp\/v2\/pages\/31314\/revisions\/36333"}],"up":[{"embeddable":true,"href":"https:\/\/denkmalpflege.tuwien.ac.at\/index.php\/wp-json\/wp\/v2\/pages\/25289"}],"wp:attachment":[{"href":"https:\/\/denkmalpflege.tuwien.ac.at\/index.php\/wp-json\/wp\/v2\/media?parent=31314"}],"curies":[{"name":"wp","href":"https:\/\/api.w.org\/{rel}","templated":true}]}}