{"id":31310,"date":"2024-06-24T14:27:33","date_gmt":"2024-06-24T12:27:33","guid":{"rendered":"https:\/\/denkmalpflege.tuwien.ac.at\/?page_id=31310"},"modified":"2026-04-02T12:24:02","modified_gmt":"2026-04-02T10:24:02","slug":"cv-hanne-rung","status":"publish","type":"page","link":"https:\/\/denkmalpflege.tuwien.ac.at\/index.php\/team\/cv-hanne-rung\/","title":{"rendered":"CV Hanne Rung"},"content":{"rendered":"\t\t<div data-elementor-type=\"wp-page\" data-elementor-id=\"31310\" class=\"elementor elementor-31310\" data-elementor-post-type=\"page\">\n\t\t\t\t\t\t<section class=\"elementor-section elementor-top-section elementor-element elementor-element-097c4f6 elementor-section-full_width elementor-section-height-default elementor-section-height-default\" data-id=\"097c4f6\" data-element_type=\"section\">\n\t\t\t\t\t\t<div class=\"elementor-container elementor-column-gap-default\">\n\t\t\t\t\t<div class=\"elementor-column elementor-col-100 elementor-top-column elementor-element elementor-element-9481604\" data-id=\"9481604\" data-element_type=\"column\">\n\t\t\t<div class=\"elementor-widget-wrap elementor-element-populated\">\n\t\t\t\t\t\t<div class=\"elementor-element elementor-element-b9d2ba4 elementor-widget elementor-widget-heading\" data-id=\"b9d2ba4\" data-element_type=\"widget\" data-widget_type=\"heading.default\">\n\t\t\t\t<div class=\"elementor-widget-container\">\n\t\t\t\t\t<p class=\"elementor-heading-title elementor-size-default\">Curriculum Vitae<\/p>\t\t\t\t<\/div>\n\t\t\t\t<\/div>\n\t\t\t\t\t<\/div>\n\t\t<\/div>\n\t\t\t\t\t<\/div>\n\t\t<\/section>\n\t\t\t\t<section class=\"elementor-section elementor-top-section elementor-element elementor-element-39550ba elementor-section-full_width elementor-section-height-default elementor-section-height-default\" data-id=\"39550ba\" data-element_type=\"section\">\n\t\t\t\t\t\t<div class=\"elementor-container elementor-column-gap-default\">\n\t\t\t\t\t<div class=\"elementor-column elementor-col-33 elementor-top-column elementor-element elementor-element-60584af\" data-id=\"60584af\" data-element_type=\"column\">\n\t\t\t<div class=\"elementor-widget-wrap elementor-element-populated\">\n\t\t\t\t\t\t<div class=\"elementor-element elementor-element-1febd88 elementor-widget__width-auto elementor-widget elementor-widget-image\" data-id=\"1febd88\" data-element_type=\"widget\" data-widget_type=\"image.default\">\n\t\t\t\t<div class=\"elementor-widget-container\">\n\t\t\t\t\t\t\t\t\t\t\t\t\t\t\t\t<a href=\"https:\/\/www.hannerung.de\/\">\n\t\t\t\t\t\t\t<img fetchpriority=\"high\" decoding=\"async\" width=\"1179\" height=\"1250\" src=\"https:\/\/denkmalpflege.tuwien.ac.at\/wp-content\/uploads\/2023\/11\/profilbild_rung.jpg\" class=\"attachment-full size-full wp-image-28958\" alt=\"\" srcset=\"https:\/\/denkmalpflege.tuwien.ac.at\/wp-content\/uploads\/2023\/11\/profilbild_rung.jpg 1179w, https:\/\/denkmalpflege.tuwien.ac.at\/wp-content\/uploads\/2023\/11\/profilbild_rung-283x300.jpg 283w, https:\/\/denkmalpflege.tuwien.ac.at\/wp-content\/uploads\/2023\/11\/profilbild_rung-966x1024.jpg 966w, https:\/\/denkmalpflege.tuwien.ac.at\/wp-content\/uploads\/2023\/11\/profilbild_rung-768x814.jpg 768w, https:\/\/denkmalpflege.tuwien.ac.at\/wp-content\/uploads\/2023\/11\/profilbild_rung-700x742.jpg 700w\" sizes=\"(max-width: 1179px) 100vw, 1179px\" \/>\t\t\t\t\t\t\t\t<\/a>\n\t\t\t\t\t\t\t\t\t\t\t\t\t\t\t<\/div>\n\t\t\t\t<\/div>\n\t\t\t\t\t<\/div>\n\t\t<\/div>\n\t\t\t\t<div class=\"elementor-column elementor-col-33 elementor-top-column elementor-element elementor-element-7c35720\" data-id=\"7c35720\" data-element_type=\"column\">\n\t\t\t<div class=\"elementor-widget-wrap elementor-element-populated\">\n\t\t\t\t\t\t<div class=\"elementor-element elementor-element-de44017 elementor-widget elementor-widget-text-editor\" data-id=\"de44017\" data-element_type=\"widget\" data-widget_type=\"text-editor.default\">\n\t\t\t\t<div class=\"elementor-widget-container\">\n\t\t\t\t\t\t\t\t\tHanne RUNG\t\t\t\t\t\t\t\t<\/div>\n\t\t\t\t<\/div>\n\t\t\t\t<div class=\"elementor-element elementor-element-3a2afb3 elementor-widget elementor-widget-text-editor\" data-id=\"3a2afb3\" data-element_type=\"widget\" data-widget_type=\"text-editor.default\">\n\t\t\t\t<div class=\"elementor-widget-container\">\n\t\t\t\t\t\t\t\t\t<p><em>Univ.Lektorin Dipl.-Ing.<\/em><br \/>Telefon: +43 (1) 58801-25715<br \/>E-Mail: <a href=\"mailto:hannelore.rung@tuwien.ac.at\">hannelore.rung@tuwien.ac.at<\/a><\/p>\t\t\t\t\t\t\t\t<\/div>\n\t\t\t\t<\/div>\n\t\t\t\t\t<\/div>\n\t\t<\/div>\n\t\t\t\t<div class=\"elementor-column elementor-col-33 elementor-top-column elementor-element elementor-element-86dec8c\" data-id=\"86dec8c\" data-element_type=\"column\">\n\t\t\t<div class=\"elementor-widget-wrap\">\n\t\t\t\t\t\t\t<\/div>\n\t\t<\/div>\n\t\t\t\t\t<\/div>\n\t\t<\/section>\n\t\t\t\t<section class=\"elementor-section elementor-top-section elementor-element elementor-element-da37cb8 elementor-section-full_width elementor-section-height-default elementor-section-height-default\" data-id=\"da37cb8\" data-element_type=\"section\">\n\t\t\t\t\t\t<div class=\"elementor-container elementor-column-gap-default\">\n\t\t\t\t\t<div class=\"elementor-column elementor-col-100 elementor-top-column elementor-element elementor-element-d8c150b\" data-id=\"d8c150b\" data-element_type=\"column\">\n\t\t\t<div class=\"elementor-widget-wrap elementor-element-populated\">\n\t\t\t\t\t\t<div class=\"elementor-element elementor-element-03aaae4 elementor-widget elementor-widget-text-editor\" data-id=\"03aaae4\" data-element_type=\"widget\" data-widget_type=\"text-editor.default\">\n\t\t\t\t<div class=\"elementor-widget-container\">\n\t\t\t\t\t\t\t\t\t<div class=\"cv\"><p>Hanne Rung studierte Architektur und Stadtplanung an der Universit\u00e4t Stuttgart sowie an der Universidade do Porto und schloss 2004 als Dipl.-Ing. (Univ.) ab. 2011\/12 war sie wissenschaftliche Mitarbeiterin am Lehrstuhl f\u00fcr St\u00e4dtebau und Regionalplanung der TU M\u00fcnchen, anschlie\u00dfend von 2012 bis 2020 Referentin f\u00fcr Kommunikation an der Fakult\u00e4t f\u00fcr Architektur der TU M\u00fcnchen. Seit 2016 arbeitet sie zudem als Kuratorin und Ausstellungsgestalterin, u. a. f\u00fcr die IBA Heidelberg.<\/p><p>Von 2020 bis 2023 war sie an der Professur f\u00fcr Neuere Baudenkmalpflege der TU M\u00fcnchen t\u00e4tig und leitete dort das Forschungsprojekt <em>HochhausBestand \u2013 Umgang mit B\u00fcrogeb\u00e4uden der 1950er\/1960er Jahre<\/em>. Aktuell promoviert sie an der TU Wien zu Transformationsprozessen von Gro\u00dfbauten im Kontext von Denkmalpflege, Nutzung und Nachhaltigkeit. Ihre Arbeitsschwerpunkte liegen im Umgang mit dem baulichen Bestand des 20. Jahrhunderts, Transformationsstrategien im Bestand sowie Fragen der Materialit\u00e4t und Wiederverwendung im architektonischen Erbe.<\/p><p>www.hannerung.de<\/p><\/div>\t\t\t\t\t\t\t\t<\/div>\n\t\t\t\t<\/div>\n\t\t\t\t<div class=\"elementor-element elementor-element-b5d42e9 elementor-widget-divider--view-line elementor-widget elementor-widget-divider\" data-id=\"b5d42e9\" data-element_type=\"widget\" data-widget_type=\"divider.default\">\n\t\t\t\t<div class=\"elementor-widget-container\">\n\t\t\t\t\t\t\t<div class=\"elementor-divider\">\n\t\t\t<span class=\"elementor-divider-separator\">\n\t\t\t\t\t\t<\/span>\n\t\t<\/div>\n\t\t\t\t\t\t<\/div>\n\t\t\t\t<\/div>\n\t\t\t\t<div class=\"elementor-element elementor-element-2b84b71 elementor-widget elementor-widget-heading\" data-id=\"2b84b71\" data-element_type=\"widget\" data-widget_type=\"heading.default\">\n\t\t\t\t<div class=\"elementor-widget-container\">\n\t\t\t\t\t<h1 class=\"elementor-heading-title elementor-size-default\">Forschungsschwerpunkte<\/h1>\t\t\t\t<\/div>\n\t\t\t\t<\/div>\n\t\t\t\t<div class=\"elementor-element elementor-element-be20f0b elementor-widget elementor-widget-text-editor\" data-id=\"be20f0b\" data-element_type=\"widget\" data-widget_type=\"text-editor.default\">\n\t\t\t\t<div class=\"elementor-widget-container\">\n\t\t\t\t\t\t\t\t\t<p>St\u00e4dtisches Erbe<br \/>Gro\u00dfbauten<br \/>Hochh\u00e4user der Nachkriegsmoderne<br \/>Beteiligungsprozesse<br \/>Nachhaltigkeit<br \/>Transformationsprozesse<\/p>\t\t\t\t\t\t\t\t<\/div>\n\t\t\t\t<\/div>\n\t\t\t\t<div class=\"elementor-element elementor-element-b5147e6 elementor-widget elementor-widget-heading\" data-id=\"b5147e6\" data-element_type=\"widget\" data-widget_type=\"heading.default\">\n\t\t\t\t<div class=\"elementor-widget-container\">\n\t\t\t\t\t<h1 class=\"elementor-heading-title elementor-size-default\">CURRICULUM VITAE<\/h1>\t\t\t\t<\/div>\n\t\t\t\t<\/div>\n\t\t\t\t<div class=\"elementor-element elementor-element-c301a7b elementor-widget elementor-widget-text-editor\" data-id=\"c301a7b\" data-element_type=\"widget\" data-widget_type=\"text-editor.default\">\n\t\t\t\t<div class=\"elementor-widget-container\">\n\t\t\t\t\t\t\t\t\t<p><strong>Seit 2023<\/strong> Universit\u00e4tsassistent am Forschungsbereich f\u00fcr Denkmalpflege und Bauen im Bestand an der TU Wien<\/p><p><strong>2020 &#8211; 2022<\/strong> Wissenschaftliche Mitarbeiterin (Forschung) &#8211; Professur f\u00fcr Neuere Baudenkmalpflege, TU M\u00fcnchen<\/p><p><strong>2012 &#8211; 2020<\/strong> Referentin f\u00fcr Architekturkommunikation (Verwaltung und Lehre); akademische R\u00e4tin (2017-2020) &#8211; TU M\u00fcnchen, Fakult\u00e4t f\u00fcr Architektur, Dekanat (Gesch\u00e4ftsf\u00fchrung)<\/p><p><strong>2011 &#8211; 2012<\/strong> Wissenschaftliche Mitarbeiterin (Forschung) &#8211; Lehrstuhl f\u00fcr St\u00e4dtebau und Regionalplanung, TU M\u00fcnchen<\/p><p><strong>1998 &#8211; 2004<\/strong> Studium der Architektur und Stadtplannung &#8211; Universit\u00e4t Stuttgart<\/p>\t\t\t\t\t\t\t\t<\/div>\n\t\t\t\t<\/div>\n\t\t\t\t<div class=\"elementor-element elementor-element-4628d2e elementor-widget elementor-widget-heading\" data-id=\"4628d2e\" data-element_type=\"widget\" data-widget_type=\"heading.default\">\n\t\t\t\t<div class=\"elementor-widget-container\">\n\t\t\t\t\t<h1 class=\"elementor-heading-title elementor-size-default\">MITGLIEDSCHAFTEN<\/h1>\t\t\t\t<\/div>\n\t\t\t\t<\/div>\n\t\t\t\t<div class=\"elementor-element elementor-element-ad7e9f3 elementor-widget elementor-widget-text-editor\" data-id=\"ad7e9f3\" data-element_type=\"widget\" data-widget_type=\"text-editor.default\">\n\t\t\t\t<div class=\"elementor-widget-container\">\n\t\t\t\t\t\t\t\t\t<p>Bayerischen Architektenkammer (BYAK)<br \/>Research School Transformations of Architecture &amp; Planning, TU Wien<\/p>\t\t\t\t\t\t\t\t<\/div>\n\t\t\t\t<\/div>\n\t\t\t\t<div class=\"elementor-element elementor-element-6b40943 elementor-widget elementor-widget-heading\" data-id=\"6b40943\" data-element_type=\"widget\" data-widget_type=\"heading.default\">\n\t\t\t\t<div class=\"elementor-widget-container\">\n\t\t\t\t\t<h1 class=\"elementor-heading-title elementor-size-default\">AUSSTELLUNGSGESTALTUNG (Auswahl)<\/h1>\t\t\t\t<\/div>\n\t\t\t\t<\/div>\n\t\t\t\t<div class=\"elementor-element elementor-element-d7faee9 elementor-widget elementor-widget-text-editor\" data-id=\"d7faee9\" data-element_type=\"widget\" data-widget_type=\"text-editor.default\">\n\t\t\t\t<div class=\"elementor-widget-container\">\n\t\t\t\t\t\t\t\t\t<div class=\"untertitel_spalte\"><p><strong>Hey Hamburg, kennst Du Duala Manga Bell? &#8211; Die Ausstellung f\u00fcr <\/strong><strong>junge Menschen<\/strong>, Museum am Rothenbaum MARKK in Hamburg, 2020-2024<\/p><p>Zwischenpr\u00e4sentation der <strong>IBA Th\u00fcringen Stadt Land <\/strong>im Eiermannbau in Apolda, 2019 f\u00fcr\/mit constructlab (Ausf\u00fchrung)<\/p><p><strong>Flow of Forms \/ Forms of Flow. <\/strong><strong>Designgeschichten zwischen Afrika <\/strong><strong>und Europa, <\/strong>zeitgleich an vier verschiedenen Orten in M\u00fcnchen: Museum F\u00fcnf Kontinente, Kunstraum, Galerie Karin Wimmer, Architekturmuseum in der Pinakothek der Moderne und Neugestaltung der Ausstellung, V\u00f6lkerkundemuseum, Hamburg, 2017\/2018<\/p><p><strong>Platzatlas Stadtr\u00e4ume in Europa<\/strong>, Lehrstuhl f\u00fcr St\u00e4dtebau und Regionalplanung, TUM, Architekturgalerie M\u00fcnchen und Weiterf\u00fchrung des Gestaltungskonzepts im Rahmen der Architecture Week in Plovdiv (BGR) in Kooperation mit dem Goethe Institut 2015\/2016<\/p><p><strong>ZOOM \u2013 Picturing Architecture and the City<\/strong>, Architekturmuseum in der Pinakothek der Moderne, M\u00fcnchen und Weiterf\u00fchrung des Gestaltungskonzepts im Architekturzentrum Wien, 2015<\/p><\/div>\t\t\t\t\t\t\t\t<\/div>\n\t\t\t\t<\/div>\n\t\t\t\t\t<\/div>\n\t\t<\/div>\n\t\t\t\t\t<\/div>\n\t\t<\/section>\n\t\t\t\t<\/div>\n\t\t","protected":false},"excerpt":{"rendered":"<p>Curriculum Vitae Hanne RUNG Univ.Lektorin Dipl.-Ing.Telefon: +43 (1) 58801-25715E-Mail: hannelore.rung@tuwien.ac.at Hanne Rung studierte Architektur und Stadtplanung an der Universit\u00e4t Stuttgart sowie an der Universidade do Porto und schloss 2004 als Dipl.-Ing. (Univ.) ab. 2011\/12 war sie wissenschaftliche Mitarbeiterin am Lehrstuhl f\u00fcr St\u00e4dtebau und Regionalplanung der TU M\u00fcnchen, anschlie\u00dfend von 2012 bis 2020 Referentin f\u00fcr Kommunikation an der Fakult\u00e4t f\u00fcr Architektur der TU M\u00fcnchen. Seit 2016 arbeitet sie zudem als Kuratorin<\/p>\n<div class=\"belowpost\"><a class=\"btnmore icon-arrow\" href=\"https:\/\/denkmalpflege.tuwien.ac.at\/index.php\/team\/cv-hanne-rung\/\"><span>Read More<\/span><\/a><\/div>\n","protected":false},"author":1,"featured_media":0,"parent":25289,"menu_order":0,"comment_status":"closed","ping_status":"closed","template":"","meta":{"footnotes":""},"class_list":["post-31310","page","type-page","status-publish","hentry"],"yoast_head":"<!-- This site is optimized with the Yoast SEO plugin v26.0 - https:\/\/yoast.com\/wordpress\/plugins\/seo\/ -->\n<title>CV Hanne Rung - Denkmalpflege und Bauen im Bestand<\/title>\n<meta name=\"robots\" content=\"index, follow, max-snippet:-1, max-image-preview:large, max-video-preview:-1\" \/>\n<link rel=\"canonical\" href=\"https:\/\/denkmalpflege.tuwien.ac.at\/index.php\/team\/cv-hanne-rung\/\" \/>\n<meta property=\"og:locale\" content=\"de_DE\" \/>\n<meta property=\"og:type\" content=\"article\" \/>\n<meta property=\"og:title\" content=\"CV Hanne Rung - Denkmalpflege und Bauen im Bestand\" \/>\n<meta property=\"og:description\" content=\"Curriculum Vitae Hanne RUNG Univ.Lektorin Dipl.-Ing.Telefon: +43 (1) 58801-25715E-Mail: hannelore.rung@tuwien.ac.at Hanne Rung studierte Architektur und Stadtplanung an der Universit\u00e4t Stuttgart sowie an der Universidade do Porto und schloss 2004 als Dipl.-Ing. (Univ.) ab. 2011\/12 war sie wissenschaftliche Mitarbeiterin am Lehrstuhl f\u00fcr St\u00e4dtebau und Regionalplanung der TU M\u00fcnchen, anschlie\u00dfend von 2012 bis 2020 Referentin f\u00fcr Kommunikation an der Fakult\u00e4t f\u00fcr Architektur der TU M\u00fcnchen. Seit 2016 arbeitet sie zudem als KuratorinRead More\" \/>\n<meta property=\"og:url\" content=\"https:\/\/denkmalpflege.tuwien.ac.at\/index.php\/team\/cv-hanne-rung\/\" \/>\n<meta property=\"og:site_name\" content=\"Denkmalpflege und Bauen im Bestand\" \/>\n<meta property=\"article:modified_time\" content=\"2026-04-02T10:24:02+00:00\" \/>\n<meta property=\"og:image\" content=\"http:\/\/denkmalpflege.tuwien.ac.at\/wp-content\/uploads\/2023\/11\/profilbild_rung.jpg\" \/>\n<meta name=\"twitter:card\" content=\"summary_large_image\" \/>\n<meta name=\"twitter:label1\" content=\"Gesch\u00e4tzte Lesezeit\" \/>\n\t<meta name=\"twitter:data1\" content=\"3\u00a0Minuten\" \/>\n<script type=\"application\/ld+json\" class=\"yoast-schema-graph\">{\"@context\":\"https:\/\/schema.org\",\"@graph\":[{\"@type\":\"WebPage\",\"@id\":\"https:\/\/denkmalpflege.tuwien.ac.at\/index.php\/team\/cv-hanne-rung\/\",\"url\":\"https:\/\/denkmalpflege.tuwien.ac.at\/index.php\/team\/cv-hanne-rung\/\",\"name\":\"CV Hanne Rung - Denkmalpflege und Bauen im Bestand\",\"isPartOf\":{\"@id\":\"https:\/\/denkmalpflege.tuwien.ac.at\/#website\"},\"primaryImageOfPage\":{\"@id\":\"https:\/\/denkmalpflege.tuwien.ac.at\/index.php\/team\/cv-hanne-rung\/#primaryimage\"},\"image\":{\"@id\":\"https:\/\/denkmalpflege.tuwien.ac.at\/index.php\/team\/cv-hanne-rung\/#primaryimage\"},\"thumbnailUrl\":\"http:\/\/denkmalpflege.tuwien.ac.at\/wp-content\/uploads\/2023\/11\/profilbild_rung.jpg\",\"datePublished\":\"2024-06-24T12:27:33+00:00\",\"dateModified\":\"2026-04-02T10:24:02+00:00\",\"breadcrumb\":{\"@id\":\"https:\/\/denkmalpflege.tuwien.ac.at\/index.php\/team\/cv-hanne-rung\/#breadcrumb\"},\"inLanguage\":\"de\",\"potentialAction\":[{\"@type\":\"ReadAction\",\"target\":[\"https:\/\/denkmalpflege.tuwien.ac.at\/index.php\/team\/cv-hanne-rung\/\"]}]},{\"@type\":\"ImageObject\",\"inLanguage\":\"de\",\"@id\":\"https:\/\/denkmalpflege.tuwien.ac.at\/index.php\/team\/cv-hanne-rung\/#primaryimage\",\"url\":\"https:\/\/denkmalpflege.tuwien.ac.at\/wp-content\/uploads\/2023\/11\/profilbild_rung.jpg\",\"contentUrl\":\"https:\/\/denkmalpflege.tuwien.ac.at\/wp-content\/uploads\/2023\/11\/profilbild_rung.jpg\",\"width\":1179,\"height\":1250},{\"@type\":\"BreadcrumbList\",\"@id\":\"https:\/\/denkmalpflege.tuwien.ac.at\/index.php\/team\/cv-hanne-rung\/#breadcrumb\",\"itemListElement\":[{\"@type\":\"ListItem\",\"position\":1,\"name\":\"Startseite\",\"item\":\"https:\/\/denkmalpflege.tuwien.ac.at\/\"},{\"@type\":\"ListItem\",\"position\":2,\"name\":\"Team\",\"item\":\"https:\/\/denkmalpflege.tuwien.ac.at\/index.php\/team\/\"},{\"@type\":\"ListItem\",\"position\":3,\"name\":\"CV Hanne Rung\"}]},{\"@type\":\"WebSite\",\"@id\":\"https:\/\/denkmalpflege.tuwien.ac.at\/#website\",\"url\":\"https:\/\/denkmalpflege.tuwien.ac.at\/\",\"name\":\"Denkmalpflege und Bauen im Bestand\",\"description\":\"Denkmalpflege TU Wien\",\"publisher\":{\"@id\":\"https:\/\/denkmalpflege.tuwien.ac.at\/#organization\"},\"potentialAction\":[{\"@type\":\"SearchAction\",\"target\":{\"@type\":\"EntryPoint\",\"urlTemplate\":\"https:\/\/denkmalpflege.tuwien.ac.at\/?s={search_term_string}\"},\"query-input\":{\"@type\":\"PropertyValueSpecification\",\"valueRequired\":true,\"valueName\":\"search_term_string\"}}],\"inLanguage\":\"de\"},{\"@type\":\"Organization\",\"@id\":\"https:\/\/denkmalpflege.tuwien.ac.at\/#organization\",\"name\":\"TU Wien Denkmalpflege und Bauen im Bestand\",\"url\":\"https:\/\/denkmalpflege.tuwien.ac.at\/\",\"logo\":{\"@type\":\"ImageObject\",\"inLanguage\":\"de\",\"@id\":\"https:\/\/denkmalpflege.tuwien.ac.at\/#\/schema\/logo\/image\/\",\"url\":\"https:\/\/denkmalpflege.tuwien.ac.at\/wp-content\/uploads\/2019\/10\/Logo1.png\",\"contentUrl\":\"https:\/\/denkmalpflege.tuwien.ac.at\/wp-content\/uploads\/2019\/10\/Logo1.png\",\"width\":222,\"height\":79,\"caption\":\"TU Wien Denkmalpflege und Bauen im Bestand\"},\"image\":{\"@id\":\"https:\/\/denkmalpflege.tuwien.ac.at\/#\/schema\/logo\/image\/\"}}]}<\/script>\n<!-- \/ Yoast SEO plugin. -->","yoast_head_json":{"title":"CV Hanne Rung - Denkmalpflege und Bauen im Bestand","robots":{"index":"index","follow":"follow","max-snippet":"max-snippet:-1","max-image-preview":"max-image-preview:large","max-video-preview":"max-video-preview:-1"},"canonical":"https:\/\/denkmalpflege.tuwien.ac.at\/index.php\/team\/cv-hanne-rung\/","og_locale":"de_DE","og_type":"article","og_title":"CV Hanne Rung - Denkmalpflege und Bauen im Bestand","og_description":"Curriculum Vitae Hanne RUNG Univ.Lektorin Dipl.-Ing.Telefon: +43 (1) 58801-25715E-Mail: hannelore.rung@tuwien.ac.at Hanne Rung studierte Architektur und Stadtplanung an der Universit\u00e4t Stuttgart sowie an der Universidade do Porto und schloss 2004 als Dipl.-Ing. (Univ.) ab. 2011\/12 war sie wissenschaftliche Mitarbeiterin am Lehrstuhl f\u00fcr St\u00e4dtebau und Regionalplanung der TU M\u00fcnchen, anschlie\u00dfend von 2012 bis 2020 Referentin f\u00fcr Kommunikation an der Fakult\u00e4t f\u00fcr Architektur der TU M\u00fcnchen. Seit 2016 arbeitet sie zudem als KuratorinRead More","og_url":"https:\/\/denkmalpflege.tuwien.ac.at\/index.php\/team\/cv-hanne-rung\/","og_site_name":"Denkmalpflege und Bauen im Bestand","article_modified_time":"2026-04-02T10:24:02+00:00","og_image":[{"url":"http:\/\/denkmalpflege.tuwien.ac.at\/wp-content\/uploads\/2023\/11\/profilbild_rung.jpg","type":"","width":"","height":""}],"twitter_card":"summary_large_image","twitter_misc":{"Gesch\u00e4tzte Lesezeit":"3\u00a0Minuten"},"schema":{"@context":"https:\/\/schema.org","@graph":[{"@type":"WebPage","@id":"https:\/\/denkmalpflege.tuwien.ac.at\/index.php\/team\/cv-hanne-rung\/","url":"https:\/\/denkmalpflege.tuwien.ac.at\/index.php\/team\/cv-hanne-rung\/","name":"CV Hanne Rung - Denkmalpflege und Bauen im Bestand","isPartOf":{"@id":"https:\/\/denkmalpflege.tuwien.ac.at\/#website"},"primaryImageOfPage":{"@id":"https:\/\/denkmalpflege.tuwien.ac.at\/index.php\/team\/cv-hanne-rung\/#primaryimage"},"image":{"@id":"https:\/\/denkmalpflege.tuwien.ac.at\/index.php\/team\/cv-hanne-rung\/#primaryimage"},"thumbnailUrl":"http:\/\/denkmalpflege.tuwien.ac.at\/wp-content\/uploads\/2023\/11\/profilbild_rung.jpg","datePublished":"2024-06-24T12:27:33+00:00","dateModified":"2026-04-02T10:24:02+00:00","breadcrumb":{"@id":"https:\/\/denkmalpflege.tuwien.ac.at\/index.php\/team\/cv-hanne-rung\/#breadcrumb"},"inLanguage":"de","potentialAction":[{"@type":"ReadAction","target":["https:\/\/denkmalpflege.tuwien.ac.at\/index.php\/team\/cv-hanne-rung\/"]}]},{"@type":"ImageObject","inLanguage":"de","@id":"https:\/\/denkmalpflege.tuwien.ac.at\/index.php\/team\/cv-hanne-rung\/#primaryimage","url":"https:\/\/denkmalpflege.tuwien.ac.at\/wp-content\/uploads\/2023\/11\/profilbild_rung.jpg","contentUrl":"https:\/\/denkmalpflege.tuwien.ac.at\/wp-content\/uploads\/2023\/11\/profilbild_rung.jpg","width":1179,"height":1250},{"@type":"BreadcrumbList","@id":"https:\/\/denkmalpflege.tuwien.ac.at\/index.php\/team\/cv-hanne-rung\/#breadcrumb","itemListElement":[{"@type":"ListItem","position":1,"name":"Startseite","item":"https:\/\/denkmalpflege.tuwien.ac.at\/"},{"@type":"ListItem","position":2,"name":"Team","item":"https:\/\/denkmalpflege.tuwien.ac.at\/index.php\/team\/"},{"@type":"ListItem","position":3,"name":"CV Hanne Rung"}]},{"@type":"WebSite","@id":"https:\/\/denkmalpflege.tuwien.ac.at\/#website","url":"https:\/\/denkmalpflege.tuwien.ac.at\/","name":"Denkmalpflege und Bauen im Bestand","description":"Denkmalpflege TU Wien","publisher":{"@id":"https:\/\/denkmalpflege.tuwien.ac.at\/#organization"},"potentialAction":[{"@type":"SearchAction","target":{"@type":"EntryPoint","urlTemplate":"https:\/\/denkmalpflege.tuwien.ac.at\/?s={search_term_string}"},"query-input":{"@type":"PropertyValueSpecification","valueRequired":true,"valueName":"search_term_string"}}],"inLanguage":"de"},{"@type":"Organization","@id":"https:\/\/denkmalpflege.tuwien.ac.at\/#organization","name":"TU Wien Denkmalpflege und Bauen im Bestand","url":"https:\/\/denkmalpflege.tuwien.ac.at\/","logo":{"@type":"ImageObject","inLanguage":"de","@id":"https:\/\/denkmalpflege.tuwien.ac.at\/#\/schema\/logo\/image\/","url":"https:\/\/denkmalpflege.tuwien.ac.at\/wp-content\/uploads\/2019\/10\/Logo1.png","contentUrl":"https:\/\/denkmalpflege.tuwien.ac.at\/wp-content\/uploads\/2019\/10\/Logo1.png","width":222,"height":79,"caption":"TU Wien Denkmalpflege und Bauen im Bestand"},"image":{"@id":"https:\/\/denkmalpflege.tuwien.ac.at\/#\/schema\/logo\/image\/"}}]}},"_links":{"self":[{"href":"https:\/\/denkmalpflege.tuwien.ac.at\/index.php\/wp-json\/wp\/v2\/pages\/31310","targetHints":{"allow":["GET"]}}],"collection":[{"href":"https:\/\/denkmalpflege.tuwien.ac.at\/index.php\/wp-json\/wp\/v2\/pages"}],"about":[{"href":"https:\/\/denkmalpflege.tuwien.ac.at\/index.php\/wp-json\/wp\/v2\/types\/page"}],"author":[{"embeddable":true,"href":"https:\/\/denkmalpflege.tuwien.ac.at\/index.php\/wp-json\/wp\/v2\/users\/1"}],"replies":[{"embeddable":true,"href":"https:\/\/denkmalpflege.tuwien.ac.at\/index.php\/wp-json\/wp\/v2\/comments?post=31310"}],"version-history":[{"count":37,"href":"https:\/\/denkmalpflege.tuwien.ac.at\/index.php\/wp-json\/wp\/v2\/pages\/31310\/revisions"}],"predecessor-version":[{"id":36423,"href":"https:\/\/denkmalpflege.tuwien.ac.at\/index.php\/wp-json\/wp\/v2\/pages\/31310\/revisions\/36423"}],"up":[{"embeddable":true,"href":"https:\/\/denkmalpflege.tuwien.ac.at\/index.php\/wp-json\/wp\/v2\/pages\/25289"}],"wp:attachment":[{"href":"https:\/\/denkmalpflege.tuwien.ac.at\/index.php\/wp-json\/wp\/v2\/media?parent=31310"}],"curies":[{"name":"wp","href":"https:\/\/api.w.org\/{rel}","templated":true}]}}