{"id":31210,"date":"2024-06-14T11:00:35","date_gmt":"2024-06-14T09:00:35","guid":{"rendered":"https:\/\/denkmalpflege.tuwien.ac.at\/?page_id=31210"},"modified":"2025-11-05T11:24:50","modified_gmt":"2025-11-05T10:24:50","slug":"sevinc-aytok","status":"publish","type":"page","link":"https:\/\/denkmalpflege.tuwien.ac.at\/index.php\/diplomarbeiten\/sevinc-aytok\/","title":{"rendered":"Sevinc Aytok"},"content":{"rendered":"\t\t<div data-elementor-type=\"wp-page\" data-elementor-id=\"31210\" class=\"elementor elementor-31210\" data-elementor-post-type=\"page\">\n\t\t\t\t\t\t<section class=\"elementor-section elementor-top-section elementor-element elementor-element-bbe85d6 elementor-section-full_width elementor-section-height-default elementor-section-height-default\" data-id=\"bbe85d6\" data-element_type=\"section\">\n\t\t\t\t\t\t<div class=\"elementor-container elementor-column-gap-default\">\n\t\t\t\t\t<div class=\"elementor-column elementor-col-50 elementor-top-column elementor-element elementor-element-1e338a2\" data-id=\"1e338a2\" data-element_type=\"column\">\n\t\t\t<div class=\"elementor-widget-wrap elementor-element-populated\">\n\t\t\t\t\t\t<div class=\"elementor-element elementor-element-a0de740 elementor-widget elementor-widget-heading\" data-id=\"a0de740\" data-element_type=\"widget\" data-widget_type=\"heading.default\">\n\t\t\t\t<div class=\"elementor-widget-container\">\n\t\t\t\t\t<h2 class=\"elementor-heading-title elementor-size-default\"><a href=\"https:\/\/denkmalpflege.tuwien.ac.at\/index.php\/laufende-dipl-caviezel\/\">Arbeiten<\/a><\/h2>\t\t\t\t<\/div>\n\t\t\t\t<\/div>\n\t\t\t\t\t<\/div>\n\t\t<\/div>\n\t\t\t\t<div class=\"elementor-column elementor-col-50 elementor-top-column elementor-element elementor-element-cae148e\" data-id=\"cae148e\" data-element_type=\"column\">\n\t\t\t<div class=\"elementor-widget-wrap elementor-element-populated\">\n\t\t\t\t\t\t<div class=\"elementor-element elementor-element-fee3cb2 elementor-widget elementor-widget-heading\" data-id=\"fee3cb2\" data-element_type=\"widget\" data-widget_type=\"heading.default\">\n\t\t\t\t<div class=\"elementor-widget-container\">\n\t\t\t\t\t<h2 class=\"elementor-heading-title elementor-size-default\">Sevinc Muyan <span style=\"float: right\"> 2024\/25<\/span><\/h2>\t\t\t\t<\/div>\n\t\t\t\t<\/div>\n\t\t\t\t\t<\/div>\n\t\t<\/div>\n\t\t\t\t\t<\/div>\n\t\t<\/section>\n\t\t\t\t<section class=\"elementor-section elementor-top-section elementor-element elementor-element-183c939 elementor-section-full_width elementor-section-height-default elementor-section-height-default\" data-id=\"183c939\" data-element_type=\"section\">\n\t\t\t\t\t\t<div class=\"elementor-container elementor-column-gap-default\">\n\t\t\t\t\t<div class=\"elementor-column elementor-col-50 elementor-top-column elementor-element elementor-element-1e20845\" data-id=\"1e20845\" data-element_type=\"column\">\n\t\t\t<div class=\"elementor-widget-wrap elementor-element-populated\">\n\t\t\t\t\t\t<div class=\"elementor-element elementor-element-2d314a5 elementor-nav-menu__align-start elementor-nav-menu--dropdown-mobile elementor-nav-menu__text-align-aside elementor-nav-menu--toggle elementor-nav-menu--burger elementor-widget elementor-widget-nav-menu\" data-id=\"2d314a5\" data-element_type=\"widget\" data-settings=\"{&quot;layout&quot;:&quot;vertical&quot;,&quot;submenu_icon&quot;:{&quot;value&quot;:&quot;&lt;i class=\\&quot;\\&quot; aria-hidden=\\&quot;true\\&quot;&gt;&lt;\\\/i&gt;&quot;,&quot;library&quot;:&quot;&quot;},&quot;toggle&quot;:&quot;burger&quot;}\" data-widget_type=\"nav-menu.default\">\n\t\t\t\t<div class=\"elementor-widget-container\">\n\t\t\t\t\t\t\t\t<nav aria-label=\"Men\u00fc\" class=\"elementor-nav-menu--main elementor-nav-menu__container elementor-nav-menu--layout-vertical e--pointer-none\">\n\t\t\t\t<ul id=\"menu-1-2d314a5\" class=\"elementor-nav-menu sm-vertical\"><li class=\"menu-item menu-item-type-post_type menu-item-object-page menu-item-27442\"><a href=\"https:\/\/denkmalpflege.tuwien.ac.at\/index.php\/diplomarbeiten\/\" class=\"elementor-item\">Diplomarbeiten<\/a><\/li>\n<li class=\"menu-item menu-item-type-post_type menu-item-object-page menu-item-16203\"><a href=\"https:\/\/denkmalpflege.tuwien.ac.at\/index.php\/laufende-dissertationen\/\" class=\"elementor-item\">Dissertationen<\/a><\/li>\n<\/ul>\t\t\t<\/nav>\n\t\t\t\t\t<div class=\"elementor-menu-toggle\" role=\"button\" tabindex=\"0\" aria-label=\"Men\u00fc Umschalter\" aria-expanded=\"false\">\n\t\t\t<i aria-hidden=\"true\" role=\"presentation\" class=\"elementor-menu-toggle__icon--open eicon-menu-bar\"><\/i><i aria-hidden=\"true\" role=\"presentation\" class=\"elementor-menu-toggle__icon--close eicon-close\"><\/i>\t\t<\/div>\n\t\t\t\t\t<nav class=\"elementor-nav-menu--dropdown elementor-nav-menu__container\" aria-hidden=\"true\">\n\t\t\t\t<ul id=\"menu-2-2d314a5\" class=\"elementor-nav-menu sm-vertical\"><li class=\"menu-item menu-item-type-post_type menu-item-object-page menu-item-27442\"><a href=\"https:\/\/denkmalpflege.tuwien.ac.at\/index.php\/diplomarbeiten\/\" class=\"elementor-item\" tabindex=\"-1\">Diplomarbeiten<\/a><\/li>\n<li class=\"menu-item menu-item-type-post_type menu-item-object-page menu-item-16203\"><a href=\"https:\/\/denkmalpflege.tuwien.ac.at\/index.php\/laufende-dissertationen\/\" class=\"elementor-item\" tabindex=\"-1\">Dissertationen<\/a><\/li>\n<\/ul>\t\t\t<\/nav>\n\t\t\t\t\t\t<\/div>\n\t\t\t\t<\/div>\n\t\t\t\t<div class=\"elementor-element elementor-element-65ed606 elementor-widget elementor-widget-wp-widget-nav_menu\" data-id=\"65ed606\" data-element_type=\"widget\" data-widget_type=\"wp-widget-nav_menu.default\">\n\t\t\t\t<div class=\"elementor-widget-container\">\n\t\t\t\t\t<div class=\"menu-laufende-diplomarbeiten-container\"><ul id=\"menu-laufende-diplomarbeiten\" class=\"menu\"><li id=\"menu-item-28638\" class=\"menu-item menu-item-type-post_type menu-item-object-page menu-item-28638\"><a href=\"https:\/\/denkmalpflege.tuwien.ac.at\/index.php\/diplomarbeiten\/\">Zur\u00fcck<\/a><\/li>\n<\/ul><\/div>\t\t\t\t<\/div>\n\t\t\t\t<\/div>\n\t\t\t\t\t<\/div>\n\t\t<\/div>\n\t\t\t\t<div class=\"elementor-column elementor-col-50 elementor-top-column elementor-element elementor-element-d5fbf9c\" data-id=\"d5fbf9c\" data-element_type=\"column\">\n\t\t\t<div class=\"elementor-widget-wrap elementor-element-populated\">\n\t\t\t\t\t\t<div class=\"elementor-element elementor-element-9f6232c elementor-widget elementor-widget-text-editor\" data-id=\"9f6232c\" data-element_type=\"widget\" data-widget_type=\"text-editor.default\">\n\t\t\t\t<div class=\"elementor-widget-container\">\n\t\t\t\t\t\t\t\t\t<h2>Die Schuhfabrik Beka in M\u00f6dling Analyse, Denkmalpflege, Revitalisierung und Umnutzung anhand guter Praxis<\/h2>\t\t\t\t\t\t\t\t<\/div>\n\t\t\t\t<\/div>\n\t\t\t\t<div class=\"elementor-element elementor-element-352b6c6 elementor-widget elementor-widget-text-editor\" data-id=\"352b6c6\" data-element_type=\"widget\" data-widget_type=\"text-editor.default\">\n\t\t\t\t<div class=\"elementor-widget-container\">\n\t\t\t\t\t\t\t\t\t<p>Betreuung: Heike Oevermann<br \/>Die ver\u00f6ffentlichte Diplomarbeit finden\u00a0Sie\u00a0<span style=\"text-decoration: underline;\"><a href=\"https:\/\/repositum.tuwien.at\/handle\/20.500.12708\/214964\">hier<\/a><\/span>.<\/p>\t\t\t\t\t\t\t\t<\/div>\n\t\t\t\t<\/div>\n\t\t\t\t<div class=\"elementor-element elementor-element-c6f7611 elementor-widget elementor-widget-spacer\" data-id=\"c6f7611\" data-element_type=\"widget\" data-widget_type=\"spacer.default\">\n\t\t\t\t<div class=\"elementor-widget-container\">\n\t\t\t\t\t\t\t<div class=\"elementor-spacer\">\n\t\t\t<div class=\"elementor-spacer-inner\"><\/div>\n\t\t<\/div>\n\t\t\t\t\t\t<\/div>\n\t\t\t\t<\/div>\n\t\t\t\t<section class=\"elementor-section elementor-inner-section elementor-element elementor-element-b6a69c7 elementor-section-boxed elementor-section-height-default elementor-section-height-default\" data-id=\"b6a69c7\" data-element_type=\"section\">\n\t\t\t\t\t\t<div class=\"elementor-container elementor-column-gap-default\">\n\t\t\t\t\t<div class=\"elementor-column elementor-col-100 elementor-inner-column elementor-element elementor-element-c0743d8\" data-id=\"c0743d8\" data-element_type=\"column\">\n\t\t\t<div class=\"elementor-widget-wrap elementor-element-populated\">\n\t\t\t\t\t\t<div class=\"elementor-element elementor-element-57131f9 elementor-widget elementor-widget-image\" data-id=\"57131f9\" data-element_type=\"widget\" data-widget_type=\"image.default\">\n\t\t\t\t<div class=\"elementor-widget-container\">\n\t\t\t\t\t\t\t\t\t\t\t\t\t\t\t\t<a href=\"http:\/\/denkmalpflege.tuwien.ac.at\/wp-content\/uploads\/2024\/06\/Aytok_Titelbild_diplom-1-scaled.jpg\" data-elementor-open-lightbox=\"yes\" data-e-action-hash=\"#elementor-action%3Aaction%3Dlightbox%26settings%3DeyJpZCI6MzEyNDgsInVybCI6Imh0dHBzOlwvXC9kZW5rbWFscGZsZWdlLnR1d2llbi5hYy5hdFwvd3AtY29udGVudFwvdXBsb2Fkc1wvMjAyNFwvMDZcL0F5dG9rX1RpdGVsYmlsZF9kaXBsb20tMS1zY2FsZWQuanBnIn0%3D\">\n\t\t\t\t\t\t\t<img fetchpriority=\"high\" decoding=\"async\" width=\"1000\" height=\"729\" src=\"https:\/\/denkmalpflege.tuwien.ac.at\/wp-content\/uploads\/2024\/06\/Aytok_Titelbild_diplom-1-1024x747.jpg\" class=\"attachment-large size-large wp-image-31248\" alt=\"\" srcset=\"https:\/\/denkmalpflege.tuwien.ac.at\/wp-content\/uploads\/2024\/06\/Aytok_Titelbild_diplom-1-1024x747.jpg 1024w, https:\/\/denkmalpflege.tuwien.ac.at\/wp-content\/uploads\/2024\/06\/Aytok_Titelbild_diplom-1-300x219.jpg 300w, https:\/\/denkmalpflege.tuwien.ac.at\/wp-content\/uploads\/2024\/06\/Aytok_Titelbild_diplom-1-768x560.jpg 768w, https:\/\/denkmalpflege.tuwien.ac.at\/wp-content\/uploads\/2024\/06\/Aytok_Titelbild_diplom-1-1536x1120.jpg 1536w, https:\/\/denkmalpflege.tuwien.ac.at\/wp-content\/uploads\/2024\/06\/Aytok_Titelbild_diplom-1-2048x1494.jpg 2048w, https:\/\/denkmalpflege.tuwien.ac.at\/wp-content\/uploads\/2024\/06\/Aytok_Titelbild_diplom-1-700x511.jpg 700w\" sizes=\"(max-width: 1000px) 100vw, 1000px\" \/>\t\t\t\t\t\t\t\t<\/a>\n\t\t\t\t\t\t\t\t\t\t\t\t\t\t\t<\/div>\n\t\t\t\t<\/div>\n\t\t\t\t\t<\/div>\n\t\t<\/div>\n\t\t\t\t\t<\/div>\n\t\t<\/section>\n\t\t\t\t<div class=\"elementor-element elementor-element-828e6e6 elementor-widget elementor-widget-spacer\" data-id=\"828e6e6\" data-element_type=\"widget\" data-widget_type=\"spacer.default\">\n\t\t\t\t<div class=\"elementor-widget-container\">\n\t\t\t\t\t\t\t<div class=\"elementor-spacer\">\n\t\t\t<div class=\"elementor-spacer-inner\"><\/div>\n\t\t<\/div>\n\t\t\t\t\t\t<\/div>\n\t\t\t\t<\/div>\n\t\t\t\t<div class=\"elementor-element elementor-element-8b2166f elementor-widget elementor-widget-text-editor\" data-id=\"8b2166f\" data-element_type=\"widget\" data-widget_type=\"text-editor.default\">\n\t\t\t\t<div class=\"elementor-widget-container\">\n\t\t\t\t\t\t\t\t\t<p>Die &#8222;Beka&#8220; Schuhfabrik in M\u00f6dling, Nieder\u00f6sterreich, ist ein herausragendes Beispiel f\u00fcr industrielle Architektur und Ingenieurskunst des fr\u00fchen 20. Jahrhunderts. Errichtet zwischen 1912 und 1913 nach Entw\u00fcrfen des renommierten Industriearchitekten Bruno Bauer, war sie eine der ersten Anwendungen von Stahlbeton in industriellen Bauwerken in \u00d6sterreich.<\/p><p>\u00dcber die Jahre durchlief die \u201aBeka\u2018 Schuhfabrik diverse Nutzungsphasen und Umbauten. Seit 2010 steht sie unter Denkmalschutz und dient als Zeugnis der industriellen Geschichte \u00d6sterreichs. Derzeit steht das Geb\u00e4ude jedoch komplett leer, und das Gel\u00e4nde wird als Parkplatz genutzt, was seinen Wert mindert und eine Integration ins \u00f6ffentliche Leben M\u00f6dlings verhindert.<\/p><p>Die Schuhfabrik &#8222;Beka&#8220; ist eine bedeutende Landmarke, die das kulturelle Erbe und die Identit\u00e4t der Stadt pr\u00e4gt. Ihre historische Architektur spiegelt die industrielle Vergangenheit wider und bietet gro\u00dfes Potenzial f\u00fcr eine st\u00e4dtebauliche Integration und Umnutzung.<\/p><p>Eine umfassende Analyse der historischen Bedeutung und architektonischen Gestaltung fehlt bislang. F\u00fcr die Entwicklung von Umnutzungs- und Revitalisierungskonzepten ist die Analyse guter Praxisbeispiele von gro\u00dfer Bedeutung. Diese Beispiele bieten konkrete Einblicke und Inspirationen, die speziell auf die Bedingungen und Anforderungen der Beka Schuhfabrik angewendet werden k\u00f6nnen.<\/p><p>Die Arbeit zielt darauf ab, durch die Analyse guter Praxisbeispiele und die Entwicklung von Nutzungskonzepten einen Beitrag zur Denkmalpflege und st\u00e4dtebaulichen Integration zu leisten. Ein besonderes Augenmerk wird daraufgelegt, zu untersuchen, wie bew\u00e4hrte Ans\u00e4tze im spezifischen Kontext der Schuhfabrik &#8222;Beka&#8220; angewendet werden k\u00f6nnen, um deren architektonische Besonderheiten und Denkmalwerte langfristig zu sichern und harmonisch\u00a0 in\u00a0 das\u00a0 st\u00e4dtische\u00a0 Gef\u00fcge\u00a0 einzubetten.\u00a0 Die\u00a0 Erkenntnisse\u00a0 aus\u00a0 dieser Untersuchung sollen in die Entwicklung eines Nachnutzungskonzepts f\u00fcr die Schuhfabrik &#8222;Beka&#8220; einflie\u00dfen, das nicht nur denkmalpflegerische Belange und die Anforderungen nachhaltiger Nutzung ber\u00fccksichtigt, sondern auch die st\u00e4dtebauliche Einbindung und Verbesserung des urbanen Raums in den Fokus nimmt.<\/p>\t\t\t\t\t\t\t\t<\/div>\n\t\t\t\t<\/div>\n\t\t\t\t\t<\/div>\n\t\t<\/div>\n\t\t\t\t\t<\/div>\n\t\t<\/section>\n\t\t\t\t<\/div>\n\t\t","protected":false},"excerpt":{"rendered":"<p>Arbeiten Sevinc Muyan 2024\/25 Die Schuhfabrik Beka in M\u00f6dling Analyse, Denkmalpflege, Revitalisierung und Umnutzung anhand guter Praxis Betreuung: Heike OevermannDie ver\u00f6ffentlichte Diplomarbeit finden\u00a0Sie\u00a0hier. Die &#8222;Beka&#8220; Schuhfabrik in M\u00f6dling, Nieder\u00f6sterreich, ist ein herausragendes Beispiel f\u00fcr industrielle Architektur und Ingenieurskunst des fr\u00fchen 20. Jahrhunderts. Errichtet zwischen 1912 und 1913 nach Entw\u00fcrfen des renommierten Industriearchitekten Bruno Bauer, war sie eine der ersten Anwendungen von Stahlbeton in industriellen Bauwerken in \u00d6sterreich. \u00dcber die Jahre<\/p>\n<div class=\"belowpost\"><a class=\"btnmore icon-arrow\" href=\"https:\/\/denkmalpflege.tuwien.ac.at\/index.php\/diplomarbeiten\/sevinc-aytok\/\"><span>Read More<\/span><\/a><\/div>\n","protected":false},"author":1,"featured_media":0,"parent":26704,"menu_order":0,"comment_status":"closed","ping_status":"closed","template":"","meta":{"footnotes":""},"class_list":["post-31210","page","type-page","status-publish","hentry"],"yoast_head":"<!-- This site is optimized with the Yoast SEO plugin v26.0 - https:\/\/yoast.com\/wordpress\/plugins\/seo\/ -->\n<title>Sevinc Aytok - Denkmalpflege und Bauen im Bestand<\/title>\n<meta name=\"robots\" content=\"index, follow, max-snippet:-1, max-image-preview:large, max-video-preview:-1\" \/>\n<link rel=\"canonical\" href=\"https:\/\/denkmalpflege.tuwien.ac.at\/index.php\/diplomarbeiten\/sevinc-aytok\/\" \/>\n<meta property=\"og:locale\" content=\"de_DE\" \/>\n<meta property=\"og:type\" content=\"article\" \/>\n<meta property=\"og:title\" content=\"Sevinc Aytok - Denkmalpflege und Bauen im Bestand\" \/>\n<meta property=\"og:description\" content=\"Arbeiten Sevinc Muyan 2024\/25 Die Schuhfabrik Beka in M\u00f6dling Analyse, Denkmalpflege, Revitalisierung und Umnutzung anhand guter Praxis Betreuung: Heike OevermannDie ver\u00f6ffentlichte Diplomarbeit finden\u00a0Sie\u00a0hier. Die &#8222;Beka&#8220; Schuhfabrik in M\u00f6dling, Nieder\u00f6sterreich, ist ein herausragendes Beispiel f\u00fcr industrielle Architektur und Ingenieurskunst des fr\u00fchen 20. Jahrhunderts. Errichtet zwischen 1912 und 1913 nach Entw\u00fcrfen des renommierten Industriearchitekten Bruno Bauer, war sie eine der ersten Anwendungen von Stahlbeton in industriellen Bauwerken in \u00d6sterreich. \u00dcber die JahreRead More\" \/>\n<meta property=\"og:url\" content=\"https:\/\/denkmalpflege.tuwien.ac.at\/index.php\/diplomarbeiten\/sevinc-aytok\/\" \/>\n<meta property=\"og:site_name\" content=\"Denkmalpflege und Bauen im Bestand\" \/>\n<meta property=\"article:modified_time\" content=\"2025-11-05T10:24:50+00:00\" \/>\n<meta property=\"og:image\" content=\"https:\/\/denkmalpflege.tuwien.ac.at\/wp-content\/uploads\/2024\/06\/Aytok_Titelbild_diplom-1-scaled.jpg\" \/>\n\t<meta property=\"og:image:width\" content=\"2560\" \/>\n\t<meta property=\"og:image:height\" content=\"1867\" \/>\n\t<meta property=\"og:image:type\" content=\"image\/jpeg\" \/>\n<meta name=\"twitter:card\" content=\"summary_large_image\" \/>\n<meta name=\"twitter:label1\" content=\"Gesch\u00e4tzte Lesezeit\" \/>\n\t<meta name=\"twitter:data1\" content=\"2\u00a0Minuten\" \/>\n<script type=\"application\/ld+json\" class=\"yoast-schema-graph\">{\"@context\":\"https:\/\/schema.org\",\"@graph\":[{\"@type\":\"WebPage\",\"@id\":\"https:\/\/denkmalpflege.tuwien.ac.at\/index.php\/diplomarbeiten\/sevinc-aytok\/\",\"url\":\"https:\/\/denkmalpflege.tuwien.ac.at\/index.php\/diplomarbeiten\/sevinc-aytok\/\",\"name\":\"Sevinc Aytok - Denkmalpflege und Bauen im Bestand\",\"isPartOf\":{\"@id\":\"https:\/\/denkmalpflege.tuwien.ac.at\/#website\"},\"primaryImageOfPage\":{\"@id\":\"https:\/\/denkmalpflege.tuwien.ac.at\/index.php\/diplomarbeiten\/sevinc-aytok\/#primaryimage\"},\"image\":{\"@id\":\"https:\/\/denkmalpflege.tuwien.ac.at\/index.php\/diplomarbeiten\/sevinc-aytok\/#primaryimage\"},\"thumbnailUrl\":\"http:\/\/denkmalpflege.tuwien.ac.at\/wp-content\/uploads\/2024\/06\/Aytok_Titelbild_diplom-1-1024x747.jpg\",\"datePublished\":\"2024-06-14T09:00:35+00:00\",\"dateModified\":\"2025-11-05T10:24:50+00:00\",\"breadcrumb\":{\"@id\":\"https:\/\/denkmalpflege.tuwien.ac.at\/index.php\/diplomarbeiten\/sevinc-aytok\/#breadcrumb\"},\"inLanguage\":\"de\",\"potentialAction\":[{\"@type\":\"ReadAction\",\"target\":[\"https:\/\/denkmalpflege.tuwien.ac.at\/index.php\/diplomarbeiten\/sevinc-aytok\/\"]}]},{\"@type\":\"ImageObject\",\"inLanguage\":\"de\",\"@id\":\"https:\/\/denkmalpflege.tuwien.ac.at\/index.php\/diplomarbeiten\/sevinc-aytok\/#primaryimage\",\"url\":\"https:\/\/denkmalpflege.tuwien.ac.at\/wp-content\/uploads\/2024\/06\/Aytok_Titelbild_diplom-1-scaled.jpg\",\"contentUrl\":\"https:\/\/denkmalpflege.tuwien.ac.at\/wp-content\/uploads\/2024\/06\/Aytok_Titelbild_diplom-1-scaled.jpg\",\"width\":2560,\"height\":1867},{\"@type\":\"BreadcrumbList\",\"@id\":\"https:\/\/denkmalpflege.tuwien.ac.at\/index.php\/diplomarbeiten\/sevinc-aytok\/#breadcrumb\",\"itemListElement\":[{\"@type\":\"ListItem\",\"position\":1,\"name\":\"Startseite\",\"item\":\"https:\/\/denkmalpflege.tuwien.ac.at\/\"},{\"@type\":\"ListItem\",\"position\":2,\"name\":\"Diplomarbeiten\",\"item\":\"https:\/\/denkmalpflege.tuwien.ac.at\/index.php\/diplomarbeiten\/\"},{\"@type\":\"ListItem\",\"position\":3,\"name\":\"Sevinc Aytok\"}]},{\"@type\":\"WebSite\",\"@id\":\"https:\/\/denkmalpflege.tuwien.ac.at\/#website\",\"url\":\"https:\/\/denkmalpflege.tuwien.ac.at\/\",\"name\":\"Denkmalpflege und Bauen im Bestand\",\"description\":\"Denkmalpflege TU Wien\",\"publisher\":{\"@id\":\"https:\/\/denkmalpflege.tuwien.ac.at\/#organization\"},\"potentialAction\":[{\"@type\":\"SearchAction\",\"target\":{\"@type\":\"EntryPoint\",\"urlTemplate\":\"https:\/\/denkmalpflege.tuwien.ac.at\/?s={search_term_string}\"},\"query-input\":{\"@type\":\"PropertyValueSpecification\",\"valueRequired\":true,\"valueName\":\"search_term_string\"}}],\"inLanguage\":\"de\"},{\"@type\":\"Organization\",\"@id\":\"https:\/\/denkmalpflege.tuwien.ac.at\/#organization\",\"name\":\"TU Wien Denkmalpflege und Bauen im Bestand\",\"url\":\"https:\/\/denkmalpflege.tuwien.ac.at\/\",\"logo\":{\"@type\":\"ImageObject\",\"inLanguage\":\"de\",\"@id\":\"https:\/\/denkmalpflege.tuwien.ac.at\/#\/schema\/logo\/image\/\",\"url\":\"https:\/\/denkmalpflege.tuwien.ac.at\/wp-content\/uploads\/2019\/10\/Logo1.png\",\"contentUrl\":\"https:\/\/denkmalpflege.tuwien.ac.at\/wp-content\/uploads\/2019\/10\/Logo1.png\",\"width\":222,\"height\":79,\"caption\":\"TU Wien Denkmalpflege und Bauen im Bestand\"},\"image\":{\"@id\":\"https:\/\/denkmalpflege.tuwien.ac.at\/#\/schema\/logo\/image\/\"}}]}<\/script>\n<!-- \/ Yoast SEO plugin. -->","yoast_head_json":{"title":"Sevinc Aytok - Denkmalpflege und Bauen im Bestand","robots":{"index":"index","follow":"follow","max-snippet":"max-snippet:-1","max-image-preview":"max-image-preview:large","max-video-preview":"max-video-preview:-1"},"canonical":"https:\/\/denkmalpflege.tuwien.ac.at\/index.php\/diplomarbeiten\/sevinc-aytok\/","og_locale":"de_DE","og_type":"article","og_title":"Sevinc Aytok - Denkmalpflege und Bauen im Bestand","og_description":"Arbeiten Sevinc Muyan 2024\/25 Die Schuhfabrik Beka in M\u00f6dling Analyse, Denkmalpflege, Revitalisierung und Umnutzung anhand guter Praxis Betreuung: Heike OevermannDie ver\u00f6ffentlichte Diplomarbeit finden\u00a0Sie\u00a0hier. Die &#8222;Beka&#8220; Schuhfabrik in M\u00f6dling, Nieder\u00f6sterreich, ist ein herausragendes Beispiel f\u00fcr industrielle Architektur und Ingenieurskunst des fr\u00fchen 20. Jahrhunderts. Errichtet zwischen 1912 und 1913 nach Entw\u00fcrfen des renommierten Industriearchitekten Bruno Bauer, war sie eine der ersten Anwendungen von Stahlbeton in industriellen Bauwerken in \u00d6sterreich. \u00dcber die JahreRead More","og_url":"https:\/\/denkmalpflege.tuwien.ac.at\/index.php\/diplomarbeiten\/sevinc-aytok\/","og_site_name":"Denkmalpflege und Bauen im Bestand","article_modified_time":"2025-11-05T10:24:50+00:00","og_image":[{"width":2560,"height":1867,"url":"https:\/\/denkmalpflege.tuwien.ac.at\/wp-content\/uploads\/2024\/06\/Aytok_Titelbild_diplom-1-scaled.jpg","type":"image\/jpeg"}],"twitter_card":"summary_large_image","twitter_misc":{"Gesch\u00e4tzte Lesezeit":"2\u00a0Minuten"},"schema":{"@context":"https:\/\/schema.org","@graph":[{"@type":"WebPage","@id":"https:\/\/denkmalpflege.tuwien.ac.at\/index.php\/diplomarbeiten\/sevinc-aytok\/","url":"https:\/\/denkmalpflege.tuwien.ac.at\/index.php\/diplomarbeiten\/sevinc-aytok\/","name":"Sevinc Aytok - Denkmalpflege und Bauen im Bestand","isPartOf":{"@id":"https:\/\/denkmalpflege.tuwien.ac.at\/#website"},"primaryImageOfPage":{"@id":"https:\/\/denkmalpflege.tuwien.ac.at\/index.php\/diplomarbeiten\/sevinc-aytok\/#primaryimage"},"image":{"@id":"https:\/\/denkmalpflege.tuwien.ac.at\/index.php\/diplomarbeiten\/sevinc-aytok\/#primaryimage"},"thumbnailUrl":"http:\/\/denkmalpflege.tuwien.ac.at\/wp-content\/uploads\/2024\/06\/Aytok_Titelbild_diplom-1-1024x747.jpg","datePublished":"2024-06-14T09:00:35+00:00","dateModified":"2025-11-05T10:24:50+00:00","breadcrumb":{"@id":"https:\/\/denkmalpflege.tuwien.ac.at\/index.php\/diplomarbeiten\/sevinc-aytok\/#breadcrumb"},"inLanguage":"de","potentialAction":[{"@type":"ReadAction","target":["https:\/\/denkmalpflege.tuwien.ac.at\/index.php\/diplomarbeiten\/sevinc-aytok\/"]}]},{"@type":"ImageObject","inLanguage":"de","@id":"https:\/\/denkmalpflege.tuwien.ac.at\/index.php\/diplomarbeiten\/sevinc-aytok\/#primaryimage","url":"https:\/\/denkmalpflege.tuwien.ac.at\/wp-content\/uploads\/2024\/06\/Aytok_Titelbild_diplom-1-scaled.jpg","contentUrl":"https:\/\/denkmalpflege.tuwien.ac.at\/wp-content\/uploads\/2024\/06\/Aytok_Titelbild_diplom-1-scaled.jpg","width":2560,"height":1867},{"@type":"BreadcrumbList","@id":"https:\/\/denkmalpflege.tuwien.ac.at\/index.php\/diplomarbeiten\/sevinc-aytok\/#breadcrumb","itemListElement":[{"@type":"ListItem","position":1,"name":"Startseite","item":"https:\/\/denkmalpflege.tuwien.ac.at\/"},{"@type":"ListItem","position":2,"name":"Diplomarbeiten","item":"https:\/\/denkmalpflege.tuwien.ac.at\/index.php\/diplomarbeiten\/"},{"@type":"ListItem","position":3,"name":"Sevinc Aytok"}]},{"@type":"WebSite","@id":"https:\/\/denkmalpflege.tuwien.ac.at\/#website","url":"https:\/\/denkmalpflege.tuwien.ac.at\/","name":"Denkmalpflege und Bauen im Bestand","description":"Denkmalpflege TU Wien","publisher":{"@id":"https:\/\/denkmalpflege.tuwien.ac.at\/#organization"},"potentialAction":[{"@type":"SearchAction","target":{"@type":"EntryPoint","urlTemplate":"https:\/\/denkmalpflege.tuwien.ac.at\/?s={search_term_string}"},"query-input":{"@type":"PropertyValueSpecification","valueRequired":true,"valueName":"search_term_string"}}],"inLanguage":"de"},{"@type":"Organization","@id":"https:\/\/denkmalpflege.tuwien.ac.at\/#organization","name":"TU Wien Denkmalpflege und Bauen im Bestand","url":"https:\/\/denkmalpflege.tuwien.ac.at\/","logo":{"@type":"ImageObject","inLanguage":"de","@id":"https:\/\/denkmalpflege.tuwien.ac.at\/#\/schema\/logo\/image\/","url":"https:\/\/denkmalpflege.tuwien.ac.at\/wp-content\/uploads\/2019\/10\/Logo1.png","contentUrl":"https:\/\/denkmalpflege.tuwien.ac.at\/wp-content\/uploads\/2019\/10\/Logo1.png","width":222,"height":79,"caption":"TU Wien Denkmalpflege und Bauen im Bestand"},"image":{"@id":"https:\/\/denkmalpflege.tuwien.ac.at\/#\/schema\/logo\/image\/"}}]}},"_links":{"self":[{"href":"https:\/\/denkmalpflege.tuwien.ac.at\/index.php\/wp-json\/wp\/v2\/pages\/31210","targetHints":{"allow":["GET"]}}],"collection":[{"href":"https:\/\/denkmalpflege.tuwien.ac.at\/index.php\/wp-json\/wp\/v2\/pages"}],"about":[{"href":"https:\/\/denkmalpflege.tuwien.ac.at\/index.php\/wp-json\/wp\/v2\/types\/page"}],"author":[{"embeddable":true,"href":"https:\/\/denkmalpflege.tuwien.ac.at\/index.php\/wp-json\/wp\/v2\/users\/1"}],"replies":[{"embeddable":true,"href":"https:\/\/denkmalpflege.tuwien.ac.at\/index.php\/wp-json\/wp\/v2\/comments?post=31210"}],"version-history":[{"count":25,"href":"https:\/\/denkmalpflege.tuwien.ac.at\/index.php\/wp-json\/wp\/v2\/pages\/31210\/revisions"}],"predecessor-version":[{"id":35092,"href":"https:\/\/denkmalpflege.tuwien.ac.at\/index.php\/wp-json\/wp\/v2\/pages\/31210\/revisions\/35092"}],"up":[{"embeddable":true,"href":"https:\/\/denkmalpflege.tuwien.ac.at\/index.php\/wp-json\/wp\/v2\/pages\/26704"}],"wp:attachment":[{"href":"https:\/\/denkmalpflege.tuwien.ac.at\/index.php\/wp-json\/wp\/v2\/media?parent=31210"}],"curies":[{"name":"wp","href":"https:\/\/api.w.org\/{rel}","templated":true}]}}