{"id":30558,"date":"2024-03-14T14:10:32","date_gmt":"2024-03-14T13:10:32","guid":{"rendered":"https:\/\/denkmalpflege.tuwien.ac.at\/?page_id=30558"},"modified":"2024-03-14T14:16:52","modified_gmt":"2024-03-14T13:16:52","slug":"paul-pichler","status":"publish","type":"page","link":"https:\/\/denkmalpflege.tuwien.ac.at\/index.php\/diplomarbeiten\/paul-pichler\/","title":{"rendered":"Paul Pichler"},"content":{"rendered":"\t\t<div data-elementor-type=\"wp-page\" data-elementor-id=\"30558\" class=\"elementor elementor-30558\" data-elementor-post-type=\"page\">\n\t\t\t\t\t\t<section class=\"elementor-section elementor-top-section elementor-element elementor-element-bbe85d6 elementor-section-full_width elementor-section-height-default elementor-section-height-default\" data-id=\"bbe85d6\" data-element_type=\"section\">\n\t\t\t\t\t\t<div class=\"elementor-container elementor-column-gap-default\">\n\t\t\t\t\t<div class=\"elementor-column elementor-col-50 elementor-top-column elementor-element elementor-element-1e338a2\" data-id=\"1e338a2\" data-element_type=\"column\">\n\t\t\t<div class=\"elementor-widget-wrap elementor-element-populated\">\n\t\t\t\t\t\t<div class=\"elementor-element elementor-element-a0de740 elementor-widget elementor-widget-heading\" data-id=\"a0de740\" data-element_type=\"widget\" data-widget_type=\"heading.default\">\n\t\t\t\t<div class=\"elementor-widget-container\">\n\t\t\t\t\t<h2 class=\"elementor-heading-title elementor-size-default\"><a href=\"https:\/\/denkmalpflege.tuwien.ac.at\/index.php\/laufende-dipl-caviezel\/\">Arbeiten<\/a><\/h2>\t\t\t\t<\/div>\n\t\t\t\t<\/div>\n\t\t\t\t\t<\/div>\n\t\t<\/div>\n\t\t\t\t<div class=\"elementor-column elementor-col-50 elementor-top-column elementor-element elementor-element-cae148e\" data-id=\"cae148e\" data-element_type=\"column\">\n\t\t\t<div class=\"elementor-widget-wrap elementor-element-populated\">\n\t\t\t\t\t\t<div class=\"elementor-element elementor-element-fee3cb2 elementor-widget elementor-widget-heading\" data-id=\"fee3cb2\" data-element_type=\"widget\" data-widget_type=\"heading.default\">\n\t\t\t\t<div class=\"elementor-widget-container\">\n\t\t\t\t\t<h2 class=\"elementor-heading-title elementor-size-default\">Paul Pichler<\/h2>\t\t\t\t<\/div>\n\t\t\t\t<\/div>\n\t\t\t\t\t<\/div>\n\t\t<\/div>\n\t\t\t\t\t<\/div>\n\t\t<\/section>\n\t\t\t\t<section class=\"elementor-section elementor-top-section elementor-element elementor-element-183c939 elementor-section-full_width elementor-section-height-default elementor-section-height-default\" data-id=\"183c939\" data-element_type=\"section\">\n\t\t\t\t\t\t<div class=\"elementor-container elementor-column-gap-default\">\n\t\t\t\t\t<div class=\"elementor-column elementor-col-50 elementor-top-column elementor-element elementor-element-1e20845\" data-id=\"1e20845\" data-element_type=\"column\">\n\t\t\t<div class=\"elementor-widget-wrap elementor-element-populated\">\n\t\t\t\t\t\t<div class=\"elementor-element elementor-element-2d314a5 elementor-nav-menu__align-start elementor-nav-menu--dropdown-mobile elementor-nav-menu__text-align-aside elementor-nav-menu--toggle elementor-nav-menu--burger elementor-widget elementor-widget-nav-menu\" data-id=\"2d314a5\" data-element_type=\"widget\" data-settings=\"{&quot;layout&quot;:&quot;vertical&quot;,&quot;submenu_icon&quot;:{&quot;value&quot;:&quot;&lt;i class=\\&quot;\\&quot; aria-hidden=\\&quot;true\\&quot;&gt;&lt;\\\/i&gt;&quot;,&quot;library&quot;:&quot;&quot;},&quot;toggle&quot;:&quot;burger&quot;}\" data-widget_type=\"nav-menu.default\">\n\t\t\t\t<div class=\"elementor-widget-container\">\n\t\t\t\t\t\t\t\t<nav aria-label=\"Men\u00fc\" class=\"elementor-nav-menu--main elementor-nav-menu__container elementor-nav-menu--layout-vertical e--pointer-none\">\n\t\t\t\t<ul id=\"menu-1-2d314a5\" class=\"elementor-nav-menu sm-vertical\"><li class=\"menu-item menu-item-type-post_type menu-item-object-page menu-item-27442\"><a href=\"https:\/\/denkmalpflege.tuwien.ac.at\/index.php\/diplomarbeiten\/\" class=\"elementor-item\">Diplomarbeiten<\/a><\/li>\n<li class=\"menu-item menu-item-type-post_type menu-item-object-page menu-item-16203\"><a href=\"https:\/\/denkmalpflege.tuwien.ac.at\/index.php\/laufende-dissertationen\/\" class=\"elementor-item\">Dissertationen<\/a><\/li>\n<\/ul>\t\t\t<\/nav>\n\t\t\t\t\t<div class=\"elementor-menu-toggle\" role=\"button\" tabindex=\"0\" aria-label=\"Men\u00fc Umschalter\" aria-expanded=\"false\">\n\t\t\t<i aria-hidden=\"true\" role=\"presentation\" class=\"elementor-menu-toggle__icon--open eicon-menu-bar\"><\/i><i aria-hidden=\"true\" role=\"presentation\" class=\"elementor-menu-toggle__icon--close eicon-close\"><\/i>\t\t<\/div>\n\t\t\t\t\t<nav class=\"elementor-nav-menu--dropdown elementor-nav-menu__container\" aria-hidden=\"true\">\n\t\t\t\t<ul id=\"menu-2-2d314a5\" class=\"elementor-nav-menu sm-vertical\"><li class=\"menu-item menu-item-type-post_type menu-item-object-page menu-item-27442\"><a href=\"https:\/\/denkmalpflege.tuwien.ac.at\/index.php\/diplomarbeiten\/\" class=\"elementor-item\" tabindex=\"-1\">Diplomarbeiten<\/a><\/li>\n<li class=\"menu-item menu-item-type-post_type menu-item-object-page menu-item-16203\"><a href=\"https:\/\/denkmalpflege.tuwien.ac.at\/index.php\/laufende-dissertationen\/\" class=\"elementor-item\" tabindex=\"-1\">Dissertationen<\/a><\/li>\n<\/ul>\t\t\t<\/nav>\n\t\t\t\t\t\t<\/div>\n\t\t\t\t<\/div>\n\t\t\t\t<div class=\"elementor-element elementor-element-65ed606 elementor-widget elementor-widget-wp-widget-nav_menu\" data-id=\"65ed606\" data-element_type=\"widget\" data-widget_type=\"wp-widget-nav_menu.default\">\n\t\t\t\t<div class=\"elementor-widget-container\">\n\t\t\t\t\t<div class=\"menu-laufende-diplomarbeiten-container\"><ul id=\"menu-laufende-diplomarbeiten\" class=\"menu\"><li id=\"menu-item-28638\" class=\"menu-item menu-item-type-post_type menu-item-object-page menu-item-28638\"><a href=\"https:\/\/denkmalpflege.tuwien.ac.at\/index.php\/diplomarbeiten\/\">Zur\u00fcck<\/a><\/li>\n<\/ul><\/div>\t\t\t\t<\/div>\n\t\t\t\t<\/div>\n\t\t\t\t\t<\/div>\n\t\t<\/div>\n\t\t\t\t<div class=\"elementor-column elementor-col-50 elementor-top-column elementor-element elementor-element-d5fbf9c\" data-id=\"d5fbf9c\" data-element_type=\"column\">\n\t\t\t<div class=\"elementor-widget-wrap elementor-element-populated\">\n\t\t\t\t\t\t<div class=\"elementor-element elementor-element-9f6232c elementor-widget elementor-widget-text-editor\" data-id=\"9f6232c\" data-element_type=\"widget\" data-widget_type=\"text-editor.default\">\n\t\t\t\t<div class=\"elementor-widget-container\">\n\t\t\t\t\t\t\t\t\t<h2>AD32. Revitalisierung eines Handwerkerhauses in der N\u00fcrnberger Altstadt<\/h2>\t\t\t\t\t\t\t\t<\/div>\n\t\t\t\t<\/div>\n\t\t\t\t<div class=\"elementor-element elementor-element-c6f7611 elementor-widget elementor-widget-spacer\" data-id=\"c6f7611\" data-element_type=\"widget\" data-widget_type=\"spacer.default\">\n\t\t\t\t<div class=\"elementor-widget-container\">\n\t\t\t\t\t\t\t<div class=\"elementor-spacer\">\n\t\t\t<div class=\"elementor-spacer-inner\"><\/div>\n\t\t<\/div>\n\t\t\t\t\t\t<\/div>\n\t\t\t\t<\/div>\n\t\t\t\t<section class=\"elementor-section elementor-inner-section elementor-element elementor-element-b6a69c7 elementor-section-boxed elementor-section-height-default elementor-section-height-default\" data-id=\"b6a69c7\" data-element_type=\"section\">\n\t\t\t\t\t\t<div class=\"elementor-container elementor-column-gap-default\">\n\t\t\t\t\t<div class=\"elementor-column elementor-col-33 elementor-inner-column elementor-element elementor-element-aef8552\" data-id=\"aef8552\" data-element_type=\"column\">\n\t\t\t<div class=\"elementor-widget-wrap elementor-element-populated\">\n\t\t\t\t\t\t<div class=\"elementor-element elementor-element-c930fb4 elementor-widget elementor-widget-image\" data-id=\"c930fb4\" data-element_type=\"widget\" data-widget_type=\"image.default\">\n\t\t\t\t<div class=\"elementor-widget-container\">\n\t\t\t\t\t\t\t\t\t\t\t\t\t\t\t\t<a href=\"http:\/\/denkmalpflege.tuwien.ac.at\/wp-content\/uploads\/2024\/03\/Pichler-01-scaled.jpg\" data-elementor-open-lightbox=\"yes\" data-e-action-hash=\"#elementor-action%3Aaction%3Dlightbox%26settings%3DeyJpZCI6MzA1NjAsInVybCI6Imh0dHBzOlwvXC9kZW5rbWFscGZsZWdlLnR1d2llbi5hYy5hdFwvd3AtY29udGVudFwvdXBsb2Fkc1wvMjAyNFwvMDNcL1BpY2hsZXItMDEtc2NhbGVkLmpwZyJ9\">\n\t\t\t\t\t\t\t<img fetchpriority=\"high\" decoding=\"async\" width=\"853\" height=\"1024\" src=\"https:\/\/denkmalpflege.tuwien.ac.at\/wp-content\/uploads\/2024\/03\/Pichler-01-853x1024.jpg\" class=\"attachment-large size-large wp-image-30560\" alt=\"\" srcset=\"https:\/\/denkmalpflege.tuwien.ac.at\/wp-content\/uploads\/2024\/03\/Pichler-01-853x1024.jpg 853w, https:\/\/denkmalpflege.tuwien.ac.at\/wp-content\/uploads\/2024\/03\/Pichler-01-250x300.jpg 250w, https:\/\/denkmalpflege.tuwien.ac.at\/wp-content\/uploads\/2024\/03\/Pichler-01-768x922.jpg 768w, https:\/\/denkmalpflege.tuwien.ac.at\/wp-content\/uploads\/2024\/03\/Pichler-01-1280x1536.jpg 1280w, https:\/\/denkmalpflege.tuwien.ac.at\/wp-content\/uploads\/2024\/03\/Pichler-01-1707x2048.jpg 1707w, https:\/\/denkmalpflege.tuwien.ac.at\/wp-content\/uploads\/2024\/03\/Pichler-01-700x840.jpg 700w\" sizes=\"(max-width: 853px) 100vw, 853px\" \/>\t\t\t\t\t\t\t\t<\/a>\n\t\t\t\t\t\t\t\t\t\t\t\t\t\t\t<\/div>\n\t\t\t\t<\/div>\n\t\t\t\t\t<\/div>\n\t\t<\/div>\n\t\t\t\t<div class=\"elementor-column elementor-col-33 elementor-inner-column elementor-element elementor-element-3f0b3b2\" data-id=\"3f0b3b2\" data-element_type=\"column\">\n\t\t\t<div class=\"elementor-widget-wrap elementor-element-populated\">\n\t\t\t\t\t\t<div class=\"elementor-element elementor-element-a321c52 elementor-widget elementor-widget-image\" data-id=\"a321c52\" data-element_type=\"widget\" data-widget_type=\"image.default\">\n\t\t\t\t<div class=\"elementor-widget-container\">\n\t\t\t\t\t\t\t\t\t\t\t\t\t\t\t\t<a href=\"http:\/\/denkmalpflege.tuwien.ac.at\/wp-content\/uploads\/2024\/03\/Pichler-03.jpg\" data-elementor-open-lightbox=\"yes\" data-e-action-hash=\"#elementor-action%3Aaction%3Dlightbox%26settings%3DeyJpZCI6MzA1NjIsInVybCI6Imh0dHBzOlwvXC9kZW5rbWFscGZsZWdlLnR1d2llbi5hYy5hdFwvd3AtY29udGVudFwvdXBsb2Fkc1wvMjAyNFwvMDNcL1BpY2hsZXItMDMtc2NhbGVkLmpwZyJ9\">\n\t\t\t\t\t\t\t<img decoding=\"async\" width=\"853\" height=\"1024\" src=\"https:\/\/denkmalpflege.tuwien.ac.at\/wp-content\/uploads\/2024\/03\/Pichler-03-853x1024.jpg\" class=\"attachment-large size-large wp-image-30562\" alt=\"\" srcset=\"https:\/\/denkmalpflege.tuwien.ac.at\/wp-content\/uploads\/2024\/03\/Pichler-03-853x1024.jpg 853w, https:\/\/denkmalpflege.tuwien.ac.at\/wp-content\/uploads\/2024\/03\/Pichler-03-250x300.jpg 250w, https:\/\/denkmalpflege.tuwien.ac.at\/wp-content\/uploads\/2024\/03\/Pichler-03-768x922.jpg 768w, https:\/\/denkmalpflege.tuwien.ac.at\/wp-content\/uploads\/2024\/03\/Pichler-03-1280x1536.jpg 1280w, https:\/\/denkmalpflege.tuwien.ac.at\/wp-content\/uploads\/2024\/03\/Pichler-03-1707x2048.jpg 1707w, https:\/\/denkmalpflege.tuwien.ac.at\/wp-content\/uploads\/2024\/03\/Pichler-03-700x840.jpg 700w\" sizes=\"(max-width: 853px) 100vw, 853px\" \/>\t\t\t\t\t\t\t\t<\/a>\n\t\t\t\t\t\t\t\t\t\t\t\t\t\t\t<\/div>\n\t\t\t\t<\/div>\n\t\t\t\t\t<\/div>\n\t\t<\/div>\n\t\t\t\t<div class=\"elementor-column elementor-col-33 elementor-inner-column elementor-element elementor-element-c0743d8\" data-id=\"c0743d8\" data-element_type=\"column\">\n\t\t\t<div class=\"elementor-widget-wrap elementor-element-populated\">\n\t\t\t\t\t\t<div class=\"elementor-element elementor-element-57131f9 elementor-widget elementor-widget-image\" data-id=\"57131f9\" data-element_type=\"widget\" data-widget_type=\"image.default\">\n\t\t\t\t<div class=\"elementor-widget-container\">\n\t\t\t\t\t\t\t\t\t\t\t\t\t\t\t\t<a href=\"http:\/\/denkmalpflege.tuwien.ac.at\/wp-content\/uploads\/2024\/03\/Pichler-02-scaled.jpg\" data-elementor-open-lightbox=\"yes\" data-e-action-hash=\"#elementor-action%3Aaction%3Dlightbox%26settings%3DeyJpZCI6MzA1NjEsInVybCI6Imh0dHBzOlwvXC9kZW5rbWFscGZsZWdlLnR1d2llbi5hYy5hdFwvd3AtY29udGVudFwvdXBsb2Fkc1wvMjAyNFwvMDNcL1BpY2hsZXItMDItc2NhbGVkLmpwZyJ9\">\n\t\t\t\t\t\t\t<img decoding=\"async\" width=\"854\" height=\"1024\" src=\"https:\/\/denkmalpflege.tuwien.ac.at\/wp-content\/uploads\/2024\/03\/Pichler-02-854x1024.jpg\" class=\"attachment-large size-large wp-image-30561\" alt=\"\" srcset=\"https:\/\/denkmalpflege.tuwien.ac.at\/wp-content\/uploads\/2024\/03\/Pichler-02-854x1024.jpg 854w, https:\/\/denkmalpflege.tuwien.ac.at\/wp-content\/uploads\/2024\/03\/Pichler-02-250x300.jpg 250w, https:\/\/denkmalpflege.tuwien.ac.at\/wp-content\/uploads\/2024\/03\/Pichler-02-768x921.jpg 768w, https:\/\/denkmalpflege.tuwien.ac.at\/wp-content\/uploads\/2024\/03\/Pichler-02-1280x1536.jpg 1280w, https:\/\/denkmalpflege.tuwien.ac.at\/wp-content\/uploads\/2024\/03\/Pichler-02-1707x2048.jpg 1707w, https:\/\/denkmalpflege.tuwien.ac.at\/wp-content\/uploads\/2024\/03\/Pichler-02-700x840.jpg 700w\" sizes=\"(max-width: 854px) 100vw, 854px\" \/>\t\t\t\t\t\t\t\t<\/a>\n\t\t\t\t\t\t\t\t\t\t\t\t\t\t\t<\/div>\n\t\t\t\t<\/div>\n\t\t\t\t\t<\/div>\n\t\t<\/div>\n\t\t\t\t\t<\/div>\n\t\t<\/section>\n\t\t\t\t<div class=\"elementor-element elementor-element-828e6e6 elementor-widget elementor-widget-spacer\" data-id=\"828e6e6\" data-element_type=\"widget\" data-widget_type=\"spacer.default\">\n\t\t\t\t<div class=\"elementor-widget-container\">\n\t\t\t\t\t\t\t<div class=\"elementor-spacer\">\n\t\t\t<div class=\"elementor-spacer-inner\"><\/div>\n\t\t<\/div>\n\t\t\t\t\t\t<\/div>\n\t\t\t\t<\/div>\n\t\t\t\t<div class=\"elementor-element elementor-element-8b2166f elementor-widget elementor-widget-text-editor\" data-id=\"8b2166f\" data-element_type=\"widget\" data-widget_type=\"text-editor.default\">\n\t\t\t\t<div class=\"elementor-widget-container\">\n\t\t\t\t\t\t\t\t\t<p>Etwa 50 km s\u00fcd\u00f6stlich von Wien befindet sich im Triestingtal das gro\u00dfe Kloster Klein-Mariazell in der gleichnamigen Ortschaft. Nahe dem Wirtschaftstrakt des Klosters entstand im sp\u00e4ten 19. Jahrhundert ein kleiner Sch\u00fcttkasten, der heute ohne Nutzung ist und im Fokus dieser Diplomarbeit steht. Das zweigescho\u00dfige Geb\u00e4ude hat eine Grundfl\u00e4che von etwa 250 m\u00b2 und vereinte im Inneren urspr\u00fcnglich zwei Funktionen \u2013 n\u00e4mlich eine Werkstatt im Erdgescho\u00df und dar\u00fcber eine Nutzung als Speicherbau.<\/p><p>Im Zuge der Arbeit sollen durch eine gr\u00fcndliche Bestandsaufnahme und einen Vergleich mit anderen Sch\u00fcttk\u00e4sten Nieder\u00f6sterreichs die Charakteristika dieses Speicherbaus erarbeitet und bewertet werden. Als Ergebnis der Arbeit soll ein Nutzungskonzept mit realistischem und nachhaltigem Nachnutzungsszenario entwickelt werden, das gemeinsam mit der denkmalpflegerischen Analyse und Bewertung in einen architektonischen Entwurf einflie\u00dfen soll.<\/p><p>Der Entwurf soll die in Nieder\u00f6sterreich heute f\u00fcr gro\u00dfe Sch\u00fcttk\u00e4sten vielfach etablierte Nachnutzung mit \u00f6ffentlicher Funktion (Archiv, Event-Location, etc.) hinterfragen, die in Klein-Mariazell bereits durch andere Geb\u00e4ude gestillt ist. Welche Nutzung ist in dem ehemaligen Sch\u00fcttkasten m\u00f6glich \u2013 wie kann der Bestand adaptiert werden?<\/p>\t\t\t\t\t\t\t\t<\/div>\n\t\t\t\t<\/div>\n\t\t\t\t\t<\/div>\n\t\t<\/div>\n\t\t\t\t\t<\/div>\n\t\t<\/section>\n\t\t\t\t<\/div>\n\t\t","protected":false},"excerpt":{"rendered":"<p>Arbeiten Paul Pichler AD32. Revitalisierung eines Handwerkerhauses in der N\u00fcrnberger Altstadt Etwa 50 km s\u00fcd\u00f6stlich von Wien befindet sich im Triestingtal das gro\u00dfe Kloster Klein-Mariazell in der gleichnamigen Ortschaft. Nahe dem Wirtschaftstrakt des Klosters entstand im sp\u00e4ten 19. Jahrhundert ein kleiner Sch\u00fcttkasten, der heute ohne Nutzung ist und im Fokus dieser Diplomarbeit steht. Das zweigescho\u00dfige Geb\u00e4ude hat eine Grundfl\u00e4che von etwa 250 m\u00b2 und vereinte im Inneren urspr\u00fcnglich zwei Funktionen<\/p>\n<div class=\"belowpost\"><a class=\"btnmore icon-arrow\" href=\"https:\/\/denkmalpflege.tuwien.ac.at\/index.php\/diplomarbeiten\/paul-pichler\/\"><span>Read More<\/span><\/a><\/div>\n","protected":false},"author":1,"featured_media":0,"parent":26704,"menu_order":0,"comment_status":"closed","ping_status":"closed","template":"","meta":{"footnotes":""},"class_list":["post-30558","page","type-page","status-publish","hentry"],"yoast_head":"<!-- This site is optimized with the Yoast SEO plugin v26.0 - https:\/\/yoast.com\/wordpress\/plugins\/seo\/ -->\n<title>Paul Pichler - Denkmalpflege und Bauen im Bestand<\/title>\n<meta name=\"robots\" content=\"index, follow, max-snippet:-1, max-image-preview:large, max-video-preview:-1\" \/>\n<link rel=\"canonical\" href=\"https:\/\/denkmalpflege.tuwien.ac.at\/index.php\/diplomarbeiten\/paul-pichler\/\" \/>\n<meta property=\"og:locale\" content=\"de_DE\" \/>\n<meta property=\"og:type\" content=\"article\" \/>\n<meta property=\"og:title\" content=\"Paul Pichler - Denkmalpflege und Bauen im Bestand\" \/>\n<meta property=\"og:description\" content=\"Arbeiten Paul Pichler AD32. Revitalisierung eines Handwerkerhauses in der N\u00fcrnberger Altstadt Etwa 50 km s\u00fcd\u00f6stlich von Wien befindet sich im Triestingtal das gro\u00dfe Kloster Klein-Mariazell in der gleichnamigen Ortschaft. Nahe dem Wirtschaftstrakt des Klosters entstand im sp\u00e4ten 19. Jahrhundert ein kleiner Sch\u00fcttkasten, der heute ohne Nutzung ist und im Fokus dieser Diplomarbeit steht. Das zweigescho\u00dfige Geb\u00e4ude hat eine Grundfl\u00e4che von etwa 250 m\u00b2 und vereinte im Inneren urspr\u00fcnglich zwei FunktionenRead More\" \/>\n<meta property=\"og:url\" content=\"https:\/\/denkmalpflege.tuwien.ac.at\/index.php\/diplomarbeiten\/paul-pichler\/\" \/>\n<meta property=\"og:site_name\" content=\"Denkmalpflege und Bauen im Bestand\" \/>\n<meta property=\"article:modified_time\" content=\"2024-03-14T13:16:52+00:00\" \/>\n<meta property=\"og:image\" content=\"http:\/\/denkmalpflege.tuwien.ac.at\/wp-content\/uploads\/2024\/03\/Pichler-01-853x1024.jpg\" \/>\n<meta name=\"twitter:card\" content=\"summary_large_image\" \/>\n<meta name=\"twitter:label1\" content=\"Gesch\u00e4tzte Lesezeit\" \/>\n\t<meta name=\"twitter:data1\" content=\"1\u00a0Minute\" \/>\n<script type=\"application\/ld+json\" class=\"yoast-schema-graph\">{\"@context\":\"https:\/\/schema.org\",\"@graph\":[{\"@type\":\"WebPage\",\"@id\":\"https:\/\/denkmalpflege.tuwien.ac.at\/index.php\/diplomarbeiten\/paul-pichler\/\",\"url\":\"https:\/\/denkmalpflege.tuwien.ac.at\/index.php\/diplomarbeiten\/paul-pichler\/\",\"name\":\"Paul Pichler - Denkmalpflege und Bauen im Bestand\",\"isPartOf\":{\"@id\":\"https:\/\/denkmalpflege.tuwien.ac.at\/#website\"},\"primaryImageOfPage\":{\"@id\":\"https:\/\/denkmalpflege.tuwien.ac.at\/index.php\/diplomarbeiten\/paul-pichler\/#primaryimage\"},\"image\":{\"@id\":\"https:\/\/denkmalpflege.tuwien.ac.at\/index.php\/diplomarbeiten\/paul-pichler\/#primaryimage\"},\"thumbnailUrl\":\"http:\/\/denkmalpflege.tuwien.ac.at\/wp-content\/uploads\/2024\/03\/Pichler-01-853x1024.jpg\",\"datePublished\":\"2024-03-14T13:10:32+00:00\",\"dateModified\":\"2024-03-14T13:16:52+00:00\",\"breadcrumb\":{\"@id\":\"https:\/\/denkmalpflege.tuwien.ac.at\/index.php\/diplomarbeiten\/paul-pichler\/#breadcrumb\"},\"inLanguage\":\"de\",\"potentialAction\":[{\"@type\":\"ReadAction\",\"target\":[\"https:\/\/denkmalpflege.tuwien.ac.at\/index.php\/diplomarbeiten\/paul-pichler\/\"]}]},{\"@type\":\"ImageObject\",\"inLanguage\":\"de\",\"@id\":\"https:\/\/denkmalpflege.tuwien.ac.at\/index.php\/diplomarbeiten\/paul-pichler\/#primaryimage\",\"url\":\"https:\/\/denkmalpflege.tuwien.ac.at\/wp-content\/uploads\/2024\/03\/Pichler-01-scaled.jpg\",\"contentUrl\":\"https:\/\/denkmalpflege.tuwien.ac.at\/wp-content\/uploads\/2024\/03\/Pichler-01-scaled.jpg\",\"width\":2133,\"height\":2560},{\"@type\":\"BreadcrumbList\",\"@id\":\"https:\/\/denkmalpflege.tuwien.ac.at\/index.php\/diplomarbeiten\/paul-pichler\/#breadcrumb\",\"itemListElement\":[{\"@type\":\"ListItem\",\"position\":1,\"name\":\"Startseite\",\"item\":\"https:\/\/denkmalpflege.tuwien.ac.at\/\"},{\"@type\":\"ListItem\",\"position\":2,\"name\":\"Diplomarbeiten\",\"item\":\"https:\/\/denkmalpflege.tuwien.ac.at\/index.php\/diplomarbeiten\/\"},{\"@type\":\"ListItem\",\"position\":3,\"name\":\"Paul Pichler\"}]},{\"@type\":\"WebSite\",\"@id\":\"https:\/\/denkmalpflege.tuwien.ac.at\/#website\",\"url\":\"https:\/\/denkmalpflege.tuwien.ac.at\/\",\"name\":\"Denkmalpflege und Bauen im Bestand\",\"description\":\"Denkmalpflege TU Wien\",\"publisher\":{\"@id\":\"https:\/\/denkmalpflege.tuwien.ac.at\/#organization\"},\"potentialAction\":[{\"@type\":\"SearchAction\",\"target\":{\"@type\":\"EntryPoint\",\"urlTemplate\":\"https:\/\/denkmalpflege.tuwien.ac.at\/?s={search_term_string}\"},\"query-input\":{\"@type\":\"PropertyValueSpecification\",\"valueRequired\":true,\"valueName\":\"search_term_string\"}}],\"inLanguage\":\"de\"},{\"@type\":\"Organization\",\"@id\":\"https:\/\/denkmalpflege.tuwien.ac.at\/#organization\",\"name\":\"TU Wien Denkmalpflege und Bauen im Bestand\",\"url\":\"https:\/\/denkmalpflege.tuwien.ac.at\/\",\"logo\":{\"@type\":\"ImageObject\",\"inLanguage\":\"de\",\"@id\":\"https:\/\/denkmalpflege.tuwien.ac.at\/#\/schema\/logo\/image\/\",\"url\":\"https:\/\/denkmalpflege.tuwien.ac.at\/wp-content\/uploads\/2019\/10\/Logo1.png\",\"contentUrl\":\"https:\/\/denkmalpflege.tuwien.ac.at\/wp-content\/uploads\/2019\/10\/Logo1.png\",\"width\":222,\"height\":79,\"caption\":\"TU Wien Denkmalpflege und Bauen im Bestand\"},\"image\":{\"@id\":\"https:\/\/denkmalpflege.tuwien.ac.at\/#\/schema\/logo\/image\/\"}}]}<\/script>\n<!-- \/ Yoast SEO plugin. -->","yoast_head_json":{"title":"Paul Pichler - Denkmalpflege und Bauen im Bestand","robots":{"index":"index","follow":"follow","max-snippet":"max-snippet:-1","max-image-preview":"max-image-preview:large","max-video-preview":"max-video-preview:-1"},"canonical":"https:\/\/denkmalpflege.tuwien.ac.at\/index.php\/diplomarbeiten\/paul-pichler\/","og_locale":"de_DE","og_type":"article","og_title":"Paul Pichler - Denkmalpflege und Bauen im Bestand","og_description":"Arbeiten Paul Pichler AD32. Revitalisierung eines Handwerkerhauses in der N\u00fcrnberger Altstadt Etwa 50 km s\u00fcd\u00f6stlich von Wien befindet sich im Triestingtal das gro\u00dfe Kloster Klein-Mariazell in der gleichnamigen Ortschaft. Nahe dem Wirtschaftstrakt des Klosters entstand im sp\u00e4ten 19. Jahrhundert ein kleiner Sch\u00fcttkasten, der heute ohne Nutzung ist und im Fokus dieser Diplomarbeit steht. Das zweigescho\u00dfige Geb\u00e4ude hat eine Grundfl\u00e4che von etwa 250 m\u00b2 und vereinte im Inneren urspr\u00fcnglich zwei FunktionenRead More","og_url":"https:\/\/denkmalpflege.tuwien.ac.at\/index.php\/diplomarbeiten\/paul-pichler\/","og_site_name":"Denkmalpflege und Bauen im Bestand","article_modified_time":"2024-03-14T13:16:52+00:00","og_image":[{"url":"http:\/\/denkmalpflege.tuwien.ac.at\/wp-content\/uploads\/2024\/03\/Pichler-01-853x1024.jpg","type":"","width":"","height":""}],"twitter_card":"summary_large_image","twitter_misc":{"Gesch\u00e4tzte Lesezeit":"1\u00a0Minute"},"schema":{"@context":"https:\/\/schema.org","@graph":[{"@type":"WebPage","@id":"https:\/\/denkmalpflege.tuwien.ac.at\/index.php\/diplomarbeiten\/paul-pichler\/","url":"https:\/\/denkmalpflege.tuwien.ac.at\/index.php\/diplomarbeiten\/paul-pichler\/","name":"Paul Pichler - Denkmalpflege und Bauen im Bestand","isPartOf":{"@id":"https:\/\/denkmalpflege.tuwien.ac.at\/#website"},"primaryImageOfPage":{"@id":"https:\/\/denkmalpflege.tuwien.ac.at\/index.php\/diplomarbeiten\/paul-pichler\/#primaryimage"},"image":{"@id":"https:\/\/denkmalpflege.tuwien.ac.at\/index.php\/diplomarbeiten\/paul-pichler\/#primaryimage"},"thumbnailUrl":"http:\/\/denkmalpflege.tuwien.ac.at\/wp-content\/uploads\/2024\/03\/Pichler-01-853x1024.jpg","datePublished":"2024-03-14T13:10:32+00:00","dateModified":"2024-03-14T13:16:52+00:00","breadcrumb":{"@id":"https:\/\/denkmalpflege.tuwien.ac.at\/index.php\/diplomarbeiten\/paul-pichler\/#breadcrumb"},"inLanguage":"de","potentialAction":[{"@type":"ReadAction","target":["https:\/\/denkmalpflege.tuwien.ac.at\/index.php\/diplomarbeiten\/paul-pichler\/"]}]},{"@type":"ImageObject","inLanguage":"de","@id":"https:\/\/denkmalpflege.tuwien.ac.at\/index.php\/diplomarbeiten\/paul-pichler\/#primaryimage","url":"https:\/\/denkmalpflege.tuwien.ac.at\/wp-content\/uploads\/2024\/03\/Pichler-01-scaled.jpg","contentUrl":"https:\/\/denkmalpflege.tuwien.ac.at\/wp-content\/uploads\/2024\/03\/Pichler-01-scaled.jpg","width":2133,"height":2560},{"@type":"BreadcrumbList","@id":"https:\/\/denkmalpflege.tuwien.ac.at\/index.php\/diplomarbeiten\/paul-pichler\/#breadcrumb","itemListElement":[{"@type":"ListItem","position":1,"name":"Startseite","item":"https:\/\/denkmalpflege.tuwien.ac.at\/"},{"@type":"ListItem","position":2,"name":"Diplomarbeiten","item":"https:\/\/denkmalpflege.tuwien.ac.at\/index.php\/diplomarbeiten\/"},{"@type":"ListItem","position":3,"name":"Paul Pichler"}]},{"@type":"WebSite","@id":"https:\/\/denkmalpflege.tuwien.ac.at\/#website","url":"https:\/\/denkmalpflege.tuwien.ac.at\/","name":"Denkmalpflege und Bauen im Bestand","description":"Denkmalpflege TU Wien","publisher":{"@id":"https:\/\/denkmalpflege.tuwien.ac.at\/#organization"},"potentialAction":[{"@type":"SearchAction","target":{"@type":"EntryPoint","urlTemplate":"https:\/\/denkmalpflege.tuwien.ac.at\/?s={search_term_string}"},"query-input":{"@type":"PropertyValueSpecification","valueRequired":true,"valueName":"search_term_string"}}],"inLanguage":"de"},{"@type":"Organization","@id":"https:\/\/denkmalpflege.tuwien.ac.at\/#organization","name":"TU Wien Denkmalpflege und Bauen im Bestand","url":"https:\/\/denkmalpflege.tuwien.ac.at\/","logo":{"@type":"ImageObject","inLanguage":"de","@id":"https:\/\/denkmalpflege.tuwien.ac.at\/#\/schema\/logo\/image\/","url":"https:\/\/denkmalpflege.tuwien.ac.at\/wp-content\/uploads\/2019\/10\/Logo1.png","contentUrl":"https:\/\/denkmalpflege.tuwien.ac.at\/wp-content\/uploads\/2019\/10\/Logo1.png","width":222,"height":79,"caption":"TU Wien Denkmalpflege und Bauen im Bestand"},"image":{"@id":"https:\/\/denkmalpflege.tuwien.ac.at\/#\/schema\/logo\/image\/"}}]}},"_links":{"self":[{"href":"https:\/\/denkmalpflege.tuwien.ac.at\/index.php\/wp-json\/wp\/v2\/pages\/30558","targetHints":{"allow":["GET"]}}],"collection":[{"href":"https:\/\/denkmalpflege.tuwien.ac.at\/index.php\/wp-json\/wp\/v2\/pages"}],"about":[{"href":"https:\/\/denkmalpflege.tuwien.ac.at\/index.php\/wp-json\/wp\/v2\/types\/page"}],"author":[{"embeddable":true,"href":"https:\/\/denkmalpflege.tuwien.ac.at\/index.php\/wp-json\/wp\/v2\/users\/1"}],"replies":[{"embeddable":true,"href":"https:\/\/denkmalpflege.tuwien.ac.at\/index.php\/wp-json\/wp\/v2\/comments?post=30558"}],"version-history":[{"count":4,"href":"https:\/\/denkmalpflege.tuwien.ac.at\/index.php\/wp-json\/wp\/v2\/pages\/30558\/revisions"}],"predecessor-version":[{"id":30565,"href":"https:\/\/denkmalpflege.tuwien.ac.at\/index.php\/wp-json\/wp\/v2\/pages\/30558\/revisions\/30565"}],"up":[{"embeddable":true,"href":"https:\/\/denkmalpflege.tuwien.ac.at\/index.php\/wp-json\/wp\/v2\/pages\/26704"}],"wp:attachment":[{"href":"https:\/\/denkmalpflege.tuwien.ac.at\/index.php\/wp-json\/wp\/v2\/media?parent=30558"}],"curies":[{"name":"wp","href":"https:\/\/api.w.org\/{rel}","templated":true}]}}