{"id":29475,"date":"2023-12-18T10:30:36","date_gmt":"2023-12-18T09:30:36","guid":{"rendered":"https:\/\/denkmalpflege.tuwien.ac.at\/?page_id=29475"},"modified":"2025-11-05T11:25:33","modified_gmt":"2025-11-05T10:25:33","slug":"marcel-kromp","status":"publish","type":"page","link":"https:\/\/denkmalpflege.tuwien.ac.at\/index.php\/marcel-kromp\/","title":{"rendered":"Marcel Kromp"},"content":{"rendered":"\t\t<div data-elementor-type=\"wp-page\" data-elementor-id=\"29475\" class=\"elementor elementor-29475\" data-elementor-post-type=\"page\">\n\t\t\t\t\t\t<section class=\"elementor-section elementor-top-section elementor-element elementor-element-bbe85d6 elementor-section-full_width elementor-section-height-default elementor-section-height-default\" data-id=\"bbe85d6\" data-element_type=\"section\">\n\t\t\t\t\t\t<div class=\"elementor-container elementor-column-gap-default\">\n\t\t\t\t\t<div class=\"elementor-column elementor-col-50 elementor-top-column elementor-element elementor-element-1e338a2\" data-id=\"1e338a2\" data-element_type=\"column\">\n\t\t\t<div class=\"elementor-widget-wrap elementor-element-populated\">\n\t\t\t\t\t\t<div class=\"elementor-element elementor-element-a0de740 elementor-widget elementor-widget-heading\" data-id=\"a0de740\" data-element_type=\"widget\" data-widget_type=\"heading.default\">\n\t\t\t\t<div class=\"elementor-widget-container\">\n\t\t\t\t\t<h2 class=\"elementor-heading-title elementor-size-default\"><a href=\"https:\/\/denkmalpflege.tuwien.ac.at\/index.php\/laufende-dipl-caviezel\/\">Arbeiten<\/a><\/h2>\t\t\t\t<\/div>\n\t\t\t\t<\/div>\n\t\t\t\t\t<\/div>\n\t\t<\/div>\n\t\t\t\t<div class=\"elementor-column elementor-col-50 elementor-top-column elementor-element elementor-element-cae148e\" data-id=\"cae148e\" data-element_type=\"column\">\n\t\t\t<div class=\"elementor-widget-wrap elementor-element-populated\">\n\t\t\t\t\t\t<div class=\"elementor-element elementor-element-fee3cb2 elementor-widget elementor-widget-heading\" data-id=\"fee3cb2\" data-element_type=\"widget\" data-widget_type=\"heading.default\">\n\t\t\t\t<div class=\"elementor-widget-container\">\n\t\t\t\t\t<h2 class=\"elementor-heading-title elementor-size-default\">Marcel HIRSCH<span style=\"float: right\"> 2023\/24<\/span>\n<\/h2>\t\t\t\t<\/div>\n\t\t\t\t<\/div>\n\t\t\t\t\t<\/div>\n\t\t<\/div>\n\t\t\t\t\t<\/div>\n\t\t<\/section>\n\t\t\t\t<section class=\"elementor-section elementor-top-section elementor-element elementor-element-183c939 elementor-section-full_width elementor-section-height-default elementor-section-height-default\" data-id=\"183c939\" data-element_type=\"section\">\n\t\t\t\t\t\t<div class=\"elementor-container elementor-column-gap-default\">\n\t\t\t\t\t<div class=\"elementor-column elementor-col-50 elementor-top-column elementor-element elementor-element-1e20845\" data-id=\"1e20845\" data-element_type=\"column\">\n\t\t\t<div class=\"elementor-widget-wrap elementor-element-populated\">\n\t\t\t\t\t\t<div class=\"elementor-element elementor-element-2d314a5 elementor-nav-menu__align-start elementor-nav-menu--dropdown-mobile elementor-nav-menu__text-align-aside elementor-nav-menu--toggle elementor-nav-menu--burger elementor-widget elementor-widget-nav-menu\" data-id=\"2d314a5\" data-element_type=\"widget\" data-settings=\"{&quot;layout&quot;:&quot;vertical&quot;,&quot;submenu_icon&quot;:{&quot;value&quot;:&quot;&lt;i class=\\&quot;\\&quot; aria-hidden=\\&quot;true\\&quot;&gt;&lt;\\\/i&gt;&quot;,&quot;library&quot;:&quot;&quot;},&quot;toggle&quot;:&quot;burger&quot;}\" data-widget_type=\"nav-menu.default\">\n\t\t\t\t<div class=\"elementor-widget-container\">\n\t\t\t\t\t\t\t\t<nav aria-label=\"Men\u00fc\" class=\"elementor-nav-menu--main elementor-nav-menu__container elementor-nav-menu--layout-vertical e--pointer-none\">\n\t\t\t\t<ul id=\"menu-1-2d314a5\" class=\"elementor-nav-menu sm-vertical\"><li class=\"menu-item menu-item-type-post_type menu-item-object-page menu-item-27442\"><a href=\"https:\/\/denkmalpflege.tuwien.ac.at\/index.php\/diplomarbeiten\/\" class=\"elementor-item\">Diplomarbeiten<\/a><\/li>\n<li class=\"menu-item menu-item-type-post_type menu-item-object-page menu-item-16203\"><a href=\"https:\/\/denkmalpflege.tuwien.ac.at\/index.php\/laufende-dissertationen\/\" class=\"elementor-item\">Dissertationen<\/a><\/li>\n<\/ul>\t\t\t<\/nav>\n\t\t\t\t\t<div class=\"elementor-menu-toggle\" role=\"button\" tabindex=\"0\" aria-label=\"Men\u00fc Umschalter\" aria-expanded=\"false\">\n\t\t\t<i aria-hidden=\"true\" role=\"presentation\" class=\"elementor-menu-toggle__icon--open eicon-menu-bar\"><\/i><i aria-hidden=\"true\" role=\"presentation\" class=\"elementor-menu-toggle__icon--close eicon-close\"><\/i>\t\t<\/div>\n\t\t\t\t\t<nav class=\"elementor-nav-menu--dropdown elementor-nav-menu__container\" aria-hidden=\"true\">\n\t\t\t\t<ul id=\"menu-2-2d314a5\" class=\"elementor-nav-menu sm-vertical\"><li class=\"menu-item menu-item-type-post_type menu-item-object-page menu-item-27442\"><a href=\"https:\/\/denkmalpflege.tuwien.ac.at\/index.php\/diplomarbeiten\/\" class=\"elementor-item\" tabindex=\"-1\">Diplomarbeiten<\/a><\/li>\n<li class=\"menu-item menu-item-type-post_type menu-item-object-page menu-item-16203\"><a href=\"https:\/\/denkmalpflege.tuwien.ac.at\/index.php\/laufende-dissertationen\/\" class=\"elementor-item\" tabindex=\"-1\">Dissertationen<\/a><\/li>\n<\/ul>\t\t\t<\/nav>\n\t\t\t\t\t\t<\/div>\n\t\t\t\t<\/div>\n\t\t\t\t<div class=\"elementor-element elementor-element-65ed606 elementor-widget elementor-widget-wp-widget-nav_menu\" data-id=\"65ed606\" data-element_type=\"widget\" data-widget_type=\"wp-widget-nav_menu.default\">\n\t\t\t\t<div class=\"elementor-widget-container\">\n\t\t\t\t\t<div class=\"menu-laufende-diplomarbeiten-container\"><ul id=\"menu-laufende-diplomarbeiten\" class=\"menu\"><li id=\"menu-item-28638\" class=\"menu-item menu-item-type-post_type menu-item-object-page menu-item-28638\"><a href=\"https:\/\/denkmalpflege.tuwien.ac.at\/index.php\/diplomarbeiten\/\">Zur\u00fcck<\/a><\/li>\n<\/ul><\/div>\t\t\t\t<\/div>\n\t\t\t\t<\/div>\n\t\t\t\t\t<\/div>\n\t\t<\/div>\n\t\t\t\t<div class=\"elementor-column elementor-col-50 elementor-top-column elementor-element elementor-element-d5fbf9c\" data-id=\"d5fbf9c\" data-element_type=\"column\">\n\t\t\t<div class=\"elementor-widget-wrap elementor-element-populated\">\n\t\t\t\t\t\t<div class=\"elementor-element elementor-element-9f6232c elementor-widget elementor-widget-text-editor\" data-id=\"9f6232c\" data-element_type=\"widget\" data-widget_type=\"text-editor.default\">\n\t\t\t\t<div class=\"elementor-widget-container\">\n\t\t\t\t\t\t\t\t\t<h2>Zeitzeugen M\u00fcrzzuschlags \u2013 Ratsburg und Hotel Post<\/h2>\t\t\t\t\t\t\t\t<\/div>\n\t\t\t\t<\/div>\n\t\t\t\t<div class=\"elementor-element elementor-element-7d43c27 elementor-widget elementor-widget-text-editor\" data-id=\"7d43c27\" data-element_type=\"widget\" data-widget_type=\"text-editor.default\">\n\t\t\t\t<div class=\"elementor-widget-container\">\n\t\t\t\t\t\t\t\t\t<p>Betreuung: Heike Oevermann<br \/>Die ver\u00f6ffentlichte Diplomarbeit finden\u00a0Sie\u00a0<span style=\"text-decoration: underline;\"><a href=\"https:\/\/repositum.tuwien.at\/handle\/20.500.12708\/205889\">hier<\/a><\/span>.<\/p>\t\t\t\t\t\t\t\t<\/div>\n\t\t\t\t<\/div>\n\t\t\t\t<div class=\"elementor-element elementor-element-c6f7611 elementor-widget elementor-widget-spacer\" data-id=\"c6f7611\" data-element_type=\"widget\" data-widget_type=\"spacer.default\">\n\t\t\t\t<div class=\"elementor-widget-container\">\n\t\t\t\t\t\t\t<div class=\"elementor-spacer\">\n\t\t\t<div class=\"elementor-spacer-inner\"><\/div>\n\t\t<\/div>\n\t\t\t\t\t\t<\/div>\n\t\t\t\t<\/div>\n\t\t\t\t<section class=\"elementor-section elementor-inner-section elementor-element elementor-element-1bedb36 elementor-section-full_width elementor-section-height-default elementor-section-height-default\" data-id=\"1bedb36\" data-element_type=\"section\">\n\t\t\t\t\t\t<div class=\"elementor-container elementor-column-gap-default\">\n\t\t\t\t\t<div class=\"elementor-column elementor-col-100 elementor-inner-column elementor-element elementor-element-2faac0e\" data-id=\"2faac0e\" data-element_type=\"column\">\n\t\t\t<div class=\"elementor-widget-wrap elementor-element-populated\">\n\t\t\t\t\t\t<div class=\"elementor-element elementor-element-689690c elementor-widget elementor-widget-image\" data-id=\"689690c\" data-element_type=\"widget\" data-widget_type=\"image.default\">\n\t\t\t\t<div class=\"elementor-widget-container\">\n\t\t\t\t\t\t\t\t\t\t\t\t\t\t\t<img fetchpriority=\"high\" decoding=\"async\" width=\"1000\" height=\"729\" src=\"https:\/\/denkmalpflege.tuwien.ac.at\/wp-content\/uploads\/2024\/02\/Diplomarbeiten-Titelbild-Kromp1-1024x747.jpg\" class=\"attachment-large size-large wp-image-30296\" alt=\"\" srcset=\"https:\/\/denkmalpflege.tuwien.ac.at\/wp-content\/uploads\/2024\/02\/Diplomarbeiten-Titelbild-Kromp1-1024x747.jpg 1024w, https:\/\/denkmalpflege.tuwien.ac.at\/wp-content\/uploads\/2024\/02\/Diplomarbeiten-Titelbild-Kromp1-300x219.jpg 300w, https:\/\/denkmalpflege.tuwien.ac.at\/wp-content\/uploads\/2024\/02\/Diplomarbeiten-Titelbild-Kromp1-768x560.jpg 768w, https:\/\/denkmalpflege.tuwien.ac.at\/wp-content\/uploads\/2024\/02\/Diplomarbeiten-Titelbild-Kromp1-1536x1120.jpg 1536w, https:\/\/denkmalpflege.tuwien.ac.at\/wp-content\/uploads\/2024\/02\/Diplomarbeiten-Titelbild-Kromp1-2048x1493.jpg 2048w, https:\/\/denkmalpflege.tuwien.ac.at\/wp-content\/uploads\/2024\/02\/Diplomarbeiten-Titelbild-Kromp1-700x510.jpg 700w\" sizes=\"(max-width: 1000px) 100vw, 1000px\" \/>\t\t\t\t\t\t\t\t\t\t\t\t\t\t\t<\/div>\n\t\t\t\t<\/div>\n\t\t\t\t<div class=\"elementor-element elementor-element-9a403f9 elementor-widget elementor-widget-spacer\" data-id=\"9a403f9\" data-element_type=\"widget\" data-widget_type=\"spacer.default\">\n\t\t\t\t<div class=\"elementor-widget-container\">\n\t\t\t\t\t\t\t<div class=\"elementor-spacer\">\n\t\t\t<div class=\"elementor-spacer-inner\"><\/div>\n\t\t<\/div>\n\t\t\t\t\t\t<\/div>\n\t\t\t\t<\/div>\n\t\t\t\t\t<\/div>\n\t\t<\/div>\n\t\t\t\t\t<\/div>\n\t\t<\/section>\n\t\t\t\t<div class=\"elementor-element elementor-element-8b2166f elementor-widget elementor-widget-text-editor\" data-id=\"8b2166f\" data-element_type=\"widget\" data-widget_type=\"text-editor.default\">\n\t\t\t\t<div class=\"elementor-widget-container\">\n\t\t\t\t\t\t\t\t\t<p>Der &#8222;Gasthof Post\u201c und die \u201eRatsburg\u201c bilden heute ein Geb\u00e4udeensemble im Zentrum der Stadt M\u00fcrzzuschlag. Der Ort entwickelte sich als Stra\u00dfendorf an der sogennanten &#8222;Venedigstra\u00dfe&#8220; von Wien nach Venedig und wurde durch seine Lage am Fu\u00dfe des Semmering-Passes zu einem Drehpunkt f\u00fcr Waren und Reisende. Das Bauwerk aus dem sp\u00e4ten 14. Jahrhundert, im Volksmund Ratsburg genannt, spiegelt mit dem von Zinnen gekr\u00f6nten Giebel eine Zeit wieder, in der M\u00fcrzzuschlag durch die Eisenverarbeitung im Sp\u00e4tmittelalter zu gro\u00dfem Wohlstand gelangte.<\/p><p>Nach verschiedenen Nutzungsphasen \u00fcber die Jahrhunderte wurde das Ensemble in seiner j\u00fcngeren Geschichte um 1880 ma\u00dfgeblich durch den Hotelier und Skipionier Toni Schruf gepr\u00e4gt und entwickelte sich zu einem zentralen Gravitationsort f\u00fcr den aufstrebenden Kur-Tourismus des Ortes. In dieser Zeit wurden die beiden Geb\u00e4ude baulich zu einer Gast- sowie Kulturst\u00e4tte entwickelt. Nach der Hochphase des lokalen Tourismus und dem Tode Toni Schrufs um die Mitte des 20. Jahrhunderts, wurden die R\u00e4umlichkeiten der beiden Geb\u00e4ude f\u00fcr verschiedenste Gesch\u00e4fte und als Vereinsr\u00e4umlichkeiten genutzt, bis schlie\u00dflich in den fr\u00fchen 2000er Jahren ein bis heute andauernder Leerstand einsetzte.<\/p><p>Um diese Zeitzeugen der M\u00fcrzzuschlager Stadtgeschichte vor dem Verfall zu bewahren, m\u00fcssten diese einen neuen Nutzen und eine neue, \u00fcber den reinen Funktionswert hinausgreifende, Wertsch\u00e4tzung erhalten.<\/p>\t\t\t\t\t\t\t\t<\/div>\n\t\t\t\t<\/div>\n\t\t\t\t\t<\/div>\n\t\t<\/div>\n\t\t\t\t\t<\/div>\n\t\t<\/section>\n\t\t\t\t<\/div>\n\t\t","protected":false},"excerpt":{"rendered":"<p>Arbeiten Marcel HIRSCH 2023\/24 Zeitzeugen M\u00fcrzzuschlags \u2013 Ratsburg und Hotel Post Betreuung: Heike OevermannDie ver\u00f6ffentlichte Diplomarbeit finden\u00a0Sie\u00a0hier. Der &#8222;Gasthof Post\u201c und die \u201eRatsburg\u201c bilden heute ein Geb\u00e4udeensemble im Zentrum der Stadt M\u00fcrzzuschlag. Der Ort entwickelte sich als Stra\u00dfendorf an der sogennanten &#8222;Venedigstra\u00dfe&#8220; von Wien nach Venedig und wurde durch seine Lage am Fu\u00dfe des Semmering-Passes zu einem Drehpunkt f\u00fcr Waren und Reisende. Das Bauwerk aus dem sp\u00e4ten 14. Jahrhundert, im<\/p>\n<div class=\"belowpost\"><a class=\"btnmore icon-arrow\" href=\"https:\/\/denkmalpflege.tuwien.ac.at\/index.php\/marcel-kromp\/\"><span>Read More<\/span><\/a><\/div>\n","protected":false},"author":1,"featured_media":0,"parent":0,"menu_order":0,"comment_status":"closed","ping_status":"closed","template":"","meta":{"footnotes":""},"class_list":["post-29475","page","type-page","status-publish","hentry"],"yoast_head":"<!-- This site is optimized with the Yoast SEO plugin v26.0 - https:\/\/yoast.com\/wordpress\/plugins\/seo\/ -->\n<title>Marcel Kromp - Denkmalpflege und Bauen im Bestand<\/title>\n<meta name=\"robots\" content=\"index, follow, max-snippet:-1, max-image-preview:large, max-video-preview:-1\" \/>\n<link rel=\"canonical\" href=\"https:\/\/denkmalpflege.tuwien.ac.at\/index.php\/marcel-kromp\/\" \/>\n<meta property=\"og:locale\" content=\"de_DE\" \/>\n<meta property=\"og:type\" content=\"article\" \/>\n<meta property=\"og:title\" content=\"Marcel Kromp - Denkmalpflege und Bauen im Bestand\" \/>\n<meta property=\"og:description\" content=\"Arbeiten Marcel HIRSCH 2023\/24 Zeitzeugen M\u00fcrzzuschlags \u2013 Ratsburg und Hotel Post Betreuung: Heike OevermannDie ver\u00f6ffentlichte Diplomarbeit finden\u00a0Sie\u00a0hier. Der &#8222;Gasthof Post\u201c und die \u201eRatsburg\u201c bilden heute ein Geb\u00e4udeensemble im Zentrum der Stadt M\u00fcrzzuschlag. Der Ort entwickelte sich als Stra\u00dfendorf an der sogennanten &#8222;Venedigstra\u00dfe&#8220; von Wien nach Venedig und wurde durch seine Lage am Fu\u00dfe des Semmering-Passes zu einem Drehpunkt f\u00fcr Waren und Reisende. Das Bauwerk aus dem sp\u00e4ten 14. Jahrhundert, imRead More\" \/>\n<meta property=\"og:url\" content=\"https:\/\/denkmalpflege.tuwien.ac.at\/index.php\/marcel-kromp\/\" \/>\n<meta property=\"og:site_name\" content=\"Denkmalpflege und Bauen im Bestand\" \/>\n<meta property=\"article:modified_time\" content=\"2025-11-05T10:25:33+00:00\" \/>\n<meta property=\"og:image\" content=\"http:\/\/denkmalpflege.tuwien.ac.at\/wp-content\/uploads\/2024\/02\/Diplomarbeiten-Titelbild-Kromp1-1024x747.jpg\" \/>\n<meta name=\"twitter:card\" content=\"summary_large_image\" \/>\n<meta name=\"twitter:label1\" content=\"Gesch\u00e4tzte Lesezeit\" \/>\n\t<meta name=\"twitter:data1\" content=\"2\u00a0Minuten\" \/>\n<script type=\"application\/ld+json\" class=\"yoast-schema-graph\">{\"@context\":\"https:\/\/schema.org\",\"@graph\":[{\"@type\":\"WebPage\",\"@id\":\"https:\/\/denkmalpflege.tuwien.ac.at\/index.php\/marcel-kromp\/\",\"url\":\"https:\/\/denkmalpflege.tuwien.ac.at\/index.php\/marcel-kromp\/\",\"name\":\"Marcel Kromp - Denkmalpflege und Bauen im Bestand\",\"isPartOf\":{\"@id\":\"https:\/\/denkmalpflege.tuwien.ac.at\/#website\"},\"primaryImageOfPage\":{\"@id\":\"https:\/\/denkmalpflege.tuwien.ac.at\/index.php\/marcel-kromp\/#primaryimage\"},\"image\":{\"@id\":\"https:\/\/denkmalpflege.tuwien.ac.at\/index.php\/marcel-kromp\/#primaryimage\"},\"thumbnailUrl\":\"http:\/\/denkmalpflege.tuwien.ac.at\/wp-content\/uploads\/2024\/02\/Diplomarbeiten-Titelbild-Kromp1-1024x747.jpg\",\"datePublished\":\"2023-12-18T09:30:36+00:00\",\"dateModified\":\"2025-11-05T10:25:33+00:00\",\"breadcrumb\":{\"@id\":\"https:\/\/denkmalpflege.tuwien.ac.at\/index.php\/marcel-kromp\/#breadcrumb\"},\"inLanguage\":\"de\",\"potentialAction\":[{\"@type\":\"ReadAction\",\"target\":[\"https:\/\/denkmalpflege.tuwien.ac.at\/index.php\/marcel-kromp\/\"]}]},{\"@type\":\"ImageObject\",\"inLanguage\":\"de\",\"@id\":\"https:\/\/denkmalpflege.tuwien.ac.at\/index.php\/marcel-kromp\/#primaryimage\",\"url\":\"https:\/\/denkmalpflege.tuwien.ac.at\/wp-content\/uploads\/2024\/02\/Diplomarbeiten-Titelbild-Kromp1-scaled.jpg\",\"contentUrl\":\"https:\/\/denkmalpflege.tuwien.ac.at\/wp-content\/uploads\/2024\/02\/Diplomarbeiten-Titelbild-Kromp1-scaled.jpg\",\"width\":2560,\"height\":1867,\"caption\":\"Diplomarbeiten Titelbilder\"},{\"@type\":\"BreadcrumbList\",\"@id\":\"https:\/\/denkmalpflege.tuwien.ac.at\/index.php\/marcel-kromp\/#breadcrumb\",\"itemListElement\":[{\"@type\":\"ListItem\",\"position\":1,\"name\":\"Startseite\",\"item\":\"https:\/\/denkmalpflege.tuwien.ac.at\/\"},{\"@type\":\"ListItem\",\"position\":2,\"name\":\"Marcel Kromp\"}]},{\"@type\":\"WebSite\",\"@id\":\"https:\/\/denkmalpflege.tuwien.ac.at\/#website\",\"url\":\"https:\/\/denkmalpflege.tuwien.ac.at\/\",\"name\":\"Denkmalpflege und Bauen im Bestand\",\"description\":\"Denkmalpflege TU Wien\",\"publisher\":{\"@id\":\"https:\/\/denkmalpflege.tuwien.ac.at\/#organization\"},\"potentialAction\":[{\"@type\":\"SearchAction\",\"target\":{\"@type\":\"EntryPoint\",\"urlTemplate\":\"https:\/\/denkmalpflege.tuwien.ac.at\/?s={search_term_string}\"},\"query-input\":{\"@type\":\"PropertyValueSpecification\",\"valueRequired\":true,\"valueName\":\"search_term_string\"}}],\"inLanguage\":\"de\"},{\"@type\":\"Organization\",\"@id\":\"https:\/\/denkmalpflege.tuwien.ac.at\/#organization\",\"name\":\"TU Wien Denkmalpflege und Bauen im Bestand\",\"url\":\"https:\/\/denkmalpflege.tuwien.ac.at\/\",\"logo\":{\"@type\":\"ImageObject\",\"inLanguage\":\"de\",\"@id\":\"https:\/\/denkmalpflege.tuwien.ac.at\/#\/schema\/logo\/image\/\",\"url\":\"https:\/\/denkmalpflege.tuwien.ac.at\/wp-content\/uploads\/2019\/10\/Logo1.png\",\"contentUrl\":\"https:\/\/denkmalpflege.tuwien.ac.at\/wp-content\/uploads\/2019\/10\/Logo1.png\",\"width\":222,\"height\":79,\"caption\":\"TU Wien Denkmalpflege und Bauen im Bestand\"},\"image\":{\"@id\":\"https:\/\/denkmalpflege.tuwien.ac.at\/#\/schema\/logo\/image\/\"}}]}<\/script>\n<!-- \/ Yoast SEO plugin. -->","yoast_head_json":{"title":"Marcel Kromp - Denkmalpflege und Bauen im Bestand","robots":{"index":"index","follow":"follow","max-snippet":"max-snippet:-1","max-image-preview":"max-image-preview:large","max-video-preview":"max-video-preview:-1"},"canonical":"https:\/\/denkmalpflege.tuwien.ac.at\/index.php\/marcel-kromp\/","og_locale":"de_DE","og_type":"article","og_title":"Marcel Kromp - Denkmalpflege und Bauen im Bestand","og_description":"Arbeiten Marcel HIRSCH 2023\/24 Zeitzeugen M\u00fcrzzuschlags \u2013 Ratsburg und Hotel Post Betreuung: Heike OevermannDie ver\u00f6ffentlichte Diplomarbeit finden\u00a0Sie\u00a0hier. Der &#8222;Gasthof Post\u201c und die \u201eRatsburg\u201c bilden heute ein Geb\u00e4udeensemble im Zentrum der Stadt M\u00fcrzzuschlag. Der Ort entwickelte sich als Stra\u00dfendorf an der sogennanten &#8222;Venedigstra\u00dfe&#8220; von Wien nach Venedig und wurde durch seine Lage am Fu\u00dfe des Semmering-Passes zu einem Drehpunkt f\u00fcr Waren und Reisende. Das Bauwerk aus dem sp\u00e4ten 14. Jahrhundert, imRead More","og_url":"https:\/\/denkmalpflege.tuwien.ac.at\/index.php\/marcel-kromp\/","og_site_name":"Denkmalpflege und Bauen im Bestand","article_modified_time":"2025-11-05T10:25:33+00:00","og_image":[{"url":"http:\/\/denkmalpflege.tuwien.ac.at\/wp-content\/uploads\/2024\/02\/Diplomarbeiten-Titelbild-Kromp1-1024x747.jpg","type":"","width":"","height":""}],"twitter_card":"summary_large_image","twitter_misc":{"Gesch\u00e4tzte Lesezeit":"2\u00a0Minuten"},"schema":{"@context":"https:\/\/schema.org","@graph":[{"@type":"WebPage","@id":"https:\/\/denkmalpflege.tuwien.ac.at\/index.php\/marcel-kromp\/","url":"https:\/\/denkmalpflege.tuwien.ac.at\/index.php\/marcel-kromp\/","name":"Marcel Kromp - Denkmalpflege und Bauen im Bestand","isPartOf":{"@id":"https:\/\/denkmalpflege.tuwien.ac.at\/#website"},"primaryImageOfPage":{"@id":"https:\/\/denkmalpflege.tuwien.ac.at\/index.php\/marcel-kromp\/#primaryimage"},"image":{"@id":"https:\/\/denkmalpflege.tuwien.ac.at\/index.php\/marcel-kromp\/#primaryimage"},"thumbnailUrl":"http:\/\/denkmalpflege.tuwien.ac.at\/wp-content\/uploads\/2024\/02\/Diplomarbeiten-Titelbild-Kromp1-1024x747.jpg","datePublished":"2023-12-18T09:30:36+00:00","dateModified":"2025-11-05T10:25:33+00:00","breadcrumb":{"@id":"https:\/\/denkmalpflege.tuwien.ac.at\/index.php\/marcel-kromp\/#breadcrumb"},"inLanguage":"de","potentialAction":[{"@type":"ReadAction","target":["https:\/\/denkmalpflege.tuwien.ac.at\/index.php\/marcel-kromp\/"]}]},{"@type":"ImageObject","inLanguage":"de","@id":"https:\/\/denkmalpflege.tuwien.ac.at\/index.php\/marcel-kromp\/#primaryimage","url":"https:\/\/denkmalpflege.tuwien.ac.at\/wp-content\/uploads\/2024\/02\/Diplomarbeiten-Titelbild-Kromp1-scaled.jpg","contentUrl":"https:\/\/denkmalpflege.tuwien.ac.at\/wp-content\/uploads\/2024\/02\/Diplomarbeiten-Titelbild-Kromp1-scaled.jpg","width":2560,"height":1867,"caption":"Diplomarbeiten Titelbilder"},{"@type":"BreadcrumbList","@id":"https:\/\/denkmalpflege.tuwien.ac.at\/index.php\/marcel-kromp\/#breadcrumb","itemListElement":[{"@type":"ListItem","position":1,"name":"Startseite","item":"https:\/\/denkmalpflege.tuwien.ac.at\/"},{"@type":"ListItem","position":2,"name":"Marcel Kromp"}]},{"@type":"WebSite","@id":"https:\/\/denkmalpflege.tuwien.ac.at\/#website","url":"https:\/\/denkmalpflege.tuwien.ac.at\/","name":"Denkmalpflege und Bauen im Bestand","description":"Denkmalpflege TU Wien","publisher":{"@id":"https:\/\/denkmalpflege.tuwien.ac.at\/#organization"},"potentialAction":[{"@type":"SearchAction","target":{"@type":"EntryPoint","urlTemplate":"https:\/\/denkmalpflege.tuwien.ac.at\/?s={search_term_string}"},"query-input":{"@type":"PropertyValueSpecification","valueRequired":true,"valueName":"search_term_string"}}],"inLanguage":"de"},{"@type":"Organization","@id":"https:\/\/denkmalpflege.tuwien.ac.at\/#organization","name":"TU Wien Denkmalpflege und Bauen im Bestand","url":"https:\/\/denkmalpflege.tuwien.ac.at\/","logo":{"@type":"ImageObject","inLanguage":"de","@id":"https:\/\/denkmalpflege.tuwien.ac.at\/#\/schema\/logo\/image\/","url":"https:\/\/denkmalpflege.tuwien.ac.at\/wp-content\/uploads\/2019\/10\/Logo1.png","contentUrl":"https:\/\/denkmalpflege.tuwien.ac.at\/wp-content\/uploads\/2019\/10\/Logo1.png","width":222,"height":79,"caption":"TU Wien Denkmalpflege und Bauen im Bestand"},"image":{"@id":"https:\/\/denkmalpflege.tuwien.ac.at\/#\/schema\/logo\/image\/"}}]}},"_links":{"self":[{"href":"https:\/\/denkmalpflege.tuwien.ac.at\/index.php\/wp-json\/wp\/v2\/pages\/29475","targetHints":{"allow":["GET"]}}],"collection":[{"href":"https:\/\/denkmalpflege.tuwien.ac.at\/index.php\/wp-json\/wp\/v2\/pages"}],"about":[{"href":"https:\/\/denkmalpflege.tuwien.ac.at\/index.php\/wp-json\/wp\/v2\/types\/page"}],"author":[{"embeddable":true,"href":"https:\/\/denkmalpflege.tuwien.ac.at\/index.php\/wp-json\/wp\/v2\/users\/1"}],"replies":[{"embeddable":true,"href":"https:\/\/denkmalpflege.tuwien.ac.at\/index.php\/wp-json\/wp\/v2\/comments?post=29475"}],"version-history":[{"count":16,"href":"https:\/\/denkmalpflege.tuwien.ac.at\/index.php\/wp-json\/wp\/v2\/pages\/29475\/revisions"}],"predecessor-version":[{"id":35095,"href":"https:\/\/denkmalpflege.tuwien.ac.at\/index.php\/wp-json\/wp\/v2\/pages\/29475\/revisions\/35095"}],"wp:attachment":[{"href":"https:\/\/denkmalpflege.tuwien.ac.at\/index.php\/wp-json\/wp\/v2\/media?parent=29475"}],"curies":[{"name":"wp","href":"https:\/\/api.w.org\/{rel}","templated":true}]}}