{"id":29473,"date":"2023-12-18T10:44:06","date_gmt":"2023-12-18T09:44:06","guid":{"rendered":"https:\/\/denkmalpflege.tuwien.ac.at\/?page_id=29473"},"modified":"2025-11-05T11:19:07","modified_gmt":"2025-11-05T10:19:07","slug":"anja-zoephel","status":"publish","type":"page","link":"https:\/\/denkmalpflege.tuwien.ac.at\/index.php\/anja-zoephel\/","title":{"rendered":"Anja Z\u00f6phel"},"content":{"rendered":"\t\t<div data-elementor-type=\"wp-page\" data-elementor-id=\"29473\" class=\"elementor elementor-29473\" data-elementor-post-type=\"page\">\n\t\t\t\t\t\t<section class=\"elementor-section elementor-top-section elementor-element elementor-element-bbe85d6 elementor-section-full_width elementor-section-height-default elementor-section-height-default\" data-id=\"bbe85d6\" data-element_type=\"section\">\n\t\t\t\t\t\t<div class=\"elementor-container elementor-column-gap-default\">\n\t\t\t\t\t<div class=\"elementor-column elementor-col-50 elementor-top-column elementor-element elementor-element-1e338a2\" data-id=\"1e338a2\" data-element_type=\"column\">\n\t\t\t<div class=\"elementor-widget-wrap elementor-element-populated\">\n\t\t\t\t\t\t<div class=\"elementor-element elementor-element-a0de740 elementor-widget elementor-widget-heading\" data-id=\"a0de740\" data-element_type=\"widget\" data-widget_type=\"heading.default\">\n\t\t\t\t<div class=\"elementor-widget-container\">\n\t\t\t\t\t<h2 class=\"elementor-heading-title elementor-size-default\"><a href=\"https:\/\/denkmalpflege.tuwien.ac.at\/index.php\/laufende-dipl-caviezel\/\">Arbeiten<\/a><\/h2>\t\t\t\t<\/div>\n\t\t\t\t<\/div>\n\t\t\t\t\t<\/div>\n\t\t<\/div>\n\t\t\t\t<div class=\"elementor-column elementor-col-50 elementor-top-column elementor-element elementor-element-cae148e\" data-id=\"cae148e\" data-element_type=\"column\">\n\t\t\t<div class=\"elementor-widget-wrap elementor-element-populated\">\n\t\t\t\t\t\t<div class=\"elementor-element elementor-element-fee3cb2 elementor-widget elementor-widget-heading\" data-id=\"fee3cb2\" data-element_type=\"widget\" data-widget_type=\"heading.default\">\n\t\t\t\t<div class=\"elementor-widget-container\">\n\t\t\t\t\t<h2 class=\"elementor-heading-title elementor-size-default\">Anja Z\u00f6phel <span style=\"float: right\"> 2023\/24<\/span>\n<\/h2>\t\t\t\t<\/div>\n\t\t\t\t<\/div>\n\t\t\t\t\t<\/div>\n\t\t<\/div>\n\t\t\t\t\t<\/div>\n\t\t<\/section>\n\t\t\t\t<section class=\"elementor-section elementor-top-section elementor-element elementor-element-183c939 elementor-section-full_width elementor-section-height-default elementor-section-height-default\" data-id=\"183c939\" data-element_type=\"section\">\n\t\t\t\t\t\t<div class=\"elementor-container elementor-column-gap-default\">\n\t\t\t\t\t<div class=\"elementor-column elementor-col-50 elementor-top-column elementor-element elementor-element-1e20845\" data-id=\"1e20845\" data-element_type=\"column\">\n\t\t\t<div class=\"elementor-widget-wrap elementor-element-populated\">\n\t\t\t\t\t\t<div class=\"elementor-element elementor-element-2d314a5 elementor-nav-menu__align-start elementor-nav-menu--dropdown-mobile elementor-nav-menu__text-align-aside elementor-nav-menu--toggle elementor-nav-menu--burger elementor-widget elementor-widget-nav-menu\" data-id=\"2d314a5\" data-element_type=\"widget\" data-settings=\"{&quot;layout&quot;:&quot;vertical&quot;,&quot;submenu_icon&quot;:{&quot;value&quot;:&quot;&lt;i class=\\&quot;\\&quot; aria-hidden=\\&quot;true\\&quot;&gt;&lt;\\\/i&gt;&quot;,&quot;library&quot;:&quot;&quot;},&quot;toggle&quot;:&quot;burger&quot;}\" data-widget_type=\"nav-menu.default\">\n\t\t\t\t<div class=\"elementor-widget-container\">\n\t\t\t\t\t\t\t\t<nav aria-label=\"Men\u00fc\" class=\"elementor-nav-menu--main elementor-nav-menu__container elementor-nav-menu--layout-vertical e--pointer-none\">\n\t\t\t\t<ul id=\"menu-1-2d314a5\" class=\"elementor-nav-menu sm-vertical\"><li class=\"menu-item menu-item-type-post_type menu-item-object-page menu-item-27442\"><a href=\"https:\/\/denkmalpflege.tuwien.ac.at\/index.php\/diplomarbeiten\/\" class=\"elementor-item\">Diplomarbeiten<\/a><\/li>\n<li class=\"menu-item menu-item-type-post_type menu-item-object-page menu-item-16203\"><a href=\"https:\/\/denkmalpflege.tuwien.ac.at\/index.php\/laufende-dissertationen\/\" class=\"elementor-item\">Dissertationen<\/a><\/li>\n<\/ul>\t\t\t<\/nav>\n\t\t\t\t\t<div class=\"elementor-menu-toggle\" role=\"button\" tabindex=\"0\" aria-label=\"Men\u00fc Umschalter\" aria-expanded=\"false\">\n\t\t\t<i aria-hidden=\"true\" role=\"presentation\" class=\"elementor-menu-toggle__icon--open eicon-menu-bar\"><\/i><i aria-hidden=\"true\" role=\"presentation\" class=\"elementor-menu-toggle__icon--close eicon-close\"><\/i>\t\t<\/div>\n\t\t\t\t\t<nav class=\"elementor-nav-menu--dropdown elementor-nav-menu__container\" aria-hidden=\"true\">\n\t\t\t\t<ul id=\"menu-2-2d314a5\" class=\"elementor-nav-menu sm-vertical\"><li class=\"menu-item menu-item-type-post_type menu-item-object-page menu-item-27442\"><a href=\"https:\/\/denkmalpflege.tuwien.ac.at\/index.php\/diplomarbeiten\/\" class=\"elementor-item\" tabindex=\"-1\">Diplomarbeiten<\/a><\/li>\n<li class=\"menu-item menu-item-type-post_type menu-item-object-page menu-item-16203\"><a href=\"https:\/\/denkmalpflege.tuwien.ac.at\/index.php\/laufende-dissertationen\/\" class=\"elementor-item\" tabindex=\"-1\">Dissertationen<\/a><\/li>\n<\/ul>\t\t\t<\/nav>\n\t\t\t\t\t\t<\/div>\n\t\t\t\t<\/div>\n\t\t\t\t<div class=\"elementor-element elementor-element-65ed606 elementor-widget elementor-widget-wp-widget-nav_menu\" data-id=\"65ed606\" data-element_type=\"widget\" data-widget_type=\"wp-widget-nav_menu.default\">\n\t\t\t\t<div class=\"elementor-widget-container\">\n\t\t\t\t\t<div class=\"menu-laufende-diplomarbeiten-container\"><ul id=\"menu-laufende-diplomarbeiten\" class=\"menu\"><li id=\"menu-item-28638\" class=\"menu-item menu-item-type-post_type menu-item-object-page menu-item-28638\"><a href=\"https:\/\/denkmalpflege.tuwien.ac.at\/index.php\/diplomarbeiten\/\">Zur\u00fcck<\/a><\/li>\n<\/ul><\/div>\t\t\t\t<\/div>\n\t\t\t\t<\/div>\n\t\t\t\t\t<\/div>\n\t\t<\/div>\n\t\t\t\t<div class=\"elementor-column elementor-col-50 elementor-top-column elementor-element elementor-element-d5fbf9c\" data-id=\"d5fbf9c\" data-element_type=\"column\">\n\t\t\t<div class=\"elementor-widget-wrap elementor-element-populated\">\n\t\t\t\t\t\t<div class=\"elementor-element elementor-element-9f6232c elementor-widget elementor-widget-text-editor\" data-id=\"9f6232c\" data-element_type=\"widget\" data-widget_type=\"text-editor.default\">\n\t\t\t\t<div class=\"elementor-widget-container\">\n\t\t\t\t\t\t\t\t\t<h2>Erfassung, Bewertung und Empfehlungen zur Erhaltung des Franz-Schulz-Hauses<br \/>Eine denkmalpflegerische Untersuchung zur Beurteilung des Potenzials f\u00fcr eine Unterschutzstellung<\/h2>\t\t\t\t\t\t\t\t<\/div>\n\t\t\t\t<\/div>\n\t\t\t\t<div class=\"elementor-element elementor-element-007e887 elementor-widget elementor-widget-text-editor\" data-id=\"007e887\" data-element_type=\"widget\" data-widget_type=\"text-editor.default\">\n\t\t\t\t<div class=\"elementor-widget-container\">\n\t\t\t\t\t\t\t\t\t<p>Betreuung: Heike Oevermann<br \/>Die ver\u00f6ffentlichte Diplomarbeit finden\u00a0Sie\u00a0<span style=\"text-decoration: underline;\"><a href=\"https:\/\/repositum.tuwien.at\/handle\/20.500.12708\/209277\">hier<\/a><\/span>.<\/p>\t\t\t\t\t\t\t\t<\/div>\n\t\t\t\t<\/div>\n\t\t\t\t<div class=\"elementor-element elementor-element-c6f7611 elementor-widget elementor-widget-spacer\" data-id=\"c6f7611\" data-element_type=\"widget\" data-widget_type=\"spacer.default\">\n\t\t\t\t<div class=\"elementor-widget-container\">\n\t\t\t\t\t\t\t<div class=\"elementor-spacer\">\n\t\t\t<div class=\"elementor-spacer-inner\"><\/div>\n\t\t<\/div>\n\t\t\t\t\t\t<\/div>\n\t\t\t\t<\/div>\n\t\t\t\t<section class=\"elementor-section elementor-inner-section elementor-element elementor-element-1bedb36 elementor-section-boxed elementor-section-height-default elementor-section-height-default\" data-id=\"1bedb36\" data-element_type=\"section\">\n\t\t\t\t\t\t<div class=\"elementor-container elementor-column-gap-default\">\n\t\t\t\t\t<div class=\"elementor-column elementor-col-100 elementor-inner-column elementor-element elementor-element-2faac0e\" data-id=\"2faac0e\" data-element_type=\"column\">\n\t\t\t<div class=\"elementor-widget-wrap elementor-element-populated\">\n\t\t\t\t\t\t<div class=\"elementor-element elementor-element-689690c elementor-widget elementor-widget-image\" data-id=\"689690c\" data-element_type=\"widget\" data-widget_type=\"image.default\">\n\t\t\t\t<div class=\"elementor-widget-container\">\n\t\t\t\t\t\t\t\t\t\t\t\t\t\t\t<img fetchpriority=\"high\" decoding=\"async\" width=\"1000\" height=\"729\" src=\"https:\/\/denkmalpflege.tuwien.ac.at\/wp-content\/uploads\/2023\/12\/Diplomarbeiten-Titelbild-Zoephel1-1024x747.jpg\" class=\"attachment-large size-large wp-image-29301\" alt=\"\" srcset=\"https:\/\/denkmalpflege.tuwien.ac.at\/wp-content\/uploads\/2023\/12\/Diplomarbeiten-Titelbild-Zoephel1-1024x747.jpg 1024w, https:\/\/denkmalpflege.tuwien.ac.at\/wp-content\/uploads\/2023\/12\/Diplomarbeiten-Titelbild-Zoephel1-300x219.jpg 300w, https:\/\/denkmalpflege.tuwien.ac.at\/wp-content\/uploads\/2023\/12\/Diplomarbeiten-Titelbild-Zoephel1-768x560.jpg 768w, https:\/\/denkmalpflege.tuwien.ac.at\/wp-content\/uploads\/2023\/12\/Diplomarbeiten-Titelbild-Zoephel1-1536x1120.jpg 1536w, https:\/\/denkmalpflege.tuwien.ac.at\/wp-content\/uploads\/2023\/12\/Diplomarbeiten-Titelbild-Zoephel1-2048x1493.jpg 2048w, https:\/\/denkmalpflege.tuwien.ac.at\/wp-content\/uploads\/2023\/12\/Diplomarbeiten-Titelbild-Zoephel1-700x510.jpg 700w\" sizes=\"(max-width: 1000px) 100vw, 1000px\" \/>\t\t\t\t\t\t\t\t\t\t\t\t\t\t\t<\/div>\n\t\t\t\t<\/div>\n\t\t\t\t<div class=\"elementor-element elementor-element-9a403f9 elementor-widget elementor-widget-spacer\" data-id=\"9a403f9\" data-element_type=\"widget\" data-widget_type=\"spacer.default\">\n\t\t\t\t<div class=\"elementor-widget-container\">\n\t\t\t\t\t\t\t<div class=\"elementor-spacer\">\n\t\t\t<div class=\"elementor-spacer-inner\"><\/div>\n\t\t<\/div>\n\t\t\t\t\t\t<\/div>\n\t\t\t\t<\/div>\n\t\t\t\t\t<\/div>\n\t\t<\/div>\n\t\t\t\t\t<\/div>\n\t\t<\/section>\n\t\t\t\t<div class=\"elementor-element elementor-element-8b2166f elementor-widget elementor-widget-text-editor\" data-id=\"8b2166f\" data-element_type=\"widget\" data-widget_type=\"text-editor.default\">\n\t\t\t\t<div class=\"elementor-widget-container\">\n\t\t\t\t\t\t\t\t\t<p>Im Helenental bei Baden befindet sich das Franz-Schulz-Haus, welches eine reiche Geschichte aufweist. Urspr\u00fcnglich wurde es um 1800 als Krainerh\u00fctte erbaut und im fr\u00fchen 20. Jahrhundert in ein Hotel samt Restaurant umgewandelt. In den 1950er Jahren wurde der Geb\u00e4udekomplex umgebaut und \u00fcbernahm die Rolle des Franz-Schulz-Heimes, einer Kur- und Erholungsst\u00e4tte f\u00fcr Kriegsopfer. Bis 2018 diente es als Asylunterkunft und steht seither leer, ohne eine neue Funktion gefunden zu haben.<\/p><p>Die Untersuchung dieses Bauwerks besch\u00e4ftigt sich eingehend mit einer Analyse der Entwicklungsgeschichte sowie seiner Bedeutung im lokalen und historischen Kontext. Hierbei werden sowohl die architektonischen als auch denkmalpflegerischen Merkmale genauer beleuchtet und bewertet. Die Erstellung eines Raumbuchs sowie eine Bauzustandsanalyse bilden die Grundlage f\u00fcr die Bewertung des Geb\u00e4udes hinsichtlich seiner Denkmalwerte, eine entscheidende \u00dcberlegung, da das Haus aktuell keinen Denkmalschutzstatus besitzt.<\/p><p>Ziel der Arbeit ist es, Nutzungsoptionen f\u00fcr das Franz-Schulz-Haus zu entwickeln, die den historischen Charakter des Hauses bewahren, zugleich aber auch moderne Nutzungsm\u00f6glichkeiten f\u00fcr die Gemeinschaft aufzeigen. Diese ganzheitliche Betrachtung f\u00fchrt somit zu Empfehlungen f\u00fcr zuk\u00fcnftige Nutzungen und bewertet zudem die Eignung des Hauses f\u00fcr eine Denkmalschutzanerkennung in \u00d6sterreich &#8211; eine erlebbare Transformation.<\/p>\t\t\t\t\t\t\t\t<\/div>\n\t\t\t\t<\/div>\n\t\t\t\t\t<\/div>\n\t\t<\/div>\n\t\t\t\t\t<\/div>\n\t\t<\/section>\n\t\t\t\t<\/div>\n\t\t","protected":false},"excerpt":{"rendered":"<p>Arbeiten Anja Z\u00f6phel 2023\/24 Erfassung, Bewertung und Empfehlungen zur Erhaltung des Franz-Schulz-HausesEine denkmalpflegerische Untersuchung zur Beurteilung des Potenzials f\u00fcr eine Unterschutzstellung Betreuung: Heike OevermannDie ver\u00f6ffentlichte Diplomarbeit finden\u00a0Sie\u00a0hier. Im Helenental bei Baden befindet sich das Franz-Schulz-Haus, welches eine reiche Geschichte aufweist. Urspr\u00fcnglich wurde es um 1800 als Krainerh\u00fctte erbaut und im fr\u00fchen 20. Jahrhundert in ein Hotel samt Restaurant umgewandelt. In den 1950er Jahren wurde der Geb\u00e4udekomplex umgebaut und \u00fcbernahm die<\/p>\n<div class=\"belowpost\"><a class=\"btnmore icon-arrow\" href=\"https:\/\/denkmalpflege.tuwien.ac.at\/index.php\/anja-zoephel\/\"><span>Read More<\/span><\/a><\/div>\n","protected":false},"author":1,"featured_media":0,"parent":0,"menu_order":0,"comment_status":"closed","ping_status":"closed","template":"","meta":{"footnotes":""},"class_list":["post-29473","page","type-page","status-publish","hentry"],"yoast_head":"<!-- This site is optimized with the Yoast SEO plugin v26.0 - https:\/\/yoast.com\/wordpress\/plugins\/seo\/ -->\n<title>Anja Z\u00f6phel - Denkmalpflege und Bauen im Bestand<\/title>\n<meta name=\"robots\" content=\"index, follow, max-snippet:-1, max-image-preview:large, max-video-preview:-1\" \/>\n<link rel=\"canonical\" href=\"https:\/\/denkmalpflege.tuwien.ac.at\/index.php\/anja-zoephel\/\" \/>\n<meta property=\"og:locale\" content=\"de_DE\" \/>\n<meta property=\"og:type\" content=\"article\" \/>\n<meta property=\"og:title\" content=\"Anja Z\u00f6phel - Denkmalpflege und Bauen im Bestand\" \/>\n<meta property=\"og:description\" content=\"Arbeiten Anja Z\u00f6phel 2023\/24 Erfassung, Bewertung und Empfehlungen zur Erhaltung des Franz-Schulz-HausesEine denkmalpflegerische Untersuchung zur Beurteilung des Potenzials f\u00fcr eine Unterschutzstellung Betreuung: Heike OevermannDie ver\u00f6ffentlichte Diplomarbeit finden\u00a0Sie\u00a0hier. Im Helenental bei Baden befindet sich das Franz-Schulz-Haus, welches eine reiche Geschichte aufweist. Urspr\u00fcnglich wurde es um 1800 als Krainerh\u00fctte erbaut und im fr\u00fchen 20. Jahrhundert in ein Hotel samt Restaurant umgewandelt. In den 1950er Jahren wurde der Geb\u00e4udekomplex umgebaut und \u00fcbernahm dieRead More\" \/>\n<meta property=\"og:url\" content=\"https:\/\/denkmalpflege.tuwien.ac.at\/index.php\/anja-zoephel\/\" \/>\n<meta property=\"og:site_name\" content=\"Denkmalpflege und Bauen im Bestand\" \/>\n<meta property=\"article:modified_time\" content=\"2025-11-05T10:19:07+00:00\" \/>\n<meta property=\"og:image\" content=\"http:\/\/denkmalpflege.tuwien.ac.at\/wp-content\/uploads\/2023\/12\/Diplomarbeiten-Titelbild-Zoephel1-1024x747.jpg\" \/>\n<meta name=\"twitter:card\" content=\"summary_large_image\" \/>\n<meta name=\"twitter:label1\" content=\"Gesch\u00e4tzte Lesezeit\" \/>\n\t<meta name=\"twitter:data1\" content=\"2\u00a0Minuten\" \/>\n<script type=\"application\/ld+json\" class=\"yoast-schema-graph\">{\"@context\":\"https:\/\/schema.org\",\"@graph\":[{\"@type\":\"WebPage\",\"@id\":\"https:\/\/denkmalpflege.tuwien.ac.at\/index.php\/anja-zoephel\/\",\"url\":\"https:\/\/denkmalpflege.tuwien.ac.at\/index.php\/anja-zoephel\/\",\"name\":\"Anja Z\u00f6phel - Denkmalpflege und Bauen im Bestand\",\"isPartOf\":{\"@id\":\"https:\/\/denkmalpflege.tuwien.ac.at\/#website\"},\"primaryImageOfPage\":{\"@id\":\"https:\/\/denkmalpflege.tuwien.ac.at\/index.php\/anja-zoephel\/#primaryimage\"},\"image\":{\"@id\":\"https:\/\/denkmalpflege.tuwien.ac.at\/index.php\/anja-zoephel\/#primaryimage\"},\"thumbnailUrl\":\"http:\/\/denkmalpflege.tuwien.ac.at\/wp-content\/uploads\/2023\/12\/Diplomarbeiten-Titelbild-Zoephel1-1024x747.jpg\",\"datePublished\":\"2023-12-18T09:44:06+00:00\",\"dateModified\":\"2025-11-05T10:19:07+00:00\",\"breadcrumb\":{\"@id\":\"https:\/\/denkmalpflege.tuwien.ac.at\/index.php\/anja-zoephel\/#breadcrumb\"},\"inLanguage\":\"de\",\"potentialAction\":[{\"@type\":\"ReadAction\",\"target\":[\"https:\/\/denkmalpflege.tuwien.ac.at\/index.php\/anja-zoephel\/\"]}]},{\"@type\":\"ImageObject\",\"inLanguage\":\"de\",\"@id\":\"https:\/\/denkmalpflege.tuwien.ac.at\/index.php\/anja-zoephel\/#primaryimage\",\"url\":\"https:\/\/denkmalpflege.tuwien.ac.at\/wp-content\/uploads\/2023\/12\/Diplomarbeiten-Titelbild-Zoephel1-scaled.jpg\",\"contentUrl\":\"https:\/\/denkmalpflege.tuwien.ac.at\/wp-content\/uploads\/2023\/12\/Diplomarbeiten-Titelbild-Zoephel1-scaled.jpg\",\"width\":2560,\"height\":1867},{\"@type\":\"BreadcrumbList\",\"@id\":\"https:\/\/denkmalpflege.tuwien.ac.at\/index.php\/anja-zoephel\/#breadcrumb\",\"itemListElement\":[{\"@type\":\"ListItem\",\"position\":1,\"name\":\"Startseite\",\"item\":\"https:\/\/denkmalpflege.tuwien.ac.at\/\"},{\"@type\":\"ListItem\",\"position\":2,\"name\":\"Anja Z\u00f6phel\"}]},{\"@type\":\"WebSite\",\"@id\":\"https:\/\/denkmalpflege.tuwien.ac.at\/#website\",\"url\":\"https:\/\/denkmalpflege.tuwien.ac.at\/\",\"name\":\"Denkmalpflege und Bauen im Bestand\",\"description\":\"Denkmalpflege TU Wien\",\"publisher\":{\"@id\":\"https:\/\/denkmalpflege.tuwien.ac.at\/#organization\"},\"potentialAction\":[{\"@type\":\"SearchAction\",\"target\":{\"@type\":\"EntryPoint\",\"urlTemplate\":\"https:\/\/denkmalpflege.tuwien.ac.at\/?s={search_term_string}\"},\"query-input\":{\"@type\":\"PropertyValueSpecification\",\"valueRequired\":true,\"valueName\":\"search_term_string\"}}],\"inLanguage\":\"de\"},{\"@type\":\"Organization\",\"@id\":\"https:\/\/denkmalpflege.tuwien.ac.at\/#organization\",\"name\":\"TU Wien Denkmalpflege und Bauen im Bestand\",\"url\":\"https:\/\/denkmalpflege.tuwien.ac.at\/\",\"logo\":{\"@type\":\"ImageObject\",\"inLanguage\":\"de\",\"@id\":\"https:\/\/denkmalpflege.tuwien.ac.at\/#\/schema\/logo\/image\/\",\"url\":\"https:\/\/denkmalpflege.tuwien.ac.at\/wp-content\/uploads\/2019\/10\/Logo1.png\",\"contentUrl\":\"https:\/\/denkmalpflege.tuwien.ac.at\/wp-content\/uploads\/2019\/10\/Logo1.png\",\"width\":222,\"height\":79,\"caption\":\"TU Wien Denkmalpflege und Bauen im Bestand\"},\"image\":{\"@id\":\"https:\/\/denkmalpflege.tuwien.ac.at\/#\/schema\/logo\/image\/\"}}]}<\/script>\n<!-- \/ Yoast SEO plugin. -->","yoast_head_json":{"title":"Anja Z\u00f6phel - Denkmalpflege und Bauen im Bestand","robots":{"index":"index","follow":"follow","max-snippet":"max-snippet:-1","max-image-preview":"max-image-preview:large","max-video-preview":"max-video-preview:-1"},"canonical":"https:\/\/denkmalpflege.tuwien.ac.at\/index.php\/anja-zoephel\/","og_locale":"de_DE","og_type":"article","og_title":"Anja Z\u00f6phel - Denkmalpflege und Bauen im Bestand","og_description":"Arbeiten Anja Z\u00f6phel 2023\/24 Erfassung, Bewertung und Empfehlungen zur Erhaltung des Franz-Schulz-HausesEine denkmalpflegerische Untersuchung zur Beurteilung des Potenzials f\u00fcr eine Unterschutzstellung Betreuung: Heike OevermannDie ver\u00f6ffentlichte Diplomarbeit finden\u00a0Sie\u00a0hier. Im Helenental bei Baden befindet sich das Franz-Schulz-Haus, welches eine reiche Geschichte aufweist. Urspr\u00fcnglich wurde es um 1800 als Krainerh\u00fctte erbaut und im fr\u00fchen 20. Jahrhundert in ein Hotel samt Restaurant umgewandelt. In den 1950er Jahren wurde der Geb\u00e4udekomplex umgebaut und \u00fcbernahm dieRead More","og_url":"https:\/\/denkmalpflege.tuwien.ac.at\/index.php\/anja-zoephel\/","og_site_name":"Denkmalpflege und Bauen im Bestand","article_modified_time":"2025-11-05T10:19:07+00:00","og_image":[{"url":"http:\/\/denkmalpflege.tuwien.ac.at\/wp-content\/uploads\/2023\/12\/Diplomarbeiten-Titelbild-Zoephel1-1024x747.jpg","type":"","width":"","height":""}],"twitter_card":"summary_large_image","twitter_misc":{"Gesch\u00e4tzte Lesezeit":"2\u00a0Minuten"},"schema":{"@context":"https:\/\/schema.org","@graph":[{"@type":"WebPage","@id":"https:\/\/denkmalpflege.tuwien.ac.at\/index.php\/anja-zoephel\/","url":"https:\/\/denkmalpflege.tuwien.ac.at\/index.php\/anja-zoephel\/","name":"Anja Z\u00f6phel - Denkmalpflege und Bauen im Bestand","isPartOf":{"@id":"https:\/\/denkmalpflege.tuwien.ac.at\/#website"},"primaryImageOfPage":{"@id":"https:\/\/denkmalpflege.tuwien.ac.at\/index.php\/anja-zoephel\/#primaryimage"},"image":{"@id":"https:\/\/denkmalpflege.tuwien.ac.at\/index.php\/anja-zoephel\/#primaryimage"},"thumbnailUrl":"http:\/\/denkmalpflege.tuwien.ac.at\/wp-content\/uploads\/2023\/12\/Diplomarbeiten-Titelbild-Zoephel1-1024x747.jpg","datePublished":"2023-12-18T09:44:06+00:00","dateModified":"2025-11-05T10:19:07+00:00","breadcrumb":{"@id":"https:\/\/denkmalpflege.tuwien.ac.at\/index.php\/anja-zoephel\/#breadcrumb"},"inLanguage":"de","potentialAction":[{"@type":"ReadAction","target":["https:\/\/denkmalpflege.tuwien.ac.at\/index.php\/anja-zoephel\/"]}]},{"@type":"ImageObject","inLanguage":"de","@id":"https:\/\/denkmalpflege.tuwien.ac.at\/index.php\/anja-zoephel\/#primaryimage","url":"https:\/\/denkmalpflege.tuwien.ac.at\/wp-content\/uploads\/2023\/12\/Diplomarbeiten-Titelbild-Zoephel1-scaled.jpg","contentUrl":"https:\/\/denkmalpflege.tuwien.ac.at\/wp-content\/uploads\/2023\/12\/Diplomarbeiten-Titelbild-Zoephel1-scaled.jpg","width":2560,"height":1867},{"@type":"BreadcrumbList","@id":"https:\/\/denkmalpflege.tuwien.ac.at\/index.php\/anja-zoephel\/#breadcrumb","itemListElement":[{"@type":"ListItem","position":1,"name":"Startseite","item":"https:\/\/denkmalpflege.tuwien.ac.at\/"},{"@type":"ListItem","position":2,"name":"Anja Z\u00f6phel"}]},{"@type":"WebSite","@id":"https:\/\/denkmalpflege.tuwien.ac.at\/#website","url":"https:\/\/denkmalpflege.tuwien.ac.at\/","name":"Denkmalpflege und Bauen im Bestand","description":"Denkmalpflege TU Wien","publisher":{"@id":"https:\/\/denkmalpflege.tuwien.ac.at\/#organization"},"potentialAction":[{"@type":"SearchAction","target":{"@type":"EntryPoint","urlTemplate":"https:\/\/denkmalpflege.tuwien.ac.at\/?s={search_term_string}"},"query-input":{"@type":"PropertyValueSpecification","valueRequired":true,"valueName":"search_term_string"}}],"inLanguage":"de"},{"@type":"Organization","@id":"https:\/\/denkmalpflege.tuwien.ac.at\/#organization","name":"TU Wien Denkmalpflege und Bauen im Bestand","url":"https:\/\/denkmalpflege.tuwien.ac.at\/","logo":{"@type":"ImageObject","inLanguage":"de","@id":"https:\/\/denkmalpflege.tuwien.ac.at\/#\/schema\/logo\/image\/","url":"https:\/\/denkmalpflege.tuwien.ac.at\/wp-content\/uploads\/2019\/10\/Logo1.png","contentUrl":"https:\/\/denkmalpflege.tuwien.ac.at\/wp-content\/uploads\/2019\/10\/Logo1.png","width":222,"height":79,"caption":"TU Wien Denkmalpflege und Bauen im Bestand"},"image":{"@id":"https:\/\/denkmalpflege.tuwien.ac.at\/#\/schema\/logo\/image\/"}}]}},"_links":{"self":[{"href":"https:\/\/denkmalpflege.tuwien.ac.at\/index.php\/wp-json\/wp\/v2\/pages\/29473","targetHints":{"allow":["GET"]}}],"collection":[{"href":"https:\/\/denkmalpflege.tuwien.ac.at\/index.php\/wp-json\/wp\/v2\/pages"}],"about":[{"href":"https:\/\/denkmalpflege.tuwien.ac.at\/index.php\/wp-json\/wp\/v2\/types\/page"}],"author":[{"embeddable":true,"href":"https:\/\/denkmalpflege.tuwien.ac.at\/index.php\/wp-json\/wp\/v2\/users\/1"}],"replies":[{"embeddable":true,"href":"https:\/\/denkmalpflege.tuwien.ac.at\/index.php\/wp-json\/wp\/v2\/comments?post=29473"}],"version-history":[{"count":16,"href":"https:\/\/denkmalpflege.tuwien.ac.at\/index.php\/wp-json\/wp\/v2\/pages\/29473\/revisions"}],"predecessor-version":[{"id":35080,"href":"https:\/\/denkmalpflege.tuwien.ac.at\/index.php\/wp-json\/wp\/v2\/pages\/29473\/revisions\/35080"}],"wp:attachment":[{"href":"https:\/\/denkmalpflege.tuwien.ac.at\/index.php\/wp-json\/wp\/v2\/media?parent=29473"}],"curies":[{"name":"wp","href":"https:\/\/api.w.org\/{rel}","templated":true}]}}