{"id":27242,"date":"2023-10-04T15:50:52","date_gmt":"2023-10-04T13:50:52","guid":{"rendered":"https:\/\/denkmalpflege.tuwien.ac.at\/?page_id=27242"},"modified":"2023-10-22T13:47:21","modified_gmt":"2023-10-22T11:47:21","slug":"themenschwerpunkt-wohnen-im-denkmal","status":"publish","type":"page","link":"https:\/\/denkmalpflege.tuwien.ac.at\/index.php\/themenschwerpunkt-wohnen-im-denkmal\/","title":{"rendered":"Themenschwerpunkt Wohnen im Denkmal"},"content":{"rendered":"\t\t<div data-elementor-type=\"wp-page\" data-elementor-id=\"27242\" class=\"elementor elementor-27242\" data-elementor-post-type=\"page\">\n\t\t\t\t\t\t<section class=\"elementor-section elementor-top-section elementor-element elementor-element-deadf1c elementor-section-full_width elementor-section-height-default elementor-section-height-default\" data-id=\"deadf1c\" data-element_type=\"section\" data-e-type=\"section\">\n\t\t\t\t\t\t<div class=\"elementor-container elementor-column-gap-default\">\n\t\t\t\t\t<div class=\"elementor-column elementor-col-100 elementor-top-column elementor-element elementor-element-4d03bc4\" data-id=\"4d03bc4\" data-element_type=\"column\" data-e-type=\"column\">\n\t\t\t<div class=\"elementor-widget-wrap elementor-element-populated\">\n\t\t\t\t\t\t<div class=\"elementor-element elementor-element-46cfcdf elementor-widget elementor-widget-heading\" data-id=\"46cfcdf\" data-element_type=\"widget\" data-e-type=\"widget\" data-widget_type=\"heading.default\">\n\t\t\t\t<div class=\"elementor-widget-container\">\n\t\t\t\t\t<h3 class=\"elementor-heading-title elementor-size-default\"><a href=\"https:\/\/denkmalpflege.tuwien.ac.at\/index.php\/themenschwerpunkte\/\" target=\"_blank\">THEMENSCHWERPUNKTE<\/a><\/h3>\t\t\t\t<\/div>\n\t\t\t\t<\/div>\n\t\t\t\t<div class=\"elementor-element elementor-element-689c6c7 elementor-widget elementor-widget-text-editor\" data-id=\"689c6c7\" data-element_type=\"widget\" data-e-type=\"widget\" data-widget_type=\"text-editor.default\">\n\t\t\t\t<div class=\"elementor-widget-container\">\n\t\t\t\t\t\t\t\t\t<p><em><strong>Areas of focus<\/strong><\/em><\/p>\t\t\t\t\t\t\t\t<\/div>\n\t\t\t\t<\/div>\n\t\t\t\t<div class=\"elementor-element elementor-element-af87ea5 elementor-widget-divider--view-line elementor-widget elementor-widget-divider\" data-id=\"af87ea5\" data-element_type=\"widget\" data-e-type=\"widget\" data-widget_type=\"divider.default\">\n\t\t\t\t<div class=\"elementor-widget-container\">\n\t\t\t\t\t\t\t<div class=\"elementor-divider\">\n\t\t\t<span class=\"elementor-divider-separator\">\n\t\t\t\t\t\t<\/span>\n\t\t<\/div>\n\t\t\t\t\t\t<\/div>\n\t\t\t\t<\/div>\n\t\t\t\t\t<\/div>\n\t\t<\/div>\n\t\t\t\t\t<\/div>\n\t\t<\/section>\n\t\t\t\t<section class=\"elementor-section elementor-top-section elementor-element elementor-element-b1c327b elementor-section-full_width elementor-section-height-default elementor-section-height-default\" data-id=\"b1c327b\" data-element_type=\"section\" data-e-type=\"section\">\n\t\t\t\t\t\t<div class=\"elementor-container elementor-column-gap-default\">\n\t\t\t\t\t<div class=\"elementor-column elementor-col-50 elementor-top-column elementor-element elementor-element-5ed78ab\" data-id=\"5ed78ab\" data-element_type=\"column\" data-e-type=\"column\">\n\t\t\t<div class=\"elementor-widget-wrap elementor-element-populated\">\n\t\t\t\t\t\t<div class=\"elementor-element elementor-element-15f7d7f elementor-nav-menu__align-start elementor-nav-menu--dropdown-mobile elementor-nav-menu__text-align-aside elementor-nav-menu--toggle elementor-nav-menu--burger elementor-widget elementor-widget-nav-menu\" data-id=\"15f7d7f\" data-element_type=\"widget\" data-e-type=\"widget\" data-settings=\"{&quot;layout&quot;:&quot;vertical&quot;,&quot;submenu_icon&quot;:{&quot;value&quot;:&quot;&lt;i class=\\&quot;\\&quot; aria-hidden=\\&quot;true\\&quot;&gt;&lt;\\\/i&gt;&quot;,&quot;library&quot;:&quot;&quot;},&quot;toggle&quot;:&quot;burger&quot;}\" data-widget_type=\"nav-menu.default\">\n\t\t\t\t<div class=\"elementor-widget-container\">\n\t\t\t\t\t\t\t\t<nav aria-label=\"Men\u00fc\" class=\"elementor-nav-menu--main elementor-nav-menu__container elementor-nav-menu--layout-vertical e--pointer-none\">\n\t\t\t\t<ul id=\"menu-1-15f7d7f\" class=\"elementor-nav-menu sm-vertical\"><li class=\"menu-item menu-item-type-post_type menu-item-object-page menu-item-27212\"><a href=\"https:\/\/denkmalpflege.tuwien.ac.at\/index.php\/themenschwerpunkt-denkmalpflege-und-transformation\/\" class=\"elementor-item\">Denkmalpflege und Transformation<\/a><\/li>\n<li class=\"menu-item menu-item-type-post_type menu-item-object-page menu-item-27284\"><a href=\"https:\/\/denkmalpflege.tuwien.ac.at\/index.php\/themenschwerpunkt-bestand-als-ressource\/\" class=\"elementor-item\">Bestand als Ressource<\/a><\/li>\n<li class=\"menu-item menu-item-type-post_type menu-item-object-page menu-item-27283\"><a href=\"https:\/\/denkmalpflege.tuwien.ac.at\/index.php\/themenschwerpunkt-denkmale-der-moderne\/\" class=\"elementor-item\">Denkmale der Moderne<\/a><\/li>\n<li class=\"menu-item menu-item-type-post_type menu-item-object-page menu-item-27282\"><a href=\"https:\/\/denkmalpflege.tuwien.ac.at\/index.php\/themenschwerpunkt-aneignung-kulturellen-erbes\/\" class=\"elementor-item\">Aneignung kulturellen Erbes<\/a><\/li>\n<li class=\"menu-item menu-item-type-post_type menu-item-object-page menu-item-27281\"><a href=\"https:\/\/denkmalpflege.tuwien.ac.at\/index.php\/themenschwerpunkt-wohnen-im-denkmal\/\" class=\"elementor-item\">Wohnen im Denkmal<\/a><\/li>\n<\/ul>\t\t\t<\/nav>\n\t\t\t\t\t<div class=\"elementor-menu-toggle\" role=\"button\" tabindex=\"0\" aria-label=\"Men\u00fc Umschalter\" aria-expanded=\"false\">\n\t\t\t<i aria-hidden=\"true\" role=\"presentation\" class=\"elementor-menu-toggle__icon--open eicon-menu-bar\"><\/i><i aria-hidden=\"true\" role=\"presentation\" class=\"elementor-menu-toggle__icon--close eicon-close\"><\/i>\t\t<\/div>\n\t\t\t\t\t<nav class=\"elementor-nav-menu--dropdown elementor-nav-menu__container\" aria-hidden=\"true\">\n\t\t\t\t<ul id=\"menu-2-15f7d7f\" class=\"elementor-nav-menu sm-vertical\"><li class=\"menu-item menu-item-type-post_type menu-item-object-page menu-item-27212\"><a href=\"https:\/\/denkmalpflege.tuwien.ac.at\/index.php\/themenschwerpunkt-denkmalpflege-und-transformation\/\" class=\"elementor-item\" tabindex=\"-1\">Denkmalpflege und Transformation<\/a><\/li>\n<li class=\"menu-item menu-item-type-post_type menu-item-object-page menu-item-27284\"><a href=\"https:\/\/denkmalpflege.tuwien.ac.at\/index.php\/themenschwerpunkt-bestand-als-ressource\/\" class=\"elementor-item\" tabindex=\"-1\">Bestand als Ressource<\/a><\/li>\n<li class=\"menu-item menu-item-type-post_type menu-item-object-page menu-item-27283\"><a href=\"https:\/\/denkmalpflege.tuwien.ac.at\/index.php\/themenschwerpunkt-denkmale-der-moderne\/\" class=\"elementor-item\" tabindex=\"-1\">Denkmale der Moderne<\/a><\/li>\n<li class=\"menu-item menu-item-type-post_type menu-item-object-page menu-item-27282\"><a href=\"https:\/\/denkmalpflege.tuwien.ac.at\/index.php\/themenschwerpunkt-aneignung-kulturellen-erbes\/\" class=\"elementor-item\" tabindex=\"-1\">Aneignung kulturellen Erbes<\/a><\/li>\n<li class=\"menu-item menu-item-type-post_type menu-item-object-page menu-item-27281\"><a href=\"https:\/\/denkmalpflege.tuwien.ac.at\/index.php\/themenschwerpunkt-wohnen-im-denkmal\/\" class=\"elementor-item\" tabindex=\"-1\">Wohnen im Denkmal<\/a><\/li>\n<\/ul>\t\t\t<\/nav>\n\t\t\t\t\t\t<\/div>\n\t\t\t\t<\/div>\n\t\t\t\t\t<\/div>\n\t\t<\/div>\n\t\t\t\t<div class=\"elementor-column elementor-col-50 elementor-top-column elementor-element elementor-element-b2c177f\" data-id=\"b2c177f\" data-element_type=\"column\" data-e-type=\"column\">\n\t\t\t<div class=\"elementor-widget-wrap elementor-element-populated\">\n\t\t\t\t\t\t<div class=\"elementor-element elementor-element-a146462 elementor-widget elementor-widget-heading\" data-id=\"a146462\" data-element_type=\"widget\" data-e-type=\"widget\" data-widget_type=\"heading.default\">\n\t\t\t\t<div class=\"elementor-widget-container\">\n\t\t\t\t\t<h2 class=\"elementor-heading-title elementor-size-default\">WOHNEN IM DENKMAL<\/h2>\t\t\t\t<\/div>\n\t\t\t\t<\/div>\n\t\t\t\t<div class=\"elementor-element elementor-element-b6f0c0c elementor-widget elementor-widget-text-editor\" data-id=\"b6f0c0c\" data-element_type=\"widget\" data-e-type=\"widget\" data-widget_type=\"text-editor.default\">\n\t\t\t\t<div class=\"elementor-widget-container\">\n\t\t\t\t\t\t\t\t\t<p>Partizipation, Wertzuschreibungen und Instrumente der Denkmalpflege f\u00fcr Wohnbauten, Siedlungen und Quartiere<\/p>\t\t\t\t\t\t\t\t<\/div>\n\t\t\t\t<\/div>\n\t\t\t\t<div class=\"elementor-element elementor-element-f46db11 elementor-widget elementor-widget-image\" data-id=\"f46db11\" data-element_type=\"widget\" data-e-type=\"widget\" data-widget_type=\"image.default\">\n\t\t\t\t<div class=\"elementor-widget-container\">\n\t\t\t\t\t\t\t\t\t\t\t\t\t\t\t<img fetchpriority=\"high\" decoding=\"async\" width=\"745\" height=\"1024\" src=\"https:\/\/denkmalpflege.tuwien.ac.at\/wp-content\/uploads\/2023\/10\/Wohnen-im-Denkmal-745x1024.jpg\" class=\"attachment-large size-large wp-image-27205\" alt=\"\" srcset=\"https:\/\/denkmalpflege.tuwien.ac.at\/wp-content\/uploads\/2023\/10\/Wohnen-im-Denkmal-745x1024.jpg 745w, https:\/\/denkmalpflege.tuwien.ac.at\/wp-content\/uploads\/2023\/10\/Wohnen-im-Denkmal-218x300.jpg 218w, https:\/\/denkmalpflege.tuwien.ac.at\/wp-content\/uploads\/2023\/10\/Wohnen-im-Denkmal-768x1056.jpg 768w, https:\/\/denkmalpflege.tuwien.ac.at\/wp-content\/uploads\/2023\/10\/Wohnen-im-Denkmal-1117x1536.jpg 1117w, https:\/\/denkmalpflege.tuwien.ac.at\/wp-content\/uploads\/2023\/10\/Wohnen-im-Denkmal-1489x2048.jpg 1489w, https:\/\/denkmalpflege.tuwien.ac.at\/wp-content\/uploads\/2023\/10\/Wohnen-im-Denkmal-700x963.jpg 700w, https:\/\/denkmalpflege.tuwien.ac.at\/wp-content\/uploads\/2023\/10\/Wohnen-im-Denkmal-scaled.jpg 1862w\" sizes=\"(max-width: 745px) 100vw, 745px\" \/>\t\t\t\t\t\t\t\t\t\t\t\t\t\t\t<\/div>\n\t\t\t\t<\/div>\n\t\t\t\t<div class=\"elementor-element elementor-element-817b015 elementor-widget elementor-widget-text-editor\" data-id=\"817b015\" data-element_type=\"widget\" data-e-type=\"widget\" data-widget_type=\"text-editor.default\">\n\t\t\t\t<div class=\"elementor-widget-container\">\n\t\t\t\t\t\t\t\t\t<p>Wohnbauten bestimmen die Gestalt unserer D\u00f6rfer und St\u00e4dte seit Jahrtausenden, sie pr\u00e4gen die Morphologie eines Ortes und sind eng verflochten mit der Alltagskultur der Menschen. Neben repr\u00e4sentativen Herrschaftsh\u00e4usern, deren Erhaltung und Langlebigkeit auch Legitimation und Autorit\u00e4t bedeutet, r\u00fccken zunehmend Miets- und Zinsh\u00e4user, Wohnsiedlungen und allt\u00e4gliche Einfamilienh\u00e4user in den Blick der Denkmalpflege und des Bauens im Bestand. Neben der Betrachtung von Einzeldenkmalen und Ensembles ist eine Denkmalpflege im st\u00e4dtebaulichen Ma\u00dfstab n\u00f6tig, die Schnittstellen zur Orts- und Raumplanung aufweist.<\/p><p>Dar\u00fcber hinaus stellen sich grundlegende Fragen des Faches in Bezug auf Partizipation, Wertzuschreibungsprozesse und Erhaltungsinstrumente. Wie bewertet und behandelt die Bewohnerschaft ihr Denkmal? K\u00f6nnen Pflege, Reparatur, Ver\u00e4nderung und Nutzungen f\u00fcr ganze Siedlungen g\u00fcltig vereinbart werden; nicht zuletzt auch um die Wohngemeinschaft zu st\u00e4rken? Wie werden Zeitschichten der historischen Substanz entwerferisch behandelt? Der Forschungsbereich widmet sich diesen Fragen im Kontext einer komplexen Wohnungskrise, in der Verdr\u00e4ngung in Ballungsr\u00e4umen, gro\u00dfma\u00dfst\u00e4bliche Verdichtung in historisch gewachsenen und kleinteiligen (Stadt-)Landschaften oder Leerst\u00e4nde in peripheren Lagen beobachtet werden.<\/p>\t\t\t\t\t\t\t\t<\/div>\n\t\t\t\t<\/div>\n\t\t\t\t<div class=\"elementor-element elementor-element-beec7be elementor-widget-divider--view-line elementor-widget elementor-widget-divider\" data-id=\"beec7be\" data-element_type=\"widget\" data-e-type=\"widget\" data-widget_type=\"divider.default\">\n\t\t\t\t<div class=\"elementor-widget-container\">\n\t\t\t\t\t\t\t<div class=\"elementor-divider\">\n\t\t\t<span class=\"elementor-divider-separator\">\n\t\t\t\t\t\t<\/span>\n\t\t<\/div>\n\t\t\t\t\t\t<\/div>\n\t\t\t\t<\/div>\n\t\t\t\t<div class=\"elementor-element elementor-element-3caa34b elementor-widget elementor-widget-text-editor\" data-id=\"3caa34b\" data-element_type=\"widget\" data-e-type=\"widget\" data-widget_type=\"text-editor.default\">\n\t\t\t\t<div class=\"elementor-widget-container\">\n\t\t\t\t\t\t\t\t\t<h2><strong>Living in a listed building<\/strong><\/h2><p><strong>Participation and heritage conservation management for residential buildings, settlements and neighbourhoods<\/strong><\/p><p>Residential buildings have determined the shape of our villages, towns, and cities for thousands of years, they shape the morphology of a place and are closely interwoven with the everyday culture of the people. Beyond manor houses and castles, whose preservation and longevity signifies legitimacy and authority, tenements and apartment buildings, housing estates and everyday single-family homes are increasingly coming into the focus of conservation issues. In addition to the protection of individual objects and ensembles, there is a need for heritage conservation management on an urban scale that interfaces with spatial planning.<\/p><p>Furthermore, fundamental questions of the subject arise in relation to participation in value attribution processes and management. How do residents value and manage their listed buildings? Can maintenance, repair, alteration and use be taken out of individual decisions processes and commonly agreed upon for entire settlements while strengthens community? How are layers of time be treated through interventions and design? The research area addresses these questions in the context of a complex housing crisis in which gentrification, large-scale densification in historically grown and small-scale (urban) landscapes or vacancies in peripheral locations can be observed.<\/p><p>\u00a0<\/p>\t\t\t\t\t\t\t\t<\/div>\n\t\t\t\t<\/div>\n\t\t\t\t\t<\/div>\n\t\t<\/div>\n\t\t\t\t\t<\/div>\n\t\t<\/section>\n\t\t\t\t<\/div>\n\t\t","protected":false},"excerpt":{"rendered":"<p>THEMENSCHWERPUNKTE Areas of focus WOHNEN IM DENKMAL Partizipation, Wertzuschreibungen und Instrumente der Denkmalpflege f\u00fcr Wohnbauten, Siedlungen und Quartiere Wohnbauten bestimmen die Gestalt unserer D\u00f6rfer und St\u00e4dte seit Jahrtausenden, sie pr\u00e4gen die Morphologie eines Ortes und sind eng verflochten mit der Alltagskultur der Menschen. Neben repr\u00e4sentativen Herrschaftsh\u00e4usern, deren Erhaltung und Langlebigkeit auch Legitimation und Autorit\u00e4t bedeutet, r\u00fccken zunehmend Miets- und Zinsh\u00e4user, Wohnsiedlungen und allt\u00e4gliche Einfamilienh\u00e4user in den Blick der Denkmalpflege und<\/p>\n<div class=\"belowpost\"><a class=\"btnmore icon-arrow\" href=\"https:\/\/denkmalpflege.tuwien.ac.at\/index.php\/themenschwerpunkt-wohnen-im-denkmal\/\"><span>Read More<\/span><\/a><\/div>\n","protected":false},"author":1,"featured_media":0,"parent":0,"menu_order":0,"comment_status":"closed","ping_status":"closed","template":"","meta":{"footnotes":""},"class_list":["post-27242","page","type-page","status-publish","hentry"],"yoast_head":"<!-- This site is optimized with the Yoast SEO plugin v27.5 - https:\/\/yoast.com\/product\/yoast-seo-wordpress\/ -->\n<title>Themenschwerpunkt Wohnen im Denkmal - Denkmalpflege und Bauen im Bestand<\/title>\n<meta name=\"robots\" content=\"index, follow, max-snippet:-1, max-image-preview:large, max-video-preview:-1\" \/>\n<link rel=\"canonical\" href=\"https:\/\/denkmalpflege.tuwien.ac.at\/index.php\/themenschwerpunkt-wohnen-im-denkmal\/\" \/>\n<meta property=\"og:locale\" content=\"de_DE\" \/>\n<meta property=\"og:type\" content=\"article\" \/>\n<meta property=\"og:title\" content=\"Themenschwerpunkt Wohnen im Denkmal - Denkmalpflege und Bauen im Bestand\" \/>\n<meta property=\"og:description\" content=\"THEMENSCHWERPUNKTE Areas of focus WOHNEN IM DENKMAL Partizipation, Wertzuschreibungen und Instrumente der Denkmalpflege f\u00fcr Wohnbauten, Siedlungen und Quartiere Wohnbauten bestimmen die Gestalt unserer D\u00f6rfer und St\u00e4dte seit Jahrtausenden, sie pr\u00e4gen die Morphologie eines Ortes und sind eng verflochten mit der Alltagskultur der Menschen. Neben repr\u00e4sentativen Herrschaftsh\u00e4usern, deren Erhaltung und Langlebigkeit auch Legitimation und Autorit\u00e4t bedeutet, r\u00fccken zunehmend Miets- und Zinsh\u00e4user, Wohnsiedlungen und allt\u00e4gliche Einfamilienh\u00e4user in den Blick der Denkmalpflege undRead More\" \/>\n<meta property=\"og:url\" content=\"https:\/\/denkmalpflege.tuwien.ac.at\/index.php\/themenschwerpunkt-wohnen-im-denkmal\/\" \/>\n<meta property=\"og:site_name\" content=\"Denkmalpflege und Bauen im Bestand\" \/>\n<meta property=\"article:modified_time\" content=\"2023-10-22T11:47:21+00:00\" \/>\n<meta property=\"og:image\" content=\"http:\/\/denkmalpflege.tuwien.ac.at\/wp-content\/uploads\/2023\/10\/Wohnen-im-Denkmal-745x1024.jpg\" \/>\n<meta name=\"twitter:card\" content=\"summary_large_image\" \/>\n<meta name=\"twitter:label1\" content=\"Gesch\u00e4tzte Lesezeit\" \/>\n\t<meta name=\"twitter:data1\" content=\"2\u00a0Minuten\" \/>\n<script type=\"application\/ld+json\" class=\"yoast-schema-graph\">{\"@context\":\"https:\\\/\\\/schema.org\",\"@graph\":[{\"@type\":\"WebPage\",\"@id\":\"https:\\\/\\\/denkmalpflege.tuwien.ac.at\\\/index.php\\\/themenschwerpunkt-wohnen-im-denkmal\\\/\",\"url\":\"https:\\\/\\\/denkmalpflege.tuwien.ac.at\\\/index.php\\\/themenschwerpunkt-wohnen-im-denkmal\\\/\",\"name\":\"Themenschwerpunkt Wohnen im Denkmal - Denkmalpflege und Bauen im Bestand\",\"isPartOf\":{\"@id\":\"https:\\\/\\\/denkmalpflege.tuwien.ac.at\\\/#website\"},\"primaryImageOfPage\":{\"@id\":\"https:\\\/\\\/denkmalpflege.tuwien.ac.at\\\/index.php\\\/themenschwerpunkt-wohnen-im-denkmal\\\/#primaryimage\"},\"image\":{\"@id\":\"https:\\\/\\\/denkmalpflege.tuwien.ac.at\\\/index.php\\\/themenschwerpunkt-wohnen-im-denkmal\\\/#primaryimage\"},\"thumbnailUrl\":\"http:\\\/\\\/denkmalpflege.tuwien.ac.at\\\/wp-content\\\/uploads\\\/2023\\\/10\\\/Wohnen-im-Denkmal-745x1024.jpg\",\"datePublished\":\"2023-10-04T13:50:52+00:00\",\"dateModified\":\"2023-10-22T11:47:21+00:00\",\"breadcrumb\":{\"@id\":\"https:\\\/\\\/denkmalpflege.tuwien.ac.at\\\/index.php\\\/themenschwerpunkt-wohnen-im-denkmal\\\/#breadcrumb\"},\"inLanguage\":\"de\",\"potentialAction\":[{\"@type\":\"ReadAction\",\"target\":[\"https:\\\/\\\/denkmalpflege.tuwien.ac.at\\\/index.php\\\/themenschwerpunkt-wohnen-im-denkmal\\\/\"]}]},{\"@type\":\"ImageObject\",\"inLanguage\":\"de\",\"@id\":\"https:\\\/\\\/denkmalpflege.tuwien.ac.at\\\/index.php\\\/themenschwerpunkt-wohnen-im-denkmal\\\/#primaryimage\",\"url\":\"https:\\\/\\\/denkmalpflege.tuwien.ac.at\\\/wp-content\\\/uploads\\\/2023\\\/10\\\/Wohnen-im-Denkmal-scaled.jpg\",\"contentUrl\":\"https:\\\/\\\/denkmalpflege.tuwien.ac.at\\\/wp-content\\\/uploads\\\/2023\\\/10\\\/Wohnen-im-Denkmal-scaled.jpg\",\"width\":1862,\"height\":2560},{\"@type\":\"BreadcrumbList\",\"@id\":\"https:\\\/\\\/denkmalpflege.tuwien.ac.at\\\/index.php\\\/themenschwerpunkt-wohnen-im-denkmal\\\/#breadcrumb\",\"itemListElement\":[{\"@type\":\"ListItem\",\"position\":1,\"name\":\"Startseite\",\"item\":\"https:\\\/\\\/denkmalpflege.tuwien.ac.at\\\/\"},{\"@type\":\"ListItem\",\"position\":2,\"name\":\"Themenschwerpunkt Wohnen im Denkmal\"}]},{\"@type\":\"WebSite\",\"@id\":\"https:\\\/\\\/denkmalpflege.tuwien.ac.at\\\/#website\",\"url\":\"https:\\\/\\\/denkmalpflege.tuwien.ac.at\\\/\",\"name\":\"Denkmalpflege und Bauen im Bestand\",\"description\":\"Denkmalpflege TU Wien\",\"publisher\":{\"@id\":\"https:\\\/\\\/denkmalpflege.tuwien.ac.at\\\/#organization\"},\"potentialAction\":[{\"@type\":\"SearchAction\",\"target\":{\"@type\":\"EntryPoint\",\"urlTemplate\":\"https:\\\/\\\/denkmalpflege.tuwien.ac.at\\\/?s={search_term_string}\"},\"query-input\":{\"@type\":\"PropertyValueSpecification\",\"valueRequired\":true,\"valueName\":\"search_term_string\"}}],\"inLanguage\":\"de\"},{\"@type\":\"Organization\",\"@id\":\"https:\\\/\\\/denkmalpflege.tuwien.ac.at\\\/#organization\",\"name\":\"TU Wien Denkmalpflege und Bauen im Bestand\",\"url\":\"https:\\\/\\\/denkmalpflege.tuwien.ac.at\\\/\",\"logo\":{\"@type\":\"ImageObject\",\"inLanguage\":\"de\",\"@id\":\"https:\\\/\\\/denkmalpflege.tuwien.ac.at\\\/#\\\/schema\\\/logo\\\/image\\\/\",\"url\":\"https:\\\/\\\/denkmalpflege.tuwien.ac.at\\\/wp-content\\\/uploads\\\/2019\\\/10\\\/Logo1.png\",\"contentUrl\":\"https:\\\/\\\/denkmalpflege.tuwien.ac.at\\\/wp-content\\\/uploads\\\/2019\\\/10\\\/Logo1.png\",\"width\":222,\"height\":79,\"caption\":\"TU Wien Denkmalpflege und Bauen im Bestand\"},\"image\":{\"@id\":\"https:\\\/\\\/denkmalpflege.tuwien.ac.at\\\/#\\\/schema\\\/logo\\\/image\\\/\"}}]}<\/script>\n<!-- \/ Yoast SEO plugin. -->","yoast_head_json":{"title":"Themenschwerpunkt Wohnen im Denkmal - Denkmalpflege und Bauen im Bestand","robots":{"index":"index","follow":"follow","max-snippet":"max-snippet:-1","max-image-preview":"max-image-preview:large","max-video-preview":"max-video-preview:-1"},"canonical":"https:\/\/denkmalpflege.tuwien.ac.at\/index.php\/themenschwerpunkt-wohnen-im-denkmal\/","og_locale":"de_DE","og_type":"article","og_title":"Themenschwerpunkt Wohnen im Denkmal - Denkmalpflege und Bauen im Bestand","og_description":"THEMENSCHWERPUNKTE Areas of focus WOHNEN IM DENKMAL Partizipation, Wertzuschreibungen und Instrumente der Denkmalpflege f\u00fcr Wohnbauten, Siedlungen und Quartiere Wohnbauten bestimmen die Gestalt unserer D\u00f6rfer und St\u00e4dte seit Jahrtausenden, sie pr\u00e4gen die Morphologie eines Ortes und sind eng verflochten mit der Alltagskultur der Menschen. Neben repr\u00e4sentativen Herrschaftsh\u00e4usern, deren Erhaltung und Langlebigkeit auch Legitimation und Autorit\u00e4t bedeutet, r\u00fccken zunehmend Miets- und Zinsh\u00e4user, Wohnsiedlungen und allt\u00e4gliche Einfamilienh\u00e4user in den Blick der Denkmalpflege undRead More","og_url":"https:\/\/denkmalpflege.tuwien.ac.at\/index.php\/themenschwerpunkt-wohnen-im-denkmal\/","og_site_name":"Denkmalpflege und Bauen im Bestand","article_modified_time":"2023-10-22T11:47:21+00:00","og_image":[{"url":"http:\/\/denkmalpflege.tuwien.ac.at\/wp-content\/uploads\/2023\/10\/Wohnen-im-Denkmal-745x1024.jpg","type":"","width":"","height":""}],"twitter_card":"summary_large_image","twitter_misc":{"Gesch\u00e4tzte Lesezeit":"2\u00a0Minuten"},"schema":{"@context":"https:\/\/schema.org","@graph":[{"@type":"WebPage","@id":"https:\/\/denkmalpflege.tuwien.ac.at\/index.php\/themenschwerpunkt-wohnen-im-denkmal\/","url":"https:\/\/denkmalpflege.tuwien.ac.at\/index.php\/themenschwerpunkt-wohnen-im-denkmal\/","name":"Themenschwerpunkt Wohnen im Denkmal - Denkmalpflege und Bauen im Bestand","isPartOf":{"@id":"https:\/\/denkmalpflege.tuwien.ac.at\/#website"},"primaryImageOfPage":{"@id":"https:\/\/denkmalpflege.tuwien.ac.at\/index.php\/themenschwerpunkt-wohnen-im-denkmal\/#primaryimage"},"image":{"@id":"https:\/\/denkmalpflege.tuwien.ac.at\/index.php\/themenschwerpunkt-wohnen-im-denkmal\/#primaryimage"},"thumbnailUrl":"http:\/\/denkmalpflege.tuwien.ac.at\/wp-content\/uploads\/2023\/10\/Wohnen-im-Denkmal-745x1024.jpg","datePublished":"2023-10-04T13:50:52+00:00","dateModified":"2023-10-22T11:47:21+00:00","breadcrumb":{"@id":"https:\/\/denkmalpflege.tuwien.ac.at\/index.php\/themenschwerpunkt-wohnen-im-denkmal\/#breadcrumb"},"inLanguage":"de","potentialAction":[{"@type":"ReadAction","target":["https:\/\/denkmalpflege.tuwien.ac.at\/index.php\/themenschwerpunkt-wohnen-im-denkmal\/"]}]},{"@type":"ImageObject","inLanguage":"de","@id":"https:\/\/denkmalpflege.tuwien.ac.at\/index.php\/themenschwerpunkt-wohnen-im-denkmal\/#primaryimage","url":"https:\/\/denkmalpflege.tuwien.ac.at\/wp-content\/uploads\/2023\/10\/Wohnen-im-Denkmal-scaled.jpg","contentUrl":"https:\/\/denkmalpflege.tuwien.ac.at\/wp-content\/uploads\/2023\/10\/Wohnen-im-Denkmal-scaled.jpg","width":1862,"height":2560},{"@type":"BreadcrumbList","@id":"https:\/\/denkmalpflege.tuwien.ac.at\/index.php\/themenschwerpunkt-wohnen-im-denkmal\/#breadcrumb","itemListElement":[{"@type":"ListItem","position":1,"name":"Startseite","item":"https:\/\/denkmalpflege.tuwien.ac.at\/"},{"@type":"ListItem","position":2,"name":"Themenschwerpunkt Wohnen im Denkmal"}]},{"@type":"WebSite","@id":"https:\/\/denkmalpflege.tuwien.ac.at\/#website","url":"https:\/\/denkmalpflege.tuwien.ac.at\/","name":"Denkmalpflege und Bauen im Bestand","description":"Denkmalpflege TU Wien","publisher":{"@id":"https:\/\/denkmalpflege.tuwien.ac.at\/#organization"},"potentialAction":[{"@type":"SearchAction","target":{"@type":"EntryPoint","urlTemplate":"https:\/\/denkmalpflege.tuwien.ac.at\/?s={search_term_string}"},"query-input":{"@type":"PropertyValueSpecification","valueRequired":true,"valueName":"search_term_string"}}],"inLanguage":"de"},{"@type":"Organization","@id":"https:\/\/denkmalpflege.tuwien.ac.at\/#organization","name":"TU Wien Denkmalpflege und Bauen im Bestand","url":"https:\/\/denkmalpflege.tuwien.ac.at\/","logo":{"@type":"ImageObject","inLanguage":"de","@id":"https:\/\/denkmalpflege.tuwien.ac.at\/#\/schema\/logo\/image\/","url":"https:\/\/denkmalpflege.tuwien.ac.at\/wp-content\/uploads\/2019\/10\/Logo1.png","contentUrl":"https:\/\/denkmalpflege.tuwien.ac.at\/wp-content\/uploads\/2019\/10\/Logo1.png","width":222,"height":79,"caption":"TU Wien Denkmalpflege und Bauen im Bestand"},"image":{"@id":"https:\/\/denkmalpflege.tuwien.ac.at\/#\/schema\/logo\/image\/"}}]}},"_links":{"self":[{"href":"https:\/\/denkmalpflege.tuwien.ac.at\/index.php\/wp-json\/wp\/v2\/pages\/27242","targetHints":{"allow":["GET"]}}],"collection":[{"href":"https:\/\/denkmalpflege.tuwien.ac.at\/index.php\/wp-json\/wp\/v2\/pages"}],"about":[{"href":"https:\/\/denkmalpflege.tuwien.ac.at\/index.php\/wp-json\/wp\/v2\/types\/page"}],"author":[{"embeddable":true,"href":"https:\/\/denkmalpflege.tuwien.ac.at\/index.php\/wp-json\/wp\/v2\/users\/1"}],"replies":[{"embeddable":true,"href":"https:\/\/denkmalpflege.tuwien.ac.at\/index.php\/wp-json\/wp\/v2\/comments?post=27242"}],"version-history":[{"count":10,"href":"https:\/\/denkmalpflege.tuwien.ac.at\/index.php\/wp-json\/wp\/v2\/pages\/27242\/revisions"}],"predecessor-version":[{"id":28415,"href":"https:\/\/denkmalpflege.tuwien.ac.at\/index.php\/wp-json\/wp\/v2\/pages\/27242\/revisions\/28415"}],"wp:attachment":[{"href":"https:\/\/denkmalpflege.tuwien.ac.at\/index.php\/wp-json\/wp\/v2\/media?parent=27242"}],"curies":[{"name":"wp","href":"https:\/\/api.w.org\/{rel}","templated":true}]}}