{"id":27240,"date":"2023-10-04T15:50:29","date_gmt":"2023-10-04T13:50:29","guid":{"rendered":"https:\/\/denkmalpflege.tuwien.ac.at\/?page_id=27240"},"modified":"2023-10-22T13:47:43","modified_gmt":"2023-10-22T11:47:43","slug":"themenschwerpunkt-aneignung-kulturellen-erbes","status":"publish","type":"page","link":"https:\/\/denkmalpflege.tuwien.ac.at\/index.php\/themenschwerpunkt-aneignung-kulturellen-erbes\/","title":{"rendered":"Themenschwerpunkt Aneignung kulturellen Erbes"},"content":{"rendered":"\t\t<div data-elementor-type=\"wp-page\" data-elementor-id=\"27240\" class=\"elementor elementor-27240\" data-elementor-post-type=\"page\">\n\t\t\t\t\t\t<section class=\"elementor-section elementor-top-section elementor-element elementor-element-deadf1c elementor-section-full_width elementor-section-height-default elementor-section-height-default\" data-id=\"deadf1c\" data-element_type=\"section\">\n\t\t\t\t\t\t<div class=\"elementor-container elementor-column-gap-default\">\n\t\t\t\t\t<div class=\"elementor-column elementor-col-100 elementor-top-column elementor-element elementor-element-4d03bc4\" data-id=\"4d03bc4\" data-element_type=\"column\">\n\t\t\t<div class=\"elementor-widget-wrap elementor-element-populated\">\n\t\t\t\t\t\t<div class=\"elementor-element elementor-element-46cfcdf elementor-widget elementor-widget-heading\" data-id=\"46cfcdf\" data-element_type=\"widget\" data-widget_type=\"heading.default\">\n\t\t\t\t<div class=\"elementor-widget-container\">\n\t\t\t\t\t<h3 class=\"elementor-heading-title elementor-size-default\"><a href=\"https:\/\/denkmalpflege.tuwien.ac.at\/index.php\/themenschwerpunkte\/\" target=\"_blank\">THEMENSCHWERPUNKTE<\/a><\/h3>\t\t\t\t<\/div>\n\t\t\t\t<\/div>\n\t\t\t\t<div class=\"elementor-element elementor-element-689c6c7 elementor-widget elementor-widget-text-editor\" data-id=\"689c6c7\" data-element_type=\"widget\" data-widget_type=\"text-editor.default\">\n\t\t\t\t<div class=\"elementor-widget-container\">\n\t\t\t\t\t\t\t\t\t<p><em><strong>Areas of focus<\/strong><\/em><\/p>\t\t\t\t\t\t\t\t<\/div>\n\t\t\t\t<\/div>\n\t\t\t\t<div class=\"elementor-element elementor-element-af87ea5 elementor-widget-divider--view-line elementor-widget elementor-widget-divider\" data-id=\"af87ea5\" data-element_type=\"widget\" data-widget_type=\"divider.default\">\n\t\t\t\t<div class=\"elementor-widget-container\">\n\t\t\t\t\t\t\t<div class=\"elementor-divider\">\n\t\t\t<span class=\"elementor-divider-separator\">\n\t\t\t\t\t\t<\/span>\n\t\t<\/div>\n\t\t\t\t\t\t<\/div>\n\t\t\t\t<\/div>\n\t\t\t\t\t<\/div>\n\t\t<\/div>\n\t\t\t\t\t<\/div>\n\t\t<\/section>\n\t\t\t\t<section class=\"elementor-section elementor-top-section elementor-element elementor-element-b1c327b elementor-section-full_width elementor-section-height-default elementor-section-height-default\" data-id=\"b1c327b\" data-element_type=\"section\">\n\t\t\t\t\t\t<div class=\"elementor-container elementor-column-gap-default\">\n\t\t\t\t\t<div class=\"elementor-column elementor-col-50 elementor-top-column elementor-element elementor-element-5ed78ab\" data-id=\"5ed78ab\" data-element_type=\"column\">\n\t\t\t<div class=\"elementor-widget-wrap elementor-element-populated\">\n\t\t\t\t\t\t<div class=\"elementor-element elementor-element-15f7d7f elementor-nav-menu__align-start elementor-nav-menu--dropdown-mobile elementor-nav-menu__text-align-aside elementor-nav-menu--toggle elementor-nav-menu--burger elementor-widget elementor-widget-nav-menu\" data-id=\"15f7d7f\" data-element_type=\"widget\" data-settings=\"{&quot;layout&quot;:&quot;vertical&quot;,&quot;submenu_icon&quot;:{&quot;value&quot;:&quot;&lt;i class=\\&quot;\\&quot; aria-hidden=\\&quot;true\\&quot;&gt;&lt;\\\/i&gt;&quot;,&quot;library&quot;:&quot;&quot;},&quot;toggle&quot;:&quot;burger&quot;}\" data-widget_type=\"nav-menu.default\">\n\t\t\t\t<div class=\"elementor-widget-container\">\n\t\t\t\t\t\t\t\t<nav aria-label=\"Men\u00fc\" class=\"elementor-nav-menu--main elementor-nav-menu__container elementor-nav-menu--layout-vertical e--pointer-none\">\n\t\t\t\t<ul id=\"menu-1-15f7d7f\" class=\"elementor-nav-menu sm-vertical\"><li class=\"menu-item menu-item-type-post_type menu-item-object-page menu-item-27212\"><a href=\"https:\/\/denkmalpflege.tuwien.ac.at\/index.php\/themenschwerpunkt-denkmalpflege-und-transformation\/\" class=\"elementor-item\">Denkmalpflege und Transformation<\/a><\/li>\n<li class=\"menu-item menu-item-type-post_type menu-item-object-page menu-item-27284\"><a href=\"https:\/\/denkmalpflege.tuwien.ac.at\/index.php\/themenschwerpunkt-bestand-als-ressource\/\" class=\"elementor-item\">Bestand als Ressource<\/a><\/li>\n<li class=\"menu-item menu-item-type-post_type menu-item-object-page menu-item-27283\"><a href=\"https:\/\/denkmalpflege.tuwien.ac.at\/index.php\/themenschwerpunkt-denkmale-der-moderne\/\" class=\"elementor-item\">Denkmale der Moderne<\/a><\/li>\n<li class=\"menu-item menu-item-type-post_type menu-item-object-page menu-item-27282\"><a href=\"https:\/\/denkmalpflege.tuwien.ac.at\/index.php\/themenschwerpunkt-aneignung-kulturellen-erbes\/\" class=\"elementor-item\">Aneignung kulturellen Erbes<\/a><\/li>\n<li class=\"menu-item menu-item-type-post_type menu-item-object-page menu-item-27281\"><a href=\"https:\/\/denkmalpflege.tuwien.ac.at\/index.php\/themenschwerpunkt-wohnen-im-denkmal\/\" class=\"elementor-item\">Wohnen im Denkmal<\/a><\/li>\n<\/ul>\t\t\t<\/nav>\n\t\t\t\t\t<div class=\"elementor-menu-toggle\" role=\"button\" tabindex=\"0\" aria-label=\"Men\u00fc Umschalter\" aria-expanded=\"false\">\n\t\t\t<i aria-hidden=\"true\" role=\"presentation\" class=\"elementor-menu-toggle__icon--open eicon-menu-bar\"><\/i><i aria-hidden=\"true\" role=\"presentation\" class=\"elementor-menu-toggle__icon--close eicon-close\"><\/i>\t\t<\/div>\n\t\t\t\t\t<nav class=\"elementor-nav-menu--dropdown elementor-nav-menu__container\" aria-hidden=\"true\">\n\t\t\t\t<ul id=\"menu-2-15f7d7f\" class=\"elementor-nav-menu sm-vertical\"><li class=\"menu-item menu-item-type-post_type menu-item-object-page menu-item-27212\"><a href=\"https:\/\/denkmalpflege.tuwien.ac.at\/index.php\/themenschwerpunkt-denkmalpflege-und-transformation\/\" class=\"elementor-item\" tabindex=\"-1\">Denkmalpflege und Transformation<\/a><\/li>\n<li class=\"menu-item menu-item-type-post_type menu-item-object-page menu-item-27284\"><a href=\"https:\/\/denkmalpflege.tuwien.ac.at\/index.php\/themenschwerpunkt-bestand-als-ressource\/\" class=\"elementor-item\" tabindex=\"-1\">Bestand als Ressource<\/a><\/li>\n<li class=\"menu-item menu-item-type-post_type menu-item-object-page menu-item-27283\"><a href=\"https:\/\/denkmalpflege.tuwien.ac.at\/index.php\/themenschwerpunkt-denkmale-der-moderne\/\" class=\"elementor-item\" tabindex=\"-1\">Denkmale der Moderne<\/a><\/li>\n<li class=\"menu-item menu-item-type-post_type menu-item-object-page menu-item-27282\"><a href=\"https:\/\/denkmalpflege.tuwien.ac.at\/index.php\/themenschwerpunkt-aneignung-kulturellen-erbes\/\" class=\"elementor-item\" tabindex=\"-1\">Aneignung kulturellen Erbes<\/a><\/li>\n<li class=\"menu-item menu-item-type-post_type menu-item-object-page menu-item-27281\"><a href=\"https:\/\/denkmalpflege.tuwien.ac.at\/index.php\/themenschwerpunkt-wohnen-im-denkmal\/\" class=\"elementor-item\" tabindex=\"-1\">Wohnen im Denkmal<\/a><\/li>\n<\/ul>\t\t\t<\/nav>\n\t\t\t\t\t\t<\/div>\n\t\t\t\t<\/div>\n\t\t\t\t\t<\/div>\n\t\t<\/div>\n\t\t\t\t<div class=\"elementor-column elementor-col-50 elementor-top-column elementor-element elementor-element-b2c177f\" data-id=\"b2c177f\" data-element_type=\"column\">\n\t\t\t<div class=\"elementor-widget-wrap elementor-element-populated\">\n\t\t\t\t\t\t<div class=\"elementor-element elementor-element-a146462 elementor-widget elementor-widget-heading\" data-id=\"a146462\" data-element_type=\"widget\" data-widget_type=\"heading.default\">\n\t\t\t\t<div class=\"elementor-widget-container\">\n\t\t\t\t\t<h2 class=\"elementor-heading-title elementor-size-default\">ANEIGNUNG KULTURELLEN ERBES<\/h2>\t\t\t\t<\/div>\n\t\t\t\t<\/div>\n\t\t\t\t<div class=\"elementor-element elementor-element-b6f0c0c elementor-widget elementor-widget-text-editor\" data-id=\"b6f0c0c\" data-element_type=\"widget\" data-widget_type=\"text-editor.default\">\n\t\t\t\t<div class=\"elementor-widget-container\">\n\t\t\t\t\t\t\t\t\t<p>Auseinandersetzung mit den Denkmalwerten in der Gegenwart<\/p>\t\t\t\t\t\t\t\t<\/div>\n\t\t\t\t<\/div>\n\t\t\t\t<div class=\"elementor-element elementor-element-f46db11 elementor-widget elementor-widget-image\" data-id=\"f46db11\" data-element_type=\"widget\" data-widget_type=\"image.default\">\n\t\t\t\t<div class=\"elementor-widget-container\">\n\t\t\t\t\t\t\t\t\t\t\t\t\t\t\t<img fetchpriority=\"high\" decoding=\"async\" width=\"745\" height=\"1024\" src=\"https:\/\/denkmalpflege.tuwien.ac.at\/wp-content\/uploads\/2023\/10\/Aneignung-kulturellen-Erbes-745x1024.jpg\" class=\"attachment-large size-large wp-image-27201\" alt=\"\" srcset=\"https:\/\/denkmalpflege.tuwien.ac.at\/wp-content\/uploads\/2023\/10\/Aneignung-kulturellen-Erbes-745x1024.jpg 745w, https:\/\/denkmalpflege.tuwien.ac.at\/wp-content\/uploads\/2023\/10\/Aneignung-kulturellen-Erbes-218x300.jpg 218w, https:\/\/denkmalpflege.tuwien.ac.at\/wp-content\/uploads\/2023\/10\/Aneignung-kulturellen-Erbes-768x1056.jpg 768w, https:\/\/denkmalpflege.tuwien.ac.at\/wp-content\/uploads\/2023\/10\/Aneignung-kulturellen-Erbes-1117x1536.jpg 1117w, https:\/\/denkmalpflege.tuwien.ac.at\/wp-content\/uploads\/2023\/10\/Aneignung-kulturellen-Erbes-1489x2048.jpg 1489w, https:\/\/denkmalpflege.tuwien.ac.at\/wp-content\/uploads\/2023\/10\/Aneignung-kulturellen-Erbes-700x963.jpg 700w, https:\/\/denkmalpflege.tuwien.ac.at\/wp-content\/uploads\/2023\/10\/Aneignung-kulturellen-Erbes-scaled.jpg 1862w\" sizes=\"(max-width: 745px) 100vw, 745px\" \/>\t\t\t\t\t\t\t\t\t\t\t\t\t\t\t<\/div>\n\t\t\t\t<\/div>\n\t\t\t\t<div class=\"elementor-element elementor-element-817b015 elementor-widget elementor-widget-text-editor\" data-id=\"817b015\" data-element_type=\"widget\" data-widget_type=\"text-editor.default\">\n\t\t\t\t<div class=\"elementor-widget-container\">\n\t\t\t\t\t\t\t\t\t<p>Auf den ersten Blick verspricht die Unterschutzstellung eines Baubestands und kulturellen Erbes den gleichbleibenden Erhalt eines Objekts. Dennoch sind Konzepte des Erhaltens beispielsweise von Denkmalwerten und Bewertungen abh\u00e4ngig, die einem Objekt \u00e4u\u00dferlich zugeschrieben werden und dynamisch sind. Denn die Aneignung und Verhandlung kulturellen Erbes sind immer von gesellschaftlichen Idealen, politischen Machtverh\u00e4ltnissen und vorherrschenden Sozialstrukturen gepr\u00e4gt. Die Auswahl und Interpretation von Denkmalen sind von diesem Umstand nicht ausgenommen. Eine zentrale Frage im Umgang mit Denkmalen ist daher, wer unter welchen Umst\u00e4nden und aus welchen Gr\u00fcnden einem Denkmal einen Wert zuweist und sich diese Orte und Architekturen zu eigen macht. Umgekehrt stellt sich die Frage, welche Personen oder Gruppen an Wertzuschreibungs- und Aneignungsprozessen nur bedingt beteiligt oder von diesen sogar ausgeschlossen werden. Aktuell gibt es beispielsweise andauernde gesellschaftliche Auseinandersetzungen um die Denkmalst\u00fcrze. Dabei geht es nicht zuletzt um die Sichtbarmachung von Rassismus, Diskriminierung und sozialer Marginalisierung, die historisch in Gesellschaften verankert sind und auch durch bisherige Denkmalausweisungen tradiert wurden.<\/p><p>Der Themenschwerpunkt befasst sich mit der Aneignung von kulturellem Erbe in Vergangenheit und Gegenwart und fragt danach, welche Rolle die etablierte Denkmalbewertung in diesem Prozess Auseinandersetzungen Erbes spielt. Dabei wird reflektiert, inwiefern die bestehenden Interpretations- und Aneignungspraktiken angepasst werden m\u00fcssen, um kritischen Debatten gerecht zur werden.<\/p>\t\t\t\t\t\t\t\t<\/div>\n\t\t\t\t<\/div>\n\t\t\t\t<div class=\"elementor-element elementor-element-beec7be elementor-widget-divider--view-line elementor-widget elementor-widget-divider\" data-id=\"beec7be\" data-element_type=\"widget\" data-widget_type=\"divider.default\">\n\t\t\t\t<div class=\"elementor-widget-container\">\n\t\t\t\t\t\t\t<div class=\"elementor-divider\">\n\t\t\t<span class=\"elementor-divider-separator\">\n\t\t\t\t\t\t<\/span>\n\t\t<\/div>\n\t\t\t\t\t\t<\/div>\n\t\t\t\t<\/div>\n\t\t\t\t<div class=\"elementor-element elementor-element-3caa34b elementor-widget elementor-widget-text-editor\" data-id=\"3caa34b\" data-element_type=\"widget\" data-widget_type=\"text-editor.default\">\n\t\t\t\t<div class=\"elementor-widget-container\">\n\t\t\t\t\t\t\t\t\t<h2><strong>Appropriation of cultural heritage <\/strong><\/h2><p><strong>Dealing with the values of monuments in the present day<\/strong><\/p><p>The appropriation and negotiation of cultural heritage are always shaped by political power relations and prevailing social structures. The selection and interpretation of monuments and listed buildings are not exempt from this circumstance. An important question in dealing with the built heritage is therefore: who assigns under which circumstances a value to a heritage artefact and for what reasons? Conversely, the question arises as to which extent persons or groups are only conditionally involved or even excluded from the attribution values. Currently, there are ongoing social disputes about the renaming of public squares and streets or the toppling of monuments. These debates address also about making racism, discrimination and social marginalization visible, which are historically anchored in societies.<\/p><p>The research focus deals with the appropriation of cultural heritage in the past and present and analyzes the role of established monument values in these. The topic also reflects critically on the extent to which existing practices of dealing with the values of monuments needs to be adapted in order to do justice to critical debates.<\/p>\t\t\t\t\t\t\t\t<\/div>\n\t\t\t\t<\/div>\n\t\t\t\t\t<\/div>\n\t\t<\/div>\n\t\t\t\t\t<\/div>\n\t\t<\/section>\n\t\t\t\t<\/div>\n\t\t","protected":false},"excerpt":{"rendered":"<p>THEMENSCHWERPUNKTE Areas of focus ANEIGNUNG KULTURELLEN ERBES Auseinandersetzung mit den Denkmalwerten in der Gegenwart Auf den ersten Blick verspricht die Unterschutzstellung eines Baubestands und kulturellen Erbes den gleichbleibenden Erhalt eines Objekts. Dennoch sind Konzepte des Erhaltens beispielsweise von Denkmalwerten und Bewertungen abh\u00e4ngig, die einem Objekt \u00e4u\u00dferlich zugeschrieben werden und dynamisch sind. Denn die Aneignung und Verhandlung kulturellen Erbes sind immer von gesellschaftlichen Idealen, politischen Machtverh\u00e4ltnissen und vorherrschenden Sozialstrukturen gepr\u00e4gt. Die<\/p>\n<div class=\"belowpost\"><a class=\"btnmore icon-arrow\" href=\"https:\/\/denkmalpflege.tuwien.ac.at\/index.php\/themenschwerpunkt-aneignung-kulturellen-erbes\/\"><span>Read More<\/span><\/a><\/div>\n","protected":false},"author":1,"featured_media":0,"parent":0,"menu_order":0,"comment_status":"closed","ping_status":"closed","template":"","meta":{"footnotes":""},"class_list":["post-27240","page","type-page","status-publish","hentry"],"yoast_head":"<!-- This site is optimized with the Yoast SEO plugin v26.0 - https:\/\/yoast.com\/wordpress\/plugins\/seo\/ -->\n<title>Themenschwerpunkt Aneignung kulturellen Erbes - Denkmalpflege und Bauen im Bestand<\/title>\n<meta name=\"robots\" content=\"index, follow, max-snippet:-1, max-image-preview:large, max-video-preview:-1\" \/>\n<link rel=\"canonical\" href=\"https:\/\/denkmalpflege.tuwien.ac.at\/index.php\/themenschwerpunkt-aneignung-kulturellen-erbes\/\" \/>\n<meta property=\"og:locale\" content=\"de_DE\" \/>\n<meta property=\"og:type\" content=\"article\" \/>\n<meta property=\"og:title\" content=\"Themenschwerpunkt Aneignung kulturellen Erbes - Denkmalpflege und Bauen im Bestand\" \/>\n<meta property=\"og:description\" content=\"THEMENSCHWERPUNKTE Areas of focus ANEIGNUNG KULTURELLEN ERBES Auseinandersetzung mit den Denkmalwerten in der Gegenwart Auf den ersten Blick verspricht die Unterschutzstellung eines Baubestands und kulturellen Erbes den gleichbleibenden Erhalt eines Objekts. Dennoch sind Konzepte des Erhaltens beispielsweise von Denkmalwerten und Bewertungen abh\u00e4ngig, die einem Objekt \u00e4u\u00dferlich zugeschrieben werden und dynamisch sind. Denn die Aneignung und Verhandlung kulturellen Erbes sind immer von gesellschaftlichen Idealen, politischen Machtverh\u00e4ltnissen und vorherrschenden Sozialstrukturen gepr\u00e4gt. DieRead More\" \/>\n<meta property=\"og:url\" content=\"https:\/\/denkmalpflege.tuwien.ac.at\/index.php\/themenschwerpunkt-aneignung-kulturellen-erbes\/\" \/>\n<meta property=\"og:site_name\" content=\"Denkmalpflege und Bauen im Bestand\" \/>\n<meta property=\"article:modified_time\" content=\"2023-10-22T11:47:43+00:00\" \/>\n<meta property=\"og:image\" content=\"http:\/\/denkmalpflege.tuwien.ac.at\/wp-content\/uploads\/2023\/10\/Aneignung-kulturellen-Erbes-745x1024.jpg\" \/>\n<meta name=\"twitter:card\" content=\"summary_large_image\" \/>\n<meta name=\"twitter:label1\" content=\"Gesch\u00e4tzte Lesezeit\" \/>\n\t<meta name=\"twitter:data1\" content=\"2\u00a0Minuten\" \/>\n<script type=\"application\/ld+json\" class=\"yoast-schema-graph\">{\"@context\":\"https:\/\/schema.org\",\"@graph\":[{\"@type\":\"WebPage\",\"@id\":\"https:\/\/denkmalpflege.tuwien.ac.at\/index.php\/themenschwerpunkt-aneignung-kulturellen-erbes\/\",\"url\":\"https:\/\/denkmalpflege.tuwien.ac.at\/index.php\/themenschwerpunkt-aneignung-kulturellen-erbes\/\",\"name\":\"Themenschwerpunkt Aneignung kulturellen Erbes - Denkmalpflege und Bauen im Bestand\",\"isPartOf\":{\"@id\":\"https:\/\/denkmalpflege.tuwien.ac.at\/#website\"},\"primaryImageOfPage\":{\"@id\":\"https:\/\/denkmalpflege.tuwien.ac.at\/index.php\/themenschwerpunkt-aneignung-kulturellen-erbes\/#primaryimage\"},\"image\":{\"@id\":\"https:\/\/denkmalpflege.tuwien.ac.at\/index.php\/themenschwerpunkt-aneignung-kulturellen-erbes\/#primaryimage\"},\"thumbnailUrl\":\"http:\/\/denkmalpflege.tuwien.ac.at\/wp-content\/uploads\/2023\/10\/Aneignung-kulturellen-Erbes-745x1024.jpg\",\"datePublished\":\"2023-10-04T13:50:29+00:00\",\"dateModified\":\"2023-10-22T11:47:43+00:00\",\"breadcrumb\":{\"@id\":\"https:\/\/denkmalpflege.tuwien.ac.at\/index.php\/themenschwerpunkt-aneignung-kulturellen-erbes\/#breadcrumb\"},\"inLanguage\":\"de\",\"potentialAction\":[{\"@type\":\"ReadAction\",\"target\":[\"https:\/\/denkmalpflege.tuwien.ac.at\/index.php\/themenschwerpunkt-aneignung-kulturellen-erbes\/\"]}]},{\"@type\":\"ImageObject\",\"inLanguage\":\"de\",\"@id\":\"https:\/\/denkmalpflege.tuwien.ac.at\/index.php\/themenschwerpunkt-aneignung-kulturellen-erbes\/#primaryimage\",\"url\":\"https:\/\/denkmalpflege.tuwien.ac.at\/wp-content\/uploads\/2023\/10\/Aneignung-kulturellen-Erbes-scaled.jpg\",\"contentUrl\":\"https:\/\/denkmalpflege.tuwien.ac.at\/wp-content\/uploads\/2023\/10\/Aneignung-kulturellen-Erbes-scaled.jpg\",\"width\":1862,\"height\":2560},{\"@type\":\"BreadcrumbList\",\"@id\":\"https:\/\/denkmalpflege.tuwien.ac.at\/index.php\/themenschwerpunkt-aneignung-kulturellen-erbes\/#breadcrumb\",\"itemListElement\":[{\"@type\":\"ListItem\",\"position\":1,\"name\":\"Startseite\",\"item\":\"https:\/\/denkmalpflege.tuwien.ac.at\/\"},{\"@type\":\"ListItem\",\"position\":2,\"name\":\"Themenschwerpunkt Aneignung kulturellen Erbes\"}]},{\"@type\":\"WebSite\",\"@id\":\"https:\/\/denkmalpflege.tuwien.ac.at\/#website\",\"url\":\"https:\/\/denkmalpflege.tuwien.ac.at\/\",\"name\":\"Denkmalpflege und Bauen im Bestand\",\"description\":\"Denkmalpflege TU Wien\",\"publisher\":{\"@id\":\"https:\/\/denkmalpflege.tuwien.ac.at\/#organization\"},\"potentialAction\":[{\"@type\":\"SearchAction\",\"target\":{\"@type\":\"EntryPoint\",\"urlTemplate\":\"https:\/\/denkmalpflege.tuwien.ac.at\/?s={search_term_string}\"},\"query-input\":{\"@type\":\"PropertyValueSpecification\",\"valueRequired\":true,\"valueName\":\"search_term_string\"}}],\"inLanguage\":\"de\"},{\"@type\":\"Organization\",\"@id\":\"https:\/\/denkmalpflege.tuwien.ac.at\/#organization\",\"name\":\"TU Wien Denkmalpflege und Bauen im Bestand\",\"url\":\"https:\/\/denkmalpflege.tuwien.ac.at\/\",\"logo\":{\"@type\":\"ImageObject\",\"inLanguage\":\"de\",\"@id\":\"https:\/\/denkmalpflege.tuwien.ac.at\/#\/schema\/logo\/image\/\",\"url\":\"https:\/\/denkmalpflege.tuwien.ac.at\/wp-content\/uploads\/2019\/10\/Logo1.png\",\"contentUrl\":\"https:\/\/denkmalpflege.tuwien.ac.at\/wp-content\/uploads\/2019\/10\/Logo1.png\",\"width\":222,\"height\":79,\"caption\":\"TU Wien Denkmalpflege und Bauen im Bestand\"},\"image\":{\"@id\":\"https:\/\/denkmalpflege.tuwien.ac.at\/#\/schema\/logo\/image\/\"}}]}<\/script>\n<!-- \/ Yoast SEO plugin. -->","yoast_head_json":{"title":"Themenschwerpunkt Aneignung kulturellen Erbes - Denkmalpflege und Bauen im Bestand","robots":{"index":"index","follow":"follow","max-snippet":"max-snippet:-1","max-image-preview":"max-image-preview:large","max-video-preview":"max-video-preview:-1"},"canonical":"https:\/\/denkmalpflege.tuwien.ac.at\/index.php\/themenschwerpunkt-aneignung-kulturellen-erbes\/","og_locale":"de_DE","og_type":"article","og_title":"Themenschwerpunkt Aneignung kulturellen Erbes - Denkmalpflege und Bauen im Bestand","og_description":"THEMENSCHWERPUNKTE Areas of focus ANEIGNUNG KULTURELLEN ERBES Auseinandersetzung mit den Denkmalwerten in der Gegenwart Auf den ersten Blick verspricht die Unterschutzstellung eines Baubestands und kulturellen Erbes den gleichbleibenden Erhalt eines Objekts. Dennoch sind Konzepte des Erhaltens beispielsweise von Denkmalwerten und Bewertungen abh\u00e4ngig, die einem Objekt \u00e4u\u00dferlich zugeschrieben werden und dynamisch sind. Denn die Aneignung und Verhandlung kulturellen Erbes sind immer von gesellschaftlichen Idealen, politischen Machtverh\u00e4ltnissen und vorherrschenden Sozialstrukturen gepr\u00e4gt. DieRead More","og_url":"https:\/\/denkmalpflege.tuwien.ac.at\/index.php\/themenschwerpunkt-aneignung-kulturellen-erbes\/","og_site_name":"Denkmalpflege und Bauen im Bestand","article_modified_time":"2023-10-22T11:47:43+00:00","og_image":[{"url":"http:\/\/denkmalpflege.tuwien.ac.at\/wp-content\/uploads\/2023\/10\/Aneignung-kulturellen-Erbes-745x1024.jpg","type":"","width":"","height":""}],"twitter_card":"summary_large_image","twitter_misc":{"Gesch\u00e4tzte Lesezeit":"2\u00a0Minuten"},"schema":{"@context":"https:\/\/schema.org","@graph":[{"@type":"WebPage","@id":"https:\/\/denkmalpflege.tuwien.ac.at\/index.php\/themenschwerpunkt-aneignung-kulturellen-erbes\/","url":"https:\/\/denkmalpflege.tuwien.ac.at\/index.php\/themenschwerpunkt-aneignung-kulturellen-erbes\/","name":"Themenschwerpunkt Aneignung kulturellen Erbes - Denkmalpflege und Bauen im Bestand","isPartOf":{"@id":"https:\/\/denkmalpflege.tuwien.ac.at\/#website"},"primaryImageOfPage":{"@id":"https:\/\/denkmalpflege.tuwien.ac.at\/index.php\/themenschwerpunkt-aneignung-kulturellen-erbes\/#primaryimage"},"image":{"@id":"https:\/\/denkmalpflege.tuwien.ac.at\/index.php\/themenschwerpunkt-aneignung-kulturellen-erbes\/#primaryimage"},"thumbnailUrl":"http:\/\/denkmalpflege.tuwien.ac.at\/wp-content\/uploads\/2023\/10\/Aneignung-kulturellen-Erbes-745x1024.jpg","datePublished":"2023-10-04T13:50:29+00:00","dateModified":"2023-10-22T11:47:43+00:00","breadcrumb":{"@id":"https:\/\/denkmalpflege.tuwien.ac.at\/index.php\/themenschwerpunkt-aneignung-kulturellen-erbes\/#breadcrumb"},"inLanguage":"de","potentialAction":[{"@type":"ReadAction","target":["https:\/\/denkmalpflege.tuwien.ac.at\/index.php\/themenschwerpunkt-aneignung-kulturellen-erbes\/"]}]},{"@type":"ImageObject","inLanguage":"de","@id":"https:\/\/denkmalpflege.tuwien.ac.at\/index.php\/themenschwerpunkt-aneignung-kulturellen-erbes\/#primaryimage","url":"https:\/\/denkmalpflege.tuwien.ac.at\/wp-content\/uploads\/2023\/10\/Aneignung-kulturellen-Erbes-scaled.jpg","contentUrl":"https:\/\/denkmalpflege.tuwien.ac.at\/wp-content\/uploads\/2023\/10\/Aneignung-kulturellen-Erbes-scaled.jpg","width":1862,"height":2560},{"@type":"BreadcrumbList","@id":"https:\/\/denkmalpflege.tuwien.ac.at\/index.php\/themenschwerpunkt-aneignung-kulturellen-erbes\/#breadcrumb","itemListElement":[{"@type":"ListItem","position":1,"name":"Startseite","item":"https:\/\/denkmalpflege.tuwien.ac.at\/"},{"@type":"ListItem","position":2,"name":"Themenschwerpunkt Aneignung kulturellen Erbes"}]},{"@type":"WebSite","@id":"https:\/\/denkmalpflege.tuwien.ac.at\/#website","url":"https:\/\/denkmalpflege.tuwien.ac.at\/","name":"Denkmalpflege und Bauen im Bestand","description":"Denkmalpflege TU Wien","publisher":{"@id":"https:\/\/denkmalpflege.tuwien.ac.at\/#organization"},"potentialAction":[{"@type":"SearchAction","target":{"@type":"EntryPoint","urlTemplate":"https:\/\/denkmalpflege.tuwien.ac.at\/?s={search_term_string}"},"query-input":{"@type":"PropertyValueSpecification","valueRequired":true,"valueName":"search_term_string"}}],"inLanguage":"de"},{"@type":"Organization","@id":"https:\/\/denkmalpflege.tuwien.ac.at\/#organization","name":"TU Wien Denkmalpflege und Bauen im Bestand","url":"https:\/\/denkmalpflege.tuwien.ac.at\/","logo":{"@type":"ImageObject","inLanguage":"de","@id":"https:\/\/denkmalpflege.tuwien.ac.at\/#\/schema\/logo\/image\/","url":"https:\/\/denkmalpflege.tuwien.ac.at\/wp-content\/uploads\/2019\/10\/Logo1.png","contentUrl":"https:\/\/denkmalpflege.tuwien.ac.at\/wp-content\/uploads\/2019\/10\/Logo1.png","width":222,"height":79,"caption":"TU Wien Denkmalpflege und Bauen im Bestand"},"image":{"@id":"https:\/\/denkmalpflege.tuwien.ac.at\/#\/schema\/logo\/image\/"}}]}},"_links":{"self":[{"href":"https:\/\/denkmalpflege.tuwien.ac.at\/index.php\/wp-json\/wp\/v2\/pages\/27240","targetHints":{"allow":["GET"]}}],"collection":[{"href":"https:\/\/denkmalpflege.tuwien.ac.at\/index.php\/wp-json\/wp\/v2\/pages"}],"about":[{"href":"https:\/\/denkmalpflege.tuwien.ac.at\/index.php\/wp-json\/wp\/v2\/types\/page"}],"author":[{"embeddable":true,"href":"https:\/\/denkmalpflege.tuwien.ac.at\/index.php\/wp-json\/wp\/v2\/users\/1"}],"replies":[{"embeddable":true,"href":"https:\/\/denkmalpflege.tuwien.ac.at\/index.php\/wp-json\/wp\/v2\/comments?post=27240"}],"version-history":[{"count":10,"href":"https:\/\/denkmalpflege.tuwien.ac.at\/index.php\/wp-json\/wp\/v2\/pages\/27240\/revisions"}],"predecessor-version":[{"id":28418,"href":"https:\/\/denkmalpflege.tuwien.ac.at\/index.php\/wp-json\/wp\/v2\/pages\/27240\/revisions\/28418"}],"wp:attachment":[{"href":"https:\/\/denkmalpflege.tuwien.ac.at\/index.php\/wp-json\/wp\/v2\/media?parent=27240"}],"curies":[{"name":"wp","href":"https:\/\/api.w.org\/{rel}","templated":true}]}}