{"id":27236,"date":"2023-10-04T15:49:51","date_gmt":"2023-10-04T13:49:51","guid":{"rendered":"https:\/\/denkmalpflege.tuwien.ac.at\/?page_id=27236"},"modified":"2023-10-22T13:48:04","modified_gmt":"2023-10-22T11:48:04","slug":"themenschwerpunkt-bestand-als-ressource","status":"publish","type":"page","link":"https:\/\/denkmalpflege.tuwien.ac.at\/index.php\/themenschwerpunkt-bestand-als-ressource\/","title":{"rendered":"Themenschwerpunkt Bestand als Ressource"},"content":{"rendered":"\t\t<div data-elementor-type=\"wp-page\" data-elementor-id=\"27236\" class=\"elementor elementor-27236\" data-elementor-post-type=\"page\">\n\t\t\t\t\t\t<section class=\"elementor-section elementor-top-section elementor-element elementor-element-deadf1c elementor-section-full_width elementor-section-height-default elementor-section-height-default\" data-id=\"deadf1c\" data-element_type=\"section\">\n\t\t\t\t\t\t<div class=\"elementor-container elementor-column-gap-default\">\n\t\t\t\t\t<div class=\"elementor-column elementor-col-100 elementor-top-column elementor-element elementor-element-4d03bc4\" data-id=\"4d03bc4\" data-element_type=\"column\">\n\t\t\t<div class=\"elementor-widget-wrap elementor-element-populated\">\n\t\t\t\t\t\t<div class=\"elementor-element elementor-element-46cfcdf elementor-widget elementor-widget-heading\" data-id=\"46cfcdf\" data-element_type=\"widget\" data-widget_type=\"heading.default\">\n\t\t\t\t<div class=\"elementor-widget-container\">\n\t\t\t\t\t<h3 class=\"elementor-heading-title elementor-size-default\"><a href=\"https:\/\/denkmalpflege.tuwien.ac.at\/index.php\/themenschwerpunkte\/\" target=\"_blank\">THEMENSCHWERPUNKTE<\/a><\/h3>\t\t\t\t<\/div>\n\t\t\t\t<\/div>\n\t\t\t\t<div class=\"elementor-element elementor-element-689c6c7 elementor-widget elementor-widget-text-editor\" data-id=\"689c6c7\" data-element_type=\"widget\" data-widget_type=\"text-editor.default\">\n\t\t\t\t<div class=\"elementor-widget-container\">\n\t\t\t\t\t\t\t\t\t<p><em><strong>Areas of focus<\/strong><\/em><\/p>\t\t\t\t\t\t\t\t<\/div>\n\t\t\t\t<\/div>\n\t\t\t\t<div class=\"elementor-element elementor-element-af87ea5 elementor-widget-divider--view-line elementor-widget elementor-widget-divider\" data-id=\"af87ea5\" data-element_type=\"widget\" data-widget_type=\"divider.default\">\n\t\t\t\t<div class=\"elementor-widget-container\">\n\t\t\t\t\t\t\t<div class=\"elementor-divider\">\n\t\t\t<span class=\"elementor-divider-separator\">\n\t\t\t\t\t\t<\/span>\n\t\t<\/div>\n\t\t\t\t\t\t<\/div>\n\t\t\t\t<\/div>\n\t\t\t\t\t<\/div>\n\t\t<\/div>\n\t\t\t\t\t<\/div>\n\t\t<\/section>\n\t\t\t\t<section class=\"elementor-section elementor-top-section elementor-element elementor-element-b1c327b elementor-section-full_width elementor-section-height-default elementor-section-height-default\" data-id=\"b1c327b\" data-element_type=\"section\">\n\t\t\t\t\t\t<div class=\"elementor-container elementor-column-gap-default\">\n\t\t\t\t\t<div class=\"elementor-column elementor-col-50 elementor-top-column elementor-element elementor-element-5ed78ab\" data-id=\"5ed78ab\" data-element_type=\"column\">\n\t\t\t<div class=\"elementor-widget-wrap elementor-element-populated\">\n\t\t\t\t\t\t<div class=\"elementor-element elementor-element-15f7d7f elementor-nav-menu__align-start elementor-nav-menu--dropdown-mobile elementor-nav-menu__text-align-aside elementor-nav-menu--toggle elementor-nav-menu--burger elementor-widget elementor-widget-nav-menu\" data-id=\"15f7d7f\" data-element_type=\"widget\" data-settings=\"{&quot;layout&quot;:&quot;vertical&quot;,&quot;submenu_icon&quot;:{&quot;value&quot;:&quot;&lt;i class=\\&quot;\\&quot; aria-hidden=\\&quot;true\\&quot;&gt;&lt;\\\/i&gt;&quot;,&quot;library&quot;:&quot;&quot;},&quot;toggle&quot;:&quot;burger&quot;}\" data-widget_type=\"nav-menu.default\">\n\t\t\t\t<div class=\"elementor-widget-container\">\n\t\t\t\t\t\t\t\t<nav aria-label=\"Men\u00fc\" class=\"elementor-nav-menu--main elementor-nav-menu__container elementor-nav-menu--layout-vertical e--pointer-none\">\n\t\t\t\t<ul id=\"menu-1-15f7d7f\" class=\"elementor-nav-menu sm-vertical\"><li class=\"menu-item menu-item-type-post_type menu-item-object-page menu-item-27212\"><a href=\"https:\/\/denkmalpflege.tuwien.ac.at\/index.php\/themenschwerpunkt-denkmalpflege-und-transformation\/\" class=\"elementor-item\">Denkmalpflege und Transformation<\/a><\/li>\n<li class=\"menu-item menu-item-type-post_type menu-item-object-page menu-item-27284\"><a href=\"https:\/\/denkmalpflege.tuwien.ac.at\/index.php\/themenschwerpunkt-bestand-als-ressource\/\" class=\"elementor-item\">Bestand als Ressource<\/a><\/li>\n<li class=\"menu-item menu-item-type-post_type menu-item-object-page menu-item-27283\"><a href=\"https:\/\/denkmalpflege.tuwien.ac.at\/index.php\/themenschwerpunkt-denkmale-der-moderne\/\" class=\"elementor-item\">Denkmale der Moderne<\/a><\/li>\n<li class=\"menu-item menu-item-type-post_type menu-item-object-page menu-item-27282\"><a href=\"https:\/\/denkmalpflege.tuwien.ac.at\/index.php\/themenschwerpunkt-aneignung-kulturellen-erbes\/\" class=\"elementor-item\">Aneignung kulturellen Erbes<\/a><\/li>\n<li class=\"menu-item menu-item-type-post_type menu-item-object-page menu-item-27281\"><a href=\"https:\/\/denkmalpflege.tuwien.ac.at\/index.php\/themenschwerpunkt-wohnen-im-denkmal\/\" class=\"elementor-item\">Wohnen im Denkmal<\/a><\/li>\n<\/ul>\t\t\t<\/nav>\n\t\t\t\t\t<div class=\"elementor-menu-toggle\" role=\"button\" tabindex=\"0\" aria-label=\"Men\u00fc Umschalter\" aria-expanded=\"false\">\n\t\t\t<i aria-hidden=\"true\" role=\"presentation\" class=\"elementor-menu-toggle__icon--open eicon-menu-bar\"><\/i><i aria-hidden=\"true\" role=\"presentation\" class=\"elementor-menu-toggle__icon--close eicon-close\"><\/i>\t\t<\/div>\n\t\t\t\t\t<nav class=\"elementor-nav-menu--dropdown elementor-nav-menu__container\" aria-hidden=\"true\">\n\t\t\t\t<ul id=\"menu-2-15f7d7f\" class=\"elementor-nav-menu sm-vertical\"><li class=\"menu-item menu-item-type-post_type menu-item-object-page menu-item-27212\"><a href=\"https:\/\/denkmalpflege.tuwien.ac.at\/index.php\/themenschwerpunkt-denkmalpflege-und-transformation\/\" class=\"elementor-item\" tabindex=\"-1\">Denkmalpflege und Transformation<\/a><\/li>\n<li class=\"menu-item menu-item-type-post_type menu-item-object-page menu-item-27284\"><a href=\"https:\/\/denkmalpflege.tuwien.ac.at\/index.php\/themenschwerpunkt-bestand-als-ressource\/\" class=\"elementor-item\" tabindex=\"-1\">Bestand als Ressource<\/a><\/li>\n<li class=\"menu-item menu-item-type-post_type menu-item-object-page menu-item-27283\"><a href=\"https:\/\/denkmalpflege.tuwien.ac.at\/index.php\/themenschwerpunkt-denkmale-der-moderne\/\" class=\"elementor-item\" tabindex=\"-1\">Denkmale der Moderne<\/a><\/li>\n<li class=\"menu-item menu-item-type-post_type menu-item-object-page menu-item-27282\"><a href=\"https:\/\/denkmalpflege.tuwien.ac.at\/index.php\/themenschwerpunkt-aneignung-kulturellen-erbes\/\" class=\"elementor-item\" tabindex=\"-1\">Aneignung kulturellen Erbes<\/a><\/li>\n<li class=\"menu-item menu-item-type-post_type menu-item-object-page menu-item-27281\"><a href=\"https:\/\/denkmalpflege.tuwien.ac.at\/index.php\/themenschwerpunkt-wohnen-im-denkmal\/\" class=\"elementor-item\" tabindex=\"-1\">Wohnen im Denkmal<\/a><\/li>\n<\/ul>\t\t\t<\/nav>\n\t\t\t\t\t\t<\/div>\n\t\t\t\t<\/div>\n\t\t\t\t\t<\/div>\n\t\t<\/div>\n\t\t\t\t<div class=\"elementor-column elementor-col-50 elementor-top-column elementor-element elementor-element-b2c177f\" data-id=\"b2c177f\" data-element_type=\"column\">\n\t\t\t<div class=\"elementor-widget-wrap elementor-element-populated\">\n\t\t\t\t\t\t<div class=\"elementor-element elementor-element-a146462 elementor-widget elementor-widget-heading\" data-id=\"a146462\" data-element_type=\"widget\" data-widget_type=\"heading.default\">\n\t\t\t\t<div class=\"elementor-widget-container\">\n\t\t\t\t\t<h2 class=\"elementor-heading-title elementor-size-default\">BESTAND ALS RESSOURCE<\/h2>\t\t\t\t<\/div>\n\t\t\t\t<\/div>\n\t\t\t\t<div class=\"elementor-element elementor-element-b6f0c0c elementor-widget elementor-widget-text-editor\" data-id=\"b6f0c0c\" data-element_type=\"widget\" data-widget_type=\"text-editor.default\">\n\t\t\t\t<div class=\"elementor-widget-container\">\n\t\t\t\t\t\t\t\t\t<p>Potenziale und denkmalpflegerische Strategien im Umgang mit der Klimakrise<\/p>\t\t\t\t\t\t\t\t<\/div>\n\t\t\t\t<\/div>\n\t\t\t\t<div class=\"elementor-element elementor-element-f46db11 elementor-widget elementor-widget-image\" data-id=\"f46db11\" data-element_type=\"widget\" data-widget_type=\"image.default\">\n\t\t\t\t<div class=\"elementor-widget-container\">\n\t\t\t\t\t\t\t\t\t\t\t\t\t\t\t<img fetchpriority=\"high\" decoding=\"async\" width=\"745\" height=\"1024\" src=\"https:\/\/denkmalpflege.tuwien.ac.at\/wp-content\/uploads\/2023\/10\/Bestand-als-Ressource-745x1024.jpg\" class=\"attachment-large size-large wp-image-27202\" alt=\"\" srcset=\"https:\/\/denkmalpflege.tuwien.ac.at\/wp-content\/uploads\/2023\/10\/Bestand-als-Ressource-745x1024.jpg 745w, https:\/\/denkmalpflege.tuwien.ac.at\/wp-content\/uploads\/2023\/10\/Bestand-als-Ressource-218x300.jpg 218w, https:\/\/denkmalpflege.tuwien.ac.at\/wp-content\/uploads\/2023\/10\/Bestand-als-Ressource-768x1056.jpg 768w, https:\/\/denkmalpflege.tuwien.ac.at\/wp-content\/uploads\/2023\/10\/Bestand-als-Ressource-1117x1536.jpg 1117w, https:\/\/denkmalpflege.tuwien.ac.at\/wp-content\/uploads\/2023\/10\/Bestand-als-Ressource-1490x2048.jpg 1490w, https:\/\/denkmalpflege.tuwien.ac.at\/wp-content\/uploads\/2023\/10\/Bestand-als-Ressource-700x962.jpg 700w, https:\/\/denkmalpflege.tuwien.ac.at\/wp-content\/uploads\/2023\/10\/Bestand-als-Ressource-scaled.jpg 1862w\" sizes=\"(max-width: 745px) 100vw, 745px\" \/>\t\t\t\t\t\t\t\t\t\t\t\t\t\t\t<\/div>\n\t\t\t\t<\/div>\n\t\t\t\t<div class=\"elementor-element elementor-element-817b015 elementor-widget elementor-widget-text-editor\" data-id=\"817b015\" data-element_type=\"widget\" data-widget_type=\"text-editor.default\">\n\t\t\t\t<div class=\"elementor-widget-container\">\n\t\t\t\t\t\t\t\t\t<p>Mit dem Wissen des vom Menschen verursachten Klimawandels stehen wir nicht nur vor der Aufgabe, unseren Geb\u00e4udebestand zu erhalten, sondern auch vor der Herausforderung, ihn auf die Zukunft vorzubereiten. Architekturen m\u00fcssen sich an ein ver\u00e4nderndes Klima, extreme Wetterbedingungen, oder eine Umnutzung anpassen k\u00f6nnen.<\/p><p>Die Denkmalpflege gibt uns Instrumente an die Hand, um einen nachhaltigen Ansatz f\u00fcr den Baubestand zu gew\u00e4hrleisten. Eine gute Entscheidungsfindung in Bezug auf Nachhaltigkeit im historischen Kontext erfordert ein fundiertes Verst\u00e4ndnis der historischen Bausubstanz, also ihrer Materialien, Bauweisen, Eigenschaften, ihres Kontextes und ihrer Denkmalwerte, um bestehende Planungsstrategien anwenden und neue Konzepte entwickeln zu k\u00f6nnen. Pflege, Instandhaltung und Reparatur sind etablierte Begriffe in unserem Forschungsgebiet, die auch einen Beitrag zum Klimaschutz in Bezug auf Ressourcenverbrauch und graue Energien leisten k\u00f6nnen.<\/p><p>Dar\u00fcber hinaus ist eine weitere Anpassung von historischen Geb\u00e4uden oft sinnvoll. Dabei stellen sich unter anderem die folgenden Fragen: Was kann ein historisches Geb\u00e4ude in Zukunft leisten bzw. was muss es leisten? Welche historischen Bautechniken und Baumaterialien dienen als L\u00f6sungsbeitrag in der Klimakrise? Wie sieht sinnvolles und robustes Design mit einem systemischen Ansatz im historischen Kontext aus?<\/p>\t\t\t\t\t\t\t\t<\/div>\n\t\t\t\t<\/div>\n\t\t\t\t<div class=\"elementor-element elementor-element-beec7be elementor-widget-divider--view-line elementor-widget elementor-widget-divider\" data-id=\"beec7be\" data-element_type=\"widget\" data-widget_type=\"divider.default\">\n\t\t\t\t<div class=\"elementor-widget-container\">\n\t\t\t\t\t\t\t<div class=\"elementor-divider\">\n\t\t\t<span class=\"elementor-divider-separator\">\n\t\t\t\t\t\t<\/span>\n\t\t<\/div>\n\t\t\t\t\t\t<\/div>\n\t\t\t\t<\/div>\n\t\t\t\t<div class=\"elementor-element elementor-element-3caa34b elementor-widget elementor-widget-text-editor\" data-id=\"3caa34b\" data-element_type=\"widget\" data-widget_type=\"text-editor.default\">\n\t\t\t\t<div class=\"elementor-widget-container\">\n\t\t\t\t\t\t\t\t\t<h2>\u00a0<\/h2><h2><strong>Existing buildings as a resource<\/strong><\/h2><p><strong>Potentials and strategies in built heritage conservation in dealing with the climate crisis<\/strong><\/p><p>With the knowledge of man-made climate change, we are not only faced with the task of conserving our building stock, but also with the challenge of preparing it for the future. Architectures must be able to adapt to a changing climate, extreme weather conditions, or change of use.<\/p><p>Built heritage conservation provides us with tools to ensure a sustainable approach to existing buildings. Good decision-making regarding sustainability in the historic context requires a sound understanding of the historic building fabric, i.e. its materials, construction methods, properties, context and heritage values, in order to apply existing planning strategies and develop new concepts. Maintenance, conservation and repair are established terms in our field of research that can also contribute to climate protection in relation to resource consumption and grey energy.<\/p><p>In addition, further adaptation of historic buildings might be sensible. This raises the following questions, among others: What can a historic building achieve in the future, or what does it have to achieve? What kind of historic building techniques and building materials serve as a contribution to solutions in the climate crisis? What does sensible and robust design with a systemic approach look like in a historic context?<\/p>\t\t\t\t\t\t\t\t<\/div>\n\t\t\t\t<\/div>\n\t\t\t\t\t<\/div>\n\t\t<\/div>\n\t\t\t\t\t<\/div>\n\t\t<\/section>\n\t\t\t\t<\/div>\n\t\t","protected":false},"excerpt":{"rendered":"<p>THEMENSCHWERPUNKTE Areas of focus BESTAND ALS RESSOURCE Potenziale und denkmalpflegerische Strategien im Umgang mit der Klimakrise Mit dem Wissen des vom Menschen verursachten Klimawandels stehen wir nicht nur vor der Aufgabe, unseren Geb\u00e4udebestand zu erhalten, sondern auch vor der Herausforderung, ihn auf die Zukunft vorzubereiten. Architekturen m\u00fcssen sich an ein ver\u00e4nderndes Klima, extreme Wetterbedingungen, oder eine Umnutzung anpassen k\u00f6nnen. Die Denkmalpflege gibt uns Instrumente an die Hand, um einen nachhaltigen<\/p>\n<div class=\"belowpost\"><a class=\"btnmore icon-arrow\" href=\"https:\/\/denkmalpflege.tuwien.ac.at\/index.php\/themenschwerpunkt-bestand-als-ressource\/\"><span>Read More<\/span><\/a><\/div>\n","protected":false},"author":1,"featured_media":0,"parent":0,"menu_order":0,"comment_status":"closed","ping_status":"closed","template":"","meta":{"footnotes":""},"class_list":["post-27236","page","type-page","status-publish","hentry"],"yoast_head":"<!-- This site is optimized with the Yoast SEO plugin v26.0 - https:\/\/yoast.com\/wordpress\/plugins\/seo\/ -->\n<title>Themenschwerpunkt Bestand als Ressource - Denkmalpflege und Bauen im Bestand<\/title>\n<meta name=\"robots\" content=\"index, follow, max-snippet:-1, max-image-preview:large, max-video-preview:-1\" \/>\n<link rel=\"canonical\" href=\"https:\/\/denkmalpflege.tuwien.ac.at\/index.php\/themenschwerpunkt-bestand-als-ressource\/\" \/>\n<meta property=\"og:locale\" content=\"de_DE\" \/>\n<meta property=\"og:type\" content=\"article\" \/>\n<meta property=\"og:title\" content=\"Themenschwerpunkt Bestand als Ressource - Denkmalpflege und Bauen im Bestand\" \/>\n<meta property=\"og:description\" content=\"THEMENSCHWERPUNKTE Areas of focus BESTAND ALS RESSOURCE Potenziale und denkmalpflegerische Strategien im Umgang mit der Klimakrise Mit dem Wissen des vom Menschen verursachten Klimawandels stehen wir nicht nur vor der Aufgabe, unseren Geb\u00e4udebestand zu erhalten, sondern auch vor der Herausforderung, ihn auf die Zukunft vorzubereiten. Architekturen m\u00fcssen sich an ein ver\u00e4nderndes Klima, extreme Wetterbedingungen, oder eine Umnutzung anpassen k\u00f6nnen. Die Denkmalpflege gibt uns Instrumente an die Hand, um einen nachhaltigenRead More\" \/>\n<meta property=\"og:url\" content=\"https:\/\/denkmalpflege.tuwien.ac.at\/index.php\/themenschwerpunkt-bestand-als-ressource\/\" \/>\n<meta property=\"og:site_name\" content=\"Denkmalpflege und Bauen im Bestand\" \/>\n<meta property=\"article:modified_time\" content=\"2023-10-22T11:48:04+00:00\" \/>\n<meta property=\"og:image\" content=\"http:\/\/denkmalpflege.tuwien.ac.at\/wp-content\/uploads\/2023\/10\/Bestand-als-Ressource-745x1024.jpg\" \/>\n<meta name=\"twitter:card\" content=\"summary_large_image\" \/>\n<meta name=\"twitter:label1\" content=\"Gesch\u00e4tzte Lesezeit\" \/>\n\t<meta name=\"twitter:data1\" content=\"2\u00a0Minuten\" \/>\n<script type=\"application\/ld+json\" class=\"yoast-schema-graph\">{\"@context\":\"https:\/\/schema.org\",\"@graph\":[{\"@type\":\"WebPage\",\"@id\":\"https:\/\/denkmalpflege.tuwien.ac.at\/index.php\/themenschwerpunkt-bestand-als-ressource\/\",\"url\":\"https:\/\/denkmalpflege.tuwien.ac.at\/index.php\/themenschwerpunkt-bestand-als-ressource\/\",\"name\":\"Themenschwerpunkt Bestand als Ressource - Denkmalpflege und Bauen im Bestand\",\"isPartOf\":{\"@id\":\"https:\/\/denkmalpflege.tuwien.ac.at\/#website\"},\"primaryImageOfPage\":{\"@id\":\"https:\/\/denkmalpflege.tuwien.ac.at\/index.php\/themenschwerpunkt-bestand-als-ressource\/#primaryimage\"},\"image\":{\"@id\":\"https:\/\/denkmalpflege.tuwien.ac.at\/index.php\/themenschwerpunkt-bestand-als-ressource\/#primaryimage\"},\"thumbnailUrl\":\"http:\/\/denkmalpflege.tuwien.ac.at\/wp-content\/uploads\/2023\/10\/Bestand-als-Ressource-745x1024.jpg\",\"datePublished\":\"2023-10-04T13:49:51+00:00\",\"dateModified\":\"2023-10-22T11:48:04+00:00\",\"breadcrumb\":{\"@id\":\"https:\/\/denkmalpflege.tuwien.ac.at\/index.php\/themenschwerpunkt-bestand-als-ressource\/#breadcrumb\"},\"inLanguage\":\"de\",\"potentialAction\":[{\"@type\":\"ReadAction\",\"target\":[\"https:\/\/denkmalpflege.tuwien.ac.at\/index.php\/themenschwerpunkt-bestand-als-ressource\/\"]}]},{\"@type\":\"ImageObject\",\"inLanguage\":\"de\",\"@id\":\"https:\/\/denkmalpflege.tuwien.ac.at\/index.php\/themenschwerpunkt-bestand-als-ressource\/#primaryimage\",\"url\":\"https:\/\/denkmalpflege.tuwien.ac.at\/wp-content\/uploads\/2023\/10\/Bestand-als-Ressource-scaled.jpg\",\"contentUrl\":\"https:\/\/denkmalpflege.tuwien.ac.at\/wp-content\/uploads\/2023\/10\/Bestand-als-Ressource-scaled.jpg\",\"width\":1862,\"height\":2560},{\"@type\":\"BreadcrumbList\",\"@id\":\"https:\/\/denkmalpflege.tuwien.ac.at\/index.php\/themenschwerpunkt-bestand-als-ressource\/#breadcrumb\",\"itemListElement\":[{\"@type\":\"ListItem\",\"position\":1,\"name\":\"Startseite\",\"item\":\"https:\/\/denkmalpflege.tuwien.ac.at\/\"},{\"@type\":\"ListItem\",\"position\":2,\"name\":\"Themenschwerpunkt Bestand als Ressource\"}]},{\"@type\":\"WebSite\",\"@id\":\"https:\/\/denkmalpflege.tuwien.ac.at\/#website\",\"url\":\"https:\/\/denkmalpflege.tuwien.ac.at\/\",\"name\":\"Denkmalpflege und Bauen im Bestand\",\"description\":\"Denkmalpflege TU Wien\",\"publisher\":{\"@id\":\"https:\/\/denkmalpflege.tuwien.ac.at\/#organization\"},\"potentialAction\":[{\"@type\":\"SearchAction\",\"target\":{\"@type\":\"EntryPoint\",\"urlTemplate\":\"https:\/\/denkmalpflege.tuwien.ac.at\/?s={search_term_string}\"},\"query-input\":{\"@type\":\"PropertyValueSpecification\",\"valueRequired\":true,\"valueName\":\"search_term_string\"}}],\"inLanguage\":\"de\"},{\"@type\":\"Organization\",\"@id\":\"https:\/\/denkmalpflege.tuwien.ac.at\/#organization\",\"name\":\"TU Wien Denkmalpflege und Bauen im Bestand\",\"url\":\"https:\/\/denkmalpflege.tuwien.ac.at\/\",\"logo\":{\"@type\":\"ImageObject\",\"inLanguage\":\"de\",\"@id\":\"https:\/\/denkmalpflege.tuwien.ac.at\/#\/schema\/logo\/image\/\",\"url\":\"https:\/\/denkmalpflege.tuwien.ac.at\/wp-content\/uploads\/2019\/10\/Logo1.png\",\"contentUrl\":\"https:\/\/denkmalpflege.tuwien.ac.at\/wp-content\/uploads\/2019\/10\/Logo1.png\",\"width\":222,\"height\":79,\"caption\":\"TU Wien Denkmalpflege und Bauen im Bestand\"},\"image\":{\"@id\":\"https:\/\/denkmalpflege.tuwien.ac.at\/#\/schema\/logo\/image\/\"}}]}<\/script>\n<!-- \/ Yoast SEO plugin. -->","yoast_head_json":{"title":"Themenschwerpunkt Bestand als Ressource - Denkmalpflege und Bauen im Bestand","robots":{"index":"index","follow":"follow","max-snippet":"max-snippet:-1","max-image-preview":"max-image-preview:large","max-video-preview":"max-video-preview:-1"},"canonical":"https:\/\/denkmalpflege.tuwien.ac.at\/index.php\/themenschwerpunkt-bestand-als-ressource\/","og_locale":"de_DE","og_type":"article","og_title":"Themenschwerpunkt Bestand als Ressource - Denkmalpflege und Bauen im Bestand","og_description":"THEMENSCHWERPUNKTE Areas of focus BESTAND ALS RESSOURCE Potenziale und denkmalpflegerische Strategien im Umgang mit der Klimakrise Mit dem Wissen des vom Menschen verursachten Klimawandels stehen wir nicht nur vor der Aufgabe, unseren Geb\u00e4udebestand zu erhalten, sondern auch vor der Herausforderung, ihn auf die Zukunft vorzubereiten. Architekturen m\u00fcssen sich an ein ver\u00e4nderndes Klima, extreme Wetterbedingungen, oder eine Umnutzung anpassen k\u00f6nnen. Die Denkmalpflege gibt uns Instrumente an die Hand, um einen nachhaltigenRead More","og_url":"https:\/\/denkmalpflege.tuwien.ac.at\/index.php\/themenschwerpunkt-bestand-als-ressource\/","og_site_name":"Denkmalpflege und Bauen im Bestand","article_modified_time":"2023-10-22T11:48:04+00:00","og_image":[{"url":"http:\/\/denkmalpflege.tuwien.ac.at\/wp-content\/uploads\/2023\/10\/Bestand-als-Ressource-745x1024.jpg","type":"","width":"","height":""}],"twitter_card":"summary_large_image","twitter_misc":{"Gesch\u00e4tzte Lesezeit":"2\u00a0Minuten"},"schema":{"@context":"https:\/\/schema.org","@graph":[{"@type":"WebPage","@id":"https:\/\/denkmalpflege.tuwien.ac.at\/index.php\/themenschwerpunkt-bestand-als-ressource\/","url":"https:\/\/denkmalpflege.tuwien.ac.at\/index.php\/themenschwerpunkt-bestand-als-ressource\/","name":"Themenschwerpunkt Bestand als Ressource - Denkmalpflege und Bauen im Bestand","isPartOf":{"@id":"https:\/\/denkmalpflege.tuwien.ac.at\/#website"},"primaryImageOfPage":{"@id":"https:\/\/denkmalpflege.tuwien.ac.at\/index.php\/themenschwerpunkt-bestand-als-ressource\/#primaryimage"},"image":{"@id":"https:\/\/denkmalpflege.tuwien.ac.at\/index.php\/themenschwerpunkt-bestand-als-ressource\/#primaryimage"},"thumbnailUrl":"http:\/\/denkmalpflege.tuwien.ac.at\/wp-content\/uploads\/2023\/10\/Bestand-als-Ressource-745x1024.jpg","datePublished":"2023-10-04T13:49:51+00:00","dateModified":"2023-10-22T11:48:04+00:00","breadcrumb":{"@id":"https:\/\/denkmalpflege.tuwien.ac.at\/index.php\/themenschwerpunkt-bestand-als-ressource\/#breadcrumb"},"inLanguage":"de","potentialAction":[{"@type":"ReadAction","target":["https:\/\/denkmalpflege.tuwien.ac.at\/index.php\/themenschwerpunkt-bestand-als-ressource\/"]}]},{"@type":"ImageObject","inLanguage":"de","@id":"https:\/\/denkmalpflege.tuwien.ac.at\/index.php\/themenschwerpunkt-bestand-als-ressource\/#primaryimage","url":"https:\/\/denkmalpflege.tuwien.ac.at\/wp-content\/uploads\/2023\/10\/Bestand-als-Ressource-scaled.jpg","contentUrl":"https:\/\/denkmalpflege.tuwien.ac.at\/wp-content\/uploads\/2023\/10\/Bestand-als-Ressource-scaled.jpg","width":1862,"height":2560},{"@type":"BreadcrumbList","@id":"https:\/\/denkmalpflege.tuwien.ac.at\/index.php\/themenschwerpunkt-bestand-als-ressource\/#breadcrumb","itemListElement":[{"@type":"ListItem","position":1,"name":"Startseite","item":"https:\/\/denkmalpflege.tuwien.ac.at\/"},{"@type":"ListItem","position":2,"name":"Themenschwerpunkt Bestand als Ressource"}]},{"@type":"WebSite","@id":"https:\/\/denkmalpflege.tuwien.ac.at\/#website","url":"https:\/\/denkmalpflege.tuwien.ac.at\/","name":"Denkmalpflege und Bauen im Bestand","description":"Denkmalpflege TU Wien","publisher":{"@id":"https:\/\/denkmalpflege.tuwien.ac.at\/#organization"},"potentialAction":[{"@type":"SearchAction","target":{"@type":"EntryPoint","urlTemplate":"https:\/\/denkmalpflege.tuwien.ac.at\/?s={search_term_string}"},"query-input":{"@type":"PropertyValueSpecification","valueRequired":true,"valueName":"search_term_string"}}],"inLanguage":"de"},{"@type":"Organization","@id":"https:\/\/denkmalpflege.tuwien.ac.at\/#organization","name":"TU Wien Denkmalpflege und Bauen im Bestand","url":"https:\/\/denkmalpflege.tuwien.ac.at\/","logo":{"@type":"ImageObject","inLanguage":"de","@id":"https:\/\/denkmalpflege.tuwien.ac.at\/#\/schema\/logo\/image\/","url":"https:\/\/denkmalpflege.tuwien.ac.at\/wp-content\/uploads\/2019\/10\/Logo1.png","contentUrl":"https:\/\/denkmalpflege.tuwien.ac.at\/wp-content\/uploads\/2019\/10\/Logo1.png","width":222,"height":79,"caption":"TU Wien Denkmalpflege und Bauen im Bestand"},"image":{"@id":"https:\/\/denkmalpflege.tuwien.ac.at\/#\/schema\/logo\/image\/"}}]}},"_links":{"self":[{"href":"https:\/\/denkmalpflege.tuwien.ac.at\/index.php\/wp-json\/wp\/v2\/pages\/27236","targetHints":{"allow":["GET"]}}],"collection":[{"href":"https:\/\/denkmalpflege.tuwien.ac.at\/index.php\/wp-json\/wp\/v2\/pages"}],"about":[{"href":"https:\/\/denkmalpflege.tuwien.ac.at\/index.php\/wp-json\/wp\/v2\/types\/page"}],"author":[{"embeddable":true,"href":"https:\/\/denkmalpflege.tuwien.ac.at\/index.php\/wp-json\/wp\/v2\/users\/1"}],"replies":[{"embeddable":true,"href":"https:\/\/denkmalpflege.tuwien.ac.at\/index.php\/wp-json\/wp\/v2\/comments?post=27236"}],"version-history":[{"count":13,"href":"https:\/\/denkmalpflege.tuwien.ac.at\/index.php\/wp-json\/wp\/v2\/pages\/27236\/revisions"}],"predecessor-version":[{"id":28424,"href":"https:\/\/denkmalpflege.tuwien.ac.at\/index.php\/wp-json\/wp\/v2\/pages\/27236\/revisions\/28424"}],"wp:attachment":[{"href":"https:\/\/denkmalpflege.tuwien.ac.at\/index.php\/wp-json\/wp\/v2\/media?parent=27236"}],"curies":[{"name":"wp","href":"https:\/\/api.w.org\/{rel}","templated":true}]}}