{"id":27196,"date":"2023-10-04T14:54:36","date_gmt":"2023-10-04T12:54:36","guid":{"rendered":"https:\/\/denkmalpflege.tuwien.ac.at\/?page_id=27196"},"modified":"2023-10-22T13:48:13","modified_gmt":"2023-10-22T11:48:13","slug":"themenschwerpunkt-denkmalpflege-und-transformation","status":"publish","type":"page","link":"https:\/\/denkmalpflege.tuwien.ac.at\/index.php\/themenschwerpunkt-denkmalpflege-und-transformation\/","title":{"rendered":"Themenschwerpunkt Denkmalpflege und Transformation"},"content":{"rendered":"\t\t<div data-elementor-type=\"wp-page\" data-elementor-id=\"27196\" class=\"elementor elementor-27196\" data-elementor-post-type=\"page\">\n\t\t\t\t\t\t<section class=\"elementor-section elementor-top-section elementor-element elementor-element-deadf1c elementor-section-full_width elementor-section-height-default elementor-section-height-default\" data-id=\"deadf1c\" data-element_type=\"section\">\n\t\t\t\t\t\t<div class=\"elementor-container elementor-column-gap-default\">\n\t\t\t\t\t<div class=\"elementor-column elementor-col-100 elementor-top-column elementor-element elementor-element-4d03bc4\" data-id=\"4d03bc4\" data-element_type=\"column\">\n\t\t\t<div class=\"elementor-widget-wrap elementor-element-populated\">\n\t\t\t\t\t\t<div class=\"elementor-element elementor-element-46cfcdf elementor-widget elementor-widget-heading\" data-id=\"46cfcdf\" data-element_type=\"widget\" data-widget_type=\"heading.default\">\n\t\t\t\t<div class=\"elementor-widget-container\">\n\t\t\t\t\t<h3 class=\"elementor-heading-title elementor-size-default\"><a href=\"https:\/\/denkmalpflege.tuwien.ac.at\/index.php\/themenschwerpunkte\/\" target=\"_blank\">THEMENSCHWERPUNKTE<\/a><\/h3>\t\t\t\t<\/div>\n\t\t\t\t<\/div>\n\t\t\t\t<div class=\"elementor-element elementor-element-689c6c7 elementor-widget elementor-widget-text-editor\" data-id=\"689c6c7\" data-element_type=\"widget\" data-widget_type=\"text-editor.default\">\n\t\t\t\t<div class=\"elementor-widget-container\">\n\t\t\t\t\t\t\t\t\t<p><em><strong>Areas of focus<\/strong><\/em><\/p>\t\t\t\t\t\t\t\t<\/div>\n\t\t\t\t<\/div>\n\t\t\t\t<div class=\"elementor-element elementor-element-af87ea5 elementor-widget-divider--view-line elementor-widget elementor-widget-divider\" data-id=\"af87ea5\" data-element_type=\"widget\" data-widget_type=\"divider.default\">\n\t\t\t\t<div class=\"elementor-widget-container\">\n\t\t\t\t\t\t\t<div class=\"elementor-divider\">\n\t\t\t<span class=\"elementor-divider-separator\">\n\t\t\t\t\t\t<\/span>\n\t\t<\/div>\n\t\t\t\t\t\t<\/div>\n\t\t\t\t<\/div>\n\t\t\t\t\t<\/div>\n\t\t<\/div>\n\t\t\t\t\t<\/div>\n\t\t<\/section>\n\t\t\t\t<section class=\"elementor-section elementor-top-section elementor-element elementor-element-b1c327b elementor-section-full_width elementor-section-height-default elementor-section-height-default\" data-id=\"b1c327b\" data-element_type=\"section\">\n\t\t\t\t\t\t<div class=\"elementor-container elementor-column-gap-default\">\n\t\t\t\t\t<div class=\"elementor-column elementor-col-50 elementor-top-column elementor-element elementor-element-5ed78ab\" data-id=\"5ed78ab\" data-element_type=\"column\">\n\t\t\t<div class=\"elementor-widget-wrap elementor-element-populated\">\n\t\t\t\t\t\t<div class=\"elementor-element elementor-element-15f7d7f elementor-nav-menu__align-start elementor-nav-menu--dropdown-mobile elementor-nav-menu__text-align-aside elementor-nav-menu--toggle elementor-nav-menu--burger elementor-widget elementor-widget-nav-menu\" data-id=\"15f7d7f\" data-element_type=\"widget\" data-settings=\"{&quot;layout&quot;:&quot;vertical&quot;,&quot;submenu_icon&quot;:{&quot;value&quot;:&quot;&lt;i class=\\&quot;\\&quot; aria-hidden=\\&quot;true\\&quot;&gt;&lt;\\\/i&gt;&quot;,&quot;library&quot;:&quot;&quot;},&quot;toggle&quot;:&quot;burger&quot;}\" data-widget_type=\"nav-menu.default\">\n\t\t\t\t<div class=\"elementor-widget-container\">\n\t\t\t\t\t\t\t\t<nav aria-label=\"Men\u00fc\" class=\"elementor-nav-menu--main elementor-nav-menu__container elementor-nav-menu--layout-vertical e--pointer-none\">\n\t\t\t\t<ul id=\"menu-1-15f7d7f\" class=\"elementor-nav-menu sm-vertical\"><li class=\"menu-item menu-item-type-post_type menu-item-object-page menu-item-27212\"><a href=\"https:\/\/denkmalpflege.tuwien.ac.at\/index.php\/themenschwerpunkt-denkmalpflege-und-transformation\/\" class=\"elementor-item\">Denkmalpflege und Transformation<\/a><\/li>\n<li class=\"menu-item menu-item-type-post_type menu-item-object-page menu-item-27284\"><a href=\"https:\/\/denkmalpflege.tuwien.ac.at\/index.php\/themenschwerpunkt-bestand-als-ressource\/\" class=\"elementor-item\">Bestand als Ressource<\/a><\/li>\n<li class=\"menu-item menu-item-type-post_type menu-item-object-page menu-item-27283\"><a href=\"https:\/\/denkmalpflege.tuwien.ac.at\/index.php\/themenschwerpunkt-denkmale-der-moderne\/\" class=\"elementor-item\">Denkmale der Moderne<\/a><\/li>\n<li class=\"menu-item menu-item-type-post_type menu-item-object-page menu-item-27282\"><a href=\"https:\/\/denkmalpflege.tuwien.ac.at\/index.php\/themenschwerpunkt-aneignung-kulturellen-erbes\/\" class=\"elementor-item\">Aneignung kulturellen Erbes<\/a><\/li>\n<li class=\"menu-item menu-item-type-post_type menu-item-object-page menu-item-27281\"><a href=\"https:\/\/denkmalpflege.tuwien.ac.at\/index.php\/themenschwerpunkt-wohnen-im-denkmal\/\" class=\"elementor-item\">Wohnen im Denkmal<\/a><\/li>\n<\/ul>\t\t\t<\/nav>\n\t\t\t\t\t<div class=\"elementor-menu-toggle\" role=\"button\" tabindex=\"0\" aria-label=\"Men\u00fc Umschalter\" aria-expanded=\"false\">\n\t\t\t<i aria-hidden=\"true\" role=\"presentation\" class=\"elementor-menu-toggle__icon--open eicon-menu-bar\"><\/i><i aria-hidden=\"true\" role=\"presentation\" class=\"elementor-menu-toggle__icon--close eicon-close\"><\/i>\t\t<\/div>\n\t\t\t\t\t<nav class=\"elementor-nav-menu--dropdown elementor-nav-menu__container\" aria-hidden=\"true\">\n\t\t\t\t<ul id=\"menu-2-15f7d7f\" class=\"elementor-nav-menu sm-vertical\"><li class=\"menu-item menu-item-type-post_type menu-item-object-page menu-item-27212\"><a href=\"https:\/\/denkmalpflege.tuwien.ac.at\/index.php\/themenschwerpunkt-denkmalpflege-und-transformation\/\" class=\"elementor-item\" tabindex=\"-1\">Denkmalpflege und Transformation<\/a><\/li>\n<li class=\"menu-item menu-item-type-post_type menu-item-object-page menu-item-27284\"><a href=\"https:\/\/denkmalpflege.tuwien.ac.at\/index.php\/themenschwerpunkt-bestand-als-ressource\/\" class=\"elementor-item\" tabindex=\"-1\">Bestand als Ressource<\/a><\/li>\n<li class=\"menu-item menu-item-type-post_type menu-item-object-page menu-item-27283\"><a href=\"https:\/\/denkmalpflege.tuwien.ac.at\/index.php\/themenschwerpunkt-denkmale-der-moderne\/\" class=\"elementor-item\" tabindex=\"-1\">Denkmale der Moderne<\/a><\/li>\n<li class=\"menu-item menu-item-type-post_type menu-item-object-page menu-item-27282\"><a href=\"https:\/\/denkmalpflege.tuwien.ac.at\/index.php\/themenschwerpunkt-aneignung-kulturellen-erbes\/\" class=\"elementor-item\" tabindex=\"-1\">Aneignung kulturellen Erbes<\/a><\/li>\n<li class=\"menu-item menu-item-type-post_type menu-item-object-page menu-item-27281\"><a href=\"https:\/\/denkmalpflege.tuwien.ac.at\/index.php\/themenschwerpunkt-wohnen-im-denkmal\/\" class=\"elementor-item\" tabindex=\"-1\">Wohnen im Denkmal<\/a><\/li>\n<\/ul>\t\t\t<\/nav>\n\t\t\t\t\t\t<\/div>\n\t\t\t\t<\/div>\n\t\t\t\t\t<\/div>\n\t\t<\/div>\n\t\t\t\t<div class=\"elementor-column elementor-col-50 elementor-top-column elementor-element elementor-element-b2c177f\" data-id=\"b2c177f\" data-element_type=\"column\">\n\t\t\t<div class=\"elementor-widget-wrap elementor-element-populated\">\n\t\t\t\t\t\t<div class=\"elementor-element elementor-element-a146462 elementor-widget elementor-widget-heading\" data-id=\"a146462\" data-element_type=\"widget\" data-widget_type=\"heading.default\">\n\t\t\t\t<div class=\"elementor-widget-container\">\n\t\t\t\t\t<h2 class=\"elementor-heading-title elementor-size-default\">DENKMALPFLEGE UND TRANSFORMATION<\/h2>\t\t\t\t<\/div>\n\t\t\t\t<\/div>\n\t\t\t\t<div class=\"elementor-element elementor-element-b6f0c0c elementor-widget elementor-widget-text-editor\" data-id=\"b6f0c0c\" data-element_type=\"widget\" data-widget_type=\"text-editor.default\">\n\t\t\t\t<div class=\"elementor-widget-container\">\n\t\t\t\t\t\t\t\t\t<p>St\u00e4dtische und l\u00e4ndliche R\u00e4ume in Umbruchprozessen<\/p>\t\t\t\t\t\t\t\t<\/div>\n\t\t\t\t<\/div>\n\t\t\t\t<div class=\"elementor-element elementor-element-f46db11 elementor-widget elementor-widget-image\" data-id=\"f46db11\" data-element_type=\"widget\" data-widget_type=\"image.default\">\n\t\t\t\t<div class=\"elementor-widget-container\">\n\t\t\t\t\t\t\t\t\t\t\t\t\t\t\t<img fetchpriority=\"high\" decoding=\"async\" width=\"745\" height=\"1024\" src=\"https:\/\/denkmalpflege.tuwien.ac.at\/wp-content\/uploads\/2023\/10\/Denkmalpflege-und-Transformation-745x1024.jpg\" class=\"attachment-large size-large wp-image-27204\" alt=\"\" srcset=\"https:\/\/denkmalpflege.tuwien.ac.at\/wp-content\/uploads\/2023\/10\/Denkmalpflege-und-Transformation-745x1024.jpg 745w, https:\/\/denkmalpflege.tuwien.ac.at\/wp-content\/uploads\/2023\/10\/Denkmalpflege-und-Transformation-218x300.jpg 218w, https:\/\/denkmalpflege.tuwien.ac.at\/wp-content\/uploads\/2023\/10\/Denkmalpflege-und-Transformation-768x1056.jpg 768w, https:\/\/denkmalpflege.tuwien.ac.at\/wp-content\/uploads\/2023\/10\/Denkmalpflege-und-Transformation-1117x1536.jpg 1117w, https:\/\/denkmalpflege.tuwien.ac.at\/wp-content\/uploads\/2023\/10\/Denkmalpflege-und-Transformation-1489x2048.jpg 1489w, https:\/\/denkmalpflege.tuwien.ac.at\/wp-content\/uploads\/2023\/10\/Denkmalpflege-und-Transformation-700x963.jpg 700w, https:\/\/denkmalpflege.tuwien.ac.at\/wp-content\/uploads\/2023\/10\/Denkmalpflege-und-Transformation.jpg 1800w\" sizes=\"(max-width: 745px) 100vw, 745px\" \/>\t\t\t\t\t\t\t\t\t\t\t\t\t\t\t<\/div>\n\t\t\t\t<\/div>\n\t\t\t\t<div class=\"elementor-element elementor-element-817b015 elementor-widget elementor-widget-text-editor\" data-id=\"817b015\" data-element_type=\"widget\" data-widget_type=\"text-editor.default\">\n\t\t\t\t<div class=\"elementor-widget-container\">\n\t\t\t\t\t\t\t\t\t<p>St\u00e4dtische und l\u00e4ndliche R\u00e4ume haben sich \u00fcber die Jahrhunderte und bis heute entwickelt und ver\u00e4ndert, abh\u00e4ngig von den wirtschaftlichen, politischen, rechtlichen und gesellschaftlichen Rahmenbedingungen. Diese Dynamiken haben jene bauliche Vielfalt geschaffen, die uns heute umgibt. Gerade in r\u00e4umlichen Zusammenh\u00e4ngen k\u00f6nnen Vielfalt, Kontinuit\u00e4t, aber auch Br\u00fcche gesellschaftlicher Transformationen gelesen werden.<\/p><p>Unsere Disziplin der Denkmalpflege befasst sich seit etwa 60 Jahren nicht mehr nur mit Einzelobjekten, sondern auch mit gr\u00f6\u00dferen erhaltenswerten, st\u00e4dtebaulichen und r\u00e4umlichen Zusammenh\u00e4ngen: Wir sprechen von baulichen Anlagen, Siedlungen und Ensembles bis hin zu Kulturlandschaften. Diese st\u00e4dtischen und l\u00e4ndlichen R\u00e4ume unterliegen auch aktuell und zuk\u00fcnftig gro\u00dfen Ver\u00e4nderungen, die f\u00fcr den Erhalt der historischen Bausubstanz neue Herausforderungen bedeuten und denkmalpflegerische Konzepte erforderlich machen: etwa durch Verdichtung sowie die energetische Sanierung einerseits, durch Leerstand und Strukturwandel andererseits.<\/p><p>Ziel ist der Schutz, die Erhaltung und eine bedachte, achtsame Weiterentwicklung des Bestands im gr\u00f6\u00dferen Ma\u00dfstab. Wesentlich daf\u00fcr sind nicht nur die Erfassung und Dokumentation, sondern auch historische sowie zeitgen\u00f6ssische Prozesse und Mechanismen der Wertzuschreibung und Transformation zu verstehen sowie die Wirksamkeit von Schutzinstrumenten zu hinterfragen und diese nicht nur anzuwenden, sondern gegebenenfalls auch weiterzuentwickeln.<\/p><p>\u00a0<\/p>\t\t\t\t\t\t\t\t<\/div>\n\t\t\t\t<\/div>\n\t\t\t\t<div class=\"elementor-element elementor-element-beec7be elementor-widget-divider--view-line elementor-widget elementor-widget-divider\" data-id=\"beec7be\" data-element_type=\"widget\" data-widget_type=\"divider.default\">\n\t\t\t\t<div class=\"elementor-widget-container\">\n\t\t\t\t\t\t\t<div class=\"elementor-divider\">\n\t\t\t<span class=\"elementor-divider-separator\">\n\t\t\t\t\t\t<\/span>\n\t\t<\/div>\n\t\t\t\t\t\t<\/div>\n\t\t\t\t<\/div>\n\t\t\t\t<div class=\"elementor-element elementor-element-3caa34b elementor-widget elementor-widget-text-editor\" data-id=\"3caa34b\" data-element_type=\"widget\" data-widget_type=\"text-editor.default\">\n\t\t\t\t<div class=\"elementor-widget-container\">\n\t\t\t\t\t\t\t\t\t<h2>\u00a0<\/h2><h2><strong>Conservation and Transformation<\/strong><\/h2><p><strong>Urban and rural areas in transition<\/strong><\/p><p>Urban and rural areas have developed and changed over the centuries and until today, depending on the economic, political, legal and social framework conditions in phases of varying intensity. This dynamic has created the architectural diversity that surrounds us today.<\/p><p>For about 60 years, our discipline of heritage conservation has been concerned not only with individual objects, but also with larger, urban and spatial contexts worth preserving: We are talking about built structures, settlements and ensembles all the way to the cultural landscape. These urban and rural areas are currently undergoing major changes, which also pose new challenges for the preservation of the historic building fabric and require concepts in terms of heritage conservation: for example, through densification and energy-efficient renovation on the one hand, and through vacancy and structural change on the other.<\/p><p>The aim is to protect and further develop the existing stock on a larger scale in a thoughtful and mindful manner. Essential to this is not only the recording and documentation, but also understanding historical and contemporary processes and mechanisms of value attribution and transformation, as well as to question the effectiveness of protection instruments and not only apply them, but also develop them further if necessary.<\/p>\t\t\t\t\t\t\t\t<\/div>\n\t\t\t\t<\/div>\n\t\t\t\t\t<\/div>\n\t\t<\/div>\n\t\t\t\t\t<\/div>\n\t\t<\/section>\n\t\t\t\t<\/div>\n\t\t","protected":false},"excerpt":{"rendered":"<p>THEMENSCHWERPUNKTE Areas of focus DENKMALPFLEGE UND TRANSFORMATION St\u00e4dtische und l\u00e4ndliche R\u00e4ume in Umbruchprozessen St\u00e4dtische und l\u00e4ndliche R\u00e4ume haben sich \u00fcber die Jahrhunderte und bis heute entwickelt und ver\u00e4ndert, abh\u00e4ngig von den wirtschaftlichen, politischen, rechtlichen und gesellschaftlichen Rahmenbedingungen. Diese Dynamiken haben jene bauliche Vielfalt geschaffen, die uns heute umgibt. Gerade in r\u00e4umlichen Zusammenh\u00e4ngen k\u00f6nnen Vielfalt, Kontinuit\u00e4t, aber auch Br\u00fcche gesellschaftlicher Transformationen gelesen werden. Unsere Disziplin der Denkmalpflege befasst sich seit etwa<\/p>\n<div class=\"belowpost\"><a class=\"btnmore icon-arrow\" href=\"https:\/\/denkmalpflege.tuwien.ac.at\/index.php\/themenschwerpunkt-denkmalpflege-und-transformation\/\"><span>Read More<\/span><\/a><\/div>\n","protected":false},"author":1,"featured_media":0,"parent":0,"menu_order":0,"comment_status":"closed","ping_status":"closed","template":"","meta":{"footnotes":""},"class_list":["post-27196","page","type-page","status-publish","hentry"],"yoast_head":"<!-- This site is optimized with the Yoast SEO plugin v26.0 - https:\/\/yoast.com\/wordpress\/plugins\/seo\/ -->\n<title>Themenschwerpunkt Denkmalpflege und Transformation - Denkmalpflege und Bauen im Bestand<\/title>\n<meta name=\"robots\" content=\"index, follow, max-snippet:-1, max-image-preview:large, max-video-preview:-1\" \/>\n<link rel=\"canonical\" href=\"https:\/\/denkmalpflege.tuwien.ac.at\/index.php\/themenschwerpunkt-denkmalpflege-und-transformation\/\" \/>\n<meta property=\"og:locale\" content=\"de_DE\" \/>\n<meta property=\"og:type\" content=\"article\" \/>\n<meta property=\"og:title\" content=\"Themenschwerpunkt Denkmalpflege und Transformation - Denkmalpflege und Bauen im Bestand\" \/>\n<meta property=\"og:description\" content=\"THEMENSCHWERPUNKTE Areas of focus DENKMALPFLEGE UND TRANSFORMATION St\u00e4dtische und l\u00e4ndliche R\u00e4ume in Umbruchprozessen St\u00e4dtische und l\u00e4ndliche R\u00e4ume haben sich \u00fcber die Jahrhunderte und bis heute entwickelt und ver\u00e4ndert, abh\u00e4ngig von den wirtschaftlichen, politischen, rechtlichen und gesellschaftlichen Rahmenbedingungen. Diese Dynamiken haben jene bauliche Vielfalt geschaffen, die uns heute umgibt. Gerade in r\u00e4umlichen Zusammenh\u00e4ngen k\u00f6nnen Vielfalt, Kontinuit\u00e4t, aber auch Br\u00fcche gesellschaftlicher Transformationen gelesen werden. Unsere Disziplin der Denkmalpflege befasst sich seit etwaRead More\" \/>\n<meta property=\"og:url\" content=\"https:\/\/denkmalpflege.tuwien.ac.at\/index.php\/themenschwerpunkt-denkmalpflege-und-transformation\/\" \/>\n<meta property=\"og:site_name\" content=\"Denkmalpflege und Bauen im Bestand\" \/>\n<meta property=\"article:modified_time\" content=\"2023-10-22T11:48:13+00:00\" \/>\n<meta property=\"og:image\" content=\"http:\/\/denkmalpflege.tuwien.ac.at\/wp-content\/uploads\/2023\/10\/Denkmalpflege-und-Transformation-745x1024.jpg\" \/>\n<meta name=\"twitter:card\" content=\"summary_large_image\" \/>\n<meta name=\"twitter:label1\" content=\"Gesch\u00e4tzte Lesezeit\" \/>\n\t<meta name=\"twitter:data1\" content=\"2\u00a0Minuten\" \/>\n<script type=\"application\/ld+json\" class=\"yoast-schema-graph\">{\"@context\":\"https:\/\/schema.org\",\"@graph\":[{\"@type\":\"WebPage\",\"@id\":\"https:\/\/denkmalpflege.tuwien.ac.at\/index.php\/themenschwerpunkt-denkmalpflege-und-transformation\/\",\"url\":\"https:\/\/denkmalpflege.tuwien.ac.at\/index.php\/themenschwerpunkt-denkmalpflege-und-transformation\/\",\"name\":\"Themenschwerpunkt Denkmalpflege und Transformation - Denkmalpflege und Bauen im Bestand\",\"isPartOf\":{\"@id\":\"https:\/\/denkmalpflege.tuwien.ac.at\/#website\"},\"primaryImageOfPage\":{\"@id\":\"https:\/\/denkmalpflege.tuwien.ac.at\/index.php\/themenschwerpunkt-denkmalpflege-und-transformation\/#primaryimage\"},\"image\":{\"@id\":\"https:\/\/denkmalpflege.tuwien.ac.at\/index.php\/themenschwerpunkt-denkmalpflege-und-transformation\/#primaryimage\"},\"thumbnailUrl\":\"http:\/\/denkmalpflege.tuwien.ac.at\/wp-content\/uploads\/2023\/10\/Denkmalpflege-und-Transformation-745x1024.jpg\",\"datePublished\":\"2023-10-04T12:54:36+00:00\",\"dateModified\":\"2023-10-22T11:48:13+00:00\",\"breadcrumb\":{\"@id\":\"https:\/\/denkmalpflege.tuwien.ac.at\/index.php\/themenschwerpunkt-denkmalpflege-und-transformation\/#breadcrumb\"},\"inLanguage\":\"de\",\"potentialAction\":[{\"@type\":\"ReadAction\",\"target\":[\"https:\/\/denkmalpflege.tuwien.ac.at\/index.php\/themenschwerpunkt-denkmalpflege-und-transformation\/\"]}]},{\"@type\":\"ImageObject\",\"inLanguage\":\"de\",\"@id\":\"https:\/\/denkmalpflege.tuwien.ac.at\/index.php\/themenschwerpunkt-denkmalpflege-und-transformation\/#primaryimage\",\"url\":\"https:\/\/denkmalpflege.tuwien.ac.at\/wp-content\/uploads\/2023\/10\/Denkmalpflege-und-Transformation.jpg\",\"contentUrl\":\"https:\/\/denkmalpflege.tuwien.ac.at\/wp-content\/uploads\/2023\/10\/Denkmalpflege-und-Transformation.jpg\",\"width\":1800,\"height\":2475},{\"@type\":\"BreadcrumbList\",\"@id\":\"https:\/\/denkmalpflege.tuwien.ac.at\/index.php\/themenschwerpunkt-denkmalpflege-und-transformation\/#breadcrumb\",\"itemListElement\":[{\"@type\":\"ListItem\",\"position\":1,\"name\":\"Startseite\",\"item\":\"https:\/\/denkmalpflege.tuwien.ac.at\/\"},{\"@type\":\"ListItem\",\"position\":2,\"name\":\"Themenschwerpunkt Denkmalpflege und Transformation\"}]},{\"@type\":\"WebSite\",\"@id\":\"https:\/\/denkmalpflege.tuwien.ac.at\/#website\",\"url\":\"https:\/\/denkmalpflege.tuwien.ac.at\/\",\"name\":\"Denkmalpflege und Bauen im Bestand\",\"description\":\"Denkmalpflege TU Wien\",\"publisher\":{\"@id\":\"https:\/\/denkmalpflege.tuwien.ac.at\/#organization\"},\"potentialAction\":[{\"@type\":\"SearchAction\",\"target\":{\"@type\":\"EntryPoint\",\"urlTemplate\":\"https:\/\/denkmalpflege.tuwien.ac.at\/?s={search_term_string}\"},\"query-input\":{\"@type\":\"PropertyValueSpecification\",\"valueRequired\":true,\"valueName\":\"search_term_string\"}}],\"inLanguage\":\"de\"},{\"@type\":\"Organization\",\"@id\":\"https:\/\/denkmalpflege.tuwien.ac.at\/#organization\",\"name\":\"TU Wien Denkmalpflege und Bauen im Bestand\",\"url\":\"https:\/\/denkmalpflege.tuwien.ac.at\/\",\"logo\":{\"@type\":\"ImageObject\",\"inLanguage\":\"de\",\"@id\":\"https:\/\/denkmalpflege.tuwien.ac.at\/#\/schema\/logo\/image\/\",\"url\":\"https:\/\/denkmalpflege.tuwien.ac.at\/wp-content\/uploads\/2019\/10\/Logo1.png\",\"contentUrl\":\"https:\/\/denkmalpflege.tuwien.ac.at\/wp-content\/uploads\/2019\/10\/Logo1.png\",\"width\":222,\"height\":79,\"caption\":\"TU Wien Denkmalpflege und Bauen im Bestand\"},\"image\":{\"@id\":\"https:\/\/denkmalpflege.tuwien.ac.at\/#\/schema\/logo\/image\/\"}}]}<\/script>\n<!-- \/ Yoast SEO plugin. -->","yoast_head_json":{"title":"Themenschwerpunkt Denkmalpflege und Transformation - Denkmalpflege und Bauen im Bestand","robots":{"index":"index","follow":"follow","max-snippet":"max-snippet:-1","max-image-preview":"max-image-preview:large","max-video-preview":"max-video-preview:-1"},"canonical":"https:\/\/denkmalpflege.tuwien.ac.at\/index.php\/themenschwerpunkt-denkmalpflege-und-transformation\/","og_locale":"de_DE","og_type":"article","og_title":"Themenschwerpunkt Denkmalpflege und Transformation - Denkmalpflege und Bauen im Bestand","og_description":"THEMENSCHWERPUNKTE Areas of focus DENKMALPFLEGE UND TRANSFORMATION St\u00e4dtische und l\u00e4ndliche R\u00e4ume in Umbruchprozessen St\u00e4dtische und l\u00e4ndliche R\u00e4ume haben sich \u00fcber die Jahrhunderte und bis heute entwickelt und ver\u00e4ndert, abh\u00e4ngig von den wirtschaftlichen, politischen, rechtlichen und gesellschaftlichen Rahmenbedingungen. Diese Dynamiken haben jene bauliche Vielfalt geschaffen, die uns heute umgibt. Gerade in r\u00e4umlichen Zusammenh\u00e4ngen k\u00f6nnen Vielfalt, Kontinuit\u00e4t, aber auch Br\u00fcche gesellschaftlicher Transformationen gelesen werden. Unsere Disziplin der Denkmalpflege befasst sich seit etwaRead More","og_url":"https:\/\/denkmalpflege.tuwien.ac.at\/index.php\/themenschwerpunkt-denkmalpflege-und-transformation\/","og_site_name":"Denkmalpflege und Bauen im Bestand","article_modified_time":"2023-10-22T11:48:13+00:00","og_image":[{"url":"http:\/\/denkmalpflege.tuwien.ac.at\/wp-content\/uploads\/2023\/10\/Denkmalpflege-und-Transformation-745x1024.jpg","type":"","width":"","height":""}],"twitter_card":"summary_large_image","twitter_misc":{"Gesch\u00e4tzte Lesezeit":"2\u00a0Minuten"},"schema":{"@context":"https:\/\/schema.org","@graph":[{"@type":"WebPage","@id":"https:\/\/denkmalpflege.tuwien.ac.at\/index.php\/themenschwerpunkt-denkmalpflege-und-transformation\/","url":"https:\/\/denkmalpflege.tuwien.ac.at\/index.php\/themenschwerpunkt-denkmalpflege-und-transformation\/","name":"Themenschwerpunkt Denkmalpflege und Transformation - Denkmalpflege und Bauen im Bestand","isPartOf":{"@id":"https:\/\/denkmalpflege.tuwien.ac.at\/#website"},"primaryImageOfPage":{"@id":"https:\/\/denkmalpflege.tuwien.ac.at\/index.php\/themenschwerpunkt-denkmalpflege-und-transformation\/#primaryimage"},"image":{"@id":"https:\/\/denkmalpflege.tuwien.ac.at\/index.php\/themenschwerpunkt-denkmalpflege-und-transformation\/#primaryimage"},"thumbnailUrl":"http:\/\/denkmalpflege.tuwien.ac.at\/wp-content\/uploads\/2023\/10\/Denkmalpflege-und-Transformation-745x1024.jpg","datePublished":"2023-10-04T12:54:36+00:00","dateModified":"2023-10-22T11:48:13+00:00","breadcrumb":{"@id":"https:\/\/denkmalpflege.tuwien.ac.at\/index.php\/themenschwerpunkt-denkmalpflege-und-transformation\/#breadcrumb"},"inLanguage":"de","potentialAction":[{"@type":"ReadAction","target":["https:\/\/denkmalpflege.tuwien.ac.at\/index.php\/themenschwerpunkt-denkmalpflege-und-transformation\/"]}]},{"@type":"ImageObject","inLanguage":"de","@id":"https:\/\/denkmalpflege.tuwien.ac.at\/index.php\/themenschwerpunkt-denkmalpflege-und-transformation\/#primaryimage","url":"https:\/\/denkmalpflege.tuwien.ac.at\/wp-content\/uploads\/2023\/10\/Denkmalpflege-und-Transformation.jpg","contentUrl":"https:\/\/denkmalpflege.tuwien.ac.at\/wp-content\/uploads\/2023\/10\/Denkmalpflege-und-Transformation.jpg","width":1800,"height":2475},{"@type":"BreadcrumbList","@id":"https:\/\/denkmalpflege.tuwien.ac.at\/index.php\/themenschwerpunkt-denkmalpflege-und-transformation\/#breadcrumb","itemListElement":[{"@type":"ListItem","position":1,"name":"Startseite","item":"https:\/\/denkmalpflege.tuwien.ac.at\/"},{"@type":"ListItem","position":2,"name":"Themenschwerpunkt Denkmalpflege und Transformation"}]},{"@type":"WebSite","@id":"https:\/\/denkmalpflege.tuwien.ac.at\/#website","url":"https:\/\/denkmalpflege.tuwien.ac.at\/","name":"Denkmalpflege und Bauen im Bestand","description":"Denkmalpflege TU Wien","publisher":{"@id":"https:\/\/denkmalpflege.tuwien.ac.at\/#organization"},"potentialAction":[{"@type":"SearchAction","target":{"@type":"EntryPoint","urlTemplate":"https:\/\/denkmalpflege.tuwien.ac.at\/?s={search_term_string}"},"query-input":{"@type":"PropertyValueSpecification","valueRequired":true,"valueName":"search_term_string"}}],"inLanguage":"de"},{"@type":"Organization","@id":"https:\/\/denkmalpflege.tuwien.ac.at\/#organization","name":"TU Wien Denkmalpflege und Bauen im Bestand","url":"https:\/\/denkmalpflege.tuwien.ac.at\/","logo":{"@type":"ImageObject","inLanguage":"de","@id":"https:\/\/denkmalpflege.tuwien.ac.at\/#\/schema\/logo\/image\/","url":"https:\/\/denkmalpflege.tuwien.ac.at\/wp-content\/uploads\/2019\/10\/Logo1.png","contentUrl":"https:\/\/denkmalpflege.tuwien.ac.at\/wp-content\/uploads\/2019\/10\/Logo1.png","width":222,"height":79,"caption":"TU Wien Denkmalpflege und Bauen im Bestand"},"image":{"@id":"https:\/\/denkmalpflege.tuwien.ac.at\/#\/schema\/logo\/image\/"}}]}},"_links":{"self":[{"href":"https:\/\/denkmalpflege.tuwien.ac.at\/index.php\/wp-json\/wp\/v2\/pages\/27196","targetHints":{"allow":["GET"]}}],"collection":[{"href":"https:\/\/denkmalpflege.tuwien.ac.at\/index.php\/wp-json\/wp\/v2\/pages"}],"about":[{"href":"https:\/\/denkmalpflege.tuwien.ac.at\/index.php\/wp-json\/wp\/v2\/types\/page"}],"author":[{"embeddable":true,"href":"https:\/\/denkmalpflege.tuwien.ac.at\/index.php\/wp-json\/wp\/v2\/users\/1"}],"replies":[{"embeddable":true,"href":"https:\/\/denkmalpflege.tuwien.ac.at\/index.php\/wp-json\/wp\/v2\/comments?post=27196"}],"version-history":[{"count":30,"href":"https:\/\/denkmalpflege.tuwien.ac.at\/index.php\/wp-json\/wp\/v2\/pages\/27196\/revisions"}],"predecessor-version":[{"id":28523,"href":"https:\/\/denkmalpflege.tuwien.ac.at\/index.php\/wp-json\/wp\/v2\/pages\/27196\/revisions\/28523"}],"wp:attachment":[{"href":"https:\/\/denkmalpflege.tuwien.ac.at\/index.php\/wp-json\/wp\/v2\/media?parent=27196"}],"curies":[{"name":"wp","href":"https:\/\/api.w.org\/{rel}","templated":true}]}}