{"id":26194,"date":"2023-06-12T09:39:51","date_gmt":"2023-06-12T07:39:51","guid":{"rendered":"https:\/\/denkmalpflege.tuwien.ac.at\/?page_id=26194"},"modified":"2026-02-06T11:51:43","modified_gmt":"2026-02-06T10:51:43","slug":"forschungsprojekt-bmbf","status":"publish","type":"page","link":"https:\/\/denkmalpflege.tuwien.ac.at\/index.php\/forschungsprojekt-bmbf\/","title":{"rendered":"Forschungsprojekt BMBF"},"content":{"rendered":"\t\t<div data-elementor-type=\"wp-page\" data-elementor-id=\"26194\" class=\"elementor elementor-26194\" data-elementor-post-type=\"page\">\n\t\t\t\t\t\t<section class=\"elementor-section elementor-top-section elementor-element elementor-element-8258579 elementor-section-full_width elementor-section-height-default elementor-section-height-default\" data-id=\"8258579\" data-element_type=\"section\">\n\t\t\t\t\t\t<div class=\"elementor-container elementor-column-gap-default\">\n\t\t\t\t\t<div class=\"elementor-column elementor-col-100 elementor-top-column elementor-element elementor-element-6f16063e\" data-id=\"6f16063e\" data-element_type=\"column\">\n\t\t\t<div class=\"elementor-widget-wrap elementor-element-populated\">\n\t\t\t\t\t\t<div class=\"elementor-element elementor-element-5bb4f3a elementor-widget elementor-widget-text-editor\" data-id=\"5bb4f3a\" data-element_type=\"widget\" data-widget_type=\"text-editor.default\">\n\t\t\t\t<div class=\"elementor-widget-container\">\n\t\t\t\t\t\t\t\t\t<p>FORSCHUNGSPROJEKT BMBF<\/p>\t\t\t\t\t\t\t\t<\/div>\n\t\t\t\t<\/div>\n\t\t\t\t<div class=\"elementor-element elementor-element-d70a0d1 elementor-widget elementor-widget-heading\" data-id=\"d70a0d1\" data-element_type=\"widget\" data-widget_type=\"heading.default\">\n\t\t\t\t<div class=\"elementor-widget-container\">\n\t\t\t\t\t<h2 class=\"elementor-heading-title elementor-size-default\">Programm WIR! \u2013 Wandel durch Innovation in der Region\n\n<\/h2>\t\t\t\t<\/div>\n\t\t\t\t<\/div>\n\t\t\t\t\t<\/div>\n\t\t<\/div>\n\t\t\t\t\t<\/div>\n\t\t<\/section>\n\t\t\t\t<section class=\"elementor-section elementor-top-section elementor-element elementor-element-1f5acb73 elementor-section-full_width elementor-section-height-default elementor-section-height-default\" data-id=\"1f5acb73\" data-element_type=\"section\">\n\t\t\t\t\t\t<div class=\"elementor-container elementor-column-gap-default\">\n\t\t\t\t\t<div class=\"elementor-column elementor-col-100 elementor-top-column elementor-element elementor-element-4c594ae9\" data-id=\"4c594ae9\" data-element_type=\"column\">\n\t\t\t<div class=\"elementor-widget-wrap elementor-element-populated\">\n\t\t\t\t\t\t<div class=\"elementor-element elementor-element-35248550 elementor-widget elementor-widget-text-editor\" data-id=\"35248550\" data-element_type=\"widget\" data-widget_type=\"text-editor.default\">\n\t\t\t\t<div class=\"elementor-widget-container\">\n\t\t\t\t\t\t\t\t\t<p class=\"p2\">LAUFZEIT 2019-2026 <br \/>B\u00dcNDNIS VOGTLANDPIONIERE<\/p>\t\t\t\t\t\t\t\t<\/div>\n\t\t\t\t<\/div>\n\t\t\t\t<div class=\"elementor-element elementor-element-d843567 elementor-widget elementor-widget-spacer\" data-id=\"d843567\" data-element_type=\"widget\" data-widget_type=\"spacer.default\">\n\t\t\t\t<div class=\"elementor-widget-container\">\n\t\t\t\t\t\t\t<div class=\"elementor-spacer\">\n\t\t\t<div class=\"elementor-spacer-inner\"><\/div>\n\t\t<\/div>\n\t\t\t\t\t\t<\/div>\n\t\t\t\t<\/div>\n\t\t\t\t<div class=\"elementor-element elementor-element-3992f0a elementor-widget elementor-widget-image\" data-id=\"3992f0a\" data-element_type=\"widget\" data-widget_type=\"image.default\">\n\t\t\t\t<div class=\"elementor-widget-container\">\n\t\t\t\t\t\t\t\t\t\t\t\t\t\t\t<img fetchpriority=\"high\" decoding=\"async\" width=\"768\" height=\"560\" src=\"https:\/\/denkmalpflege.tuwien.ac.at\/wp-content\/uploads\/2023\/06\/bmbf-forschungsprojekt-768x560.jpg\" class=\"attachment-medium_large size-medium_large wp-image-26196\" alt=\"\" srcset=\"https:\/\/denkmalpflege.tuwien.ac.at\/wp-content\/uploads\/2023\/06\/bmbf-forschungsprojekt-768x560.jpg 768w, https:\/\/denkmalpflege.tuwien.ac.at\/wp-content\/uploads\/2023\/06\/bmbf-forschungsprojekt-300x219.jpg 300w, https:\/\/denkmalpflege.tuwien.ac.at\/wp-content\/uploads\/2023\/06\/bmbf-forschungsprojekt-1024x747.jpg 1024w, https:\/\/denkmalpflege.tuwien.ac.at\/wp-content\/uploads\/2023\/06\/bmbf-forschungsprojekt-1536x1120.jpg 1536w, https:\/\/denkmalpflege.tuwien.ac.at\/wp-content\/uploads\/2023\/06\/bmbf-forschungsprojekt-2048x1493.jpg 2048w, https:\/\/denkmalpflege.tuwien.ac.at\/wp-content\/uploads\/2023\/06\/bmbf-forschungsprojekt-700x510.jpg 700w\" sizes=\"(max-width: 768px) 100vw, 768px\" \/>\t\t\t\t\t\t\t\t\t\t\t\t\t\t\t<\/div>\n\t\t\t\t<\/div>\n\t\t\t\t<div class=\"elementor-element elementor-element-6cd82b1f elementor-widget elementor-widget-spacer\" data-id=\"6cd82b1f\" data-element_type=\"widget\" data-widget_type=\"spacer.default\">\n\t\t\t\t<div class=\"elementor-widget-container\">\n\t\t\t\t\t\t\t<div class=\"elementor-spacer\">\n\t\t\t<div class=\"elementor-spacer-inner\"><\/div>\n\t\t<\/div>\n\t\t\t\t\t\t<\/div>\n\t\t\t\t<\/div>\n\t\t\t\t<div class=\"elementor-element elementor-element-f8adcc0 elementor-widget elementor-widget-text-editor\" data-id=\"f8adcc0\" data-element_type=\"widget\" data-widget_type=\"text-editor.default\">\n\t\t\t\t<div class=\"elementor-widget-container\">\n\t\t\t\t\t\t\t\t\t<p>Mit dem Programm \u201eInnovation &amp; Strukturwandel\u201c f\u00f6rdert das Bundesforschungsministerium f\u00fcr Bildung und Forschung B\u00fcndnisse in strukturschwachen Regionen. Ziel des Prozesses ist durch Ver\u00e4nderungen in den Regionen Chancen f\u00fcr einen Strukturwandel zu er\u00f6ffnen. Die \u201eVogtlandpioniere\u201c, eines dieser mittlerweile 44 deutschlandweiten B\u00fcndnisse will Bestandsgeb\u00e4ude, die als baukulturellers Erbe wahrgenommen werden, \u00a0umnutzen und durch Innovationen in Zukunftsorte verwandeln.<\/p><p><strong>Kriterien f\u00fcr die Auswahl f\u00f6rderungsw\u00fcrdiger Projekte sind:<\/strong><\/p><p>Regionalit\u00e4t (Region funktionale Einheit; Kern des B\u00fcndnisses)<\/p><p>Innovationspotenzial (Innovationsfeld mit regionaler Perspektive; Relevanz des Innovationsfelds)<\/p><p>Akteurszusammensetzung (interdisziplin\u00e4r; Beteiligung von Unternehmen, insbesondere KMU)<\/p><p>Bottom-up (Initiative aus der Region f\u00fcr die Region)<\/p><p>Gesamtstrategie (Konsistenz und Stringenz)<\/p><p>Nachhaltigkeit (Zukunftsf\u00e4higkeit der Strategie)<\/p><p>Damit werden Fragen nach Denkmalpflege und Bauen im Bestand in einen breiten Ansatz der Erhaltung eingebettet, der explizit die wirtschaftliche Entwicklung \u00fcber Innovationen mit in den Blick nimmt. Die Verbindung von Baudenkmalpflege, digitalen Technologien und Materialwissenschaften, Hightech und Handwerk sowie die starke Textilindustrie bildet die technologische Grundlage in diesem Projekt, mehr als 70 Mitglieder und Akteure des Projektb\u00fcndnis kommen aus diesen Bereichen, und aus zivilgesellschaftlichen Vereinen, Stiftungen und Kommunen. Im wissenschaftlichen Beirat beurteilt Uni.-Prof.in Heike Oevermann gemeinsam mit den anderen Mitgliedern Projektantr\u00e4ge und ihre Relevanz und potentielle Wirksamkeit f\u00fcr den Erhalt des baukulturellen Erbes und die St\u00e4rkung der Region durch Innovation.<\/p><p>Die Vogtlandpioniere sind das Netzwerk zur innovativen Erhaltung und Belebung alter Geb\u00e4ude und Fabriken im Vogtland. Die Vogtlandpioniere geh\u00f6ren zu den zwanzig Pilotprojekten des F\u00f6rderprogramms \u201eWIR! \u2013 Wandel durch Innovation in der Region\u201c des Bundesministeriums f\u00fcr Bildung und Forschung (BMBF) und werden durch die Industrieforschungseinrichtung INNOVENT e.V. aus Jena koordiniert. Die Vorhaben der Vogtlandpioniere erhalten auf Antrag F\u00f6rdermittel des BMBF.<\/p><p>Weitere Informationen sowie Hinweise zu aktuellen Veranstaltungen finden sich auf der Webseite des WIR!-B\u00fcndnisses \u201eVogtlandpioniere\u201c:\u00a0<a class=\"csc-content-link\" href=\"http:\/\/www.vogtlandpioniere.de\/\" target=\"_blank\" rel=\"noopener\">www.vogtlandpioniere.de<\/a><\/p><p><strong>Kontakt<\/strong><\/p><p><span style=\"text-decoration: underline;\">Univ. Prof. Dr. Heike Oevermann<\/span><br \/>Forschungsbereich Denkmalpflege und Bauen im Bestand,<br \/>Technische Universit\u00e4t Wien, Karlsplatz 13\/251-2, 1040 Wien<br \/>Telefon: +43 (1) 58801 25710<br \/>E-Mail:\u00a0<a href=\"mailto:heike.oevermann@tuwien.ac.at\">heike.oevermann@tuwien.ac.at<\/a><\/p>\t\t\t\t\t\t\t\t<\/div>\n\t\t\t\t<\/div>\n\t\t\t\t<div class=\"elementor-element elementor-element-28761 elementor-button-info elementor-align-left elementor-widget elementor-widget-global elementor-global-28761 elementor-widget-button\" data-id=\"28761\" data-element_type=\"widget\" data-widget_type=\"button.default\">\n\t\t\t\t<div class=\"elementor-widget-container\">\n\t\t\t\t\t\t\t\t\t<div class=\"elementor-button-wrapper\">\n\t\t\t\t\t<a class=\"elementor-button elementor-button-link elementor-size-sm\" href=\"https:\/\/denkmalpflege.tuwien.ac.at\/index.php\/themenschwerpunkt-denkmalpflege-und-transformation\/\">\n\t\t\t\t\t\t<span class=\"elementor-button-content-wrapper\">\n\t\t\t\t\t\t\t\t\t<span class=\"elementor-button-text\">\/\/  Denkmalpflege und Transformation<\/span>\n\t\t\t\t\t<\/span>\n\t\t\t\t\t<\/a>\n\t\t\t\t<\/div>\n\t\t\t\t\t\t\t\t<\/div>\n\t\t\t\t<\/div>\n\t\t\t\t\t<\/div>\n\t\t<\/div>\n\t\t\t\t\t<\/div>\n\t\t<\/section>\n\t\t\t\t<\/div>\n\t\t","protected":false},"excerpt":{"rendered":"<p>FORSCHUNGSPROJEKT BMBF Programm WIR! \u2013 Wandel durch Innovation in der Region LAUFZEIT 2019-2026 B\u00dcNDNIS VOGTLANDPIONIERE Mit dem Programm \u201eInnovation &amp; Strukturwandel\u201c f\u00f6rdert das Bundesforschungsministerium f\u00fcr Bildung und Forschung B\u00fcndnisse in strukturschwachen Regionen. Ziel des Prozesses ist durch Ver\u00e4nderungen in den Regionen Chancen f\u00fcr einen Strukturwandel zu er\u00f6ffnen. Die \u201eVogtlandpioniere\u201c, eines dieser mittlerweile 44 deutschlandweiten B\u00fcndnisse will Bestandsgeb\u00e4ude, die als baukulturellers Erbe wahrgenommen werden, \u00a0umnutzen und durch Innovationen in Zukunftsorte verwandeln.<\/p>\n<div class=\"belowpost\"><a class=\"btnmore icon-arrow\" href=\"https:\/\/denkmalpflege.tuwien.ac.at\/index.php\/forschungsprojekt-bmbf\/\"><span>Read More<\/span><\/a><\/div>\n","protected":false},"author":1,"featured_media":0,"parent":0,"menu_order":0,"comment_status":"closed","ping_status":"closed","template":"","meta":{"footnotes":""},"class_list":["post-26194","page","type-page","status-publish","hentry"],"yoast_head":"<!-- This site is optimized with the Yoast SEO plugin v26.0 - https:\/\/yoast.com\/wordpress\/plugins\/seo\/ -->\n<title>Forschungsprojekt BMBF - Denkmalpflege und Bauen im Bestand<\/title>\n<meta name=\"robots\" content=\"index, follow, max-snippet:-1, max-image-preview:large, max-video-preview:-1\" \/>\n<link rel=\"canonical\" href=\"https:\/\/denkmalpflege.tuwien.ac.at\/index.php\/forschungsprojekt-bmbf\/\" \/>\n<meta property=\"og:locale\" content=\"de_DE\" \/>\n<meta property=\"og:type\" content=\"article\" \/>\n<meta property=\"og:title\" content=\"Forschungsprojekt BMBF - Denkmalpflege und Bauen im Bestand\" \/>\n<meta property=\"og:description\" content=\"FORSCHUNGSPROJEKT BMBF Programm WIR! \u2013 Wandel durch Innovation in der Region LAUFZEIT 2019-2026 B\u00dcNDNIS VOGTLANDPIONIERE Mit dem Programm \u201eInnovation &amp; Strukturwandel\u201c f\u00f6rdert das Bundesforschungsministerium f\u00fcr Bildung und Forschung B\u00fcndnisse in strukturschwachen Regionen. Ziel des Prozesses ist durch Ver\u00e4nderungen in den Regionen Chancen f\u00fcr einen Strukturwandel zu er\u00f6ffnen. Die \u201eVogtlandpioniere\u201c, eines dieser mittlerweile 44 deutschlandweiten B\u00fcndnisse will Bestandsgeb\u00e4ude, die als baukulturellers Erbe wahrgenommen werden, \u00a0umnutzen und durch Innovationen in Zukunftsorte verwandeln.Read More\" \/>\n<meta property=\"og:url\" content=\"https:\/\/denkmalpflege.tuwien.ac.at\/index.php\/forschungsprojekt-bmbf\/\" \/>\n<meta property=\"og:site_name\" content=\"Denkmalpflege und Bauen im Bestand\" \/>\n<meta property=\"article:modified_time\" content=\"2026-02-06T10:51:43+00:00\" \/>\n<meta property=\"og:image\" content=\"https:\/\/denkmalpflege.tuwien.ac.at\/wp-content\/uploads\/2023\/06\/bmbf-forschungsprojekt-1024x747.jpg\" \/>\n\t<meta property=\"og:image:width\" content=\"1024\" \/>\n\t<meta property=\"og:image:height\" content=\"747\" \/>\n\t<meta property=\"og:image:type\" content=\"image\/jpeg\" \/>\n<meta name=\"twitter:card\" content=\"summary_large_image\" \/>\n<meta name=\"twitter:label1\" content=\"Gesch\u00e4tzte Lesezeit\" \/>\n\t<meta name=\"twitter:data1\" content=\"2\u00a0Minuten\" \/>\n<script type=\"application\/ld+json\" class=\"yoast-schema-graph\">{\"@context\":\"https:\/\/schema.org\",\"@graph\":[{\"@type\":\"WebPage\",\"@id\":\"https:\/\/denkmalpflege.tuwien.ac.at\/index.php\/forschungsprojekt-bmbf\/\",\"url\":\"https:\/\/denkmalpflege.tuwien.ac.at\/index.php\/forschungsprojekt-bmbf\/\",\"name\":\"Forschungsprojekt BMBF - Denkmalpflege und Bauen im Bestand\",\"isPartOf\":{\"@id\":\"https:\/\/denkmalpflege.tuwien.ac.at\/#website\"},\"primaryImageOfPage\":{\"@id\":\"https:\/\/denkmalpflege.tuwien.ac.at\/index.php\/forschungsprojekt-bmbf\/#primaryimage\"},\"image\":{\"@id\":\"https:\/\/denkmalpflege.tuwien.ac.at\/index.php\/forschungsprojekt-bmbf\/#primaryimage\"},\"thumbnailUrl\":\"http:\/\/denkmalpflege.tuwien.ac.at\/wp-content\/uploads\/2023\/06\/bmbf-forschungsprojekt-768x560.jpg\",\"datePublished\":\"2023-06-12T07:39:51+00:00\",\"dateModified\":\"2026-02-06T10:51:43+00:00\",\"breadcrumb\":{\"@id\":\"https:\/\/denkmalpflege.tuwien.ac.at\/index.php\/forschungsprojekt-bmbf\/#breadcrumb\"},\"inLanguage\":\"de\",\"potentialAction\":[{\"@type\":\"ReadAction\",\"target\":[\"https:\/\/denkmalpflege.tuwien.ac.at\/index.php\/forschungsprojekt-bmbf\/\"]}]},{\"@type\":\"ImageObject\",\"inLanguage\":\"de\",\"@id\":\"https:\/\/denkmalpflege.tuwien.ac.at\/index.php\/forschungsprojekt-bmbf\/#primaryimage\",\"url\":\"https:\/\/denkmalpflege.tuwien.ac.at\/wp-content\/uploads\/2023\/06\/bmbf-forschungsprojekt.jpg\",\"contentUrl\":\"https:\/\/denkmalpflege.tuwien.ac.at\/wp-content\/uploads\/2023\/06\/bmbf-forschungsprojekt.jpg\",\"width\":2393,\"height\":1745},{\"@type\":\"BreadcrumbList\",\"@id\":\"https:\/\/denkmalpflege.tuwien.ac.at\/index.php\/forschungsprojekt-bmbf\/#breadcrumb\",\"itemListElement\":[{\"@type\":\"ListItem\",\"position\":1,\"name\":\"Startseite\",\"item\":\"https:\/\/denkmalpflege.tuwien.ac.at\/\"},{\"@type\":\"ListItem\",\"position\":2,\"name\":\"Forschungsprojekt BMBF\"}]},{\"@type\":\"WebSite\",\"@id\":\"https:\/\/denkmalpflege.tuwien.ac.at\/#website\",\"url\":\"https:\/\/denkmalpflege.tuwien.ac.at\/\",\"name\":\"Denkmalpflege und Bauen im Bestand\",\"description\":\"Denkmalpflege TU Wien\",\"publisher\":{\"@id\":\"https:\/\/denkmalpflege.tuwien.ac.at\/#organization\"},\"potentialAction\":[{\"@type\":\"SearchAction\",\"target\":{\"@type\":\"EntryPoint\",\"urlTemplate\":\"https:\/\/denkmalpflege.tuwien.ac.at\/?s={search_term_string}\"},\"query-input\":{\"@type\":\"PropertyValueSpecification\",\"valueRequired\":true,\"valueName\":\"search_term_string\"}}],\"inLanguage\":\"de\"},{\"@type\":\"Organization\",\"@id\":\"https:\/\/denkmalpflege.tuwien.ac.at\/#organization\",\"name\":\"TU Wien Denkmalpflege und Bauen im Bestand\",\"url\":\"https:\/\/denkmalpflege.tuwien.ac.at\/\",\"logo\":{\"@type\":\"ImageObject\",\"inLanguage\":\"de\",\"@id\":\"https:\/\/denkmalpflege.tuwien.ac.at\/#\/schema\/logo\/image\/\",\"url\":\"https:\/\/denkmalpflege.tuwien.ac.at\/wp-content\/uploads\/2019\/10\/Logo1.png\",\"contentUrl\":\"https:\/\/denkmalpflege.tuwien.ac.at\/wp-content\/uploads\/2019\/10\/Logo1.png\",\"width\":222,\"height\":79,\"caption\":\"TU Wien Denkmalpflege und Bauen im Bestand\"},\"image\":{\"@id\":\"https:\/\/denkmalpflege.tuwien.ac.at\/#\/schema\/logo\/image\/\"}}]}<\/script>\n<!-- \/ Yoast SEO plugin. -->","yoast_head_json":{"title":"Forschungsprojekt BMBF - Denkmalpflege und Bauen im Bestand","robots":{"index":"index","follow":"follow","max-snippet":"max-snippet:-1","max-image-preview":"max-image-preview:large","max-video-preview":"max-video-preview:-1"},"canonical":"https:\/\/denkmalpflege.tuwien.ac.at\/index.php\/forschungsprojekt-bmbf\/","og_locale":"de_DE","og_type":"article","og_title":"Forschungsprojekt BMBF - Denkmalpflege und Bauen im Bestand","og_description":"FORSCHUNGSPROJEKT BMBF Programm WIR! \u2013 Wandel durch Innovation in der Region LAUFZEIT 2019-2026 B\u00dcNDNIS VOGTLANDPIONIERE Mit dem Programm \u201eInnovation &amp; Strukturwandel\u201c f\u00f6rdert das Bundesforschungsministerium f\u00fcr Bildung und Forschung B\u00fcndnisse in strukturschwachen Regionen. Ziel des Prozesses ist durch Ver\u00e4nderungen in den Regionen Chancen f\u00fcr einen Strukturwandel zu er\u00f6ffnen. Die \u201eVogtlandpioniere\u201c, eines dieser mittlerweile 44 deutschlandweiten B\u00fcndnisse will Bestandsgeb\u00e4ude, die als baukulturellers Erbe wahrgenommen werden, \u00a0umnutzen und durch Innovationen in Zukunftsorte verwandeln.Read More","og_url":"https:\/\/denkmalpflege.tuwien.ac.at\/index.php\/forschungsprojekt-bmbf\/","og_site_name":"Denkmalpflege und Bauen im Bestand","article_modified_time":"2026-02-06T10:51:43+00:00","og_image":[{"width":1024,"height":747,"url":"https:\/\/denkmalpflege.tuwien.ac.at\/wp-content\/uploads\/2023\/06\/bmbf-forschungsprojekt-1024x747.jpg","type":"image\/jpeg"}],"twitter_card":"summary_large_image","twitter_misc":{"Gesch\u00e4tzte Lesezeit":"2\u00a0Minuten"},"schema":{"@context":"https:\/\/schema.org","@graph":[{"@type":"WebPage","@id":"https:\/\/denkmalpflege.tuwien.ac.at\/index.php\/forschungsprojekt-bmbf\/","url":"https:\/\/denkmalpflege.tuwien.ac.at\/index.php\/forschungsprojekt-bmbf\/","name":"Forschungsprojekt BMBF - Denkmalpflege und Bauen im Bestand","isPartOf":{"@id":"https:\/\/denkmalpflege.tuwien.ac.at\/#website"},"primaryImageOfPage":{"@id":"https:\/\/denkmalpflege.tuwien.ac.at\/index.php\/forschungsprojekt-bmbf\/#primaryimage"},"image":{"@id":"https:\/\/denkmalpflege.tuwien.ac.at\/index.php\/forschungsprojekt-bmbf\/#primaryimage"},"thumbnailUrl":"http:\/\/denkmalpflege.tuwien.ac.at\/wp-content\/uploads\/2023\/06\/bmbf-forschungsprojekt-768x560.jpg","datePublished":"2023-06-12T07:39:51+00:00","dateModified":"2026-02-06T10:51:43+00:00","breadcrumb":{"@id":"https:\/\/denkmalpflege.tuwien.ac.at\/index.php\/forschungsprojekt-bmbf\/#breadcrumb"},"inLanguage":"de","potentialAction":[{"@type":"ReadAction","target":["https:\/\/denkmalpflege.tuwien.ac.at\/index.php\/forschungsprojekt-bmbf\/"]}]},{"@type":"ImageObject","inLanguage":"de","@id":"https:\/\/denkmalpflege.tuwien.ac.at\/index.php\/forschungsprojekt-bmbf\/#primaryimage","url":"https:\/\/denkmalpflege.tuwien.ac.at\/wp-content\/uploads\/2023\/06\/bmbf-forschungsprojekt.jpg","contentUrl":"https:\/\/denkmalpflege.tuwien.ac.at\/wp-content\/uploads\/2023\/06\/bmbf-forschungsprojekt.jpg","width":2393,"height":1745},{"@type":"BreadcrumbList","@id":"https:\/\/denkmalpflege.tuwien.ac.at\/index.php\/forschungsprojekt-bmbf\/#breadcrumb","itemListElement":[{"@type":"ListItem","position":1,"name":"Startseite","item":"https:\/\/denkmalpflege.tuwien.ac.at\/"},{"@type":"ListItem","position":2,"name":"Forschungsprojekt BMBF"}]},{"@type":"WebSite","@id":"https:\/\/denkmalpflege.tuwien.ac.at\/#website","url":"https:\/\/denkmalpflege.tuwien.ac.at\/","name":"Denkmalpflege und Bauen im Bestand","description":"Denkmalpflege TU Wien","publisher":{"@id":"https:\/\/denkmalpflege.tuwien.ac.at\/#organization"},"potentialAction":[{"@type":"SearchAction","target":{"@type":"EntryPoint","urlTemplate":"https:\/\/denkmalpflege.tuwien.ac.at\/?s={search_term_string}"},"query-input":{"@type":"PropertyValueSpecification","valueRequired":true,"valueName":"search_term_string"}}],"inLanguage":"de"},{"@type":"Organization","@id":"https:\/\/denkmalpflege.tuwien.ac.at\/#organization","name":"TU Wien Denkmalpflege und Bauen im Bestand","url":"https:\/\/denkmalpflege.tuwien.ac.at\/","logo":{"@type":"ImageObject","inLanguage":"de","@id":"https:\/\/denkmalpflege.tuwien.ac.at\/#\/schema\/logo\/image\/","url":"https:\/\/denkmalpflege.tuwien.ac.at\/wp-content\/uploads\/2019\/10\/Logo1.png","contentUrl":"https:\/\/denkmalpflege.tuwien.ac.at\/wp-content\/uploads\/2019\/10\/Logo1.png","width":222,"height":79,"caption":"TU Wien Denkmalpflege und Bauen im Bestand"},"image":{"@id":"https:\/\/denkmalpflege.tuwien.ac.at\/#\/schema\/logo\/image\/"}}]}},"_links":{"self":[{"href":"https:\/\/denkmalpflege.tuwien.ac.at\/index.php\/wp-json\/wp\/v2\/pages\/26194","targetHints":{"allow":["GET"]}}],"collection":[{"href":"https:\/\/denkmalpflege.tuwien.ac.at\/index.php\/wp-json\/wp\/v2\/pages"}],"about":[{"href":"https:\/\/denkmalpflege.tuwien.ac.at\/index.php\/wp-json\/wp\/v2\/types\/page"}],"author":[{"embeddable":true,"href":"https:\/\/denkmalpflege.tuwien.ac.at\/index.php\/wp-json\/wp\/v2\/users\/1"}],"replies":[{"embeddable":true,"href":"https:\/\/denkmalpflege.tuwien.ac.at\/index.php\/wp-json\/wp\/v2\/comments?post=26194"}],"version-history":[{"count":25,"href":"https:\/\/denkmalpflege.tuwien.ac.at\/index.php\/wp-json\/wp\/v2\/pages\/26194\/revisions"}],"predecessor-version":[{"id":35634,"href":"https:\/\/denkmalpflege.tuwien.ac.at\/index.php\/wp-json\/wp\/v2\/pages\/26194\/revisions\/35634"}],"wp:attachment":[{"href":"https:\/\/denkmalpflege.tuwien.ac.at\/index.php\/wp-json\/wp\/v2\/media?parent=26194"}],"curies":[{"name":"wp","href":"https:\/\/api.w.org\/{rel}","templated":true}]}}