{"id":24417,"date":"2022-08-31T22:23:12","date_gmt":"2022-08-31T20:23:12","guid":{"rendered":"https:\/\/denkmalpflege.tuwien.ac.at\/?page_id=24417"},"modified":"2023-10-22T11:51:58","modified_gmt":"2023-10-22T09:51:58","slug":"diplomanden-dissertantenseminar-ws22-23","status":"publish","type":"page","link":"https:\/\/denkmalpflege.tuwien.ac.at\/index.php\/diplomanden-dissertantenseminar-ws22-23\/","title":{"rendered":"DIPLOMANDEN- &#038; DISSERTANTENSEMINAR WS22\/23"},"content":{"rendered":"\t\t<div data-elementor-type=\"wp-page\" data-elementor-id=\"24417\" class=\"elementor elementor-24417\" data-elementor-post-type=\"page\">\n\t\t\t\t\t\t<section class=\"elementor-section elementor-top-section elementor-element elementor-element-bb9b2a7 elementor-section-full_width elementor-section-height-default elementor-section-height-default\" data-id=\"bb9b2a7\" data-element_type=\"section\">\n\t\t\t\t\t\t<div class=\"elementor-container elementor-column-gap-default\">\n\t\t\t\t\t<div class=\"elementor-column elementor-col-50 elementor-top-column elementor-element elementor-element-d505846\" data-id=\"d505846\" data-element_type=\"column\">\n\t\t\t<div class=\"elementor-widget-wrap elementor-element-populated\">\n\t\t\t\t\t\t<div class=\"elementor-element elementor-element-5055fe9 elementor-widget elementor-widget-heading\" data-id=\"5055fe9\" data-element_type=\"widget\" data-widget_type=\"heading.default\">\n\t\t\t\t<div class=\"elementor-widget-container\">\n\t\t\t\t\t<h2 class=\"elementor-heading-title elementor-size-default\"><a href=\"https:\/\/denkmalpflege.tuwien.ac.at\/index.php\/lva-sommersemester-22\/\">LVA WS22\/23<\/a><\/h2>\t\t\t\t<\/div>\n\t\t\t\t<\/div>\n\t\t\t\t\t<\/div>\n\t\t<\/div>\n\t\t\t\t<div class=\"elementor-column elementor-col-50 elementor-top-column elementor-element elementor-element-e691019\" data-id=\"e691019\" data-element_type=\"column\">\n\t\t\t<div class=\"elementor-widget-wrap elementor-element-populated\">\n\t\t\t\t\t\t<div class=\"elementor-element elementor-element-e8d1a86 elementor-widget elementor-widget-heading\" data-id=\"e8d1a86\" data-element_type=\"widget\" data-widget_type=\"heading.default\">\n\t\t\t\t<div class=\"elementor-widget-container\">\n\t\t\t\t\t<h2 class=\"elementor-heading-title elementor-size-default\">251.884 <span style=\"float: right\"> 2,0 h (3,0 ECTS)<\/span><\/h2>\t\t\t\t<\/div>\n\t\t\t\t<\/div>\n\t\t\t\t\t<\/div>\n\t\t<\/div>\n\t\t\t\t\t<\/div>\n\t\t<\/section>\n\t\t\t\t<section class=\"elementor-section elementor-top-section elementor-element elementor-element-5bc5aaa elementor-section-full_width elementor-section-height-default elementor-section-height-default\" data-id=\"5bc5aaa\" data-element_type=\"section\">\n\t\t\t\t\t\t<div class=\"elementor-container elementor-column-gap-default\">\n\t\t\t\t\t<div class=\"elementor-column elementor-col-50 elementor-top-column elementor-element elementor-element-3a510cf\" data-id=\"3a510cf\" data-element_type=\"column\">\n\t\t\t<div class=\"elementor-widget-wrap elementor-element-populated\">\n\t\t\t\t\t\t<div class=\"elementor-element elementor-element-b342af3 elementor-nav-menu__align-start elementor-nav-menu--dropdown-mobile elementor-nav-menu__text-align-aside elementor-nav-menu--toggle elementor-nav-menu--burger elementor-widget elementor-widget-nav-menu\" data-id=\"b342af3\" data-element_type=\"widget\" data-settings=\"{&quot;layout&quot;:&quot;vertical&quot;,&quot;submenu_icon&quot;:{&quot;value&quot;:&quot;&lt;i class=\\&quot;\\&quot; aria-hidden=\\&quot;true\\&quot;&gt;&lt;\\\/i&gt;&quot;,&quot;library&quot;:&quot;&quot;},&quot;toggle&quot;:&quot;burger&quot;}\" data-widget_type=\"nav-menu.default\">\n\t\t\t\t<div class=\"elementor-widget-container\">\n\t\t\t\t\t\t\t\t<nav aria-label=\"Men\u00fc\" class=\"elementor-nav-menu--main elementor-nav-menu__container elementor-nav-menu--layout-vertical e--pointer-none\">\n\t\t\t\t<ul id=\"menu-1-b342af3\" class=\"elementor-nav-menu sm-vertical\"><li class=\"menu-item menu-item-type-post_type menu-item-object-page menu-item-24516\"><a href=\"https:\/\/denkmalpflege.tuwien.ac.at\/index.php\/denkmalpflege-vorlesung-ws22-23\/\" class=\"elementor-item\">Denkmalpflege Vorlesung WS22<\/a><\/li>\n<li class=\"menu-item menu-item-type-post_type menu-item-object-page menu-item-24520\"><a href=\"https:\/\/denkmalpflege.tuwien.ac.at\/index.php\/entwerfen-convento-de-san-pedro\/\" class=\"elementor-item\">Entwerfen Convento de San Pedro<\/a><\/li>\n<li class=\"menu-item menu-item-type-post_type menu-item-object-page menu-item-24517\"><a href=\"https:\/\/denkmalpflege.tuwien.ac.at\/index.php\/wahlseminar-denkmalstadt-ws22-23\/\" class=\"elementor-item\">Wahlseminar DENKMAL + STADT<\/a><\/li>\n<li class=\"menu-item menu-item-type-post_type menu-item-object-page menu-item-24519\"><a href=\"https:\/\/denkmalpflege.tuwien.ac.at\/index.php\/uebung-denkmalpflege-ws22-23\/\" class=\"elementor-item\">Denkmalpflege und Bausanierung<\/a><\/li>\n<li class=\"menu-item menu-item-type-post_type menu-item-object-page menu-item-24518\"><a href=\"https:\/\/denkmalpflege.tuwien.ac.at\/index.php\/diplomanden-dissertantenseminar-ws22-23\/\" class=\"elementor-item\">Diplomanden- &#038; Dissertantenseminar<\/a><\/li>\n<\/ul>\t\t\t<\/nav>\n\t\t\t\t\t<div class=\"elementor-menu-toggle\" role=\"button\" tabindex=\"0\" aria-label=\"Men\u00fc Umschalter\" aria-expanded=\"false\">\n\t\t\t<i aria-hidden=\"true\" role=\"presentation\" class=\"elementor-menu-toggle__icon--open eicon-menu-bar\"><\/i><i aria-hidden=\"true\" role=\"presentation\" class=\"elementor-menu-toggle__icon--close eicon-close\"><\/i>\t\t<\/div>\n\t\t\t\t\t<nav class=\"elementor-nav-menu--dropdown elementor-nav-menu__container\" aria-hidden=\"true\">\n\t\t\t\t<ul id=\"menu-2-b342af3\" class=\"elementor-nav-menu sm-vertical\"><li class=\"menu-item menu-item-type-post_type menu-item-object-page menu-item-24516\"><a href=\"https:\/\/denkmalpflege.tuwien.ac.at\/index.php\/denkmalpflege-vorlesung-ws22-23\/\" class=\"elementor-item\" tabindex=\"-1\">Denkmalpflege Vorlesung WS22<\/a><\/li>\n<li class=\"menu-item menu-item-type-post_type menu-item-object-page menu-item-24520\"><a href=\"https:\/\/denkmalpflege.tuwien.ac.at\/index.php\/entwerfen-convento-de-san-pedro\/\" class=\"elementor-item\" tabindex=\"-1\">Entwerfen Convento de San Pedro<\/a><\/li>\n<li class=\"menu-item menu-item-type-post_type menu-item-object-page menu-item-24517\"><a href=\"https:\/\/denkmalpflege.tuwien.ac.at\/index.php\/wahlseminar-denkmalstadt-ws22-23\/\" class=\"elementor-item\" tabindex=\"-1\">Wahlseminar DENKMAL + STADT<\/a><\/li>\n<li class=\"menu-item menu-item-type-post_type menu-item-object-page menu-item-24519\"><a href=\"https:\/\/denkmalpflege.tuwien.ac.at\/index.php\/uebung-denkmalpflege-ws22-23\/\" class=\"elementor-item\" tabindex=\"-1\">Denkmalpflege und Bausanierung<\/a><\/li>\n<li class=\"menu-item menu-item-type-post_type menu-item-object-page menu-item-24518\"><a href=\"https:\/\/denkmalpflege.tuwien.ac.at\/index.php\/diplomanden-dissertantenseminar-ws22-23\/\" class=\"elementor-item\" tabindex=\"-1\">Diplomanden- &#038; Dissertantenseminar<\/a><\/li>\n<\/ul>\t\t\t<\/nav>\n\t\t\t\t\t\t<\/div>\n\t\t\t\t<\/div>\n\t\t\t\t\t<\/div>\n\t\t<\/div>\n\t\t\t\t<div class=\"elementor-column elementor-col-50 elementor-top-column elementor-element elementor-element-054da3c\" data-id=\"054da3c\" data-element_type=\"column\">\n\t\t\t<div class=\"elementor-widget-wrap elementor-element-populated\">\n\t\t\t\t\t\t<div class=\"elementor-element elementor-element-b71195d elementor-widget elementor-widget-heading\" data-id=\"b71195d\" data-element_type=\"widget\" data-widget_type=\"heading.default\">\n\t\t\t\t<div class=\"elementor-widget-container\">\n\t\t\t\t\t<h2 class=\"elementor-heading-title elementor-size-default\">Diplomanden- und Dissertantenseminare<\/h2>\t\t\t\t<\/div>\n\t\t\t\t<\/div>\n\t\t\t\t<div class=\"elementor-element elementor-element-ddfd041 elementor-widget elementor-widget-text-editor\" data-id=\"ddfd041\" data-element_type=\"widget\" data-widget_type=\"text-editor.default\">\n\t\t\t\t<div class=\"elementor-widget-container\">\n\t\t\t\t\t\t\t\t\t<p>Seminar f\u00fcr DiplomandInnen<\/p>\t\t\t\t\t\t\t\t<\/div>\n\t\t\t\t<\/div>\n\t\t\t\t<div class=\"elementor-element elementor-element-f9c17a6 lva_img elementor-widget elementor-widget-image\" data-id=\"f9c17a6\" data-element_type=\"widget\" data-widget_type=\"image.default\">\n\t\t\t\t<div class=\"elementor-widget-container\">\n\t\t\t\t\t\t\t\t\t\t\t\t\t\t\t<img fetchpriority=\"high\" decoding=\"async\" width=\"1000\" height=\"708\" src=\"https:\/\/denkmalpflege.tuwien.ac.at\/wp-content\/uploads\/2022\/02\/Unbenannt-5.png\" class=\"attachment-large size-large wp-image-24016\" alt=\"\" \/>\t\t\t\t\t\t\t\t\t\t\t\t\t\t\t<\/div>\n\t\t\t\t<\/div>\n\t\t\t\t<div class=\"elementor-element elementor-element-21a738b elementor-widget elementor-widget-text-editor\" data-id=\"21a738b\" data-element_type=\"widget\" data-widget_type=\"text-editor.default\">\n\t\t\t\t<div class=\"elementor-widget-container\">\n\t\t\t\t\t\t\t\t\t<h6>Er\u00f6ffnung des ersten Teilst\u00fcckes der Autobahn bei St. Christofen,\u00a01958, Bildarchiv\/\u00d6sterreichische Nationalbibliothek<\/h6>\t\t\t\t\t\t\t\t<\/div>\n\t\t\t\t<\/div>\n\t\t\t\t<div class=\"elementor-element elementor-element-7a1b3e7 elementor-widget elementor-widget-heading\" data-id=\"7a1b3e7\" data-element_type=\"widget\" data-widget_type=\"heading.default\">\n\t\t\t\t<div class=\"elementor-widget-container\">\n\t\t\t\t\t<p class=\"elementor-heading-title elementor-size-default\">Birgit KNAUER<\/p>\t\t\t\t<\/div>\n\t\t\t\t<\/div>\n\t\t\t\t<div class=\"elementor-element elementor-element-aeb714f elementor-widget elementor-widget-text-editor\" data-id=\"aeb714f\" data-element_type=\"widget\" data-widget_type=\"text-editor.default\">\n\t\t\t\t<div class=\"elementor-widget-container\">\n\t\t\t\t\t\t\t\t\t<p><strong>Termine<br \/><\/strong>4 Termine jeweils Donnerstag 9:00 &#8211; 11:00 Uhr, genaueres erfahren Sie im TISS oder per Mail!<\/p>\t\t\t\t\t\t\t\t<\/div>\n\t\t\t\t<\/div>\n\t\t\t\t<div class=\"elementor-element elementor-element-7cd38c1 elementor-widget elementor-widget-text-editor\" data-id=\"7cd38c1\" data-element_type=\"widget\" data-widget_type=\"text-editor.default\">\n\t\t\t\t<div class=\"elementor-widget-container\">\n\t\t\t\t\t\t\t\t\t<p><strong>Lehre unter Covid-19<br \/><\/strong>Die BetreuerInnen der Lehrveranstaltung werden die Teilnehmenden rechtzeitig \u00fcber Termine und einen allenfalls ge\u00e4nderten Ablauf der LVA ins Bild setzen.<\/p>\t\t\t\t\t\t\t\t<\/div>\n\t\t\t\t<\/div>\n\t\t\t\t<div class=\"elementor-element elementor-element-4adfb41 elementor-widget-divider--view-line elementor-widget elementor-widget-divider\" data-id=\"4adfb41\" data-element_type=\"widget\" data-widget_type=\"divider.default\">\n\t\t\t\t<div class=\"elementor-widget-container\">\n\t\t\t\t\t\t\t<div class=\"elementor-divider\">\n\t\t\t<span class=\"elementor-divider-separator\">\n\t\t\t\t\t\t<\/span>\n\t\t<\/div>\n\t\t\t\t\t\t<\/div>\n\t\t\t\t<\/div>\n\t\t\t\t<div class=\"elementor-element elementor-element-dc68f6c elementor-widget elementor-widget-text-editor\" data-id=\"dc68f6c\" data-element_type=\"widget\" data-widget_type=\"text-editor.default\">\n\t\t\t\t<div class=\"elementor-widget-container\">\n\t\t\t\t\t\t\t\t\t<p><strong>Inhalte und Schwerpunkte der Lehrveranstaltung<br \/><\/strong><\/p><div class=\"encode\"><p>Nach positiver Absolvierung der Lehrveranstaltung sind Studierende in der Lage, die Anforderungen an eine Diplomarbeit erfolgreich zu meistern, von der Auswahl des Themas bis zur Gestaltung und Abgabe der Arbeit.<\/p><p>Das Seminar soll in das wissenschaftliche Arbeiten einf\u00fchren, die Diplomprojekte wissenschaftlich begleiten. An insgesamt vier Terminen wir gemeinsam N\u00fctzliches f\u00fcr die Planung, die Erstellung und den erfolgreichen Abschluss der Diplomarbeit\/Masterarbeit besprochen. Themen des Seminars sind u.a.: Recherche, Forschungsthema &amp; Forschungsstand, Aufbau und Gliederung, Methodik, sowie auch Layout und Plandarstellung.<\/p><p>Das Seminar dient auch dem Erfahrungsaustausch und der Vernetzung der DiplomandInnen. Unterschiedliche Stadien der verschiedenen Diplomprojekte erm\u00f6glichen einen Austausch in der Gruppe \u00fcber den aktuellen Arbeitsstand. Gezielt k\u00f6nnen im kleinen Rahmen Schwierigkeiten und offene Fragen besprochen und diskutiert werden<\/p><\/div><p>Beachten Sie beim Verfassen der Ausarbeitung bitte die Richtlinie der TU Wien zum Umgang mit <strong><a href=\"http:\/\/denkmalpflege.tuwien.ac.at\/wp-content\/uploads\/2019\/02\/Lehre_-_Leitfaden_zum_Umgang_mit_Plagiaten.pdf\">Plagiaten.<\/a><\/strong><\/p>\t\t\t\t\t\t\t\t<\/div>\n\t\t\t\t<\/div>\n\t\t\t\t<div class=\"elementor-element elementor-element-855fe92 elementor-widget-divider--view-line elementor-widget elementor-widget-divider\" data-id=\"855fe92\" data-element_type=\"widget\" data-widget_type=\"divider.default\">\n\t\t\t\t<div class=\"elementor-widget-container\">\n\t\t\t\t\t\t\t<div class=\"elementor-divider\">\n\t\t\t<span class=\"elementor-divider-separator\">\n\t\t\t\t\t\t<\/span>\n\t\t<\/div>\n\t\t\t\t\t\t<\/div>\n\t\t\t\t<\/div>\n\t\t\t\t<section class=\"elementor-section elementor-inner-section elementor-element elementor-element-48a5d83 elementor-section-boxed elementor-section-height-default elementor-section-height-default\" data-id=\"48a5d83\" data-element_type=\"section\">\n\t\t\t\t\t\t<div class=\"elementor-container elementor-column-gap-default\">\n\t\t\t\t\t<div class=\"elementor-column elementor-col-50 elementor-inner-column elementor-element elementor-element-bf007cb\" data-id=\"bf007cb\" data-element_type=\"column\">\n\t\t\t<div class=\"elementor-widget-wrap elementor-element-populated\">\n\t\t\t\t\t\t<div class=\"elementor-element elementor-element-148d768 elementor-widget elementor-widget-text-editor\" data-id=\"148d768\" data-element_type=\"widget\" data-widget_type=\"text-editor.default\">\n\t\t\t\t<div class=\"elementor-widget-container\">\n\t\t\t\t\t\t\t\t\t<p class=\"lva_text\"><a href=\"https:\/\/tiss.tuwien.ac.at\/course\/courseDetails.xhtml?dswid=6752&amp;dsrid=865&amp;courseNr=251884&amp;semester=2022W\" target=\"_blank\" rel=\"noopener\">TISS<\/a>, Richtlinien zum Umgang mit Plagiaten <a class=\"link link_blau\" href=\"https:\/\/www.tuwien.at\/fileadmin\/Assets\/dienstleister\/Datenschutz_und_Dokumentenmanagement\/Lehre_-_Leitfaden_zum_Umgang_mit_Plagiaten.pdf\">DE <\/a>\/ <a href=\"https:\/\/www.tuwien.at\/fileadmin\/Assets\/dienstleister\/Datenschutz_und_Dokumentenmanagement\/Plagiarism.pdf\">ENG<\/a>,<\/p>\t\t\t\t\t\t\t\t<\/div>\n\t\t\t\t<\/div>\n\t\t\t\t\t<\/div>\n\t\t<\/div>\n\t\t\t\t<div class=\"elementor-column elementor-col-50 elementor-inner-column elementor-element elementor-element-f69fb6e\" data-id=\"f69fb6e\" data-element_type=\"column\">\n\t\t\t<div class=\"elementor-widget-wrap\">\n\t\t\t\t\t\t\t<\/div>\n\t\t<\/div>\n\t\t\t\t\t<\/div>\n\t\t<\/section>\n\t\t\t\t\t<\/div>\n\t\t<\/div>\n\t\t\t\t\t<\/div>\n\t\t<\/section>\n\t\t\t\t<\/div>\n\t\t","protected":false},"excerpt":{"rendered":"<p>LVA WS22\/23 251.884 2,0 h (3,0 ECTS) Diplomanden- und Dissertantenseminare Seminar f\u00fcr DiplomandInnen Er\u00f6ffnung des ersten Teilst\u00fcckes der Autobahn bei St. Christofen,\u00a01958, Bildarchiv\/\u00d6sterreichische Nationalbibliothek Birgit KNAUER Termine4 Termine jeweils Donnerstag 9:00 &#8211; 11:00 Uhr, genaueres erfahren Sie im TISS oder per Mail! Lehre unter Covid-19Die BetreuerInnen der Lehrveranstaltung werden die Teilnehmenden rechtzeitig \u00fcber Termine und einen allenfalls ge\u00e4nderten Ablauf der LVA ins Bild setzen. Inhalte und Schwerpunkte der Lehrveranstaltung Nach<\/p>\n<div class=\"belowpost\"><a class=\"btnmore icon-arrow\" href=\"https:\/\/denkmalpflege.tuwien.ac.at\/index.php\/diplomanden-dissertantenseminar-ws22-23\/\"><span>Read More<\/span><\/a><\/div>\n","protected":false},"author":1,"featured_media":0,"parent":0,"menu_order":0,"comment_status":"closed","ping_status":"closed","template":"","meta":{"footnotes":""},"class_list":["post-24417","page","type-page","status-publish","hentry"],"yoast_head":"<!-- This site is optimized with the Yoast SEO plugin v26.0 - https:\/\/yoast.com\/wordpress\/plugins\/seo\/ -->\n<title>DIPLOMANDEN- &amp; DISSERTANTENSEMINAR WS22\/23 - Denkmalpflege und Bauen im Bestand<\/title>\n<meta name=\"robots\" content=\"index, follow, max-snippet:-1, max-image-preview:large, max-video-preview:-1\" \/>\n<link rel=\"canonical\" href=\"https:\/\/denkmalpflege.tuwien.ac.at\/index.php\/diplomanden-dissertantenseminar-ws22-23\/\" \/>\n<meta property=\"og:locale\" content=\"de_DE\" \/>\n<meta property=\"og:type\" content=\"article\" \/>\n<meta property=\"og:title\" content=\"DIPLOMANDEN- &amp; DISSERTANTENSEMINAR WS22\/23 - Denkmalpflege und Bauen im Bestand\" \/>\n<meta property=\"og:description\" content=\"LVA WS22\/23 251.884 2,0 h (3,0 ECTS) Diplomanden- und Dissertantenseminare Seminar f\u00fcr DiplomandInnen Er\u00f6ffnung des ersten Teilst\u00fcckes der Autobahn bei St. Christofen,\u00a01958, Bildarchiv\/\u00d6sterreichische Nationalbibliothek Birgit KNAUER Termine4 Termine jeweils Donnerstag 9:00 &#8211; 11:00 Uhr, genaueres erfahren Sie im TISS oder per Mail! Lehre unter Covid-19Die BetreuerInnen der Lehrveranstaltung werden die Teilnehmenden rechtzeitig \u00fcber Termine und einen allenfalls ge\u00e4nderten Ablauf der LVA ins Bild setzen. Inhalte und Schwerpunkte der Lehrveranstaltung NachRead More\" \/>\n<meta property=\"og:url\" content=\"https:\/\/denkmalpflege.tuwien.ac.at\/index.php\/diplomanden-dissertantenseminar-ws22-23\/\" \/>\n<meta property=\"og:site_name\" content=\"Denkmalpflege und Bauen im Bestand\" \/>\n<meta property=\"article:modified_time\" content=\"2023-10-22T09:51:58+00:00\" \/>\n<meta property=\"og:image\" content=\"http:\/\/denkmalpflege.tuwien.ac.at\/wp-content\/uploads\/2022\/02\/Unbenannt-5.png\" \/>\n<meta name=\"twitter:card\" content=\"summary_large_image\" \/>\n<meta name=\"twitter:label1\" content=\"Gesch\u00e4tzte Lesezeit\" \/>\n\t<meta name=\"twitter:data1\" content=\"1\u00a0Minute\" \/>\n<script type=\"application\/ld+json\" class=\"yoast-schema-graph\">{\"@context\":\"https:\/\/schema.org\",\"@graph\":[{\"@type\":\"WebPage\",\"@id\":\"https:\/\/denkmalpflege.tuwien.ac.at\/index.php\/diplomanden-dissertantenseminar-ws22-23\/\",\"url\":\"https:\/\/denkmalpflege.tuwien.ac.at\/index.php\/diplomanden-dissertantenseminar-ws22-23\/\",\"name\":\"DIPLOMANDEN- & DISSERTANTENSEMINAR WS22\/23 - Denkmalpflege und Bauen im Bestand\",\"isPartOf\":{\"@id\":\"https:\/\/denkmalpflege.tuwien.ac.at\/#website\"},\"primaryImageOfPage\":{\"@id\":\"https:\/\/denkmalpflege.tuwien.ac.at\/index.php\/diplomanden-dissertantenseminar-ws22-23\/#primaryimage\"},\"image\":{\"@id\":\"https:\/\/denkmalpflege.tuwien.ac.at\/index.php\/diplomanden-dissertantenseminar-ws22-23\/#primaryimage\"},\"thumbnailUrl\":\"http:\/\/denkmalpflege.tuwien.ac.at\/wp-content\/uploads\/2022\/02\/Unbenannt-5.png\",\"datePublished\":\"2022-08-31T20:23:12+00:00\",\"dateModified\":\"2023-10-22T09:51:58+00:00\",\"breadcrumb\":{\"@id\":\"https:\/\/denkmalpflege.tuwien.ac.at\/index.php\/diplomanden-dissertantenseminar-ws22-23\/#breadcrumb\"},\"inLanguage\":\"de\",\"potentialAction\":[{\"@type\":\"ReadAction\",\"target\":[\"https:\/\/denkmalpflege.tuwien.ac.at\/index.php\/diplomanden-dissertantenseminar-ws22-23\/\"]}]},{\"@type\":\"ImageObject\",\"inLanguage\":\"de\",\"@id\":\"https:\/\/denkmalpflege.tuwien.ac.at\/index.php\/diplomanden-dissertantenseminar-ws22-23\/#primaryimage\",\"url\":\"https:\/\/denkmalpflege.tuwien.ac.at\/wp-content\/uploads\/2022\/02\/Unbenannt-5.png\",\"contentUrl\":\"https:\/\/denkmalpflege.tuwien.ac.at\/wp-content\/uploads\/2022\/02\/Unbenannt-5.png\",\"width\":4997,\"height\":3537},{\"@type\":\"BreadcrumbList\",\"@id\":\"https:\/\/denkmalpflege.tuwien.ac.at\/index.php\/diplomanden-dissertantenseminar-ws22-23\/#breadcrumb\",\"itemListElement\":[{\"@type\":\"ListItem\",\"position\":1,\"name\":\"Startseite\",\"item\":\"https:\/\/denkmalpflege.tuwien.ac.at\/\"},{\"@type\":\"ListItem\",\"position\":2,\"name\":\"DIPLOMANDEN- &#038; DISSERTANTENSEMINAR WS22\/23\"}]},{\"@type\":\"WebSite\",\"@id\":\"https:\/\/denkmalpflege.tuwien.ac.at\/#website\",\"url\":\"https:\/\/denkmalpflege.tuwien.ac.at\/\",\"name\":\"Denkmalpflege und Bauen im Bestand\",\"description\":\"Denkmalpflege TU Wien\",\"publisher\":{\"@id\":\"https:\/\/denkmalpflege.tuwien.ac.at\/#organization\"},\"potentialAction\":[{\"@type\":\"SearchAction\",\"target\":{\"@type\":\"EntryPoint\",\"urlTemplate\":\"https:\/\/denkmalpflege.tuwien.ac.at\/?s={search_term_string}\"},\"query-input\":{\"@type\":\"PropertyValueSpecification\",\"valueRequired\":true,\"valueName\":\"search_term_string\"}}],\"inLanguage\":\"de\"},{\"@type\":\"Organization\",\"@id\":\"https:\/\/denkmalpflege.tuwien.ac.at\/#organization\",\"name\":\"TU Wien Denkmalpflege und Bauen im Bestand\",\"url\":\"https:\/\/denkmalpflege.tuwien.ac.at\/\",\"logo\":{\"@type\":\"ImageObject\",\"inLanguage\":\"de\",\"@id\":\"https:\/\/denkmalpflege.tuwien.ac.at\/#\/schema\/logo\/image\/\",\"url\":\"https:\/\/denkmalpflege.tuwien.ac.at\/wp-content\/uploads\/2019\/10\/Logo1.png\",\"contentUrl\":\"https:\/\/denkmalpflege.tuwien.ac.at\/wp-content\/uploads\/2019\/10\/Logo1.png\",\"width\":222,\"height\":79,\"caption\":\"TU Wien Denkmalpflege und Bauen im Bestand\"},\"image\":{\"@id\":\"https:\/\/denkmalpflege.tuwien.ac.at\/#\/schema\/logo\/image\/\"}}]}<\/script>\n<!-- \/ Yoast SEO plugin. -->","yoast_head_json":{"title":"DIPLOMANDEN- & DISSERTANTENSEMINAR WS22\/23 - Denkmalpflege und Bauen im Bestand","robots":{"index":"index","follow":"follow","max-snippet":"max-snippet:-1","max-image-preview":"max-image-preview:large","max-video-preview":"max-video-preview:-1"},"canonical":"https:\/\/denkmalpflege.tuwien.ac.at\/index.php\/diplomanden-dissertantenseminar-ws22-23\/","og_locale":"de_DE","og_type":"article","og_title":"DIPLOMANDEN- & DISSERTANTENSEMINAR WS22\/23 - Denkmalpflege und Bauen im Bestand","og_description":"LVA WS22\/23 251.884 2,0 h (3,0 ECTS) Diplomanden- und Dissertantenseminare Seminar f\u00fcr DiplomandInnen Er\u00f6ffnung des ersten Teilst\u00fcckes der Autobahn bei St. Christofen,\u00a01958, Bildarchiv\/\u00d6sterreichische Nationalbibliothek Birgit KNAUER Termine4 Termine jeweils Donnerstag 9:00 &#8211; 11:00 Uhr, genaueres erfahren Sie im TISS oder per Mail! Lehre unter Covid-19Die BetreuerInnen der Lehrveranstaltung werden die Teilnehmenden rechtzeitig \u00fcber Termine und einen allenfalls ge\u00e4nderten Ablauf der LVA ins Bild setzen. Inhalte und Schwerpunkte der Lehrveranstaltung NachRead More","og_url":"https:\/\/denkmalpflege.tuwien.ac.at\/index.php\/diplomanden-dissertantenseminar-ws22-23\/","og_site_name":"Denkmalpflege und Bauen im Bestand","article_modified_time":"2023-10-22T09:51:58+00:00","og_image":[{"url":"http:\/\/denkmalpflege.tuwien.ac.at\/wp-content\/uploads\/2022\/02\/Unbenannt-5.png","type":"","width":"","height":""}],"twitter_card":"summary_large_image","twitter_misc":{"Gesch\u00e4tzte Lesezeit":"1\u00a0Minute"},"schema":{"@context":"https:\/\/schema.org","@graph":[{"@type":"WebPage","@id":"https:\/\/denkmalpflege.tuwien.ac.at\/index.php\/diplomanden-dissertantenseminar-ws22-23\/","url":"https:\/\/denkmalpflege.tuwien.ac.at\/index.php\/diplomanden-dissertantenseminar-ws22-23\/","name":"DIPLOMANDEN- & DISSERTANTENSEMINAR WS22\/23 - Denkmalpflege und Bauen im Bestand","isPartOf":{"@id":"https:\/\/denkmalpflege.tuwien.ac.at\/#website"},"primaryImageOfPage":{"@id":"https:\/\/denkmalpflege.tuwien.ac.at\/index.php\/diplomanden-dissertantenseminar-ws22-23\/#primaryimage"},"image":{"@id":"https:\/\/denkmalpflege.tuwien.ac.at\/index.php\/diplomanden-dissertantenseminar-ws22-23\/#primaryimage"},"thumbnailUrl":"http:\/\/denkmalpflege.tuwien.ac.at\/wp-content\/uploads\/2022\/02\/Unbenannt-5.png","datePublished":"2022-08-31T20:23:12+00:00","dateModified":"2023-10-22T09:51:58+00:00","breadcrumb":{"@id":"https:\/\/denkmalpflege.tuwien.ac.at\/index.php\/diplomanden-dissertantenseminar-ws22-23\/#breadcrumb"},"inLanguage":"de","potentialAction":[{"@type":"ReadAction","target":["https:\/\/denkmalpflege.tuwien.ac.at\/index.php\/diplomanden-dissertantenseminar-ws22-23\/"]}]},{"@type":"ImageObject","inLanguage":"de","@id":"https:\/\/denkmalpflege.tuwien.ac.at\/index.php\/diplomanden-dissertantenseminar-ws22-23\/#primaryimage","url":"https:\/\/denkmalpflege.tuwien.ac.at\/wp-content\/uploads\/2022\/02\/Unbenannt-5.png","contentUrl":"https:\/\/denkmalpflege.tuwien.ac.at\/wp-content\/uploads\/2022\/02\/Unbenannt-5.png","width":4997,"height":3537},{"@type":"BreadcrumbList","@id":"https:\/\/denkmalpflege.tuwien.ac.at\/index.php\/diplomanden-dissertantenseminar-ws22-23\/#breadcrumb","itemListElement":[{"@type":"ListItem","position":1,"name":"Startseite","item":"https:\/\/denkmalpflege.tuwien.ac.at\/"},{"@type":"ListItem","position":2,"name":"DIPLOMANDEN- &#038; DISSERTANTENSEMINAR WS22\/23"}]},{"@type":"WebSite","@id":"https:\/\/denkmalpflege.tuwien.ac.at\/#website","url":"https:\/\/denkmalpflege.tuwien.ac.at\/","name":"Denkmalpflege und Bauen im Bestand","description":"Denkmalpflege TU Wien","publisher":{"@id":"https:\/\/denkmalpflege.tuwien.ac.at\/#organization"},"potentialAction":[{"@type":"SearchAction","target":{"@type":"EntryPoint","urlTemplate":"https:\/\/denkmalpflege.tuwien.ac.at\/?s={search_term_string}"},"query-input":{"@type":"PropertyValueSpecification","valueRequired":true,"valueName":"search_term_string"}}],"inLanguage":"de"},{"@type":"Organization","@id":"https:\/\/denkmalpflege.tuwien.ac.at\/#organization","name":"TU Wien Denkmalpflege und Bauen im Bestand","url":"https:\/\/denkmalpflege.tuwien.ac.at\/","logo":{"@type":"ImageObject","inLanguage":"de","@id":"https:\/\/denkmalpflege.tuwien.ac.at\/#\/schema\/logo\/image\/","url":"https:\/\/denkmalpflege.tuwien.ac.at\/wp-content\/uploads\/2019\/10\/Logo1.png","contentUrl":"https:\/\/denkmalpflege.tuwien.ac.at\/wp-content\/uploads\/2019\/10\/Logo1.png","width":222,"height":79,"caption":"TU Wien Denkmalpflege und Bauen im Bestand"},"image":{"@id":"https:\/\/denkmalpflege.tuwien.ac.at\/#\/schema\/logo\/image\/"}}]}},"_links":{"self":[{"href":"https:\/\/denkmalpflege.tuwien.ac.at\/index.php\/wp-json\/wp\/v2\/pages\/24417","targetHints":{"allow":["GET"]}}],"collection":[{"href":"https:\/\/denkmalpflege.tuwien.ac.at\/index.php\/wp-json\/wp\/v2\/pages"}],"about":[{"href":"https:\/\/denkmalpflege.tuwien.ac.at\/index.php\/wp-json\/wp\/v2\/types\/page"}],"author":[{"embeddable":true,"href":"https:\/\/denkmalpflege.tuwien.ac.at\/index.php\/wp-json\/wp\/v2\/users\/1"}],"replies":[{"embeddable":true,"href":"https:\/\/denkmalpflege.tuwien.ac.at\/index.php\/wp-json\/wp\/v2\/comments?post=24417"}],"version-history":[{"count":18,"href":"https:\/\/denkmalpflege.tuwien.ac.at\/index.php\/wp-json\/wp\/v2\/pages\/24417\/revisions"}],"predecessor-version":[{"id":27597,"href":"https:\/\/denkmalpflege.tuwien.ac.at\/index.php\/wp-json\/wp\/v2\/pages\/24417\/revisions\/27597"}],"wp:attachment":[{"href":"https:\/\/denkmalpflege.tuwien.ac.at\/index.php\/wp-json\/wp\/v2\/media?parent=24417"}],"curies":[{"name":"wp","href":"https:\/\/api.w.org\/{rel}","templated":true}]}}