{"id":24409,"date":"2022-08-31T22:52:29","date_gmt":"2022-08-31T20:52:29","guid":{"rendered":"https:\/\/denkmalpflege.tuwien.ac.at\/?page_id=24409"},"modified":"2023-10-22T11:50:09","modified_gmt":"2023-10-22T09:50:09","slug":"denkmalpflege-vorlesung-ws22-23","status":"publish","type":"page","link":"https:\/\/denkmalpflege.tuwien.ac.at\/index.php\/denkmalpflege-vorlesung-ws22-23\/","title":{"rendered":"Denkmalpflege Vorlesung WS22\/23"},"content":{"rendered":"\t\t<div data-elementor-type=\"wp-page\" data-elementor-id=\"24409\" class=\"elementor elementor-24409\" data-elementor-post-type=\"page\">\n\t\t\t\t\t\t<section class=\"elementor-section elementor-top-section elementor-element elementor-element-9ddb291 elementor-section-full_width elementor-section-height-default elementor-section-height-default\" data-id=\"9ddb291\" data-element_type=\"section\">\n\t\t\t\t\t\t<div class=\"elementor-container elementor-column-gap-default\">\n\t\t\t\t\t<div class=\"elementor-column elementor-col-100 elementor-top-column elementor-element elementor-element-f638631\" data-id=\"f638631\" data-element_type=\"column\">\n\t\t\t<div class=\"elementor-widget-wrap elementor-element-populated\">\n\t\t\t\t\t\t<div class=\"elementor-element elementor-element-613a186 elementor-widget elementor-widget-heading\" data-id=\"613a186\" data-element_type=\"widget\" data-widget_type=\"heading.default\">\n\t\t\t\t<div class=\"elementor-widget-container\">\n\t\t\t\t\t<h2 class=\"elementor-heading-title elementor-size-default\">251.870 <span style=\"float: right\"> 3,0 h (3,0 ECTS)<\/span><\/h2>\t\t\t\t<\/div>\n\t\t\t\t<\/div>\n\t\t\t\t\t<\/div>\n\t\t<\/div>\n\t\t\t\t\t<\/div>\n\t\t<\/section>\n\t\t\t\t<section class=\"elementor-section elementor-top-section elementor-element elementor-element-a115023 elementor-section-full_width elementor-section-height-default elementor-section-height-default\" data-id=\"a115023\" data-element_type=\"section\">\n\t\t\t\t\t\t<div class=\"elementor-container elementor-column-gap-default\">\n\t\t\t\t\t<div class=\"elementor-column elementor-col-100 elementor-top-column elementor-element elementor-element-d81ff03\" data-id=\"d81ff03\" data-element_type=\"column\">\n\t\t\t<div class=\"elementor-widget-wrap elementor-element-populated\">\n\t\t\t\t\t\t<div class=\"elementor-element elementor-element-3d079f2 elementor-widget elementor-widget-text-editor\" data-id=\"3d079f2\" data-element_type=\"widget\" data-widget_type=\"text-editor.default\">\n\t\t\t\t<div class=\"elementor-widget-container\">\n\t\t\t\t\t\t\t\t\t<h1 class=\"lva_h1\"> DENKMALPFLEGE VORLESUNG\u200b<\/h1>\t\t\t\t\t\t\t\t<\/div>\n\t\t\t\t<\/div>\n\t\t\t\t<div class=\"elementor-element elementor-element-ba91ceb lva_img elementor-widget elementor-widget-image\" data-id=\"ba91ceb\" data-element_type=\"widget\" data-widget_type=\"image.default\">\n\t\t\t\t<div class=\"elementor-widget-container\">\n\t\t\t\t\t\t\t\t\t\t\t\t\t\t\t<img fetchpriority=\"high\" decoding=\"async\" width=\"2677\" height=\"3489\" src=\"https:\/\/denkmalpflege.tuwien.ac.at\/wp-content\/uploads\/2022\/09\/Vorlesung.png\" class=\"attachment-full size-full wp-image-24547\" alt=\"\" \/>\t\t\t\t\t\t\t\t\t\t\t\t\t\t\t<\/div>\n\t\t\t\t<\/div>\n\t\t\t\t<div class=\"elementor-element elementor-element-741aeb6 elementor-widget elementor-widget-heading\" data-id=\"741aeb6\" data-element_type=\"widget\" data-widget_type=\"heading.default\">\n\t\t\t\t<div class=\"elementor-widget-container\">\n\t\t\t\t\t<p class=\"elementor-heading-title elementor-size-default\">Birgit KNAUER<\/p>\t\t\t\t<\/div>\n\t\t\t\t<\/div>\n\t\t\t\t<div class=\"elementor-element elementor-element-80eff35 elementor-widget elementor-widget-text-editor\" data-id=\"80eff35\" data-element_type=\"widget\" data-widget_type=\"text-editor.default\">\n\t\t\t\t<div class=\"elementor-widget-container\">\n\t\t\t\t\t\t\t\t\t<p><strong>Einf\u00fchrung<br \/><\/strong>Montag 10. Oktober 2022, 15:00 Uhr, HS 17<\/p>\t\t\t\t\t\t\t\t<\/div>\n\t\t\t\t<\/div>\n\t\t\t\t<div class=\"elementor-element elementor-element-e92e575 elementor-widget elementor-widget-text-editor\" data-id=\"e92e575\" data-element_type=\"widget\" data-widget_type=\"text-editor.default\">\n\t\t\t\t<div class=\"elementor-widget-container\">\n\t\t\t\t\t\t\t\t\t<p><strong>Termine<br \/><\/strong>w\u00f6chentlich Montag, 15:00 &#8211; 17:00 Uhr, HS 17<\/p>\t\t\t\t\t\t\t\t<\/div>\n\t\t\t\t<\/div>\n\t\t\t\t<div class=\"elementor-element elementor-element-3d95918 elementor-widget elementor-widget-text-editor\" data-id=\"3d95918\" data-element_type=\"widget\" data-widget_type=\"text-editor.default\">\n\t\t\t\t<div class=\"elementor-widget-container\">\n\t\t\t\t\t\t\t\t\t<p><strong>Anmeldung<br \/><\/strong>\u00dcber <a class=\"link\" href=\"https:\/\/tiss.tuwien.ac.at\/course\/courseDetails.xhtml?dswid=8250&amp;dsrid=847&amp;courseNr=251870&amp;semester=2022W\" target=\"_blank\" rel=\"noopener\">TISS<\/a><\/p>\t\t\t\t\t\t\t\t<\/div>\n\t\t\t\t<\/div>\n\t\t\t\t<div class=\"elementor-element elementor-element-21fc4c6 elementor-widget elementor-widget-text-editor\" data-id=\"21fc4c6\" data-element_type=\"widget\" data-widget_type=\"text-editor.default\">\n\t\t\t\t<div class=\"elementor-widget-container\">\n\t\t\t\t\t\t\t\t\t<p><strong>Wichtiges zur Pr\u00fcfung<br \/><\/strong><\/p><p><strong>Schriftliche Pr\u00fcfung<\/strong><br \/>Bitte beachten Sie, dass die Pr\u00fcfung entsprechend der Vorlesung auf Deutsch zu verfassen ist.\u00a0<\/p><p>Zum Bestehen der Pr\u00fcfung wird der\u00a0Besuch der Vorlesung sowie\u00a0die\u00a0Vorbereitung der Pflichtlekt\u00fcre und\u00a0weiterf\u00fchrender Texte\u00a0<strong>dringend empfohlen<\/strong>.\u00a0 S\u00e4mtliche Dokumente zur Vorlesung, finden Sie im\u00a0<a href=\"https:\/\/denkmalpflege.tuwien.ac.at\/index.php\/download-unterlagen-vorlesung\/\"><strong>Downloadbereich<\/strong><\/a>.<\/p><p><strong>Pr\u00fcfungstermine<br \/>am Ende des laufenden Semesters, sowie in den drei darauffolgenden Semestern. <\/strong>Die Termine werden nach Freigabe der zentralen Lehrraumverwaltung bekanntgegeben.<\/p>\t\t\t\t\t\t\t\t<\/div>\n\t\t\t\t<\/div>\n\t\t\t\t<div class=\"elementor-element elementor-element-f997783 elementor-widget-divider--view-line elementor-widget elementor-widget-divider\" data-id=\"f997783\" data-element_type=\"widget\" data-widget_type=\"divider.default\">\n\t\t\t\t<div class=\"elementor-widget-container\">\n\t\t\t\t\t\t\t<div class=\"elementor-divider\">\n\t\t\t<span class=\"elementor-divider-separator\">\n\t\t\t\t\t\t<\/span>\n\t\t<\/div>\n\t\t\t\t\t\t<\/div>\n\t\t\t\t<\/div>\n\t\t\t\t<div class=\"elementor-element elementor-element-e551c8c elementor-widget elementor-widget-text-editor\" data-id=\"e551c8c\" data-element_type=\"widget\" data-widget_type=\"text-editor.default\">\n\t\t\t\t<div class=\"elementor-widget-container\">\n\t\t\t\t\t\t\t\t\t<p><strong>Lernergebnisse<br \/><\/strong>Nach positiver Absolvierung der Lehrveranstaltung sind Studierende in der Lage einen \u00dcberblick \u00fcber die Geschichte der Denkmalpflege und deren Theorien zu gewinnen. Die Vorlesung er\u00f6ffnet einen weiten fachlichen Horizont, der die Studierenden dazu bef\u00e4higt, die heute relevanten Anforderungen an die Denkmalpflege zu verstehen und den hierbei von den Architekturschaffenden erwarteten Anteil zu fassen. Sie erkennen durch das Zusammenwirken und durch die Wechselwirkung unterschiedlicher Blickwinkel die Bedeutung und den Nutzen des Forschungsbereichs f\u00fcr die wissenschaftliche und entwerferische Arbeit. Die Vorlesung fordert die Studierenden auf, ihre Selbstkompetenz auszuloten, ihre individuellen Neigungen und Interessen zu beurteilen und, im Hinblick auf ihre k\u00fcnftige T\u00e4tigkeit im Beruf, ihre Wertvorstellungen, die Kritikf\u00e4higkeit und ihre besondere Verantwortung zu sch\u00e4rfen. Die Studierenden erwerben die F\u00e4higkeit, analoge Problemlagen zu erkennen und diese in neuen Kontexten zu verorten. Die konkrete Veranschaulichung des Lernstoffes erm\u00f6glicht die Kultivierung des visuellen Ged\u00e4chtnisses und die Verkn\u00fcpfung von Gegenst\u00e4nden mit relevanten Akteurinnen und Akteuren.<\/p>\t\t\t\t\t\t\t\t<\/div>\n\t\t\t\t<\/div>\n\t\t\t\t<div class=\"elementor-element elementor-element-0d75c55 elementor-widget elementor-widget-text-editor\" data-id=\"0d75c55\" data-element_type=\"widget\" data-widget_type=\"text-editor.default\">\n\t\t\t\t<div class=\"elementor-widget-container\">\n\t\t\t\t\t\t\t\t\t<p><strong>Inhalt der Lehrveranstaltung<br \/><\/strong>Die Pflichtvorlesung Denkmalpflege wird<strong> im WS 2022\/23 als Ringvorlesung\u00a0<\/strong>abgehalten. Sie erm\u00f6glicht einen \u00dcberblick \u00fcber die Geschichte der Denkmalpflege von ihren Anf\u00e4ngen bis heute und liefert die \u2013 f\u00fcr jegliches Handeln im Bestand \u2013 elementare Theorie zur Praxis. Anhand von Vortr\u00e4gen unterschiedlicher GastreferentInnen aus dem In- und Ausland werden neben der Geschichte der Disziplin auch denkmalpflegerische Methoden zur Lekt\u00fcre, Analyse und W\u00fcrdigung des historischen Baubestands vermittelt. Die Vorlesung zeigt dar\u00fcber hinaus historische und zeitgem\u00e4\u00dfe Ans\u00e4tze und Strategien zum Handeln im (denkmalgesch\u00fctzten) Bestand auf. Durch die praxisbezogene Anlage der Vorlesung wird den Studierenden ein Einblick in das Praxisfeld erm\u00f6glicht sowie die spezifische Rolle der Architekturschaffenden im Umfeld der Denkmalpflege verdeutlicht.<\/p><p><strong>Einzeltermine + Themen<\/strong><\/p><p>10.10. Einf\u00fchrung (<a href=\"http:\/\/denkmalpflege.tuwien.ac.at\/wp-content\/uploads\/2022\/10\/221004_kurz-CV_Birgit-Knauer.pdf\">Birgit Knauer<\/a>)<\/p><p>17.10. Positionen zur Geschichte: Die Vorgeschichte der Denkmalpflege (<a href=\"http:\/\/denkmalpflege.tuwien.ac.at\/wp-content\/uploads\/2022\/10\/221004_kurz-CV_Bernd-Euler-Rolle.pdf\">Bernd Euler-Rolle<\/a>)<\/p><p>24.10. Positionen zur Geschichte: Wurzeln und Anf\u00e4nge der Denkmalpflege (<a href=\"http:\/\/denkmalpflege.tuwien.ac.at\/wp-content\/uploads\/2022\/10\/221004_kurz-CV_Bernd-Euler-Rolle.pdf\">Bernd Euler-Rolle<\/a>)<\/p><p>31.10. Kontr\u00e4re Auffassungen im 19. Jh.: John Ruskin und Eug\u00e8ne Emmanuel Viollet-le-Duc (<a href=\"http:\/\/denkmalpflege.tuwien.ac.at\/wp-content\/uploads\/2022\/10\/221004_kurz-CV_Nott-Caviezel.pdf\">Nott Caviezel<\/a>)<\/p><p>07.11. Konservieren, nicht restaurieren (<a href=\"http:\/\/denkmalpflege.tuwien.ac.at\/wp-content\/uploads\/2022\/10\/221004_kurz-CV_Isabel-Haupt.pdf\">Isabel Haupt<\/a>)<\/p><p>14.11. (Ersatztermin)<\/p><p>21.11. Denkmalwerte I: Alois Riegl und die Denkmalwerte (<a href=\"http:\/\/denkmalpflege.tuwien.ac.at\/wp-content\/uploads\/2022\/10\/221004_kurz-CV_Birgit-Knauer.pdf\">Birgit Knauer<\/a>)<\/p><p>28.11. Denkmalwerte II: aktuelle Wertedebatten (<a href=\"http:\/\/denkmalpflege.tuwien.ac.at\/wp-content\/uploads\/2022\/10\/221004_kurz-CV_Hans-Rudolf-Meier.pdf\">Hans-Rudolf Meier<\/a>)<\/p><p>05.12. Denkmalpflege in \u00d6sterreich I: Geschichte und Entwicklung (<a href=\"http:\/\/denkmalpflege.tuwien.ac.at\/wp-content\/uploads\/2022\/10\/221004_kurz-CV_Andreas-Lehne.pdf\">Andreas Lehne<\/a>)<\/p><p>12.12. Denkmalpflege in \u00d6sterreich II: Organisation, gesetzliche Rahmenbedingungen und Aufgaben (<a href=\"http:\/\/denkmalpflege.tuwien.ac.at\/wp-content\/uploads\/2022\/10\/221004_kurz-CV_Paul-Mahringer.pdf\">Paul Mahringer<\/a>)<\/p><p>19.12. St\u00e4dtebauliche Denkmalpflege \u2013 Historisches, Theoretisches, Aktuelles<br \/>(<a href=\"http:\/\/denkmalpflege.tuwien.ac.at\/wp-content\/uploads\/2022\/10\/221004_kurz-CV_Sigrid-Brandt.pdf\">Sigrid Brandt<\/a>)<\/p><p>09.01. Grunds\u00e4tze der modernen Denkmalpflege: Charten und Konventionen (<a href=\"http:\/\/denkmalpflege.tuwien.ac.at\/wp-content\/uploads\/2022\/10\/221004_kurz-CV_Birgit-Knauer.pdf\">Birgit Knauer<\/a>)<\/p><p>16.01. Grunds\u00e4tze der praktischen Denkmalpflege: Begriffe und Methoden (<a href=\"http:\/\/denkmalpflege.tuwien.ac.at\/wp-content\/uploads\/2022\/10\/221004_kurz-CV_Thomas-Will.pdf\">Thomas Will<\/a>)<\/p><p>23.01. Aktuelle Herausforderungen (Heike Oevermann)<\/p>\t\t\t\t\t\t\t\t<\/div>\n\t\t\t\t<\/div>\n\t\t\t\t<div class=\"elementor-element elementor-element-b05b9e7 elementor-widget elementor-widget-text-editor\" data-id=\"b05b9e7\" data-element_type=\"widget\" data-widget_type=\"text-editor.default\">\n\t\t\t\t<div class=\"elementor-widget-container\">\n\t\t\t\t\t\t\t\t\t<p><strong>Pr\u00fcfungsmodus<br><\/strong>F\u00fcr die schriftliche Pr\u00fcfung steht maximal eine Stunde zur Verf\u00fcgung. Jede Kandidatin, jeder Kandidat hat drei Fragen zu beantworten, wobei sich die Fragen an je ein Bild kn\u00fcpfen, das an der Vorlesung gezeigt wurde. Es wird von einer Anwesenheit w\u00e4hrend der Vorlesung ausgegangen.<\/p>\n<p>Pr\u00fcfungseinsicht erfolgt nur nach Voranmeldung bei <a class=\"lva_maillink\" href=\"mailto:dimitri.loos@tuwien.ac.at\">Dimitri Loos<\/a> oder <a class=\"lva_maillink\" href=\"mailto:anna.borowska@tuwien.ac.at\"> Anna Maria Borowska<\/a>!<\/p>\n<p><strong>Bitte beachten Sie, dass die Pr\u00fcfung entsprechend der Vorlesung auf Deutsch zu verfassen ist.<\/strong><\/p>\n<p><strong>Pr\u00fcfungstermine:&nbsp;<br><\/strong><br>Freitag 5. Mai 2023, 12:00 &#8211; 14:00 (HS 13)<br>Freitag 16. Juni 2023, 12:00 &#8211; 14:00 (GM 1 Audi Max)<br>Freitag 22. September, 12:00 &#8211; 14:00 (HS 13)<\/p>\t\t\t\t\t\t\t\t<\/div>\n\t\t\t\t<\/div>\n\t\t\t\t<div class=\"elementor-element elementor-element-4e34df8 elementor-widget-divider--view-line elementor-widget elementor-widget-divider\" data-id=\"4e34df8\" data-element_type=\"widget\" data-widget_type=\"divider.default\">\n\t\t\t\t<div class=\"elementor-widget-container\">\n\t\t\t\t\t\t\t<div class=\"elementor-divider\">\n\t\t\t<span class=\"elementor-divider-separator\">\n\t\t\t\t\t\t<\/span>\n\t\t<\/div>\n\t\t\t\t\t\t<\/div>\n\t\t\t\t<\/div>\n\t\t\t\t<section class=\"elementor-section elementor-inner-section elementor-element elementor-element-113bc85 elementor-section-full_width elementor-section-height-default elementor-section-height-default\" data-id=\"113bc85\" data-element_type=\"section\">\n\t\t\t\t\t\t<div class=\"elementor-container elementor-column-gap-default\">\n\t\t\t\t\t<div class=\"elementor-column elementor-col-50 elementor-inner-column elementor-element elementor-element-7dc63e4\" data-id=\"7dc63e4\" data-element_type=\"column\">\n\t\t\t<div class=\"elementor-widget-wrap elementor-element-populated\">\n\t\t\t\t\t\t<div class=\"elementor-element elementor-element-df99016 elementor-widget elementor-widget-text-editor\" data-id=\"df99016\" data-element_type=\"widget\" data-widget_type=\"text-editor.default\">\n\t\t\t\t<div class=\"elementor-widget-container\">\n\t\t\t\t\t\t\t\t\t<a href=\"https:\/\/tiss.tuwien.ac.at\/course\/courseDetails.xhtml?dswid=8250&amp;dsrid=941&amp;courseNr=251870&amp;semester=2022W\" target=\"_blank\" rel=\"noopener\">TISS<\/a>\n<br>\n<a href=\"https:\/\/denkmalpflege.tuwien.ac.at\/index.php\/download-unterlagen-vorlesung\/\">Downloadbereich<\/a>\t\t\t\t\t\t\t\t<\/div>\n\t\t\t\t<\/div>\n\t\t\t\t\t<\/div>\n\t\t<\/div>\n\t\t\t\t<div class=\"elementor-column elementor-col-50 elementor-inner-column elementor-element elementor-element-4ca447d\" data-id=\"4ca447d\" data-element_type=\"column\">\n\t\t\t<div class=\"elementor-widget-wrap\">\n\t\t\t\t\t\t\t<\/div>\n\t\t<\/div>\n\t\t\t\t\t<\/div>\n\t\t<\/section>\n\t\t\t\t\t<\/div>\n\t\t<\/div>\n\t\t\t\t\t<\/div>\n\t\t<\/section>\n\t\t\t\t<\/div>\n\t\t","protected":false},"excerpt":{"rendered":"<p>251.870 3,0 h (3,0 ECTS) DENKMALPFLEGE VORLESUNG\u200b Birgit KNAUER Einf\u00fchrungMontag 10. Oktober 2022, 15:00 Uhr, HS 17 Terminew\u00f6chentlich Montag, 15:00 &#8211; 17:00 Uhr, HS 17 Anmeldung\u00dcber TISS Wichtiges zur Pr\u00fcfung Schriftliche Pr\u00fcfungBitte beachten Sie, dass die Pr\u00fcfung entsprechend der Vorlesung auf Deutsch zu verfassen ist.\u00a0 Zum Bestehen der Pr\u00fcfung wird der\u00a0Besuch der Vorlesung sowie\u00a0die\u00a0Vorbereitung der Pflichtlekt\u00fcre und\u00a0weiterf\u00fchrender Texte\u00a0dringend empfohlen.\u00a0 S\u00e4mtliche Dokumente zur Vorlesung, finden Sie im\u00a0Downloadbereich. Pr\u00fcfungstermineam Ende des laufenden<\/p>\n<div class=\"belowpost\"><a class=\"btnmore icon-arrow\" href=\"https:\/\/denkmalpflege.tuwien.ac.at\/index.php\/denkmalpflege-vorlesung-ws22-23\/\"><span>Read More<\/span><\/a><\/div>\n","protected":false},"author":1,"featured_media":0,"parent":0,"menu_order":0,"comment_status":"closed","ping_status":"closed","template":"","meta":{"footnotes":""},"class_list":["post-24409","page","type-page","status-publish","hentry"],"yoast_head":"<!-- This site is optimized with the Yoast SEO plugin v26.0 - https:\/\/yoast.com\/wordpress\/plugins\/seo\/ -->\n<title>Denkmalpflege Vorlesung WS22\/23 - Denkmalpflege und Bauen im Bestand<\/title>\n<meta name=\"robots\" content=\"index, follow, max-snippet:-1, max-image-preview:large, max-video-preview:-1\" \/>\n<link rel=\"canonical\" href=\"https:\/\/denkmalpflege.tuwien.ac.at\/index.php\/denkmalpflege-vorlesung-ws22-23\/\" \/>\n<meta property=\"og:locale\" content=\"de_DE\" \/>\n<meta property=\"og:type\" content=\"article\" \/>\n<meta property=\"og:title\" content=\"Denkmalpflege Vorlesung WS22\/23 - Denkmalpflege und Bauen im Bestand\" \/>\n<meta property=\"og:description\" content=\"251.870 3,0 h (3,0 ECTS) DENKMALPFLEGE VORLESUNG\u200b Birgit KNAUER Einf\u00fchrungMontag 10. Oktober 2022, 15:00 Uhr, HS 17 Terminew\u00f6chentlich Montag, 15:00 &#8211; 17:00 Uhr, HS 17 Anmeldung\u00dcber TISS Wichtiges zur Pr\u00fcfung Schriftliche Pr\u00fcfungBitte beachten Sie, dass die Pr\u00fcfung entsprechend der Vorlesung auf Deutsch zu verfassen ist.\u00a0 Zum Bestehen der Pr\u00fcfung wird der\u00a0Besuch der Vorlesung sowie\u00a0die\u00a0Vorbereitung der Pflichtlekt\u00fcre und\u00a0weiterf\u00fchrender Texte\u00a0dringend empfohlen.\u00a0 S\u00e4mtliche Dokumente zur Vorlesung, finden Sie im\u00a0Downloadbereich. Pr\u00fcfungstermineam Ende des laufendenRead More\" \/>\n<meta property=\"og:url\" content=\"https:\/\/denkmalpflege.tuwien.ac.at\/index.php\/denkmalpflege-vorlesung-ws22-23\/\" \/>\n<meta property=\"og:site_name\" content=\"Denkmalpflege und Bauen im Bestand\" \/>\n<meta property=\"article:modified_time\" content=\"2023-10-22T09:50:09+00:00\" \/>\n<meta property=\"og:image\" content=\"http:\/\/denkmalpflege.tuwien.ac.at\/wp-content\/uploads\/2022\/09\/Vorlesung.png\" \/>\n<meta name=\"twitter:card\" content=\"summary_large_image\" \/>\n<meta name=\"twitter:label1\" content=\"Gesch\u00e4tzte Lesezeit\" \/>\n\t<meta name=\"twitter:data1\" content=\"3\u00a0Minuten\" \/>\n<script type=\"application\/ld+json\" class=\"yoast-schema-graph\">{\"@context\":\"https:\/\/schema.org\",\"@graph\":[{\"@type\":\"WebPage\",\"@id\":\"https:\/\/denkmalpflege.tuwien.ac.at\/index.php\/denkmalpflege-vorlesung-ws22-23\/\",\"url\":\"https:\/\/denkmalpflege.tuwien.ac.at\/index.php\/denkmalpflege-vorlesung-ws22-23\/\",\"name\":\"Denkmalpflege Vorlesung WS22\/23 - Denkmalpflege und Bauen im Bestand\",\"isPartOf\":{\"@id\":\"https:\/\/denkmalpflege.tuwien.ac.at\/#website\"},\"primaryImageOfPage\":{\"@id\":\"https:\/\/denkmalpflege.tuwien.ac.at\/index.php\/denkmalpflege-vorlesung-ws22-23\/#primaryimage\"},\"image\":{\"@id\":\"https:\/\/denkmalpflege.tuwien.ac.at\/index.php\/denkmalpflege-vorlesung-ws22-23\/#primaryimage\"},\"thumbnailUrl\":\"http:\/\/denkmalpflege.tuwien.ac.at\/wp-content\/uploads\/2022\/09\/Vorlesung.png\",\"datePublished\":\"2022-08-31T20:52:29+00:00\",\"dateModified\":\"2023-10-22T09:50:09+00:00\",\"breadcrumb\":{\"@id\":\"https:\/\/denkmalpflege.tuwien.ac.at\/index.php\/denkmalpflege-vorlesung-ws22-23\/#breadcrumb\"},\"inLanguage\":\"de\",\"potentialAction\":[{\"@type\":\"ReadAction\",\"target\":[\"https:\/\/denkmalpflege.tuwien.ac.at\/index.php\/denkmalpflege-vorlesung-ws22-23\/\"]}]},{\"@type\":\"ImageObject\",\"inLanguage\":\"de\",\"@id\":\"https:\/\/denkmalpflege.tuwien.ac.at\/index.php\/denkmalpflege-vorlesung-ws22-23\/#primaryimage\",\"url\":\"https:\/\/denkmalpflege.tuwien.ac.at\/wp-content\/uploads\/2022\/09\/Vorlesung.png\",\"contentUrl\":\"https:\/\/denkmalpflege.tuwien.ac.at\/wp-content\/uploads\/2022\/09\/Vorlesung.png\",\"width\":2677,\"height\":3489},{\"@type\":\"BreadcrumbList\",\"@id\":\"https:\/\/denkmalpflege.tuwien.ac.at\/index.php\/denkmalpflege-vorlesung-ws22-23\/#breadcrumb\",\"itemListElement\":[{\"@type\":\"ListItem\",\"position\":1,\"name\":\"Startseite\",\"item\":\"https:\/\/denkmalpflege.tuwien.ac.at\/\"},{\"@type\":\"ListItem\",\"position\":2,\"name\":\"Denkmalpflege Vorlesung WS22\/23\"}]},{\"@type\":\"WebSite\",\"@id\":\"https:\/\/denkmalpflege.tuwien.ac.at\/#website\",\"url\":\"https:\/\/denkmalpflege.tuwien.ac.at\/\",\"name\":\"Denkmalpflege und Bauen im Bestand\",\"description\":\"Denkmalpflege TU Wien\",\"publisher\":{\"@id\":\"https:\/\/denkmalpflege.tuwien.ac.at\/#organization\"},\"potentialAction\":[{\"@type\":\"SearchAction\",\"target\":{\"@type\":\"EntryPoint\",\"urlTemplate\":\"https:\/\/denkmalpflege.tuwien.ac.at\/?s={search_term_string}\"},\"query-input\":{\"@type\":\"PropertyValueSpecification\",\"valueRequired\":true,\"valueName\":\"search_term_string\"}}],\"inLanguage\":\"de\"},{\"@type\":\"Organization\",\"@id\":\"https:\/\/denkmalpflege.tuwien.ac.at\/#organization\",\"name\":\"TU Wien Denkmalpflege und Bauen im Bestand\",\"url\":\"https:\/\/denkmalpflege.tuwien.ac.at\/\",\"logo\":{\"@type\":\"ImageObject\",\"inLanguage\":\"de\",\"@id\":\"https:\/\/denkmalpflege.tuwien.ac.at\/#\/schema\/logo\/image\/\",\"url\":\"https:\/\/denkmalpflege.tuwien.ac.at\/wp-content\/uploads\/2019\/10\/Logo1.png\",\"contentUrl\":\"https:\/\/denkmalpflege.tuwien.ac.at\/wp-content\/uploads\/2019\/10\/Logo1.png\",\"width\":222,\"height\":79,\"caption\":\"TU Wien Denkmalpflege und Bauen im Bestand\"},\"image\":{\"@id\":\"https:\/\/denkmalpflege.tuwien.ac.at\/#\/schema\/logo\/image\/\"}}]}<\/script>\n<!-- \/ Yoast SEO plugin. -->","yoast_head_json":{"title":"Denkmalpflege Vorlesung WS22\/23 - Denkmalpflege und Bauen im Bestand","robots":{"index":"index","follow":"follow","max-snippet":"max-snippet:-1","max-image-preview":"max-image-preview:large","max-video-preview":"max-video-preview:-1"},"canonical":"https:\/\/denkmalpflege.tuwien.ac.at\/index.php\/denkmalpflege-vorlesung-ws22-23\/","og_locale":"de_DE","og_type":"article","og_title":"Denkmalpflege Vorlesung WS22\/23 - Denkmalpflege und Bauen im Bestand","og_description":"251.870 3,0 h (3,0 ECTS) DENKMALPFLEGE VORLESUNG\u200b Birgit KNAUER Einf\u00fchrungMontag 10. Oktober 2022, 15:00 Uhr, HS 17 Terminew\u00f6chentlich Montag, 15:00 &#8211; 17:00 Uhr, HS 17 Anmeldung\u00dcber TISS Wichtiges zur Pr\u00fcfung Schriftliche Pr\u00fcfungBitte beachten Sie, dass die Pr\u00fcfung entsprechend der Vorlesung auf Deutsch zu verfassen ist.\u00a0 Zum Bestehen der Pr\u00fcfung wird der\u00a0Besuch der Vorlesung sowie\u00a0die\u00a0Vorbereitung der Pflichtlekt\u00fcre und\u00a0weiterf\u00fchrender Texte\u00a0dringend empfohlen.\u00a0 S\u00e4mtliche Dokumente zur Vorlesung, finden Sie im\u00a0Downloadbereich. Pr\u00fcfungstermineam Ende des laufendenRead More","og_url":"https:\/\/denkmalpflege.tuwien.ac.at\/index.php\/denkmalpflege-vorlesung-ws22-23\/","og_site_name":"Denkmalpflege und Bauen im Bestand","article_modified_time":"2023-10-22T09:50:09+00:00","og_image":[{"url":"http:\/\/denkmalpflege.tuwien.ac.at\/wp-content\/uploads\/2022\/09\/Vorlesung.png","type":"","width":"","height":""}],"twitter_card":"summary_large_image","twitter_misc":{"Gesch\u00e4tzte Lesezeit":"3\u00a0Minuten"},"schema":{"@context":"https:\/\/schema.org","@graph":[{"@type":"WebPage","@id":"https:\/\/denkmalpflege.tuwien.ac.at\/index.php\/denkmalpflege-vorlesung-ws22-23\/","url":"https:\/\/denkmalpflege.tuwien.ac.at\/index.php\/denkmalpflege-vorlesung-ws22-23\/","name":"Denkmalpflege Vorlesung WS22\/23 - Denkmalpflege und Bauen im Bestand","isPartOf":{"@id":"https:\/\/denkmalpflege.tuwien.ac.at\/#website"},"primaryImageOfPage":{"@id":"https:\/\/denkmalpflege.tuwien.ac.at\/index.php\/denkmalpflege-vorlesung-ws22-23\/#primaryimage"},"image":{"@id":"https:\/\/denkmalpflege.tuwien.ac.at\/index.php\/denkmalpflege-vorlesung-ws22-23\/#primaryimage"},"thumbnailUrl":"http:\/\/denkmalpflege.tuwien.ac.at\/wp-content\/uploads\/2022\/09\/Vorlesung.png","datePublished":"2022-08-31T20:52:29+00:00","dateModified":"2023-10-22T09:50:09+00:00","breadcrumb":{"@id":"https:\/\/denkmalpflege.tuwien.ac.at\/index.php\/denkmalpflege-vorlesung-ws22-23\/#breadcrumb"},"inLanguage":"de","potentialAction":[{"@type":"ReadAction","target":["https:\/\/denkmalpflege.tuwien.ac.at\/index.php\/denkmalpflege-vorlesung-ws22-23\/"]}]},{"@type":"ImageObject","inLanguage":"de","@id":"https:\/\/denkmalpflege.tuwien.ac.at\/index.php\/denkmalpflege-vorlesung-ws22-23\/#primaryimage","url":"https:\/\/denkmalpflege.tuwien.ac.at\/wp-content\/uploads\/2022\/09\/Vorlesung.png","contentUrl":"https:\/\/denkmalpflege.tuwien.ac.at\/wp-content\/uploads\/2022\/09\/Vorlesung.png","width":2677,"height":3489},{"@type":"BreadcrumbList","@id":"https:\/\/denkmalpflege.tuwien.ac.at\/index.php\/denkmalpflege-vorlesung-ws22-23\/#breadcrumb","itemListElement":[{"@type":"ListItem","position":1,"name":"Startseite","item":"https:\/\/denkmalpflege.tuwien.ac.at\/"},{"@type":"ListItem","position":2,"name":"Denkmalpflege Vorlesung WS22\/23"}]},{"@type":"WebSite","@id":"https:\/\/denkmalpflege.tuwien.ac.at\/#website","url":"https:\/\/denkmalpflege.tuwien.ac.at\/","name":"Denkmalpflege und Bauen im Bestand","description":"Denkmalpflege TU Wien","publisher":{"@id":"https:\/\/denkmalpflege.tuwien.ac.at\/#organization"},"potentialAction":[{"@type":"SearchAction","target":{"@type":"EntryPoint","urlTemplate":"https:\/\/denkmalpflege.tuwien.ac.at\/?s={search_term_string}"},"query-input":{"@type":"PropertyValueSpecification","valueRequired":true,"valueName":"search_term_string"}}],"inLanguage":"de"},{"@type":"Organization","@id":"https:\/\/denkmalpflege.tuwien.ac.at\/#organization","name":"TU Wien Denkmalpflege und Bauen im Bestand","url":"https:\/\/denkmalpflege.tuwien.ac.at\/","logo":{"@type":"ImageObject","inLanguage":"de","@id":"https:\/\/denkmalpflege.tuwien.ac.at\/#\/schema\/logo\/image\/","url":"https:\/\/denkmalpflege.tuwien.ac.at\/wp-content\/uploads\/2019\/10\/Logo1.png","contentUrl":"https:\/\/denkmalpflege.tuwien.ac.at\/wp-content\/uploads\/2019\/10\/Logo1.png","width":222,"height":79,"caption":"TU Wien Denkmalpflege und Bauen im Bestand"},"image":{"@id":"https:\/\/denkmalpflege.tuwien.ac.at\/#\/schema\/logo\/image\/"}}]}},"_links":{"self":[{"href":"https:\/\/denkmalpflege.tuwien.ac.at\/index.php\/wp-json\/wp\/v2\/pages\/24409","targetHints":{"allow":["GET"]}}],"collection":[{"href":"https:\/\/denkmalpflege.tuwien.ac.at\/index.php\/wp-json\/wp\/v2\/pages"}],"about":[{"href":"https:\/\/denkmalpflege.tuwien.ac.at\/index.php\/wp-json\/wp\/v2\/types\/page"}],"author":[{"embeddable":true,"href":"https:\/\/denkmalpflege.tuwien.ac.at\/index.php\/wp-json\/wp\/v2\/users\/1"}],"replies":[{"embeddable":true,"href":"https:\/\/denkmalpflege.tuwien.ac.at\/index.php\/wp-json\/wp\/v2\/comments?post=24409"}],"version-history":[{"count":58,"href":"https:\/\/denkmalpflege.tuwien.ac.at\/index.php\/wp-json\/wp\/v2\/pages\/24409\/revisions"}],"predecessor-version":[{"id":27585,"href":"https:\/\/denkmalpflege.tuwien.ac.at\/index.php\/wp-json\/wp\/v2\/pages\/24409\/revisions\/27585"}],"wp:attachment":[{"href":"https:\/\/denkmalpflege.tuwien.ac.at\/index.php\/wp-json\/wp\/v2\/media?parent=24409"}],"curies":[{"name":"wp","href":"https:\/\/api.w.org\/{rel}","templated":true}]}}