{"id":23026,"date":"2021-09-08T16:43:02","date_gmt":"2021-09-08T14:43:02","guid":{"rendered":"http:\/\/denkmalpflege.tuwien.ac.at\/?page_id=23026"},"modified":"2023-10-31T13:53:38","modified_gmt":"2023-10-31T12:53:38","slug":"denkmalpflege-vorlesung-ws21-22","status":"publish","type":"page","link":"https:\/\/denkmalpflege.tuwien.ac.at\/index.php\/denkmalpflege-vorlesung-ws21-22\/","title":{"rendered":"Denkmalpflege Vorlesung WS21\/22"},"content":{"rendered":"\t\t<div data-elementor-type=\"wp-page\" data-elementor-id=\"23026\" class=\"elementor elementor-23026\" data-elementor-post-type=\"page\">\n\t\t\t\t\t\t<section class=\"elementor-section elementor-top-section elementor-element elementor-element-11bfd16 elementor-section-full_width elementor-section-height-default elementor-section-height-default\" data-id=\"11bfd16\" data-element_type=\"section\">\n\t\t\t\t\t\t<div class=\"elementor-container elementor-column-gap-default\">\n\t\t\t\t\t<div class=\"elementor-column elementor-col-50 elementor-top-column elementor-element elementor-element-0356e86\" data-id=\"0356e86\" data-element_type=\"column\">\n\t\t\t<div class=\"elementor-widget-wrap elementor-element-populated\">\n\t\t\t\t\t\t<div class=\"elementor-element elementor-element-3d72e25 elementor-widget elementor-widget-heading\" data-id=\"3d72e25\" data-element_type=\"widget\" data-widget_type=\"heading.default\">\n\t\t\t\t<div class=\"elementor-widget-container\">\n\t\t\t\t\t<h2 class=\"elementor-heading-title elementor-size-default\"><a href=\"https:\/\/denkmalpflege.tuwien.ac.at\/index.php\/denkmalpflege-vorlesung-ws22-23\/\">WS 2021\/22<\/a><\/h2>\t\t\t\t<\/div>\n\t\t\t\t<\/div>\n\t\t\t\t\t<\/div>\n\t\t<\/div>\n\t\t\t\t<div class=\"elementor-column elementor-col-50 elementor-top-column elementor-element elementor-element-ce80c1e\" data-id=\"ce80c1e\" data-element_type=\"column\">\n\t\t\t<div class=\"elementor-widget-wrap elementor-element-populated\">\n\t\t\t\t\t\t<div class=\"elementor-element elementor-element-3e52d99 elementor-widget elementor-widget-heading\" data-id=\"3e52d99\" data-element_type=\"widget\" data-widget_type=\"heading.default\">\n\t\t\t\t<div class=\"elementor-widget-container\">\n\t\t\t\t\t<h2 class=\"elementor-heading-title elementor-size-default\">251.870 <span style=\"float: right\"> 3,0 h (3,0 ECTS)<\/span><\/h2>\t\t\t\t<\/div>\n\t\t\t\t<\/div>\n\t\t\t\t\t<\/div>\n\t\t<\/div>\n\t\t\t\t\t<\/div>\n\t\t<\/section>\n\t\t\t\t<section class=\"elementor-section elementor-top-section elementor-element elementor-element-0684066 elementor-section-full_width elementor-section-height-default elementor-section-height-default\" data-id=\"0684066\" data-element_type=\"section\">\n\t\t\t\t\t\t<div class=\"elementor-container elementor-column-gap-default\">\n\t\t\t\t\t<div class=\"elementor-column elementor-col-50 elementor-top-column elementor-element elementor-element-c215a82\" data-id=\"c215a82\" data-element_type=\"column\">\n\t\t\t<div class=\"elementor-widget-wrap elementor-element-populated\">\n\t\t\t\t\t\t<div class=\"elementor-element elementor-element-c750820 elementor-nav-menu__align-start elementor-nav-menu--dropdown-mobile elementor-nav-menu__text-align-aside elementor-nav-menu--toggle elementor-nav-menu--burger elementor-widget elementor-widget-nav-menu\" data-id=\"c750820\" data-element_type=\"widget\" data-settings=\"{&quot;layout&quot;:&quot;vertical&quot;,&quot;submenu_icon&quot;:{&quot;value&quot;:&quot;&lt;i class=\\&quot;\\&quot; aria-hidden=\\&quot;true\\&quot;&gt;&lt;\\\/i&gt;&quot;,&quot;library&quot;:&quot;&quot;},&quot;toggle&quot;:&quot;burger&quot;}\" data-widget_type=\"nav-menu.default\">\n\t\t\t\t<div class=\"elementor-widget-container\">\n\t\t\t\t\t\t\t\t<nav aria-label=\"Men\u00fc\" class=\"elementor-nav-menu--main elementor-nav-menu__container elementor-nav-menu--layout-vertical e--pointer-none\">\n\t\t\t\t<ul id=\"menu-1-c750820\" class=\"elementor-nav-menu sm-vertical\"><li class=\"menu-item menu-item-type-post_type menu-item-object-page menu-item-24714\"><a href=\"https:\/\/denkmalpflege.tuwien.ac.at\/index.php\/download-unterlagen-vorlesung\/\" class=\"elementor-item\">Vorlesungsunterlagen<\/a><\/li>\n<\/ul>\t\t\t<\/nav>\n\t\t\t\t\t<div class=\"elementor-menu-toggle\" role=\"button\" tabindex=\"0\" aria-label=\"Men\u00fc Umschalter\" aria-expanded=\"false\">\n\t\t\t<i aria-hidden=\"true\" role=\"presentation\" class=\"elementor-menu-toggle__icon--open eicon-menu-bar\"><\/i><i aria-hidden=\"true\" role=\"presentation\" class=\"elementor-menu-toggle__icon--close eicon-close\"><\/i>\t\t<\/div>\n\t\t\t\t\t<nav class=\"elementor-nav-menu--dropdown elementor-nav-menu__container\" aria-hidden=\"true\">\n\t\t\t\t<ul id=\"menu-2-c750820\" class=\"elementor-nav-menu sm-vertical\"><li class=\"menu-item menu-item-type-post_type menu-item-object-page menu-item-24714\"><a href=\"https:\/\/denkmalpflege.tuwien.ac.at\/index.php\/download-unterlagen-vorlesung\/\" class=\"elementor-item\" tabindex=\"-1\">Vorlesungsunterlagen<\/a><\/li>\n<\/ul>\t\t\t<\/nav>\n\t\t\t\t\t\t<\/div>\n\t\t\t\t<\/div>\n\t\t\t\t\t<\/div>\n\t\t<\/div>\n\t\t\t\t<div class=\"elementor-column elementor-col-50 elementor-top-column elementor-element elementor-element-0b07ce1\" data-id=\"0b07ce1\" data-element_type=\"column\">\n\t\t\t<div class=\"elementor-widget-wrap elementor-element-populated\">\n\t\t\t\t\t\t<div class=\"elementor-element elementor-element-362bb7f elementor-widget elementor-widget-text-editor\" data-id=\"362bb7f\" data-element_type=\"widget\" data-widget_type=\"text-editor.default\">\n\t\t\t\t<div class=\"elementor-widget-container\">\n\t\t\t\t\t\t\t\t\t<h1 class=\"lva_h1\"> DENKMALPFLEGE VORLESUNG\u200b<\/h1>\t\t\t\t\t\t\t\t<\/div>\n\t\t\t\t<\/div>\n\t\t\t\t<div class=\"elementor-element elementor-element-36de361 lva_img elementor-widget elementor-widget-image\" data-id=\"36de361\" data-element_type=\"widget\" data-widget_type=\"image.default\">\n\t\t\t\t<div class=\"elementor-widget-container\">\n\t\t\t\t\t\t\t\t\t\t\t\t\t\t\t<img fetchpriority=\"high\" decoding=\"async\" width=\"2677\" height=\"3489\" src=\"https:\/\/denkmalpflege.tuwien.ac.at\/wp-content\/uploads\/2022\/09\/Vorlesung.png\" class=\"attachment-full size-full wp-image-24547\" alt=\"\" \/>\t\t\t\t\t\t\t\t\t\t\t\t\t\t\t<\/div>\n\t\t\t\t<\/div>\n\t\t\t\t<div class=\"elementor-element elementor-element-77a0aee elementor-widget elementor-widget-text-editor\" data-id=\"77a0aee\" data-element_type=\"widget\" data-widget_type=\"text-editor.default\">\n\t\t\t\t<div class=\"elementor-widget-container\">\n\t\t\t\t\t\t\t\t\t<p class=\"akt\">Vorlesung Denkmalpflege<\/p>\t\t\t\t\t\t\t\t<\/div>\n\t\t\t\t<\/div>\n\t\t\t\t<div class=\"elementor-element elementor-element-f246c56 elementor-widget elementor-widget-text-editor\" data-id=\"f246c56\" data-element_type=\"widget\" data-widget_type=\"text-editor.default\">\n\t\t\t\t<div class=\"elementor-widget-container\">\n\t\t\t\t\t\t\t\t\t<h3 class=\"lva_h3 lva_leiter\">Nott Caviezel<\/h3>\n<h3 class=\"lva_h3 lva_leiter lva_h3_abstand\"><strong>Wichtiges zur Pr\u00fcfung<\/strong><\/h3>\nZum Bestehen der Pr\u00fcfung wird der Besuch der Vorlesung sowie die Vorbereitung der Pflichtlekt\u00fcre und weiterf\u00fchrender Texte dringend empfohlen. S\u00e4mtliche Dokumente zur Vorlesung, finden Sie im <a href=\"https:\/\/denkmalpflege.tuwien.ac.at\/index.php\/download-unterlagen-vorlesung\/\"><strong>Downloadbereich<\/strong><\/a>.\n\nTermine und Anmeldung im\u00a0TISS.\n\n<strong>Pr\u00fcfungstermine: am Ende des laufenden Semesters, sowie in den drei darauffolgenden Semestern.<\/strong> Die Termine werden nach Freigabe der zentralen Lehrraumverwaltung bekanntgegeben.\t\t\t\t\t\t\t\t<\/div>\n\t\t\t\t<\/div>\n\t\t\t\t<div class=\"elementor-element elementor-element-b87d727 elementor-widget-divider--view-line elementor-widget elementor-widget-divider\" data-id=\"b87d727\" data-element_type=\"widget\" data-widget_type=\"divider.default\">\n\t\t\t\t<div class=\"elementor-widget-container\">\n\t\t\t\t\t\t\t<div class=\"elementor-divider\">\n\t\t\t<span class=\"elementor-divider-separator\">\n\t\t\t\t\t\t<\/span>\n\t\t<\/div>\n\t\t\t\t\t\t<\/div>\n\t\t\t\t<\/div>\n\t\t\t\t<div class=\"elementor-element elementor-element-a83191c elementor-widget elementor-widget-text-editor\" data-id=\"a83191c\" data-element_type=\"widget\" data-widget_type=\"text-editor.default\">\n\t\t\t\t<div class=\"elementor-widget-container\">\n\t\t\t\t\t\t\t\t\t<h3><strong>Lernergebnisse<\/strong><\/h3><p>Nach positiver Absolvierung der Lehrveranstaltung sind Studierende in der Lage einen \u00dcberblick \u00fcber die Geschichte der Denkmalpflege und deren Theorien zu gewinnen. Die Vorlesung er\u00f6ffnet einen weiten fachlichen Horizont, der die Studierenden dazu bef\u00e4higt, die heute relevanten Anforderungen an die Denkmalpflege zu verstehen und den hierbei von den Architekturschaffenden erwarteten Anteil zu fassen. Sie erkennen durch das Zusammenwirken und durch die Wechselwirkung unterschiedlicher Blickwinkel die Bedeutung und den Nutzen des Forschungsbereichs f\u00fcr die wissenschaftliche und entwerferische Arbeit. Die Vorlesung fordert die Studierenden auf, ihre Selbstkompetenz auszuloten, ihre individuellen Neigungen und Interessen zu beurteilen und, im Hinblick auf ihre k\u00fcnftige T\u00e4tigkeit im Beruf, ihre Wertvorstellungen, die Kritikf\u00e4higkeit und ihre besondere Verantwortung zu sch\u00e4rfen. Die Studierenden erwerben die F\u00e4higkeit, analoge Problemlagen zu erkennen und diese in neuen Kontexten zu verorten. Die konkrete Veranschaulichung des Lernstoffes erm\u00f6glicht die Kultivierung des visuellen Ged\u00e4chtnisses und die Verkn\u00fcpfung von Gegenst\u00e4nden mit relevanten Akteurinnen und Akteuren.<\/p><h3><strong>Inhalt der Lehrveranstaltung<\/strong><\/h3><p>Geschichte der Denkmalpflege von ihren Anf\u00e4ngen bis heute, Theorie der Praxis. Lekt\u00fcre, Analyse und W\u00fcrdigung des historischen Baubestands, denkmalpflegerische Methoden, Ans\u00e4tze und Strategien, die spezifische Rolle der Architekturschaffenden im Umfeld der Denkmalpflege.<\/p><h3><strong>Pr\u00fcfungsmodus<\/strong><\/h3><p>F\u00fcr die schriftliche Pr\u00fcfung steht maximal eine Stunde zur Verf\u00fcgung. Jede Kandidatin, jeder Kandidat hat drei Fragen zu beantworten, wobei sich die Fragen an je ein Bild kn\u00fcpfen, das an der Vorlesung gezeigt wurde. Es wird von einer Anwesenheit w\u00e4hrend der Vorlesung ausgegangen.<\/p><p>Pr\u00fcfungseinsicht erfolgt nur nach Voranmeldung bei <a href=\"mailto:dimitri.egorov@tuwien.ac.at\">Dimitri Egorov<\/a>\u00a0oder <a href=\"mailto:rita.mullen@tuwien.ac.at\">Rita Mullen,<\/a><\/p><p><b>Bitte beachten Sie, dass die Pr\u00fcfung entsprechend der Vorlesung auf Deutsch zu verfassen ist.<\/b><\/p><h3><strong>Pr\u00fcfungstermine<\/strong><\/h3><p><strong>Stoff Wintersemester 21\/22<\/strong><\/p><p>Freitag 05.05.2023, <span style=\"font-family: var( --e-global-typography-text-font-family ), Myriad Pro; font-weight: var( --e-global-typography-text-font-weight );\">13:30 &#8211; 15:00 Uhr (HS 13)<\/span><\/p><p>Freitag 16.06.2023, <span style=\"font-family: var( --e-global-typography-text-font-family ), Myriad Pro; font-weight: var( --e-global-typography-text-font-weight );\">12:00 &#8211; 14:00 Uhr (Audimax)<\/span><\/p><p>Anmeldung im\u00a0TISS\u00a0<span style=\"font-family: var( --e-global-typography-text-font-family ), Myriad Pro; font-weight: var( --e-global-typography-text-font-weight );\"><br \/><\/span><\/p>\t\t\t\t\t\t\t\t<\/div>\n\t\t\t\t<\/div>\n\t\t\t\t<div class=\"elementor-element elementor-element-d5b72d8 elementor-widget-divider--view-line elementor-widget elementor-widget-divider\" data-id=\"d5b72d8\" data-element_type=\"widget\" data-widget_type=\"divider.default\">\n\t\t\t\t<div class=\"elementor-widget-container\">\n\t\t\t\t\t\t\t<div class=\"elementor-divider\">\n\t\t\t<span class=\"elementor-divider-separator\">\n\t\t\t\t\t\t<\/span>\n\t\t<\/div>\n\t\t\t\t\t\t<\/div>\n\t\t\t\t<\/div>\n\t\t\t\t<section class=\"elementor-section elementor-inner-section elementor-element elementor-element-29298ca elementor-section-full_width elementor-section-height-default elementor-section-height-default\" data-id=\"29298ca\" data-element_type=\"section\">\n\t\t\t\t\t\t<div class=\"elementor-container elementor-column-gap-default\">\n\t\t\t\t\t<div class=\"elementor-column elementor-col-50 elementor-inner-column elementor-element elementor-element-605bff3\" data-id=\"605bff3\" data-element_type=\"column\">\n\t\t\t<div class=\"elementor-widget-wrap elementor-element-populated\">\n\t\t\t\t\t\t<div class=\"elementor-element elementor-element-38728ae elementor-widget elementor-widget-text-editor\" data-id=\"38728ae\" data-element_type=\"widget\" data-widget_type=\"text-editor.default\">\n\t\t\t\t<div class=\"elementor-widget-container\">\n\t\t\t\t\t\t\t\t\t<p class=\"lva_text\"><a class=\"link link_blau\" href=\"https:\/\/tiss.tuwien.ac.at\/course\/courseDetails.xhtml?dswid=9880&#038;dsrid=643&#038;courseNr=251870&#038;semester=2021W\" target=\"_blank\" rel=\"noopener\">TISS<\/a>, <a class=\"link link_blau\" href=\"https:\/\/denkmalpflege.tuwien.ac.at\/index.php\/download-unterlagen-vorlesung\/\"> Vorlesungsunterlagen<\/a><\/p>\t\t\t\t\t\t\t\t<\/div>\n\t\t\t\t<\/div>\n\t\t\t\t\t<\/div>\n\t\t<\/div>\n\t\t\t\t<div class=\"elementor-column elementor-col-50 elementor-inner-column elementor-element elementor-element-f714c55\" data-id=\"f714c55\" data-element_type=\"column\">\n\t\t\t<div class=\"elementor-widget-wrap\">\n\t\t\t\t\t\t\t<\/div>\n\t\t<\/div>\n\t\t\t\t\t<\/div>\n\t\t<\/section>\n\t\t\t\t\t<\/div>\n\t\t<\/div>\n\t\t\t\t\t<\/div>\n\t\t<\/section>\n\t\t\t\t<\/div>\n\t\t","protected":false},"excerpt":{"rendered":"<p>WS 2021\/22 251.870 3,0 h (3,0 ECTS) DENKMALPFLEGE VORLESUNG\u200b Vorlesung Denkmalpflege Nott Caviezel Wichtiges zur Pr\u00fcfung Zum Bestehen der Pr\u00fcfung wird der Besuch der Vorlesung sowie die Vorbereitung der Pflichtlekt\u00fcre und weiterf\u00fchrender Texte dringend empfohlen. S\u00e4mtliche Dokumente zur Vorlesung, finden Sie im Downloadbereich. Termine und Anmeldung im\u00a0TISS. Pr\u00fcfungstermine: am Ende des laufenden Semesters, sowie in den drei darauffolgenden Semestern. Die Termine werden nach Freigabe der zentralen Lehrraumverwaltung bekanntgegeben. Lernergebnisse Nach<\/p>\n<div class=\"belowpost\"><a class=\"btnmore icon-arrow\" href=\"https:\/\/denkmalpflege.tuwien.ac.at\/index.php\/denkmalpflege-vorlesung-ws21-22\/\"><span>Read More<\/span><\/a><\/div>\n","protected":false},"author":1,"featured_media":0,"parent":0,"menu_order":0,"comment_status":"closed","ping_status":"closed","template":"","meta":{"footnotes":""},"class_list":["post-23026","page","type-page","status-publish","hentry"],"yoast_head":"<!-- This site is optimized with the Yoast SEO plugin v26.0 - https:\/\/yoast.com\/wordpress\/plugins\/seo\/ -->\n<title>Denkmalpflege Vorlesung WS21\/22 - Denkmalpflege und Bauen im Bestand<\/title>\n<meta name=\"robots\" content=\"index, follow, max-snippet:-1, max-image-preview:large, max-video-preview:-1\" \/>\n<link rel=\"canonical\" href=\"https:\/\/denkmalpflege.tuwien.ac.at\/index.php\/denkmalpflege-vorlesung-ws21-22\/\" \/>\n<meta property=\"og:locale\" content=\"de_DE\" \/>\n<meta property=\"og:type\" content=\"article\" \/>\n<meta property=\"og:title\" content=\"Denkmalpflege Vorlesung WS21\/22 - Denkmalpflege und Bauen im Bestand\" \/>\n<meta property=\"og:description\" content=\"WS 2021\/22 251.870 3,0 h (3,0 ECTS) DENKMALPFLEGE VORLESUNG\u200b Vorlesung Denkmalpflege Nott Caviezel Wichtiges zur Pr\u00fcfung Zum Bestehen der Pr\u00fcfung wird der Besuch der Vorlesung sowie die Vorbereitung der Pflichtlekt\u00fcre und weiterf\u00fchrender Texte dringend empfohlen. S\u00e4mtliche Dokumente zur Vorlesung, finden Sie im Downloadbereich. Termine und Anmeldung im\u00a0TISS. Pr\u00fcfungstermine: am Ende des laufenden Semesters, sowie in den drei darauffolgenden Semestern. Die Termine werden nach Freigabe der zentralen Lehrraumverwaltung bekanntgegeben. Lernergebnisse NachRead More\" \/>\n<meta property=\"og:url\" content=\"https:\/\/denkmalpflege.tuwien.ac.at\/index.php\/denkmalpflege-vorlesung-ws21-22\/\" \/>\n<meta property=\"og:site_name\" content=\"Denkmalpflege und Bauen im Bestand\" \/>\n<meta property=\"article:modified_time\" content=\"2023-10-31T12:53:38+00:00\" \/>\n<meta property=\"og:image\" content=\"http:\/\/denkmalpflege.tuwien.ac.at\/wp-content\/uploads\/2022\/09\/Vorlesung.png\" \/>\n<meta name=\"twitter:card\" content=\"summary_large_image\" \/>\n<meta name=\"twitter:label1\" content=\"Gesch\u00e4tzte Lesezeit\" \/>\n\t<meta name=\"twitter:data1\" content=\"2\u00a0Minuten\" \/>\n<script type=\"application\/ld+json\" class=\"yoast-schema-graph\">{\"@context\":\"https:\/\/schema.org\",\"@graph\":[{\"@type\":\"WebPage\",\"@id\":\"https:\/\/denkmalpflege.tuwien.ac.at\/index.php\/denkmalpflege-vorlesung-ws21-22\/\",\"url\":\"https:\/\/denkmalpflege.tuwien.ac.at\/index.php\/denkmalpflege-vorlesung-ws21-22\/\",\"name\":\"Denkmalpflege Vorlesung WS21\/22 - Denkmalpflege und Bauen im Bestand\",\"isPartOf\":{\"@id\":\"https:\/\/denkmalpflege.tuwien.ac.at\/#website\"},\"primaryImageOfPage\":{\"@id\":\"https:\/\/denkmalpflege.tuwien.ac.at\/index.php\/denkmalpflege-vorlesung-ws21-22\/#primaryimage\"},\"image\":{\"@id\":\"https:\/\/denkmalpflege.tuwien.ac.at\/index.php\/denkmalpflege-vorlesung-ws21-22\/#primaryimage\"},\"thumbnailUrl\":\"http:\/\/denkmalpflege.tuwien.ac.at\/wp-content\/uploads\/2022\/09\/Vorlesung.png\",\"datePublished\":\"2021-09-08T14:43:02+00:00\",\"dateModified\":\"2023-10-31T12:53:38+00:00\",\"breadcrumb\":{\"@id\":\"https:\/\/denkmalpflege.tuwien.ac.at\/index.php\/denkmalpflege-vorlesung-ws21-22\/#breadcrumb\"},\"inLanguage\":\"de\",\"potentialAction\":[{\"@type\":\"ReadAction\",\"target\":[\"https:\/\/denkmalpflege.tuwien.ac.at\/index.php\/denkmalpflege-vorlesung-ws21-22\/\"]}]},{\"@type\":\"ImageObject\",\"inLanguage\":\"de\",\"@id\":\"https:\/\/denkmalpflege.tuwien.ac.at\/index.php\/denkmalpflege-vorlesung-ws21-22\/#primaryimage\",\"url\":\"https:\/\/denkmalpflege.tuwien.ac.at\/wp-content\/uploads\/2022\/09\/Vorlesung.png\",\"contentUrl\":\"https:\/\/denkmalpflege.tuwien.ac.at\/wp-content\/uploads\/2022\/09\/Vorlesung.png\",\"width\":2677,\"height\":3489},{\"@type\":\"BreadcrumbList\",\"@id\":\"https:\/\/denkmalpflege.tuwien.ac.at\/index.php\/denkmalpflege-vorlesung-ws21-22\/#breadcrumb\",\"itemListElement\":[{\"@type\":\"ListItem\",\"position\":1,\"name\":\"Startseite\",\"item\":\"https:\/\/denkmalpflege.tuwien.ac.at\/\"},{\"@type\":\"ListItem\",\"position\":2,\"name\":\"Denkmalpflege Vorlesung WS21\/22\"}]},{\"@type\":\"WebSite\",\"@id\":\"https:\/\/denkmalpflege.tuwien.ac.at\/#website\",\"url\":\"https:\/\/denkmalpflege.tuwien.ac.at\/\",\"name\":\"Denkmalpflege und Bauen im Bestand\",\"description\":\"Denkmalpflege TU Wien\",\"publisher\":{\"@id\":\"https:\/\/denkmalpflege.tuwien.ac.at\/#organization\"},\"potentialAction\":[{\"@type\":\"SearchAction\",\"target\":{\"@type\":\"EntryPoint\",\"urlTemplate\":\"https:\/\/denkmalpflege.tuwien.ac.at\/?s={search_term_string}\"},\"query-input\":{\"@type\":\"PropertyValueSpecification\",\"valueRequired\":true,\"valueName\":\"search_term_string\"}}],\"inLanguage\":\"de\"},{\"@type\":\"Organization\",\"@id\":\"https:\/\/denkmalpflege.tuwien.ac.at\/#organization\",\"name\":\"TU Wien Denkmalpflege und Bauen im Bestand\",\"url\":\"https:\/\/denkmalpflege.tuwien.ac.at\/\",\"logo\":{\"@type\":\"ImageObject\",\"inLanguage\":\"de\",\"@id\":\"https:\/\/denkmalpflege.tuwien.ac.at\/#\/schema\/logo\/image\/\",\"url\":\"https:\/\/denkmalpflege.tuwien.ac.at\/wp-content\/uploads\/2019\/10\/Logo1.png\",\"contentUrl\":\"https:\/\/denkmalpflege.tuwien.ac.at\/wp-content\/uploads\/2019\/10\/Logo1.png\",\"width\":222,\"height\":79,\"caption\":\"TU Wien Denkmalpflege und Bauen im Bestand\"},\"image\":{\"@id\":\"https:\/\/denkmalpflege.tuwien.ac.at\/#\/schema\/logo\/image\/\"}}]}<\/script>\n<!-- \/ Yoast SEO plugin. -->","yoast_head_json":{"title":"Denkmalpflege Vorlesung WS21\/22 - Denkmalpflege und Bauen im Bestand","robots":{"index":"index","follow":"follow","max-snippet":"max-snippet:-1","max-image-preview":"max-image-preview:large","max-video-preview":"max-video-preview:-1"},"canonical":"https:\/\/denkmalpflege.tuwien.ac.at\/index.php\/denkmalpflege-vorlesung-ws21-22\/","og_locale":"de_DE","og_type":"article","og_title":"Denkmalpflege Vorlesung WS21\/22 - Denkmalpflege und Bauen im Bestand","og_description":"WS 2021\/22 251.870 3,0 h (3,0 ECTS) DENKMALPFLEGE VORLESUNG\u200b Vorlesung Denkmalpflege Nott Caviezel Wichtiges zur Pr\u00fcfung Zum Bestehen der Pr\u00fcfung wird der Besuch der Vorlesung sowie die Vorbereitung der Pflichtlekt\u00fcre und weiterf\u00fchrender Texte dringend empfohlen. S\u00e4mtliche Dokumente zur Vorlesung, finden Sie im Downloadbereich. Termine und Anmeldung im\u00a0TISS. Pr\u00fcfungstermine: am Ende des laufenden Semesters, sowie in den drei darauffolgenden Semestern. Die Termine werden nach Freigabe der zentralen Lehrraumverwaltung bekanntgegeben. Lernergebnisse NachRead More","og_url":"https:\/\/denkmalpflege.tuwien.ac.at\/index.php\/denkmalpflege-vorlesung-ws21-22\/","og_site_name":"Denkmalpflege und Bauen im Bestand","article_modified_time":"2023-10-31T12:53:38+00:00","og_image":[{"url":"http:\/\/denkmalpflege.tuwien.ac.at\/wp-content\/uploads\/2022\/09\/Vorlesung.png","type":"","width":"","height":""}],"twitter_card":"summary_large_image","twitter_misc":{"Gesch\u00e4tzte Lesezeit":"2\u00a0Minuten"},"schema":{"@context":"https:\/\/schema.org","@graph":[{"@type":"WebPage","@id":"https:\/\/denkmalpflege.tuwien.ac.at\/index.php\/denkmalpflege-vorlesung-ws21-22\/","url":"https:\/\/denkmalpflege.tuwien.ac.at\/index.php\/denkmalpflege-vorlesung-ws21-22\/","name":"Denkmalpflege Vorlesung WS21\/22 - Denkmalpflege und Bauen im Bestand","isPartOf":{"@id":"https:\/\/denkmalpflege.tuwien.ac.at\/#website"},"primaryImageOfPage":{"@id":"https:\/\/denkmalpflege.tuwien.ac.at\/index.php\/denkmalpflege-vorlesung-ws21-22\/#primaryimage"},"image":{"@id":"https:\/\/denkmalpflege.tuwien.ac.at\/index.php\/denkmalpflege-vorlesung-ws21-22\/#primaryimage"},"thumbnailUrl":"http:\/\/denkmalpflege.tuwien.ac.at\/wp-content\/uploads\/2022\/09\/Vorlesung.png","datePublished":"2021-09-08T14:43:02+00:00","dateModified":"2023-10-31T12:53:38+00:00","breadcrumb":{"@id":"https:\/\/denkmalpflege.tuwien.ac.at\/index.php\/denkmalpflege-vorlesung-ws21-22\/#breadcrumb"},"inLanguage":"de","potentialAction":[{"@type":"ReadAction","target":["https:\/\/denkmalpflege.tuwien.ac.at\/index.php\/denkmalpflege-vorlesung-ws21-22\/"]}]},{"@type":"ImageObject","inLanguage":"de","@id":"https:\/\/denkmalpflege.tuwien.ac.at\/index.php\/denkmalpflege-vorlesung-ws21-22\/#primaryimage","url":"https:\/\/denkmalpflege.tuwien.ac.at\/wp-content\/uploads\/2022\/09\/Vorlesung.png","contentUrl":"https:\/\/denkmalpflege.tuwien.ac.at\/wp-content\/uploads\/2022\/09\/Vorlesung.png","width":2677,"height":3489},{"@type":"BreadcrumbList","@id":"https:\/\/denkmalpflege.tuwien.ac.at\/index.php\/denkmalpflege-vorlesung-ws21-22\/#breadcrumb","itemListElement":[{"@type":"ListItem","position":1,"name":"Startseite","item":"https:\/\/denkmalpflege.tuwien.ac.at\/"},{"@type":"ListItem","position":2,"name":"Denkmalpflege Vorlesung WS21\/22"}]},{"@type":"WebSite","@id":"https:\/\/denkmalpflege.tuwien.ac.at\/#website","url":"https:\/\/denkmalpflege.tuwien.ac.at\/","name":"Denkmalpflege und Bauen im Bestand","description":"Denkmalpflege TU Wien","publisher":{"@id":"https:\/\/denkmalpflege.tuwien.ac.at\/#organization"},"potentialAction":[{"@type":"SearchAction","target":{"@type":"EntryPoint","urlTemplate":"https:\/\/denkmalpflege.tuwien.ac.at\/?s={search_term_string}"},"query-input":{"@type":"PropertyValueSpecification","valueRequired":true,"valueName":"search_term_string"}}],"inLanguage":"de"},{"@type":"Organization","@id":"https:\/\/denkmalpflege.tuwien.ac.at\/#organization","name":"TU Wien Denkmalpflege und Bauen im Bestand","url":"https:\/\/denkmalpflege.tuwien.ac.at\/","logo":{"@type":"ImageObject","inLanguage":"de","@id":"https:\/\/denkmalpflege.tuwien.ac.at\/#\/schema\/logo\/image\/","url":"https:\/\/denkmalpflege.tuwien.ac.at\/wp-content\/uploads\/2019\/10\/Logo1.png","contentUrl":"https:\/\/denkmalpflege.tuwien.ac.at\/wp-content\/uploads\/2019\/10\/Logo1.png","width":222,"height":79,"caption":"TU Wien Denkmalpflege und Bauen im Bestand"},"image":{"@id":"https:\/\/denkmalpflege.tuwien.ac.at\/#\/schema\/logo\/image\/"}}]}},"_links":{"self":[{"href":"https:\/\/denkmalpflege.tuwien.ac.at\/index.php\/wp-json\/wp\/v2\/pages\/23026","targetHints":{"allow":["GET"]}}],"collection":[{"href":"https:\/\/denkmalpflege.tuwien.ac.at\/index.php\/wp-json\/wp\/v2\/pages"}],"about":[{"href":"https:\/\/denkmalpflege.tuwien.ac.at\/index.php\/wp-json\/wp\/v2\/types\/page"}],"author":[{"embeddable":true,"href":"https:\/\/denkmalpflege.tuwien.ac.at\/index.php\/wp-json\/wp\/v2\/users\/1"}],"replies":[{"embeddable":true,"href":"https:\/\/denkmalpflege.tuwien.ac.at\/index.php\/wp-json\/wp\/v2\/comments?post=23026"}],"version-history":[{"count":101,"href":"https:\/\/denkmalpflege.tuwien.ac.at\/index.php\/wp-json\/wp\/v2\/pages\/23026\/revisions"}],"predecessor-version":[{"id":28660,"href":"https:\/\/denkmalpflege.tuwien.ac.at\/index.php\/wp-json\/wp\/v2\/pages\/23026\/revisions\/28660"}],"wp:attachment":[{"href":"https:\/\/denkmalpflege.tuwien.ac.at\/index.php\/wp-json\/wp\/v2\/media?parent=23026"}],"curies":[{"name":"wp","href":"https:\/\/api.w.org\/{rel}","templated":true}]}}