{"id":20089,"date":"2021-01-04T12:35:25","date_gmt":"2021-01-04T11:35:25","guid":{"rendered":"http:\/\/denkmalpflege.tuwien.ac.at\/?page_id=20089"},"modified":"2023-10-22T13:27:16","modified_gmt":"2023-10-22T11:27:16","slug":"ben-hermes","status":"publish","type":"page","link":"https:\/\/denkmalpflege.tuwien.ac.at\/index.php\/ben-hermes\/","title":{"rendered":"Ben Hermes"},"content":{"rendered":"\t\t<div data-elementor-type=\"wp-page\" data-elementor-id=\"20089\" class=\"elementor elementor-20089\" data-elementor-post-type=\"page\">\n\t\t\t\t\t\t<section class=\"elementor-section elementor-top-section elementor-element elementor-element-3376f8d0 elementor-section-full_width elementor-section-height-default elementor-section-height-default\" data-id=\"3376f8d0\" data-element_type=\"section\">\n\t\t\t\t\t\t<div class=\"elementor-container elementor-column-gap-default\">\n\t\t\t\t\t<div class=\"elementor-column elementor-col-100 elementor-top-column elementor-element elementor-element-6d180172\" data-id=\"6d180172\" data-element_type=\"column\">\n\t\t\t<div class=\"elementor-widget-wrap elementor-element-populated\">\n\t\t\t\t\t\t<div class=\"elementor-element elementor-element-3d84a275 elementor-widget elementor-widget-heading\" data-id=\"3d84a275\" data-element_type=\"widget\" data-widget_type=\"heading.default\">\n\t\t\t\t<div class=\"elementor-widget-container\">\n\t\t\t\t\t<h2 class=\"elementor-heading-title elementor-size-default\">BEN HERMES<span style=\"float: right\"> 2022<\/span>\n<\/h2>\t\t\t\t<\/div>\n\t\t\t\t<\/div>\n\t\t\t\t\t<\/div>\n\t\t<\/div>\n\t\t\t\t\t<\/div>\n\t\t<\/section>\n\t\t\t\t<section class=\"elementor-section elementor-top-section elementor-element elementor-element-d13b241 elementor-section-full_width elementor-section-height-default elementor-section-height-default\" data-id=\"d13b241\" data-element_type=\"section\">\n\t\t\t\t\t\t<div class=\"elementor-container elementor-column-gap-default\">\n\t\t\t\t\t<div class=\"elementor-column elementor-col-100 elementor-top-column elementor-element elementor-element-769b19ad\" data-id=\"769b19ad\" data-element_type=\"column\">\n\t\t\t<div class=\"elementor-widget-wrap elementor-element-populated\">\n\t\t\t\t\t\t<div class=\"elementor-element elementor-element-411e530b elementor-widget elementor-widget-text-editor\" data-id=\"411e530b\" data-element_type=\"widget\" data-widget_type=\"text-editor.default\">\n\t\t\t\t<div class=\"elementor-widget-container\">\n\t\t\t\t\t\t\t\t\t<h2>Revitalisierung der G\u00fcterschuppenanlage &#8222;Rollkontor&#8220; am Hauptbahnhof Wiesbaden<\/h2>\t\t\t\t\t\t\t\t<\/div>\n\t\t\t\t<\/div>\n\t\t\t\t<div class=\"elementor-element elementor-element-111108cf elementor-widget elementor-widget-spacer\" data-id=\"111108cf\" data-element_type=\"widget\" data-widget_type=\"spacer.default\">\n\t\t\t\t<div class=\"elementor-widget-container\">\n\t\t\t\t\t\t\t<div class=\"elementor-spacer\">\n\t\t\t<div class=\"elementor-spacer-inner\"><\/div>\n\t\t<\/div>\n\t\t\t\t\t\t<\/div>\n\t\t\t\t<\/div>\n\t\t\t\t<div class=\"elementor-element elementor-element-516c8f5c silde_dipl elementor-arrows-position-inside elementor-widget elementor-widget-image-carousel\" data-id=\"516c8f5c\" data-element_type=\"widget\" data-settings=\"{&quot;slides_to_show&quot;:&quot;1&quot;,&quot;navigation&quot;:&quot;arrows&quot;,&quot;autoplay&quot;:&quot;no&quot;,&quot;infinite&quot;:&quot;yes&quot;,&quot;effect&quot;:&quot;slide&quot;,&quot;speed&quot;:500}\" data-widget_type=\"image-carousel.default\">\n\t\t\t\t<div class=\"elementor-widget-container\">\n\t\t\t\t\t\t\t<div class=\"elementor-image-carousel-wrapper swiper\" role=\"region\" aria-roledescription=\"carousel\" aria-label=\"Bild Karussell\" dir=\"ltr\">\n\t\t\t<div class=\"elementor-image-carousel swiper-wrapper swiper-image-stretch\" aria-live=\"polite\">\n\t\t\t\t\t\t\t\t<div class=\"swiper-slide\" role=\"group\" aria-roledescription=\"slide\" aria-label=\"1 von 7\"><a data-elementor-open-lightbox=\"yes\" data-elementor-lightbox-slideshow=\"516c8f5c\" data-elementor-lightbox-title=\"\u00a9Ben Hermes\" data-e-action-hash=\"#elementor-action%3Aaction%3Dlightbox%26settings%3DeyJpZCI6MjAwOTYsInVybCI6Imh0dHBzOlwvXC9kZW5rbWFscGZsZWdlLnR1d2llbi5hYy5hdFwvd3AtY29udGVudFwvdXBsb2Fkc1wvMjAyMVwvMDFcL0hlcm1lc19CZW5fVGl0ZWxiaWxkLTIuanBnIiwic2xpZGVzaG93IjoiNTE2YzhmNWMifQ%3D%3D\" href=\"https:\/\/denkmalpflege.tuwien.ac.at\/wp-content\/uploads\/2021\/01\/Hermes_Ben_Titelbild-2.jpg\"><figure class=\"swiper-slide-inner\"><img decoding=\"async\" class=\"swiper-slide-image\" src=\"https:\/\/denkmalpflege.tuwien.ac.at\/wp-content\/uploads\/2021\/01\/Hermes_Ben_Titelbild-2.jpg\" alt=\"\u00a9Ben Hermes\" \/><figcaption class=\"elementor-image-carousel-caption\">\u00a9Ben Hermes<\/figcaption><\/figure><\/a><\/div><div class=\"swiper-slide\" role=\"group\" aria-roledescription=\"slide\" aria-label=\"2 von 7\"><a data-elementor-open-lightbox=\"yes\" data-elementor-lightbox-slideshow=\"516c8f5c\" data-elementor-lightbox-title=\"\u00a9Ben Hermes\" data-e-action-hash=\"#elementor-action%3Aaction%3Dlightbox%26settings%3DeyJpZCI6MjAwOTcsInVybCI6Imh0dHBzOlwvXC9kZW5rbWFscGZsZWdlLnR1d2llbi5hYy5hdFwvd3AtY29udGVudFwvdXBsb2Fkc1wvMjAyMVwvMDFcL0hlcm1lc19CZW5fVGl0ZWxiaWxkLmpwZyIsInNsaWRlc2hvdyI6IjUxNmM4ZjVjIn0%3D\" href=\"https:\/\/denkmalpflege.tuwien.ac.at\/wp-content\/uploads\/2021\/01\/Hermes_Ben_Titelbild.jpg\"><figure class=\"swiper-slide-inner\"><img decoding=\"async\" class=\"swiper-slide-image\" src=\"https:\/\/denkmalpflege.tuwien.ac.at\/wp-content\/uploads\/2021\/01\/Hermes_Ben_Titelbild.jpg\" alt=\"\u00a9Ben Hermes\" \/><figcaption class=\"elementor-image-carousel-caption\">\u00a9Ben Hermes<\/figcaption><\/figure><\/a><\/div><div class=\"swiper-slide\" role=\"group\" aria-roledescription=\"slide\" aria-label=\"3 von 7\"><a data-elementor-open-lightbox=\"yes\" data-elementor-lightbox-slideshow=\"516c8f5c\" data-elementor-lightbox-title=\"\u00a9Ben Hermes\" data-e-action-hash=\"#elementor-action%3Aaction%3Dlightbox%26settings%3DeyJpZCI6MjAwOTEsInVybCI6Imh0dHBzOlwvXC9kZW5rbWFscGZsZWdlLnR1d2llbi5hYy5hdFwvd3AtY29udGVudFwvdXBsb2Fkc1wvMjAyMVwvMDFcL0hlcm1lc19CZW5fMy5qcGciLCJzbGlkZXNob3ciOiI1MTZjOGY1YyJ9\" href=\"https:\/\/denkmalpflege.tuwien.ac.at\/wp-content\/uploads\/2021\/01\/Hermes_Ben_3.jpg\"><figure class=\"swiper-slide-inner\"><img decoding=\"async\" class=\"swiper-slide-image\" src=\"https:\/\/denkmalpflege.tuwien.ac.at\/wp-content\/uploads\/2021\/01\/Hermes_Ben_3.jpg\" alt=\"\u00a9Ben Hermes\" \/><figcaption class=\"elementor-image-carousel-caption\">\u00a9Ben Hermes<\/figcaption><\/figure><\/a><\/div><div class=\"swiper-slide\" role=\"group\" aria-roledescription=\"slide\" aria-label=\"4 von 7\"><a data-elementor-open-lightbox=\"yes\" data-elementor-lightbox-slideshow=\"516c8f5c\" data-elementor-lightbox-title=\"\u00a9Ben Hermes\" data-e-action-hash=\"#elementor-action%3Aaction%3Dlightbox%26settings%3DeyJpZCI6MjAwOTIsInVybCI6Imh0dHBzOlwvXC9kZW5rbWFscGZsZWdlLnR1d2llbi5hYy5hdFwvd3AtY29udGVudFwvdXBsb2Fkc1wvMjAyMVwvMDFcL0hlcm1lc19CZW5fNC5qcGciLCJzbGlkZXNob3ciOiI1MTZjOGY1YyJ9\" href=\"https:\/\/denkmalpflege.tuwien.ac.at\/wp-content\/uploads\/2021\/01\/Hermes_Ben_4.jpg\"><figure class=\"swiper-slide-inner\"><img decoding=\"async\" class=\"swiper-slide-image\" src=\"https:\/\/denkmalpflege.tuwien.ac.at\/wp-content\/uploads\/2021\/01\/Hermes_Ben_4.jpg\" alt=\"\u00a9Ben Hermes\" \/><figcaption class=\"elementor-image-carousel-caption\">\u00a9Ben Hermes<\/figcaption><\/figure><\/a><\/div><div class=\"swiper-slide\" role=\"group\" aria-roledescription=\"slide\" aria-label=\"5 von 7\"><a data-elementor-open-lightbox=\"yes\" data-elementor-lightbox-slideshow=\"516c8f5c\" data-elementor-lightbox-title=\"\u00a9Ben Hermes\" data-e-action-hash=\"#elementor-action%3Aaction%3Dlightbox%26settings%3DeyJpZCI6MjAwOTMsInVybCI6Imh0dHBzOlwvXC9kZW5rbWFscGZsZWdlLnR1d2llbi5hYy5hdFwvd3AtY29udGVudFwvdXBsb2Fkc1wvMjAyMVwvMDFcL0hlcm1lc19CZW5fNS5qcGciLCJzbGlkZXNob3ciOiI1MTZjOGY1YyJ9\" href=\"https:\/\/denkmalpflege.tuwien.ac.at\/wp-content\/uploads\/2021\/01\/Hermes_Ben_5.jpg\"><figure class=\"swiper-slide-inner\"><img decoding=\"async\" class=\"swiper-slide-image\" src=\"https:\/\/denkmalpflege.tuwien.ac.at\/wp-content\/uploads\/2021\/01\/Hermes_Ben_5.jpg\" alt=\"\u00a9Ben Hermes\" \/><figcaption class=\"elementor-image-carousel-caption\">\u00a9Ben Hermes<\/figcaption><\/figure><\/a><\/div><div class=\"swiper-slide\" role=\"group\" aria-roledescription=\"slide\" aria-label=\"6 von 7\"><a data-elementor-open-lightbox=\"yes\" data-elementor-lightbox-slideshow=\"516c8f5c\" data-elementor-lightbox-title=\"\u00a9Ben Hermes\" data-e-action-hash=\"#elementor-action%3Aaction%3Dlightbox%26settings%3DeyJpZCI6MjAwOTQsInVybCI6Imh0dHBzOlwvXC9kZW5rbWFscGZsZWdlLnR1d2llbi5hYy5hdFwvd3AtY29udGVudFwvdXBsb2Fkc1wvMjAyMVwvMDFcL0hlcm1lc19CZW5fNi5qcGciLCJzbGlkZXNob3ciOiI1MTZjOGY1YyJ9\" href=\"https:\/\/denkmalpflege.tuwien.ac.at\/wp-content\/uploads\/2021\/01\/Hermes_Ben_6.jpg\"><figure class=\"swiper-slide-inner\"><img decoding=\"async\" class=\"swiper-slide-image\" src=\"https:\/\/denkmalpflege.tuwien.ac.at\/wp-content\/uploads\/2021\/01\/Hermes_Ben_6.jpg\" alt=\"\u00a9Ben Hermes\" \/><figcaption class=\"elementor-image-carousel-caption\">\u00a9Ben Hermes<\/figcaption><\/figure><\/a><\/div><div class=\"swiper-slide\" role=\"group\" aria-roledescription=\"slide\" aria-label=\"7 von 7\"><a data-elementor-open-lightbox=\"yes\" data-elementor-lightbox-slideshow=\"516c8f5c\" data-elementor-lightbox-title=\"\u00a9Ben Hermes\" data-e-action-hash=\"#elementor-action%3Aaction%3Dlightbox%26settings%3DeyJpZCI6MjAwOTUsInVybCI6Imh0dHBzOlwvXC9kZW5rbWFscGZsZWdlLnR1d2llbi5hYy5hdFwvd3AtY29udGVudFwvdXBsb2Fkc1wvMjAyMVwvMDFcL0hlcm1lc19CZW5fNy5qcGciLCJzbGlkZXNob3ciOiI1MTZjOGY1YyJ9\" href=\"https:\/\/denkmalpflege.tuwien.ac.at\/wp-content\/uploads\/2021\/01\/Hermes_Ben_7.jpg\"><figure class=\"swiper-slide-inner\"><img decoding=\"async\" class=\"swiper-slide-image\" src=\"https:\/\/denkmalpflege.tuwien.ac.at\/wp-content\/uploads\/2021\/01\/Hermes_Ben_7.jpg\" alt=\"\u00a9Ben Hermes\" \/><figcaption class=\"elementor-image-carousel-caption\">\u00a9Ben Hermes<\/figcaption><\/figure><\/a><\/div>\t\t\t<\/div>\n\t\t\t\t\t\t\t\t\t\t\t\t<div class=\"elementor-swiper-button elementor-swiper-button-prev\" role=\"button\" tabindex=\"0\">\n\t\t\t\t\t\t<i aria-hidden=\"true\" class=\"eicon-chevron-left\"><\/i>\t\t\t\t\t<\/div>\n\t\t\t\t\t<div class=\"elementor-swiper-button elementor-swiper-button-next\" role=\"button\" tabindex=\"0\">\n\t\t\t\t\t\t<i aria-hidden=\"true\" class=\"eicon-chevron-right\"><\/i>\t\t\t\t\t<\/div>\n\t\t\t\t\n\t\t\t\t\t\t\t\t\t<\/div>\n\t\t\t\t\t\t<\/div>\n\t\t\t\t<\/div>\n\t\t\t\t<div class=\"elementor-element elementor-element-2f6a3d48 elementor-widget elementor-widget-spacer\" data-id=\"2f6a3d48\" data-element_type=\"widget\" data-widget_type=\"spacer.default\">\n\t\t\t\t<div class=\"elementor-widget-container\">\n\t\t\t\t\t\t\t<div class=\"elementor-spacer\">\n\t\t\t<div class=\"elementor-spacer-inner\"><\/div>\n\t\t<\/div>\n\t\t\t\t\t\t<\/div>\n\t\t\t\t<\/div>\n\t\t\t\t<div class=\"elementor-element elementor-element-7fc6e087 elementor-widget elementor-widget-text-editor\" data-id=\"7fc6e087\" data-element_type=\"widget\" data-widget_type=\"text-editor.default\">\n\t\t\t\t<div class=\"elementor-widget-container\">\n\t\t\t\t\t\t\t\t\t<p>Dem Blick der Stadt entzogen, befindet sich hinter dem neobarocken Hauptbahnhof von Wiesbaden die am s\u00fcdwestlichen Ende des Bahnhofsareals gelegene G\u00fcterschuppenanlage <em>Rollkontor<\/em>. Die Anlage wurde am Anfang des 20. Jahrhunderts erbaut und entstand im Zuge der von 1904 bis 1906 anhaltenden Umgestaltung der Bahnhofsanlage von Wiesbaden. Dabei erfolgte eine Trennung des Masseng\u00fcter- und St\u00fcckgutverkehrs. F\u00fcr Letzteres wurde die im heutigen Bereich befindliche Anlage, damals bestehend aus Eilgut- und St\u00fcckgutschuppen, Abfertigungsgeb\u00e4ude, sowie Zollschuppen, errichtet.<\/p><p>Das 1904 als <em>Roll \u2013 Comptoir der Vereinigten Spediteure GmbH<\/em> gegr\u00fcndete Unternehmen <em>Rollkontor<\/em> betreibt seitdem eine Speditions- und Logistikanlage. Teile der Anlage erfuhren einen Umbau aufgrund von Kriegssch\u00e4den im Zweiten Weltkrieg, sowie durch Firmen, die sich im Laufe der Zeit in den R\u00e4umlichkeiten ansiedelten. Ein aktuelles Bauvorhaben zwischen der Anlage und dem Hauptbahnhof (Errichtung des InterCity Hotel Wiesbaden, sowie einer Apartmentanlage) verursacht eine weitreichende Trennung zum Stadtgeschehen. Hierbei soll eine Alternativnutzung f\u00fcr die jetzigen R\u00e4umlichkeiten der Firma <em>Rollkontor<\/em> gefunden werden, welche an die neue zuk\u00fcnftige st\u00e4dtebauliche Situation ankn\u00fcpft.<\/p><p>Im Rahmen dieser Diplomarbeit soll ein Revitalisierungskonzept erarbeitet werden. Ziel dieses Konzeptes wird es sein, eine geeignete \u00f6ffentliche oder gewerbliche Nachnutzung f\u00fcr die jeweiligen Objekte zu finden. Dadurch soll das Areal wieder mehr an das Stadtgeschehen angebunden werden. Hierbei wird eine geschichtliche Analyse im st\u00e4dtebaulichen, sowie im architektonischen Kontext durchgef\u00fchrt. Zus\u00e4tzlich wird eine Auseinandersetzung mit dem Typ G\u00fcterschuppen aus der anf\u00e4nglichen Zeit der Anlage herangezogen.<\/p>\t\t\t\t\t\t\t\t<\/div>\n\t\t\t\t<\/div>\n\t\t\t\t\t<\/div>\n\t\t<\/div>\n\t\t\t\t\t<\/div>\n\t\t<\/section>\n\t\t\t\t<\/div>\n\t\t","protected":false},"excerpt":{"rendered":"<p>BEN HERMES 2022 Revitalisierung der G\u00fcterschuppenanlage &#8222;Rollkontor&#8220; am Hauptbahnhof Wiesbaden \u00a9Ben Hermes \u00a9Ben Hermes \u00a9Ben Hermes \u00a9Ben Hermes \u00a9Ben Hermes \u00a9Ben Hermes \u00a9Ben Hermes Dem Blick der Stadt entzogen, befindet sich hinter dem neobarocken Hauptbahnhof von Wiesbaden die am s\u00fcdwestlichen Ende des Bahnhofsareals gelegene G\u00fcterschuppenanlage Rollkontor. Die Anlage wurde am Anfang des 20. Jahrhunderts erbaut und entstand im Zuge der von 1904 bis 1906 anhaltenden Umgestaltung der Bahnhofsanlage von Wiesbaden.<\/p>\n<div class=\"belowpost\"><a class=\"btnmore icon-arrow\" href=\"https:\/\/denkmalpflege.tuwien.ac.at\/index.php\/ben-hermes\/\"><span>Read More<\/span><\/a><\/div>\n","protected":false},"author":1,"featured_media":0,"parent":0,"menu_order":0,"comment_status":"closed","ping_status":"closed","template":"","meta":{"footnotes":""},"class_list":["post-20089","page","type-page","status-publish","hentry"],"yoast_head":"<!-- This site is optimized with the Yoast SEO plugin v26.0 - https:\/\/yoast.com\/wordpress\/plugins\/seo\/ -->\n<title>Ben Hermes - Denkmalpflege und Bauen im Bestand<\/title>\n<meta name=\"robots\" content=\"index, follow, max-snippet:-1, max-image-preview:large, max-video-preview:-1\" \/>\n<link rel=\"canonical\" href=\"https:\/\/denkmalpflege.tuwien.ac.at\/index.php\/ben-hermes\/\" \/>\n<meta property=\"og:locale\" content=\"de_DE\" \/>\n<meta property=\"og:type\" content=\"article\" \/>\n<meta property=\"og:title\" content=\"Ben Hermes - Denkmalpflege und Bauen im Bestand\" \/>\n<meta property=\"og:description\" content=\"BEN HERMES 2022 Revitalisierung der G\u00fcterschuppenanlage &#8222;Rollkontor&#8220; am Hauptbahnhof Wiesbaden \u00a9Ben Hermes \u00a9Ben Hermes \u00a9Ben Hermes \u00a9Ben Hermes \u00a9Ben Hermes \u00a9Ben Hermes \u00a9Ben Hermes Dem Blick der Stadt entzogen, befindet sich hinter dem neobarocken Hauptbahnhof von Wiesbaden die am s\u00fcdwestlichen Ende des Bahnhofsareals gelegene G\u00fcterschuppenanlage Rollkontor. Die Anlage wurde am Anfang des 20. Jahrhunderts erbaut und entstand im Zuge der von 1904 bis 1906 anhaltenden Umgestaltung der Bahnhofsanlage von Wiesbaden.Read More\" \/>\n<meta property=\"og:url\" content=\"https:\/\/denkmalpflege.tuwien.ac.at\/index.php\/ben-hermes\/\" \/>\n<meta property=\"og:site_name\" content=\"Denkmalpflege und Bauen im Bestand\" \/>\n<meta property=\"article:modified_time\" content=\"2023-10-22T11:27:16+00:00\" \/>\n<meta property=\"og:image\" content=\"http:\/\/denkmalpflege.tuwien.ac.at\/wp-content\/uploads\/2021\/01\/Hermes_Ben_Titelbild-2.jpg\" \/>\n<meta name=\"twitter:card\" content=\"summary_large_image\" \/>\n<meta name=\"twitter:label1\" content=\"Gesch\u00e4tzte Lesezeit\" \/>\n\t<meta name=\"twitter:data1\" content=\"1\u00a0Minute\" \/>\n<script type=\"application\/ld+json\" class=\"yoast-schema-graph\">{\"@context\":\"https:\/\/schema.org\",\"@graph\":[{\"@type\":\"WebPage\",\"@id\":\"https:\/\/denkmalpflege.tuwien.ac.at\/index.php\/ben-hermes\/\",\"url\":\"https:\/\/denkmalpflege.tuwien.ac.at\/index.php\/ben-hermes\/\",\"name\":\"Ben Hermes - Denkmalpflege und Bauen im Bestand\",\"isPartOf\":{\"@id\":\"https:\/\/denkmalpflege.tuwien.ac.at\/#website\"},\"primaryImageOfPage\":{\"@id\":\"https:\/\/denkmalpflege.tuwien.ac.at\/index.php\/ben-hermes\/#primaryimage\"},\"image\":{\"@id\":\"https:\/\/denkmalpflege.tuwien.ac.at\/index.php\/ben-hermes\/#primaryimage\"},\"thumbnailUrl\":\"http:\/\/denkmalpflege.tuwien.ac.at\/wp-content\/uploads\/2021\/01\/Hermes_Ben_Titelbild-2.jpg\",\"datePublished\":\"2021-01-04T11:35:25+00:00\",\"dateModified\":\"2023-10-22T11:27:16+00:00\",\"breadcrumb\":{\"@id\":\"https:\/\/denkmalpflege.tuwien.ac.at\/index.php\/ben-hermes\/#breadcrumb\"},\"inLanguage\":\"de\",\"potentialAction\":[{\"@type\":\"ReadAction\",\"target\":[\"https:\/\/denkmalpflege.tuwien.ac.at\/index.php\/ben-hermes\/\"]}]},{\"@type\":\"ImageObject\",\"inLanguage\":\"de\",\"@id\":\"https:\/\/denkmalpflege.tuwien.ac.at\/index.php\/ben-hermes\/#primaryimage\",\"url\":\"https:\/\/denkmalpflege.tuwien.ac.at\/wp-content\/uploads\/2021\/01\/Hermes_Ben_Titelbild-2.jpg\",\"contentUrl\":\"https:\/\/denkmalpflege.tuwien.ac.at\/wp-content\/uploads\/2021\/01\/Hermes_Ben_Titelbild-2.jpg\",\"width\":426,\"height\":644,\"caption\":\"\u00a9Ben Hermes\"},{\"@type\":\"BreadcrumbList\",\"@id\":\"https:\/\/denkmalpflege.tuwien.ac.at\/index.php\/ben-hermes\/#breadcrumb\",\"itemListElement\":[{\"@type\":\"ListItem\",\"position\":1,\"name\":\"Startseite\",\"item\":\"https:\/\/denkmalpflege.tuwien.ac.at\/\"},{\"@type\":\"ListItem\",\"position\":2,\"name\":\"Ben Hermes\"}]},{\"@type\":\"WebSite\",\"@id\":\"https:\/\/denkmalpflege.tuwien.ac.at\/#website\",\"url\":\"https:\/\/denkmalpflege.tuwien.ac.at\/\",\"name\":\"Denkmalpflege und Bauen im Bestand\",\"description\":\"Denkmalpflege TU Wien\",\"publisher\":{\"@id\":\"https:\/\/denkmalpflege.tuwien.ac.at\/#organization\"},\"potentialAction\":[{\"@type\":\"SearchAction\",\"target\":{\"@type\":\"EntryPoint\",\"urlTemplate\":\"https:\/\/denkmalpflege.tuwien.ac.at\/?s={search_term_string}\"},\"query-input\":{\"@type\":\"PropertyValueSpecification\",\"valueRequired\":true,\"valueName\":\"search_term_string\"}}],\"inLanguage\":\"de\"},{\"@type\":\"Organization\",\"@id\":\"https:\/\/denkmalpflege.tuwien.ac.at\/#organization\",\"name\":\"TU Wien Denkmalpflege und Bauen im Bestand\",\"url\":\"https:\/\/denkmalpflege.tuwien.ac.at\/\",\"logo\":{\"@type\":\"ImageObject\",\"inLanguage\":\"de\",\"@id\":\"https:\/\/denkmalpflege.tuwien.ac.at\/#\/schema\/logo\/image\/\",\"url\":\"https:\/\/denkmalpflege.tuwien.ac.at\/wp-content\/uploads\/2019\/10\/Logo1.png\",\"contentUrl\":\"https:\/\/denkmalpflege.tuwien.ac.at\/wp-content\/uploads\/2019\/10\/Logo1.png\",\"width\":222,\"height\":79,\"caption\":\"TU Wien Denkmalpflege und Bauen im Bestand\"},\"image\":{\"@id\":\"https:\/\/denkmalpflege.tuwien.ac.at\/#\/schema\/logo\/image\/\"}}]}<\/script>\n<!-- \/ Yoast SEO plugin. -->","yoast_head_json":{"title":"Ben Hermes - Denkmalpflege und Bauen im Bestand","robots":{"index":"index","follow":"follow","max-snippet":"max-snippet:-1","max-image-preview":"max-image-preview:large","max-video-preview":"max-video-preview:-1"},"canonical":"https:\/\/denkmalpflege.tuwien.ac.at\/index.php\/ben-hermes\/","og_locale":"de_DE","og_type":"article","og_title":"Ben Hermes - Denkmalpflege und Bauen im Bestand","og_description":"BEN HERMES 2022 Revitalisierung der G\u00fcterschuppenanlage &#8222;Rollkontor&#8220; am Hauptbahnhof Wiesbaden \u00a9Ben Hermes \u00a9Ben Hermes \u00a9Ben Hermes \u00a9Ben Hermes \u00a9Ben Hermes \u00a9Ben Hermes \u00a9Ben Hermes Dem Blick der Stadt entzogen, befindet sich hinter dem neobarocken Hauptbahnhof von Wiesbaden die am s\u00fcdwestlichen Ende des Bahnhofsareals gelegene G\u00fcterschuppenanlage Rollkontor. Die Anlage wurde am Anfang des 20. Jahrhunderts erbaut und entstand im Zuge der von 1904 bis 1906 anhaltenden Umgestaltung der Bahnhofsanlage von Wiesbaden.Read More","og_url":"https:\/\/denkmalpflege.tuwien.ac.at\/index.php\/ben-hermes\/","og_site_name":"Denkmalpflege und Bauen im Bestand","article_modified_time":"2023-10-22T11:27:16+00:00","og_image":[{"url":"http:\/\/denkmalpflege.tuwien.ac.at\/wp-content\/uploads\/2021\/01\/Hermes_Ben_Titelbild-2.jpg","type":"","width":"","height":""}],"twitter_card":"summary_large_image","twitter_misc":{"Gesch\u00e4tzte Lesezeit":"1\u00a0Minute"},"schema":{"@context":"https:\/\/schema.org","@graph":[{"@type":"WebPage","@id":"https:\/\/denkmalpflege.tuwien.ac.at\/index.php\/ben-hermes\/","url":"https:\/\/denkmalpflege.tuwien.ac.at\/index.php\/ben-hermes\/","name":"Ben Hermes - Denkmalpflege und Bauen im Bestand","isPartOf":{"@id":"https:\/\/denkmalpflege.tuwien.ac.at\/#website"},"primaryImageOfPage":{"@id":"https:\/\/denkmalpflege.tuwien.ac.at\/index.php\/ben-hermes\/#primaryimage"},"image":{"@id":"https:\/\/denkmalpflege.tuwien.ac.at\/index.php\/ben-hermes\/#primaryimage"},"thumbnailUrl":"http:\/\/denkmalpflege.tuwien.ac.at\/wp-content\/uploads\/2021\/01\/Hermes_Ben_Titelbild-2.jpg","datePublished":"2021-01-04T11:35:25+00:00","dateModified":"2023-10-22T11:27:16+00:00","breadcrumb":{"@id":"https:\/\/denkmalpflege.tuwien.ac.at\/index.php\/ben-hermes\/#breadcrumb"},"inLanguage":"de","potentialAction":[{"@type":"ReadAction","target":["https:\/\/denkmalpflege.tuwien.ac.at\/index.php\/ben-hermes\/"]}]},{"@type":"ImageObject","inLanguage":"de","@id":"https:\/\/denkmalpflege.tuwien.ac.at\/index.php\/ben-hermes\/#primaryimage","url":"https:\/\/denkmalpflege.tuwien.ac.at\/wp-content\/uploads\/2021\/01\/Hermes_Ben_Titelbild-2.jpg","contentUrl":"https:\/\/denkmalpflege.tuwien.ac.at\/wp-content\/uploads\/2021\/01\/Hermes_Ben_Titelbild-2.jpg","width":426,"height":644,"caption":"\u00a9Ben Hermes"},{"@type":"BreadcrumbList","@id":"https:\/\/denkmalpflege.tuwien.ac.at\/index.php\/ben-hermes\/#breadcrumb","itemListElement":[{"@type":"ListItem","position":1,"name":"Startseite","item":"https:\/\/denkmalpflege.tuwien.ac.at\/"},{"@type":"ListItem","position":2,"name":"Ben Hermes"}]},{"@type":"WebSite","@id":"https:\/\/denkmalpflege.tuwien.ac.at\/#website","url":"https:\/\/denkmalpflege.tuwien.ac.at\/","name":"Denkmalpflege und Bauen im Bestand","description":"Denkmalpflege TU Wien","publisher":{"@id":"https:\/\/denkmalpflege.tuwien.ac.at\/#organization"},"potentialAction":[{"@type":"SearchAction","target":{"@type":"EntryPoint","urlTemplate":"https:\/\/denkmalpflege.tuwien.ac.at\/?s={search_term_string}"},"query-input":{"@type":"PropertyValueSpecification","valueRequired":true,"valueName":"search_term_string"}}],"inLanguage":"de"},{"@type":"Organization","@id":"https:\/\/denkmalpflege.tuwien.ac.at\/#organization","name":"TU Wien Denkmalpflege und Bauen im Bestand","url":"https:\/\/denkmalpflege.tuwien.ac.at\/","logo":{"@type":"ImageObject","inLanguage":"de","@id":"https:\/\/denkmalpflege.tuwien.ac.at\/#\/schema\/logo\/image\/","url":"https:\/\/denkmalpflege.tuwien.ac.at\/wp-content\/uploads\/2019\/10\/Logo1.png","contentUrl":"https:\/\/denkmalpflege.tuwien.ac.at\/wp-content\/uploads\/2019\/10\/Logo1.png","width":222,"height":79,"caption":"TU Wien Denkmalpflege und Bauen im Bestand"},"image":{"@id":"https:\/\/denkmalpflege.tuwien.ac.at\/#\/schema\/logo\/image\/"}}]}},"_links":{"self":[{"href":"https:\/\/denkmalpflege.tuwien.ac.at\/index.php\/wp-json\/wp\/v2\/pages\/20089","targetHints":{"allow":["GET"]}}],"collection":[{"href":"https:\/\/denkmalpflege.tuwien.ac.at\/index.php\/wp-json\/wp\/v2\/pages"}],"about":[{"href":"https:\/\/denkmalpflege.tuwien.ac.at\/index.php\/wp-json\/wp\/v2\/types\/page"}],"author":[{"embeddable":true,"href":"https:\/\/denkmalpflege.tuwien.ac.at\/index.php\/wp-json\/wp\/v2\/users\/1"}],"replies":[{"embeddable":true,"href":"https:\/\/denkmalpflege.tuwien.ac.at\/index.php\/wp-json\/wp\/v2\/comments?post=20089"}],"version-history":[{"count":16,"href":"https:\/\/denkmalpflege.tuwien.ac.at\/index.php\/wp-json\/wp\/v2\/pages\/20089\/revisions"}],"predecessor-version":[{"id":28295,"href":"https:\/\/denkmalpflege.tuwien.ac.at\/index.php\/wp-json\/wp\/v2\/pages\/20089\/revisions\/28295"}],"wp:attachment":[{"href":"https:\/\/denkmalpflege.tuwien.ac.at\/index.php\/wp-json\/wp\/v2\/media?parent=20089"}],"curies":[{"name":"wp","href":"https:\/\/api.w.org\/{rel}","templated":true}]}}