{"id":18703,"date":"2020-07-12T00:21:03","date_gmt":"2020-07-11T22:21:03","guid":{"rendered":"http:\/\/denkmalpflege.tuwien.ac.at\/?page_id=18703"},"modified":"2024-12-10T15:59:55","modified_gmt":"2024-12-10T14:59:55","slug":"abgeschlossene-diss-prof-wehdorn","status":"publish","type":"page","link":"https:\/\/denkmalpflege.tuwien.ac.at\/index.php\/abgeschlossene-diss-prof-wehdorn\/","title":{"rendered":"Abgeschlossene Diss. Prof. Wehdorn"},"content":{"rendered":"\t\t<div data-elementor-type=\"wp-page\" data-elementor-id=\"18703\" class=\"elementor elementor-18703\" data-elementor-post-type=\"page\">\n\t\t\t\t\t\t<section class=\"elementor-section elementor-top-section elementor-element elementor-element-b1cede3 elementor-section-full_width elementor-section-height-default elementor-section-height-default\" data-id=\"b1cede3\" data-element_type=\"section\">\n\t\t\t\t\t\t<div class=\"elementor-container elementor-column-gap-default\">\n\t\t\t\t\t<div class=\"elementor-column elementor-col-50 elementor-top-column elementor-element elementor-element-6685dff\" data-id=\"6685dff\" data-element_type=\"column\">\n\t\t\t<div class=\"elementor-widget-wrap elementor-element-populated\">\n\t\t\t\t\t\t<div class=\"elementor-element elementor-element-907a348 elementor-widget elementor-widget-heading\" data-id=\"907a348\" data-element_type=\"widget\" data-widget_type=\"heading.default\">\n\t\t\t\t<div class=\"elementor-widget-container\">\n\t\t\t\t\t<h2 class=\"elementor-heading-title elementor-size-default\"><a href=\"https:\/\/denkmalpflege.tuwien.ac.at\/index.php\/laufende-dissertationen\/\">ARBEITEN<\/a><\/h2>\t\t\t\t<\/div>\n\t\t\t\t<\/div>\n\t\t\t\t\t<\/div>\n\t\t<\/div>\n\t\t\t\t<div class=\"elementor-column elementor-col-50 elementor-top-column elementor-element elementor-element-d1aaac4\" data-id=\"d1aaac4\" data-element_type=\"column\">\n\t\t\t<div class=\"elementor-widget-wrap elementor-element-populated\">\n\t\t\t\t\t\t<div class=\"elementor-element elementor-element-5cc4083 elementor-widget elementor-widget-heading\" data-id=\"5cc4083\" data-element_type=\"widget\" data-widget_type=\"heading.default\">\n\t\t\t\t<div class=\"elementor-widget-container\">\n\t\t\t\t\t<h2 class=\"elementor-heading-title elementor-size-default\">ABGESCHLOSSENE DISSERTATIONEN BEI PROF. MANFRED WEHDORN<\/h2>\t\t\t\t<\/div>\n\t\t\t\t<\/div>\n\t\t\t\t\t<\/div>\n\t\t<\/div>\n\t\t\t\t\t<\/div>\n\t\t<\/section>\n\t\t\t\t<section class=\"elementor-section elementor-top-section elementor-element elementor-element-558b7d6 elementor-section-full_width elementor-section-height-default elementor-section-height-default\" data-id=\"558b7d6\" data-element_type=\"section\">\n\t\t\t\t\t\t<div class=\"elementor-container elementor-column-gap-default\">\n\t\t\t\t\t<div class=\"elementor-column elementor-col-50 elementor-top-column elementor-element elementor-element-3134ead\" data-id=\"3134ead\" data-element_type=\"column\">\n\t\t\t<div class=\"elementor-widget-wrap elementor-element-populated\">\n\t\t\t\t\t\t<div class=\"elementor-element elementor-element-4733c6b elementor-nav-menu__align-start elementor-nav-menu--dropdown-mobile elementor-nav-menu__text-align-aside elementor-nav-menu--toggle elementor-nav-menu--burger elementor-widget elementor-widget-nav-menu\" data-id=\"4733c6b\" data-element_type=\"widget\" data-settings=\"{&quot;layout&quot;:&quot;vertical&quot;,&quot;submenu_icon&quot;:{&quot;value&quot;:&quot;&lt;i class=\\&quot;\\&quot; aria-hidden=\\&quot;true\\&quot;&gt;&lt;\\\/i&gt;&quot;,&quot;library&quot;:&quot;&quot;},&quot;toggle&quot;:&quot;burger&quot;}\" data-widget_type=\"nav-menu.default\">\n\t\t\t\t<div class=\"elementor-widget-container\">\n\t\t\t\t\t\t\t\t<nav aria-label=\"Men\u00fc\" class=\"elementor-nav-menu--main elementor-nav-menu__container elementor-nav-menu--layout-vertical e--pointer-none\">\n\t\t\t\t<ul id=\"menu-1-4733c6b\" class=\"elementor-nav-menu sm-vertical\"><li class=\"menu-item menu-item-type-post_type menu-item-object-page menu-item-32714\"><a href=\"https:\/\/denkmalpflege.tuwien.ac.at\/index.php\/laufende-dissertationen\/\" class=\"elementor-item\">Laufende Dissertationen<\/a><\/li>\n<li class=\"menu-item menu-item-type-post_type menu-item-object-page menu-item-32713\"><a href=\"https:\/\/denkmalpflege.tuwien.ac.at\/index.php\/abgeschlossene-diss-caviezel\/\" class=\"elementor-item\">Dissertationen Prof. Nott Caviezel<\/a><\/li>\n<li class=\"menu-item menu-item-type-post_type menu-item-object-page menu-item-32712\"><a href=\"https:\/\/denkmalpflege.tuwien.ac.at\/index.php\/abgeschlossene-diss-prof-stadler\/\" class=\"elementor-item\">Dissertationen Prof. Gerhard A. Stadler<\/a><\/li>\n<li class=\"menu-item menu-item-type-post_type menu-item-object-page menu-item-32711\"><a href=\"https:\/\/denkmalpflege.tuwien.ac.at\/index.php\/abgeschlossene-diss-prof-wehdorn\/\" class=\"elementor-item\">Dissertationen Prof. Manfred Wehdorn<\/a><\/li>\n<\/ul>\t\t\t<\/nav>\n\t\t\t\t\t<div class=\"elementor-menu-toggle\" role=\"button\" tabindex=\"0\" aria-label=\"Men\u00fc Umschalter\" aria-expanded=\"false\">\n\t\t\t<i aria-hidden=\"true\" role=\"presentation\" class=\"elementor-menu-toggle__icon--open eicon-menu-bar\"><\/i><i aria-hidden=\"true\" role=\"presentation\" class=\"elementor-menu-toggle__icon--close eicon-close\"><\/i>\t\t<\/div>\n\t\t\t\t\t<nav class=\"elementor-nav-menu--dropdown elementor-nav-menu__container\" aria-hidden=\"true\">\n\t\t\t\t<ul id=\"menu-2-4733c6b\" class=\"elementor-nav-menu sm-vertical\"><li class=\"menu-item menu-item-type-post_type menu-item-object-page menu-item-32714\"><a href=\"https:\/\/denkmalpflege.tuwien.ac.at\/index.php\/laufende-dissertationen\/\" class=\"elementor-item\" tabindex=\"-1\">Laufende Dissertationen<\/a><\/li>\n<li class=\"menu-item menu-item-type-post_type menu-item-object-page menu-item-32713\"><a href=\"https:\/\/denkmalpflege.tuwien.ac.at\/index.php\/abgeschlossene-diss-caviezel\/\" class=\"elementor-item\" tabindex=\"-1\">Dissertationen Prof. Nott Caviezel<\/a><\/li>\n<li class=\"menu-item menu-item-type-post_type menu-item-object-page menu-item-32712\"><a href=\"https:\/\/denkmalpflege.tuwien.ac.at\/index.php\/abgeschlossene-diss-prof-stadler\/\" class=\"elementor-item\" tabindex=\"-1\">Dissertationen Prof. Gerhard A. Stadler<\/a><\/li>\n<li class=\"menu-item menu-item-type-post_type menu-item-object-page menu-item-32711\"><a href=\"https:\/\/denkmalpflege.tuwien.ac.at\/index.php\/abgeschlossene-diss-prof-wehdorn\/\" class=\"elementor-item\" tabindex=\"-1\">Dissertationen Prof. Manfred Wehdorn<\/a><\/li>\n<\/ul>\t\t\t<\/nav>\n\t\t\t\t\t\t<\/div>\n\t\t\t\t<\/div>\n\t\t\t\t\t<\/div>\n\t\t<\/div>\n\t\t\t\t<div class=\"elementor-column elementor-col-50 elementor-top-column elementor-element elementor-element-0953c55\" data-id=\"0953c55\" data-element_type=\"column\">\n\t\t\t<div class=\"elementor-widget-wrap elementor-element-populated\">\n\t\t\t\t\t\t<div class=\"elementor-element elementor-element-4bdf616 elementor-widget elementor-widget-text-editor\" data-id=\"4bdf616\" data-element_type=\"widget\" data-widget_type=\"text-editor.default\">\n\t\t\t\t<div class=\"elementor-widget-container\">\n\t\t\t\t\t\t\t\t\t<p class=\"lva_imgtxt\">In dem Forschungsbereich Denkmalpflege und Bauen im Bestand (E251.2)<\/p><p>Die Arbeiten sind an der Universit\u00e4tsbibliothek der TU Wien entlehnbar.<\/p>\t\t\t\t\t\t\t\t<\/div>\n\t\t\t\t<\/div>\n\t\t\t\t<section class=\"elementor-section elementor-inner-section elementor-element elementor-element-11a1d6e elementor-section-boxed elementor-section-height-default elementor-section-height-default\" data-id=\"11a1d6e\" data-element_type=\"section\">\n\t\t\t\t\t\t<div class=\"elementor-container elementor-column-gap-default\">\n\t\t\t\t\t<div class=\"elementor-column elementor-col-100 elementor-inner-column elementor-element elementor-element-6713d27\" data-id=\"6713d27\" data-element_type=\"column\">\n\t\t\t<div class=\"elementor-widget-wrap elementor-element-populated\">\n\t\t\t\t\t\t<div class=\"elementor-element elementor-element-e2fc3a9 elementor-widget elementor-widget-text-editor\" data-id=\"e2fc3a9\" data-element_type=\"widget\" data-widget_type=\"text-editor.default\">\n\t\t\t\t<div class=\"elementor-widget-container\">\n\t\t\t\t\t\t\t\t\t<p><em>Stand: 2000 &#8211; 2011<\/em><\/p><p><strong>Die \u00d6sterreichische Nationalbank und ihre Architekten<\/strong><br \/>Judith Eiblmayr, 2010<\/p><p><strong>Ingenieur- und Milit\u00e4rarchitektur im Mantovano w\u00e4hrend der ersten habsburgischen Regierungszeit (1707-1797)<\/strong><br \/>Claudia Bonora, 2004<\/p><p><strong>Kulturlandschaftspflegewerke f\u00fcr Kulturerbelandschaften von herausragender Bedeutung in Europa: Grunds\u00e4tze, Methoden, Instrumente und Modelle f\u00fcr fortbestehende Kulturerbelandschaften (Continuing Cultural Heritage Landscapes)<\/strong><br \/>Hans Peter Jeschke, 2004<\/p><p><strong>Wien &#8211; Stadtbild und Schutzzonen: zeitgem\u00e4\u00dfe Elemente der Schutzzonenbewertung und -erkennung als Bestandteil der Steuerung von Schutzzonen<\/strong><br \/>Cristian Abrihan, 2015<\/p>\t\t\t\t\t\t\t\t<\/div>\n\t\t\t\t<\/div>\n\t\t\t\t\t<\/div>\n\t\t<\/div>\n\t\t\t\t\t<\/div>\n\t\t<\/section>\n\t\t\t\t\t<\/div>\n\t\t<\/div>\n\t\t\t\t\t<\/div>\n\t\t<\/section>\n\t\t\t\t<\/div>\n\t\t","protected":false},"excerpt":{"rendered":"<p>ARBEITEN ABGESCHLOSSENE DISSERTATIONEN BEI PROF. MANFRED WEHDORN In dem Forschungsbereich Denkmalpflege und Bauen im Bestand (E251.2) Die Arbeiten sind an der Universit\u00e4tsbibliothek der TU Wien entlehnbar. Stand: 2000 &#8211; 2011 Die \u00d6sterreichische Nationalbank und ihre ArchitektenJudith Eiblmayr, 2010 Ingenieur- und Milit\u00e4rarchitektur im Mantovano w\u00e4hrend der ersten habsburgischen Regierungszeit (1707-1797)Claudia Bonora, 2004 Kulturlandschaftspflegewerke f\u00fcr Kulturerbelandschaften von herausragender Bedeutung in Europa: Grunds\u00e4tze, Methoden, Instrumente und Modelle f\u00fcr fortbestehende Kulturerbelandschaften (Continuing Cultural Heritage<\/p>\n<div class=\"belowpost\"><a class=\"btnmore icon-arrow\" href=\"https:\/\/denkmalpflege.tuwien.ac.at\/index.php\/abgeschlossene-diss-prof-wehdorn\/\"><span>Read More<\/span><\/a><\/div>\n","protected":false},"author":1,"featured_media":0,"parent":0,"menu_order":0,"comment_status":"closed","ping_status":"closed","template":"","meta":{"footnotes":""},"class_list":["post-18703","page","type-page","status-publish","hentry"],"yoast_head":"<!-- This site is optimized with the Yoast SEO plugin v26.0 - https:\/\/yoast.com\/wordpress\/plugins\/seo\/ -->\n<title>Abgeschlossene Diss. Prof. Wehdorn - Denkmalpflege und Bauen im Bestand<\/title>\n<meta name=\"robots\" content=\"index, follow, max-snippet:-1, max-image-preview:large, max-video-preview:-1\" \/>\n<link rel=\"canonical\" href=\"https:\/\/denkmalpflege.tuwien.ac.at\/index.php\/abgeschlossene-diss-prof-wehdorn\/\" \/>\n<meta property=\"og:locale\" content=\"de_DE\" \/>\n<meta property=\"og:type\" content=\"article\" \/>\n<meta property=\"og:title\" content=\"Abgeschlossene Diss. Prof. Wehdorn - Denkmalpflege und Bauen im Bestand\" \/>\n<meta property=\"og:description\" content=\"ARBEITEN ABGESCHLOSSENE DISSERTATIONEN BEI PROF. MANFRED WEHDORN In dem Forschungsbereich Denkmalpflege und Bauen im Bestand (E251.2) Die Arbeiten sind an der Universit\u00e4tsbibliothek der TU Wien entlehnbar. Stand: 2000 &#8211; 2011 Die \u00d6sterreichische Nationalbank und ihre ArchitektenJudith Eiblmayr, 2010 Ingenieur- und Milit\u00e4rarchitektur im Mantovano w\u00e4hrend der ersten habsburgischen Regierungszeit (1707-1797)Claudia Bonora, 2004 Kulturlandschaftspflegewerke f\u00fcr Kulturerbelandschaften von herausragender Bedeutung in Europa: Grunds\u00e4tze, Methoden, Instrumente und Modelle f\u00fcr fortbestehende Kulturerbelandschaften (Continuing Cultural HeritageRead More\" \/>\n<meta property=\"og:url\" content=\"https:\/\/denkmalpflege.tuwien.ac.at\/index.php\/abgeschlossene-diss-prof-wehdorn\/\" \/>\n<meta property=\"og:site_name\" content=\"Denkmalpflege und Bauen im Bestand\" \/>\n<meta property=\"article:modified_time\" content=\"2024-12-10T14:59:55+00:00\" \/>\n<meta name=\"twitter:card\" content=\"summary_large_image\" \/>\n<script type=\"application\/ld+json\" class=\"yoast-schema-graph\">{\"@context\":\"https:\/\/schema.org\",\"@graph\":[{\"@type\":\"WebPage\",\"@id\":\"https:\/\/denkmalpflege.tuwien.ac.at\/index.php\/abgeschlossene-diss-prof-wehdorn\/\",\"url\":\"https:\/\/denkmalpflege.tuwien.ac.at\/index.php\/abgeschlossene-diss-prof-wehdorn\/\",\"name\":\"Abgeschlossene Diss. Prof. Wehdorn - Denkmalpflege und Bauen im Bestand\",\"isPartOf\":{\"@id\":\"https:\/\/denkmalpflege.tuwien.ac.at\/#website\"},\"datePublished\":\"2020-07-11T22:21:03+00:00\",\"dateModified\":\"2024-12-10T14:59:55+00:00\",\"breadcrumb\":{\"@id\":\"https:\/\/denkmalpflege.tuwien.ac.at\/index.php\/abgeschlossene-diss-prof-wehdorn\/#breadcrumb\"},\"inLanguage\":\"de\",\"potentialAction\":[{\"@type\":\"ReadAction\",\"target\":[\"https:\/\/denkmalpflege.tuwien.ac.at\/index.php\/abgeschlossene-diss-prof-wehdorn\/\"]}]},{\"@type\":\"BreadcrumbList\",\"@id\":\"https:\/\/denkmalpflege.tuwien.ac.at\/index.php\/abgeschlossene-diss-prof-wehdorn\/#breadcrumb\",\"itemListElement\":[{\"@type\":\"ListItem\",\"position\":1,\"name\":\"Startseite\",\"item\":\"https:\/\/denkmalpflege.tuwien.ac.at\/\"},{\"@type\":\"ListItem\",\"position\":2,\"name\":\"Abgeschlossene Diss. Prof. Wehdorn\"}]},{\"@type\":\"WebSite\",\"@id\":\"https:\/\/denkmalpflege.tuwien.ac.at\/#website\",\"url\":\"https:\/\/denkmalpflege.tuwien.ac.at\/\",\"name\":\"Denkmalpflege und Bauen im Bestand\",\"description\":\"Denkmalpflege TU Wien\",\"publisher\":{\"@id\":\"https:\/\/denkmalpflege.tuwien.ac.at\/#organization\"},\"potentialAction\":[{\"@type\":\"SearchAction\",\"target\":{\"@type\":\"EntryPoint\",\"urlTemplate\":\"https:\/\/denkmalpflege.tuwien.ac.at\/?s={search_term_string}\"},\"query-input\":{\"@type\":\"PropertyValueSpecification\",\"valueRequired\":true,\"valueName\":\"search_term_string\"}}],\"inLanguage\":\"de\"},{\"@type\":\"Organization\",\"@id\":\"https:\/\/denkmalpflege.tuwien.ac.at\/#organization\",\"name\":\"TU Wien Denkmalpflege und Bauen im Bestand\",\"url\":\"https:\/\/denkmalpflege.tuwien.ac.at\/\",\"logo\":{\"@type\":\"ImageObject\",\"inLanguage\":\"de\",\"@id\":\"https:\/\/denkmalpflege.tuwien.ac.at\/#\/schema\/logo\/image\/\",\"url\":\"https:\/\/denkmalpflege.tuwien.ac.at\/wp-content\/uploads\/2019\/10\/Logo1.png\",\"contentUrl\":\"https:\/\/denkmalpflege.tuwien.ac.at\/wp-content\/uploads\/2019\/10\/Logo1.png\",\"width\":222,\"height\":79,\"caption\":\"TU Wien Denkmalpflege und Bauen im Bestand\"},\"image\":{\"@id\":\"https:\/\/denkmalpflege.tuwien.ac.at\/#\/schema\/logo\/image\/\"}}]}<\/script>\n<!-- \/ Yoast SEO plugin. -->","yoast_head_json":{"title":"Abgeschlossene Diss. Prof. Wehdorn - Denkmalpflege und Bauen im Bestand","robots":{"index":"index","follow":"follow","max-snippet":"max-snippet:-1","max-image-preview":"max-image-preview:large","max-video-preview":"max-video-preview:-1"},"canonical":"https:\/\/denkmalpflege.tuwien.ac.at\/index.php\/abgeschlossene-diss-prof-wehdorn\/","og_locale":"de_DE","og_type":"article","og_title":"Abgeschlossene Diss. Prof. Wehdorn - Denkmalpflege und Bauen im Bestand","og_description":"ARBEITEN ABGESCHLOSSENE DISSERTATIONEN BEI PROF. MANFRED WEHDORN In dem Forschungsbereich Denkmalpflege und Bauen im Bestand (E251.2) Die Arbeiten sind an der Universit\u00e4tsbibliothek der TU Wien entlehnbar. Stand: 2000 &#8211; 2011 Die \u00d6sterreichische Nationalbank und ihre ArchitektenJudith Eiblmayr, 2010 Ingenieur- und Milit\u00e4rarchitektur im Mantovano w\u00e4hrend der ersten habsburgischen Regierungszeit (1707-1797)Claudia Bonora, 2004 Kulturlandschaftspflegewerke f\u00fcr Kulturerbelandschaften von herausragender Bedeutung in Europa: Grunds\u00e4tze, Methoden, Instrumente und Modelle f\u00fcr fortbestehende Kulturerbelandschaften (Continuing Cultural HeritageRead More","og_url":"https:\/\/denkmalpflege.tuwien.ac.at\/index.php\/abgeschlossene-diss-prof-wehdorn\/","og_site_name":"Denkmalpflege und Bauen im Bestand","article_modified_time":"2024-12-10T14:59:55+00:00","twitter_card":"summary_large_image","schema":{"@context":"https:\/\/schema.org","@graph":[{"@type":"WebPage","@id":"https:\/\/denkmalpflege.tuwien.ac.at\/index.php\/abgeschlossene-diss-prof-wehdorn\/","url":"https:\/\/denkmalpflege.tuwien.ac.at\/index.php\/abgeschlossene-diss-prof-wehdorn\/","name":"Abgeschlossene Diss. Prof. Wehdorn - Denkmalpflege und Bauen im Bestand","isPartOf":{"@id":"https:\/\/denkmalpflege.tuwien.ac.at\/#website"},"datePublished":"2020-07-11T22:21:03+00:00","dateModified":"2024-12-10T14:59:55+00:00","breadcrumb":{"@id":"https:\/\/denkmalpflege.tuwien.ac.at\/index.php\/abgeschlossene-diss-prof-wehdorn\/#breadcrumb"},"inLanguage":"de","potentialAction":[{"@type":"ReadAction","target":["https:\/\/denkmalpflege.tuwien.ac.at\/index.php\/abgeschlossene-diss-prof-wehdorn\/"]}]},{"@type":"BreadcrumbList","@id":"https:\/\/denkmalpflege.tuwien.ac.at\/index.php\/abgeschlossene-diss-prof-wehdorn\/#breadcrumb","itemListElement":[{"@type":"ListItem","position":1,"name":"Startseite","item":"https:\/\/denkmalpflege.tuwien.ac.at\/"},{"@type":"ListItem","position":2,"name":"Abgeschlossene Diss. Prof. Wehdorn"}]},{"@type":"WebSite","@id":"https:\/\/denkmalpflege.tuwien.ac.at\/#website","url":"https:\/\/denkmalpflege.tuwien.ac.at\/","name":"Denkmalpflege und Bauen im Bestand","description":"Denkmalpflege TU Wien","publisher":{"@id":"https:\/\/denkmalpflege.tuwien.ac.at\/#organization"},"potentialAction":[{"@type":"SearchAction","target":{"@type":"EntryPoint","urlTemplate":"https:\/\/denkmalpflege.tuwien.ac.at\/?s={search_term_string}"},"query-input":{"@type":"PropertyValueSpecification","valueRequired":true,"valueName":"search_term_string"}}],"inLanguage":"de"},{"@type":"Organization","@id":"https:\/\/denkmalpflege.tuwien.ac.at\/#organization","name":"TU Wien Denkmalpflege und Bauen im Bestand","url":"https:\/\/denkmalpflege.tuwien.ac.at\/","logo":{"@type":"ImageObject","inLanguage":"de","@id":"https:\/\/denkmalpflege.tuwien.ac.at\/#\/schema\/logo\/image\/","url":"https:\/\/denkmalpflege.tuwien.ac.at\/wp-content\/uploads\/2019\/10\/Logo1.png","contentUrl":"https:\/\/denkmalpflege.tuwien.ac.at\/wp-content\/uploads\/2019\/10\/Logo1.png","width":222,"height":79,"caption":"TU Wien Denkmalpflege und Bauen im Bestand"},"image":{"@id":"https:\/\/denkmalpflege.tuwien.ac.at\/#\/schema\/logo\/image\/"}}]}},"_links":{"self":[{"href":"https:\/\/denkmalpflege.tuwien.ac.at\/index.php\/wp-json\/wp\/v2\/pages\/18703","targetHints":{"allow":["GET"]}}],"collection":[{"href":"https:\/\/denkmalpflege.tuwien.ac.at\/index.php\/wp-json\/wp\/v2\/pages"}],"about":[{"href":"https:\/\/denkmalpflege.tuwien.ac.at\/index.php\/wp-json\/wp\/v2\/types\/page"}],"author":[{"embeddable":true,"href":"https:\/\/denkmalpflege.tuwien.ac.at\/index.php\/wp-json\/wp\/v2\/users\/1"}],"replies":[{"embeddable":true,"href":"https:\/\/denkmalpflege.tuwien.ac.at\/index.php\/wp-json\/wp\/v2\/comments?post=18703"}],"version-history":[{"count":27,"href":"https:\/\/denkmalpflege.tuwien.ac.at\/index.php\/wp-json\/wp\/v2\/pages\/18703\/revisions"}],"predecessor-version":[{"id":32741,"href":"https:\/\/denkmalpflege.tuwien.ac.at\/index.php\/wp-json\/wp\/v2\/pages\/18703\/revisions\/32741"}],"wp:attachment":[{"href":"https:\/\/denkmalpflege.tuwien.ac.at\/index.php\/wp-json\/wp\/v2\/media?parent=18703"}],"curies":[{"name":"wp","href":"https:\/\/api.w.org\/{rel}","templated":true}]}}