{"id":18700,"date":"2020-07-12T00:15:32","date_gmt":"2020-07-11T22:15:32","guid":{"rendered":"http:\/\/denkmalpflege.tuwien.ac.at\/?page_id=18700"},"modified":"2024-12-10T16:04:44","modified_gmt":"2024-12-10T15:04:44","slug":"abgeschlossene-dipl-prof-wehdorn","status":"publish","type":"page","link":"https:\/\/denkmalpflege.tuwien.ac.at\/index.php\/abgeschlossene-dipl-prof-wehdorn\/","title":{"rendered":"Abgeschlossene Dipl. Prof. Wehdorn"},"content":{"rendered":"\t\t<div data-elementor-type=\"wp-page\" data-elementor-id=\"18700\" class=\"elementor elementor-18700\" data-elementor-post-type=\"page\">\n\t\t\t\t\t\t<section class=\"elementor-section elementor-top-section elementor-element elementor-element-96a3c35 elementor-section-full_width elementor-section-height-default elementor-section-height-default\" data-id=\"96a3c35\" data-element_type=\"section\">\n\t\t\t\t\t\t<div class=\"elementor-container elementor-column-gap-default\">\n\t\t\t\t\t<div class=\"elementor-column elementor-col-50 elementor-top-column elementor-element elementor-element-b6bae0b\" data-id=\"b6bae0b\" data-element_type=\"column\">\n\t\t\t<div class=\"elementor-widget-wrap elementor-element-populated\">\n\t\t\t\t\t\t<div class=\"elementor-element elementor-element-8aad6f5 elementor-widget elementor-widget-heading\" data-id=\"8aad6f5\" data-element_type=\"widget\" data-widget_type=\"heading.default\">\n\t\t\t\t<div class=\"elementor-widget-container\">\n\t\t\t\t\t<h2 class=\"elementor-heading-title elementor-size-default\"><a href=\"https:\/\/denkmalpflege.tuwien.ac.at\/index.php\/diplomarbeiten\/\">ARBEITEN<\/a><\/h2>\t\t\t\t<\/div>\n\t\t\t\t<\/div>\n\t\t\t\t\t<\/div>\n\t\t<\/div>\n\t\t\t\t<div class=\"elementor-column elementor-col-50 elementor-top-column elementor-element elementor-element-5b1056c\" data-id=\"5b1056c\" data-element_type=\"column\">\n\t\t\t<div class=\"elementor-widget-wrap elementor-element-populated\">\n\t\t\t\t\t\t<div class=\"elementor-element elementor-element-be67d4d elementor-widget elementor-widget-heading\" data-id=\"be67d4d\" data-element_type=\"widget\" data-widget_type=\"heading.default\">\n\t\t\t\t<div class=\"elementor-widget-container\">\n\t\t\t\t\t<h2 class=\"elementor-heading-title elementor-size-default\">ABGESCHLOSSENE DIPLOMARBEITEN BEI PROF. MANFRED WEHDORN<\/h2>\t\t\t\t<\/div>\n\t\t\t\t<\/div>\n\t\t\t\t\t<\/div>\n\t\t<\/div>\n\t\t\t\t\t<\/div>\n\t\t<\/section>\n\t\t\t\t<section class=\"elementor-section elementor-top-section elementor-element elementor-element-f5f571f elementor-section-full_width elementor-section-height-default elementor-section-height-default\" data-id=\"f5f571f\" data-element_type=\"section\">\n\t\t\t\t\t\t<div class=\"elementor-container elementor-column-gap-default\">\n\t\t\t\t\t<div class=\"elementor-column elementor-col-50 elementor-top-column elementor-element elementor-element-944b8c6\" data-id=\"944b8c6\" data-element_type=\"column\">\n\t\t\t<div class=\"elementor-widget-wrap elementor-element-populated\">\n\t\t\t\t\t\t<div class=\"elementor-element elementor-element-b5386b2 elementor-nav-menu__align-start elementor-nav-menu--dropdown-mobile elementor-nav-menu__text-align-aside elementor-nav-menu--toggle elementor-nav-menu--burger elementor-widget elementor-widget-nav-menu\" data-id=\"b5386b2\" data-element_type=\"widget\" data-settings=\"{&quot;layout&quot;:&quot;vertical&quot;,&quot;submenu_icon&quot;:{&quot;value&quot;:&quot;&lt;i class=\\&quot;\\&quot; aria-hidden=\\&quot;true\\&quot;&gt;&lt;\\\/i&gt;&quot;,&quot;library&quot;:&quot;&quot;},&quot;toggle&quot;:&quot;burger&quot;}\" data-widget_type=\"nav-menu.default\">\n\t\t\t\t<div class=\"elementor-widget-container\">\n\t\t\t\t\t\t\t\t<nav aria-label=\"Men\u00fc\" class=\"elementor-nav-menu--main elementor-nav-menu__container elementor-nav-menu--layout-vertical e--pointer-none\">\n\t\t\t\t<ul id=\"menu-1-b5386b2\" class=\"elementor-nav-menu sm-vertical\"><li class=\"menu-item menu-item-type-post_type menu-item-object-page menu-item-32772\"><a href=\"https:\/\/denkmalpflege.tuwien.ac.at\/index.php\/diplomarbeiten\/\" class=\"elementor-item\">Laufende Diplomarbeiten<\/a><\/li>\n<li class=\"menu-item menu-item-type-post_type menu-item-object-page menu-item-32878\"><a href=\"https:\/\/denkmalpflege.tuwien.ac.at\/index.php\/diplomarbeiten\/abgeschlossene-diplomarbeiten-heike-oevermann\/\" class=\"elementor-item\">Diplomarbeiten Heike Oevermann<\/a><\/li>\n<li class=\"menu-item menu-item-type-post_type menu-item-object-page menu-item-24807\"><a href=\"https:\/\/denkmalpflege.tuwien.ac.at\/index.php\/abgeschlossene-diplomarbeiten-birgit-knauer\/\" class=\"elementor-item\">Diplomarbeiten Birgit Knauer<\/a><\/li>\n<li class=\"menu-item menu-item-type-post_type menu-item-object-page menu-item-32892\"><a href=\"https:\/\/denkmalpflege.tuwien.ac.at\/index.php\/diplomarbeiten\/abgeschlossene-diplomarbeiten-sophie-stackmann\/\" class=\"elementor-item\">Diplomarbeiten Sophie Stackmann<\/a><\/li>\n<li class=\"menu-item menu-item-type-post_type menu-item-object-page menu-item-25445\"><a href=\"https:\/\/denkmalpflege.tuwien.ac.at\/index.php\/abgeschlossene-dipl-caviezel\/\" class=\"elementor-item\">Diplomarbeiten Prof. Nott Caviezel<\/a><\/li>\n<li class=\"menu-item menu-item-type-post_type menu-item-object-page menu-item-18694\"><a href=\"https:\/\/denkmalpflege.tuwien.ac.at\/index.php\/abgeschlossene-dipl-stadler\/\" class=\"elementor-item\">Diplomarbeiten Prof. Gerhard A. Stadler<\/a><\/li>\n<li class=\"menu-item menu-item-type-post_type menu-item-object-page menu-item-25444\"><a href=\"https:\/\/denkmalpflege.tuwien.ac.at\/index.php\/abgeschlossene-dipl-prof-wehdorn\/\" class=\"elementor-item\">Diplomarbeiten Prof. Wehdorn<\/a><\/li>\n<\/ul>\t\t\t<\/nav>\n\t\t\t\t\t<div class=\"elementor-menu-toggle\" role=\"button\" tabindex=\"0\" aria-label=\"Men\u00fc Umschalter\" aria-expanded=\"false\">\n\t\t\t<i aria-hidden=\"true\" role=\"presentation\" class=\"elementor-menu-toggle__icon--open eicon-menu-bar\"><\/i><i aria-hidden=\"true\" role=\"presentation\" class=\"elementor-menu-toggle__icon--close eicon-close\"><\/i>\t\t<\/div>\n\t\t\t\t\t<nav class=\"elementor-nav-menu--dropdown elementor-nav-menu__container\" aria-hidden=\"true\">\n\t\t\t\t<ul id=\"menu-2-b5386b2\" class=\"elementor-nav-menu sm-vertical\"><li class=\"menu-item menu-item-type-post_type menu-item-object-page menu-item-32772\"><a href=\"https:\/\/denkmalpflege.tuwien.ac.at\/index.php\/diplomarbeiten\/\" class=\"elementor-item\" tabindex=\"-1\">Laufende Diplomarbeiten<\/a><\/li>\n<li class=\"menu-item menu-item-type-post_type menu-item-object-page menu-item-32878\"><a href=\"https:\/\/denkmalpflege.tuwien.ac.at\/index.php\/diplomarbeiten\/abgeschlossene-diplomarbeiten-heike-oevermann\/\" class=\"elementor-item\" tabindex=\"-1\">Diplomarbeiten Heike Oevermann<\/a><\/li>\n<li class=\"menu-item menu-item-type-post_type menu-item-object-page menu-item-24807\"><a href=\"https:\/\/denkmalpflege.tuwien.ac.at\/index.php\/abgeschlossene-diplomarbeiten-birgit-knauer\/\" class=\"elementor-item\" tabindex=\"-1\">Diplomarbeiten Birgit Knauer<\/a><\/li>\n<li class=\"menu-item menu-item-type-post_type menu-item-object-page menu-item-32892\"><a href=\"https:\/\/denkmalpflege.tuwien.ac.at\/index.php\/diplomarbeiten\/abgeschlossene-diplomarbeiten-sophie-stackmann\/\" class=\"elementor-item\" tabindex=\"-1\">Diplomarbeiten Sophie Stackmann<\/a><\/li>\n<li class=\"menu-item menu-item-type-post_type menu-item-object-page menu-item-25445\"><a href=\"https:\/\/denkmalpflege.tuwien.ac.at\/index.php\/abgeschlossene-dipl-caviezel\/\" class=\"elementor-item\" tabindex=\"-1\">Diplomarbeiten Prof. Nott Caviezel<\/a><\/li>\n<li class=\"menu-item menu-item-type-post_type menu-item-object-page menu-item-18694\"><a href=\"https:\/\/denkmalpflege.tuwien.ac.at\/index.php\/abgeschlossene-dipl-stadler\/\" class=\"elementor-item\" tabindex=\"-1\">Diplomarbeiten Prof. Gerhard A. Stadler<\/a><\/li>\n<li class=\"menu-item menu-item-type-post_type menu-item-object-page menu-item-25444\"><a href=\"https:\/\/denkmalpflege.tuwien.ac.at\/index.php\/abgeschlossene-dipl-prof-wehdorn\/\" class=\"elementor-item\" tabindex=\"-1\">Diplomarbeiten Prof. Wehdorn<\/a><\/li>\n<\/ul>\t\t\t<\/nav>\n\t\t\t\t\t\t<\/div>\n\t\t\t\t<\/div>\n\t\t\t\t\t<\/div>\n\t\t<\/div>\n\t\t\t\t<div class=\"elementor-column elementor-col-50 elementor-top-column elementor-element elementor-element-807d4fb\" data-id=\"807d4fb\" data-element_type=\"column\">\n\t\t\t<div class=\"elementor-widget-wrap elementor-element-populated\">\n\t\t\t\t\t\t<div class=\"elementor-element elementor-element-43955b4 elementor-widget elementor-widget-text-editor\" data-id=\"43955b4\" data-element_type=\"widget\" data-widget_type=\"text-editor.default\">\n\t\t\t\t<div class=\"elementor-widget-container\">\n\t\t\t\t\t\t\t\t\t<p class=\"lva_imgtxt\">In dem Forschungsbereich Denkmalpflege und Bauen im Bestand (E251.2)<\/p><p>Die Arbeiten sind an der Universit\u00e4tsbibliothek der TU Wien entlehnbar.<\/p>\t\t\t\t\t\t\t\t<\/div>\n\t\t\t\t<\/div>\n\t\t\t\t<section class=\"elementor-section elementor-inner-section elementor-element elementor-element-2b73538 elementor-section-boxed elementor-section-height-default elementor-section-height-default\" data-id=\"2b73538\" data-element_type=\"section\">\n\t\t\t\t\t\t<div class=\"elementor-container elementor-column-gap-default\">\n\t\t\t\t\t<div class=\"elementor-column elementor-col-100 elementor-inner-column elementor-element elementor-element-53731c7\" data-id=\"53731c7\" data-element_type=\"column\">\n\t\t\t<div class=\"elementor-widget-wrap elementor-element-populated\">\n\t\t\t\t\t\t<div class=\"elementor-element elementor-element-f10d5a4 elementor-widget elementor-widget-text-editor\" data-id=\"f10d5a4\" data-element_type=\"widget\" data-widget_type=\"text-editor.default\">\n\t\t\t\t<div class=\"elementor-widget-container\">\n\t\t\t\t\t\t\t\t\t<p><em>Stand: 2000 &#8211; 2011<\/em><\/p><p><strong>Kunstmuseum Schloss Treffen<\/strong><br \/>Wolfgang Hausladen, 2011<\/p><p><strong>Historisches Museum in Sarajewo: Umbau und Neufunktion<\/strong><br \/>Suncica Cagljevic, 2010<\/p><p><strong>Venusium Neu: ein Schutzbau f\u00fcr die arch\u00e4ologische Fundstelle der Venus von Willendorf<\/strong><br \/>Werner Habian, 2010<\/p><p><strong>Meilenwerk St. P\u00f6lten<\/strong><br \/>Markus Mirth, 2010<\/p><p><strong>Historisches Museum in Sarajewo: Umbau und Erweiterung<\/strong><br \/>Milijana Milicevic Dilber, 2009<\/p><p><strong>Projektentwicklung Freudenau: Umwidmung der alten Bauten<\/strong><br \/>Christian Abrihan, 2008<\/p><p><strong>Forumhotel Wiener Neustadt<\/strong><br \/>Andreas Pacher, 2008<\/p><p><strong>Kultur- und Kongresszentrum Wiener Neustadt<\/strong><br \/>Mario Watz, 2008<\/p><p><strong>Wechselausstellungshalle im Kunsthistorischen Museum Wien<\/strong><br \/>Matth\u00e4us Wagner, 2007<\/p><p><strong>Um- und Zubau der Bibliothek im Stift Schotten: der Dotter vom Ei<\/strong><br \/>Christine Vetter, 2003<\/p><p><strong>Kulturzentrum &#8222;B\u00fcrgerspital Bad Leonfelden&#8220;: im Spannungsfeld alter und neuer Architektur<\/strong><br \/>Alfred Herzog, 2002<\/p><p><strong>Geb\u00e4udeentwurf f\u00fcr den Schlo\u00dfplatz in Berlin<\/strong><br \/>Markus Rudolph, 2002<\/p><p><strong>Revitalisierung Drahtzugwerk: in Steyr, Unterhimmel \u00bd<\/strong><br \/>Ines Maria Gruber, 2001<\/p>\t\t\t\t\t\t\t\t<\/div>\n\t\t\t\t<\/div>\n\t\t\t\t\t<\/div>\n\t\t<\/div>\n\t\t\t\t\t<\/div>\n\t\t<\/section>\n\t\t\t\t\t<\/div>\n\t\t<\/div>\n\t\t\t\t\t<\/div>\n\t\t<\/section>\n\t\t\t\t<\/div>\n\t\t","protected":false},"excerpt":{"rendered":"<p>ARBEITEN ABGESCHLOSSENE DIPLOMARBEITEN BEI PROF. MANFRED WEHDORN In dem Forschungsbereich Denkmalpflege und Bauen im Bestand (E251.2) Die Arbeiten sind an der Universit\u00e4tsbibliothek der TU Wien entlehnbar. Stand: 2000 &#8211; 2011 Kunstmuseum Schloss TreffenWolfgang Hausladen, 2011 Historisches Museum in Sarajewo: Umbau und NeufunktionSuncica Cagljevic, 2010 Venusium Neu: ein Schutzbau f\u00fcr die arch\u00e4ologische Fundstelle der Venus von WillendorfWerner Habian, 2010 Meilenwerk St. P\u00f6ltenMarkus Mirth, 2010 Historisches Museum in Sarajewo: Umbau und ErweiterungMilijana<\/p>\n<div class=\"belowpost\"><a class=\"btnmore icon-arrow\" href=\"https:\/\/denkmalpflege.tuwien.ac.at\/index.php\/abgeschlossene-dipl-prof-wehdorn\/\"><span>Read More<\/span><\/a><\/div>\n","protected":false},"author":1,"featured_media":0,"parent":0,"menu_order":0,"comment_status":"closed","ping_status":"closed","template":"","meta":{"footnotes":""},"class_list":["post-18700","page","type-page","status-publish","hentry"],"yoast_head":"<!-- This site is optimized with the Yoast SEO plugin v26.0 - https:\/\/yoast.com\/wordpress\/plugins\/seo\/ -->\n<title>Abgeschlossene Dipl. Prof. Wehdorn - Denkmalpflege und Bauen im Bestand<\/title>\n<meta name=\"robots\" content=\"index, follow, max-snippet:-1, max-image-preview:large, max-video-preview:-1\" \/>\n<link rel=\"canonical\" href=\"https:\/\/denkmalpflege.tuwien.ac.at\/index.php\/abgeschlossene-dipl-prof-wehdorn\/\" \/>\n<meta property=\"og:locale\" content=\"de_DE\" \/>\n<meta property=\"og:type\" content=\"article\" \/>\n<meta property=\"og:title\" content=\"Abgeschlossene Dipl. Prof. Wehdorn - Denkmalpflege und Bauen im Bestand\" \/>\n<meta property=\"og:description\" content=\"ARBEITEN ABGESCHLOSSENE DIPLOMARBEITEN BEI PROF. MANFRED WEHDORN In dem Forschungsbereich Denkmalpflege und Bauen im Bestand (E251.2) Die Arbeiten sind an der Universit\u00e4tsbibliothek der TU Wien entlehnbar. Stand: 2000 &#8211; 2011 Kunstmuseum Schloss TreffenWolfgang Hausladen, 2011 Historisches Museum in Sarajewo: Umbau und NeufunktionSuncica Cagljevic, 2010 Venusium Neu: ein Schutzbau f\u00fcr die arch\u00e4ologische Fundstelle der Venus von WillendorfWerner Habian, 2010 Meilenwerk St. P\u00f6ltenMarkus Mirth, 2010 Historisches Museum in Sarajewo: Umbau und ErweiterungMilijanaRead More\" \/>\n<meta property=\"og:url\" content=\"https:\/\/denkmalpflege.tuwien.ac.at\/index.php\/abgeschlossene-dipl-prof-wehdorn\/\" \/>\n<meta property=\"og:site_name\" content=\"Denkmalpflege und Bauen im Bestand\" \/>\n<meta property=\"article:modified_time\" content=\"2024-12-10T15:04:44+00:00\" \/>\n<meta name=\"twitter:card\" content=\"summary_large_image\" \/>\n<meta name=\"twitter:label1\" content=\"Gesch\u00e4tzte Lesezeit\" \/>\n\t<meta name=\"twitter:data1\" content=\"1\u00a0Minute\" \/>\n<script type=\"application\/ld+json\" class=\"yoast-schema-graph\">{\"@context\":\"https:\/\/schema.org\",\"@graph\":[{\"@type\":\"WebPage\",\"@id\":\"https:\/\/denkmalpflege.tuwien.ac.at\/index.php\/abgeschlossene-dipl-prof-wehdorn\/\",\"url\":\"https:\/\/denkmalpflege.tuwien.ac.at\/index.php\/abgeschlossene-dipl-prof-wehdorn\/\",\"name\":\"Abgeschlossene Dipl. Prof. Wehdorn - Denkmalpflege und Bauen im Bestand\",\"isPartOf\":{\"@id\":\"https:\/\/denkmalpflege.tuwien.ac.at\/#website\"},\"datePublished\":\"2020-07-11T22:15:32+00:00\",\"dateModified\":\"2024-12-10T15:04:44+00:00\",\"breadcrumb\":{\"@id\":\"https:\/\/denkmalpflege.tuwien.ac.at\/index.php\/abgeschlossene-dipl-prof-wehdorn\/#breadcrumb\"},\"inLanguage\":\"de\",\"potentialAction\":[{\"@type\":\"ReadAction\",\"target\":[\"https:\/\/denkmalpflege.tuwien.ac.at\/index.php\/abgeschlossene-dipl-prof-wehdorn\/\"]}]},{\"@type\":\"BreadcrumbList\",\"@id\":\"https:\/\/denkmalpflege.tuwien.ac.at\/index.php\/abgeschlossene-dipl-prof-wehdorn\/#breadcrumb\",\"itemListElement\":[{\"@type\":\"ListItem\",\"position\":1,\"name\":\"Startseite\",\"item\":\"https:\/\/denkmalpflege.tuwien.ac.at\/\"},{\"@type\":\"ListItem\",\"position\":2,\"name\":\"Abgeschlossene Dipl. Prof. Wehdorn\"}]},{\"@type\":\"WebSite\",\"@id\":\"https:\/\/denkmalpflege.tuwien.ac.at\/#website\",\"url\":\"https:\/\/denkmalpflege.tuwien.ac.at\/\",\"name\":\"Denkmalpflege und Bauen im Bestand\",\"description\":\"Denkmalpflege TU Wien\",\"publisher\":{\"@id\":\"https:\/\/denkmalpflege.tuwien.ac.at\/#organization\"},\"potentialAction\":[{\"@type\":\"SearchAction\",\"target\":{\"@type\":\"EntryPoint\",\"urlTemplate\":\"https:\/\/denkmalpflege.tuwien.ac.at\/?s={search_term_string}\"},\"query-input\":{\"@type\":\"PropertyValueSpecification\",\"valueRequired\":true,\"valueName\":\"search_term_string\"}}],\"inLanguage\":\"de\"},{\"@type\":\"Organization\",\"@id\":\"https:\/\/denkmalpflege.tuwien.ac.at\/#organization\",\"name\":\"TU Wien Denkmalpflege und Bauen im Bestand\",\"url\":\"https:\/\/denkmalpflege.tuwien.ac.at\/\",\"logo\":{\"@type\":\"ImageObject\",\"inLanguage\":\"de\",\"@id\":\"https:\/\/denkmalpflege.tuwien.ac.at\/#\/schema\/logo\/image\/\",\"url\":\"https:\/\/denkmalpflege.tuwien.ac.at\/wp-content\/uploads\/2019\/10\/Logo1.png\",\"contentUrl\":\"https:\/\/denkmalpflege.tuwien.ac.at\/wp-content\/uploads\/2019\/10\/Logo1.png\",\"width\":222,\"height\":79,\"caption\":\"TU Wien Denkmalpflege und Bauen im Bestand\"},\"image\":{\"@id\":\"https:\/\/denkmalpflege.tuwien.ac.at\/#\/schema\/logo\/image\/\"}}]}<\/script>\n<!-- \/ Yoast SEO plugin. -->","yoast_head_json":{"title":"Abgeschlossene Dipl. Prof. Wehdorn - Denkmalpflege und Bauen im Bestand","robots":{"index":"index","follow":"follow","max-snippet":"max-snippet:-1","max-image-preview":"max-image-preview:large","max-video-preview":"max-video-preview:-1"},"canonical":"https:\/\/denkmalpflege.tuwien.ac.at\/index.php\/abgeschlossene-dipl-prof-wehdorn\/","og_locale":"de_DE","og_type":"article","og_title":"Abgeschlossene Dipl. Prof. Wehdorn - Denkmalpflege und Bauen im Bestand","og_description":"ARBEITEN ABGESCHLOSSENE DIPLOMARBEITEN BEI PROF. MANFRED WEHDORN In dem Forschungsbereich Denkmalpflege und Bauen im Bestand (E251.2) Die Arbeiten sind an der Universit\u00e4tsbibliothek der TU Wien entlehnbar. Stand: 2000 &#8211; 2011 Kunstmuseum Schloss TreffenWolfgang Hausladen, 2011 Historisches Museum in Sarajewo: Umbau und NeufunktionSuncica Cagljevic, 2010 Venusium Neu: ein Schutzbau f\u00fcr die arch\u00e4ologische Fundstelle der Venus von WillendorfWerner Habian, 2010 Meilenwerk St. P\u00f6ltenMarkus Mirth, 2010 Historisches Museum in Sarajewo: Umbau und ErweiterungMilijanaRead More","og_url":"https:\/\/denkmalpflege.tuwien.ac.at\/index.php\/abgeschlossene-dipl-prof-wehdorn\/","og_site_name":"Denkmalpflege und Bauen im Bestand","article_modified_time":"2024-12-10T15:04:44+00:00","twitter_card":"summary_large_image","twitter_misc":{"Gesch\u00e4tzte Lesezeit":"1\u00a0Minute"},"schema":{"@context":"https:\/\/schema.org","@graph":[{"@type":"WebPage","@id":"https:\/\/denkmalpflege.tuwien.ac.at\/index.php\/abgeschlossene-dipl-prof-wehdorn\/","url":"https:\/\/denkmalpflege.tuwien.ac.at\/index.php\/abgeschlossene-dipl-prof-wehdorn\/","name":"Abgeschlossene Dipl. Prof. Wehdorn - Denkmalpflege und Bauen im Bestand","isPartOf":{"@id":"https:\/\/denkmalpflege.tuwien.ac.at\/#website"},"datePublished":"2020-07-11T22:15:32+00:00","dateModified":"2024-12-10T15:04:44+00:00","breadcrumb":{"@id":"https:\/\/denkmalpflege.tuwien.ac.at\/index.php\/abgeschlossene-dipl-prof-wehdorn\/#breadcrumb"},"inLanguage":"de","potentialAction":[{"@type":"ReadAction","target":["https:\/\/denkmalpflege.tuwien.ac.at\/index.php\/abgeschlossene-dipl-prof-wehdorn\/"]}]},{"@type":"BreadcrumbList","@id":"https:\/\/denkmalpflege.tuwien.ac.at\/index.php\/abgeschlossene-dipl-prof-wehdorn\/#breadcrumb","itemListElement":[{"@type":"ListItem","position":1,"name":"Startseite","item":"https:\/\/denkmalpflege.tuwien.ac.at\/"},{"@type":"ListItem","position":2,"name":"Abgeschlossene Dipl. Prof. Wehdorn"}]},{"@type":"WebSite","@id":"https:\/\/denkmalpflege.tuwien.ac.at\/#website","url":"https:\/\/denkmalpflege.tuwien.ac.at\/","name":"Denkmalpflege und Bauen im Bestand","description":"Denkmalpflege TU Wien","publisher":{"@id":"https:\/\/denkmalpflege.tuwien.ac.at\/#organization"},"potentialAction":[{"@type":"SearchAction","target":{"@type":"EntryPoint","urlTemplate":"https:\/\/denkmalpflege.tuwien.ac.at\/?s={search_term_string}"},"query-input":{"@type":"PropertyValueSpecification","valueRequired":true,"valueName":"search_term_string"}}],"inLanguage":"de"},{"@type":"Organization","@id":"https:\/\/denkmalpflege.tuwien.ac.at\/#organization","name":"TU Wien Denkmalpflege und Bauen im Bestand","url":"https:\/\/denkmalpflege.tuwien.ac.at\/","logo":{"@type":"ImageObject","inLanguage":"de","@id":"https:\/\/denkmalpflege.tuwien.ac.at\/#\/schema\/logo\/image\/","url":"https:\/\/denkmalpflege.tuwien.ac.at\/wp-content\/uploads\/2019\/10\/Logo1.png","contentUrl":"https:\/\/denkmalpflege.tuwien.ac.at\/wp-content\/uploads\/2019\/10\/Logo1.png","width":222,"height":79,"caption":"TU Wien Denkmalpflege und Bauen im Bestand"},"image":{"@id":"https:\/\/denkmalpflege.tuwien.ac.at\/#\/schema\/logo\/image\/"}}]}},"_links":{"self":[{"href":"https:\/\/denkmalpflege.tuwien.ac.at\/index.php\/wp-json\/wp\/v2\/pages\/18700","targetHints":{"allow":["GET"]}}],"collection":[{"href":"https:\/\/denkmalpflege.tuwien.ac.at\/index.php\/wp-json\/wp\/v2\/pages"}],"about":[{"href":"https:\/\/denkmalpflege.tuwien.ac.at\/index.php\/wp-json\/wp\/v2\/types\/page"}],"author":[{"embeddable":true,"href":"https:\/\/denkmalpflege.tuwien.ac.at\/index.php\/wp-json\/wp\/v2\/users\/1"}],"replies":[{"embeddable":true,"href":"https:\/\/denkmalpflege.tuwien.ac.at\/index.php\/wp-json\/wp\/v2\/comments?post=18700"}],"version-history":[{"count":19,"href":"https:\/\/denkmalpflege.tuwien.ac.at\/index.php\/wp-json\/wp\/v2\/pages\/18700\/revisions"}],"predecessor-version":[{"id":32759,"href":"https:\/\/denkmalpflege.tuwien.ac.at\/index.php\/wp-json\/wp\/v2\/pages\/18700\/revisions\/32759"}],"wp:attachment":[{"href":"https:\/\/denkmalpflege.tuwien.ac.at\/index.php\/wp-json\/wp\/v2\/media?parent=18700"}],"curies":[{"name":"wp","href":"https:\/\/api.w.org\/{rel}","templated":true}]}}