{"id":17898,"date":"2020-01-28T12:33:08","date_gmt":"2020-01-28T11:33:08","guid":{"rendered":"http:\/\/denkmalpflege.tuwien.ac.at\/?page_id=17898"},"modified":"2026-02-19T09:55:45","modified_gmt":"2026-02-19T08:55:45","slug":"siq","status":"publish","type":"page","link":"https:\/\/denkmalpflege.tuwien.ac.at\/index.php\/siq\/","title":{"rendered":"SIQ"},"content":{"rendered":"\t\t<div data-elementor-type=\"wp-page\" data-elementor-id=\"17898\" class=\"elementor elementor-17898\" data-elementor-post-type=\"page\">\n\t\t\t\t\t\t<section class=\"elementor-section elementor-top-section elementor-element elementor-element-1bd1afa7 elementor-section-full_width elementor-section-height-default elementor-section-height-default\" data-id=\"1bd1afa7\" data-element_type=\"section\">\n\t\t\t\t\t\t<div class=\"elementor-container elementor-column-gap-default\">\n\t\t\t\t\t<div class=\"elementor-column elementor-col-100 elementor-top-column elementor-element elementor-element-611f365b\" data-id=\"611f365b\" data-element_type=\"column\">\n\t\t\t<div class=\"elementor-widget-wrap elementor-element-populated\">\n\t\t\t\t\t\t<div class=\"elementor-element elementor-element-30854c37 elementor-widget elementor-widget-heading\" data-id=\"30854c37\" data-element_type=\"widget\" data-widget_type=\"heading.default\">\n\t\t\t\t<div class=\"elementor-widget-container\">\n\t\t\t\t\t<h2 class=\"elementor-heading-title elementor-size-default\">[SIQ!]\nSTUDIENINTEGRIERTE QUALIFIKATION BAUFORSCHUNG.DENKMALPFLEGE.BAUPRAXIS IM BESTAND<\/h2>\t\t\t\t<\/div>\n\t\t\t\t<\/div>\n\t\t\t\t\t<\/div>\n\t\t<\/div>\n\t\t\t\t\t<\/div>\n\t\t<\/section>\n\t\t\t\t<section class=\"elementor-section elementor-top-section elementor-element elementor-element-3c9931d3 elementor-section-full_width elementor-section-height-default elementor-section-height-default\" data-id=\"3c9931d3\" data-element_type=\"section\">\n\t\t\t\t\t\t<div class=\"elementor-container elementor-column-gap-default\">\n\t\t\t\t\t<div class=\"elementor-column elementor-col-100 elementor-top-column elementor-element elementor-element-51701537\" data-id=\"51701537\" data-element_type=\"column\">\n\t\t\t<div class=\"elementor-widget-wrap elementor-element-populated\">\n\t\t\t\t\t\t<div class=\"elementor-element elementor-element-6caf476a elementor-widget elementor-widget-image\" data-id=\"6caf476a\" data-element_type=\"widget\" data-widget_type=\"image.default\">\n\t\t\t\t<div class=\"elementor-widget-container\">\n\t\t\t\t\t\t\t\t\t\t\t\t\t\t\t<img fetchpriority=\"high\" decoding=\"async\" width=\"1800\" height=\"666\" src=\"https:\/\/denkmalpflege.tuwien.ac.at\/wp-content\/uploads\/2019\/10\/siq_banner_wagner.jpg\" class=\"attachment-full size-full wp-image-15178\" alt=\"\" \/>\t\t\t\t\t\t\t\t\t\t\t\t\t\t\t<\/div>\n\t\t\t\t<\/div>\n\t\t\t\t\t<\/div>\n\t\t<\/div>\n\t\t\t\t\t<\/div>\n\t\t<\/section>\n\t\t\t\t<section class=\"elementor-section elementor-top-section elementor-element elementor-element-9e71644 elementor-section-full_width elementor-section-height-default elementor-section-height-default\" data-id=\"9e71644\" data-element_type=\"section\">\n\t\t\t\t\t\t<div class=\"elementor-container elementor-column-gap-default\">\n\t\t\t\t\t<div class=\"elementor-column elementor-col-33 elementor-top-column elementor-element elementor-element-823c5c0 center_content\" data-id=\"823c5c0\" data-element_type=\"column\">\n\t\t\t<div class=\"elementor-widget-wrap elementor-element-populated\">\n\t\t\t\t\t\t<div class=\"elementor-element elementor-element-cd7d2fa elementor-widget elementor-widget-heading\" data-id=\"cd7d2fa\" data-element_type=\"widget\" data-widget_type=\"heading.default\">\n\t\t\t\t<div class=\"elementor-widget-container\">\n\t\t\t\t\t<h2 class=\"elementor-heading-title elementor-size-default\">SIQ!<\/h2>\t\t\t\t<\/div>\n\t\t\t\t<\/div>\n\t\t\t\t\t<\/div>\n\t\t<\/div>\n\t\t\t\t<div class=\"elementor-column elementor-col-66 elementor-top-column elementor-element elementor-element-6aa4d64\" data-id=\"6aa4d64\" data-element_type=\"column\">\n\t\t\t<div class=\"elementor-widget-wrap elementor-element-populated\">\n\t\t\t\t\t\t<div class=\"elementor-element elementor-element-f90eecb elementor-widget elementor-widget-heading\" data-id=\"f90eecb\" data-element_type=\"widget\" data-widget_type=\"heading.default\">\n\t\t\t\t<div class=\"elementor-widget-container\">\n\t\t\t\t\t<h2 class=\"elementor-heading-title elementor-size-default\">[SIQ!] Studienintegrierte Qualifikation Bauforschung.Denkmalpflege.Baupraxis im Bestand<\/h2>\t\t\t\t<\/div>\n\t\t\t\t<\/div>\n\t\t\t\t<div class=\"elementor-element elementor-element-188d2d1 elementor-widget elementor-widget-text-editor\" data-id=\"188d2d1\" data-element_type=\"widget\" data-widget_type=\"text-editor.default\">\n\t\t\t\t<div class=\"elementor-widget-container\">\n\t\t\t\t\t\t\t\t\t<p>Die Studienintegrierte Qualifikation [SiQ!] Bauforschung.Denkmalpflege.Baupraxis im Bestand bietet eine vertiefende Ausbildung f\u00fcr Studierende mit besonderem Interesse in den Bereichen Historische Bauforschung, Denkmalpflege, Baudokumentation und -analyse sowie Planen und Bauen im historischen Bestand.<\/p><p>Durch die vorrangige Belegung von disziplingebundenen Lehrveranstaltungen im Umfang von 80 ECTS des Masterstudiums Architektur qualifzieren sich Studierende f\u00fcr die Eintragung ihrer besonderen Qualifikation in den Diploma Supplements des Abschlusszeugnisses. Als Spezialisierung innerhalb des Regelstudiums bedarf es keiner zus\u00e4tzlichen Anmeldung und keiner zus\u00e4tzlichen Studiengeb\u00fchren.\u00a0 Absolventinnen und Absolventen bef\u00e4higen sich gleichbleibend zum regul\u00e4ren Masterstudium Architektur auch f\u00fcr die Zulassung zu einer Ziviltechnikerpr\u00fcfung.<\/p>\t\t\t\t\t\t\t\t<\/div>\n\t\t\t\t<\/div>\n\t\t\t\t<div class=\"elementor-element elementor-element-5107576 elementor-widget elementor-widget-shortcode\" data-id=\"5107576\" data-element_type=\"widget\" data-widget_type=\"shortcode.default\">\n\t\t\t\t<div class=\"elementor-widget-container\">\n\t\t\t\t\t\t\t<div class=\"elementor-shortcode\"><span class=\"collapseomatic \" id=\"id69d363046e734\"  tabindex=\"0\" title=\"Mehr Information\"    >Mehr Information<\/span><div id=\"target-id69d363046e734\" class=\"collapseomatic_content \">\n<h3>INHALT<\/h3>\n<p>Den Kern von [SIQ!] Bauforschung.Denkmalpflege.Baupraxis im Bestand stellen die zwei Module \"Baugeschichte und Bauforschung\" sowie \"Denkmalpflege und Ma\u00dfnahmen am Denkmal\" dar. Als B\u00fcndelung von theoretischen und praktischen Lehrveranstaltungen bieten sie eine zentrale Plattform zur Vermittlung fachspezifischer Inhalte.<\/p>\n<p>Das Modul Baugeschichte Bauforschung besch\u00e4ftigt sich mit der Erforschung von gestalterischen Ideen als auch deren technische Umsetzung. Spezifische L\u00f6sungen werden als Reaktionen auf den kulturellen und gesellschaftlichen Kontext kritisch diskutiert und bewertet. Je nach Bauaufgabe werden Faktoren wie Funktionalit\u00e4t, Nutzungsqualit\u00e4ten, gestalterische Koh\u00e4renz usw. evaluiert. Begleitet von Vorlesungen zur Bautechnikgeschichte werden Konstruktionen auf ihre Bedeutung f\u00fcr Bauabl\u00e4ufe, Materialbeschaffung und -herstellung sowie Baustellenlogistik analysiert. Themen des Moduls sind au\u00dferdem die Methoden der Bauforschung und ihre Bedeutung f\u00fcr initiale T\u00e4tigkeiten (Gutachten, Dokumentation, historische Bewertung, Koordination) im Zuge von Planung und Umsetzung (Sicherung, Konservierung, Umnutzung, Umbau, Sanierung, Restaurierung, Rekonstruktion) als auch f\u00fcr die wissenschaftliche Betrachtung von Architektur.<\/p>\n\n<p>Ziel des Moduls Denkmalpflege ist es, wichtige Spezialkenntnisse zu vermitteln, welche Architekten f\u00fcr eine T\u00e4tigkeit im denkmalpflegerischen Umfeld qualifizieren. Das Modul behandelt neben theoretischen Aspekten der Denkmalpflege, wie Grunds\u00e4tze, Charten und rechtliche Rahmenbedingungen, Denkmalwerte und Geschichte der Denkmalpflege, auch die Erarbeitung aktueller Forschungsthemen und die Einbindung der Denkmalpflege in interdisziplin\u00e4re Anforderungen. Anhand vorgegebener Szenarien werden reale Verh\u00e4ltnisse, Archiv- und Feldarbeit und die Auseinandersetzung mit Denkmalen vor Ort in die praktische Arbeit integriert und durch Erarbeitung denkmalpflegerischer Gutachten und Entwicklung hilfreicher Leitgedanken f\u00fcr den Umgang mit Geb\u00e4uden der Nachkriegsarchitektur, in die Praxis umgesetzt.<\/p>\n\n<p>Im Rahmen von Entwurfs\u00fcbungen wird die Anwendung der in beiden Modulen vermittelten Grunds\u00e4tze am konkreten Fallbeispiel ge\u00fcbt. Die Entwicklung von Strategien zum Umgang mit vorhandener Substanz, deren gestalterische Ausformung als auch die Vermittlung des Gesamtkonzepts stellen hierbei wesentliche Inhalte dar. Freie Wahlf\u00e4cher vermitteln erg\u00e4nzende Inhalte und Vertiefungen zu den behandelten Thematiken.<\/p>\n\n<h3>ZIELE<\/h3>\n<p>Das Ziel von [SIQ!] Bauforschung.Denkmalpflege.Baupraxis im Bestand ist, Studierenden des Masterstudiums Architektur an der TU Wien die M\u00f6glichkeit zu geben, sich ihre Aneignung von Kenntnissen in historischer Bauforschung, Denkmalpflege und Bauen im Bestand nachweisen zu lassen. Unter Beibehaltung von Kammerf\u00e4higkeit und der freien Belegung eines Drittels des zu erf\u00fcllenden Umfangs an Lehrveranstaltungen, versteht sich die Fokussierung als eine Erweiterung von Chancen im Berufsfeld.<\/p>\n\n<p>Die Aneignung berufsrelevanter Kompetenzen soll als Vorteil f\u00fcr Bewerbung und T\u00e4tigkeit bei B\u00fcros und Institutionen mit thematisch entsprechenden Arbeitsfeldern dienen. Mit einer hohen Zahl an Baudenkm\u00e4lern und institutioneller Konzentration von Kompetenzen zu Bauforschung und Baupraxis im historischen Kontext soll die Ausbildung von spezialisierten Absolventen au\u00dferdem ein Beitrag zur Pflege von Baukultur in der Weltkulturerbest\u00e4tte Wien sein.<\/p>\n\n<span class=\"img_collapse\">\n<img decoding=\"async\" src=\"http:\/\/denkmalpflege.tuwien.ac.at\/wp-content\/uploads\/2026\/02\/190226_Grafik_Anteile_Screenshot.png\">\n<img decoding=\"async\" src=\"http:\/\/denkmalpflege.tuwien.ac.at\/wp-content\/uploads\/2019\/10\/191001_siq_5_Gruende_SIQ.png\"\/><\/span>\n<br><br>\n<div>Zur Eintragung der Studienintegrierten Qualifikation [SIQ!] Bauforschung.Denkmalpflege in den Diploma Supplements des Abschlusszeugnisses\u00a0ist in einem eigenen Formular\u00a0<span style=\"font-size: medium;\">die Absolvierung des notwendigen Umfangs an Lehrveranstaltungen an\u00a0<\/span><span style=\"font-size: medium;\">den entsprechenden Forschungsbereichen nachzuweisen. Die Best\u00e4tigung erfolgt durch die\u00a0<\/span><span style=\"font-size: medium;\">Sekretariate.\u00a0<\/span><\/div>\n<div><a href=\"http:\/\/denkmalpflege.tuwien.ac.at\/wp-content\/uploads\/2023\/12\/20210511_FORMULAR-SIQ_V2.pdf\"><u>Download Formular<\/u><\/a><\/div>\n\n<\/div><\/div>\n\t\t\t\t\t\t<\/div>\n\t\t\t\t<\/div>\n\t\t\t\t\t<\/div>\n\t\t<\/div>\n\t\t\t\t\t<\/div>\n\t\t<\/section>\n\t\t\t\t<\/div>\n\t\t","protected":false},"excerpt":{"rendered":"<p>[SIQ!] STUDIENINTEGRIERTE QUALIFIKATION BAUFORSCHUNG.DENKMALPFLEGE.BAUPRAXIS IM BESTAND SIQ! [SIQ!] Studienintegrierte Qualifikation Bauforschung.Denkmalpflege.Baupraxis im Bestand Die Studienintegrierte Qualifikation [SiQ!] Bauforschung.Denkmalpflege.Baupraxis im Bestand bietet eine vertiefende Ausbildung f\u00fcr Studierende mit besonderem Interesse in den Bereichen Historische Bauforschung, Denkmalpflege, Baudokumentation und -analyse sowie Planen und Bauen im historischen Bestand. Durch die vorrangige Belegung von disziplingebundenen Lehrveranstaltungen im Umfang von 80 ECTS des Masterstudiums Architektur qualifzieren sich Studierende f\u00fcr die Eintragung ihrer besonderen Qualifikation in<\/p>\n<div class=\"belowpost\"><a class=\"btnmore icon-arrow\" href=\"https:\/\/denkmalpflege.tuwien.ac.at\/index.php\/siq\/\"><span>Read More<\/span><\/a><\/div>\n","protected":false},"author":1,"featured_media":0,"parent":0,"menu_order":0,"comment_status":"closed","ping_status":"closed","template":"","meta":{"footnotes":""},"class_list":["post-17898","page","type-page","status-publish","hentry"],"yoast_head":"<!-- This site is optimized with the Yoast SEO plugin v26.0 - https:\/\/yoast.com\/wordpress\/plugins\/seo\/ -->\n<title>SIQ - Denkmalpflege und Bauen im Bestand<\/title>\n<meta name=\"robots\" content=\"index, follow, max-snippet:-1, max-image-preview:large, max-video-preview:-1\" \/>\n<link rel=\"canonical\" href=\"https:\/\/denkmalpflege.tuwien.ac.at\/index.php\/siq\/\" \/>\n<meta property=\"og:locale\" content=\"de_DE\" \/>\n<meta property=\"og:type\" content=\"article\" \/>\n<meta property=\"og:title\" content=\"SIQ - Denkmalpflege und Bauen im Bestand\" \/>\n<meta property=\"og:description\" content=\"[SIQ!] STUDIENINTEGRIERTE QUALIFIKATION BAUFORSCHUNG.DENKMALPFLEGE.BAUPRAXIS IM BESTAND SIQ! [SIQ!] Studienintegrierte Qualifikation Bauforschung.Denkmalpflege.Baupraxis im Bestand Die Studienintegrierte Qualifikation [SiQ!] Bauforschung.Denkmalpflege.Baupraxis im Bestand bietet eine vertiefende Ausbildung f\u00fcr Studierende mit besonderem Interesse in den Bereichen Historische Bauforschung, Denkmalpflege, Baudokumentation und -analyse sowie Planen und Bauen im historischen Bestand. Durch die vorrangige Belegung von disziplingebundenen Lehrveranstaltungen im Umfang von 80 ECTS des Masterstudiums Architektur qualifzieren sich Studierende f\u00fcr die Eintragung ihrer besonderen Qualifikation inRead More\" \/>\n<meta property=\"og:url\" content=\"https:\/\/denkmalpflege.tuwien.ac.at\/index.php\/siq\/\" \/>\n<meta property=\"og:site_name\" content=\"Denkmalpflege und Bauen im Bestand\" \/>\n<meta property=\"article:modified_time\" content=\"2026-02-19T08:55:45+00:00\" \/>\n<meta property=\"og:image\" content=\"http:\/\/denkmalpflege.tuwien.ac.at\/wp-content\/uploads\/2019\/10\/siq_banner_wagner.jpg\" \/>\n<meta name=\"twitter:card\" content=\"summary_large_image\" \/>\n<meta name=\"twitter:label1\" content=\"Gesch\u00e4tzte Lesezeit\" \/>\n\t<meta name=\"twitter:data1\" content=\"3\u00a0Minuten\" \/>\n<script type=\"application\/ld+json\" class=\"yoast-schema-graph\">{\"@context\":\"https:\/\/schema.org\",\"@graph\":[{\"@type\":\"WebPage\",\"@id\":\"https:\/\/denkmalpflege.tuwien.ac.at\/index.php\/siq\/\",\"url\":\"https:\/\/denkmalpflege.tuwien.ac.at\/index.php\/siq\/\",\"name\":\"SIQ - Denkmalpflege und Bauen im Bestand\",\"isPartOf\":{\"@id\":\"https:\/\/denkmalpflege.tuwien.ac.at\/#website\"},\"primaryImageOfPage\":{\"@id\":\"https:\/\/denkmalpflege.tuwien.ac.at\/index.php\/siq\/#primaryimage\"},\"image\":{\"@id\":\"https:\/\/denkmalpflege.tuwien.ac.at\/index.php\/siq\/#primaryimage\"},\"thumbnailUrl\":\"http:\/\/denkmalpflege.tuwien.ac.at\/wp-content\/uploads\/2019\/10\/siq_banner_wagner.jpg\",\"datePublished\":\"2020-01-28T11:33:08+00:00\",\"dateModified\":\"2026-02-19T08:55:45+00:00\",\"breadcrumb\":{\"@id\":\"https:\/\/denkmalpflege.tuwien.ac.at\/index.php\/siq\/#breadcrumb\"},\"inLanguage\":\"de\",\"potentialAction\":[{\"@type\":\"ReadAction\",\"target\":[\"https:\/\/denkmalpflege.tuwien.ac.at\/index.php\/siq\/\"]}]},{\"@type\":\"ImageObject\",\"inLanguage\":\"de\",\"@id\":\"https:\/\/denkmalpflege.tuwien.ac.at\/index.php\/siq\/#primaryimage\",\"url\":\"http:\/\/denkmalpflege.tuwien.ac.at\/wp-content\/uploads\/2019\/10\/siq_banner_wagner.jpg\",\"contentUrl\":\"http:\/\/denkmalpflege.tuwien.ac.at\/wp-content\/uploads\/2019\/10\/siq_banner_wagner.jpg\"},{\"@type\":\"BreadcrumbList\",\"@id\":\"https:\/\/denkmalpflege.tuwien.ac.at\/index.php\/siq\/#breadcrumb\",\"itemListElement\":[{\"@type\":\"ListItem\",\"position\":1,\"name\":\"Startseite\",\"item\":\"https:\/\/denkmalpflege.tuwien.ac.at\/\"},{\"@type\":\"ListItem\",\"position\":2,\"name\":\"SIQ\"}]},{\"@type\":\"WebSite\",\"@id\":\"https:\/\/denkmalpflege.tuwien.ac.at\/#website\",\"url\":\"https:\/\/denkmalpflege.tuwien.ac.at\/\",\"name\":\"Denkmalpflege und Bauen im Bestand\",\"description\":\"Denkmalpflege TU Wien\",\"publisher\":{\"@id\":\"https:\/\/denkmalpflege.tuwien.ac.at\/#organization\"},\"potentialAction\":[{\"@type\":\"SearchAction\",\"target\":{\"@type\":\"EntryPoint\",\"urlTemplate\":\"https:\/\/denkmalpflege.tuwien.ac.at\/?s={search_term_string}\"},\"query-input\":{\"@type\":\"PropertyValueSpecification\",\"valueRequired\":true,\"valueName\":\"search_term_string\"}}],\"inLanguage\":\"de\"},{\"@type\":\"Organization\",\"@id\":\"https:\/\/denkmalpflege.tuwien.ac.at\/#organization\",\"name\":\"TU Wien Denkmalpflege und Bauen im Bestand\",\"url\":\"https:\/\/denkmalpflege.tuwien.ac.at\/\",\"logo\":{\"@type\":\"ImageObject\",\"inLanguage\":\"de\",\"@id\":\"https:\/\/denkmalpflege.tuwien.ac.at\/#\/schema\/logo\/image\/\",\"url\":\"https:\/\/denkmalpflege.tuwien.ac.at\/wp-content\/uploads\/2019\/10\/Logo1.png\",\"contentUrl\":\"https:\/\/denkmalpflege.tuwien.ac.at\/wp-content\/uploads\/2019\/10\/Logo1.png\",\"width\":222,\"height\":79,\"caption\":\"TU Wien Denkmalpflege und Bauen im Bestand\"},\"image\":{\"@id\":\"https:\/\/denkmalpflege.tuwien.ac.at\/#\/schema\/logo\/image\/\"}}]}<\/script>\n<!-- \/ Yoast SEO plugin. -->","yoast_head_json":{"title":"SIQ - Denkmalpflege und Bauen im Bestand","robots":{"index":"index","follow":"follow","max-snippet":"max-snippet:-1","max-image-preview":"max-image-preview:large","max-video-preview":"max-video-preview:-1"},"canonical":"https:\/\/denkmalpflege.tuwien.ac.at\/index.php\/siq\/","og_locale":"de_DE","og_type":"article","og_title":"SIQ - Denkmalpflege und Bauen im Bestand","og_description":"[SIQ!] STUDIENINTEGRIERTE QUALIFIKATION BAUFORSCHUNG.DENKMALPFLEGE.BAUPRAXIS IM BESTAND SIQ! [SIQ!] Studienintegrierte Qualifikation Bauforschung.Denkmalpflege.Baupraxis im Bestand Die Studienintegrierte Qualifikation [SiQ!] Bauforschung.Denkmalpflege.Baupraxis im Bestand bietet eine vertiefende Ausbildung f\u00fcr Studierende mit besonderem Interesse in den Bereichen Historische Bauforschung, Denkmalpflege, Baudokumentation und -analyse sowie Planen und Bauen im historischen Bestand. Durch die vorrangige Belegung von disziplingebundenen Lehrveranstaltungen im Umfang von 80 ECTS des Masterstudiums Architektur qualifzieren sich Studierende f\u00fcr die Eintragung ihrer besonderen Qualifikation inRead More","og_url":"https:\/\/denkmalpflege.tuwien.ac.at\/index.php\/siq\/","og_site_name":"Denkmalpflege und Bauen im Bestand","article_modified_time":"2026-02-19T08:55:45+00:00","og_image":[{"url":"http:\/\/denkmalpflege.tuwien.ac.at\/wp-content\/uploads\/2019\/10\/siq_banner_wagner.jpg","type":"","width":"","height":""}],"twitter_card":"summary_large_image","twitter_misc":{"Gesch\u00e4tzte Lesezeit":"3\u00a0Minuten"},"schema":{"@context":"https:\/\/schema.org","@graph":[{"@type":"WebPage","@id":"https:\/\/denkmalpflege.tuwien.ac.at\/index.php\/siq\/","url":"https:\/\/denkmalpflege.tuwien.ac.at\/index.php\/siq\/","name":"SIQ - Denkmalpflege und Bauen im Bestand","isPartOf":{"@id":"https:\/\/denkmalpflege.tuwien.ac.at\/#website"},"primaryImageOfPage":{"@id":"https:\/\/denkmalpflege.tuwien.ac.at\/index.php\/siq\/#primaryimage"},"image":{"@id":"https:\/\/denkmalpflege.tuwien.ac.at\/index.php\/siq\/#primaryimage"},"thumbnailUrl":"http:\/\/denkmalpflege.tuwien.ac.at\/wp-content\/uploads\/2019\/10\/siq_banner_wagner.jpg","datePublished":"2020-01-28T11:33:08+00:00","dateModified":"2026-02-19T08:55:45+00:00","breadcrumb":{"@id":"https:\/\/denkmalpflege.tuwien.ac.at\/index.php\/siq\/#breadcrumb"},"inLanguage":"de","potentialAction":[{"@type":"ReadAction","target":["https:\/\/denkmalpflege.tuwien.ac.at\/index.php\/siq\/"]}]},{"@type":"ImageObject","inLanguage":"de","@id":"https:\/\/denkmalpflege.tuwien.ac.at\/index.php\/siq\/#primaryimage","url":"http:\/\/denkmalpflege.tuwien.ac.at\/wp-content\/uploads\/2019\/10\/siq_banner_wagner.jpg","contentUrl":"http:\/\/denkmalpflege.tuwien.ac.at\/wp-content\/uploads\/2019\/10\/siq_banner_wagner.jpg"},{"@type":"BreadcrumbList","@id":"https:\/\/denkmalpflege.tuwien.ac.at\/index.php\/siq\/#breadcrumb","itemListElement":[{"@type":"ListItem","position":1,"name":"Startseite","item":"https:\/\/denkmalpflege.tuwien.ac.at\/"},{"@type":"ListItem","position":2,"name":"SIQ"}]},{"@type":"WebSite","@id":"https:\/\/denkmalpflege.tuwien.ac.at\/#website","url":"https:\/\/denkmalpflege.tuwien.ac.at\/","name":"Denkmalpflege und Bauen im Bestand","description":"Denkmalpflege TU Wien","publisher":{"@id":"https:\/\/denkmalpflege.tuwien.ac.at\/#organization"},"potentialAction":[{"@type":"SearchAction","target":{"@type":"EntryPoint","urlTemplate":"https:\/\/denkmalpflege.tuwien.ac.at\/?s={search_term_string}"},"query-input":{"@type":"PropertyValueSpecification","valueRequired":true,"valueName":"search_term_string"}}],"inLanguage":"de"},{"@type":"Organization","@id":"https:\/\/denkmalpflege.tuwien.ac.at\/#organization","name":"TU Wien Denkmalpflege und Bauen im Bestand","url":"https:\/\/denkmalpflege.tuwien.ac.at\/","logo":{"@type":"ImageObject","inLanguage":"de","@id":"https:\/\/denkmalpflege.tuwien.ac.at\/#\/schema\/logo\/image\/","url":"https:\/\/denkmalpflege.tuwien.ac.at\/wp-content\/uploads\/2019\/10\/Logo1.png","contentUrl":"https:\/\/denkmalpflege.tuwien.ac.at\/wp-content\/uploads\/2019\/10\/Logo1.png","width":222,"height":79,"caption":"TU Wien Denkmalpflege und Bauen im Bestand"},"image":{"@id":"https:\/\/denkmalpflege.tuwien.ac.at\/#\/schema\/logo\/image\/"}}]}},"_links":{"self":[{"href":"https:\/\/denkmalpflege.tuwien.ac.at\/index.php\/wp-json\/wp\/v2\/pages\/17898","targetHints":{"allow":["GET"]}}],"collection":[{"href":"https:\/\/denkmalpflege.tuwien.ac.at\/index.php\/wp-json\/wp\/v2\/pages"}],"about":[{"href":"https:\/\/denkmalpflege.tuwien.ac.at\/index.php\/wp-json\/wp\/v2\/types\/page"}],"author":[{"embeddable":true,"href":"https:\/\/denkmalpflege.tuwien.ac.at\/index.php\/wp-json\/wp\/v2\/users\/1"}],"replies":[{"embeddable":true,"href":"https:\/\/denkmalpflege.tuwien.ac.at\/index.php\/wp-json\/wp\/v2\/comments?post=17898"}],"version-history":[{"count":47,"href":"https:\/\/denkmalpflege.tuwien.ac.at\/index.php\/wp-json\/wp\/v2\/pages\/17898\/revisions"}],"predecessor-version":[{"id":35821,"href":"https:\/\/denkmalpflege.tuwien.ac.at\/index.php\/wp-json\/wp\/v2\/pages\/17898\/revisions\/35821"}],"wp:attachment":[{"href":"https:\/\/denkmalpflege.tuwien.ac.at\/index.php\/wp-json\/wp\/v2\/media?parent=17898"}],"curies":[{"name":"wp","href":"https:\/\/api.w.org\/{rel}","templated":true}]}}