{"id":16156,"date":"2019-10-30T20:48:29","date_gmt":"2019-10-30T19:48:29","guid":{"rendered":"http:\/\/denkmalpflege.tuwien.ac.at\/?page_id=16156"},"modified":"2025-10-15T12:39:21","modified_gmt":"2025-10-15T10:39:21","slug":"ueber-uns","status":"publish","type":"page","link":"https:\/\/denkmalpflege.tuwien.ac.at\/index.php\/ueber-uns\/","title":{"rendered":"\u00dcber uns"},"content":{"rendered":"\t\t<div data-elementor-type=\"wp-page\" data-elementor-id=\"16156\" class=\"elementor elementor-16156\" data-elementor-post-type=\"page\">\n\t\t\t\t\t\t<section class=\"elementor-section elementor-top-section elementor-element elementor-element-62c85c97 elementor-section-full_width elementor-section-height-default elementor-section-height-default\" data-id=\"62c85c97\" data-element_type=\"section\">\n\t\t\t\t\t\t<div class=\"elementor-container elementor-column-gap-default\">\n\t\t\t\t\t<div class=\"elementor-column elementor-col-100 elementor-top-column elementor-element elementor-element-79ab9618\" data-id=\"79ab9618\" data-element_type=\"column\">\n\t\t\t<div class=\"elementor-widget-wrap elementor-element-populated\">\n\t\t\t\t\t\t<div class=\"elementor-element elementor-element-3d1cdaca elementor-widget elementor-widget-text-editor\" data-id=\"3d1cdaca\" data-element_type=\"widget\" data-widget_type=\"text-editor.default\">\n\t\t\t\t<div class=\"elementor-widget-container\">\n\t\t\t\t\t\t\t\t\t<h2>Liebe Studierende,<\/h2><p><span lang=\"DE\">im Kontext unserer gegenw\u00e4rtigen Transformationsgesellschaft geraten auch in der Denkmalpflege die Wissensordnungen ins Schwanken, so ein Statement bei der Jahrestagung 2021 des fachlichen Arbeitskreises zu Theorie und Lehre in der Denkmalpflege. Schwankende Gewissheiten k\u00f6nnen, aus meiner Sicht, auch eine Chance sein.<\/span><\/p><p><span lang=\"DE\">Die Denkmalpflege hat den klaren Auftrag, die geschichtlichen, k\u00fcnstlerischen und sonstigen kulturellen Bedeutungen von Bauwerken, Ensembles und Quartieren zu erfassen, zu bewerten und zu erhalten. Aber nun beginnen die Fragen: Wer ist die Denkmalpflege? Was hei\u00dft erfassen und was bewerten? Und wie k\u00f6nnen wir denkmalvertr\u00e4glich Erhalten im Entwerfen? <\/span><\/p><p><span lang=\"DE\">Gemeinsam mit meinem Team m\u00f6chte ich Ihnen eine suchende und abw\u00e4gende, und doch systematische Herangehensweise an den \u00fcberlieferten Bestand anbieten. Wir diskutieren die Verweise zwischen gesellschaftliche Bedeutungszuschreibungen und \u00fcberlieferter Architektur, nicht zuletzt um Ideen, Konzepte und Gebautes behutsam weiterzuentwickeln. Dies erfordert pr\u00e4zises Wissen und Nachdenken \u00fcber Werk, Bild und Substanz. <\/span><\/p><p><span lang=\"DE\">Im Modul und Entwurf arbeiten wir gemeinsam zu Geschichte und Praktiken der Erhaltung, wie Reparatur, Um-, An- und Ausbau und Umnutzungen, genauso wie zu Denkmalwerte und Zeitschichten. Es gilt die lokalen und globalen Aspekte des Bauens, Erhaltens und der Denkmalpflege zu erkunden; dies durch wissenschaftliches Arbeiten und die sensible und entwerferische Auseinandersetzung mit Akteuren, Bauwerken und Kontexten. \u00dcbungen und Seminare komplettieren unser Lehrangebot, indem sie fokussiert Fragestellungen, Objekte und Orte untersuchen.<\/span><\/p><p><span lang=\"DE\">In inter- und transdisziplin\u00e4rer Forschung, wie in unterschiedlichen Lehrformaten bieten wir Einblicke und \u00dcbungen an, die die theoretischen und praktischen Grundlagen und neuen Herausforderungen der Denkmalpflege einf\u00fchren und reflektieren. Neben der Vermittlung von kanonischem Wissen und Methoden bietet der Forschungsbereich Denkmalpflege und Bauen im Bestand die M\u00f6glichkeit \u00fcber das bin\u00e4re Schema von Abriss versus Konservierung hinauszugehen und angemessene Erhaltungsm\u00f6glichkeiten und Eingriffe zu erarbeiten.<\/span><\/p><p>Heike Oevermann, Oktober 2025<\/p>\t\t\t\t\t\t\t\t<\/div>\n\t\t\t\t<\/div>\n\t\t\t\t\t<\/div>\n\t\t<\/div>\n\t\t\t\t\t<\/div>\n\t\t<\/section>\n\t\t\t\t<\/div>\n\t\t","protected":false},"excerpt":{"rendered":"<p>Liebe Studierende, im Kontext unserer gegenw\u00e4rtigen Transformationsgesellschaft geraten auch in der Denkmalpflege die Wissensordnungen ins Schwanken, so ein Statement bei der Jahrestagung 2021 des fachlichen Arbeitskreises zu Theorie und Lehre in der Denkmalpflege. Schwankende Gewissheiten k\u00f6nnen, aus meiner Sicht, auch eine Chance sein. Die Denkmalpflege hat den klaren Auftrag, die geschichtlichen, k\u00fcnstlerischen und sonstigen kulturellen Bedeutungen von Bauwerken, Ensembles und Quartieren zu erfassen, zu bewerten und zu erhalten. Aber nun<\/p>\n<div class=\"belowpost\"><a class=\"btnmore icon-arrow\" href=\"https:\/\/denkmalpflege.tuwien.ac.at\/index.php\/ueber-uns\/\"><span>Read More<\/span><\/a><\/div>\n","protected":false},"author":1,"featured_media":0,"parent":0,"menu_order":0,"comment_status":"closed","ping_status":"closed","template":"","meta":{"footnotes":""},"class_list":["post-16156","page","type-page","status-publish","hentry"],"yoast_head":"<!-- This site is optimized with the Yoast SEO plugin v26.0 - https:\/\/yoast.com\/wordpress\/plugins\/seo\/ -->\n<title>\u00dcber uns - Denkmalpflege und Bauen im Bestand<\/title>\n<meta name=\"robots\" content=\"index, follow, max-snippet:-1, max-image-preview:large, max-video-preview:-1\" \/>\n<link rel=\"canonical\" href=\"https:\/\/denkmalpflege.tuwien.ac.at\/index.php\/ueber-uns\/\" \/>\n<meta property=\"og:locale\" content=\"de_DE\" \/>\n<meta property=\"og:type\" content=\"article\" \/>\n<meta property=\"og:title\" content=\"\u00dcber uns - Denkmalpflege und Bauen im Bestand\" \/>\n<meta property=\"og:description\" content=\"Liebe Studierende, im Kontext unserer gegenw\u00e4rtigen Transformationsgesellschaft geraten auch in der Denkmalpflege die Wissensordnungen ins Schwanken, so ein Statement bei der Jahrestagung 2021 des fachlichen Arbeitskreises zu Theorie und Lehre in der Denkmalpflege. Schwankende Gewissheiten k\u00f6nnen, aus meiner Sicht, auch eine Chance sein. Die Denkmalpflege hat den klaren Auftrag, die geschichtlichen, k\u00fcnstlerischen und sonstigen kulturellen Bedeutungen von Bauwerken, Ensembles und Quartieren zu erfassen, zu bewerten und zu erhalten. Aber nunRead More\" \/>\n<meta property=\"og:url\" content=\"https:\/\/denkmalpflege.tuwien.ac.at\/index.php\/ueber-uns\/\" \/>\n<meta property=\"og:site_name\" content=\"Denkmalpflege und Bauen im Bestand\" \/>\n<meta property=\"article:modified_time\" content=\"2025-10-15T10:39:21+00:00\" \/>\n<meta name=\"twitter:card\" content=\"summary_large_image\" \/>\n<meta name=\"twitter:label1\" content=\"Gesch\u00e4tzte Lesezeit\" \/>\n\t<meta name=\"twitter:data1\" content=\"2\u00a0Minuten\" \/>\n<script type=\"application\/ld+json\" class=\"yoast-schema-graph\">{\"@context\":\"https:\/\/schema.org\",\"@graph\":[{\"@type\":\"WebPage\",\"@id\":\"https:\/\/denkmalpflege.tuwien.ac.at\/index.php\/ueber-uns\/\",\"url\":\"https:\/\/denkmalpflege.tuwien.ac.at\/index.php\/ueber-uns\/\",\"name\":\"\u00dcber uns - Denkmalpflege und Bauen im Bestand\",\"isPartOf\":{\"@id\":\"https:\/\/denkmalpflege.tuwien.ac.at\/#website\"},\"datePublished\":\"2019-10-30T19:48:29+00:00\",\"dateModified\":\"2025-10-15T10:39:21+00:00\",\"breadcrumb\":{\"@id\":\"https:\/\/denkmalpflege.tuwien.ac.at\/index.php\/ueber-uns\/#breadcrumb\"},\"inLanguage\":\"de\",\"potentialAction\":[{\"@type\":\"ReadAction\",\"target\":[\"https:\/\/denkmalpflege.tuwien.ac.at\/index.php\/ueber-uns\/\"]}]},{\"@type\":\"BreadcrumbList\",\"@id\":\"https:\/\/denkmalpflege.tuwien.ac.at\/index.php\/ueber-uns\/#breadcrumb\",\"itemListElement\":[{\"@type\":\"ListItem\",\"position\":1,\"name\":\"Startseite\",\"item\":\"https:\/\/denkmalpflege.tuwien.ac.at\/\"},{\"@type\":\"ListItem\",\"position\":2,\"name\":\"\u00dcber uns\"}]},{\"@type\":\"WebSite\",\"@id\":\"https:\/\/denkmalpflege.tuwien.ac.at\/#website\",\"url\":\"https:\/\/denkmalpflege.tuwien.ac.at\/\",\"name\":\"Denkmalpflege und Bauen im Bestand\",\"description\":\"Denkmalpflege TU Wien\",\"publisher\":{\"@id\":\"https:\/\/denkmalpflege.tuwien.ac.at\/#organization\"},\"potentialAction\":[{\"@type\":\"SearchAction\",\"target\":{\"@type\":\"EntryPoint\",\"urlTemplate\":\"https:\/\/denkmalpflege.tuwien.ac.at\/?s={search_term_string}\"},\"query-input\":{\"@type\":\"PropertyValueSpecification\",\"valueRequired\":true,\"valueName\":\"search_term_string\"}}],\"inLanguage\":\"de\"},{\"@type\":\"Organization\",\"@id\":\"https:\/\/denkmalpflege.tuwien.ac.at\/#organization\",\"name\":\"TU Wien Denkmalpflege und Bauen im Bestand\",\"url\":\"https:\/\/denkmalpflege.tuwien.ac.at\/\",\"logo\":{\"@type\":\"ImageObject\",\"inLanguage\":\"de\",\"@id\":\"https:\/\/denkmalpflege.tuwien.ac.at\/#\/schema\/logo\/image\/\",\"url\":\"https:\/\/denkmalpflege.tuwien.ac.at\/wp-content\/uploads\/2019\/10\/Logo1.png\",\"contentUrl\":\"https:\/\/denkmalpflege.tuwien.ac.at\/wp-content\/uploads\/2019\/10\/Logo1.png\",\"width\":222,\"height\":79,\"caption\":\"TU Wien Denkmalpflege und Bauen im Bestand\"},\"image\":{\"@id\":\"https:\/\/denkmalpflege.tuwien.ac.at\/#\/schema\/logo\/image\/\"}}]}<\/script>\n<!-- \/ Yoast SEO plugin. -->","yoast_head_json":{"title":"\u00dcber uns - Denkmalpflege und Bauen im Bestand","robots":{"index":"index","follow":"follow","max-snippet":"max-snippet:-1","max-image-preview":"max-image-preview:large","max-video-preview":"max-video-preview:-1"},"canonical":"https:\/\/denkmalpflege.tuwien.ac.at\/index.php\/ueber-uns\/","og_locale":"de_DE","og_type":"article","og_title":"\u00dcber uns - Denkmalpflege und Bauen im Bestand","og_description":"Liebe Studierende, im Kontext unserer gegenw\u00e4rtigen Transformationsgesellschaft geraten auch in der Denkmalpflege die Wissensordnungen ins Schwanken, so ein Statement bei der Jahrestagung 2021 des fachlichen Arbeitskreises zu Theorie und Lehre in der Denkmalpflege. Schwankende Gewissheiten k\u00f6nnen, aus meiner Sicht, auch eine Chance sein. Die Denkmalpflege hat den klaren Auftrag, die geschichtlichen, k\u00fcnstlerischen und sonstigen kulturellen Bedeutungen von Bauwerken, Ensembles und Quartieren zu erfassen, zu bewerten und zu erhalten. Aber nunRead More","og_url":"https:\/\/denkmalpflege.tuwien.ac.at\/index.php\/ueber-uns\/","og_site_name":"Denkmalpflege und Bauen im Bestand","article_modified_time":"2025-10-15T10:39:21+00:00","twitter_card":"summary_large_image","twitter_misc":{"Gesch\u00e4tzte Lesezeit":"2\u00a0Minuten"},"schema":{"@context":"https:\/\/schema.org","@graph":[{"@type":"WebPage","@id":"https:\/\/denkmalpflege.tuwien.ac.at\/index.php\/ueber-uns\/","url":"https:\/\/denkmalpflege.tuwien.ac.at\/index.php\/ueber-uns\/","name":"\u00dcber uns - Denkmalpflege und Bauen im Bestand","isPartOf":{"@id":"https:\/\/denkmalpflege.tuwien.ac.at\/#website"},"datePublished":"2019-10-30T19:48:29+00:00","dateModified":"2025-10-15T10:39:21+00:00","breadcrumb":{"@id":"https:\/\/denkmalpflege.tuwien.ac.at\/index.php\/ueber-uns\/#breadcrumb"},"inLanguage":"de","potentialAction":[{"@type":"ReadAction","target":["https:\/\/denkmalpflege.tuwien.ac.at\/index.php\/ueber-uns\/"]}]},{"@type":"BreadcrumbList","@id":"https:\/\/denkmalpflege.tuwien.ac.at\/index.php\/ueber-uns\/#breadcrumb","itemListElement":[{"@type":"ListItem","position":1,"name":"Startseite","item":"https:\/\/denkmalpflege.tuwien.ac.at\/"},{"@type":"ListItem","position":2,"name":"\u00dcber uns"}]},{"@type":"WebSite","@id":"https:\/\/denkmalpflege.tuwien.ac.at\/#website","url":"https:\/\/denkmalpflege.tuwien.ac.at\/","name":"Denkmalpflege und Bauen im Bestand","description":"Denkmalpflege TU Wien","publisher":{"@id":"https:\/\/denkmalpflege.tuwien.ac.at\/#organization"},"potentialAction":[{"@type":"SearchAction","target":{"@type":"EntryPoint","urlTemplate":"https:\/\/denkmalpflege.tuwien.ac.at\/?s={search_term_string}"},"query-input":{"@type":"PropertyValueSpecification","valueRequired":true,"valueName":"search_term_string"}}],"inLanguage":"de"},{"@type":"Organization","@id":"https:\/\/denkmalpflege.tuwien.ac.at\/#organization","name":"TU Wien Denkmalpflege und Bauen im Bestand","url":"https:\/\/denkmalpflege.tuwien.ac.at\/","logo":{"@type":"ImageObject","inLanguage":"de","@id":"https:\/\/denkmalpflege.tuwien.ac.at\/#\/schema\/logo\/image\/","url":"https:\/\/denkmalpflege.tuwien.ac.at\/wp-content\/uploads\/2019\/10\/Logo1.png","contentUrl":"https:\/\/denkmalpflege.tuwien.ac.at\/wp-content\/uploads\/2019\/10\/Logo1.png","width":222,"height":79,"caption":"TU Wien Denkmalpflege und Bauen im Bestand"},"image":{"@id":"https:\/\/denkmalpflege.tuwien.ac.at\/#\/schema\/logo\/image\/"}}]}},"_links":{"self":[{"href":"https:\/\/denkmalpflege.tuwien.ac.at\/index.php\/wp-json\/wp\/v2\/pages\/16156","targetHints":{"allow":["GET"]}}],"collection":[{"href":"https:\/\/denkmalpflege.tuwien.ac.at\/index.php\/wp-json\/wp\/v2\/pages"}],"about":[{"href":"https:\/\/denkmalpflege.tuwien.ac.at\/index.php\/wp-json\/wp\/v2\/types\/page"}],"author":[{"embeddable":true,"href":"https:\/\/denkmalpflege.tuwien.ac.at\/index.php\/wp-json\/wp\/v2\/users\/1"}],"replies":[{"embeddable":true,"href":"https:\/\/denkmalpflege.tuwien.ac.at\/index.php\/wp-json\/wp\/v2\/comments?post=16156"}],"version-history":[{"count":42,"href":"https:\/\/denkmalpflege.tuwien.ac.at\/index.php\/wp-json\/wp\/v2\/pages\/16156\/revisions"}],"predecessor-version":[{"id":34880,"href":"https:\/\/denkmalpflege.tuwien.ac.at\/index.php\/wp-json\/wp\/v2\/pages\/16156\/revisions\/34880"}],"wp:attachment":[{"href":"https:\/\/denkmalpflege.tuwien.ac.at\/index.php\/wp-json\/wp\/v2\/media?parent=16156"}],"curies":[{"name":"wp","href":"https:\/\/api.w.org\/{rel}","templated":true}]}}