{"id":16153,"date":"2019-10-30T20:48:05","date_gmt":"2019-10-30T19:48:05","guid":{"rendered":"http:\/\/denkmalpflege.tuwien.ac.at\/?page_id=16153"},"modified":"2025-09-12T11:38:27","modified_gmt":"2025-09-12T09:38:27","slug":"bibliothek","status":"publish","type":"page","link":"https:\/\/denkmalpflege.tuwien.ac.at\/index.php\/bibliothek\/","title":{"rendered":"Bibliothek"},"content":{"rendered":"\t\t<div data-elementor-type=\"wp-page\" data-elementor-id=\"16153\" class=\"elementor elementor-16153\" data-elementor-post-type=\"page\">\n\t\t\t\t\t\t<section class=\"elementor-section elementor-top-section elementor-element elementor-element-e95708c elementor-section-full_width elementor-section-height-default elementor-section-height-default\" data-id=\"e95708c\" data-element_type=\"section\">\n\t\t\t\t\t\t<div class=\"elementor-container elementor-column-gap-default\">\n\t\t\t\t\t<div class=\"elementor-column elementor-col-50 elementor-top-column elementor-element elementor-element-46e6468\" data-id=\"46e6468\" data-element_type=\"column\">\n\t\t\t<div class=\"elementor-widget-wrap elementor-element-populated\">\n\t\t\t\t\t\t<div class=\"elementor-element elementor-element-6414702 elementor-widget elementor-widget-heading\" data-id=\"6414702\" data-element_type=\"widget\" data-widget_type=\"heading.default\">\n\t\t\t\t<div class=\"elementor-widget-container\">\n\t\t\t\t\t<h2 class=\"elementor-heading-title elementor-size-default\">Bibliothek<\/h2>\t\t\t\t<\/div>\n\t\t\t\t<\/div>\n\t\t\t\t<div class=\"elementor-element elementor-element-9988826 elementor-widget elementor-widget-heading\" data-id=\"9988826\" data-element_type=\"widget\" data-widget_type=\"heading.default\">\n\t\t\t\t<div class=\"elementor-widget-container\">\n\t\t\t\t\t<h2 class=\"elementor-heading-title elementor-size-default\">TU Bibliothek<\/h2>\t\t\t\t<\/div>\n\t\t\t\t<\/div>\n\t\t\t\t<div class=\"elementor-element elementor-element-2fb9fbe elementor-widget elementor-widget-text-editor\" data-id=\"2fb9fbe\" data-element_type=\"widget\" data-widget_type=\"text-editor.default\">\n\t\t\t\t<div class=\"elementor-widget-container\">\n\t\t\t\t\t\t\t\t\t<p><a href=\"https:\/\/catalogplus.tuwien.ac.at\/primo_library\/libweb\/action\/search.do?vid=UTW\">TU Catalog Plus<\/a><\/p>\t\t\t\t\t\t\t\t<\/div>\n\t\t\t\t<\/div>\n\t\t\t\t\t<\/div>\n\t\t<\/div>\n\t\t\t\t<div class=\"elementor-column elementor-col-50 elementor-top-column elementor-element elementor-element-2cd8313\" data-id=\"2cd8313\" data-element_type=\"column\">\n\t\t\t<div class=\"elementor-widget-wrap elementor-element-populated\">\n\t\t\t\t\t\t<div class=\"elementor-element elementor-element-6b4cf5f6 elementor-widget elementor-widget-image\" data-id=\"6b4cf5f6\" data-element_type=\"widget\" data-widget_type=\"image.default\">\n\t\t\t\t<div class=\"elementor-widget-container\">\n\t\t\t\t\t\t\t\t\t\t\t\t\t\t\t<img fetchpriority=\"high\" decoding=\"async\" width=\"3957\" height=\"2342\" src=\"https:\/\/denkmalpflege.tuwien.ac.at\/wp-content\/uploads\/2019\/11\/IMG_6559.jpg\" class=\"attachment-full size-full wp-image-16726\" alt=\"\" \/>\t\t\t\t\t\t\t\t\t\t\t\t\t\t\t<\/div>\n\t\t\t\t<\/div>\n\t\t\t\t<div class=\"elementor-element elementor-element-c813959 elementor-widget elementor-widget-heading\" data-id=\"c813959\" data-element_type=\"widget\" data-widget_type=\"heading.default\">\n\t\t\t\t<div class=\"elementor-widget-container\">\n\t\t\t\t\t<h2 class=\"elementor-heading-title elementor-size-default\">Bibliothek Forschungsbereich<\/h2>\t\t\t\t<\/div>\n\t\t\t\t<\/div>\n\t\t\t\t<div class=\"elementor-element elementor-element-f5f4142 elementor-widget elementor-widget-text-editor\" data-id=\"f5f4142\" data-element_type=\"widget\" data-widget_type=\"text-editor.default\">\n\t\t\t\t<div class=\"elementor-widget-container\">\n\t\t\t\t\t\t\t\t\t<p><strong>\u00d6ffnungszeiten<\/strong><br \/>Mo &#8211; Do 10:30 &#8211; 12:00 Uhr<br \/>Do 15:00 &#8211; 16:00 Uhr<\/p><p>Voranmeldung erw\u00fcnscht,<br \/>weitere Zeiten m\u00f6glich nach Vereinbarung.<\/p><p><strong>Ort<\/strong><br \/>Karlsplatz 13,<br \/>Stiege 3, 2. Stock<br \/>Forschungsbereich E251.2<\/p><p><strong>Ansprechperson<\/strong><br \/>Sophie Stackmann<br \/><a href=\"mailto:sophie.stackmann@tuwien.ac.at\">sophie.stackmann@tuwien.ac.at<\/a><\/p><p><strong>Hinweis<\/strong><br \/>Unsere Bibliothek ist eine Pr\u00e4senzbibliothek. Die Ausleihe von B\u00fcchern ist leider nicht m\u00f6glich. An unserem Forschungsbereich stehen Ihnen aber sowohl Scanner als auch Kopierer bereit.<\/p><p><strong>Bibliotheksnutzung<\/strong><br \/>Scannen und Fotografieren der B\u00fccher ist im Rahmen des Urheberrechts erlaubt.<\/p><p>Nach dem Benutzen der B\u00fccher, diese in die vorbereitete Box legen (NICHT ins Regal r\u00e4umen!).<\/p><p>Vielen Dank f\u00fcr Ihre Zusammenarbeit!<\/p>\t\t\t\t\t\t\t\t<\/div>\n\t\t\t\t<\/div>\n\t\t\t\t\t<\/div>\n\t\t<\/div>\n\t\t\t\t\t<\/div>\n\t\t<\/section>\n\t\t\t\t<\/div>\n\t\t","protected":false},"excerpt":{"rendered":"<p>Bibliothek TU Bibliothek TU Catalog Plus Bibliothek Forschungsbereich \u00d6ffnungszeitenMo &#8211; Do 10:30 &#8211; 12:00 UhrDo 15:00 &#8211; 16:00 Uhr Voranmeldung erw\u00fcnscht,weitere Zeiten m\u00f6glich nach Vereinbarung. OrtKarlsplatz 13,Stiege 3, 2. StockForschungsbereich E251.2 AnsprechpersonSophie Stackmannsophie.stackmann@tuwien.ac.at HinweisUnsere Bibliothek ist eine Pr\u00e4senzbibliothek. Die Ausleihe von B\u00fcchern ist leider nicht m\u00f6glich. An unserem Forschungsbereich stehen Ihnen aber sowohl Scanner als auch Kopierer bereit. BibliotheksnutzungScannen und Fotografieren der B\u00fccher ist im Rahmen des Urheberrechts erlaubt. Nach<\/p>\n<div class=\"belowpost\"><a class=\"btnmore icon-arrow\" href=\"https:\/\/denkmalpflege.tuwien.ac.at\/index.php\/bibliothek\/\"><span>Read More<\/span><\/a><\/div>\n","protected":false},"author":1,"featured_media":0,"parent":0,"menu_order":0,"comment_status":"closed","ping_status":"closed","template":"","meta":{"footnotes":""},"class_list":["post-16153","page","type-page","status-publish","hentry"],"yoast_head":"<!-- This site is optimized with the Yoast SEO plugin v26.0 - https:\/\/yoast.com\/wordpress\/plugins\/seo\/ -->\n<title>Bibliothek - Denkmalpflege und Bauen im Bestand<\/title>\n<meta name=\"robots\" content=\"index, follow, max-snippet:-1, max-image-preview:large, max-video-preview:-1\" \/>\n<link rel=\"canonical\" href=\"https:\/\/denkmalpflege.tuwien.ac.at\/index.php\/bibliothek\/\" \/>\n<meta property=\"og:locale\" content=\"de_DE\" \/>\n<meta property=\"og:type\" content=\"article\" \/>\n<meta property=\"og:title\" content=\"Bibliothek - Denkmalpflege und Bauen im Bestand\" \/>\n<meta property=\"og:description\" content=\"Bibliothek TU Bibliothek TU Catalog Plus Bibliothek Forschungsbereich \u00d6ffnungszeitenMo &#8211; Do 10:30 &#8211; 12:00 UhrDo 15:00 &#8211; 16:00 Uhr Voranmeldung erw\u00fcnscht,weitere Zeiten m\u00f6glich nach Vereinbarung. OrtKarlsplatz 13,Stiege 3, 2. StockForschungsbereich E251.2 AnsprechpersonSophie Stackmannsophie.stackmann@tuwien.ac.at HinweisUnsere Bibliothek ist eine Pr\u00e4senzbibliothek. Die Ausleihe von B\u00fcchern ist leider nicht m\u00f6glich. An unserem Forschungsbereich stehen Ihnen aber sowohl Scanner als auch Kopierer bereit. BibliotheksnutzungScannen und Fotografieren der B\u00fccher ist im Rahmen des Urheberrechts erlaubt. NachRead More\" \/>\n<meta property=\"og:url\" content=\"https:\/\/denkmalpflege.tuwien.ac.at\/index.php\/bibliothek\/\" \/>\n<meta property=\"og:site_name\" content=\"Denkmalpflege und Bauen im Bestand\" \/>\n<meta property=\"article:modified_time\" content=\"2025-09-12T09:38:27+00:00\" \/>\n<meta property=\"og:image\" content=\"http:\/\/denkmalpflege.tuwien.ac.at\/wp-content\/uploads\/2019\/11\/IMG_6559.jpg\" \/>\n<meta name=\"twitter:card\" content=\"summary_large_image\" \/>\n<script type=\"application\/ld+json\" class=\"yoast-schema-graph\">{\"@context\":\"https:\/\/schema.org\",\"@graph\":[{\"@type\":\"WebPage\",\"@id\":\"https:\/\/denkmalpflege.tuwien.ac.at\/index.php\/bibliothek\/\",\"url\":\"https:\/\/denkmalpflege.tuwien.ac.at\/index.php\/bibliothek\/\",\"name\":\"Bibliothek - Denkmalpflege und Bauen im Bestand\",\"isPartOf\":{\"@id\":\"https:\/\/denkmalpflege.tuwien.ac.at\/#website\"},\"primaryImageOfPage\":{\"@id\":\"https:\/\/denkmalpflege.tuwien.ac.at\/index.php\/bibliothek\/#primaryimage\"},\"image\":{\"@id\":\"https:\/\/denkmalpflege.tuwien.ac.at\/index.php\/bibliothek\/#primaryimage\"},\"thumbnailUrl\":\"http:\/\/denkmalpflege.tuwien.ac.at\/wp-content\/uploads\/2019\/11\/IMG_6559.jpg\",\"datePublished\":\"2019-10-30T19:48:05+00:00\",\"dateModified\":\"2025-09-12T09:38:27+00:00\",\"breadcrumb\":{\"@id\":\"https:\/\/denkmalpflege.tuwien.ac.at\/index.php\/bibliothek\/#breadcrumb\"},\"inLanguage\":\"de\",\"potentialAction\":[{\"@type\":\"ReadAction\",\"target\":[\"https:\/\/denkmalpflege.tuwien.ac.at\/index.php\/bibliothek\/\"]}]},{\"@type\":\"ImageObject\",\"inLanguage\":\"de\",\"@id\":\"https:\/\/denkmalpflege.tuwien.ac.at\/index.php\/bibliothek\/#primaryimage\",\"url\":\"https:\/\/denkmalpflege.tuwien.ac.at\/wp-content\/uploads\/2019\/11\/IMG_6559.jpg\",\"contentUrl\":\"https:\/\/denkmalpflege.tuwien.ac.at\/wp-content\/uploads\/2019\/11\/IMG_6559.jpg\",\"width\":3957,\"height\":2342},{\"@type\":\"BreadcrumbList\",\"@id\":\"https:\/\/denkmalpflege.tuwien.ac.at\/index.php\/bibliothek\/#breadcrumb\",\"itemListElement\":[{\"@type\":\"ListItem\",\"position\":1,\"name\":\"Startseite\",\"item\":\"https:\/\/denkmalpflege.tuwien.ac.at\/\"},{\"@type\":\"ListItem\",\"position\":2,\"name\":\"Bibliothek\"}]},{\"@type\":\"WebSite\",\"@id\":\"https:\/\/denkmalpflege.tuwien.ac.at\/#website\",\"url\":\"https:\/\/denkmalpflege.tuwien.ac.at\/\",\"name\":\"Denkmalpflege und Bauen im Bestand\",\"description\":\"Denkmalpflege TU Wien\",\"publisher\":{\"@id\":\"https:\/\/denkmalpflege.tuwien.ac.at\/#organization\"},\"potentialAction\":[{\"@type\":\"SearchAction\",\"target\":{\"@type\":\"EntryPoint\",\"urlTemplate\":\"https:\/\/denkmalpflege.tuwien.ac.at\/?s={search_term_string}\"},\"query-input\":{\"@type\":\"PropertyValueSpecification\",\"valueRequired\":true,\"valueName\":\"search_term_string\"}}],\"inLanguage\":\"de\"},{\"@type\":\"Organization\",\"@id\":\"https:\/\/denkmalpflege.tuwien.ac.at\/#organization\",\"name\":\"TU Wien Denkmalpflege und Bauen im Bestand\",\"url\":\"https:\/\/denkmalpflege.tuwien.ac.at\/\",\"logo\":{\"@type\":\"ImageObject\",\"inLanguage\":\"de\",\"@id\":\"https:\/\/denkmalpflege.tuwien.ac.at\/#\/schema\/logo\/image\/\",\"url\":\"https:\/\/denkmalpflege.tuwien.ac.at\/wp-content\/uploads\/2019\/10\/Logo1.png\",\"contentUrl\":\"https:\/\/denkmalpflege.tuwien.ac.at\/wp-content\/uploads\/2019\/10\/Logo1.png\",\"width\":222,\"height\":79,\"caption\":\"TU Wien Denkmalpflege und Bauen im Bestand\"},\"image\":{\"@id\":\"https:\/\/denkmalpflege.tuwien.ac.at\/#\/schema\/logo\/image\/\"}}]}<\/script>\n<!-- \/ Yoast SEO plugin. -->","yoast_head_json":{"title":"Bibliothek - Denkmalpflege und Bauen im Bestand","robots":{"index":"index","follow":"follow","max-snippet":"max-snippet:-1","max-image-preview":"max-image-preview:large","max-video-preview":"max-video-preview:-1"},"canonical":"https:\/\/denkmalpflege.tuwien.ac.at\/index.php\/bibliothek\/","og_locale":"de_DE","og_type":"article","og_title":"Bibliothek - Denkmalpflege und Bauen im Bestand","og_description":"Bibliothek TU Bibliothek TU Catalog Plus Bibliothek Forschungsbereich \u00d6ffnungszeitenMo &#8211; Do 10:30 &#8211; 12:00 UhrDo 15:00 &#8211; 16:00 Uhr Voranmeldung erw\u00fcnscht,weitere Zeiten m\u00f6glich nach Vereinbarung. OrtKarlsplatz 13,Stiege 3, 2. StockForschungsbereich E251.2 AnsprechpersonSophie Stackmannsophie.stackmann@tuwien.ac.at HinweisUnsere Bibliothek ist eine Pr\u00e4senzbibliothek. Die Ausleihe von B\u00fcchern ist leider nicht m\u00f6glich. An unserem Forschungsbereich stehen Ihnen aber sowohl Scanner als auch Kopierer bereit. BibliotheksnutzungScannen und Fotografieren der B\u00fccher ist im Rahmen des Urheberrechts erlaubt. NachRead More","og_url":"https:\/\/denkmalpflege.tuwien.ac.at\/index.php\/bibliothek\/","og_site_name":"Denkmalpflege und Bauen im Bestand","article_modified_time":"2025-09-12T09:38:27+00:00","og_image":[{"url":"http:\/\/denkmalpflege.tuwien.ac.at\/wp-content\/uploads\/2019\/11\/IMG_6559.jpg","type":"","width":"","height":""}],"twitter_card":"summary_large_image","schema":{"@context":"https:\/\/schema.org","@graph":[{"@type":"WebPage","@id":"https:\/\/denkmalpflege.tuwien.ac.at\/index.php\/bibliothek\/","url":"https:\/\/denkmalpflege.tuwien.ac.at\/index.php\/bibliothek\/","name":"Bibliothek - Denkmalpflege und Bauen im Bestand","isPartOf":{"@id":"https:\/\/denkmalpflege.tuwien.ac.at\/#website"},"primaryImageOfPage":{"@id":"https:\/\/denkmalpflege.tuwien.ac.at\/index.php\/bibliothek\/#primaryimage"},"image":{"@id":"https:\/\/denkmalpflege.tuwien.ac.at\/index.php\/bibliothek\/#primaryimage"},"thumbnailUrl":"http:\/\/denkmalpflege.tuwien.ac.at\/wp-content\/uploads\/2019\/11\/IMG_6559.jpg","datePublished":"2019-10-30T19:48:05+00:00","dateModified":"2025-09-12T09:38:27+00:00","breadcrumb":{"@id":"https:\/\/denkmalpflege.tuwien.ac.at\/index.php\/bibliothek\/#breadcrumb"},"inLanguage":"de","potentialAction":[{"@type":"ReadAction","target":["https:\/\/denkmalpflege.tuwien.ac.at\/index.php\/bibliothek\/"]}]},{"@type":"ImageObject","inLanguage":"de","@id":"https:\/\/denkmalpflege.tuwien.ac.at\/index.php\/bibliothek\/#primaryimage","url":"https:\/\/denkmalpflege.tuwien.ac.at\/wp-content\/uploads\/2019\/11\/IMG_6559.jpg","contentUrl":"https:\/\/denkmalpflege.tuwien.ac.at\/wp-content\/uploads\/2019\/11\/IMG_6559.jpg","width":3957,"height":2342},{"@type":"BreadcrumbList","@id":"https:\/\/denkmalpflege.tuwien.ac.at\/index.php\/bibliothek\/#breadcrumb","itemListElement":[{"@type":"ListItem","position":1,"name":"Startseite","item":"https:\/\/denkmalpflege.tuwien.ac.at\/"},{"@type":"ListItem","position":2,"name":"Bibliothek"}]},{"@type":"WebSite","@id":"https:\/\/denkmalpflege.tuwien.ac.at\/#website","url":"https:\/\/denkmalpflege.tuwien.ac.at\/","name":"Denkmalpflege und Bauen im Bestand","description":"Denkmalpflege TU Wien","publisher":{"@id":"https:\/\/denkmalpflege.tuwien.ac.at\/#organization"},"potentialAction":[{"@type":"SearchAction","target":{"@type":"EntryPoint","urlTemplate":"https:\/\/denkmalpflege.tuwien.ac.at\/?s={search_term_string}"},"query-input":{"@type":"PropertyValueSpecification","valueRequired":true,"valueName":"search_term_string"}}],"inLanguage":"de"},{"@type":"Organization","@id":"https:\/\/denkmalpflege.tuwien.ac.at\/#organization","name":"TU Wien Denkmalpflege und Bauen im Bestand","url":"https:\/\/denkmalpflege.tuwien.ac.at\/","logo":{"@type":"ImageObject","inLanguage":"de","@id":"https:\/\/denkmalpflege.tuwien.ac.at\/#\/schema\/logo\/image\/","url":"https:\/\/denkmalpflege.tuwien.ac.at\/wp-content\/uploads\/2019\/10\/Logo1.png","contentUrl":"https:\/\/denkmalpflege.tuwien.ac.at\/wp-content\/uploads\/2019\/10\/Logo1.png","width":222,"height":79,"caption":"TU Wien Denkmalpflege und Bauen im Bestand"},"image":{"@id":"https:\/\/denkmalpflege.tuwien.ac.at\/#\/schema\/logo\/image\/"}}]}},"_links":{"self":[{"href":"https:\/\/denkmalpflege.tuwien.ac.at\/index.php\/wp-json\/wp\/v2\/pages\/16153","targetHints":{"allow":["GET"]}}],"collection":[{"href":"https:\/\/denkmalpflege.tuwien.ac.at\/index.php\/wp-json\/wp\/v2\/pages"}],"about":[{"href":"https:\/\/denkmalpflege.tuwien.ac.at\/index.php\/wp-json\/wp\/v2\/types\/page"}],"author":[{"embeddable":true,"href":"https:\/\/denkmalpflege.tuwien.ac.at\/index.php\/wp-json\/wp\/v2\/users\/1"}],"replies":[{"embeddable":true,"href":"https:\/\/denkmalpflege.tuwien.ac.at\/index.php\/wp-json\/wp\/v2\/comments?post=16153"}],"version-history":[{"count":81,"href":"https:\/\/denkmalpflege.tuwien.ac.at\/index.php\/wp-json\/wp\/v2\/pages\/16153\/revisions"}],"predecessor-version":[{"id":34529,"href":"https:\/\/denkmalpflege.tuwien.ac.at\/index.php\/wp-json\/wp\/v2\/pages\/16153\/revisions\/34529"}],"wp:attachment":[{"href":"https:\/\/denkmalpflege.tuwien.ac.at\/index.php\/wp-json\/wp\/v2\/media?parent=16153"}],"curies":[{"name":"wp","href":"https:\/\/api.w.org\/{rel}","templated":true}]}}