{"id":16132,"date":"2019-10-30T20:43:43","date_gmt":"2019-10-30T19:43:43","guid":{"rendered":"http:\/\/denkmalpflege.tuwien.ac.at\/?page_id=16132"},"modified":"2023-10-22T12:14:56","modified_gmt":"2023-10-22T10:14:56","slug":"denkmalpflege-und-bausanierung","status":"publish","type":"page","link":"https:\/\/denkmalpflege.tuwien.ac.at\/index.php\/denkmalpflege-und-bausanierung\/","title":{"rendered":"Denkmalpflege und Bausanierung"},"content":{"rendered":"\t\t<div data-elementor-type=\"wp-page\" data-elementor-id=\"16132\" class=\"elementor elementor-16132\" data-elementor-post-type=\"page\">\n\t\t\t\t\t\t<section class=\"elementor-section elementor-top-section elementor-element elementor-element-0cd2443 elementor-section-full_width elementor-section-height-default elementor-section-height-default\" data-id=\"0cd2443\" data-element_type=\"section\">\n\t\t\t\t\t\t<div class=\"elementor-container elementor-column-gap-default\">\n\t\t\t\t\t<div class=\"elementor-column elementor-col-50 elementor-top-column elementor-element elementor-element-95a2b7d\" data-id=\"95a2b7d\" data-element_type=\"column\">\n\t\t\t<div class=\"elementor-widget-wrap elementor-element-populated\">\n\t\t\t\t\t\t<div class=\"elementor-element elementor-element-16231f1 elementor-widget elementor-widget-heading\" data-id=\"16231f1\" data-element_type=\"widget\" data-widget_type=\"heading.default\">\n\t\t\t\t<div class=\"elementor-widget-container\">\n\t\t\t\t\t<h2 class=\"elementor-heading-title elementor-size-default\"><a href=\"https:\/\/denkmalpflege.tuwien.ac.at\/index.php\/wintersemester1920\/\">LVA WS19<\/a><\/h2>\t\t\t\t<\/div>\n\t\t\t\t<\/div>\n\t\t\t\t\t<\/div>\n\t\t<\/div>\n\t\t\t\t<div class=\"elementor-column elementor-col-50 elementor-top-column elementor-element elementor-element-2ffbf15\" data-id=\"2ffbf15\" data-element_type=\"column\">\n\t\t\t<div class=\"elementor-widget-wrap elementor-element-populated\">\n\t\t\t\t\t\t<div class=\"elementor-element elementor-element-5bde1cc elementor-widget elementor-widget-heading\" data-id=\"5bde1cc\" data-element_type=\"widget\" data-widget_type=\"heading.default\">\n\t\t\t\t<div class=\"elementor-widget-container\">\n\t\t\t\t\t<h2 class=\"elementor-heading-title elementor-size-default\">257.036 <span style=\"float: right\"> 3,0 h (4,0 ECTS)<\/span><\/h2>\t\t\t\t<\/div>\n\t\t\t\t<\/div>\n\t\t\t\t\t<\/div>\n\t\t<\/div>\n\t\t\t\t\t<\/div>\n\t\t<\/section>\n\t\t\t\t<section class=\"elementor-section elementor-top-section elementor-element elementor-element-2d499b18 elementor-section-full_width elementor-section-height-default elementor-section-height-default\" data-id=\"2d499b18\" data-element_type=\"section\">\n\t\t\t\t\t\t<div class=\"elementor-container elementor-column-gap-default\">\n\t\t\t\t\t<div class=\"elementor-column elementor-col-50 elementor-top-column elementor-element elementor-element-5bb6e80a\" data-id=\"5bb6e80a\" data-element_type=\"column\">\n\t\t\t<div class=\"elementor-widget-wrap elementor-element-populated\">\n\t\t\t\t\t\t<div class=\"elementor-element elementor-element-5ff67ae elementor-nav-menu__align-start elementor-nav-menu--dropdown-mobile elementor-nav-menu__text-align-aside elementor-nav-menu--toggle elementor-nav-menu--burger elementor-widget elementor-widget-nav-menu\" data-id=\"5ff67ae\" data-element_type=\"widget\" data-settings=\"{&quot;layout&quot;:&quot;vertical&quot;,&quot;submenu_icon&quot;:{&quot;value&quot;:&quot;&lt;i class=\\&quot;\\&quot; aria-hidden=\\&quot;true\\&quot;&gt;&lt;\\\/i&gt;&quot;,&quot;library&quot;:&quot;&quot;},&quot;toggle&quot;:&quot;burger&quot;}\" data-widget_type=\"nav-menu.default\">\n\t\t\t\t<div class=\"elementor-widget-container\">\n\t\t\t\t\t\t\t\t<nav aria-label=\"Men\u00fc\" class=\"elementor-nav-menu--main elementor-nav-menu__container elementor-nav-menu--layout-vertical e--pointer-none\">\n\t\t\t\t<ul id=\"menu-1-5ff67ae\" class=\"elementor-nav-menu sm-vertical\"><li class=\"menu-item menu-item-type-post_type menu-item-object-page menu-item-16211\"><a href=\"https:\/\/denkmalpflege.tuwien.ac.at\/index.php\/denkmalpflege-vorlesung\/\" class=\"elementor-item\">Vorlesung <\/br> Denkmalpflege<\/a><\/li>\n<li class=\"menu-item menu-item-type-post_type menu-item-object-page menu-item-16212\"><a href=\"https:\/\/denkmalpflege.tuwien.ac.at\/index.php\/pesaro-villa-imperial\/\" class=\"elementor-item\">Gro\u00dfes Entwerfen <\/br> Pesaro Villa Imperiale<\/a><\/li>\n<li class=\"menu-item menu-item-type-post_type menu-item-object-page menu-item-16213\"><a href=\"https:\/\/denkmalpflege.tuwien.ac.at\/index.php\/heft-ig\/\" class=\"elementor-item\">Gro\u00dfes Entwerfen <\/br> Heft-ig Domenig \u00fcber dem H\u00fcttenwerk<\/a><\/li>\n<li class=\"menu-item menu-item-type-post_type menu-item-object-page menu-item-16214\"><a href=\"https:\/\/denkmalpflege.tuwien.ac.at\/index.php\/stehgreifeintwerfen-denkmalpflege\/\" class=\"elementor-item\">Stegreifentwerfen <\/br> Bild der Stadt. Stadt im Bild.<\/a><\/li>\n<li class=\"menu-item menu-item-type-post_type menu-item-object-page menu-item-16386\"><a href=\"https:\/\/denkmalpflege.tuwien.ac.at\/index.php\/wahlseminar-denkmalforschung\/\" class=\"elementor-item\">Wahlseminar <\/br> Leisure Time! Orte der Freizeit <\/br> der Nachkriegsmoderne in Wien<\/a><\/li>\n<li class=\"menu-item menu-item-type-post_type menu-item-object-page menu-item-16217\"><a href=\"https:\/\/denkmalpflege.tuwien.ac.at\/index.php\/industriearchaeologisches-praktikum\/\" class=\"elementor-item\">Praktikum <\/br> Industriearch\u00e4ologisches Praktikum<\/a><\/li>\n<li class=\"menu-item menu-item-type-post_type menu-item-object-page menu-item-16219\"><a href=\"https:\/\/denkmalpflege.tuwien.ac.at\/index.php\/denkmalpflege-und-bausanierung\/\" class=\"elementor-item\">\u00dcbung <\/br> Denkmalpflege &#038; Bausanierung<\/a><\/li>\n<li class=\"menu-item menu-item-type-post_type menu-item-object-page menu-item-16220\"><a href=\"https:\/\/denkmalpflege.tuwien.ac.at\/index.php\/lehre-2\/lva-sommersemester-2021\/anleitung-wissenschaftlichen-arbeiten\/\" class=\"elementor-item\">Seminar <\/br> Anleitung zum wissenschaftlichen Arbeiten<\/a><\/li>\n<li class=\"menu-item menu-item-type-post_type menu-item-object-page menu-item-16221\"><a href=\"https:\/\/denkmalpflege.tuwien.ac.at\/index.php\/diplomanden-und-dissertantenseminar\/\" class=\"elementor-item\">Seminar <\/br> Diplomanden- und Dissertantenseminar<\/a><\/li>\n<\/ul>\t\t\t<\/nav>\n\t\t\t\t\t<div class=\"elementor-menu-toggle\" role=\"button\" tabindex=\"0\" aria-label=\"Men\u00fc Umschalter\" aria-expanded=\"false\">\n\t\t\t<i aria-hidden=\"true\" role=\"presentation\" class=\"elementor-menu-toggle__icon--open eicon-menu-bar\"><\/i><i aria-hidden=\"true\" role=\"presentation\" class=\"elementor-menu-toggle__icon--close eicon-close\"><\/i>\t\t<\/div>\n\t\t\t\t\t<nav class=\"elementor-nav-menu--dropdown elementor-nav-menu__container\" aria-hidden=\"true\">\n\t\t\t\t<ul id=\"menu-2-5ff67ae\" class=\"elementor-nav-menu sm-vertical\"><li class=\"menu-item menu-item-type-post_type menu-item-object-page menu-item-16211\"><a href=\"https:\/\/denkmalpflege.tuwien.ac.at\/index.php\/denkmalpflege-vorlesung\/\" class=\"elementor-item\" tabindex=\"-1\">Vorlesung <\/br> Denkmalpflege<\/a><\/li>\n<li class=\"menu-item menu-item-type-post_type menu-item-object-page menu-item-16212\"><a href=\"https:\/\/denkmalpflege.tuwien.ac.at\/index.php\/pesaro-villa-imperial\/\" class=\"elementor-item\" tabindex=\"-1\">Gro\u00dfes Entwerfen <\/br> Pesaro Villa Imperiale<\/a><\/li>\n<li class=\"menu-item menu-item-type-post_type menu-item-object-page menu-item-16213\"><a href=\"https:\/\/denkmalpflege.tuwien.ac.at\/index.php\/heft-ig\/\" class=\"elementor-item\" tabindex=\"-1\">Gro\u00dfes Entwerfen <\/br> Heft-ig Domenig \u00fcber dem H\u00fcttenwerk<\/a><\/li>\n<li class=\"menu-item menu-item-type-post_type menu-item-object-page menu-item-16214\"><a href=\"https:\/\/denkmalpflege.tuwien.ac.at\/index.php\/stehgreifeintwerfen-denkmalpflege\/\" class=\"elementor-item\" tabindex=\"-1\">Stegreifentwerfen <\/br> Bild der Stadt. Stadt im Bild.<\/a><\/li>\n<li class=\"menu-item menu-item-type-post_type menu-item-object-page menu-item-16386\"><a href=\"https:\/\/denkmalpflege.tuwien.ac.at\/index.php\/wahlseminar-denkmalforschung\/\" class=\"elementor-item\" tabindex=\"-1\">Wahlseminar <\/br> Leisure Time! Orte der Freizeit <\/br> der Nachkriegsmoderne in Wien<\/a><\/li>\n<li class=\"menu-item menu-item-type-post_type menu-item-object-page menu-item-16217\"><a href=\"https:\/\/denkmalpflege.tuwien.ac.at\/index.php\/industriearchaeologisches-praktikum\/\" class=\"elementor-item\" tabindex=\"-1\">Praktikum <\/br> Industriearch\u00e4ologisches Praktikum<\/a><\/li>\n<li class=\"menu-item menu-item-type-post_type menu-item-object-page menu-item-16219\"><a href=\"https:\/\/denkmalpflege.tuwien.ac.at\/index.php\/denkmalpflege-und-bausanierung\/\" class=\"elementor-item\" tabindex=\"-1\">\u00dcbung <\/br> Denkmalpflege &#038; Bausanierung<\/a><\/li>\n<li class=\"menu-item menu-item-type-post_type menu-item-object-page menu-item-16220\"><a href=\"https:\/\/denkmalpflege.tuwien.ac.at\/index.php\/lehre-2\/lva-sommersemester-2021\/anleitung-wissenschaftlichen-arbeiten\/\" class=\"elementor-item\" tabindex=\"-1\">Seminar <\/br> Anleitung zum wissenschaftlichen Arbeiten<\/a><\/li>\n<li class=\"menu-item menu-item-type-post_type menu-item-object-page menu-item-16221\"><a href=\"https:\/\/denkmalpflege.tuwien.ac.at\/index.php\/diplomanden-und-dissertantenseminar\/\" class=\"elementor-item\" tabindex=\"-1\">Seminar <\/br> Diplomanden- und Dissertantenseminar<\/a><\/li>\n<\/ul>\t\t\t<\/nav>\n\t\t\t\t\t\t<\/div>\n\t\t\t\t<\/div>\n\t\t\t\t\t<\/div>\n\t\t<\/div>\n\t\t\t\t<div class=\"elementor-column elementor-col-50 elementor-top-column elementor-element elementor-element-12e76883\" data-id=\"12e76883\" data-element_type=\"column\">\n\t\t\t<div class=\"elementor-widget-wrap elementor-element-populated\">\n\t\t\t\t\t\t<div class=\"elementor-element elementor-element-2a3ea12d elementor-widget elementor-widget-text-editor\" data-id=\"2a3ea12d\" data-element_type=\"widget\" data-widget_type=\"text-editor.default\">\n\t\t\t\t<div class=\"elementor-widget-container\">\n\t\t\t\t\t\t\t\t\t<h1>Denkmalpflege und Bausanierung &#8211; \u00dcbung<\/h1>\t\t\t\t\t\t\t\t<\/div>\n\t\t\t\t<\/div>\n\t\t\t\t<div class=\"elementor-element elementor-element-3878c307 lva_img elementor-widget elementor-widget-image\" data-id=\"3878c307\" data-element_type=\"widget\" data-widget_type=\"image.default\">\n\t\t\t\t<div class=\"elementor-widget-container\">\n\t\t\t\t\t\t\t\t\t\t\t\t\t\t\t<img fetchpriority=\"high\" decoding=\"async\" width=\"4785\" height=\"3489\" src=\"https:\/\/denkmalpflege.tuwien.ac.at\/wp-content\/uploads\/2019\/10\/191031_LVA_U\u0308bung_Denkmalpflege.jpg\" class=\"attachment-full size-full wp-image-16320\" alt=\"\" \/>\t\t\t\t\t\t\t\t\t\t\t\t\t\t\t<\/div>\n\t\t\t\t<\/div>\n\t\t\t\t<div class=\"elementor-element elementor-element-4bb144b elementor-widget elementor-widget-text-editor\" data-id=\"4bb144b\" data-element_type=\"widget\" data-widget_type=\"text-editor.default\">\n\t\t\t\t<div class=\"elementor-widget-container\">\n\t\t\t\t\t\t\t\t\t<p class=\"akt\">Allgemeines Wahlpflichtfach im Bachelorstudium. Freies Wahlfach im Masterstudium.<\/p>\t\t\t\t\t\t\t\t<\/div>\n\t\t\t\t<\/div>\n\t\t\t\t<div class=\"elementor-element elementor-element-679903f8 elementor-widget elementor-widget-text-editor\" data-id=\"679903f8\" data-element_type=\"widget\" data-widget_type=\"text-editor.default\">\n\t\t\t\t<div class=\"elementor-widget-container\">\n\t\t\t\t\t\t\t\t\t<h3 class=\"lva_h3 lva_leiter\">Dimitri EGOROV<\/h3>\n<h3 class=\"lva_h3 lva_h3_abstand\">Einf\u00fchrung<\/h3>\n<p class=\"lva_text\">9. Oktober 2019, SR 257 (Stiege 3, 2. Stock)<\/p>\n\n<h3 class=\"lva_h3 lva_leiter lva_h3_abstand\">Termine<\/h3>\n<p class=\"lva_text\">w\u00f6chentlich Mittwoch 9:00-13:00 Uhr, SR 257 (Stiege 3, 2. OG)<\/p>\n<h3 class=\"lva_h3 lva_leiter lva_h3_abstand\">Anmeldung<\/h3>\n<p class=\"lva_text\">Teilnehmerbeschr\u00e4nkung auf 20 Personen!\n<\/br>Anwesenheitspflicht! <\/br>\u00dcber <a class=\"link\" href=\"https:\/\/tiss.tuwien.ac.at\/course\/courseDetails.xhtml?dswid=2810&amp;dsrid=743&amp;courseNr=257036&amp;semester=2019W\"> TISS<\/a><\/p>\t\t\t\t\t\t\t\t<\/div>\n\t\t\t\t<\/div>\n\t\t\t\t<div class=\"elementor-element elementor-element-e079ddd elementor-widget-divider--view-line elementor-widget elementor-widget-divider\" data-id=\"e079ddd\" data-element_type=\"widget\" data-widget_type=\"divider.default\">\n\t\t\t\t<div class=\"elementor-widget-container\">\n\t\t\t\t\t\t\t<div class=\"elementor-divider\">\n\t\t\t<span class=\"elementor-divider-separator\">\n\t\t\t\t\t\t<\/span>\n\t\t<\/div>\n\t\t\t\t\t\t<\/div>\n\t\t\t\t<\/div>\n\t\t\t\t<div class=\"elementor-element elementor-element-4563b9f2 elementor-widget elementor-widget-text-editor\" data-id=\"4563b9f2\" data-element_type=\"widget\" data-widget_type=\"text-editor.default\">\n\t\t\t\t<div class=\"elementor-widget-container\">\n\t\t\t\t\t\t\t\t\t<h3 class=\"lva_h3\">Lernergebnisse<\/h3><p class=\"lva_text\">Nach positiver Absolvierung der Lehrveranstaltung sind Studierende in der Lage, aufgrund von Archivrecherchen und einer Bauaufnahme mit entsprechender Dokumentation einzusch\u00e4tzen, ob \u2013 und wenn ja \u2013 in welcher Weise in einem Wiener Gr\u00fcnderzeithaus Sanierungsma\u00dfnahmen vorzunehmen sind.<\/p><h3 class=\"lva_h3 lva_h3_abstand\">Inhalt der Lehrveranstaltung<\/h3><p class=\"lva_text\">Anhand eines ausgew\u00e4hlten Bauobjektes aus der Wiener Gr\u00fcnderzeit wird eine Machbarkeitsstudie erstellt. Das Studium der Bestandspl\u00e4ne und die historische, architektonische und bautechnische Analyse und Beschreibung des Geb\u00e4udes bilden die Grundlage f\u00fcr Ma\u00dfnahmenvorschl\u00e4ge hinsichtlich der allgemeinen Aufwertung, Instandsetzung und m\u00f6glichen baulichen \u00c4nderungen. Neben denkmalpflegerischen Aspekten soll sich die Studie mit den Anforderungen der Bauordnung und der Benutzbarkeit auseinandersetzen.<\/p>\t\t\t\t\t\t\t\t<\/div>\n\t\t\t\t<\/div>\n\t\t\t\t<div class=\"elementor-element elementor-element-1489ea28 elementor-widget-divider--view-line elementor-widget elementor-widget-divider\" data-id=\"1489ea28\" data-element_type=\"widget\" data-widget_type=\"divider.default\">\n\t\t\t\t<div class=\"elementor-widget-container\">\n\t\t\t\t\t\t\t<div class=\"elementor-divider\">\n\t\t\t<span class=\"elementor-divider-separator\">\n\t\t\t\t\t\t<\/span>\n\t\t<\/div>\n\t\t\t\t\t\t<\/div>\n\t\t\t\t<\/div>\n\t\t\t\t<section class=\"elementor-section elementor-inner-section elementor-element elementor-element-604a7db3 elementor-section-boxed elementor-section-height-default elementor-section-height-default\" data-id=\"604a7db3\" data-element_type=\"section\">\n\t\t\t\t\t\t<div class=\"elementor-container elementor-column-gap-default\">\n\t\t\t\t\t<div class=\"elementor-column elementor-col-50 elementor-inner-column elementor-element elementor-element-347a0db1\" data-id=\"347a0db1\" data-element_type=\"column\">\n\t\t\t<div class=\"elementor-widget-wrap elementor-element-populated\">\n\t\t\t\t\t\t<div class=\"elementor-element elementor-element-23aaeae7 elementor-widget elementor-widget-text-editor\" data-id=\"23aaeae7\" data-element_type=\"widget\" data-widget_type=\"text-editor.default\">\n\t\t\t\t<div class=\"elementor-widget-container\">\n\t\t\t\t\t\t\t\t\t<p class=\"lva_text\"><a class=\"link link_blau\" href=\"https:\/\/tiss.tuwien.ac.at\/course\/courseDetails.xhtml?dswid=2810&amp;dsrid=743&amp;courseNr=257036&amp;semester=2019W\">TISS<\/a>, <a class=\"link link_blau\" href=\"http:\/\/denkmalpflege.tuwien.ac.at\/index.php\/download-modul-denkmalpflege\/\"> Vorlesungsunterlagen<\/a><\/p>\t\t\t\t\t\t\t\t<\/div>\n\t\t\t\t<\/div>\n\t\t\t\t\t<\/div>\n\t\t<\/div>\n\t\t\t\t<div class=\"elementor-column elementor-col-50 elementor-inner-column elementor-element elementor-element-19934a32\" data-id=\"19934a32\" data-element_type=\"column\">\n\t\t\t<div class=\"elementor-widget-wrap\">\n\t\t\t\t\t\t\t<\/div>\n\t\t<\/div>\n\t\t\t\t\t<\/div>\n\t\t<\/section>\n\t\t\t\t\t<\/div>\n\t\t<\/div>\n\t\t\t\t\t<\/div>\n\t\t<\/section>\n\t\t\t\t<\/div>\n\t\t","protected":false},"excerpt":{"rendered":"<p>LVA WS19 257.036 3,0 h (4,0 ECTS) Denkmalpflege und Bausanierung &#8211; \u00dcbung Allgemeines Wahlpflichtfach im Bachelorstudium. Freies Wahlfach im Masterstudium. Dimitri EGOROV Einf\u00fchrung 9. Oktober 2019, SR 257 (Stiege 3, 2. Stock) Termine w\u00f6chentlich Mittwoch 9:00-13:00 Uhr, SR 257 (Stiege 3, 2. OG) Anmeldung Teilnehmerbeschr\u00e4nkung auf 20 Personen! Anwesenheitspflicht! \u00dcber TISS Lernergebnisse Nach positiver Absolvierung der Lehrveranstaltung sind Studierende in der Lage, aufgrund von Archivrecherchen und einer Bauaufnahme mit entsprechender<\/p>\n<div class=\"belowpost\"><a class=\"btnmore icon-arrow\" href=\"https:\/\/denkmalpflege.tuwien.ac.at\/index.php\/denkmalpflege-und-bausanierung\/\"><span>Read More<\/span><\/a><\/div>\n","protected":false},"author":1,"featured_media":0,"parent":0,"menu_order":0,"comment_status":"closed","ping_status":"closed","template":"","meta":{"footnotes":""},"class_list":["post-16132","page","type-page","status-publish","hentry"],"yoast_head":"<!-- This site is optimized with the Yoast SEO plugin v26.0 - https:\/\/yoast.com\/wordpress\/plugins\/seo\/ -->\n<title>Denkmalpflege und Bausanierung - Denkmalpflege und Bauen im Bestand<\/title>\n<meta name=\"robots\" content=\"index, follow, max-snippet:-1, max-image-preview:large, max-video-preview:-1\" \/>\n<link rel=\"canonical\" href=\"https:\/\/denkmalpflege.tuwien.ac.at\/index.php\/denkmalpflege-und-bausanierung\/\" \/>\n<meta property=\"og:locale\" content=\"de_DE\" \/>\n<meta property=\"og:type\" content=\"article\" \/>\n<meta property=\"og:title\" content=\"Denkmalpflege und Bausanierung - Denkmalpflege und Bauen im Bestand\" \/>\n<meta property=\"og:description\" content=\"LVA WS19 257.036 3,0 h (4,0 ECTS) Denkmalpflege und Bausanierung &#8211; \u00dcbung Allgemeines Wahlpflichtfach im Bachelorstudium. Freies Wahlfach im Masterstudium. Dimitri EGOROV Einf\u00fchrung 9. Oktober 2019, SR 257 (Stiege 3, 2. Stock) Termine w\u00f6chentlich Mittwoch 9:00-13:00 Uhr, SR 257 (Stiege 3, 2. OG) Anmeldung Teilnehmerbeschr\u00e4nkung auf 20 Personen! Anwesenheitspflicht! \u00dcber TISS Lernergebnisse Nach positiver Absolvierung der Lehrveranstaltung sind Studierende in der Lage, aufgrund von Archivrecherchen und einer Bauaufnahme mit entsprechenderRead More\" \/>\n<meta property=\"og:url\" content=\"https:\/\/denkmalpflege.tuwien.ac.at\/index.php\/denkmalpflege-und-bausanierung\/\" \/>\n<meta property=\"og:site_name\" content=\"Denkmalpflege und Bauen im Bestand\" \/>\n<meta property=\"article:modified_time\" content=\"2023-10-22T10:14:56+00:00\" \/>\n<meta name=\"twitter:card\" content=\"summary_large_image\" \/>\n<meta name=\"twitter:label1\" content=\"Gesch\u00e4tzte Lesezeit\" \/>\n\t<meta name=\"twitter:data1\" content=\"1\u00a0Minute\" \/>\n<script type=\"application\/ld+json\" class=\"yoast-schema-graph\">{\"@context\":\"https:\/\/schema.org\",\"@graph\":[{\"@type\":\"WebPage\",\"@id\":\"https:\/\/denkmalpflege.tuwien.ac.at\/index.php\/denkmalpflege-und-bausanierung\/\",\"url\":\"https:\/\/denkmalpflege.tuwien.ac.at\/index.php\/denkmalpflege-und-bausanierung\/\",\"name\":\"Denkmalpflege und Bausanierung - Denkmalpflege und Bauen im Bestand\",\"isPartOf\":{\"@id\":\"https:\/\/denkmalpflege.tuwien.ac.at\/#website\"},\"datePublished\":\"2019-10-30T19:43:43+00:00\",\"dateModified\":\"2023-10-22T10:14:56+00:00\",\"breadcrumb\":{\"@id\":\"https:\/\/denkmalpflege.tuwien.ac.at\/index.php\/denkmalpflege-und-bausanierung\/#breadcrumb\"},\"inLanguage\":\"de\",\"potentialAction\":[{\"@type\":\"ReadAction\",\"target\":[\"https:\/\/denkmalpflege.tuwien.ac.at\/index.php\/denkmalpflege-und-bausanierung\/\"]}]},{\"@type\":\"BreadcrumbList\",\"@id\":\"https:\/\/denkmalpflege.tuwien.ac.at\/index.php\/denkmalpflege-und-bausanierung\/#breadcrumb\",\"itemListElement\":[{\"@type\":\"ListItem\",\"position\":1,\"name\":\"Startseite\",\"item\":\"https:\/\/denkmalpflege.tuwien.ac.at\/\"},{\"@type\":\"ListItem\",\"position\":2,\"name\":\"Denkmalpflege und Bausanierung\"}]},{\"@type\":\"WebSite\",\"@id\":\"https:\/\/denkmalpflege.tuwien.ac.at\/#website\",\"url\":\"https:\/\/denkmalpflege.tuwien.ac.at\/\",\"name\":\"Denkmalpflege und Bauen im Bestand\",\"description\":\"Denkmalpflege TU Wien\",\"publisher\":{\"@id\":\"https:\/\/denkmalpflege.tuwien.ac.at\/#organization\"},\"potentialAction\":[{\"@type\":\"SearchAction\",\"target\":{\"@type\":\"EntryPoint\",\"urlTemplate\":\"https:\/\/denkmalpflege.tuwien.ac.at\/?s={search_term_string}\"},\"query-input\":{\"@type\":\"PropertyValueSpecification\",\"valueRequired\":true,\"valueName\":\"search_term_string\"}}],\"inLanguage\":\"de\"},{\"@type\":\"Organization\",\"@id\":\"https:\/\/denkmalpflege.tuwien.ac.at\/#organization\",\"name\":\"TU Wien Denkmalpflege und Bauen im Bestand\",\"url\":\"https:\/\/denkmalpflege.tuwien.ac.at\/\",\"logo\":{\"@type\":\"ImageObject\",\"inLanguage\":\"de\",\"@id\":\"https:\/\/denkmalpflege.tuwien.ac.at\/#\/schema\/logo\/image\/\",\"url\":\"https:\/\/denkmalpflege.tuwien.ac.at\/wp-content\/uploads\/2019\/10\/Logo1.png\",\"contentUrl\":\"https:\/\/denkmalpflege.tuwien.ac.at\/wp-content\/uploads\/2019\/10\/Logo1.png\",\"width\":222,\"height\":79,\"caption\":\"TU Wien Denkmalpflege und Bauen im Bestand\"},\"image\":{\"@id\":\"https:\/\/denkmalpflege.tuwien.ac.at\/#\/schema\/logo\/image\/\"}}]}<\/script>\n<!-- \/ Yoast SEO plugin. -->","yoast_head_json":{"title":"Denkmalpflege und Bausanierung - Denkmalpflege und Bauen im Bestand","robots":{"index":"index","follow":"follow","max-snippet":"max-snippet:-1","max-image-preview":"max-image-preview:large","max-video-preview":"max-video-preview:-1"},"canonical":"https:\/\/denkmalpflege.tuwien.ac.at\/index.php\/denkmalpflege-und-bausanierung\/","og_locale":"de_DE","og_type":"article","og_title":"Denkmalpflege und Bausanierung - Denkmalpflege und Bauen im Bestand","og_description":"LVA WS19 257.036 3,0 h (4,0 ECTS) Denkmalpflege und Bausanierung &#8211; \u00dcbung Allgemeines Wahlpflichtfach im Bachelorstudium. Freies Wahlfach im Masterstudium. Dimitri EGOROV Einf\u00fchrung 9. Oktober 2019, SR 257 (Stiege 3, 2. Stock) Termine w\u00f6chentlich Mittwoch 9:00-13:00 Uhr, SR 257 (Stiege 3, 2. OG) Anmeldung Teilnehmerbeschr\u00e4nkung auf 20 Personen! Anwesenheitspflicht! \u00dcber TISS Lernergebnisse Nach positiver Absolvierung der Lehrveranstaltung sind Studierende in der Lage, aufgrund von Archivrecherchen und einer Bauaufnahme mit entsprechenderRead More","og_url":"https:\/\/denkmalpflege.tuwien.ac.at\/index.php\/denkmalpflege-und-bausanierung\/","og_site_name":"Denkmalpflege und Bauen im Bestand","article_modified_time":"2023-10-22T10:14:56+00:00","twitter_card":"summary_large_image","twitter_misc":{"Gesch\u00e4tzte Lesezeit":"1\u00a0Minute"},"schema":{"@context":"https:\/\/schema.org","@graph":[{"@type":"WebPage","@id":"https:\/\/denkmalpflege.tuwien.ac.at\/index.php\/denkmalpflege-und-bausanierung\/","url":"https:\/\/denkmalpflege.tuwien.ac.at\/index.php\/denkmalpflege-und-bausanierung\/","name":"Denkmalpflege und Bausanierung - Denkmalpflege und Bauen im Bestand","isPartOf":{"@id":"https:\/\/denkmalpflege.tuwien.ac.at\/#website"},"datePublished":"2019-10-30T19:43:43+00:00","dateModified":"2023-10-22T10:14:56+00:00","breadcrumb":{"@id":"https:\/\/denkmalpflege.tuwien.ac.at\/index.php\/denkmalpflege-und-bausanierung\/#breadcrumb"},"inLanguage":"de","potentialAction":[{"@type":"ReadAction","target":["https:\/\/denkmalpflege.tuwien.ac.at\/index.php\/denkmalpflege-und-bausanierung\/"]}]},{"@type":"BreadcrumbList","@id":"https:\/\/denkmalpflege.tuwien.ac.at\/index.php\/denkmalpflege-und-bausanierung\/#breadcrumb","itemListElement":[{"@type":"ListItem","position":1,"name":"Startseite","item":"https:\/\/denkmalpflege.tuwien.ac.at\/"},{"@type":"ListItem","position":2,"name":"Denkmalpflege und Bausanierung"}]},{"@type":"WebSite","@id":"https:\/\/denkmalpflege.tuwien.ac.at\/#website","url":"https:\/\/denkmalpflege.tuwien.ac.at\/","name":"Denkmalpflege und Bauen im Bestand","description":"Denkmalpflege TU Wien","publisher":{"@id":"https:\/\/denkmalpflege.tuwien.ac.at\/#organization"},"potentialAction":[{"@type":"SearchAction","target":{"@type":"EntryPoint","urlTemplate":"https:\/\/denkmalpflege.tuwien.ac.at\/?s={search_term_string}"},"query-input":{"@type":"PropertyValueSpecification","valueRequired":true,"valueName":"search_term_string"}}],"inLanguage":"de"},{"@type":"Organization","@id":"https:\/\/denkmalpflege.tuwien.ac.at\/#organization","name":"TU Wien Denkmalpflege und Bauen im Bestand","url":"https:\/\/denkmalpflege.tuwien.ac.at\/","logo":{"@type":"ImageObject","inLanguage":"de","@id":"https:\/\/denkmalpflege.tuwien.ac.at\/#\/schema\/logo\/image\/","url":"https:\/\/denkmalpflege.tuwien.ac.at\/wp-content\/uploads\/2019\/10\/Logo1.png","contentUrl":"https:\/\/denkmalpflege.tuwien.ac.at\/wp-content\/uploads\/2019\/10\/Logo1.png","width":222,"height":79,"caption":"TU Wien Denkmalpflege und Bauen im Bestand"},"image":{"@id":"https:\/\/denkmalpflege.tuwien.ac.at\/#\/schema\/logo\/image\/"}}]}},"_links":{"self":[{"href":"https:\/\/denkmalpflege.tuwien.ac.at\/index.php\/wp-json\/wp\/v2\/pages\/16132","targetHints":{"allow":["GET"]}}],"collection":[{"href":"https:\/\/denkmalpflege.tuwien.ac.at\/index.php\/wp-json\/wp\/v2\/pages"}],"about":[{"href":"https:\/\/denkmalpflege.tuwien.ac.at\/index.php\/wp-json\/wp\/v2\/types\/page"}],"author":[{"embeddable":true,"href":"https:\/\/denkmalpflege.tuwien.ac.at\/index.php\/wp-json\/wp\/v2\/users\/1"}],"replies":[{"embeddable":true,"href":"https:\/\/denkmalpflege.tuwien.ac.at\/index.php\/wp-json\/wp\/v2\/comments?post=16132"}],"version-history":[{"count":20,"href":"https:\/\/denkmalpflege.tuwien.ac.at\/index.php\/wp-json\/wp\/v2\/pages\/16132\/revisions"}],"predecessor-version":[{"id":27726,"href":"https:\/\/denkmalpflege.tuwien.ac.at\/index.php\/wp-json\/wp\/v2\/pages\/16132\/revisions\/27726"}],"wp:attachment":[{"href":"https:\/\/denkmalpflege.tuwien.ac.at\/index.php\/wp-json\/wp\/v2\/media?parent=16132"}],"curies":[{"name":"wp","href":"https:\/\/api.w.org\/{rel}","templated":true}]}}