{"id":15046,"date":"2019-09-03T22:38:22","date_gmt":"2019-09-03T20:38:22","guid":{"rendered":"http:\/\/denkmalpflege.tuwien.ac.at\/?page_id=15046"},"modified":"2019-09-03T23:08:29","modified_gmt":"2019-09-03T21:08:29","slug":"stegreifentwerfen-ws19","status":"publish","type":"page","link":"https:\/\/denkmalpflege.tuwien.ac.at\/index.php\/stegreifentwerfen-ws19\/","title":{"rendered":"stegreifentwerfen-ws19"},"content":{"rendered":"<div class=\"mitarbeiter\">\n<div class=\"yellow\">Stegreifentwerfen Denkmalpflege<\/div>\n<div class='grey'>\n<img decoding=\"async\" src=\"http:\/\/denkmalpflege.tuwien.ac.at\/wp-content\/uploads\/2019\/09\/STGE_Grandits_WS19_hover.jpg\" alt=\"stegreifentwerfen-ws19\" title=\"stegreifentwerfen-ws19\" width=\"130\" height=\"113\" class=\"alignnone size-full wp-image-165\" \/><\/a><\/p>\n<p><span><\/span><br \/>\n251.837  2,0h (2,5 ECTS): Bild der Stadt. Stadt im Bild<br \/>\nF\u00fcr Masterstudenten<\/p>\n<p>Vortragende: Nott Caviezel, Doris Grandits<\/p>\n<div class='breakline'><\/div>\n<\/div>\n<div class='kursbeginn'>\n<strong>Termine 2019<\/strong><br \/>\nEinf\u00fchrung: Do 24. Oktober 2019, 11:00 Uhr<br \/>\nTermine: Do 24. Oktober 2019, 11:00 Uhr<br \/>\n07.-08. November 2019 Exkursion Wien<br \/>\n21.-22. November 2019 Exkursion Linz<br \/>\nSeminarraum 257 (Stiege 3, 2. Stock)\n<\/div>\n<p><space><\/space><br \/>\nDie Lehrveranstaltung erfolgt in Kooperation mit der KU Linz und findet gekoppelt mit der LVA 251.838 &#8222;Exkursion Stegreifentwerfen Denkmalpflege&#8220; statt.<br \/>\n<space><\/space><br \/>\n<strong>Anmeldung \u00fcber<a href='https:\/\/tiss.tuwien.ac.at\/course\/courseDetails.xhtml?dswid=7715&#038;dsrid=750&#038;courseNr=251837&#038;semester=2019W'> TISS<\/a><\/strong><br \/>\n<span><\/span><\/p>\n<p><span><\/span><br \/>\n<span><\/span><br \/>\n<span><\/span><\/p>\n<div class='titel'>Lernergebnisse<\/div>\n<p>Nach positiver Absolvierung der Lehrveranstaltung sind Studierende in der Lage, einen Stadtraum auch aus dem Standpunkt der Denkmalpflege zu erfassen, sein \u00e4u\u00dferes Erscheinungsbild und seine Darstellungen zu analysieren, sowie Ver\u00e4nderungen im Stadtbild kritisch zu betrachten und zu bewerten. Dabei steht die praktische Anwendung denkmalpflegerischer Theorien im Vordergrund, die, verkn\u00fcpft mit Forschungsfragen aus der Kunstgeschichte, das Themenfeld erweitern. Die Lehrveranstaltung bietet \u00fcberdies die Gelegenheit, das unterschiedliche Instrumentarium, die Methoden und Herangehensweisen der Denkmalpflege und Kunstgeschichte im Umgang mit dem historischen Bestand kennenzulernen. <\/p>\n<p><span><\/span><br \/>\n<span><\/span><\/p>\n<div class='titel'>Inhalt der Lehrveranstaltung<\/div>\n<p>Bild der Stadt. Stadt im Bild<\/p>\n<p>Stadtbilder und Stadtlandschaften sind, ohne dass wir sie bewusst wahrnehmen, ein Teil des Allt\u00e4glichen \u2013 man nimmt sie als gegeben hin, h\u00e4ufig ohne sich deren Entstehung bewusst zu machen. Das heutige Bild der Stadt ist nicht nur Zeugnis historischer Entwicklungsprozesse, sondern vielmehr das Resultat einer steten Wechselwirkung auf planerischer, wirtschaftlicher, kultureller und gesellschaftlicher Ebene. Die gewachsenen oder geplant angelegten Stadtr\u00e4ume sind zun\u00e4chst einer genaueren Betrachtung zu unterziehen. Diese Analyse der Substanz der Stadt, ihrer Bilder und Bilderwelten, die es seit Jahrhunderten gibt, ist eine wichtige Basis f\u00fcr einen sachgerechten (denkmalpflegerischen) Umgang mit solchen Strukturen. <\/p>\n<p>&#8211; Was gibt es f\u00fcr Stadtdarstellungen?<br \/>\n&#8211; Was macht ein Stadtbild aus und wie kommt es zu Stande?<br \/>\n&#8211; Ist es mehr als die Summe seiner Einzelteile?<br \/>\n&#8211; Welcher Stellenwert wird ihm beigemessen?<br \/>\n&#8211; Ist es notwendig, das Stadtbild zu sch\u00fctzen und wenn ja, welche M\u00f6glichkeiten f\u00fcr dessen Erhaltung gibt es?<br \/>\n&#8211; Hat sich die Wahrnehmung des Bildes durch den Einfluss von Massenmedien ver\u00e4ndert?<br \/>\n&#8211; Steht das Bild in der heutigen Gesellschaft \u00fcber der Substanz?<\/p>\n<p>Neben den klassischen denkmalpflegerischen Fragen werden im Zuge dieser Lehrveranstaltung besonders die Aspekte des Bildwertes und dessen Verwendung betrachtet<br \/>\n(z.B. Social Media und Ver\u00e4nderung von Bildern zur Verfolgung unterschiedlicher Interessen).<\/p>\n<p>Weitere Themen und wichtige Aspekte der Lehrveranstaltung:<br \/>\n&#8211; Stadtideale und st\u00e4dtebauliche Entwicklungsprozesse<br \/>\n&#8211; Typologien und Bausteine der Stadt und ihre Bildwelten &#8211; von Forum, Piazza oder Gr\u00fcnraum hin zur Stadtsilhouette<br \/>\n&#8211; Stadt im Bild &#8211; historische und zeitgen\u00f6ssische Darstellungsformen und deren Interpretation &#8211; Stadtveduten, Gem\u00e4lde, Grafik, Fotografie, Film<br \/>\n&#8211; Stadtbilder lesen, verstehen und analysieren<br \/>\n&#8211; (Denkmalpflegerischer) Umgang mit dem Stadtbild &#8211; Fragen der Erhaltung, Erneuerung und Revitalisierung<\/p>\n<p>Neben der theoretischen Einf\u00fchrung in die Bildwelten der Stadt werden exemplarische Studien zum Umgang mit der historischen Stadt durchgef\u00fchrt. Vor Ort werden Stadtspazierg\u00e4nge zu interessanten, teils unbekannten oder bisweilen unbemerkten Orten unternommen. Dabei sollen Stadtbilder gesucht und betrachtet, deren Entstehung beleuchtet und deren Hintergr\u00fcnde analysiert werden. <\/p>\n<p>Die interdisziplin\u00e4re Kooperation von Kunstgeschichte (KU Linz, Univ.Prof. Dr.phil. Anna Minta, Geschichte und Theorie der Architektur) und Denkmalpflege (TU Wien) verspricht ein erweitertes Spektrum der Betrachtungsweisen. Es soll exemplarisch aufgezeigt werden, wie eng die Disziplinen bei der Wahrung unseres historischen Erbes miteinander verzahnt sind. Durch konkrete Fallbeispiele in Linz und Wien n\u00e4hern wir uns den beiden St\u00e4dten an und versuchen deren wesentliche Bildwelten, Qualit\u00e4ten und Erhaltungskriterien zu erfassen.<\/p>\n<p>Die LVA wird als Blockveranstaltung abgehalten, wobei eine Einheit in Wien und die zweite in Linz stattfinden wird.<\/p>\n<\/div>\n","protected":false},"excerpt":{"rendered":"<p>Stegreifentwerfen Denkmalpflege 251.837 2,0h (2,5 ECTS): Bild der Stadt. Stadt im Bild F\u00fcr Masterstudenten Vortragende: Nott Caviezel, Doris Grandits Termine 2019 Einf\u00fchrung: Do 24. Oktober 2019, 11:00 Uhr Termine: Do 24. Oktober 2019, 11:00 Uhr 07.-08. November 2019 Exkursion Wien 21.-22. November 2019 Exkursion Linz Seminarraum 257 (Stiege 3, 2. Stock) Die Lehrveranstaltung erfolgt in Kooperation mit der KU Linz und findet gekoppelt mit der LVA 251.838 &#8222;Exkursion Stegreifentwerfen Denkmalpflege&#8220;<\/p>\n<div class=\"belowpost\"><a class=\"btnmore icon-arrow\" href=\"https:\/\/denkmalpflege.tuwien.ac.at\/index.php\/stegreifentwerfen-ws19\/\"><span>Read More<\/span><\/a><\/div>\n","protected":false},"author":1,"featured_media":0,"parent":0,"menu_order":0,"comment_status":"closed","ping_status":"closed","template":"","meta":{"footnotes":""},"class_list":["post-15046","page","type-page","status-publish","hentry"],"yoast_head":"<!-- This site is optimized with the Yoast SEO plugin v26.0 - https:\/\/yoast.com\/wordpress\/plugins\/seo\/ -->\n<title>stegreifentwerfen-ws19 - Denkmalpflege und Bauen im Bestand<\/title>\n<meta name=\"robots\" content=\"index, follow, max-snippet:-1, max-image-preview:large, max-video-preview:-1\" \/>\n<link rel=\"canonical\" href=\"https:\/\/denkmalpflege.tuwien.ac.at\/index.php\/stegreifentwerfen-ws19\/\" \/>\n<meta property=\"og:locale\" content=\"de_DE\" \/>\n<meta property=\"og:type\" content=\"article\" \/>\n<meta property=\"og:title\" content=\"stegreifentwerfen-ws19 - Denkmalpflege und Bauen im Bestand\" \/>\n<meta property=\"og:description\" content=\"Stegreifentwerfen Denkmalpflege 251.837 2,0h (2,5 ECTS): Bild der Stadt. Stadt im Bild F\u00fcr Masterstudenten Vortragende: Nott Caviezel, Doris Grandits Termine 2019 Einf\u00fchrung: Do 24. Oktober 2019, 11:00 Uhr Termine: Do 24. Oktober 2019, 11:00 Uhr 07.-08. November 2019 Exkursion Wien 21.-22. November 2019 Exkursion Linz Seminarraum 257 (Stiege 3, 2. Stock) Die Lehrveranstaltung erfolgt in Kooperation mit der KU Linz und findet gekoppelt mit der LVA 251.838 &#8222;Exkursion Stegreifentwerfen Denkmalpflege&#8220;Read More\" \/>\n<meta property=\"og:url\" content=\"https:\/\/denkmalpflege.tuwien.ac.at\/index.php\/stegreifentwerfen-ws19\/\" \/>\n<meta property=\"og:site_name\" content=\"Denkmalpflege und Bauen im Bestand\" \/>\n<meta property=\"article:modified_time\" content=\"2019-09-03T21:08:29+00:00\" \/>\n<meta name=\"twitter:card\" content=\"summary_large_image\" \/>\n<meta name=\"twitter:label1\" content=\"Gesch\u00e4tzte Lesezeit\" \/>\n\t<meta name=\"twitter:data1\" content=\"3\u00a0Minuten\" \/>\n<script type=\"application\/ld+json\" class=\"yoast-schema-graph\">{\"@context\":\"https:\/\/schema.org\",\"@graph\":[{\"@type\":\"WebPage\",\"@id\":\"https:\/\/denkmalpflege.tuwien.ac.at\/index.php\/stegreifentwerfen-ws19\/\",\"url\":\"https:\/\/denkmalpflege.tuwien.ac.at\/index.php\/stegreifentwerfen-ws19\/\",\"name\":\"stegreifentwerfen-ws19 - Denkmalpflege und Bauen im Bestand\",\"isPartOf\":{\"@id\":\"https:\/\/denkmalpflege.tuwien.ac.at\/#website\"},\"primaryImageOfPage\":{\"@id\":\"https:\/\/denkmalpflege.tuwien.ac.at\/index.php\/stegreifentwerfen-ws19\/#primaryimage\"},\"image\":{\"@id\":\"https:\/\/denkmalpflege.tuwien.ac.at\/index.php\/stegreifentwerfen-ws19\/#primaryimage\"},\"thumbnailUrl\":\"http:\/\/denkmalpflege.tuwien.ac.at\/wp-content\/uploads\/2019\/09\/STGE_Grandits_WS19_hover.jpg\",\"datePublished\":\"2019-09-03T20:38:22+00:00\",\"dateModified\":\"2019-09-03T21:08:29+00:00\",\"breadcrumb\":{\"@id\":\"https:\/\/denkmalpflege.tuwien.ac.at\/index.php\/stegreifentwerfen-ws19\/#breadcrumb\"},\"inLanguage\":\"de\",\"potentialAction\":[{\"@type\":\"ReadAction\",\"target\":[\"https:\/\/denkmalpflege.tuwien.ac.at\/index.php\/stegreifentwerfen-ws19\/\"]}]},{\"@type\":\"ImageObject\",\"inLanguage\":\"de\",\"@id\":\"https:\/\/denkmalpflege.tuwien.ac.at\/index.php\/stegreifentwerfen-ws19\/#primaryimage\",\"url\":\"http:\/\/denkmalpflege.tuwien.ac.at\/wp-content\/uploads\/2019\/09\/STGE_Grandits_WS19_hover.jpg\",\"contentUrl\":\"http:\/\/denkmalpflege.tuwien.ac.at\/wp-content\/uploads\/2019\/09\/STGE_Grandits_WS19_hover.jpg\"},{\"@type\":\"BreadcrumbList\",\"@id\":\"https:\/\/denkmalpflege.tuwien.ac.at\/index.php\/stegreifentwerfen-ws19\/#breadcrumb\",\"itemListElement\":[{\"@type\":\"ListItem\",\"position\":1,\"name\":\"Startseite\",\"item\":\"https:\/\/denkmalpflege.tuwien.ac.at\/\"},{\"@type\":\"ListItem\",\"position\":2,\"name\":\"stegreifentwerfen-ws19\"}]},{\"@type\":\"WebSite\",\"@id\":\"https:\/\/denkmalpflege.tuwien.ac.at\/#website\",\"url\":\"https:\/\/denkmalpflege.tuwien.ac.at\/\",\"name\":\"Denkmalpflege und Bauen im Bestand\",\"description\":\"Denkmalpflege TU Wien\",\"publisher\":{\"@id\":\"https:\/\/denkmalpflege.tuwien.ac.at\/#organization\"},\"potentialAction\":[{\"@type\":\"SearchAction\",\"target\":{\"@type\":\"EntryPoint\",\"urlTemplate\":\"https:\/\/denkmalpflege.tuwien.ac.at\/?s={search_term_string}\"},\"query-input\":{\"@type\":\"PropertyValueSpecification\",\"valueRequired\":true,\"valueName\":\"search_term_string\"}}],\"inLanguage\":\"de\"},{\"@type\":\"Organization\",\"@id\":\"https:\/\/denkmalpflege.tuwien.ac.at\/#organization\",\"name\":\"TU Wien Denkmalpflege und Bauen im Bestand\",\"url\":\"https:\/\/denkmalpflege.tuwien.ac.at\/\",\"logo\":{\"@type\":\"ImageObject\",\"inLanguage\":\"de\",\"@id\":\"https:\/\/denkmalpflege.tuwien.ac.at\/#\/schema\/logo\/image\/\",\"url\":\"https:\/\/denkmalpflege.tuwien.ac.at\/wp-content\/uploads\/2019\/10\/Logo1.png\",\"contentUrl\":\"https:\/\/denkmalpflege.tuwien.ac.at\/wp-content\/uploads\/2019\/10\/Logo1.png\",\"width\":222,\"height\":79,\"caption\":\"TU Wien Denkmalpflege und Bauen im Bestand\"},\"image\":{\"@id\":\"https:\/\/denkmalpflege.tuwien.ac.at\/#\/schema\/logo\/image\/\"}}]}<\/script>\n<!-- \/ Yoast SEO plugin. -->","yoast_head_json":{"title":"stegreifentwerfen-ws19 - Denkmalpflege und Bauen im Bestand","robots":{"index":"index","follow":"follow","max-snippet":"max-snippet:-1","max-image-preview":"max-image-preview:large","max-video-preview":"max-video-preview:-1"},"canonical":"https:\/\/denkmalpflege.tuwien.ac.at\/index.php\/stegreifentwerfen-ws19\/","og_locale":"de_DE","og_type":"article","og_title":"stegreifentwerfen-ws19 - Denkmalpflege und Bauen im Bestand","og_description":"Stegreifentwerfen Denkmalpflege 251.837 2,0h (2,5 ECTS): Bild der Stadt. Stadt im Bild F\u00fcr Masterstudenten Vortragende: Nott Caviezel, Doris Grandits Termine 2019 Einf\u00fchrung: Do 24. Oktober 2019, 11:00 Uhr Termine: Do 24. Oktober 2019, 11:00 Uhr 07.-08. November 2019 Exkursion Wien 21.-22. November 2019 Exkursion Linz Seminarraum 257 (Stiege 3, 2. Stock) Die Lehrveranstaltung erfolgt in Kooperation mit der KU Linz und findet gekoppelt mit der LVA 251.838 &#8222;Exkursion Stegreifentwerfen Denkmalpflege&#8220;Read More","og_url":"https:\/\/denkmalpflege.tuwien.ac.at\/index.php\/stegreifentwerfen-ws19\/","og_site_name":"Denkmalpflege und Bauen im Bestand","article_modified_time":"2019-09-03T21:08:29+00:00","twitter_card":"summary_large_image","twitter_misc":{"Gesch\u00e4tzte Lesezeit":"3\u00a0Minuten"},"schema":{"@context":"https:\/\/schema.org","@graph":[{"@type":"WebPage","@id":"https:\/\/denkmalpflege.tuwien.ac.at\/index.php\/stegreifentwerfen-ws19\/","url":"https:\/\/denkmalpflege.tuwien.ac.at\/index.php\/stegreifentwerfen-ws19\/","name":"stegreifentwerfen-ws19 - Denkmalpflege und Bauen im Bestand","isPartOf":{"@id":"https:\/\/denkmalpflege.tuwien.ac.at\/#website"},"primaryImageOfPage":{"@id":"https:\/\/denkmalpflege.tuwien.ac.at\/index.php\/stegreifentwerfen-ws19\/#primaryimage"},"image":{"@id":"https:\/\/denkmalpflege.tuwien.ac.at\/index.php\/stegreifentwerfen-ws19\/#primaryimage"},"thumbnailUrl":"http:\/\/denkmalpflege.tuwien.ac.at\/wp-content\/uploads\/2019\/09\/STGE_Grandits_WS19_hover.jpg","datePublished":"2019-09-03T20:38:22+00:00","dateModified":"2019-09-03T21:08:29+00:00","breadcrumb":{"@id":"https:\/\/denkmalpflege.tuwien.ac.at\/index.php\/stegreifentwerfen-ws19\/#breadcrumb"},"inLanguage":"de","potentialAction":[{"@type":"ReadAction","target":["https:\/\/denkmalpflege.tuwien.ac.at\/index.php\/stegreifentwerfen-ws19\/"]}]},{"@type":"ImageObject","inLanguage":"de","@id":"https:\/\/denkmalpflege.tuwien.ac.at\/index.php\/stegreifentwerfen-ws19\/#primaryimage","url":"http:\/\/denkmalpflege.tuwien.ac.at\/wp-content\/uploads\/2019\/09\/STGE_Grandits_WS19_hover.jpg","contentUrl":"http:\/\/denkmalpflege.tuwien.ac.at\/wp-content\/uploads\/2019\/09\/STGE_Grandits_WS19_hover.jpg"},{"@type":"BreadcrumbList","@id":"https:\/\/denkmalpflege.tuwien.ac.at\/index.php\/stegreifentwerfen-ws19\/#breadcrumb","itemListElement":[{"@type":"ListItem","position":1,"name":"Startseite","item":"https:\/\/denkmalpflege.tuwien.ac.at\/"},{"@type":"ListItem","position":2,"name":"stegreifentwerfen-ws19"}]},{"@type":"WebSite","@id":"https:\/\/denkmalpflege.tuwien.ac.at\/#website","url":"https:\/\/denkmalpflege.tuwien.ac.at\/","name":"Denkmalpflege und Bauen im Bestand","description":"Denkmalpflege TU Wien","publisher":{"@id":"https:\/\/denkmalpflege.tuwien.ac.at\/#organization"},"potentialAction":[{"@type":"SearchAction","target":{"@type":"EntryPoint","urlTemplate":"https:\/\/denkmalpflege.tuwien.ac.at\/?s={search_term_string}"},"query-input":{"@type":"PropertyValueSpecification","valueRequired":true,"valueName":"search_term_string"}}],"inLanguage":"de"},{"@type":"Organization","@id":"https:\/\/denkmalpflege.tuwien.ac.at\/#organization","name":"TU Wien Denkmalpflege und Bauen im Bestand","url":"https:\/\/denkmalpflege.tuwien.ac.at\/","logo":{"@type":"ImageObject","inLanguage":"de","@id":"https:\/\/denkmalpflege.tuwien.ac.at\/#\/schema\/logo\/image\/","url":"https:\/\/denkmalpflege.tuwien.ac.at\/wp-content\/uploads\/2019\/10\/Logo1.png","contentUrl":"https:\/\/denkmalpflege.tuwien.ac.at\/wp-content\/uploads\/2019\/10\/Logo1.png","width":222,"height":79,"caption":"TU Wien Denkmalpflege und Bauen im Bestand"},"image":{"@id":"https:\/\/denkmalpflege.tuwien.ac.at\/#\/schema\/logo\/image\/"}}]}},"_links":{"self":[{"href":"https:\/\/denkmalpflege.tuwien.ac.at\/index.php\/wp-json\/wp\/v2\/pages\/15046","targetHints":{"allow":["GET"]}}],"collection":[{"href":"https:\/\/denkmalpflege.tuwien.ac.at\/index.php\/wp-json\/wp\/v2\/pages"}],"about":[{"href":"https:\/\/denkmalpflege.tuwien.ac.at\/index.php\/wp-json\/wp\/v2\/types\/page"}],"author":[{"embeddable":true,"href":"https:\/\/denkmalpflege.tuwien.ac.at\/index.php\/wp-json\/wp\/v2\/users\/1"}],"replies":[{"embeddable":true,"href":"https:\/\/denkmalpflege.tuwien.ac.at\/index.php\/wp-json\/wp\/v2\/comments?post=15046"}],"version-history":[{"count":3,"href":"https:\/\/denkmalpflege.tuwien.ac.at\/index.php\/wp-json\/wp\/v2\/pages\/15046\/revisions"}],"predecessor-version":[{"id":15068,"href":"https:\/\/denkmalpflege.tuwien.ac.at\/index.php\/wp-json\/wp\/v2\/pages\/15046\/revisions\/15068"}],"wp:attachment":[{"href":"https:\/\/denkmalpflege.tuwien.ac.at\/index.php\/wp-json\/wp\/v2\/media?parent=15046"}],"curies":[{"name":"wp","href":"https:\/\/api.w.org\/{rel}","templated":true}]}}