{"id":15038,"date":"2019-09-03T22:38:28","date_gmt":"2019-09-03T20:38:28","guid":{"rendered":"http:\/\/denkmalpflege.tuwien.ac.at\/?page_id=15038"},"modified":"2019-09-17T15:49:39","modified_gmt":"2019-09-17T13:49:39","slug":"wahlseminar-ws19","status":"publish","type":"page","link":"https:\/\/denkmalpflege.tuwien.ac.at\/index.php\/wahlseminar-ws19\/","title":{"rendered":"wahlseminar-ws19"},"content":{"rendered":"<div class='mitarbeiter'>\n<div class='grey'>\n<img decoding=\"async\" id=\"entw\" src=\"http:\/\/denkmalpflege.tuwien.ac.at\/wp-content\/uploads\/2019\/09\/SE_Borowska_WS19_hover.jpg\" alt=\"wahlseminar-ws19\" title=\"wahlseminar-ws19\" width=\"130\" height=\"113\" class=\"alignnone size-full wp-image-172\" \/><b>Wahlseminar: Denkmalforschung und -dokumentation<\/b><a href='\/lehre\/lva' class='right_link'>&lt; \u00dcbersicht<\/a><br \/>\n<span><\/span><br \/>\nLeisure time! Orte der Freizeit im Wien der Nachkriegsmoderne.<\/p>\n<p>251.744 SE 3,0h (4,0 ECTS): Wahlseminar im Bachelor<\/p>\n<p>Vortragende: Nott Caviezel, Anna Maria Borowska<\/p>\n<div class='breakline'><\/div>\n<\/div>\n<div class='kursbeginn'>\n<strong>Weitere Informationen<\/strong><br \/>\nJeweils Mittwoch, 9:00-11:00 Uhr<br \/>\nBeginn: 9. Oktober 2019, 9:00 Uhr<br \/>\nSR 257 Stiege 3, 2.Stock<\/p>\n<\/div>\n<p><span><\/span><br \/>\nBeschr\u00e4nkte Teilnehmerzahl!<br \/>\n<span><\/span><br \/>\n<strong>Anmeldung \u00fcber<a href=\"https:\/\/tiss.tuwien.ac.at\/course\/courseDetails.xhtml?dswid=8602&#038;dsrid=577&#038;courseNr=251744&#038;semester=2019W\"> TISS<\/a><\/strong><\/p>\n<p><span><\/span><br \/>\n<span><\/span><\/p>\n<div class='titel'>Lernergebnisse<\/div>\n<p>Nach positiver Absolvierung der Lehrveranstaltung sind Studierende in der Lage wissenschaftlich zu arbeiten, sowie Argumente und Zusammenh\u00e4nge zur Nachkriegsmoderne und Denkmalpflege zu analysieren und darzustellen. Das Wahlseminar er\u00f6ffnet einen weiten fachlichen Horizont, der die Studierenden dazu bef\u00e4higt, die heute relevanten Anforderungen an die Denkmalpflege zu verstehen und den hierbei von den Architekturschaffenden erwarteten Anteil zu fassen. Die Studierenden erlernen im Wahlseminar Grundlagen des wissenschaftlichen Arbeitens, d.h. sie f\u00fchren selbstst\u00e4ndig Recherchen in Archiven und Bibliotheken durch, wenden direkte und indirekte Zitate korrekt an, pr\u00e4sentieren vor Ort und schreiben eine Seminararbeit. Das Wahlseminar fordert die Studierenden auf, ihre Selbstkompetenz auszuloten, ihre individuellen Neigungen und Interessen zu beurteilen und, im Hinblick auf ihre k\u00fcnftige T\u00e4tigkeit im Beruf, ihre Wertvorstellungen, die Kritikf\u00e4higkeit und ihre besondere Verantwortung zu sch\u00e4rfen.<br \/>\n<span><\/span><br \/>\n<span><\/span><\/p>\n<div class='titel'>Inhalte der Lehrveranstaltung<\/div>\n<p>Leisure time! Orte der Freizeit im Wien der Nachkriegsmoderne.<\/p>\n<p>Die architektonischen Zeugen der so genannten Nachkriegsmoderne, Bauten realisiert in den Jahren zwischen 1945 und 1980, sind zum Teil bereits verloren gegangen, waren umfassenden baulichen Ver\u00e4nderungen unterworfen oder befinden sich in einem kritischen Erhaltungszustand. Die Ursachen daf\u00fcr liegen einerseits in der erst in den letzten Jahren einsetzenden Wertsch\u00e4tzung des Bestandes dieser Zeit, mitunter aber auch in den besonderen Konstruktionsweisen und der zuweilen schlechten Alterung der verwendeten Materialien.<\/p>\n<p>Diese Aspekte und letztlich auch die gro\u00dfe Menge an Bauten der Nachkriegsmoderne stellen die Denkmalpflege und den Denkmalschutz vor die dringliche und schwierige Aufgabe der Bewertung und Selektion. Jene Objekte ausfindig zu machen, die von herausragender Bedeutung sind und als Denkmale eingestuft werden m\u00fcssen, um ihren Schutz und die Erhaltung f\u00fcr die kommenden Generationen zu gew\u00e4hrleisten, stellt eine gro\u00dfe Herausforderung dar und erfordert eine eingehende Besch\u00e4ftigung mit dem Bestand.<\/p>\n<p>Untersucht werden in diesem Seminar ausgew\u00e4hlte Objekte der Nachkriegsmoderne. Als Basis f\u00fcr eine in einer zweiten Phase des Seminars erfolgende denkmalpflegerische Bewertung der Geb\u00e4ude, wird vorerst ihre (Bau-)Geschichte anhand von Quellen recherchiert (Literatur, Plan- und Bildmaterial) sowie ihr Erhaltungszustand analysiert. Von zentraler Bedeutung beim Versuch einer objektiven, wissenschaftlich fundierten Bewertung, ist die Frage nach den architektonischen, technischen, st\u00e4dtebaulichen und\/oder auch k\u00fcnstlerischen Besonderheiten dieser Objekte &#8211; wie zeichnen sie sich aus, warum bzw. sind sie erhaltenswert?<\/p>\n<p>Ablauf:<br \/>\nDie Studierenden werden sich mit jeweils einem Objekt eingehend befassen, die historischen Hintergr\u00fcnde dazu erforschen und auf Basis einer Bestandsanalyse und der Feststellung der vorhandenen Qualit\u00e4ten und Denkmalwerte auch versuchen, m\u00f6gliche bzw. notwendige denkmalgerechte Ma\u00dfnahmen f\u00fcr das jeweilige Objekt zu skizzieren.<\/p>\n<p>In Form von kurzen Exkursionen in Wien werden die Objekte in der Gruppe besichtigt, die jeweiligen Qualit\u00e4ten vor Ort bestimmt und in der Gruppe diskutiert. Die Exkursionen werden geblockt an drei Terminen stattfinden, am 13.11., 20.11. und am 27.11.2019, jeweils von 09.00-13.00 (Anwesenheitspflicht!).<\/p>\n<p>Im Rahmen einer eigenst\u00e4ndig zu verfassenden Seminararbeit sind die Studierenden gefordert, die im Seminar erlernten Grundlagen des wissenschaftlichen Arbeitens (Literaturrecherche, Bibliographieren, Zitierregeln, usw.) in der Praxis anzuwenden und die Inhalte des Seminars schriftlich auszuarbeiten.<\/p>\n<div class='breakline'><\/div>\n<\/div>\n","protected":false},"excerpt":{"rendered":"<p>Wahlseminar: Denkmalforschung und -dokumentation&lt; \u00dcbersicht Leisure time! Orte der Freizeit im Wien der Nachkriegsmoderne. 251.744 SE 3,0h (4,0 ECTS): Wahlseminar im Bachelor Vortragende: Nott Caviezel, Anna Maria Borowska Weitere Informationen Jeweils Mittwoch, 9:00-11:00 Uhr Beginn: 9. Oktober 2019, 9:00 Uhr SR 257 Stiege 3, 2.Stock Beschr\u00e4nkte Teilnehmerzahl! Anmeldung \u00fcber TISS Lernergebnisse Nach positiver Absolvierung der Lehrveranstaltung sind Studierende in der Lage wissenschaftlich zu arbeiten, sowie Argumente und Zusammenh\u00e4nge zur Nachkriegsmoderne<\/p>\n<div class=\"belowpost\"><a class=\"btnmore icon-arrow\" href=\"https:\/\/denkmalpflege.tuwien.ac.at\/index.php\/wahlseminar-ws19\/\"><span>Read More<\/span><\/a><\/div>\n","protected":false},"author":1,"featured_media":0,"parent":0,"menu_order":0,"comment_status":"closed","ping_status":"closed","template":"","meta":{"footnotes":""},"class_list":["post-15038","page","type-page","status-publish","hentry"],"yoast_head":"<!-- This site is optimized with the Yoast SEO plugin v26.0 - https:\/\/yoast.com\/wordpress\/plugins\/seo\/ -->\n<title>wahlseminar-ws19 - Denkmalpflege und Bauen im Bestand<\/title>\n<meta name=\"robots\" content=\"index, follow, max-snippet:-1, max-image-preview:large, max-video-preview:-1\" \/>\n<link rel=\"canonical\" href=\"https:\/\/denkmalpflege.tuwien.ac.at\/index.php\/wahlseminar-ws19\/\" \/>\n<meta property=\"og:locale\" content=\"de_DE\" \/>\n<meta property=\"og:type\" content=\"article\" \/>\n<meta property=\"og:title\" content=\"wahlseminar-ws19 - Denkmalpflege und Bauen im Bestand\" \/>\n<meta property=\"og:description\" content=\"Wahlseminar: Denkmalforschung und -dokumentation&lt; \u00dcbersicht Leisure time! Orte der Freizeit im Wien der Nachkriegsmoderne. 251.744 SE 3,0h (4,0 ECTS): Wahlseminar im Bachelor Vortragende: Nott Caviezel, Anna Maria Borowska Weitere Informationen Jeweils Mittwoch, 9:00-11:00 Uhr Beginn: 9. Oktober 2019, 9:00 Uhr SR 257 Stiege 3, 2.Stock Beschr\u00e4nkte Teilnehmerzahl! Anmeldung \u00fcber TISS Lernergebnisse Nach positiver Absolvierung der Lehrveranstaltung sind Studierende in der Lage wissenschaftlich zu arbeiten, sowie Argumente und Zusammenh\u00e4nge zur NachkriegsmoderneRead More\" \/>\n<meta property=\"og:url\" content=\"https:\/\/denkmalpflege.tuwien.ac.at\/index.php\/wahlseminar-ws19\/\" \/>\n<meta property=\"og:site_name\" content=\"Denkmalpflege und Bauen im Bestand\" \/>\n<meta property=\"article:modified_time\" content=\"2019-09-17T13:49:39+00:00\" \/>\n<meta name=\"twitter:card\" content=\"summary_large_image\" \/>\n<meta name=\"twitter:label1\" content=\"Gesch\u00e4tzte Lesezeit\" \/>\n\t<meta name=\"twitter:data1\" content=\"3\u00a0Minuten\" \/>\n<script type=\"application\/ld+json\" class=\"yoast-schema-graph\">{\"@context\":\"https:\/\/schema.org\",\"@graph\":[{\"@type\":\"WebPage\",\"@id\":\"https:\/\/denkmalpflege.tuwien.ac.at\/index.php\/wahlseminar-ws19\/\",\"url\":\"https:\/\/denkmalpflege.tuwien.ac.at\/index.php\/wahlseminar-ws19\/\",\"name\":\"wahlseminar-ws19 - Denkmalpflege und Bauen im Bestand\",\"isPartOf\":{\"@id\":\"https:\/\/denkmalpflege.tuwien.ac.at\/#website\"},\"primaryImageOfPage\":{\"@id\":\"https:\/\/denkmalpflege.tuwien.ac.at\/index.php\/wahlseminar-ws19\/#primaryimage\"},\"image\":{\"@id\":\"https:\/\/denkmalpflege.tuwien.ac.at\/index.php\/wahlseminar-ws19\/#primaryimage\"},\"thumbnailUrl\":\"http:\/\/denkmalpflege.tuwien.ac.at\/wp-content\/uploads\/2019\/09\/SE_Borowska_WS19_hover.jpg\",\"datePublished\":\"2019-09-03T20:38:28+00:00\",\"dateModified\":\"2019-09-17T13:49:39+00:00\",\"breadcrumb\":{\"@id\":\"https:\/\/denkmalpflege.tuwien.ac.at\/index.php\/wahlseminar-ws19\/#breadcrumb\"},\"inLanguage\":\"de\",\"potentialAction\":[{\"@type\":\"ReadAction\",\"target\":[\"https:\/\/denkmalpflege.tuwien.ac.at\/index.php\/wahlseminar-ws19\/\"]}]},{\"@type\":\"ImageObject\",\"inLanguage\":\"de\",\"@id\":\"https:\/\/denkmalpflege.tuwien.ac.at\/index.php\/wahlseminar-ws19\/#primaryimage\",\"url\":\"http:\/\/denkmalpflege.tuwien.ac.at\/wp-content\/uploads\/2019\/09\/SE_Borowska_WS19_hover.jpg\",\"contentUrl\":\"http:\/\/denkmalpflege.tuwien.ac.at\/wp-content\/uploads\/2019\/09\/SE_Borowska_WS19_hover.jpg\"},{\"@type\":\"BreadcrumbList\",\"@id\":\"https:\/\/denkmalpflege.tuwien.ac.at\/index.php\/wahlseminar-ws19\/#breadcrumb\",\"itemListElement\":[{\"@type\":\"ListItem\",\"position\":1,\"name\":\"Startseite\",\"item\":\"https:\/\/denkmalpflege.tuwien.ac.at\/\"},{\"@type\":\"ListItem\",\"position\":2,\"name\":\"wahlseminar-ws19\"}]},{\"@type\":\"WebSite\",\"@id\":\"https:\/\/denkmalpflege.tuwien.ac.at\/#website\",\"url\":\"https:\/\/denkmalpflege.tuwien.ac.at\/\",\"name\":\"Denkmalpflege und Bauen im Bestand\",\"description\":\"Denkmalpflege TU Wien\",\"publisher\":{\"@id\":\"https:\/\/denkmalpflege.tuwien.ac.at\/#organization\"},\"potentialAction\":[{\"@type\":\"SearchAction\",\"target\":{\"@type\":\"EntryPoint\",\"urlTemplate\":\"https:\/\/denkmalpflege.tuwien.ac.at\/?s={search_term_string}\"},\"query-input\":{\"@type\":\"PropertyValueSpecification\",\"valueRequired\":true,\"valueName\":\"search_term_string\"}}],\"inLanguage\":\"de\"},{\"@type\":\"Organization\",\"@id\":\"https:\/\/denkmalpflege.tuwien.ac.at\/#organization\",\"name\":\"TU Wien Denkmalpflege und Bauen im Bestand\",\"url\":\"https:\/\/denkmalpflege.tuwien.ac.at\/\",\"logo\":{\"@type\":\"ImageObject\",\"inLanguage\":\"de\",\"@id\":\"https:\/\/denkmalpflege.tuwien.ac.at\/#\/schema\/logo\/image\/\",\"url\":\"https:\/\/denkmalpflege.tuwien.ac.at\/wp-content\/uploads\/2019\/10\/Logo1.png\",\"contentUrl\":\"https:\/\/denkmalpflege.tuwien.ac.at\/wp-content\/uploads\/2019\/10\/Logo1.png\",\"width\":222,\"height\":79,\"caption\":\"TU Wien Denkmalpflege und Bauen im Bestand\"},\"image\":{\"@id\":\"https:\/\/denkmalpflege.tuwien.ac.at\/#\/schema\/logo\/image\/\"}}]}<\/script>\n<!-- \/ Yoast SEO plugin. -->","yoast_head_json":{"title":"wahlseminar-ws19 - Denkmalpflege und Bauen im Bestand","robots":{"index":"index","follow":"follow","max-snippet":"max-snippet:-1","max-image-preview":"max-image-preview:large","max-video-preview":"max-video-preview:-1"},"canonical":"https:\/\/denkmalpflege.tuwien.ac.at\/index.php\/wahlseminar-ws19\/","og_locale":"de_DE","og_type":"article","og_title":"wahlseminar-ws19 - Denkmalpflege und Bauen im Bestand","og_description":"Wahlseminar: Denkmalforschung und -dokumentation&lt; \u00dcbersicht Leisure time! Orte der Freizeit im Wien der Nachkriegsmoderne. 251.744 SE 3,0h (4,0 ECTS): Wahlseminar im Bachelor Vortragende: Nott Caviezel, Anna Maria Borowska Weitere Informationen Jeweils Mittwoch, 9:00-11:00 Uhr Beginn: 9. Oktober 2019, 9:00 Uhr SR 257 Stiege 3, 2.Stock Beschr\u00e4nkte Teilnehmerzahl! Anmeldung \u00fcber TISS Lernergebnisse Nach positiver Absolvierung der Lehrveranstaltung sind Studierende in der Lage wissenschaftlich zu arbeiten, sowie Argumente und Zusammenh\u00e4nge zur NachkriegsmoderneRead More","og_url":"https:\/\/denkmalpflege.tuwien.ac.at\/index.php\/wahlseminar-ws19\/","og_site_name":"Denkmalpflege und Bauen im Bestand","article_modified_time":"2019-09-17T13:49:39+00:00","twitter_card":"summary_large_image","twitter_misc":{"Gesch\u00e4tzte Lesezeit":"3\u00a0Minuten"},"schema":{"@context":"https:\/\/schema.org","@graph":[{"@type":"WebPage","@id":"https:\/\/denkmalpflege.tuwien.ac.at\/index.php\/wahlseminar-ws19\/","url":"https:\/\/denkmalpflege.tuwien.ac.at\/index.php\/wahlseminar-ws19\/","name":"wahlseminar-ws19 - Denkmalpflege und Bauen im Bestand","isPartOf":{"@id":"https:\/\/denkmalpflege.tuwien.ac.at\/#website"},"primaryImageOfPage":{"@id":"https:\/\/denkmalpflege.tuwien.ac.at\/index.php\/wahlseminar-ws19\/#primaryimage"},"image":{"@id":"https:\/\/denkmalpflege.tuwien.ac.at\/index.php\/wahlseminar-ws19\/#primaryimage"},"thumbnailUrl":"http:\/\/denkmalpflege.tuwien.ac.at\/wp-content\/uploads\/2019\/09\/SE_Borowska_WS19_hover.jpg","datePublished":"2019-09-03T20:38:28+00:00","dateModified":"2019-09-17T13:49:39+00:00","breadcrumb":{"@id":"https:\/\/denkmalpflege.tuwien.ac.at\/index.php\/wahlseminar-ws19\/#breadcrumb"},"inLanguage":"de","potentialAction":[{"@type":"ReadAction","target":["https:\/\/denkmalpflege.tuwien.ac.at\/index.php\/wahlseminar-ws19\/"]}]},{"@type":"ImageObject","inLanguage":"de","@id":"https:\/\/denkmalpflege.tuwien.ac.at\/index.php\/wahlseminar-ws19\/#primaryimage","url":"http:\/\/denkmalpflege.tuwien.ac.at\/wp-content\/uploads\/2019\/09\/SE_Borowska_WS19_hover.jpg","contentUrl":"http:\/\/denkmalpflege.tuwien.ac.at\/wp-content\/uploads\/2019\/09\/SE_Borowska_WS19_hover.jpg"},{"@type":"BreadcrumbList","@id":"https:\/\/denkmalpflege.tuwien.ac.at\/index.php\/wahlseminar-ws19\/#breadcrumb","itemListElement":[{"@type":"ListItem","position":1,"name":"Startseite","item":"https:\/\/denkmalpflege.tuwien.ac.at\/"},{"@type":"ListItem","position":2,"name":"wahlseminar-ws19"}]},{"@type":"WebSite","@id":"https:\/\/denkmalpflege.tuwien.ac.at\/#website","url":"https:\/\/denkmalpflege.tuwien.ac.at\/","name":"Denkmalpflege und Bauen im Bestand","description":"Denkmalpflege TU Wien","publisher":{"@id":"https:\/\/denkmalpflege.tuwien.ac.at\/#organization"},"potentialAction":[{"@type":"SearchAction","target":{"@type":"EntryPoint","urlTemplate":"https:\/\/denkmalpflege.tuwien.ac.at\/?s={search_term_string}"},"query-input":{"@type":"PropertyValueSpecification","valueRequired":true,"valueName":"search_term_string"}}],"inLanguage":"de"},{"@type":"Organization","@id":"https:\/\/denkmalpflege.tuwien.ac.at\/#organization","name":"TU Wien Denkmalpflege und Bauen im Bestand","url":"https:\/\/denkmalpflege.tuwien.ac.at\/","logo":{"@type":"ImageObject","inLanguage":"de","@id":"https:\/\/denkmalpflege.tuwien.ac.at\/#\/schema\/logo\/image\/","url":"https:\/\/denkmalpflege.tuwien.ac.at\/wp-content\/uploads\/2019\/10\/Logo1.png","contentUrl":"https:\/\/denkmalpflege.tuwien.ac.at\/wp-content\/uploads\/2019\/10\/Logo1.png","width":222,"height":79,"caption":"TU Wien Denkmalpflege und Bauen im Bestand"},"image":{"@id":"https:\/\/denkmalpflege.tuwien.ac.at\/#\/schema\/logo\/image\/"}}]}},"_links":{"self":[{"href":"https:\/\/denkmalpflege.tuwien.ac.at\/index.php\/wp-json\/wp\/v2\/pages\/15038","targetHints":{"allow":["GET"]}}],"collection":[{"href":"https:\/\/denkmalpflege.tuwien.ac.at\/index.php\/wp-json\/wp\/v2\/pages"}],"about":[{"href":"https:\/\/denkmalpflege.tuwien.ac.at\/index.php\/wp-json\/wp\/v2\/types\/page"}],"author":[{"embeddable":true,"href":"https:\/\/denkmalpflege.tuwien.ac.at\/index.php\/wp-json\/wp\/v2\/users\/1"}],"replies":[{"embeddable":true,"href":"https:\/\/denkmalpflege.tuwien.ac.at\/index.php\/wp-json\/wp\/v2\/comments?post=15038"}],"version-history":[{"count":3,"href":"https:\/\/denkmalpflege.tuwien.ac.at\/index.php\/wp-json\/wp\/v2\/pages\/15038\/revisions"}],"predecessor-version":[{"id":15122,"href":"https:\/\/denkmalpflege.tuwien.ac.at\/index.php\/wp-json\/wp\/v2\/pages\/15038\/revisions\/15122"}],"wp:attachment":[{"href":"https:\/\/denkmalpflege.tuwien.ac.at\/index.php\/wp-json\/wp\/v2\/media?parent=15038"}],"curies":[{"name":"wp","href":"https:\/\/api.w.org\/{rel}","templated":true}]}}