{"id":15030,"date":"2019-09-03T22:38:33","date_gmt":"2019-09-03T20:38:33","guid":{"rendered":"http:\/\/denkmalpflege.tuwien.ac.at\/?page_id=15030"},"modified":"2019-09-10T17:43:04","modified_gmt":"2019-09-10T15:43:04","slug":"heftig-ws19","status":"publish","type":"page","link":"https:\/\/denkmalpflege.tuwien.ac.at\/index.php\/heftig-ws19\/","title":{"rendered":"heftig-ws19"},"content":{"rendered":"<div class=\"mitarbeiter\">\n<div class=\"yellow\">Gro\u00dfes Entwerfen &#8222;Denkmalpflege und Entwurf&#8220;<\/div>\n<div class='grey'>\n<img decoding=\"async\" src=\"http:\/\/denkmalpflege.tuwien.ac.at\/wp-content\/uploads\/2019\/09\/GE_Stadler_WS19_hover.jpg\" alt=\"heftig-ws19\" title=\"heftig-ws19\" width=\"130\" height=\"113\" class=\"alignnone size-full wp-image-165\" \/><\/a><br \/>\n<span><\/span><\/p>\n<p>251.836 8,0h (10,0 ECTS): Heft-ig &#8211; Domenig \u00fcber dem H\u00fcttenwerk<br \/>\nF\u00fcr Masterstudenten<\/p>\n<p>Vortragende: Gerhard Stadler, Alexandra Oana Gheta Ro\u0219ca, Johannes Sima<br \/>\n<span> <\/span><\/p>\n<div class='breakline'><\/div>\n<\/div>\n<div class='kursbeginn'>\n<strong>Termine 2019<\/strong><br \/>\nEinf\u00fchrung: Mi 9. Oktober 2019, 14:00 Uhr<br \/>\nTermine: Mittwoch, 14:00-16:00 Uhr<br \/>\nSeminarraum 257 (Stiege 3, 2. Stock) <\/p>\n<\/div>\n<p><span><\/span><br \/>\nExkursion nach H\u00fcttenberg, K\u00e4rnten<br \/>\n21. bis 25. Oktober 2019<br \/>\n<span><\/span><br \/>\n<span><\/span><br \/>\n<strong>Anmeldung \u00fcber<a href='https:\/\/tiss.tuwien.ac.at\/course\/courseDetails.xhtml?dswid=2657&#038;dsrid=790&#038;courseNr=251836&#038;semester=2019W'> TISS<\/a><\/strong><br \/>\n<span><\/span><br \/>\n<span><\/span><br \/>\n<span><\/span><\/p>\n<div class='titel'>Lernergebnisse<\/div>\n<p>Nach positiver Absolvierung der Lehrveranstaltung sind Studierende in der Lage, sowohl die Entwurfs- wie auch die Detailplanung bei der Um- und Nachnutzung von denkmalgesch\u00fctzter Baubsubstanz vorzunehmen.<\/p>\n<p><span><\/span><br \/>\n<span><\/span><\/p>\n<div class='titel'>Inhalt der Lehrveranstaltung<\/div>\n<p>Die Lehrveranstaltung zielt auf die denkmalgerechte Um- oder Nachnutzung denkmalgesch\u00fctzter Bausubstanz, insbesondere von technischen und wirtschaftsgeschichtlichen Denkmalen wie Fabriken, Werkst\u00e4tten, Industrieanlagen oder Werkskolonien. Das Projekt &#8222;Heft-ig&#8220; verfolgt Entwicklungsideen f\u00fcr das historische H\u00fcttenwerk in der Heft, das anl\u00e4sslich der K\u00e4rntner Landesausstellung 1995 von Architekt G\u00fcnther Domenig mit einer spektakul\u00e4ren Ausstellungsarchitektur \u00fcberformt wurde.<\/p>\n<p>Methoden: Historische Analyse, gegebenenfalls Bauforschung, Entwurfsplanung sowohl in Einzel- als auch in Gruppenarbeit, Diskurs, Pr\u00e4sentation<\/p>\n<\/div>\n","protected":false},"excerpt":{"rendered":"<p>Gro\u00dfes Entwerfen &#8222;Denkmalpflege und Entwurf&#8220; 251.836 8,0h (10,0 ECTS): Heft-ig &#8211; Domenig \u00fcber dem H\u00fcttenwerk F\u00fcr Masterstudenten Vortragende: Gerhard Stadler, Alexandra Oana Gheta Ro\u0219ca, Johannes Sima Termine 2019 Einf\u00fchrung: Mi 9. Oktober 2019, 14:00 Uhr Termine: Mittwoch, 14:00-16:00 Uhr Seminarraum 257 (Stiege 3, 2. Stock) Exkursion nach H\u00fcttenberg, K\u00e4rnten 21. bis 25. Oktober 2019 Anmeldung \u00fcber TISS Lernergebnisse Nach positiver Absolvierung der Lehrveranstaltung sind Studierende in der Lage, sowohl die<\/p>\n<div class=\"belowpost\"><a class=\"btnmore icon-arrow\" href=\"https:\/\/denkmalpflege.tuwien.ac.at\/index.php\/heftig-ws19\/\"><span>Read More<\/span><\/a><\/div>\n","protected":false},"author":1,"featured_media":0,"parent":0,"menu_order":0,"comment_status":"closed","ping_status":"closed","template":"","meta":{"footnotes":""},"class_list":["post-15030","page","type-page","status-publish","hentry"],"yoast_head":"<!-- This site is optimized with the Yoast SEO plugin v27.5 - https:\/\/yoast.com\/product\/yoast-seo-wordpress\/ -->\n<title>heftig-ws19 - Denkmalpflege und Bauen im Bestand<\/title>\n<meta name=\"robots\" content=\"index, follow, max-snippet:-1, max-image-preview:large, max-video-preview:-1\" \/>\n<link rel=\"canonical\" href=\"https:\/\/denkmalpflege.tuwien.ac.at\/index.php\/heftig-ws19\/\" \/>\n<meta property=\"og:locale\" content=\"de_DE\" \/>\n<meta property=\"og:type\" content=\"article\" \/>\n<meta property=\"og:title\" content=\"heftig-ws19 - Denkmalpflege und Bauen im Bestand\" \/>\n<meta property=\"og:description\" content=\"Gro\u00dfes Entwerfen &#8222;Denkmalpflege und Entwurf&#8220; 251.836 8,0h (10,0 ECTS): Heft-ig &#8211; Domenig \u00fcber dem H\u00fcttenwerk F\u00fcr Masterstudenten Vortragende: Gerhard Stadler, Alexandra Oana Gheta Ro\u0219ca, Johannes Sima Termine 2019 Einf\u00fchrung: Mi 9. Oktober 2019, 14:00 Uhr Termine: Mittwoch, 14:00-16:00 Uhr Seminarraum 257 (Stiege 3, 2. Stock) Exkursion nach H\u00fcttenberg, K\u00e4rnten 21. bis 25. Oktober 2019 Anmeldung \u00fcber TISS Lernergebnisse Nach positiver Absolvierung der Lehrveranstaltung sind Studierende in der Lage, sowohl dieRead More\" \/>\n<meta property=\"og:url\" content=\"https:\/\/denkmalpflege.tuwien.ac.at\/index.php\/heftig-ws19\/\" \/>\n<meta property=\"og:site_name\" content=\"Denkmalpflege und Bauen im Bestand\" \/>\n<meta property=\"article:modified_time\" content=\"2019-09-10T15:43:04+00:00\" \/>\n<meta name=\"twitter:card\" content=\"summary_large_image\" \/>\n<meta name=\"twitter:label1\" content=\"Gesch\u00e4tzte Lesezeit\" \/>\n\t<meta name=\"twitter:data1\" content=\"1\u00a0Minute\" \/>\n<script type=\"application\/ld+json\" class=\"yoast-schema-graph\">{\"@context\":\"https:\\\/\\\/schema.org\",\"@graph\":[{\"@type\":\"WebPage\",\"@id\":\"https:\\\/\\\/denkmalpflege.tuwien.ac.at\\\/index.php\\\/heftig-ws19\\\/\",\"url\":\"https:\\\/\\\/denkmalpflege.tuwien.ac.at\\\/index.php\\\/heftig-ws19\\\/\",\"name\":\"heftig-ws19 - Denkmalpflege und Bauen im Bestand\",\"isPartOf\":{\"@id\":\"https:\\\/\\\/denkmalpflege.tuwien.ac.at\\\/#website\"},\"primaryImageOfPage\":{\"@id\":\"https:\\\/\\\/denkmalpflege.tuwien.ac.at\\\/index.php\\\/heftig-ws19\\\/#primaryimage\"},\"image\":{\"@id\":\"https:\\\/\\\/denkmalpflege.tuwien.ac.at\\\/index.php\\\/heftig-ws19\\\/#primaryimage\"},\"thumbnailUrl\":\"http:\\\/\\\/denkmalpflege.tuwien.ac.at\\\/wp-content\\\/uploads\\\/2019\\\/09\\\/GE_Stadler_WS19_hover.jpg\",\"datePublished\":\"2019-09-03T20:38:33+00:00\",\"dateModified\":\"2019-09-10T15:43:04+00:00\",\"breadcrumb\":{\"@id\":\"https:\\\/\\\/denkmalpflege.tuwien.ac.at\\\/index.php\\\/heftig-ws19\\\/#breadcrumb\"},\"inLanguage\":\"de\",\"potentialAction\":[{\"@type\":\"ReadAction\",\"target\":[\"https:\\\/\\\/denkmalpflege.tuwien.ac.at\\\/index.php\\\/heftig-ws19\\\/\"]}]},{\"@type\":\"ImageObject\",\"inLanguage\":\"de\",\"@id\":\"https:\\\/\\\/denkmalpflege.tuwien.ac.at\\\/index.php\\\/heftig-ws19\\\/#primaryimage\",\"url\":\"http:\\\/\\\/denkmalpflege.tuwien.ac.at\\\/wp-content\\\/uploads\\\/2019\\\/09\\\/GE_Stadler_WS19_hover.jpg\",\"contentUrl\":\"http:\\\/\\\/denkmalpflege.tuwien.ac.at\\\/wp-content\\\/uploads\\\/2019\\\/09\\\/GE_Stadler_WS19_hover.jpg\"},{\"@type\":\"BreadcrumbList\",\"@id\":\"https:\\\/\\\/denkmalpflege.tuwien.ac.at\\\/index.php\\\/heftig-ws19\\\/#breadcrumb\",\"itemListElement\":[{\"@type\":\"ListItem\",\"position\":1,\"name\":\"Startseite\",\"item\":\"https:\\\/\\\/denkmalpflege.tuwien.ac.at\\\/\"},{\"@type\":\"ListItem\",\"position\":2,\"name\":\"heftig-ws19\"}]},{\"@type\":\"WebSite\",\"@id\":\"https:\\\/\\\/denkmalpflege.tuwien.ac.at\\\/#website\",\"url\":\"https:\\\/\\\/denkmalpflege.tuwien.ac.at\\\/\",\"name\":\"Denkmalpflege und Bauen im Bestand\",\"description\":\"Denkmalpflege TU Wien\",\"publisher\":{\"@id\":\"https:\\\/\\\/denkmalpflege.tuwien.ac.at\\\/#organization\"},\"potentialAction\":[{\"@type\":\"SearchAction\",\"target\":{\"@type\":\"EntryPoint\",\"urlTemplate\":\"https:\\\/\\\/denkmalpflege.tuwien.ac.at\\\/?s={search_term_string}\"},\"query-input\":{\"@type\":\"PropertyValueSpecification\",\"valueRequired\":true,\"valueName\":\"search_term_string\"}}],\"inLanguage\":\"de\"},{\"@type\":\"Organization\",\"@id\":\"https:\\\/\\\/denkmalpflege.tuwien.ac.at\\\/#organization\",\"name\":\"TU Wien Denkmalpflege und Bauen im Bestand\",\"url\":\"https:\\\/\\\/denkmalpflege.tuwien.ac.at\\\/\",\"logo\":{\"@type\":\"ImageObject\",\"inLanguage\":\"de\",\"@id\":\"https:\\\/\\\/denkmalpflege.tuwien.ac.at\\\/#\\\/schema\\\/logo\\\/image\\\/\",\"url\":\"https:\\\/\\\/denkmalpflege.tuwien.ac.at\\\/wp-content\\\/uploads\\\/2019\\\/10\\\/Logo1.png\",\"contentUrl\":\"https:\\\/\\\/denkmalpflege.tuwien.ac.at\\\/wp-content\\\/uploads\\\/2019\\\/10\\\/Logo1.png\",\"width\":222,\"height\":79,\"caption\":\"TU Wien Denkmalpflege und Bauen im Bestand\"},\"image\":{\"@id\":\"https:\\\/\\\/denkmalpflege.tuwien.ac.at\\\/#\\\/schema\\\/logo\\\/image\\\/\"}}]}<\/script>\n<!-- \/ Yoast SEO plugin. -->","yoast_head_json":{"title":"heftig-ws19 - Denkmalpflege und Bauen im Bestand","robots":{"index":"index","follow":"follow","max-snippet":"max-snippet:-1","max-image-preview":"max-image-preview:large","max-video-preview":"max-video-preview:-1"},"canonical":"https:\/\/denkmalpflege.tuwien.ac.at\/index.php\/heftig-ws19\/","og_locale":"de_DE","og_type":"article","og_title":"heftig-ws19 - Denkmalpflege und Bauen im Bestand","og_description":"Gro\u00dfes Entwerfen &#8222;Denkmalpflege und Entwurf&#8220; 251.836 8,0h (10,0 ECTS): Heft-ig &#8211; Domenig \u00fcber dem H\u00fcttenwerk F\u00fcr Masterstudenten Vortragende: Gerhard Stadler, Alexandra Oana Gheta Ro\u0219ca, Johannes Sima Termine 2019 Einf\u00fchrung: Mi 9. Oktober 2019, 14:00 Uhr Termine: Mittwoch, 14:00-16:00 Uhr Seminarraum 257 (Stiege 3, 2. Stock) Exkursion nach H\u00fcttenberg, K\u00e4rnten 21. bis 25. Oktober 2019 Anmeldung \u00fcber TISS Lernergebnisse Nach positiver Absolvierung der Lehrveranstaltung sind Studierende in der Lage, sowohl dieRead More","og_url":"https:\/\/denkmalpflege.tuwien.ac.at\/index.php\/heftig-ws19\/","og_site_name":"Denkmalpflege und Bauen im Bestand","article_modified_time":"2019-09-10T15:43:04+00:00","twitter_card":"summary_large_image","twitter_misc":{"Gesch\u00e4tzte Lesezeit":"1\u00a0Minute"},"schema":{"@context":"https:\/\/schema.org","@graph":[{"@type":"WebPage","@id":"https:\/\/denkmalpflege.tuwien.ac.at\/index.php\/heftig-ws19\/","url":"https:\/\/denkmalpflege.tuwien.ac.at\/index.php\/heftig-ws19\/","name":"heftig-ws19 - Denkmalpflege und Bauen im Bestand","isPartOf":{"@id":"https:\/\/denkmalpflege.tuwien.ac.at\/#website"},"primaryImageOfPage":{"@id":"https:\/\/denkmalpflege.tuwien.ac.at\/index.php\/heftig-ws19\/#primaryimage"},"image":{"@id":"https:\/\/denkmalpflege.tuwien.ac.at\/index.php\/heftig-ws19\/#primaryimage"},"thumbnailUrl":"http:\/\/denkmalpflege.tuwien.ac.at\/wp-content\/uploads\/2019\/09\/GE_Stadler_WS19_hover.jpg","datePublished":"2019-09-03T20:38:33+00:00","dateModified":"2019-09-10T15:43:04+00:00","breadcrumb":{"@id":"https:\/\/denkmalpflege.tuwien.ac.at\/index.php\/heftig-ws19\/#breadcrumb"},"inLanguage":"de","potentialAction":[{"@type":"ReadAction","target":["https:\/\/denkmalpflege.tuwien.ac.at\/index.php\/heftig-ws19\/"]}]},{"@type":"ImageObject","inLanguage":"de","@id":"https:\/\/denkmalpflege.tuwien.ac.at\/index.php\/heftig-ws19\/#primaryimage","url":"http:\/\/denkmalpflege.tuwien.ac.at\/wp-content\/uploads\/2019\/09\/GE_Stadler_WS19_hover.jpg","contentUrl":"http:\/\/denkmalpflege.tuwien.ac.at\/wp-content\/uploads\/2019\/09\/GE_Stadler_WS19_hover.jpg"},{"@type":"BreadcrumbList","@id":"https:\/\/denkmalpflege.tuwien.ac.at\/index.php\/heftig-ws19\/#breadcrumb","itemListElement":[{"@type":"ListItem","position":1,"name":"Startseite","item":"https:\/\/denkmalpflege.tuwien.ac.at\/"},{"@type":"ListItem","position":2,"name":"heftig-ws19"}]},{"@type":"WebSite","@id":"https:\/\/denkmalpflege.tuwien.ac.at\/#website","url":"https:\/\/denkmalpflege.tuwien.ac.at\/","name":"Denkmalpflege und Bauen im Bestand","description":"Denkmalpflege TU Wien","publisher":{"@id":"https:\/\/denkmalpflege.tuwien.ac.at\/#organization"},"potentialAction":[{"@type":"SearchAction","target":{"@type":"EntryPoint","urlTemplate":"https:\/\/denkmalpflege.tuwien.ac.at\/?s={search_term_string}"},"query-input":{"@type":"PropertyValueSpecification","valueRequired":true,"valueName":"search_term_string"}}],"inLanguage":"de"},{"@type":"Organization","@id":"https:\/\/denkmalpflege.tuwien.ac.at\/#organization","name":"TU Wien Denkmalpflege und Bauen im Bestand","url":"https:\/\/denkmalpflege.tuwien.ac.at\/","logo":{"@type":"ImageObject","inLanguage":"de","@id":"https:\/\/denkmalpflege.tuwien.ac.at\/#\/schema\/logo\/image\/","url":"https:\/\/denkmalpflege.tuwien.ac.at\/wp-content\/uploads\/2019\/10\/Logo1.png","contentUrl":"https:\/\/denkmalpflege.tuwien.ac.at\/wp-content\/uploads\/2019\/10\/Logo1.png","width":222,"height":79,"caption":"TU Wien Denkmalpflege und Bauen im Bestand"},"image":{"@id":"https:\/\/denkmalpflege.tuwien.ac.at\/#\/schema\/logo\/image\/"}}]}},"_links":{"self":[{"href":"https:\/\/denkmalpflege.tuwien.ac.at\/index.php\/wp-json\/wp\/v2\/pages\/15030","targetHints":{"allow":["GET"]}}],"collection":[{"href":"https:\/\/denkmalpflege.tuwien.ac.at\/index.php\/wp-json\/wp\/v2\/pages"}],"about":[{"href":"https:\/\/denkmalpflege.tuwien.ac.at\/index.php\/wp-json\/wp\/v2\/types\/page"}],"author":[{"embeddable":true,"href":"https:\/\/denkmalpflege.tuwien.ac.at\/index.php\/wp-json\/wp\/v2\/users\/1"}],"replies":[{"embeddable":true,"href":"https:\/\/denkmalpflege.tuwien.ac.at\/index.php\/wp-json\/wp\/v2\/comments?post=15030"}],"version-history":[{"count":7,"href":"https:\/\/denkmalpflege.tuwien.ac.at\/index.php\/wp-json\/wp\/v2\/pages\/15030\/revisions"}],"predecessor-version":[{"id":15112,"href":"https:\/\/denkmalpflege.tuwien.ac.at\/index.php\/wp-json\/wp\/v2\/pages\/15030\/revisions\/15112"}],"wp:attachment":[{"href":"https:\/\/denkmalpflege.tuwien.ac.at\/index.php\/wp-json\/wp\/v2\/media?parent=15030"}],"curies":[{"name":"wp","href":"https:\/\/api.w.org\/{rel}","templated":true}]}}